{"id":4004,"date":"2025-09-03T12:37:25","date_gmt":"2025-09-03T10:37:25","guid":{"rendered":"https:\/\/strangercam.com\/?page_id=4004"},"modified":"2025-09-03T13:39:32","modified_gmt":"2025-09-03T11:39:32","slug":"videoopkald-til-fremmede","status":"publish","type":"page","link":"https:\/\/strangercam.com\/da\/video-call-strangers\/","title":{"rendered":"Videoopkald til fremmede"},"content":{"rendered":"<p>Har du ledt efter den bedste m\u00e5de at foretage videoopkald til fremmede p\u00e5? Du er ikke alene. Hver m\u00e5ned s\u00f8ger millioner af mennesker efter \u00f8jeblikkelige videoopkaldsplatforme, hvor de kan m\u00f8de tilf\u00e6ldige mennesker, f\u00e5 nye venner, flirte tilf\u00e6ldigt eller bare f\u00e5 tiden til at g\u00e5. I mods\u00e6tning til datingapps eller sociale netv\u00e6rk, som kan f\u00f8les langsomme eller falske, er et videoopkald med fremmede spontant, \u00e6gte og sp\u00e6ndende.<\/p>\n<p>Med platforme som StrangerCam kan du til enhver tid nyde godt af gratis videoopkald med fremmede - ingen tilmeldinger, ingen downloads og ingen skjulte omkostninger. Det er en af de nemmeste og mest underholdende m\u00e5der at komme i kontakt ansigt til ansigt med mennesker fra hele verden.<\/p>\n<p>Denne guide forklarer alt, hvad du har brug for at vide: hvad det vil sige at videoopkalde til fremmede, hvorfor det er s\u00e5 popul\u00e6rt, hvordan det fungerer, hvilke funktioner der er vigtigst, sammenligninger af de bedste platforme, sikkerhedstips, og hvorfor StrangerCam er et af de bedste steder at videoopkalde til fremmede i 2025.<\/p>\n<h2>Hvad betyder \"videoopkald til fremmede\"?<\/h2>\n<p>N\u00e5r du videoopkalder til fremmede, f\u00e5r du \u00f8jeblikkeligt forbindelse til tilf\u00e6ldige mennesker via live webcam og lyd <a href=\"https:\/\/strangercam.com\/da\/chathub\/\">chat<\/a>. I mods\u00e6tning til tekstbaserede platforme sikrer videoopkald, at du taler med en rigtig person i realtid.<\/p>\n<p>Der er ikke brug for konti, profiler eller endel\u00f8s swiping. Du skal bare trykke p\u00e5 en knap, og s\u00e5 st\u00e5r du ansigt til ansigt med en ny person. Hvis chatten ikke er, hvad du leder efter, kan du trykke p\u00e5 N\u00e6ste og g\u00e5 videre til den n\u00e6ste person med det samme.<\/p>\n<h2>Hvorfor folk elsker gratis videoopkald med fremmede<\/h2>\n<p>Populariteten af gratis videoopkald med fremmede er skudt i vejret, fordi det tilbyder noget unikt:<\/p>\n<ul>\n<li>Autenticitet: Video g\u00f8r det umuligt at fake. Du ser og h\u00f8rer den rigtige person med det samme.<\/li>\n<li>Spontanitet: Hver chat er en overraskelse. Du ved aldrig, hvem der er den n\u00e6ste.<\/li>\n<li>Ingen forpligtelse: Ingen tilmeldinger, ingen profiler - bare hurtig, \u00f8jeblikkelig forbindelse.<\/li>\n<li>Global r\u00e6kkevidde: M\u00f8d fremmede over hele verden, 24\/7.<\/li>\n<li>Venskab og flirt: Nogle mennesker bruger det til at f\u00e5 nye venner, andre til at flirte let.<\/li>\n<li>Hurtig underholdning: Perfekt til at kurere kedsomhed eller tilf\u00f8je sp\u00e6nding til din dag.<\/li>\n<\/ul>\n<h2>Hvordan fungerer et videoopkald fra en fremmed?<\/h2>\n<p>Det er hurtigt og enkelt at bruge en fremmed videoopkaldsplatform:<\/p>\n<ol>\n<li>\u00c5bn platformen (desktop- eller mobilbrowser).<\/li>\n<li>Giv adgang til kamera og mikrofon.<\/li>\n<li>Klik p\u00e5 \"Start chat\" for at komme i kontakt med en tilf\u00e6ldig person med det samme.<\/li>\n<li>Tal ansigt til ansigt i realtid.<\/li>\n<li>Klik p\u00e5 \"N\u00e6ste\", hver gang du har lyst til at m\u00f8de en ny.<\/li>\n<\/ol>\n<p>Nogle sider tilbyder ogs\u00e5 funktioner som k\u00f8nsfiltre, valg af land og endda overs\u00e6ttelse i chatten.<\/p>\n<h2>De bedste funktioner at kigge efter<\/h2>\n<p>Ikke alle platforme, der tilbyder videoopkald med fremmede, er din tid v\u00e6rd. Her er, hvad du skal kigge efter:<\/p>\n<h3>1. Virkelig fri adgang<\/h3>\n<p>Undg\u00e5 sider, der h\u00e6vder at v\u00e6re gratis, men som begr\u00e6nser funktioner bag betalingsmure.<\/p>\n<h3>2. Ingen tilmelding n\u00f8dvendig<\/h3>\n<p>Du skal kunne chatte med det samme uden at registrere dig.<\/p>\n<h3>3. Filtre for k\u00f8n og placering<\/h3>\n<p>Nyttigt, hvis du vil m\u00f8de bestemte typer mennesker.<\/p>\n<h3>4. Sikker moderation<\/h3>\n<p>Platforme med rapporteringsv\u00e6rkt\u00f8jer og moderation giver mere sikre milj\u00f8er.<\/p>\n<h3>5. Mobilvenlig oplevelse<\/h3>\n<p>S\u00f8rg for, at platformen fungerer p\u00e5 b\u00e5de smartphones og station\u00e6re computere.<\/p>\n<h3>6. Video og lyd i h\u00f8j kvalitet<\/h3>\n<p>Klare forbindelser g\u00f8r samtaler naturlige og behagelige.<\/p>\n<h2>De bedste platforme til videoopkald til fremmede i 2025<\/h2>\n<p>Her er en sammenligning af de bedste platforme til videoopkald til fremmede:<\/p>\n<table>\n<thead>\n<tr>\n<th>Platform<\/th>\n<th align=\"center\">Fri adgang<\/th>\n<th align=\"center\">K\u00f8nsfilter<\/th>\n<th align=\"center\">Tilmelding n\u00f8dvendig<\/th>\n<th align=\"center\">Mobil support<\/th>\n<th align=\"center\">Moderation<\/th>\n<th>Noter<\/th>\n<\/tr>\n<\/thead>\n<tbody>\n<tr>\n<td>StrangerCam<\/td>\n<td align=\"center\">\u2705<\/td>\n<td align=\"center\">\u2705 (gratis)<\/td>\n<td align=\"center\">\u274c<\/td>\n<td align=\"center\">\u2705<\/td>\n<td align=\"center\">\u2705<\/td>\n<td>Bedste samlede valg, virkelig gratis<\/td>\n<\/tr>\n<tr>\n<td><a href=\"https:\/\/strangercam.com\/da\/chatroulette\/\">Chatroulette<\/a><\/td>\n<td align=\"center\">\u2705<\/td>\n<td align=\"center\">\u274c (Betalt)<\/td>\n<td align=\"center\">\u274c<\/td>\n<td align=\"center\">\u2705<\/td>\n<td align=\"center\">\u2705<\/td>\n<td>Klassisk, men med k\u00f8nsfilter<\/td>\n<\/tr>\n<tr>\n<td>Chatrandom<\/td>\n<td align=\"center\">\u2705<\/td>\n<td align=\"center\">\u274c (Betalt)<\/td>\n<td align=\"center\">\u274c<\/td>\n<td align=\"center\">\u2705<\/td>\n<td align=\"center\">\u2705<\/td>\n<td>Stor brugerbase, men opgraderinger skubbes<\/td>\n<\/tr>\n<tr>\n<td><a href=\"https:\/\/strangercam.com\/da\/ometv\/\">OmeTV<\/a><\/td>\n<td align=\"center\">\u2705<\/td>\n<td align=\"center\">\u274c<\/td>\n<td align=\"center\">\u274c<\/td>\n<td align=\"center\">\u2705<\/td>\n<td align=\"center\">\u2705<\/td>\n<td>Kun tilf\u00e6ldig, mobilapp tilg\u00e6ngelig<\/td>\n<\/tr>\n<tr>\n<td>Shagle<\/td>\n<td align=\"center\">\u2705<\/td>\n<td align=\"center\">\u274c (Betalt)<\/td>\n<td align=\"center\">\u274c<\/td>\n<td align=\"center\">\u2705<\/td>\n<td align=\"center\">\u2705<\/td>\n<td>Gratis chats, premium-funktioner mod betaling<\/td>\n<\/tr>\n<tr>\n<td><a href=\"https:\/\/strangercam.com\/da\/coomeet\/\">CooMeet<\/a><\/td>\n<td align=\"center\">\u274c (Fors\u00f8g)<\/td>\n<td align=\"center\">\u2705<\/td>\n<td align=\"center\">\u2705<\/td>\n<td align=\"center\">\u2705<\/td>\n<td align=\"center\">\u2705<\/td>\n<td>Betalt efter en kort gratis pr\u00f8veperiode<\/td>\n<\/tr>\n<tr>\n<td>LuckyCrush<\/td>\n<td align=\"center\">\u274c<\/td>\n<td align=\"center\">\u2705<\/td>\n<td align=\"center\">\u2705<\/td>\n<td align=\"center\">\u2705<\/td>\n<td align=\"center\">\u2705<\/td>\n<td>Altid betalt, k\u00f8nsbaseret chat<\/td>\n<\/tr>\n<\/tbody>\n<\/table>\n<p>StrangerCam er en af de f\u00e5 platforme, der tilbyder gratis videoopkald med fremmede med et fungerende k\u00f8nsfilter, ingen tilmeldinger og ubegr\u00e6nset brug.<\/p>\n<h2>Hvorfor StrangerCam er det bedste valg<\/h2>\n<p>Her er grunden til, at StrangerCam er den bedste platform til videosamtaler med fremmede i 2025:<\/p>\n<h3>1. 100% Gratis og ubegr\u00e6nset<\/h3>\n<p>Ingen kreditter, ingen begr\u00e6nsninger - bare gratis videoopkald.<\/p>\n<h3>2. Gratis k\u00f8nsfilter<\/h3>\n<p>V\u00e6lg, hvem du vil tale med - fyre, piger eller begge dele - uden at betale.<\/p>\n<h3>3. Ingen tilmelding p\u00e5kr\u00e6vet<\/h3>\n<p>V\u00e6r anonym og opret forbindelse med det samme.<\/p>\n<h3>4. Sikker og modereret<\/h3>\n<p>Aktiv moderation og rapporteringsv\u00e6rkt\u00f8jer holder f\u00e6llesskabet venligt.<\/p>\n<h3>5. Global brugerbase<\/h3>\n<p>M\u00f8d fremmede fra over 100 lande n\u00e5r som helst.<\/p>\n<h3>6. Fungerer p\u00e5 alle enheder<\/h3>\n<p>Optimeret til b\u00e5de mobil og desktop.<\/p>\n<h2>\u00c6gte brugerudtalelser<\/h2>\n<blockquote><p><em>\"Jeg ville have et sted, hvor jeg kunne videoopkalde til fremmede uden at blive snydt. StrangerCam var den f\u00f8rste platform, der faktisk var gratis.\"<\/em><br \/>\n- Josh, 27 \u00e5r<\/p><\/blockquote>\n<blockquote><p><em>\"Jeg elsker, at jeg ikke beh\u00f8ver at tilmelde mig. Jeg klikker bare p\u00e5 start, og s\u00e5 er jeg i kontakt med rigtige mennesker.\"<\/em><br \/>\n- Isabella, 22 \u00e5r<\/p><\/blockquote>\n<blockquote><p><em>\"K\u00f8nsfilteret virker faktisk, uden at man skal betale ekstra. Endelig en side, der holder, hvad den lover.\"<\/em><br \/>\n- Liam, 29 \u00e5r<\/p><\/blockquote>\n<blockquote><p><em>\"Hurtigt, nemt og sjovt. Jeg har m\u00f8dt mennesker fra hele verden p\u00e5 en enkelt aften.\"<\/em><br \/>\n- Sofia, 24<\/p><\/blockquote>\n<h2>Sikkerhedstips til videosamtaler med fremmede<\/h2>\n<p>Selvom fremmede videoopkald er sjove, b\u00f8r man altid v\u00e6re p\u00e5 den sikre side:<\/p>\n<ul>\n<li>Del ikke personlige oplysninger som navn, adresse eller telefonnummer.<\/li>\n<li>Undg\u00e5 at klikke p\u00e5 links fra fremmede.<\/li>\n<li>Brug knappen \"N\u00e6ste\", hvis chatten f\u00f8les ubehagelig.<\/li>\n<li>Tjek din baggrund, f\u00f8r du t\u00e6nder for dit webcam.<\/li>\n<li>Hold dig til platformens sikkerhedsv\u00e6rkt\u00f8jer (blok\u00e9r\/rapporter).<\/li>\n<li>Respekter aldersgr\u00e6nser - brug ikke voksenplatforme, hvis du er under 18 \u00e5r.<\/li>\n<\/ul>\n<h2>S\u00e5dan kommer du i gang - trin for trin<\/h2>\n<p>Det tager mindre end et minut at starte et videoopkald med fremmede:<\/p>\n<ol>\n<li>\u00c5bn StrangerCam i din browser eller p\u00e5 mobilen.<\/li>\n<li>Tillad adgang til webkamera og mikrofon.<\/li>\n<li>V\u00e6lg pr\u00e6ferencer (f.eks. k\u00f8nsfiltre).<\/li>\n<li>Klik p\u00e5 Start chat for at oprette forbindelse med det samme.<\/li>\n<li>Tryk p\u00e5 N\u00e6ste n\u00e5r som helst for at m\u00f8de en ny.<\/li>\n<\/ol>\n<p>Det er det - hurtigt, enkelt og gratis.<\/p>\n<h2>Afsluttende tanker - pr\u00f8v gratis videoopkald med fremmede i dag<\/h2>\n<p>I 2025 er en af de nemmeste m\u00e5der at m\u00f8de nye mennesker p\u00e5 at foretage videoopkald til fremmede online. Det er spontant, sp\u00e6ndende og giver dig virkelige forbindelser med det samme.<\/p>\n<p>Men ikke alle platforme leverer varen. Mange sider skjuler vigtige funktioner bag betalingsmure eller fylder deres chats med bots. Derfor er StrangerCam den bedste l\u00f8sning: Den er gratis, sikker, anonym og fuld af mennesker fra hele verden, der er klar til at komme i kontakt med hinanden.<\/p>\n<p>Er du klar til at m\u00f8de en ny? Start et gratis videoopkald med fremmede i dag, og se, hvem du m\u00f8der n\u00e6ste gang.<\/p>","protected":false},"excerpt":{"rendered":"<p>Have you been looking for the best way to video call strangers? You\u2019re not alone. Every month, millions of people search for instant video call platforms where they can meet random people, make new friends, flirt casually, or simply pass the time. Unlike dating apps or social networks, which can feel slow or fake, a [&hellip;]<\/p>\n","protected":false},"author":8,"featured_media":0,"parent":0,"menu_order":0,"comment_status":"closed","ping_status":"closed","template":"","meta":{"footnotes":""},"class_list":["post-4004","page","type-page","status-publish","hentry"],"yoast_head":"<!-- This site is optimized with the Yoast SEO plugin v27.4 - https:\/\/yoast.com\/product\/yoast-seo-wordpress\/ -->\n<title>Video Call Strangers on Strangercam.com<\/title>\n<meta name=\"description\" content=\"Liking Video Call Strangers? Join millions on StrangerCam.com! Start a random video chat, turn on your cam, and meet strangers instantly.\" \/>\n<meta name=\"robots\" content=\"index, follow, max-snippet:-1, max-image-preview:large, max-video-preview:-1\" \/>\n<link rel=\"canonical\" href=\"https:\/\/strangercam.com\/da\/videoopkald-til-fremmede\/\" \/>\n<meta property=\"og:locale\" content=\"da_DK\" \/>\n<meta property=\"og:type\" content=\"article\" \/>\n<meta property=\"og:title\" content=\"Video Call Strangers on Strangercam.com\" \/>\n<meta property=\"og:description\" content=\"Liking Video Call Strangers? Join millions on StrangerCam.com! Start a random video chat, turn on your cam, and meet strangers instantly.\" \/>\n<meta property=\"og:url\" content=\"https:\/\/strangercam.com\/da\/videoopkald-til-fremmede\/\" \/>\n<meta property=\"og:site_name\" content=\"Strangercam\" \/>\n<meta property=\"article:publisher\" content=\"https:\/\/www.facebook.com\/strangercam\" \/>\n<meta property=\"article:modified_time\" content=\"2025-09-03T11:39:32+00:00\" \/>\n<meta property=\"og:image\" content=\"https:\/\/strangercam.com\/wp-content\/uploads\/2021\/10\/Untitled-2.png\" \/>\n\t<meta property=\"og:image:width\" content=\"800\" \/>\n\t<meta property=\"og:image:height\" content=\"532\" \/>\n\t<meta property=\"og:image:type\" content=\"image\/png\" \/>\n<meta name=\"twitter:card\" content=\"summary_large_image\" \/>\n<meta name=\"twitter:site\" content=\"@strangercamapp\" \/>\n<meta name=\"twitter:label1\" content=\"Estimeret l\u00e6setid\" \/>\n\t<meta name=\"twitter:data1\" content=\"5 minutter\" \/>\n<script type=\"application\/ld+json\" class=\"yoast-schema-graph\">{\"@context\":\"https:\\\/\\\/schema.org\",\"@graph\":[{\"@type\":\"WebPage\",\"@id\":\"https:\\\/\\\/strangercam.com\\\/video-call-strangers\\\/\",\"url\":\"https:\\\/\\\/strangercam.com\\\/video-call-strangers\\\/\",\"name\":\"Video Call Strangers on Strangercam.com\",\"isPartOf\":{\"@id\":\"https:\\\/\\\/strangercam.com\\\/#website\"},\"datePublished\":\"2025-09-03T10:37:25+00:00\",\"dateModified\":\"2025-09-03T11:39:32+00:00\",\"description\":\"Liking Video Call Strangers? Join millions on StrangerCam.com! Start a random video chat, turn on your cam, and meet strangers instantly.\",\"breadcrumb\":{\"@id\":\"https:\\\/\\\/strangercam.com\\\/video-call-strangers\\\/#breadcrumb\"},\"inLanguage\":\"da-DK\",\"potentialAction\":[{\"@type\":\"ReadAction\",\"target\":[\"https:\\\/\\\/strangercam.com\\\/video-call-strangers\\\/\"]}]},{\"@type\":\"BreadcrumbList\",\"@id\":\"https:\\\/\\\/strangercam.com\\\/video-call-strangers\\\/#breadcrumb\",\"itemListElement\":[{\"@type\":\"ListItem\",\"position\":1,\"name\":\"Home\",\"item\":\"https:\\\/\\\/strangercam.com\\\/\"},{\"@type\":\"ListItem\",\"position\":2,\"name\":\"Video Call Strangers\"}]},{\"@type\":\"WebSite\",\"@id\":\"https:\\\/\\\/strangercam.com\\\/#website\",\"url\":\"https:\\\/\\\/strangercam.com\\\/\",\"name\":\"Strangercam\",\"description\":\"Random Video Chat with Strangers\",\"publisher\":{\"@id\":\"https:\\\/\\\/strangercam.com\\\/#organization\"},\"alternateName\":\"Strangercam.com\",\"potentialAction\":[{\"@type\":\"SearchAction\",\"target\":{\"@type\":\"EntryPoint\",\"urlTemplate\":\"https:\\\/\\\/strangercam.com\\\/?s={search_term_string}\"},\"query-input\":{\"@type\":\"PropertyValueSpecification\",\"valueRequired\":true,\"valueName\":\"search_term_string\"}}],\"inLanguage\":\"da-DK\"},{\"@type\":\"Organization\",\"@id\":\"https:\\\/\\\/strangercam.com\\\/#organization\",\"name\":\"Strangercam\",\"alternateName\":\"Strangercam.com\",\"url\":\"https:\\\/\\\/strangercam.com\\\/\",\"logo\":{\"@type\":\"ImageObject\",\"inLanguage\":\"da-DK\",\"@id\":\"https:\\\/\\\/strangercam.com\\\/#\\\/schema\\\/logo\\\/image\\\/\",\"url\":\"https:\\\/\\\/strangercam.com\\\/wp-content\\\/uploads\\\/2020\\\/11\\\/cropped-new-favicon-black.png\",\"contentUrl\":\"https:\\\/\\\/strangercam.com\\\/wp-content\\\/uploads\\\/2020\\\/11\\\/cropped-new-favicon-black.png\",\"width\":512,\"height\":512,\"caption\":\"Strangercam\"},\"image\":{\"@id\":\"https:\\\/\\\/strangercam.com\\\/#\\\/schema\\\/logo\\\/image\\\/\"},\"sameAs\":[\"https:\\\/\\\/www.facebook.com\\\/strangercam\",\"https:\\\/\\\/x.com\\\/strangercamapp\"]}]}<\/script>\n<!-- \/ Yoast SEO plugin. -->","yoast_head_json":{"title":"Videoopkald til fremmede p\u00e5 Strangercam.com","description":"Kan du lide videoopkald til fremmede? Join millioner p\u00e5 StrangerCam.com! Start en tilf\u00e6ldig videochat, t\u00e6nd for dit kamera, og m\u00f8d fremmede med det samme.","robots":{"index":"index","follow":"follow","max-snippet":"max-snippet:-1","max-image-preview":"max-image-preview:large","max-video-preview":"max-video-preview:-1"},"canonical":"https:\/\/strangercam.com\/da\/videoopkald-til-fremmede\/","og_locale":"da_DK","og_type":"article","og_title":"Video Call Strangers on Strangercam.com","og_description":"Liking Video Call Strangers? Join millions on StrangerCam.com! Start a random video chat, turn on your cam, and meet strangers instantly.","og_url":"https:\/\/strangercam.com\/da\/videoopkald-til-fremmede\/","og_site_name":"Strangercam","article_publisher":"https:\/\/www.facebook.com\/strangercam","article_modified_time":"2025-09-03T11:39:32+00:00","og_image":[{"width":800,"height":532,"url":"https:\/\/strangercam.com\/wp-content\/uploads\/2021\/10\/Untitled-2.png","type":"image\/png"}],"twitter_card":"summary_large_image","twitter_site":"@strangercamapp","twitter_misc":{"Estimeret l\u00e6setid":"5 minutter"},"schema":{"@context":"https:\/\/schema.org","@graph":[{"@type":"WebPage","@id":"https:\/\/strangercam.com\/video-call-strangers\/","url":"https:\/\/strangercam.com\/video-call-strangers\/","name":"Videoopkald til fremmede p\u00e5 Strangercam.com","isPartOf":{"@id":"https:\/\/strangercam.com\/#website"},"datePublished":"2025-09-03T10:37:25+00:00","dateModified":"2025-09-03T11:39:32+00:00","description":"Kan du lide videoopkald til fremmede? Join millioner p\u00e5 StrangerCam.com! Start en tilf\u00e6ldig videochat, t\u00e6nd for dit kamera, og m\u00f8d fremmede med det samme.","breadcrumb":{"@id":"https:\/\/strangercam.com\/video-call-strangers\/#breadcrumb"},"inLanguage":"da-DK","potentialAction":[{"@type":"ReadAction","target":["https:\/\/strangercam.com\/video-call-strangers\/"]}]},{"@type":"BreadcrumbList","@id":"https:\/\/strangercam.com\/video-call-strangers\/#breadcrumb","itemListElement":[{"@type":"ListItem","position":1,"name":"Home","item":"https:\/\/strangercam.com\/"},{"@type":"ListItem","position":2,"name":"Video Call Strangers"}]},{"@type":"WebSite","@id":"https:\/\/strangercam.com\/#website","url":"https:\/\/strangercam.com\/","name":"Strangercam","description":"Tilf\u00e6ldig videochat med fremmede","publisher":{"@id":"https:\/\/strangercam.com\/#organization"},"alternateName":"Strangercam.com","potentialAction":[{"@type":"SearchAction","target":{"@type":"EntryPoint","urlTemplate":"https:\/\/strangercam.com\/?s={search_term_string}"},"query-input":{"@type":"PropertyValueSpecification","valueRequired":true,"valueName":"search_term_string"}}],"inLanguage":"da-DK"},{"@type":"Organization","@id":"https:\/\/strangercam.com\/#organization","name":"Strangercam","alternateName":"Strangercam.com","url":"https:\/\/strangercam.com\/","logo":{"@type":"ImageObject","inLanguage":"da-DK","@id":"https:\/\/strangercam.com\/#\/schema\/logo\/image\/","url":"https:\/\/strangercam.com\/wp-content\/uploads\/2020\/11\/cropped-new-favicon-black.png","contentUrl":"https:\/\/strangercam.com\/wp-content\/uploads\/2020\/11\/cropped-new-favicon-black.png","width":512,"height":512,"caption":"Strangercam"},"image":{"@id":"https:\/\/strangercam.com\/#\/schema\/logo\/image\/"},"sameAs":["https:\/\/www.facebook.com\/strangercam","https:\/\/x.com\/strangercamapp"]}]}},"_links":{"self":[{"href":"https:\/\/strangercam.com\/da\/wp-json\/wp\/v2\/pages\/4004","targetHints":{"allow":["GET"]}}],"collection":[{"href":"https:\/\/strangercam.com\/da\/wp-json\/wp\/v2\/pages"}],"about":[{"href":"https:\/\/strangercam.com\/da\/wp-json\/wp\/v2\/types\/page"}],"author":[{"embeddable":true,"href":"https:\/\/strangercam.com\/da\/wp-json\/wp\/v2\/users\/8"}],"replies":[{"embeddable":true,"href":"https:\/\/strangercam.com\/da\/wp-json\/wp\/v2\/comments?post=4004"}],"version-history":[{"count":2,"href":"https:\/\/strangercam.com\/da\/wp-json\/wp\/v2\/pages\/4004\/revisions"}],"predecessor-version":[{"id":12995,"href":"https:\/\/strangercam.com\/da\/wp-json\/wp\/v2\/pages\/4004\/revisions\/12995"}],"wp:attachment":[{"href":"https:\/\/strangercam.com\/da\/wp-json\/wp\/v2\/media?parent=4004"}],"curies":[{"name":"wp","href":"https:\/\/api.w.org\/{rel}","templated":true}]}}