{"id":3970,"date":"2025-08-28T17:31:39","date_gmt":"2025-08-28T15:31:39","guid":{"rendered":"https:\/\/strangercam.com\/?page_id=3970"},"modified":"2025-09-03T13:32:00","modified_gmt":"2025-09-03T11:32:00","slug":"tilfaeldig-webcam-chat","status":"publish","type":"page","link":"https:\/\/strangercam.com\/da\/tilfaeldig-webcam-chat\/","title":{"rendered":"Tilf\u00e6ldig webcam-chat"},"content":{"rendered":"<p>P\u00e5 udkig efter sp\u00e6ndingen ved et tilf\u00e6ldigt webcam <a href=\"https:\/\/strangercam.com\/da\/chathub\/\">chat<\/a>? Du er ikke alene. Siden de tidlige dage af <a href=\"https:\/\/strangercam.com\/da\/omegle\/\">Omegle<\/a> og <a href=\"https:\/\/strangercam.com\/da\/chatroulette\/\">Chatroulette<\/a>, I dag har millioner af mennesker opdaget, hvor sjovt det er at v\u00e6re i kontakt med fremmede ansigt til ansigt med et enkelt klik p\u00e5 en knap. I mods\u00e6tning til sociale medier eller dating-apps, hvor samtaler f\u00f8les planlagte eller langsomme, er tilf\u00e6ldig webcam-chat \u00f8jeblikkelig, spontan og \u00e6gte.<\/p>\n<p>I 2025 g\u00f8r platforme som StrangerCam det nemmere end nogensinde at nyde gratis tilf\u00e6ldig webcamchat - uden downloads, uden tilmeldinger og uden skjulte omkostninger. Uanset om du er her for at m\u00f8de nye venner, flirte, dele kulturer eller bare slippe for kedsomhed, er webcamchat med fremmede en af de mest sp\u00e6ndende m\u00e5der at komme i kontakt med andre p\u00e5 nettet.<\/p>\n<p>Denne guide forklarer alt, hvad du har brug for at vide: hvordan tilf\u00e6ldig webcamchat fungerer, hvorfor folk elsker det, hvilke funktioner du skal kigge efter, sammenligninger af de bedste platforme, sikkerhedstips, og hvorfor StrangerCam er et af de bedste valg i dag.<\/p>\n<h2>Hvad er tilf\u00e6ldig webcam-chat?<\/h2>\n<p>Tilf\u00e6ldig webcam-chat er en en-til-en live videooplevelse, der forbinder dig \u00f8jeblikkeligt med fremmede over hele verden ved hj\u00e6lp af dit webcam og din mikrofon. I mods\u00e6tning til tekstchatrooms giver webcam-chat dig interaktion ansigt til ansigt i realtid.<\/p>\n<p>Processen er designet til at v\u00e6re hurtig og nem: Bare tryk p\u00e5 \"Start\", og inden for f\u00e5 sekunder er du matchet med en ny person. Hvis du ikke kan lide samtalen, kan du trykke p\u00e5 \"N\u00e6ste\" for at komme videre. Hver chat er unik - nogle gange sjov, nogle gange flirtende, nogle gange overraskende.<\/p>\n<h2>Hvorfor folk elsker gratis tilf\u00e6ldig webcam-chat<\/h2>\n<p>Appellen til gratis tilf\u00e6ldig webcamchat vokser hurtigt, og her er hvorfor:<\/p>\n<ul>\n<li>Spontan sjov - Du ved aldrig, hvem du m\u00f8der n\u00e6ste gang.<\/li>\n<li>Autenticitet - Video viser, at du taler med en rigtig person, ikke en bot eller en falsk profil.<\/li>\n<li>Ingen tilmeldinger eller forpligtelser - Mange platforme kr\u00e6ver ikke konti. Bare klik og chat.<\/li>\n<li>Global Connections - M\u00f8d mennesker fra hele verden p\u00e5 f\u00e5 sekunder.<\/li>\n<li>Variation - Hver chat er forskellig: afslappet, kulturel eller endda flirtende.<\/li>\n<li>Afstresning og underholdning - En perfekt m\u00e5de at slappe af p\u00e5 og komme kedsomheden til livs.<\/li>\n<\/ul>\n<h2>Hvordan fungerer tilf\u00e6ldig webcam-chat?<\/h2>\n<p>Det er utroligt enkelt at starte en tilf\u00e6ldig webcam-chat:<\/p>\n<ol>\n<li>\u00c5bn platformen p\u00e5 din computer eller mobile enhed.<\/li>\n<li>Giv adgang til kamera og mikrofon.<\/li>\n<li>Klik p\u00e5 \"Start chat\". Du bliver straks sat i forbindelse med en fremmed.<\/li>\n<li>Tal live ansigt til ansigt.<\/li>\n<li>Klik p\u00e5 \"N\u00e6ste\", hver gang du har lyst til at m\u00f8de en ny.<\/li>\n<\/ol>\n<p>Hele processen tager mindre end et minut, hvilket g\u00f8r det til en af de nemmeste m\u00e5der at m\u00f8de nye mennesker p\u00e5 online.<\/p>\n<h2>De bedste funktioner at kigge efter<\/h2>\n<p>Ikke alle webcam-chatplatforme er ens. For at f\u00e5 den bedste oplevelse skal du kigge efter disse n\u00f8glefunktioner:<\/p>\n<h3>1. Virkelig fri adgang<\/h3>\n<p>Undg\u00e5 sider, der h\u00e6vder at v\u00e6re gratis, men som hurtigt skubber dig ind i betalingsmure.<\/p>\n<h3>2. Ingen tilmelding n\u00f8dvendig<\/h3>\n<p>Det skal ikke v\u00e6re n\u00f8dvendigt at registrere sig eller udlevere personlige oplysninger bare for at begynde at chatte.<\/p>\n<h3>3. Filtre for k\u00f8n og placering<\/h3>\n<p>V\u00e6lg at chatte med bestemte typer mennesker, f.eks. kun piger eller folk fra bestemte lande.<\/p>\n<h3>4. St\u00e6rke moderations- og rapporteringsv\u00e6rkt\u00f8jer<\/h3>\n<p>De holder milj\u00f8et sikkert ved at fjerne voldelige brugere og bots.<\/p>\n<h3>5. Mobil kompatibilitet<\/h3>\n<p>En god platform skal fungere problemfrit p\u00e5 telefoner, tablets og computere.<\/p>\n<h3>6. Video og lyd i h\u00f8j kvalitet<\/h3>\n<p>Klare, p\u00e5lidelige forbindelser g\u00f8r samtaler mere naturlige og sjove.<\/p>\n<h2>Bedste tilf\u00e6ldige webcam-chatplatforme i 2025<\/h2>\n<p>Her er, hvordan de bedste muligheder sammenlignes for brugere, der leder efter tilf\u00e6ldig webcamchat:<\/p>\n<table>\n<thead>\n<tr>\n<th>Platform<\/th>\n<th align=\"center\">Fri adgang<\/th>\n<th align=\"center\">K\u00f8nsfilter<\/th>\n<th align=\"center\">Tilmelding n\u00f8dvendig<\/th>\n<th align=\"center\">Mobil support<\/th>\n<th align=\"center\">Moderation<\/th>\n<th>Noter<\/th>\n<\/tr>\n<\/thead>\n<tbody>\n<tr>\n<td>StrangerCam<\/td>\n<td align=\"center\">\u2705<\/td>\n<td align=\"center\">\u2705 (gratis)<\/td>\n<td align=\"center\">\u274c<\/td>\n<td align=\"center\">\u2705<\/td>\n<td align=\"center\">\u2705<\/td>\n<td>Bedste allround-valg, virkelig gratis<\/td>\n<\/tr>\n<tr>\n<td>Chatroulette<\/td>\n<td align=\"center\">\u2705<\/td>\n<td align=\"center\">\u274c (Betalt)<\/td>\n<td align=\"center\">\u274c<\/td>\n<td align=\"center\">\u2705<\/td>\n<td align=\"center\">\u2705<\/td>\n<td>Klassisk, men med betalte filtre<\/td>\n<\/tr>\n<tr>\n<td>Chatrandom<\/td>\n<td align=\"center\">\u2705<\/td>\n<td align=\"center\">\u274c (Betalt)<\/td>\n<td align=\"center\">\u274c<\/td>\n<td align=\"center\">\u2705<\/td>\n<td align=\"center\">\u2705<\/td>\n<td>Popul\u00e6r, men opgraderinger skubbes<\/td>\n<\/tr>\n<tr>\n<td><a href=\"https:\/\/strangercam.com\/da\/ometv\/\">OmeTV<\/a><\/td>\n<td align=\"center\">\u2705<\/td>\n<td align=\"center\">\u274c<\/td>\n<td align=\"center\">\u274c<\/td>\n<td align=\"center\">\u2705<\/td>\n<td align=\"center\">\u2705<\/td>\n<td>Mobilapp, kun tilf\u00e6ldig matchning<\/td>\n<\/tr>\n<tr>\n<td>Shagle<\/td>\n<td align=\"center\">\u2705<\/td>\n<td align=\"center\">\u274c (Betalt)<\/td>\n<td align=\"center\">\u274c<\/td>\n<td align=\"center\">\u2705<\/td>\n<td align=\"center\">\u2705<\/td>\n<td>Mange funktioner er l\u00e5st i premium<\/td>\n<\/tr>\n<tr>\n<td><a href=\"https:\/\/strangercam.com\/da\/coomeet\/\">CooMeet<\/a><\/td>\n<td align=\"center\">\u274c (Fors\u00f8g)<\/td>\n<td align=\"center\">\u2705<\/td>\n<td align=\"center\">\u2705<\/td>\n<td align=\"center\">\u2705<\/td>\n<td align=\"center\">\u2705<\/td>\n<td>Betalt efter begr\u00e6nset gratis pr\u00f8veperiode<\/td>\n<\/tr>\n<tr>\n<td>LuckyCrush<\/td>\n<td align=\"center\">\u274c<\/td>\n<td align=\"center\">\u2705<\/td>\n<td align=\"center\">\u2705<\/td>\n<td align=\"center\">\u2705<\/td>\n<td align=\"center\">\u2705<\/td>\n<td>Altid betalt, k\u00f8nsspecifik matchning<\/td>\n<\/tr>\n<\/tbody>\n<\/table>\n<p>StrangerCam skiller sig ud som en af de eneste platforme, der tilbyder gratis tilf\u00e6ldig webcamchat med fungerende k\u00f8nsfiltre, ingen registrering og ubegr\u00e6nset adgang.<\/p>\n<h2>Hvorfor StrangerCam er det bedste sted til tilf\u00e6ldig webcam-chat<\/h2>\n<p>Her er grunden til, at StrangerCam er det bedste valg til webcamchat i 2025:<\/p>\n<h3>1. Helt gratis<\/h3>\n<p>Ubegr\u00e6nset chat med fremmede, ingen skjulte gebyrer.<\/p>\n<h3>2. Gratis k\u00f8nsfilter<\/h3>\n<p>V\u00e6lg fyre, piger eller begge dele - uden betalingsmure.<\/p>\n<h3>3. Ingen tilmelding p\u00e5kr\u00e6vet<\/h3>\n<p>Hop direkte ind i chatten med total anonymitet.<\/p>\n<h3>4. Sikker og modereret<\/h3>\n<p>Robuste rapporteringsv\u00e6rkt\u00f8jer og moderationssystemer holder pladsen ren og venlig.<\/p>\n<h3>5. Det globale samfund<\/h3>\n<p>Fremmede fra over 100 lande online 24\/7.<\/p>\n<h3>6. Mobilvenligt design<\/h3>\n<p>Optimeret til alle enheder - chat n\u00e5r som helst, hvor som helst.<\/p>\n<h2>\u00c6gte brugerudtalelser<\/h2>\n<blockquote><p><em>\"Tilf\u00e6ldig webcam-chat er min foretrukne m\u00e5de at slappe af p\u00e5 efter arbejde. StrangerCam g\u00f8r det s\u00e5 nemt - ingen tilmeldinger, intet pjat, bare gratis chats.\"<\/em><br \/>\n- Michael, 29 \u00e5r<\/p><\/blockquote>\n<blockquote><p><em>\"K\u00f8nsfilteret fungerer faktisk gratis, hvilket er sj\u00e6ldent. Jeg har haft nogle gode samtaler med piger over hele verden.\"<\/em><br \/>\n- Emma, 23 \u00e5r<\/p><\/blockquote>\n<blockquote><p><em>\"Det er s\u00e5 sjovt. Det ene \u00f8jeblik chatter jeg med en fra Italien, det n\u00e6ste med en fra Canada. Man ved aldrig, hvad man kan forvente.\"<\/em><br \/>\n- David, 26 \u00e5r<\/p><\/blockquote>\n<blockquote><p><em>\"Jeg pr\u00f8vede andre sider, men de fleste bad mig om at betale. StrangerCam er den eneste, der holdt sit l\u00f8fte om gratis, tilf\u00e6ldig webcamchat.\"<\/em><br \/>\n- Sophia, 20 \u00e5r<\/p><\/blockquote>\n<h2>Sikkerhedstips til tilf\u00e6ldig webcam-chat<\/h2>\n<p>Selv om webcam-chat er sjovt, b\u00f8r man altid v\u00e6re p\u00e5 den sikre side:<\/p>\n<ul>\n<li>Del ikke personlige oplysninger som din telefon, e-mail eller hjemmeadresse.<\/li>\n<li>Spring over eller bloker alle, der g\u00f8r dig utilpas.<\/li>\n<li>Klik aldrig p\u00e5 links, som fremmede deler.<\/li>\n<li>Brug en neutral baggrund for at undg\u00e5 at afsl\u00f8re private detaljer.<\/li>\n<li>F\u00f8lg aldersreglerne - hvis du er under 18, skal du undg\u00e5 chatsider for voksne.<\/li>\n<li>Hold dig til platformens v\u00e6rkt\u00f8jer til at rapportere eller blokere d\u00e5rlige brugere.<\/li>\n<\/ul>\n<h2>S\u00e5dan kommer du i gang - trin for trin<\/h2>\n<p>Det tager kun f\u00e5 sekunder at starte en tilf\u00e6ldig webcam-chat:<\/p>\n<ol>\n<li>\u00c5bn StrangerCam i din browser.<\/li>\n<li>Tillad adgang til webkamera og mikrofon.<\/li>\n<li>V\u00e6lg pr\u00e6ferencer (f.eks. k\u00f8nsfilter).<\/li>\n<li>Klik p\u00e5 Start chat for at oprette forbindelse med det samme.<\/li>\n<li>Klik p\u00e5 N\u00e6ste n\u00e5r som helst for at m\u00f8de en ny.<\/li>\n<\/ol>\n<p>Det er det - hurtigt, enkelt og helt gratis.<\/p>\n<h2>Ofte stillede sp\u00f8rgsm\u00e5l<\/h2>\n<h3>Er tilf\u00e6ldig webcam-chat gratis?<\/h3>\n<p>Ja, StrangerCam tilbyder ubegr\u00e6nset gratis webcam-chat med fremmede.<\/p>\n<h3>Skal jeg tilmelde mig?<\/h3>\n<p>Nej, StrangerCam kr\u00e6ver ingen registrering.<\/p>\n<h3>Er menneskene virkelige?<\/h3>\n<p>Ja, det er det. Webcam-chat sikrer, at du er forbundet med rigtige mennesker, ikke bots.<\/p>\n<h3>Kan jeg bruge den p\u00e5 min telefon?<\/h3>\n<p>Ja, StrangerCam er mobilvenligt og fungerer p\u00e5 alle enheder.<\/p>\n<h3>Er det sikkert?<\/h3>\n<p>Ja, s\u00e5 l\u00e6nge du f\u00f8lger sikkerhedstips og bruger platformens rapporteringsv\u00e6rkt\u00f8jer.<\/p>\n<h2>Afsluttende tanker - Pr\u00f8v gratis tilf\u00e6ldig webcamchat i dag<\/h2>\n<p>I 2025 er tilf\u00e6ldig webcamchat stadig en af de mest sp\u00e6ndende m\u00e5der at m\u00f8de nye mennesker p\u00e5 online. Det er gratis, spontant og giver dig mulighed for at opleve autentisk menneskelig interaktion i realtid.<\/p>\n<p>Men det er ikke alle platforme, der leverer varen - mange skjuler filtre bag betalingsmure eller oversv\u00f8mmer deres chats med bots. Derfor er StrangerCam det bedste valg: Det er gratis, anonymt, sikkert og altid fyldt med mennesker, der er klar til at komme i kontakt.<\/p>\n<p>Er du klar til at pr\u00f8ve det? Start en gratis tilf\u00e6ldig webcamchat i dag, og se, hvem du m\u00f8der n\u00e6ste gang.<\/p>","protected":false},"excerpt":{"rendered":"<p>Looking for the thrill of a random webcam chat? You\u2019re not alone. Since the early days of Omegle and Chatroulette, millions of people have discovered the fun of connecting face-to-face with strangers at the click of a button. Unlike social media or dating apps, where conversations feel planned or slow, random webcam chat is instant, [&hellip;]<\/p>\n","protected":false},"author":8,"featured_media":0,"parent":0,"menu_order":0,"comment_status":"closed","ping_status":"closed","template":"","meta":{"footnotes":""},"class_list":["post-3970","page","type-page","status-publish","hentry"],"yoast_head":"<!-- This site is optimized with the Yoast SEO plugin v26.9 - https:\/\/yoast.com\/product\/yoast-seo-wordpress\/ -->\n<title>Random Webcam Chat with Random Chat on Strangercam.com<\/title>\n<meta name=\"description\" content=\"Liking Random Webcam Chat? Join millions on StrangerCam.com! Start a random video chat, turn on your cam, and meet strangers instantly.\" \/>\n<meta name=\"robots\" content=\"index, follow, max-snippet:-1, max-image-preview:large, max-video-preview:-1\" \/>\n<link rel=\"canonical\" href=\"https:\/\/strangercam.com\/da\/tilfaeldig-webcam-chat\/\" \/>\n<meta property=\"og:locale\" content=\"da_DK\" \/>\n<meta property=\"og:type\" content=\"article\" \/>\n<meta property=\"og:title\" content=\"Random Webcam Chat with Random Chat on Strangercam.com\" \/>\n<meta property=\"og:description\" content=\"Liking Random Webcam Chat? Join millions on StrangerCam.com! Start a random video chat, turn on your cam, and meet strangers instantly.\" \/>\n<meta property=\"og:url\" content=\"https:\/\/strangercam.com\/da\/tilfaeldig-webcam-chat\/\" \/>\n<meta property=\"og:site_name\" content=\"Strangercam\" \/>\n<meta property=\"article:publisher\" content=\"https:\/\/www.facebook.com\/strangercam\" \/>\n<meta property=\"article:modified_time\" content=\"2025-09-03T11:32:00+00:00\" \/>\n<meta property=\"og:image\" content=\"https:\/\/strangercam.com\/wp-content\/uploads\/2021\/10\/Untitled-2.png\" \/>\n\t<meta property=\"og:image:width\" content=\"800\" \/>\n\t<meta property=\"og:image:height\" content=\"532\" \/>\n\t<meta property=\"og:image:type\" content=\"image\/png\" \/>\n<meta name=\"twitter:card\" content=\"summary_large_image\" \/>\n<meta name=\"twitter:site\" content=\"@strangercamapp\" \/>\n<meta name=\"twitter:label1\" content=\"Estimeret l\u00e6setid\" \/>\n\t<meta name=\"twitter:data1\" content=\"5 minutter\" \/>\n<script type=\"application\/ld+json\" class=\"yoast-schema-graph\">{\"@context\":\"https:\/\/schema.org\",\"@graph\":[{\"@type\":\"WebPage\",\"@id\":\"https:\/\/strangercam.com\/random-webcam-chat\/\",\"url\":\"https:\/\/strangercam.com\/random-webcam-chat\/\",\"name\":\"Random Webcam Chat with Random Chat on Strangercam.com\",\"isPartOf\":{\"@id\":\"https:\/\/strangercam.com\/#website\"},\"datePublished\":\"2025-08-28T15:31:39+00:00\",\"dateModified\":\"2025-09-03T11:32:00+00:00\",\"description\":\"Liking Random Webcam Chat? Join millions on StrangerCam.com! Start a random video chat, turn on your cam, and meet strangers instantly.\",\"breadcrumb\":{\"@id\":\"https:\/\/strangercam.com\/random-webcam-chat\/#breadcrumb\"},\"inLanguage\":\"da-DK\",\"potentialAction\":[{\"@type\":\"ReadAction\",\"target\":[\"https:\/\/strangercam.com\/random-webcam-chat\/\"]}]},{\"@type\":\"BreadcrumbList\",\"@id\":\"https:\/\/strangercam.com\/random-webcam-chat\/#breadcrumb\",\"itemListElement\":[{\"@type\":\"ListItem\",\"position\":1,\"name\":\"Home\",\"item\":\"https:\/\/strangercam.com\/\"},{\"@type\":\"ListItem\",\"position\":2,\"name\":\"Random Webcam Chat\"}]},{\"@type\":\"WebSite\",\"@id\":\"https:\/\/strangercam.com\/#website\",\"url\":\"https:\/\/strangercam.com\/\",\"name\":\"Strangercam\",\"description\":\"Random Video Chat with Strangers\",\"publisher\":{\"@id\":\"https:\/\/strangercam.com\/#organization\"},\"alternateName\":\"Strangercam.com\",\"potentialAction\":[{\"@type\":\"SearchAction\",\"target\":{\"@type\":\"EntryPoint\",\"urlTemplate\":\"https:\/\/strangercam.com\/?s={search_term_string}\"},\"query-input\":{\"@type\":\"PropertyValueSpecification\",\"valueRequired\":true,\"valueName\":\"search_term_string\"}}],\"inLanguage\":\"da-DK\"},{\"@type\":\"Organization\",\"@id\":\"https:\/\/strangercam.com\/#organization\",\"name\":\"Strangercam\",\"alternateName\":\"Strangercam.com\",\"url\":\"https:\/\/strangercam.com\/\",\"logo\":{\"@type\":\"ImageObject\",\"inLanguage\":\"da-DK\",\"@id\":\"https:\/\/strangercam.com\/#\/schema\/logo\/image\/\",\"url\":\"https:\/\/strangercam.com\/wp-content\/uploads\/2020\/11\/cropped-new-favicon-black.png\",\"contentUrl\":\"https:\/\/strangercam.com\/wp-content\/uploads\/2020\/11\/cropped-new-favicon-black.png\",\"width\":512,\"height\":512,\"caption\":\"Strangercam\"},\"image\":{\"@id\":\"https:\/\/strangercam.com\/#\/schema\/logo\/image\/\"},\"sameAs\":[\"https:\/\/www.facebook.com\/strangercam\",\"https:\/\/x.com\/strangercamapp\"]}]}<\/script>\n<!-- \/ Yoast SEO plugin. -->","yoast_head_json":{"title":"Tilf\u00e6ldig webcamchat med tilf\u00e6ldig chat p\u00e5 Strangercam.com","description":"Kan du lide tilf\u00e6ldig webcamchat? Join millioner p\u00e5 StrangerCam.com! Start en tilf\u00e6ldig videochat, t\u00e6nd for dit webcam, og m\u00f8d fremmede med det samme.","robots":{"index":"index","follow":"follow","max-snippet":"max-snippet:-1","max-image-preview":"max-image-preview:large","max-video-preview":"max-video-preview:-1"},"canonical":"https:\/\/strangercam.com\/da\/tilfaeldig-webcam-chat\/","og_locale":"da_DK","og_type":"article","og_title":"Random Webcam Chat with Random Chat on Strangercam.com","og_description":"Liking Random Webcam Chat? Join millions on StrangerCam.com! Start a random video chat, turn on your cam, and meet strangers instantly.","og_url":"https:\/\/strangercam.com\/da\/tilfaeldig-webcam-chat\/","og_site_name":"Strangercam","article_publisher":"https:\/\/www.facebook.com\/strangercam","article_modified_time":"2025-09-03T11:32:00+00:00","og_image":[{"width":800,"height":532,"url":"https:\/\/strangercam.com\/wp-content\/uploads\/2021\/10\/Untitled-2.png","type":"image\/png"}],"twitter_card":"summary_large_image","twitter_site":"@strangercamapp","twitter_misc":{"Estimeret l\u00e6setid":"5 minutter"},"schema":{"@context":"https:\/\/schema.org","@graph":[{"@type":"WebPage","@id":"https:\/\/strangercam.com\/random-webcam-chat\/","url":"https:\/\/strangercam.com\/random-webcam-chat\/","name":"Tilf\u00e6ldig webcamchat med tilf\u00e6ldig chat p\u00e5 Strangercam.com","isPartOf":{"@id":"https:\/\/strangercam.com\/#website"},"datePublished":"2025-08-28T15:31:39+00:00","dateModified":"2025-09-03T11:32:00+00:00","description":"Kan du lide tilf\u00e6ldig webcamchat? Join millioner p\u00e5 StrangerCam.com! Start en tilf\u00e6ldig videochat, t\u00e6nd for dit webcam, og m\u00f8d fremmede med det samme.","breadcrumb":{"@id":"https:\/\/strangercam.com\/random-webcam-chat\/#breadcrumb"},"inLanguage":"da-DK","potentialAction":[{"@type":"ReadAction","target":["https:\/\/strangercam.com\/random-webcam-chat\/"]}]},{"@type":"BreadcrumbList","@id":"https:\/\/strangercam.com\/random-webcam-chat\/#breadcrumb","itemListElement":[{"@type":"ListItem","position":1,"name":"Home","item":"https:\/\/strangercam.com\/"},{"@type":"ListItem","position":2,"name":"Random Webcam Chat"}]},{"@type":"WebSite","@id":"https:\/\/strangercam.com\/#website","url":"https:\/\/strangercam.com\/","name":"Strangercam","description":"Tilf\u00e6ldig videochat med fremmede","publisher":{"@id":"https:\/\/strangercam.com\/#organization"},"alternateName":"Strangercam.com","potentialAction":[{"@type":"SearchAction","target":{"@type":"EntryPoint","urlTemplate":"https:\/\/strangercam.com\/?s={search_term_string}"},"query-input":{"@type":"PropertyValueSpecification","valueRequired":true,"valueName":"search_term_string"}}],"inLanguage":"da-DK"},{"@type":"Organization","@id":"https:\/\/strangercam.com\/#organization","name":"Strangercam","alternateName":"Strangercam.com","url":"https:\/\/strangercam.com\/","logo":{"@type":"ImageObject","inLanguage":"da-DK","@id":"https:\/\/strangercam.com\/#\/schema\/logo\/image\/","url":"https:\/\/strangercam.com\/wp-content\/uploads\/2020\/11\/cropped-new-favicon-black.png","contentUrl":"https:\/\/strangercam.com\/wp-content\/uploads\/2020\/11\/cropped-new-favicon-black.png","width":512,"height":512,"caption":"Strangercam"},"image":{"@id":"https:\/\/strangercam.com\/#\/schema\/logo\/image\/"},"sameAs":["https:\/\/www.facebook.com\/strangercam","https:\/\/x.com\/strangercamapp"]}]}},"_links":{"self":[{"href":"https:\/\/strangercam.com\/da\/wp-json\/wp\/v2\/pages\/3970","targetHints":{"allow":["GET"]}}],"collection":[{"href":"https:\/\/strangercam.com\/da\/wp-json\/wp\/v2\/pages"}],"about":[{"href":"https:\/\/strangercam.com\/da\/wp-json\/wp\/v2\/types\/page"}],"author":[{"embeddable":true,"href":"https:\/\/strangercam.com\/da\/wp-json\/wp\/v2\/users\/8"}],"replies":[{"embeddable":true,"href":"https:\/\/strangercam.com\/da\/wp-json\/wp\/v2\/comments?post=3970"}],"version-history":[{"count":2,"href":"https:\/\/strangercam.com\/da\/wp-json\/wp\/v2\/pages\/3970\/revisions"}],"predecessor-version":[{"id":12980,"href":"https:\/\/strangercam.com\/da\/wp-json\/wp\/v2\/pages\/3970\/revisions\/12980"}],"wp:attachment":[{"href":"https:\/\/strangercam.com\/da\/wp-json\/wp\/v2\/media?parent=3970"}],"curies":[{"name":"wp","href":"https:\/\/api.w.org\/{rel}","templated":true}]}}