{"id":3953,"date":"2025-08-28T17:28:59","date_gmt":"2025-08-28T15:28:59","guid":{"rendered":"https:\/\/strangercam.com\/?page_id=3953"},"modified":"2025-09-03T13:31:49","modified_gmt":"2025-09-03T11:31:49","slug":"tilfaeldig-videochat-online","status":"publish","type":"page","link":"https:\/\/strangercam.com\/da\/random-video-chat-online\/","title":{"rendered":"Tilf\u00e6ldig videochat online"},"content":{"rendered":"<p>Leder du efter den bedste m\u00e5de at nyde tilf\u00e6ldig video p\u00e5? <a href=\"https:\/\/strangercam.com\/da\/chathub\/\">chat<\/a> online? Du er ikke alene. Siden dagene med <a href=\"https:\/\/strangercam.com\/da\/omegle\/\">Omegle<\/a> og <a href=\"https:\/\/strangercam.com\/da\/chatroulette\/\">Chatroulette<\/a>, I l\u00f8bet af de seneste \u00e5r er millioner af mennesker verden over blevet tiltrukket af sp\u00e6ndingen ved at m\u00f8des ansigt til ansigt med fremmede. I mods\u00e6tning til datingapps eller sociale medier, som kan f\u00f8les iscenesatte eller langsomme, er tilf\u00e6ldig videochat online hurtig, \u00e6gte og spontan.<\/p>\n<p>I 2025 g\u00f8r platforme som StrangerCam det nemmere end nogensinde at starte en gratis tilf\u00e6ldig videochat online - uden downloads, uden tilmeldinger og uden skjulte omkostninger. Uanset om du er her for at f\u00e5 nye venner, flirte, \u00f8ve sprog eller bare sl\u00e5 tiden ihjel, vil denne guide vise dig alt, hvad du har brug for at vide: hvordan det fungerer, hvorfor folk elsker det, de funktioner, der betyder mest, sikkerhedstips, sammenligninger af de bedste platforme, og hvorfor StrangerCam er et af de bedste valg i dag.<\/p>\n<h2>Hvad er tilf\u00e6ldig videochat online?<\/h2>\n<p>Tilf\u00e6ldig videochat online er en en-til-en live videochatoplevelse, hvor du \u00f8jeblikkeligt er forbundet med en fremmed ved hj\u00e6lp af dit webcam og din mikrofon. Det \"tilf\u00e6ldige\" aspekt betyder, at du aldrig ved, hvem du m\u00f8der, f\u00f8r chatten begynder - det kan v\u00e6re en person i n\u00e6rheden eller en person fra den anden side af jorden.<\/p>\n<p>Formatet er enkelt: Klik p\u00e5 \"Start\", og i l\u00f8bet af f\u00e5 sekunder st\u00e5r du ansigt til ansigt med en ny person. Kan du ikke lide samtalen? Bare klik p\u00e5 \"N\u00e6ste\" for at blive parret med en anden person med det samme. Hver chat er unik - sjov, overraskende og altid uforudsigelig.<\/p>\n<h2>Hvorfor folk elsker gratis tilf\u00e6ldig videochat online<\/h2>\n<p>Der er en grund til, at millioner af mennesker s\u00f8ger efter gratis tilf\u00e6ldig videochat online hver m\u00e5ned. Her er, hvad der g\u00f8r det s\u00e5 tiltr\u00e6kkende:<\/p>\n<ul>\n<li>Spontanitet: Hver chat er en overraskelse, der skaber sp\u00e6nding og nysgerrighed.<\/li>\n<li>Autenticitet: I mods\u00e6tning til tekstchat sikrer video, at personen er \u00e6gte. Ingen bots, ingen forfalskninger.<\/li>\n<li>Global r\u00e6kkevidde: M\u00f8d mennesker fra dusinvis af lande, 24\/7.<\/li>\n<li>Ingen tilmeldinger eller forpligtelser: Mange platforme kr\u00e6ver ikke andet end et klik.<\/li>\n<li>Venskab og sjov: Nogle bruger det til at f\u00e5 venner, andre til tilf\u00e6ldig flirt eller underholdning.<\/li>\n<li>Hurtig flugt fra kedsomhed: Tilf\u00e6ldige chats er den perfekte m\u00e5de at bryde rutinen p\u00e5.<\/li>\n<\/ul>\n<h2>Hvordan fungerer tilf\u00e6ldig videochat online?<\/h2>\n<p>Det er nemt og hurtigt at komme i gang:<\/p>\n<ol>\n<li>\u00c5bn en platform som StrangerCam i din browser eller p\u00e5 din telefon.<\/li>\n<li>Giv adgang til kamera og mikrofon.<\/li>\n<li>Klik p\u00e5 \"Start chat\" for at komme i kontakt med en fremmed med det samme.<\/li>\n<li>Chat live via video.<\/li>\n<li>Klik p\u00e5 \"N\u00e6ste\" n\u00e5r som helst for at komme videre og m\u00f8de en ny.<\/li>\n<\/ol>\n<p>Nogle platforme inkluderer ogs\u00e5 ekstrafunktioner som k\u00f8nsfiltre, landevalg og endda automatisk overs\u00e6ttelse til internationale chats.<\/p>\n<h2>De bedste funktioner at kigge efter<\/h2>\n<p>Ikke alle platforme, der tilbyder tilf\u00e6ldig videochat online, er ens. Her er, hvad du skal kigge efter:<\/p>\n<h3>1. Fri adgang uden begr\u00e6nsninger<\/h3>\n<p>Pas p\u00e5 med platforme, der h\u00e6vder at v\u00e6re gratis, men derefter blokerer funktioner bag betalingsmure.<\/p>\n<h3>2. Ingen tilmelding n\u00f8dvendig<\/h3>\n<p>De bedste sider kr\u00e6ver ikke en konto eller personlige oplysninger.<\/p>\n<h3>3. Filtre for k\u00f8n og placering<\/h3>\n<p>De hj\u00e6lper dig med at komme i kontakt med den type mennesker, du er interesseret i.<\/p>\n<h3>4. Moderation og sikkerhed<\/h3>\n<p>St\u00e6rke rapporteringsv\u00e6rkt\u00f8jer og moderationssystemer holder f\u00e6llesskabet sikkert.<\/p>\n<h3>5. Mobilvenlig oplevelse<\/h3>\n<p>Du b\u00f8r nemt kunne nyde videochats fra b\u00e5de computer og mobil.<\/p>\n<h3>6. Video og lyd i h\u00f8j kvalitet<\/h3>\n<p>En j\u00e6vn forbindelse g\u00f8r samtaler mere naturlige og behagelige.<\/p>\n<h2>De bedste platforme til tilf\u00e6ldig videochat online i 2025<\/h2>\n<p>Her er en sammenligning af popul\u00e6re platforme til tilf\u00e6ldig videochat online:<\/p>\n<table>\n<thead>\n<tr>\n<th>Platform<\/th>\n<th align=\"center\">Fri adgang<\/th>\n<th align=\"center\">K\u00f8nsfilter<\/th>\n<th align=\"center\">Tilmelding n\u00f8dvendig<\/th>\n<th align=\"center\">Mobil support<\/th>\n<th align=\"center\">Moderation<\/th>\n<th>Noter<\/th>\n<\/tr>\n<\/thead>\n<tbody>\n<tr>\n<td>StrangerCam<\/td>\n<td align=\"center\">\u2705<\/td>\n<td align=\"center\">\u2705 (gratis)<\/td>\n<td align=\"center\">\u274c<\/td>\n<td align=\"center\">\u2705<\/td>\n<td align=\"center\">\u2705<\/td>\n<td>Bedste samlede valg, virkelig gratis<\/td>\n<\/tr>\n<tr>\n<td>Chatroulette<\/td>\n<td align=\"center\">\u2705<\/td>\n<td align=\"center\">\u274c (Betalt)<\/td>\n<td align=\"center\">\u274c<\/td>\n<td align=\"center\">\u2705<\/td>\n<td align=\"center\">\u2705<\/td>\n<td>Klassisk, men k\u00f8nsfiltre koster<\/td>\n<\/tr>\n<tr>\n<td>Chatrandom<\/td>\n<td align=\"center\">\u2705<\/td>\n<td align=\"center\">\u274c (Betalt)<\/td>\n<td align=\"center\">\u274c<\/td>\n<td align=\"center\">\u2705<\/td>\n<td align=\"center\">\u2705<\/td>\n<td>Popul\u00e6r, men opgraderinger skubbes<\/td>\n<\/tr>\n<tr>\n<td><a href=\"https:\/\/strangercam.com\/da\/ometv\/\">OmeTV<\/a><\/td>\n<td align=\"center\">\u2705<\/td>\n<td align=\"center\">\u274c<\/td>\n<td align=\"center\">\u274c<\/td>\n<td align=\"center\">\u2705<\/td>\n<td align=\"center\">\u2705<\/td>\n<td>Mobilapp, kun tilf\u00e6ldig<\/td>\n<\/tr>\n<tr>\n<td>Shagle<\/td>\n<td align=\"center\">\u2705<\/td>\n<td align=\"center\">\u274c (Betalt)<\/td>\n<td align=\"center\">\u274c<\/td>\n<td align=\"center\">\u2705<\/td>\n<td align=\"center\">\u2705<\/td>\n<td>Premium-opgraderinger kr\u00e6ves til filtre<\/td>\n<\/tr>\n<tr>\n<td><a href=\"https:\/\/strangercam.com\/da\/coomeet\/\">CooMeet<\/a><\/td>\n<td align=\"center\">\u274c (Fors\u00f8g)<\/td>\n<td align=\"center\">\u2705<\/td>\n<td align=\"center\">\u2705<\/td>\n<td align=\"center\">\u2705<\/td>\n<td align=\"center\">\u2705<\/td>\n<td>Betalt efter begr\u00e6nset gratis pr\u00f8veperiode<\/td>\n<\/tr>\n<tr>\n<td>LuckyCrush<\/td>\n<td align=\"center\">\u274c<\/td>\n<td align=\"center\">\u2705<\/td>\n<td align=\"center\">\u2705<\/td>\n<td align=\"center\">\u2705<\/td>\n<td align=\"center\">\u2705<\/td>\n<td>Altid betalt, k\u00f8nsspecifik chat<\/td>\n<\/tr>\n<\/tbody>\n<\/table>\n<p>Blandt disse er StrangerCam en af de eneste platforme, der tilbyder gratis, ubegr\u00e6nset tilf\u00e6ldig videochat online med et fungerende k\u00f8nsfilter og uden tilmelding.<\/p>\n<h2>Hvorfor StrangerCam er det bedste sted til tilf\u00e6ldig videochat online<\/h2>\n<p>Her er grunden til, at StrangerCam skiller sig ud i 2025 for folk, der s\u00f8ger efter tilf\u00e6ldig videochat online:<\/p>\n<h3>1. Helt gratis<\/h3>\n<p>Ubegr\u00e6nset antal chats, ingen skjulte omkostninger eller kreditter p\u00e5kr\u00e6vet.<\/p>\n<h3>2. Gratis k\u00f8nsfilter<\/h3>\n<p>V\u00e6lg, hvem du vil m\u00f8de - fyre, piger eller begge dele - uden at betale.<\/p>\n<h3>3. Ingen tilmelding eller registrering<\/h3>\n<p>V\u00e6r anonym og chat med det samme.<\/p>\n<h3>4. Sikker og modereret<\/h3>\n<p>St\u00e6rke moderations- og rapporteringsv\u00e6rkt\u00f8jer beskytter f\u00e6llesskabet.<\/p>\n<h3>5. Global brugerbase<\/h3>\n<p>M\u00f8d mennesker fra over 100 lande, n\u00e5r som helst.<\/p>\n<h3>6. Virker overalt<\/h3>\n<p>Optimeret til desktop, tablet og mobil.<\/p>\n<h2>\u00c6gte brugerudtalelser<\/h2>\n<blockquote><p><em>\"Jeg ledte efter en m\u00e5de at lave tilf\u00e6ldig videochat online p\u00e5 uden at sidde fast i betalingsmure. StrangerCam var den eneste side, der faktisk holdt det gratis.\"<\/em><br \/>\n- Chris, 25 \u00e5r<\/p><\/blockquote>\n<blockquote><p><em>\"Jeg har m\u00f8dt folk fra Europa, Asien og USA p\u00e5 \u00e9n aften. Det er den bedste m\u00e5de at komme i kontakt med fremmede p\u00e5 med det samme.\"<\/em><br \/>\n- Maya, 21 \u00e5r<\/p><\/blockquote>\n<blockquote><p><em>\"K\u00f8nsfilteret er gratis og fungerer perfekt. De fleste sider pr\u00f8ver at tage penge for det.\"<\/em><br \/>\n- Daniel, 28 \u00e5r<\/p><\/blockquote>\n<blockquote><p><em>\"Enkelt, sikkert og sjovt. StrangerCam er mit valg, n\u00e5r jeg vil m\u00f8de fremmede online.\"<\/em><br \/>\n- Sophia, 23 \u00e5r<\/p><\/blockquote>\n<h2>Sikkerhedstips til tilf\u00e6ldig videochat online<\/h2>\n<p>Selv om det er sjovt at videochatte, b\u00f8r sikkerheden altid komme i f\u00f8rste r\u00e6kke:<\/p>\n<ul>\n<li>Del ikke personlige oplysninger som telefonnummer, adresse eller e-mail.<\/li>\n<li>Brug knappen \"N\u00e6ste\", hvis du f\u00f8ler dig utilpas.<\/li>\n<li>Undg\u00e5 at klikke p\u00e5 links, som fremmede sender.<\/li>\n<li>Tjek din baggrund for at sikre, at du ikke afsl\u00f8rer private detaljer.<\/li>\n<li>Hold dig til platformens v\u00e6rkt\u00f8jer (blok\u00e9r\/rapporter d\u00e5rlige brugere).<\/li>\n<li>F\u00f8lg aldersreglerne - hvis du er under 18 \u00e5r, skal du undg\u00e5 videochatplatforme for voksne.<\/li>\n<\/ul>\n<h2>S\u00e5dan kommer du i gang - trin for trin<\/h2>\n<p>Joining af en tilf\u00e6ldig videochat online tager mindre end et minut:<\/p>\n<ol>\n<li>\u00c5bn StrangerCam i din browser eller p\u00e5 din telefon.<\/li>\n<li>Tillad adgang til webkamera og mikrofon.<\/li>\n<li>V\u00e6lg pr\u00e6ferencer (f.eks. k\u00f8nsfilter, hvis du vil).<\/li>\n<li>Klik p\u00e5 Start chat for at oprette forbindelse med det samme.<\/li>\n<li>Chat ansigt til ansigt, og klik p\u00e5 N\u00e6ste n\u00e5r som helst.<\/li>\n<\/ol>\n<p>Hurtigt, enkelt og gratis.<\/p>\n<h2>Ofte stillede sp\u00f8rgsm\u00e5l<\/h2>\n<h3>Er tilf\u00e6ldig videochat online virkelig gratis?<\/h3>\n<p>Ja, StrangerCam tilbyder ubegr\u00e6nset gratis chat uden skjulte gebyrer.<\/p>\n<h3>Skal jeg tilmelde mig?<\/h3>\n<p>Nej. StrangerCam kr\u00e6ver ingen konto eller login.<\/p>\n<h3>Er menneskene virkelige?<\/h3>\n<p>Ja, det er det. Live video sikrer, at du taler med rigtige mennesker, ikke bots.<\/p>\n<h3>Kan jeg bruge den p\u00e5 mobilen?<\/h3>\n<p>Ja, StrangerCam er fuldt ud mobilvenlig.<\/p>\n<h3>Er det sikkert?<\/h3>\n<p>Ja, s\u00e5 l\u00e6nge du f\u00f8lger sikkerhedstips og bruger StrangerCams rapporteringsv\u00e6rkt\u00f8jer.<\/p>\n<h2>Afsluttende tanker - Pr\u00f8v gratis tilf\u00e6ldig videochat online i dag<\/h2>\n<p>I 2025 er tilf\u00e6ldig videochat online en af de mest sp\u00e6ndende og autentiske m\u00e5der at m\u00f8de nye mennesker p\u00e5. Det er spontant, gratis og s\u00e6tter dig \u00f8jeblikkeligt i forbindelse med rigtige mennesker over hele verden.<\/p>\n<p>Ikke alle platforme holder, hvad de lover - mange skjuler funktioner bag betalingsmure eller har for mange bots. Derfor er StrangerCam det bedste valg: Det er gratis, anonymt, modereret og fyldt med globale brugere, der er klar til at m\u00f8de dig 24\/7.<\/p>\n<p>Er du klar til at pr\u00f8ve det? Start en gratis tilf\u00e6ldig videochat online nu, og se, hvem du m\u00f8der n\u00e6ste gang.<\/p>","protected":false},"excerpt":{"rendered":"<p>Looking for the best way to enjoy random video chat online? You\u2019re not alone. Since the days of Omegle and Chatroulette, millions of people around the world have been drawn to the excitement of connecting face-to-face with strangers. Unlike dating apps or social media, which can feel staged or slow, random video chat online is [&hellip;]<\/p>\n","protected":false},"author":8,"featured_media":0,"parent":0,"menu_order":0,"comment_status":"closed","ping_status":"closed","template":"","meta":{"footnotes":""},"class_list":["post-3953","page","type-page","status-publish","hentry"],"yoast_head":"<!-- This site is optimized with the Yoast SEO plugin v27.4 - https:\/\/yoast.com\/product\/yoast-seo-wordpress\/ -->\n<title>Random Video Chat Online on Strangercam.com<\/title>\n<meta name=\"description\" content=\"Liking Random Video Chat Online? Join millions on StrangerCam.com! Start a random video chat, turn on your cam, and meet strangers instantly.\" \/>\n<meta name=\"robots\" content=\"index, follow, max-snippet:-1, max-image-preview:large, max-video-preview:-1\" \/>\n<link rel=\"canonical\" href=\"https:\/\/strangercam.com\/da\/tilfaeldig-videochat-online\/\" \/>\n<meta property=\"og:locale\" content=\"da_DK\" \/>\n<meta property=\"og:type\" content=\"article\" \/>\n<meta property=\"og:title\" content=\"Random Video Chat Online on Strangercam.com\" \/>\n<meta property=\"og:description\" content=\"Liking Random Video Chat Online? Join millions on StrangerCam.com! Start a random video chat, turn on your cam, and meet strangers instantly.\" \/>\n<meta property=\"og:url\" content=\"https:\/\/strangercam.com\/da\/tilfaeldig-videochat-online\/\" \/>\n<meta property=\"og:site_name\" content=\"Strangercam\" \/>\n<meta property=\"article:publisher\" content=\"https:\/\/www.facebook.com\/strangercam\" \/>\n<meta property=\"article:modified_time\" content=\"2025-09-03T11:31:49+00:00\" \/>\n<meta property=\"og:image\" content=\"https:\/\/strangercam.com\/wp-content\/uploads\/2021\/10\/Untitled-2.png\" \/>\n\t<meta property=\"og:image:width\" content=\"800\" \/>\n\t<meta property=\"og:image:height\" content=\"532\" \/>\n\t<meta property=\"og:image:type\" content=\"image\/png\" \/>\n<meta name=\"twitter:card\" content=\"summary_large_image\" \/>\n<meta name=\"twitter:site\" content=\"@strangercamapp\" \/>\n<meta name=\"twitter:label1\" content=\"Estimeret l\u00e6setid\" \/>\n\t<meta name=\"twitter:data1\" content=\"5 minutter\" \/>\n<script type=\"application\/ld+json\" class=\"yoast-schema-graph\">{\"@context\":\"https:\\\/\\\/schema.org\",\"@graph\":[{\"@type\":\"WebPage\",\"@id\":\"https:\\\/\\\/strangercam.com\\\/random-video-chat-online\\\/\",\"url\":\"https:\\\/\\\/strangercam.com\\\/random-video-chat-online\\\/\",\"name\":\"Random Video Chat Online on Strangercam.com\",\"isPartOf\":{\"@id\":\"https:\\\/\\\/strangercam.com\\\/#website\"},\"datePublished\":\"2025-08-28T15:28:59+00:00\",\"dateModified\":\"2025-09-03T11:31:49+00:00\",\"description\":\"Liking Random Video Chat Online? Join millions on StrangerCam.com! Start a random video chat, turn on your cam, and meet strangers instantly.\",\"breadcrumb\":{\"@id\":\"https:\\\/\\\/strangercam.com\\\/random-video-chat-online\\\/#breadcrumb\"},\"inLanguage\":\"da-DK\",\"potentialAction\":[{\"@type\":\"ReadAction\",\"target\":[\"https:\\\/\\\/strangercam.com\\\/random-video-chat-online\\\/\"]}]},{\"@type\":\"BreadcrumbList\",\"@id\":\"https:\\\/\\\/strangercam.com\\\/random-video-chat-online\\\/#breadcrumb\",\"itemListElement\":[{\"@type\":\"ListItem\",\"position\":1,\"name\":\"Home\",\"item\":\"https:\\\/\\\/strangercam.com\\\/\"},{\"@type\":\"ListItem\",\"position\":2,\"name\":\"Random Video Chat Online\"}]},{\"@type\":\"WebSite\",\"@id\":\"https:\\\/\\\/strangercam.com\\\/#website\",\"url\":\"https:\\\/\\\/strangercam.com\\\/\",\"name\":\"Strangercam\",\"description\":\"Random Video Chat with Strangers\",\"publisher\":{\"@id\":\"https:\\\/\\\/strangercam.com\\\/#organization\"},\"alternateName\":\"Strangercam.com\",\"potentialAction\":[{\"@type\":\"SearchAction\",\"target\":{\"@type\":\"EntryPoint\",\"urlTemplate\":\"https:\\\/\\\/strangercam.com\\\/?s={search_term_string}\"},\"query-input\":{\"@type\":\"PropertyValueSpecification\",\"valueRequired\":true,\"valueName\":\"search_term_string\"}}],\"inLanguage\":\"da-DK\"},{\"@type\":\"Organization\",\"@id\":\"https:\\\/\\\/strangercam.com\\\/#organization\",\"name\":\"Strangercam\",\"alternateName\":\"Strangercam.com\",\"url\":\"https:\\\/\\\/strangercam.com\\\/\",\"logo\":{\"@type\":\"ImageObject\",\"inLanguage\":\"da-DK\",\"@id\":\"https:\\\/\\\/strangercam.com\\\/#\\\/schema\\\/logo\\\/image\\\/\",\"url\":\"https:\\\/\\\/strangercam.com\\\/wp-content\\\/uploads\\\/2020\\\/11\\\/cropped-new-favicon-black.png\",\"contentUrl\":\"https:\\\/\\\/strangercam.com\\\/wp-content\\\/uploads\\\/2020\\\/11\\\/cropped-new-favicon-black.png\",\"width\":512,\"height\":512,\"caption\":\"Strangercam\"},\"image\":{\"@id\":\"https:\\\/\\\/strangercam.com\\\/#\\\/schema\\\/logo\\\/image\\\/\"},\"sameAs\":[\"https:\\\/\\\/www.facebook.com\\\/strangercam\",\"https:\\\/\\\/x.com\\\/strangercamapp\"]}]}<\/script>\n<!-- \/ Yoast SEO plugin. -->","yoast_head_json":{"title":"Tilf\u00e6ldig videochat online p\u00e5 Strangercam.com","description":"Kan du lide tilf\u00e6ldig videochat online? Join millioner p\u00e5 StrangerCam.com! Start en tilf\u00e6ldig videochat, t\u00e6nd for dit kamera, og m\u00f8d fremmede med det samme.","robots":{"index":"index","follow":"follow","max-snippet":"max-snippet:-1","max-image-preview":"max-image-preview:large","max-video-preview":"max-video-preview:-1"},"canonical":"https:\/\/strangercam.com\/da\/tilfaeldig-videochat-online\/","og_locale":"da_DK","og_type":"article","og_title":"Random Video Chat Online on Strangercam.com","og_description":"Liking Random Video Chat Online? Join millions on StrangerCam.com! Start a random video chat, turn on your cam, and meet strangers instantly.","og_url":"https:\/\/strangercam.com\/da\/tilfaeldig-videochat-online\/","og_site_name":"Strangercam","article_publisher":"https:\/\/www.facebook.com\/strangercam","article_modified_time":"2025-09-03T11:31:49+00:00","og_image":[{"width":800,"height":532,"url":"https:\/\/strangercam.com\/wp-content\/uploads\/2021\/10\/Untitled-2.png","type":"image\/png"}],"twitter_card":"summary_large_image","twitter_site":"@strangercamapp","twitter_misc":{"Estimeret l\u00e6setid":"5 minutter"},"schema":{"@context":"https:\/\/schema.org","@graph":[{"@type":"WebPage","@id":"https:\/\/strangercam.com\/random-video-chat-online\/","url":"https:\/\/strangercam.com\/random-video-chat-online\/","name":"Tilf\u00e6ldig videochat online p\u00e5 Strangercam.com","isPartOf":{"@id":"https:\/\/strangercam.com\/#website"},"datePublished":"2025-08-28T15:28:59+00:00","dateModified":"2025-09-03T11:31:49+00:00","description":"Kan du lide tilf\u00e6ldig videochat online? Join millioner p\u00e5 StrangerCam.com! Start en tilf\u00e6ldig videochat, t\u00e6nd for dit kamera, og m\u00f8d fremmede med det samme.","breadcrumb":{"@id":"https:\/\/strangercam.com\/random-video-chat-online\/#breadcrumb"},"inLanguage":"da-DK","potentialAction":[{"@type":"ReadAction","target":["https:\/\/strangercam.com\/random-video-chat-online\/"]}]},{"@type":"BreadcrumbList","@id":"https:\/\/strangercam.com\/random-video-chat-online\/#breadcrumb","itemListElement":[{"@type":"ListItem","position":1,"name":"Home","item":"https:\/\/strangercam.com\/"},{"@type":"ListItem","position":2,"name":"Random Video Chat Online"}]},{"@type":"WebSite","@id":"https:\/\/strangercam.com\/#website","url":"https:\/\/strangercam.com\/","name":"Strangercam","description":"Tilf\u00e6ldig videochat med fremmede","publisher":{"@id":"https:\/\/strangercam.com\/#organization"},"alternateName":"Strangercam.com","potentialAction":[{"@type":"SearchAction","target":{"@type":"EntryPoint","urlTemplate":"https:\/\/strangercam.com\/?s={search_term_string}"},"query-input":{"@type":"PropertyValueSpecification","valueRequired":true,"valueName":"search_term_string"}}],"inLanguage":"da-DK"},{"@type":"Organization","@id":"https:\/\/strangercam.com\/#organization","name":"Strangercam","alternateName":"Strangercam.com","url":"https:\/\/strangercam.com\/","logo":{"@type":"ImageObject","inLanguage":"da-DK","@id":"https:\/\/strangercam.com\/#\/schema\/logo\/image\/","url":"https:\/\/strangercam.com\/wp-content\/uploads\/2020\/11\/cropped-new-favicon-black.png","contentUrl":"https:\/\/strangercam.com\/wp-content\/uploads\/2020\/11\/cropped-new-favicon-black.png","width":512,"height":512,"caption":"Strangercam"},"image":{"@id":"https:\/\/strangercam.com\/#\/schema\/logo\/image\/"},"sameAs":["https:\/\/www.facebook.com\/strangercam","https:\/\/x.com\/strangercamapp"]}]}},"_links":{"self":[{"href":"https:\/\/strangercam.com\/da\/wp-json\/wp\/v2\/pages\/3953","targetHints":{"allow":["GET"]}}],"collection":[{"href":"https:\/\/strangercam.com\/da\/wp-json\/wp\/v2\/pages"}],"about":[{"href":"https:\/\/strangercam.com\/da\/wp-json\/wp\/v2\/types\/page"}],"author":[{"embeddable":true,"href":"https:\/\/strangercam.com\/da\/wp-json\/wp\/v2\/users\/8"}],"replies":[{"embeddable":true,"href":"https:\/\/strangercam.com\/da\/wp-json\/wp\/v2\/comments?post=3953"}],"version-history":[{"count":2,"href":"https:\/\/strangercam.com\/da\/wp-json\/wp\/v2\/pages\/3953\/revisions"}],"predecessor-version":[{"id":12979,"href":"https:\/\/strangercam.com\/da\/wp-json\/wp\/v2\/pages\/3953\/revisions\/12979"}],"wp:attachment":[{"href":"https:\/\/strangercam.com\/da\/wp-json\/wp\/v2\/media?parent=3953"}],"curies":[{"name":"wp","href":"https:\/\/api.w.org\/{rel}","templated":true}]}}