{"id":3935,"date":"2025-08-28T17:19:09","date_gmt":"2025-08-28T15:19:09","guid":{"rendered":"https:\/\/strangercam.com\/?page_id=3935"},"modified":"2025-09-03T13:31:40","modified_gmt":"2025-09-03T11:31:40","slug":"gratis-tilfaeldig-chat","status":"publish","type":"page","link":"https:\/\/strangercam.com\/da\/free-random-chat\/","title":{"rendered":"Gratis tilf\u00e6ldig chat"},"content":{"rendered":"<p>Leder du efter den bedste m\u00e5de at nyde en gratis tilf\u00e6ldig <a href=\"https:\/\/strangercam.com\/da\/chathub\/\">chat<\/a>? Du er ikke alene. Millioner af mennesker verden over s\u00f8ger efter tilf\u00e6ldige chatplatforme hver m\u00e5ned i h\u00e5b om at f\u00e5 \u00f8jeblikkelig kontakt med nye mennesker - hvad enten det er for sjov, venskab, kulturel udveksling eller tilf\u00e6ldig flirt. I mods\u00e6tning til sociale medier eller datingapps, som ofte kr\u00e6ver endel\u00f8s swiping eller langsomme beskeder, handler gratis tilf\u00e6ldig chat om \u00f8jeblikkelige samtaler ansigt til ansigt med fremmede.<\/p>\n<p>I 2025 g\u00f8r platforme som StrangerCam det nemt at starte en gratis tilf\u00e6ldig chat - uden tilmeldinger, uden downloads og uden skjulte gebyrer. Du skal bare klikke p\u00e5 en knap og begynde at chatte med en ny person fra hvor som helst i verden.<\/p>\n<p>Denne guide d\u00e6kker alt, hvad du har brug for at vide: hvad gratis tilf\u00e6ldig chat er, hvorfor det er s\u00e5 popul\u00e6rt, hvordan det fungerer, de funktioner, du skal kigge efter, sammenligninger af platforme, sikkerhedstips, og hvorfor StrangerCam er et af de bedste valg i dag.<\/p>\n<h2>Hvad er gratis tilf\u00e6ldig chat?<\/h2>\n<p>Gratis tilf\u00e6ldig chat er en onlinetjeneste, der \u00f8jeblikkeligt parrer dig med fremmede til live-samtaler - enten via tekst, video eller begge dele. I mods\u00e6tning til traditionelle chatrum fungerer tilf\u00e6ldige chatplatforme i realtid og kr\u00e6ver ikke profiler eller tilmeldinger.<\/p>\n<p>Du skal bare logge ind (eller i de fleste tilf\u00e6lde slet ikke logge ind), trykke p\u00e5 \u201cStart\u201d, og s\u00e5 er du straks i kontakt med en tilf\u00e6ldig person. Hvis du ikke kan lide samtalen, skal du bare klikke p\u00e5 \u201cN\u00e6ste\u201d for at <a href=\"https:\/\/strangercam.com\/da\/coomeet\/\">m\u00f8des<\/a> en ny person. Oplevelsen er spontan, sjov og helt uforudsigelig.<\/p>\n<h2>Hvorfor folk elsker gratis tilf\u00e6ldig chat<\/h2>\n<p>Populariteten af gratis tilf\u00e6ldig chat er eksploderet i l\u00f8bet af det sidste \u00e5rti, og her er hvorfor:<\/p>\n<ul>\n<li>\u00d8jeblikkelig sjov: M\u00f8d nye mennesker p\u00e5 f\u00e5 sekunder.<\/li>\n<li>Spontanitet: Hver chat er forskellig - nogle gange sjov, nogle gange flirtende, nogle gange dyb.<\/li>\n<li>Ingen falske profiler: Videochat beviser, at personen er \u00e6gte.<\/li>\n<li>Ingen forpligtelse: Der kr\u00e6ves ingen registrering eller personlige oplysninger.<\/li>\n<li>Globale forbindelser: Chat med fremmede fra hele verden.<\/li>\n<li>Sl\u00e5 kedsomheden ihjel: En sjov m\u00e5de at f\u00e5 tiden til at g\u00e5 og skabe uventede forbindelser.<\/li>\n<\/ul>\n<h2>Hvordan fungerer gratis tilf\u00e6ldig chat?<\/h2>\n<p>Joining af en gratis tilf\u00e6ldig chatplatform er hurtigt og nemt:<\/p>\n<ol>\n<li>\u00c5bn platformen p\u00e5 din enhed.<\/li>\n<li>V\u00e6lg din chattilstand (video eller tekst).<\/li>\n<li>Giv adgang til kamera og mikrofon (til videochat).<\/li>\n<li>Klik p\u00e5 \"Start chat\" for straks at komme i kontakt med en tilf\u00e6ldig fremmed.<\/li>\n<li>Nyd din samtale. Hvis du ikke f\u00f8ler for det, s\u00e5 tryk p\u00e5 \"N\u00e6ste\".<\/li>\n<\/ol>\n<p>Denne cyklus kan gentage sig i det uendelige og give dig ubegr\u00e6nsede muligheder for at m\u00f8de nye mennesker.<\/p>\n<h2>De bedste funktioner at kigge efter<\/h2>\n<p>Ikke alle tilf\u00e6ldige chatplatforme er skabt lige. Her er, hvad du skal kigge efter, n\u00e5r du v\u00e6lger den bedste gratis tilf\u00e6ldige chatside:<\/p>\n<h3>1. Virkelig fri adgang<\/h3>\n<p>Nogle sider reklamerer med at v\u00e6re \"gratis\", men skubber dig hurtigt ind i betalingsmure. Se efter ubegr\u00e6nset, \u00e6gte gratis chat.<\/p>\n<h3>2. Ingen tilmelding n\u00f8dvendig<\/h3>\n<p>Du b\u00f8r ikke skulle oprette en konto eller give personlige oplysninger.<\/p>\n<h3>3. Flere chat-modes<\/h3>\n<p>Mulighed for video-, lyd- eller ren tekstchat.<\/p>\n<h3>4. Filtre for k\u00f8n og placering<\/h3>\n<p>Nyttig til at finde specifikke typer af mennesker.<\/p>\n<h3>5. Moderations- og sikkerhedsv\u00e6rkt\u00f8jer<\/h3>\n<p>St\u00e6rke rapporterings- og blokeringssystemer holder samfundet sikkert.<\/p>\n<h3>6. Mobilvenligt design<\/h3>\n<p>De bedste platforme fungerer p\u00e5 telefoner, tablets og computere.<\/p>\n<h2>Bedste gratis tilf\u00e6ldige chatplatforme i 2025<\/h2>\n<p>Her er en sammenligning af de mest popul\u00e6re steder for gratis tilf\u00e6ldig chat:<\/p>\n<table>\n<thead>\n<tr>\n<th>Platform<\/th>\n<th align=\"center\">Fri adgang<\/th>\n<th align=\"center\">Videotilstand<\/th>\n<th align=\"center\">Tilmelding n\u00f8dvendig<\/th>\n<th align=\"center\">K\u00f8nsfilter<\/th>\n<th align=\"center\">Moderation<\/th>\n<th>Noter<\/th>\n<\/tr>\n<\/thead>\n<tbody>\n<tr>\n<td>StrangerCam<\/td>\n<td align=\"center\">\u2705<\/td>\n<td align=\"center\">\u2705<\/td>\n<td align=\"center\">\u274c<\/td>\n<td align=\"center\">\u2705 (gratis)<\/td>\n<td align=\"center\">\u2705<\/td>\n<td>Bedste overordnede, gratis video- og k\u00f8nsfiltre<\/td>\n<\/tr>\n<tr>\n<td><a href=\"https:\/\/strangercam.com\/da\/chatroulette\/\">Chatroulette<\/a><\/td>\n<td align=\"center\">\u2705<\/td>\n<td align=\"center\">\u2705<\/td>\n<td align=\"center\">\u274c<\/td>\n<td align=\"center\">\u274c (Betalt)<\/td>\n<td align=\"center\">\u2705<\/td>\n<td>Klassisk, men k\u00f8nsfilter med betalingsmur<\/td>\n<\/tr>\n<tr>\n<td>Chatrandom<\/td>\n<td align=\"center\">\u2705<\/td>\n<td align=\"center\">\u2705<\/td>\n<td align=\"center\">\u274c<\/td>\n<td align=\"center\">\u274c (Betalt)<\/td>\n<td align=\"center\">\u2705<\/td>\n<td>Popul\u00e6r, men premium-funktioner l\u00e5st<\/td>\n<\/tr>\n<tr>\n<td><a href=\"https:\/\/strangercam.com\/da\/ometv\/\">OmeTV<\/a><\/td>\n<td align=\"center\">\u2705<\/td>\n<td align=\"center\">\u2705<\/td>\n<td align=\"center\">\u274c<\/td>\n<td align=\"center\">\u274c<\/td>\n<td align=\"center\">\u2705<\/td>\n<td>Mobilapp, kun tilf\u00e6ldig<\/td>\n<\/tr>\n<tr>\n<td>Shagle<\/td>\n<td align=\"center\">\u2705<\/td>\n<td align=\"center\">\u2705<\/td>\n<td align=\"center\">\u274c<\/td>\n<td align=\"center\">\u274c (Betalt)<\/td>\n<td align=\"center\">\u2705<\/td>\n<td>Pr\u00e6mien presses kraftigt<\/td>\n<\/tr>\n<tr>\n<td>Emerald Chat<\/td>\n<td align=\"center\">\u2705<\/td>\n<td align=\"center\">\u2705<\/td>\n<td align=\"center\">\u274c<\/td>\n<td align=\"center\">\u274c<\/td>\n<td align=\"center\">\u2705<\/td>\n<td>Omd\u00f8mme-baseret system<\/td>\n<\/tr>\n<tr>\n<td>LuckyCrush<\/td>\n<td align=\"center\">\u274c<\/td>\n<td align=\"center\">\u2705<\/td>\n<td align=\"center\">\u2705<\/td>\n<td align=\"center\">\u2705<\/td>\n<td align=\"center\">\u2705<\/td>\n<td>Altid betalt, k\u00f8nsbaseret chat<\/td>\n<\/tr>\n<\/tbody>\n<\/table>\n<p>StrangerCam er en af de f\u00e5 platforme, der tilbyder gratis tilf\u00e6ldig chat med video, rigtige k\u00f8nsfiltre, ingen tilmeldinger og ubegr\u00e6nset adgang.<\/p>\n<h2>Hvorfor StrangerCam er det bedste valg til gratis tilf\u00e6ldig chat<\/h2>\n<p>StrangerCam er blevet en topdestination i 2025 for brugere, der \u00f8nsker gratis tilf\u00e6ldig chat. Her er hvorfor:<\/p>\n<h3>1. Virkelig gratis og ubegr\u00e6nset<\/h3>\n<p>Ingen kreditter, ingen fors\u00f8g, ingen begr\u00e6nsninger.<\/p>\n<h3>2. Video- og tekstindstillinger<\/h3>\n<p>V\u00e6lg, om du vil chatte ansigt til ansigt eller kun med tekst.<\/p>\n<h3>3. Gratis k\u00f8nsfilter<\/h3>\n<p>V\u00e6lg, hvem du vil chatte med - mand, kvinde eller begge - uden at betale.<\/p>\n<h3>4. Ingen tilmelding p\u00e5kr\u00e6vet<\/h3>\n<p>V\u00e6r anonym, n\u00e5r du chatter med fremmede.<\/p>\n<h3>5. Det globale samfund<\/h3>\n<p>M\u00f8d mennesker fra over 100 lande, n\u00e5r som helst.<\/p>\n<h3>6. Sikker og modereret<\/h3>\n<p>Aktiv moderation holder bots og spam v\u00e6k.<\/p>\n<h2>\u00c6gte brugerudtalelser<\/h2>\n<blockquote><p><em>\"Jeg ledte bare efter en gratis tilf\u00e6ldig chat uden skjulte omkostninger. StrangerCam var den f\u00f8rste side, der rent faktisk leverede varen.\"<\/em><br \/>\n- Ryan, 24 \u00e5r<\/p><\/blockquote>\n<blockquote><p><em>\"Jeg kan godt lide, at jeg kan v\u00e6lge video eller tekst. Nogle dage vil jeg bare skrive, andre dage har jeg lyst til at tale ansigt til ansigt.\"<\/em><br \/>\n- Maria, 21 \u00e5r<\/p><\/blockquote>\n<blockquote><p><em>\"K\u00f8nsfilteret fungerer faktisk her, i mods\u00e6tning til andre s\u00e5kaldte gratis sider.\"<\/em><br \/>\n- Ethan, 28 \u00e5r<\/p><\/blockquote>\n<blockquote><p><em>\"Enkelt, sjovt og hurtigt. Jeg har allerede m\u00f8dt folk fra s\u00e5 mange lande.\"<\/em><br \/>\n- Sophie, 22 \u00e5r<\/p><\/blockquote>\n<h2>Sikkerhedstips til gratis tilf\u00e6ldig chat<\/h2>\n<p>Selv om tilf\u00e6ldig chat kan v\u00e6re sjovt, er det vigtigt at v\u00e6re p\u00e5 den sikre side:<\/p>\n<ul>\n<li>Del ikke personlige oplysninger som dit fulde navn, adresse eller telefon.<\/li>\n<li>Spring over eller bloker alle, der g\u00f8r dig utilpas.<\/li>\n<li>Klik aldrig p\u00e5 mist\u00e6nkelige links.<\/li>\n<li>Brug en neutral baggrund for at undg\u00e5 at afsl\u00f8re private detaljer.<\/li>\n<li>Hold dig til platformens funktioner - brug rapportknappen, n\u00e5r det er n\u00f8dvendigt.<\/li>\n<li>Respekter aldersreglerne - hvis du er under 18 \u00e5r, skal du ikke bruge chatsider for voksne.<\/li>\n<\/ul>\n<h2>S\u00e5dan kommer du i gang - trin for trin<\/h2>\n<p>Det tager mindre end et minut at starte en gratis, tilf\u00e6ldig chat:<\/p>\n<ol>\n<li>\u00c5bn StrangerCam p\u00e5 din enhed.<\/li>\n<li>V\u00e6lg, om du vil have video- eller tekstchat.<\/li>\n<li>Giv adgang til dit kamera og din mikrofon (hvis du bruger video).<\/li>\n<li>Klik p\u00e5 Start chat for at oprette forbindelse med det samme.<\/li>\n<li>Tryk p\u00e5 N\u00e6ste n\u00e5r som helst for at m\u00f8de en ny.<\/li>\n<\/ol>\n<p>Hurtigt, enkelt og gratis.<\/p>\n<h2>Ofte stillede sp\u00f8rgsm\u00e5l<\/h2>\n<h3>Er gratis tilf\u00e6ldig chat virkelig gratis?<\/h3>\n<p>Ja, StrangerCam tilbyder ubegr\u00e6nsede tilf\u00e6ldige chats uden skjulte gebyrer.<\/p>\n<h3>Skal jeg tilmelde mig?<\/h3>\n<p>Nej. StrangerCam kr\u00e6ver ingen konto eller registrering.<\/p>\n<h3>Er menneskene virkelige?<\/h3>\n<p>Ja, det g\u00f8r jeg. Med videochat er du altid forbundet med rigtige brugere.<\/p>\n<h3>Kan jeg bruge den p\u00e5 mobilen?<\/h3>\n<p>Ja, StrangerCam fungerer problemfrit p\u00e5 alle enheder.<\/p>\n<h3>Er det sikkert?<\/h3>\n<p>Ja, s\u00e5 l\u00e6nge du f\u00f8lger de grundl\u00e6ggende sikkerhedstips og bruger StrangerCams moderationsv\u00e6rkt\u00f8jer.<\/p>\n<h2>Afsluttende tanker - Pr\u00f8v gratis tilf\u00e6ldig chat i dag<\/h2>\n<p>I 2025 er gratis tilf\u00e6ldig chat stadig en af de nemmeste og sjoveste m\u00e5der at komme i kontakt med nye mennesker online. Det er spontant, autentisk og kan s\u00e6tte dig i forbindelse med fremmede fra hele verden p\u00e5 f\u00e5 sekunder.<\/p>\n<p>Men ikke alle platforme leverer varen. Mange sider gemmer vigtige funktioner bag betalingsmure eller er overrendt af bots. Derfor er StrangerCam det bedste valg: Det er virkelig gratis, anonymt, modereret og altid fuld af mennesker, der er klar til at chatte.<\/p>\n<p>Er du klar til at pr\u00f8ve det? Start en gratis tilf\u00e6ldig chat nu, og se, hvem du m\u00f8der n\u00e6ste gang.<\/p>","protected":false},"excerpt":{"rendered":"<p>Are you looking for the best way to enjoy a free random chat? You\u2019re not alone. Millions of people worldwide search for random chat platforms every month, hoping to connect instantly with new people\u2014whether for fun, friendship, cultural exchange, or casual flirting. Unlike social media or dating apps, which often require endless swiping or slow [&hellip;]<\/p>\n","protected":false},"author":8,"featured_media":0,"parent":0,"menu_order":0,"comment_status":"closed","ping_status":"closed","template":"","meta":{"footnotes":""},"class_list":["post-3935","page","type-page","status-publish","hentry"],"yoast_head":"<!-- This site is optimized with the Yoast SEO plugin v27.4 - https:\/\/yoast.com\/product\/yoast-seo-wordpress\/ -->\n<title>Free Random Chat with Random Chat on Strangercam.com<\/title>\n<meta name=\"description\" content=\"Liking Free Random Chat? Join millions on StrangerCam.com! Start a random video chat, turn on your cam, and meet strangers instantly.\" \/>\n<meta name=\"robots\" content=\"index, follow, max-snippet:-1, max-image-preview:large, max-video-preview:-1\" \/>\n<link rel=\"canonical\" href=\"https:\/\/strangercam.com\/da\/gratis-tilfaeldig-chat\/\" \/>\n<meta property=\"og:locale\" content=\"da_DK\" \/>\n<meta property=\"og:type\" content=\"article\" \/>\n<meta property=\"og:title\" content=\"Free Random Chat with Random Chat on Strangercam.com\" \/>\n<meta property=\"og:description\" content=\"Liking Free Random Chat? Join millions on StrangerCam.com! Start a random video chat, turn on your cam, and meet strangers instantly.\" \/>\n<meta property=\"og:url\" content=\"https:\/\/strangercam.com\/da\/gratis-tilfaeldig-chat\/\" \/>\n<meta property=\"og:site_name\" content=\"Strangercam\" \/>\n<meta property=\"article:publisher\" content=\"https:\/\/www.facebook.com\/strangercam\" \/>\n<meta property=\"article:modified_time\" content=\"2025-09-03T11:31:40+00:00\" \/>\n<meta property=\"og:image\" content=\"https:\/\/strangercam.com\/wp-content\/uploads\/2021\/10\/Untitled-2.png\" \/>\n\t<meta property=\"og:image:width\" content=\"800\" \/>\n\t<meta property=\"og:image:height\" content=\"532\" \/>\n\t<meta property=\"og:image:type\" content=\"image\/png\" \/>\n<meta name=\"twitter:card\" content=\"summary_large_image\" \/>\n<meta name=\"twitter:site\" content=\"@strangercamapp\" \/>\n<meta name=\"twitter:label1\" content=\"Estimeret l\u00e6setid\" \/>\n\t<meta name=\"twitter:data1\" content=\"5 minutter\" \/>\n<script type=\"application\/ld+json\" class=\"yoast-schema-graph\">{\"@context\":\"https:\\\/\\\/schema.org\",\"@graph\":[{\"@type\":\"WebPage\",\"@id\":\"https:\\\/\\\/strangercam.com\\\/free-random-chat\\\/\",\"url\":\"https:\\\/\\\/strangercam.com\\\/free-random-chat\\\/\",\"name\":\"Free Random Chat with Random Chat on Strangercam.com\",\"isPartOf\":{\"@id\":\"https:\\\/\\\/strangercam.com\\\/#website\"},\"datePublished\":\"2025-08-28T15:19:09+00:00\",\"dateModified\":\"2025-09-03T11:31:40+00:00\",\"description\":\"Liking Free Random Chat? Join millions on StrangerCam.com! Start a random video chat, turn on your cam, and meet strangers instantly.\",\"breadcrumb\":{\"@id\":\"https:\\\/\\\/strangercam.com\\\/free-random-chat\\\/#breadcrumb\"},\"inLanguage\":\"da-DK\",\"potentialAction\":[{\"@type\":\"ReadAction\",\"target\":[\"https:\\\/\\\/strangercam.com\\\/free-random-chat\\\/\"]}]},{\"@type\":\"BreadcrumbList\",\"@id\":\"https:\\\/\\\/strangercam.com\\\/free-random-chat\\\/#breadcrumb\",\"itemListElement\":[{\"@type\":\"ListItem\",\"position\":1,\"name\":\"Home\",\"item\":\"https:\\\/\\\/strangercam.com\\\/\"},{\"@type\":\"ListItem\",\"position\":2,\"name\":\"Free Random Chat\"}]},{\"@type\":\"WebSite\",\"@id\":\"https:\\\/\\\/strangercam.com\\\/#website\",\"url\":\"https:\\\/\\\/strangercam.com\\\/\",\"name\":\"Strangercam\",\"description\":\"Random Video Chat with Strangers\",\"publisher\":{\"@id\":\"https:\\\/\\\/strangercam.com\\\/#organization\"},\"alternateName\":\"Strangercam.com\",\"potentialAction\":[{\"@type\":\"SearchAction\",\"target\":{\"@type\":\"EntryPoint\",\"urlTemplate\":\"https:\\\/\\\/strangercam.com\\\/?s={search_term_string}\"},\"query-input\":{\"@type\":\"PropertyValueSpecification\",\"valueRequired\":true,\"valueName\":\"search_term_string\"}}],\"inLanguage\":\"da-DK\"},{\"@type\":\"Organization\",\"@id\":\"https:\\\/\\\/strangercam.com\\\/#organization\",\"name\":\"Strangercam\",\"alternateName\":\"Strangercam.com\",\"url\":\"https:\\\/\\\/strangercam.com\\\/\",\"logo\":{\"@type\":\"ImageObject\",\"inLanguage\":\"da-DK\",\"@id\":\"https:\\\/\\\/strangercam.com\\\/#\\\/schema\\\/logo\\\/image\\\/\",\"url\":\"https:\\\/\\\/strangercam.com\\\/wp-content\\\/uploads\\\/2020\\\/11\\\/cropped-new-favicon-black.png\",\"contentUrl\":\"https:\\\/\\\/strangercam.com\\\/wp-content\\\/uploads\\\/2020\\\/11\\\/cropped-new-favicon-black.png\",\"width\":512,\"height\":512,\"caption\":\"Strangercam\"},\"image\":{\"@id\":\"https:\\\/\\\/strangercam.com\\\/#\\\/schema\\\/logo\\\/image\\\/\"},\"sameAs\":[\"https:\\\/\\\/www.facebook.com\\\/strangercam\",\"https:\\\/\\\/x.com\\\/strangercamapp\"]}]}<\/script>\n<!-- \/ Yoast SEO plugin. -->","yoast_head_json":{"title":"Gratis tilf\u00e6ldig chat med tilf\u00e6ldig chat p\u00e5 Strangercam.com","description":"Kan du lide gratis tilf\u00e6ldig chat? Join millioner p\u00e5 StrangerCam.com! Start en tilf\u00e6ldig videochat, t\u00e6nd for dit kamera, og m\u00f8d fremmede med det samme.","robots":{"index":"index","follow":"follow","max-snippet":"max-snippet:-1","max-image-preview":"max-image-preview:large","max-video-preview":"max-video-preview:-1"},"canonical":"https:\/\/strangercam.com\/da\/gratis-tilfaeldig-chat\/","og_locale":"da_DK","og_type":"article","og_title":"Free Random Chat with Random Chat on Strangercam.com","og_description":"Liking Free Random Chat? Join millions on StrangerCam.com! Start a random video chat, turn on your cam, and meet strangers instantly.","og_url":"https:\/\/strangercam.com\/da\/gratis-tilfaeldig-chat\/","og_site_name":"Strangercam","article_publisher":"https:\/\/www.facebook.com\/strangercam","article_modified_time":"2025-09-03T11:31:40+00:00","og_image":[{"width":800,"height":532,"url":"https:\/\/strangercam.com\/wp-content\/uploads\/2021\/10\/Untitled-2.png","type":"image\/png"}],"twitter_card":"summary_large_image","twitter_site":"@strangercamapp","twitter_misc":{"Estimeret l\u00e6setid":"5 minutter"},"schema":{"@context":"https:\/\/schema.org","@graph":[{"@type":"WebPage","@id":"https:\/\/strangercam.com\/free-random-chat\/","url":"https:\/\/strangercam.com\/free-random-chat\/","name":"Gratis tilf\u00e6ldig chat med tilf\u00e6ldig chat p\u00e5 Strangercam.com","isPartOf":{"@id":"https:\/\/strangercam.com\/#website"},"datePublished":"2025-08-28T15:19:09+00:00","dateModified":"2025-09-03T11:31:40+00:00","description":"Kan du lide gratis tilf\u00e6ldig chat? Join millioner p\u00e5 StrangerCam.com! Start en tilf\u00e6ldig videochat, t\u00e6nd for dit kamera, og m\u00f8d fremmede med det samme.","breadcrumb":{"@id":"https:\/\/strangercam.com\/free-random-chat\/#breadcrumb"},"inLanguage":"da-DK","potentialAction":[{"@type":"ReadAction","target":["https:\/\/strangercam.com\/free-random-chat\/"]}]},{"@type":"BreadcrumbList","@id":"https:\/\/strangercam.com\/free-random-chat\/#breadcrumb","itemListElement":[{"@type":"ListItem","position":1,"name":"Home","item":"https:\/\/strangercam.com\/"},{"@type":"ListItem","position":2,"name":"Free Random Chat"}]},{"@type":"WebSite","@id":"https:\/\/strangercam.com\/#website","url":"https:\/\/strangercam.com\/","name":"Strangercam","description":"Tilf\u00e6ldig videochat med fremmede","publisher":{"@id":"https:\/\/strangercam.com\/#organization"},"alternateName":"Strangercam.com","potentialAction":[{"@type":"SearchAction","target":{"@type":"EntryPoint","urlTemplate":"https:\/\/strangercam.com\/?s={search_term_string}"},"query-input":{"@type":"PropertyValueSpecification","valueRequired":true,"valueName":"search_term_string"}}],"inLanguage":"da-DK"},{"@type":"Organization","@id":"https:\/\/strangercam.com\/#organization","name":"Strangercam","alternateName":"Strangercam.com","url":"https:\/\/strangercam.com\/","logo":{"@type":"ImageObject","inLanguage":"da-DK","@id":"https:\/\/strangercam.com\/#\/schema\/logo\/image\/","url":"https:\/\/strangercam.com\/wp-content\/uploads\/2020\/11\/cropped-new-favicon-black.png","contentUrl":"https:\/\/strangercam.com\/wp-content\/uploads\/2020\/11\/cropped-new-favicon-black.png","width":512,"height":512,"caption":"Strangercam"},"image":{"@id":"https:\/\/strangercam.com\/#\/schema\/logo\/image\/"},"sameAs":["https:\/\/www.facebook.com\/strangercam","https:\/\/x.com\/strangercamapp"]}]}},"_links":{"self":[{"href":"https:\/\/strangercam.com\/da\/wp-json\/wp\/v2\/pages\/3935","targetHints":{"allow":["GET"]}}],"collection":[{"href":"https:\/\/strangercam.com\/da\/wp-json\/wp\/v2\/pages"}],"about":[{"href":"https:\/\/strangercam.com\/da\/wp-json\/wp\/v2\/types\/page"}],"author":[{"embeddable":true,"href":"https:\/\/strangercam.com\/da\/wp-json\/wp\/v2\/users\/8"}],"replies":[{"embeddable":true,"href":"https:\/\/strangercam.com\/da\/wp-json\/wp\/v2\/comments?post=3935"}],"version-history":[{"count":1,"href":"https:\/\/strangercam.com\/da\/wp-json\/wp\/v2\/pages\/3935\/revisions"}],"predecessor-version":[{"id":12978,"href":"https:\/\/strangercam.com\/da\/wp-json\/wp\/v2\/pages\/3935\/revisions\/12978"}],"wp:attachment":[{"href":"https:\/\/strangercam.com\/da\/wp-json\/wp\/v2\/media?parent=3935"}],"curies":[{"name":"wp","href":"https:\/\/api.w.org\/{rel}","templated":true}]}}