{"id":3918,"date":"2025-08-28T17:12:57","date_gmt":"2025-08-28T15:12:57","guid":{"rendered":"https:\/\/strangercam.com\/?page_id=3918"},"modified":"2025-09-03T13:31:29","modified_gmt":"2025-09-03T11:31:29","slug":"tal-med-fremmede-via-videoopkald","status":"publish","type":"page","link":"https:\/\/strangercam.com\/da\/talk-to-strangers-video-call\/","title":{"rendered":"Tal med fremmede videoopkald"},"content":{"rendered":"<p>Har du ledt efter en m\u00e5de at tale med fremmede p\u00e5 i videoopkaldsstil? Du er ikke alene. Siden fremkomsten af tilf\u00e6ldige <a href=\"https:\/\/strangercam.com\/da\/chathub\/\">chat<\/a> platforme som <a href=\"https:\/\/strangercam.com\/da\/omegle\/\">Omegle<\/a>, <a href=\"https:\/\/strangercam.com\/da\/chatroulette\/\">Chatroulette<\/a>, og deres moderne efterf\u00f8lgere, har millioner af mennesker benyttet sig af live videoopkald med fremmede for at f\u00e5 nye venner, nyde afslappede samtaler eller bare bek\u00e6mpe kedsomhed.<\/p>\n<p>I dag g\u00f8r platforme som StrangerCam det nemmere end nogensinde at nyde et gratis videoopkald med fremmede - ingen tilmeldinger, ingen downloads og ingen skjulte gebyrer. Uanset om du vil chatte afslappet, flirte, l\u00e6re om forskellige kulturer eller bare grine med en ny person, giver online videoopkald med fremmede dig \u00f8jeblikkelig adgang til rigtige mennesker over hele verden.<\/p>\n<p>I denne guide d\u00e6kker vi alt, hvad du har brug for at vide: hvad fremmede videoopkald er, hvorfor de er s\u00e5 popul\u00e6re, hvordan de fungerer, hvilke funktioner du skal kigge efter, sammenligninger af de bedste platforme, sikkerhedstips, og hvorfor StrangerCam er et af de bedste valg i 2025.<\/p>\n<h2>Hvad betyder \"Talk to Strangers Video Call\"?<\/h2>\n<p>N\u00e5r du taler med fremmede via videoopkald, bruger du dit webcam og din mikrofon til at f\u00e5 \u00f8jeblikkelig kontakt med tilf\u00e6ldige mennesker online. I mods\u00e6tning til sociale netv\u00e6rk eller dating-apps, hvor samtaler kan f\u00f8les forcerede eller langsomme, er videoopkald med fremmede spontane og \u00e6gte.<\/p>\n<p>Du beh\u00f8ver ikke at oprette en profil, uploade billeder eller bruge timer p\u00e5 at scrolle. Du skal bare klikke p\u00e5 en knap, og s\u00e5 st\u00e5r du ansigt til ansigt med en ny person. Hvis du ikke bryder dig om chatten, kan du trykke p\u00e5 N\u00e6ste og blive sat i forbindelse med en anden p\u00e5 f\u00e5 sekunder.<\/p>\n<h2>Hvorfor folk elsker gratis videoopkald med fremmede<\/h2>\n<p>Appellen fra gratis videoopkaldsplatforme til fremmede er tydelig:<\/p>\n<ul>\n<li>\u00c6gte menneskelig interaktion - I mods\u00e6tning til tekstchat sikrer video, at du taler med en rigtig person.<\/li>\n<li>Spontanitet - Hvert opkald er unikt, overraskende og uforudsigeligt.<\/li>\n<li>Ingen forpligtelse - Der kr\u00e6ves ingen konti eller tilmeldinger; du kan forlade os n\u00e5r som helst.<\/li>\n<li>Global r\u00e6kkevidde - M\u00f8d fremmede fra hele verden med det samme.<\/li>\n<li>Venskab og flirt - Nogle mennesker bruger det til at f\u00e5 venner, andre til letbenet, afslappet sjov.<\/li>\n<li>Quick Escape - Perfekt, n\u00e5r du keder dig eller vil have en social pause.<\/li>\n<\/ul>\n<h2>Hvordan fungerer et videoopkald fra en fremmed?<\/h2>\n<p>Processen er hurtig og begyndervenlig:<\/p>\n<ol>\n<li>\u00c5bn platformen (som StrangerCam) p\u00e5 din enhed.<\/li>\n<li>Giv adgang til dit kamera og din mikrofon.<\/li>\n<li>Klik p\u00e5 \"Start chat\". Du bliver straks sat i forbindelse med en tilf\u00e6ldig fremmed.<\/li>\n<li>Tal live via videoopkald.<\/li>\n<li>Klik p\u00e5 \"N\u00e6ste\", hvis du gerne vil m\u00f8de en ny.<\/li>\n<\/ol>\n<p>Denne enkle ops\u00e6tning g\u00f8r det til en af de hurtigste m\u00e5der at komme i kontakt med mennesker over hele verden.<\/p>\n<h2>De bedste funktioner at kigge efter<\/h2>\n<p>N\u00e5r du leder efter det bedste sted at tale med fremmede via videoopkald, er her de funktioner, der betyder mest:<\/p>\n<h3>1. Virkelig fri adgang<\/h3>\n<p>Platformen skal give dig ubegr\u00e6nset adgang uden betalingsmure.<\/p>\n<h3>2. Ingen tilmelding n\u00f8dvendig<\/h3>\n<p>De bedste platforme kr\u00e6ver ikke konti, logins eller personlige oplysninger.<\/p>\n<h3>3. Filtre for k\u00f8n og placering<\/h3>\n<p>V\u00e6lg, hvem du vil tale med - om det er piger, fyre eller folk fra bestemte lande.<\/p>\n<h3>4. St\u00e6rk moderation<\/h3>\n<p>Platforme b\u00f8r have v\u00e6rkt\u00f8jer til at rapportere, blokere og holde rummet sikkert.<\/p>\n<h3>5. Mobilvenlig oplevelse<\/h3>\n<p>S\u00f8rg for, at platformen fungerer godt p\u00e5 b\u00e5de telefoner og computere.<\/p>\n<h3>6. Video og lyd i h\u00f8j kvalitet<\/h3>\n<p>Klare og smidige forbindelser g\u00f8r samtalen sjovere.<\/p>\n<h2>De bedste platforme til at tale med fremmede via videoopkald i 2025<\/h2>\n<p>Her er en sammenligning af de bedste platforme til fremmede videoopkald:<\/p>\n<table>\n<thead>\n<tr>\n<th>Platform<\/th>\n<th align=\"center\">Fri adgang<\/th>\n<th align=\"center\">K\u00f8nsfilter<\/th>\n<th align=\"center\">Tilmelding n\u00f8dvendig<\/th>\n<th align=\"center\">Mobil support<\/th>\n<th align=\"center\">Moderation<\/th>\n<th>Noter<\/th>\n<\/tr>\n<\/thead>\n<tbody>\n<tr>\n<td>StrangerCam<\/td>\n<td align=\"center\">\u2705<\/td>\n<td align=\"center\">\u2705 (gratis)<\/td>\n<td align=\"center\">\u274c<\/td>\n<td align=\"center\">\u2705<\/td>\n<td align=\"center\">\u2705<\/td>\n<td>Bedste samlede valg, virkelig gratis<\/td>\n<\/tr>\n<tr>\n<td>Chatroulette<\/td>\n<td align=\"center\">\u2705<\/td>\n<td align=\"center\">\u274c (Betalt)<\/td>\n<td align=\"center\">\u274c<\/td>\n<td align=\"center\">\u2705<\/td>\n<td align=\"center\">\u2705<\/td>\n<td>Klassisk, men med l\u00e5ste k\u00f8nsfiltre<\/td>\n<\/tr>\n<tr>\n<td>Chatrandom<\/td>\n<td align=\"center\">\u2705<\/td>\n<td align=\"center\">\u274c (Betalt)<\/td>\n<td align=\"center\">\u274c<\/td>\n<td align=\"center\">\u2705<\/td>\n<td align=\"center\">\u2705<\/td>\n<td>Stor brugerbase, f\u00f8rsteklasses filtre<\/td>\n<\/tr>\n<tr>\n<td><a href=\"https:\/\/strangercam.com\/da\/ometv\/\">OmeTV<\/a><\/td>\n<td align=\"center\">\u2705<\/td>\n<td align=\"center\">\u274c<\/td>\n<td align=\"center\">\u274c<\/td>\n<td align=\"center\">\u2705<\/td>\n<td align=\"center\">\u2705<\/td>\n<td>Kun tilf\u00e6ldig, mobilapp tilg\u00e6ngelig<\/td>\n<\/tr>\n<tr>\n<td>Shagle<\/td>\n<td align=\"center\">\u2705<\/td>\n<td align=\"center\">\u274c (Betalt)<\/td>\n<td align=\"center\">\u274c<\/td>\n<td align=\"center\">\u2705<\/td>\n<td align=\"center\">\u2705<\/td>\n<td>Fri adgang, men betalingsmure for filtre<\/td>\n<\/tr>\n<tr>\n<td><a href=\"https:\/\/strangercam.com\/da\/coomeet\/\">CooMeet<\/a><\/td>\n<td align=\"center\">\u274c (Fors\u00f8g)<\/td>\n<td align=\"center\">\u2705<\/td>\n<td align=\"center\">\u2705<\/td>\n<td align=\"center\">\u2705<\/td>\n<td align=\"center\">\u2705<\/td>\n<td>Betalt efter begr\u00e6nset gratis pr\u00f8veperiode<\/td>\n<\/tr>\n<tr>\n<td>LuckyCrush<\/td>\n<td align=\"center\">\u274c<\/td>\n<td align=\"center\">\u2705<\/td>\n<td align=\"center\">\u2705<\/td>\n<td align=\"center\">\u2705<\/td>\n<td align=\"center\">\u2705<\/td>\n<td>Altid betalte, k\u00f8nsbaserede chats<\/td>\n<\/tr>\n<\/tbody>\n<\/table>\n<p>Blandt disse er StrangerCam en af de eneste platforme, der tilbyder gratis, ubegr\u00e6nsede videoopkald med fremmede med et \u00e6gte k\u00f8nsfilter og uden tilmelding.<\/p>\n<h2>Hvorfor StrangerCam er det bedste valg<\/h2>\n<p>StrangerCam skiller sig ud i 2025 som en af de mest p\u00e5lidelige m\u00e5der at tale med fremmede p\u00e5 via videoopkald. Her er hvorfor:<\/p>\n<h3>1. Helt gratis<\/h3>\n<p>Ingen skjulte omkostninger, fors\u00f8g eller kreditsystemer.<\/p>\n<h3>2. Gratis k\u00f8nsfilter<\/h3>\n<p>I mods\u00e6tning til de fleste konkurrenter lader StrangerCam dig v\u00e6lge, hvem du vil m\u00f8de - uden betalingsmure.<\/p>\n<h3>3. Ingen tilmelding eller registrering<\/h3>\n<p>V\u00e6r anonym, og begynd at chatte med det samme.<\/p>\n<h3>4. Sikker og modereret<\/h3>\n<p>St\u00e6rke rapporteringsfunktioner og live moderation g\u00f8r milj\u00f8et mere sikkert.<\/p>\n<h3>5. Global brugerbase<\/h3>\n<p>Fremmede fra over 100 lande er online 24\/7.<\/p>\n<h3>6. Optimeret til alle enheder<\/h3>\n<p>Fungerer perfekt p\u00e5 b\u00e5de mobil og desktop.<\/p>\n<h2>\u00c6gte brugerudtalelser<\/h2>\n<blockquote><p><em>\"Jeg ville have et sted, hvor jeg kunne tale med fremmede via videoopkald uden at blive tvunget til at betale. StrangerCam var den f\u00f8rste platform, der faktisk var gratis.\"<\/em><br \/>\n- Jake, 26 \u00e5r<\/p><\/blockquote>\n<blockquote><p><em>\"Det f\u00f8les mere sikkert end andre sider, jeg har pr\u00f8vet. Jeg kan blokere og springe folk over med det samme, hvis jeg ikke f\u00f8ler mig tryg.\"<\/em><br \/>\n- Leah, 23 \u00e5r<\/p><\/blockquote>\n<blockquote><p><em>\"K\u00f8nsfilteret virker, uden at man skal betale ekstra, hvilket er sj\u00e6ldent i dag.\"<\/em><br \/>\n- Marcus, 29 \u00e5r<\/p><\/blockquote>\n<blockquote><p><em>\"Hurtigt, enkelt og sjovt. Jeg har allerede f\u00e5et venner fra tre forskellige lande.\"<\/em><br \/>\n- Sophia, 21 \u00e5r<\/p><\/blockquote>\n<h2>Sikkerhedstips til at tale med fremmede via videoopkald<\/h2>\n<p>Selv om fremmede videoopkald er sjove, er sikkerhed vigtig:<\/p>\n<ul>\n<li>Del aldrig personlige oplysninger (telefonnummer, adresse, e-mail).<\/li>\n<li>Undg\u00e5 at klikke p\u00e5 links sendt af fremmede.<\/li>\n<li>Brug knappen \"N\u00e6ste\", hvis du er utryg.<\/li>\n<li>Tjek din baggrund for at undg\u00e5 at afsl\u00f8re private detaljer.<\/li>\n<li>Hold dig til platformsv\u00e6rkt\u00f8jer til blokering og rapportering.<\/li>\n<li>Respekter aldersreglerne - hvis du er under 18 \u00e5r, skal du ikke bruge platforme for voksne.<\/li>\n<\/ul>\n<h2>S\u00e5dan kommer du i gang - trin for trin<\/h2>\n<p>Det tager mindre end et minut at starte et fremmed videoopkald:<\/p>\n<ol>\n<li>\u00c5bn StrangerCam i din browser eller p\u00e5 din enhed.<\/li>\n<li>Tillad adgang til webkamera og mikrofon.<\/li>\n<li>V\u00e6lg pr\u00e6ferencer (som f.eks. k\u00f8nsfiltre).<\/li>\n<li>Klik p\u00e5 Start chat for at oprette forbindelse med det samme.<\/li>\n<li>Tal med fremmede ansigt til ansigt, og klik p\u00e5 N\u00e6ste n\u00e5r som helst for at starte en ny chat.<\/li>\n<\/ol>\n<p>Hurtigt, nemt og helt gratis.<\/p>\n<h2>Ofte stillede sp\u00f8rgsm\u00e5l<\/h2>\n<h3>Er det virkelig gratis at tale med fremmede via videoopkald?<\/h3>\n<p>Ja, StrangerCam tilbyder ubegr\u00e6nsede videoopkald med fremmede uden skjulte omkostninger.<\/p>\n<h3>Skal jeg registrere mig?<\/h3>\n<p>Nej. StrangerCam kr\u00e6ver ikke tilmeldinger eller konti.<\/p>\n<h3>Er menneskene virkelige?<\/h3>\n<p>Ja, det er det. Live video sikrer, at du taler med rigtige mennesker, ikke bots.<\/p>\n<h3>Kan jeg bruge den p\u00e5 min telefon?<\/h3>\n<p>Ja, StrangerCam er fuldt ud mobilvenlig.<\/p>\n<h3>Er det sikkert?<\/h3>\n<p>Ja, s\u00e5 l\u00e6nge du f\u00f8lger sikkerhedstips og bruger StrangerCams moderationsv\u00e6rkt\u00f8jer.<\/p>\n<h2>Afsluttende tanker - pr\u00f8v gratis videoopkald med fremmede i dag<\/h2>\n<p>I 2025 er en af de nemmeste og sjoveste m\u00e5der at m\u00f8de nye mennesker p\u00e5 at tale med fremmede via videoopkald. Det er spontant, gratis og giver dig rigtige forbindelser p\u00e5 f\u00e5 sekunder.<\/p>\n<p>Men ikke alle platforme leverer varen. Mange sider skjuler k\u00f8nsfiltre bag betalingsmure eller fylder deres f\u00e6llesskaber med bots. Derfor er StrangerCam det bedste valg: Det er gratis, sikkert, anonymt og fyldt med globale brugere, der er klar til at m\u00f8de dig.<\/p>\n<p>Er du klar til at komme i kontakt? Start et gratis videoopkald med fremmede i dag, og se, hvem du m\u00f8der n\u00e6ste gang.<\/p>","protected":false},"excerpt":{"rendered":"<p>Have you been searching for a way to talk to strangers video call style? You\u2019re not alone. Since the rise of random chat platforms like Omegle, Chatroulette, and their modern successors, millions of people have turned to live video calls with strangers to make new friends, enjoy casual conversations, or simply beat boredom. Today, platforms [&hellip;]<\/p>\n","protected":false},"author":8,"featured_media":0,"parent":0,"menu_order":0,"comment_status":"closed","ping_status":"closed","template":"","meta":{"footnotes":""},"class_list":["post-3918","page","type-page","status-publish","hentry"],"yoast_head":"<!-- This site is optimized with the Yoast SEO plugin v27.4 - https:\/\/yoast.com\/product\/yoast-seo-wordpress\/ -->\n<title>Talk to Strangers Video Call on Strangercam.com<\/title>\n<meta name=\"description\" content=\"Liking Talk to Strangers Video Call? Join millions on StrangerCam.com! Start a random video chat, turn on your cam, and meet strangers instantly.\" \/>\n<meta name=\"robots\" content=\"index, follow, max-snippet:-1, max-image-preview:large, max-video-preview:-1\" \/>\n<link rel=\"canonical\" href=\"https:\/\/strangercam.com\/da\/tal-med-fremmede-via-videoopkald\/\" \/>\n<meta property=\"og:locale\" content=\"da_DK\" \/>\n<meta property=\"og:type\" content=\"article\" \/>\n<meta property=\"og:title\" content=\"Talk to Strangers Video Call on Strangercam.com\" \/>\n<meta property=\"og:description\" content=\"Liking Talk to Strangers Video Call? Join millions on StrangerCam.com! Start a random video chat, turn on your cam, and meet strangers instantly.\" \/>\n<meta property=\"og:url\" content=\"https:\/\/strangercam.com\/da\/tal-med-fremmede-via-videoopkald\/\" \/>\n<meta property=\"og:site_name\" content=\"Strangercam\" \/>\n<meta property=\"article:publisher\" content=\"https:\/\/www.facebook.com\/strangercam\" \/>\n<meta property=\"article:modified_time\" content=\"2025-09-03T11:31:29+00:00\" \/>\n<meta property=\"og:image\" content=\"https:\/\/strangercam.com\/wp-content\/uploads\/2021\/10\/Untitled-2.png\" \/>\n\t<meta property=\"og:image:width\" content=\"800\" \/>\n\t<meta property=\"og:image:height\" content=\"532\" \/>\n\t<meta property=\"og:image:type\" content=\"image\/png\" \/>\n<meta name=\"twitter:card\" content=\"summary_large_image\" \/>\n<meta name=\"twitter:site\" content=\"@strangercamapp\" \/>\n<meta name=\"twitter:label1\" content=\"Estimeret l\u00e6setid\" \/>\n\t<meta name=\"twitter:data1\" content=\"5 minutter\" \/>\n<script type=\"application\/ld+json\" class=\"yoast-schema-graph\">{\"@context\":\"https:\\\/\\\/schema.org\",\"@graph\":[{\"@type\":\"WebPage\",\"@id\":\"https:\\\/\\\/strangercam.com\\\/talk-to-strangers-video-call\\\/\",\"url\":\"https:\\\/\\\/strangercam.com\\\/talk-to-strangers-video-call\\\/\",\"name\":\"Talk to Strangers Video Call on Strangercam.com\",\"isPartOf\":{\"@id\":\"https:\\\/\\\/strangercam.com\\\/#website\"},\"datePublished\":\"2025-08-28T15:12:57+00:00\",\"dateModified\":\"2025-09-03T11:31:29+00:00\",\"description\":\"Liking Talk to Strangers Video Call? Join millions on StrangerCam.com! Start a random video chat, turn on your cam, and meet strangers instantly.\",\"breadcrumb\":{\"@id\":\"https:\\\/\\\/strangercam.com\\\/talk-to-strangers-video-call\\\/#breadcrumb\"},\"inLanguage\":\"da-DK\",\"potentialAction\":[{\"@type\":\"ReadAction\",\"target\":[\"https:\\\/\\\/strangercam.com\\\/talk-to-strangers-video-call\\\/\"]}]},{\"@type\":\"BreadcrumbList\",\"@id\":\"https:\\\/\\\/strangercam.com\\\/talk-to-strangers-video-call\\\/#breadcrumb\",\"itemListElement\":[{\"@type\":\"ListItem\",\"position\":1,\"name\":\"Home\",\"item\":\"https:\\\/\\\/strangercam.com\\\/\"},{\"@type\":\"ListItem\",\"position\":2,\"name\":\"Talk to Strangers Video Call\"}]},{\"@type\":\"WebSite\",\"@id\":\"https:\\\/\\\/strangercam.com\\\/#website\",\"url\":\"https:\\\/\\\/strangercam.com\\\/\",\"name\":\"Strangercam\",\"description\":\"Random Video Chat with Strangers\",\"publisher\":{\"@id\":\"https:\\\/\\\/strangercam.com\\\/#organization\"},\"alternateName\":\"Strangercam.com\",\"potentialAction\":[{\"@type\":\"SearchAction\",\"target\":{\"@type\":\"EntryPoint\",\"urlTemplate\":\"https:\\\/\\\/strangercam.com\\\/?s={search_term_string}\"},\"query-input\":{\"@type\":\"PropertyValueSpecification\",\"valueRequired\":true,\"valueName\":\"search_term_string\"}}],\"inLanguage\":\"da-DK\"},{\"@type\":\"Organization\",\"@id\":\"https:\\\/\\\/strangercam.com\\\/#organization\",\"name\":\"Strangercam\",\"alternateName\":\"Strangercam.com\",\"url\":\"https:\\\/\\\/strangercam.com\\\/\",\"logo\":{\"@type\":\"ImageObject\",\"inLanguage\":\"da-DK\",\"@id\":\"https:\\\/\\\/strangercam.com\\\/#\\\/schema\\\/logo\\\/image\\\/\",\"url\":\"https:\\\/\\\/strangercam.com\\\/wp-content\\\/uploads\\\/2020\\\/11\\\/cropped-new-favicon-black.png\",\"contentUrl\":\"https:\\\/\\\/strangercam.com\\\/wp-content\\\/uploads\\\/2020\\\/11\\\/cropped-new-favicon-black.png\",\"width\":512,\"height\":512,\"caption\":\"Strangercam\"},\"image\":{\"@id\":\"https:\\\/\\\/strangercam.com\\\/#\\\/schema\\\/logo\\\/image\\\/\"},\"sameAs\":[\"https:\\\/\\\/www.facebook.com\\\/strangercam\",\"https:\\\/\\\/x.com\\\/strangercamapp\"]}]}<\/script>\n<!-- \/ Yoast SEO plugin. -->","yoast_head_json":{"title":"Talk to Strangers Video Call p\u00e5 Strangercam.com","description":"Kan du lide at tale med fremmede videoopkald? Join millioner p\u00e5 StrangerCam.com! Start en tilf\u00e6ldig videochat, t\u00e6nd for dit kamera, og m\u00f8d fremmede med det samme.","robots":{"index":"index","follow":"follow","max-snippet":"max-snippet:-1","max-image-preview":"max-image-preview:large","max-video-preview":"max-video-preview:-1"},"canonical":"https:\/\/strangercam.com\/da\/tal-med-fremmede-via-videoopkald\/","og_locale":"da_DK","og_type":"article","og_title":"Talk to Strangers Video Call on Strangercam.com","og_description":"Liking Talk to Strangers Video Call? Join millions on StrangerCam.com! Start a random video chat, turn on your cam, and meet strangers instantly.","og_url":"https:\/\/strangercam.com\/da\/tal-med-fremmede-via-videoopkald\/","og_site_name":"Strangercam","article_publisher":"https:\/\/www.facebook.com\/strangercam","article_modified_time":"2025-09-03T11:31:29+00:00","og_image":[{"width":800,"height":532,"url":"https:\/\/strangercam.com\/wp-content\/uploads\/2021\/10\/Untitled-2.png","type":"image\/png"}],"twitter_card":"summary_large_image","twitter_site":"@strangercamapp","twitter_misc":{"Estimeret l\u00e6setid":"5 minutter"},"schema":{"@context":"https:\/\/schema.org","@graph":[{"@type":"WebPage","@id":"https:\/\/strangercam.com\/talk-to-strangers-video-call\/","url":"https:\/\/strangercam.com\/talk-to-strangers-video-call\/","name":"Talk to Strangers Video Call p\u00e5 Strangercam.com","isPartOf":{"@id":"https:\/\/strangercam.com\/#website"},"datePublished":"2025-08-28T15:12:57+00:00","dateModified":"2025-09-03T11:31:29+00:00","description":"Kan du lide at tale med fremmede videoopkald? Join millioner p\u00e5 StrangerCam.com! Start en tilf\u00e6ldig videochat, t\u00e6nd for dit kamera, og m\u00f8d fremmede med det samme.","breadcrumb":{"@id":"https:\/\/strangercam.com\/talk-to-strangers-video-call\/#breadcrumb"},"inLanguage":"da-DK","potentialAction":[{"@type":"ReadAction","target":["https:\/\/strangercam.com\/talk-to-strangers-video-call\/"]}]},{"@type":"BreadcrumbList","@id":"https:\/\/strangercam.com\/talk-to-strangers-video-call\/#breadcrumb","itemListElement":[{"@type":"ListItem","position":1,"name":"Home","item":"https:\/\/strangercam.com\/"},{"@type":"ListItem","position":2,"name":"Talk to Strangers Video Call"}]},{"@type":"WebSite","@id":"https:\/\/strangercam.com\/#website","url":"https:\/\/strangercam.com\/","name":"Strangercam","description":"Tilf\u00e6ldig videochat med fremmede","publisher":{"@id":"https:\/\/strangercam.com\/#organization"},"alternateName":"Strangercam.com","potentialAction":[{"@type":"SearchAction","target":{"@type":"EntryPoint","urlTemplate":"https:\/\/strangercam.com\/?s={search_term_string}"},"query-input":{"@type":"PropertyValueSpecification","valueRequired":true,"valueName":"search_term_string"}}],"inLanguage":"da-DK"},{"@type":"Organization","@id":"https:\/\/strangercam.com\/#organization","name":"Strangercam","alternateName":"Strangercam.com","url":"https:\/\/strangercam.com\/","logo":{"@type":"ImageObject","inLanguage":"da-DK","@id":"https:\/\/strangercam.com\/#\/schema\/logo\/image\/","url":"https:\/\/strangercam.com\/wp-content\/uploads\/2020\/11\/cropped-new-favicon-black.png","contentUrl":"https:\/\/strangercam.com\/wp-content\/uploads\/2020\/11\/cropped-new-favicon-black.png","width":512,"height":512,"caption":"Strangercam"},"image":{"@id":"https:\/\/strangercam.com\/#\/schema\/logo\/image\/"},"sameAs":["https:\/\/www.facebook.com\/strangercam","https:\/\/x.com\/strangercamapp"]}]}},"_links":{"self":[{"href":"https:\/\/strangercam.com\/da\/wp-json\/wp\/v2\/pages\/3918","targetHints":{"allow":["GET"]}}],"collection":[{"href":"https:\/\/strangercam.com\/da\/wp-json\/wp\/v2\/pages"}],"about":[{"href":"https:\/\/strangercam.com\/da\/wp-json\/wp\/v2\/types\/page"}],"author":[{"embeddable":true,"href":"https:\/\/strangercam.com\/da\/wp-json\/wp\/v2\/users\/8"}],"replies":[{"embeddable":true,"href":"https:\/\/strangercam.com\/da\/wp-json\/wp\/v2\/comments?post=3918"}],"version-history":[{"count":2,"href":"https:\/\/strangercam.com\/da\/wp-json\/wp\/v2\/pages\/3918\/revisions"}],"predecessor-version":[{"id":12977,"href":"https:\/\/strangercam.com\/da\/wp-json\/wp\/v2\/pages\/3918\/revisions\/12977"}],"wp:attachment":[{"href":"https:\/\/strangercam.com\/da\/wp-json\/wp\/v2\/media?parent=3918"}],"curies":[{"name":"wp","href":"https:\/\/api.w.org\/{rel}","templated":true}]}}