{"id":3634,"date":"2025-08-18T13:16:01","date_gmt":"2025-08-18T11:16:01","guid":{"rendered":"https:\/\/strangercam.com\/?page_id=3634"},"modified":"2025-08-18T14:15:47","modified_gmt":"2025-08-18T12:15:47","slug":"tilfaeldigt-videoopkald","status":"publish","type":"page","link":"https:\/\/strangercam.com\/da\/random-video-call\/","title":{"rendered":"Tilf\u00e6ldigt videoopkald"},"content":{"rendered":"<p>Har du ledt efter den bedste m\u00e5de at nyde et tilf\u00e6ldigt videoopkald p\u00e5? Du er ikke alene. Millioner af mennesker over hele verden bruger tilf\u00e6ldige videoopkaldsplatforme hver dag til at m\u00f8de fremmede, f\u00e5 nye venner, flirte eller bare f\u00e5 tiden til at g\u00e5. I mods\u00e6tning til sociale medier eller dating-apps, hvor samtaler kan f\u00f8les tvungne eller langsomme, er tilf\u00e6ldige videoopkald \u00f8jeblikkelige, spontane og \u00e6gte.<\/p>\n<p>Med platforme som StrangerCam kan du starte et gratis tilf\u00e6ldigt videoopkald lige nu - ingen tilmeldinger, ingen downloads og ingen skjulte gebyrer. Det er en af de nemmeste m\u00e5der at komme i kontakt med folk ansigt til ansigt, hvor som helst i verden og n\u00e5r som helst.<\/p>\n<p>Denne guide forklarer alt, hvad du har brug for at vide om tilf\u00e6ldige videoopkald: hvordan de fungerer, hvorfor de er blevet s\u00e5 popul\u00e6re, de bedste funktioner, du skal kigge efter, sammenligninger af de bedste platforme, sikkerhedstips og hvorfor StrangerCam skiller sig ud som et af de bedste valg i 2025.<\/p>\n<h2>Hvad er et tilf\u00e6ldigt videoopkald?<\/h2>\n<p>Et tilf\u00e6ldigt videoopkald er en onlinefunktion, der forbinder dig \u00f8jeblikkeligt med en fremmed via live webcam og lyd. Du ved ikke, hvem du m\u00f8der, f\u00f8r du er forbundet - det kan v\u00e6re nogen i n\u00e6rheden eller nogen, der er tusindvis af kilometer v\u00e6k.<\/p>\n<p>Det smukke ved tilf\u00e6ldige videoopkald ligger i deres uforudsigelighed. Hver eneste <a href=\"https:\/\/strangercam.com\/da\/chathub\/\">chat<\/a> er unik. Du m\u00f8der m\u00e5ske en ny ven, griner sammen med nogen p\u00e5 den anden side af jorden eller har bare en sjov samtale p\u00e5 to minutter, f\u00f8r du klikker p\u00e5 \u201cN\u00e6ste\u201d for at pr\u00f8ve igen.<\/p>\n<h2>Hvorfor folk elsker gratis tilf\u00e6ldige videoopkald<\/h2>\n<p>Populariteten af gratis tilf\u00e6ldige videoopkald er vokset massivt i l\u00f8bet af det sidste \u00e5rti. Her er hvorfor:<\/p>\n<ul>\n<li>Spontan sjov - Hvert opkald er en overraskelse, som g\u00f8r oplevelsen sp\u00e6ndende.<\/li>\n<li>\u00c6gte forbindelser - I mods\u00e6tning til tekstchat viser livevideo den rigtige person, ikke en kurateret profil eller en falsk konto.<\/li>\n<li>Ingen forpligtelser - Intet behov for registrering, lange tilmeldinger eller detaljerede biografier. Bare klik og g\u00e5.<\/li>\n<li>Verdensomsp\u00e6ndende r\u00e6kkevidde - M\u00f8d mennesker fra forskellige kulturer og baggrunde med det samme.<\/li>\n<li>Perfekt mod kedsomhed - En hurtig m\u00e5de at slippe ud af rutinen og f\u00e5 gang i nye samtaler.<\/li>\n<li>Venskab eller flirt - Nogle mennesker bruger det til at f\u00e5 nye venner; andre nyder den lette, afslappede flirt.<\/li>\n<\/ul>\n<h2>Hvordan fungerer tilf\u00e6ldige videoopkald?<\/h2>\n<p>Det er hurtigt og enkelt at bruge en tilf\u00e6ldig videoopkaldstjeneste:<\/p>\n<ol>\n<li>\u00c5bn platformen (desktop- eller mobilbrowser).<\/li>\n<li>Tillad adgang til kamera og mikrofon, n\u00e5r du bliver bedt om det.<\/li>\n<li>Klik p\u00e5 \"Start opkald\". Du bliver straks sat i forbindelse med en tilf\u00e6ldig fremmed.<\/li>\n<li>Chat ansigt til ansigt. Hvis du ikke bryder dig om samtalen, skal du trykke p\u00e5 \"N\u00e6ste\" for at komme videre.<\/li>\n<li>Gentag s\u00e5 meget du vil. De fleste tjenester er gratis og ubegr\u00e6nsede.<\/li>\n<\/ol>\n<p>Nogle platforme tilbyder ogs\u00e5 k\u00f8nsfiltre, placeringspr\u00e6ferencer og endda v\u00e6rkt\u00f8jer til automatisk overs\u00e6ttelse af internationale samtaler.<\/p>\n<h2>De bedste funktioner, du skal kigge efter i en tilf\u00e6ldig videoopkaldsplatform<\/h2>\n<p>Ikke alle tilf\u00e6ldige videoopkaldssider er ens. Her er, hvad du skal kigge efter:<\/p>\n<h3>1. Virkelig fri adgang<\/h3>\n<p>Mange sider h\u00e6vder at v\u00e6re gratis, men skubber dig hurtigt ind i betalingsmure. De bedste platforme er virkelig gratis.<\/p>\n<h3>2. Ingen tilmelding p\u00e5kr\u00e6vet<\/h3>\n<p>Undg\u00e5 platforme, der tvinger dig til at registrere dig eller dele personlige oplysninger.<\/p>\n<h3>3. Filtre for k\u00f8n og placering<\/h3>\n<p>Hvis du vil have mere kontrol over, hvem du taler med, g\u00f8r filtre oplevelsen mere smidig.<\/p>\n<h3>4. Sikker moderation<\/h3>\n<p>St\u00e6rke rapporteringsv\u00e6rkt\u00f8jer og moderation beskytter dig mod spam, bots og upassende adf\u00e6rd.<\/p>\n<h3>5. Mobilvenligt design<\/h3>\n<p>En god platform b\u00f8r fungere lige s\u00e5 godt p\u00e5 din telefon som p\u00e5 din computer.<\/p>\n<h3>6. Video og lyd i h\u00f8j kvalitet<\/h3>\n<p>Klar, forsinkelsesfri video er afg\u00f8rende for en behagelig chat.<\/p>\n<h2>Bedste tilf\u00e6ldige videoopkaldsplatforme i 2025<\/h2>\n<p>Her er en sammenligning af nogle af de mest popul\u00e6re sider til tilf\u00e6ldige videoopkald:<\/p>\n<table>\n<thead>\n<tr>\n<th>Platform<\/th>\n<th align=\"center\">Fri adgang<\/th>\n<th align=\"center\">K\u00f8nsfilter<\/th>\n<th align=\"center\">Tilmelding n\u00f8dvendig<\/th>\n<th align=\"center\">Mobil support<\/th>\n<th align=\"center\">Moderation<\/th>\n<th>Noter<\/th>\n<\/tr>\n<\/thead>\n<tbody>\n<tr>\n<td>StrangerCam<\/td>\n<td align=\"center\">\u2705<\/td>\n<td align=\"center\">\u2705 (gratis)<\/td>\n<td align=\"center\">\u274c<\/td>\n<td align=\"center\">\u2705<\/td>\n<td align=\"center\">\u2705<\/td>\n<td>Bedste samlede valg, virkelig gratis<\/td>\n<\/tr>\n<tr>\n<td><a href=\"https:\/\/strangercam.com\/da\/chatroulette\/\">Chatroulette<\/a><\/td>\n<td align=\"center\">\u2705<\/td>\n<td align=\"center\">\u274c (Betalt)<\/td>\n<td align=\"center\">\u274c<\/td>\n<td align=\"center\">\u2705<\/td>\n<td align=\"center\">\u2705<\/td>\n<td>Klassisk mulighed, men betalingsmure for filtre<\/td>\n<\/tr>\n<tr>\n<td>Chatrandom<\/td>\n<td align=\"center\">\u2705<\/td>\n<td align=\"center\">\u274c (Betalt)<\/td>\n<td align=\"center\">\u274c<\/td>\n<td align=\"center\">\u2705<\/td>\n<td align=\"center\">\u2705<\/td>\n<td>Popul\u00e6r, men filtre l\u00e5st bag betaling<\/td>\n<\/tr>\n<tr>\n<td><a href=\"https:\/\/strangercam.com\/da\/ometv\/\">OmeTV<\/a><\/td>\n<td align=\"center\">\u2705<\/td>\n<td align=\"center\">\u274c<\/td>\n<td align=\"center\">\u274c<\/td>\n<td align=\"center\">\u2705<\/td>\n<td align=\"center\">\u2705<\/td>\n<td>Mobilapp, kun tilf\u00e6ldig matchning<\/td>\n<\/tr>\n<tr>\n<td>Shagle<\/td>\n<td align=\"center\">\u2705<\/td>\n<td align=\"center\">\u274c (Betalt)<\/td>\n<td align=\"center\">\u274c<\/td>\n<td align=\"center\">\u2705<\/td>\n<td align=\"center\">\u2705<\/td>\n<td>Mange funktioner er l\u00e5st i premium-versionen<\/td>\n<\/tr>\n<tr>\n<td><a href=\"https:\/\/strangercam.com\/da\/coomeet\/\">CooMeet<\/a><\/td>\n<td align=\"center\">\u274c (Fors\u00f8g)<\/td>\n<td align=\"center\">\u2705<\/td>\n<td align=\"center\">\u2705<\/td>\n<td align=\"center\">\u2705<\/td>\n<td align=\"center\">\u2705<\/td>\n<td>Betalt efter begr\u00e6nset gratis pr\u00f8veperiode<\/td>\n<\/tr>\n<tr>\n<td>LuckyCrush<\/td>\n<td align=\"center\">\u274c<\/td>\n<td align=\"center\">\u2705<\/td>\n<td align=\"center\">\u2705<\/td>\n<td align=\"center\">\u2705<\/td>\n<td align=\"center\">\u2705<\/td>\n<td>Altid betalt, kun k\u00f8nsbaseret chat<\/td>\n<\/tr>\n<\/tbody>\n<\/table>\n<p>StrangerCam er en af de f\u00e5 platforme, der tilbyder gratis tilf\u00e6ldige videoopkald med et fungerende k\u00f8nsfilter, ingen tilmelding og ubegr\u00e6nset brug.<\/p>\n<h2>Hvorfor StrangerCam er det bedste sted til tilf\u00e6ldige videoopkald<\/h2>\n<p>StrangerCam er hurtigt blevet et af de mest p\u00e5lidelige valg for folk, der er p\u00e5 udkig efter tilf\u00e6ldige videoopkald. Her er hvorfor:<\/p>\n<h3>1. Helt gratis<\/h3>\n<p>Ubegr\u00e6nset antal tilf\u00e6ldige videoopkald uden skjulte omkostninger.<\/p>\n<h3>2. Gratis k\u00f8nsfilter<\/h3>\n<p>V\u00e6lg, hvem du vil m\u00f8de - mand, kvinde eller begge dele - uden at betale.<\/p>\n<h3>3. Ingen tilmelding eller registrering<\/h3>\n<p>Forbliv anonym. Bare klik og chat med det samme.<\/p>\n<h3>4. Sikker og modereret<\/h3>\n<p>Aktive rapporteringsv\u00e6rkt\u00f8jer og moderationssystemer holder bots og upassende brugere v\u00e6k.<\/p>\n<h3>5. Global brugerbase<\/h3>\n<p>Folk fra hele verden er online 24\/7, hvilket sikrer en ny oplevelse hver gang.<\/p>\n<h3>6. Mobilvenlig<\/h3>\n<p>Optimeret til telefoner, tablets og computere til problemfri videoopkald overalt.<\/p>\n<h2>\u00c6gte brugerudtalelser<\/h2>\n<blockquote><p><em>\"Jeg har pr\u00f8vet andre sider, men StrangerCam er den eneste, hvor tilf\u00e6ldige videoopkald faktisk var gratis uden skjulte gebyrer.\"<\/em><br \/>\n- Jason, 26 \u00e5r<\/p><\/blockquote>\n<blockquote><p><em>\"K\u00f8nsfilteret virker, og jeg beh\u00f8vede ikke at betale for det. Endelig en platform, der g\u00f8r, hvad den siger!\"<\/em><br \/>\n- Emily, 23 \u00e5r<\/p><\/blockquote>\n<blockquote><p><em>\"Jeg kom i kontakt med folk fra fem forskellige lande p\u00e5 mindre end en time. Det er s\u00e5 vanedannende.\"<\/em><br \/>\n- Ryan, 29 \u00e5r<\/p><\/blockquote>\n<blockquote><p><em>\u201cStrangerCam er det bedste alternativ til <a href=\"https:\/\/strangercam.com\/da\/omegle\/\">Omegle<\/a> Det har jeg fundet. Gratis, sikkert og altid travlt med folk online.\u201d<\/em><br \/>\n- Megan, 21 \u00e5r<\/p><\/blockquote>\n<h2>Sikkerhedstips til tilf\u00e6ldige videoopkald<\/h2>\n<p>Selvom tilf\u00e6ldige videoopkald er sjove, er det vigtigt at v\u00e6re p\u00e5 den sikre side:<\/p>\n<ul>\n<li>Del aldrig personlige oplysninger som din adresse, dit telefonnummer eller dit fulde navn.<\/li>\n<li>Klik ikke p\u00e5 links, der deles af fremmede.<\/li>\n<li>Brug frit knappen \"N\u00e6ste\", hvis du f\u00f8ler dig utilpas.<\/li>\n<li>Tjek din baggrund for at undg\u00e5 at afsl\u00f8re private detaljer.<\/li>\n<li>Rapporter upassende brugere for at holde f\u00e6llesskabet sikkert.<\/li>\n<li>Hvis du er under 18, skal du ikke bruge tilf\u00e6ldige videoopkaldsplatforme for voksne.<\/li>\n<\/ul>\n<h2>S\u00e5dan kommer du i gang - trin for trin<\/h2>\n<p>Det tager mindre end et minut at starte et tilf\u00e6ldigt videoopkald:<\/p>\n<ol>\n<li>\u00c5bn StrangerCam i din browser eller p\u00e5 din enhed.<\/li>\n<li>Giv dit kamera og din mikrofon adgang.<\/li>\n<li>V\u00e6lg pr\u00e6ferencer (k\u00f8nsfilter, hvis det \u00f8nskes).<\/li>\n<li>Klik p\u00e5 Start opkald for at oprette forbindelse med det samme.<\/li>\n<li>Chat ansigt til ansigt. Klik p\u00e5 N\u00e6ste n\u00e5r som helst for at m\u00f8de en ny.<\/li>\n<\/ol>\n<p>S\u00e5dan er det - enkelt, hurtigt og gratis.<\/p>\n<h2>Afsluttende tanker - pr\u00f8v gratis tilf\u00e6ldige videoopkald nu<\/h2>\n<p>I 2025 er tilf\u00e6ldige videoopkald en af de mest sp\u00e6ndende m\u00e5der at komme i kontakt med nye mennesker online. De er hurtige, gratis, spontane og giver dig autentisk menneskelig interaktion med et klik p\u00e5 en knap.<\/p>\n<p>Men ikke alle platforme leverer varen. Mange skjuler vigtige funktioner som k\u00f8nsfiltre bag betalingsmure eller oversv\u00f8mmer deres sider med bots. Derfor er StrangerCam det bedste valg: Det er gratis, sikkert, anonymt og forbinder dig med rigtige mennesker over hele verden.<\/p>\n<p>Er du klar til at opleve det? Pr\u00f8v et gratis tilf\u00e6ldigt videoopkald i dag, og se, hvem du m\u00f8der n\u00e6ste gang.<\/p>","protected":false},"excerpt":{"rendered":"<p>Have you been searching for the best way to enjoy a random video call? You\u2019re not alone. Millions of people across the globe use random video call platforms every day to meet strangers, make new friends, flirt, or simply pass the time. Unlike social media or dating apps, where conversations can feel forced or slow, [&hellip;]<\/p>\n","protected":false},"author":8,"featured_media":0,"parent":0,"menu_order":0,"comment_status":"closed","ping_status":"closed","template":"","meta":{"footnotes":""},"class_list":["post-3634","page","type-page","status-publish","hentry"],"yoast_head":"<!-- This site is optimized with the Yoast SEO plugin v27.4 - https:\/\/yoast.com\/product\/yoast-seo-wordpress\/ -->\n<title>Random Video Call with Random Chat on Strangercam.com<\/title>\n<meta name=\"description\" content=\"Liking Random Video Call? Join millions on StrangerCam.com! Start a random video chat, turn on your cam, and meet strangers instantly.\" \/>\n<meta name=\"robots\" content=\"index, follow, max-snippet:-1, max-image-preview:large, max-video-preview:-1\" \/>\n<link rel=\"canonical\" href=\"https:\/\/strangercam.com\/da\/tilfaeldigt-videoopkald\/\" \/>\n<meta property=\"og:locale\" content=\"da_DK\" \/>\n<meta property=\"og:type\" content=\"article\" \/>\n<meta property=\"og:title\" content=\"Random Video Call with Random Chat on Strangercam.com\" \/>\n<meta property=\"og:description\" content=\"Liking Random Video Call? Join millions on StrangerCam.com! Start a random video chat, turn on your cam, and meet strangers instantly.\" \/>\n<meta property=\"og:url\" content=\"https:\/\/strangercam.com\/da\/tilfaeldigt-videoopkald\/\" \/>\n<meta property=\"og:site_name\" content=\"Strangercam\" \/>\n<meta property=\"article:publisher\" content=\"https:\/\/www.facebook.com\/strangercam\" \/>\n<meta property=\"article:modified_time\" content=\"2025-08-18T12:15:47+00:00\" \/>\n<meta property=\"og:image\" content=\"https:\/\/strangercam.com\/wp-content\/uploads\/2021\/10\/Untitled-2.png\" \/>\n\t<meta property=\"og:image:width\" content=\"800\" \/>\n\t<meta property=\"og:image:height\" content=\"532\" \/>\n\t<meta property=\"og:image:type\" content=\"image\/png\" \/>\n<meta name=\"twitter:card\" content=\"summary_large_image\" \/>\n<meta name=\"twitter:site\" content=\"@strangercamapp\" \/>\n<meta name=\"twitter:label1\" content=\"Estimeret l\u00e6setid\" \/>\n\t<meta name=\"twitter:data1\" content=\"5 minutter\" \/>\n<script type=\"application\/ld+json\" class=\"yoast-schema-graph\">{\"@context\":\"https:\\\/\\\/schema.org\",\"@graph\":[{\"@type\":\"WebPage\",\"@id\":\"https:\\\/\\\/strangercam.com\\\/random-video-call\\\/\",\"url\":\"https:\\\/\\\/strangercam.com\\\/random-video-call\\\/\",\"name\":\"Random Video Call with Random Chat on Strangercam.com\",\"isPartOf\":{\"@id\":\"https:\\\/\\\/strangercam.com\\\/#website\"},\"datePublished\":\"2025-08-18T11:16:01+00:00\",\"dateModified\":\"2025-08-18T12:15:47+00:00\",\"description\":\"Liking Random Video Call? Join millions on StrangerCam.com! Start a random video chat, turn on your cam, and meet strangers instantly.\",\"breadcrumb\":{\"@id\":\"https:\\\/\\\/strangercam.com\\\/random-video-call\\\/#breadcrumb\"},\"inLanguage\":\"da-DK\",\"potentialAction\":[{\"@type\":\"ReadAction\",\"target\":[\"https:\\\/\\\/strangercam.com\\\/random-video-call\\\/\"]}]},{\"@type\":\"BreadcrumbList\",\"@id\":\"https:\\\/\\\/strangercam.com\\\/random-video-call\\\/#breadcrumb\",\"itemListElement\":[{\"@type\":\"ListItem\",\"position\":1,\"name\":\"Home\",\"item\":\"https:\\\/\\\/strangercam.com\\\/\"},{\"@type\":\"ListItem\",\"position\":2,\"name\":\"Random Video Call\"}]},{\"@type\":\"WebSite\",\"@id\":\"https:\\\/\\\/strangercam.com\\\/#website\",\"url\":\"https:\\\/\\\/strangercam.com\\\/\",\"name\":\"Strangercam\",\"description\":\"Random Video Chat with Strangers\",\"publisher\":{\"@id\":\"https:\\\/\\\/strangercam.com\\\/#organization\"},\"alternateName\":\"Strangercam.com\",\"potentialAction\":[{\"@type\":\"SearchAction\",\"target\":{\"@type\":\"EntryPoint\",\"urlTemplate\":\"https:\\\/\\\/strangercam.com\\\/?s={search_term_string}\"},\"query-input\":{\"@type\":\"PropertyValueSpecification\",\"valueRequired\":true,\"valueName\":\"search_term_string\"}}],\"inLanguage\":\"da-DK\"},{\"@type\":\"Organization\",\"@id\":\"https:\\\/\\\/strangercam.com\\\/#organization\",\"name\":\"Strangercam\",\"alternateName\":\"Strangercam.com\",\"url\":\"https:\\\/\\\/strangercam.com\\\/\",\"logo\":{\"@type\":\"ImageObject\",\"inLanguage\":\"da-DK\",\"@id\":\"https:\\\/\\\/strangercam.com\\\/#\\\/schema\\\/logo\\\/image\\\/\",\"url\":\"https:\\\/\\\/strangercam.com\\\/wp-content\\\/uploads\\\/2020\\\/11\\\/cropped-new-favicon-black.png\",\"contentUrl\":\"https:\\\/\\\/strangercam.com\\\/wp-content\\\/uploads\\\/2020\\\/11\\\/cropped-new-favicon-black.png\",\"width\":512,\"height\":512,\"caption\":\"Strangercam\"},\"image\":{\"@id\":\"https:\\\/\\\/strangercam.com\\\/#\\\/schema\\\/logo\\\/image\\\/\"},\"sameAs\":[\"https:\\\/\\\/www.facebook.com\\\/strangercam\",\"https:\\\/\\\/x.com\\\/strangercamapp\"]}]}<\/script>\n<!-- \/ Yoast SEO plugin. -->","yoast_head_json":{"title":"Tilf\u00e6ldigt videoopkald med tilf\u00e6ldig chat p\u00e5 Strangercam.com","description":"Kan du lide tilf\u00e6ldige videoopkald? Join millioner p\u00e5 StrangerCam.com! Start en tilf\u00e6ldig videochat, t\u00e6nd for dit kamera, og m\u00f8d fremmede med det samme.","robots":{"index":"index","follow":"follow","max-snippet":"max-snippet:-1","max-image-preview":"max-image-preview:large","max-video-preview":"max-video-preview:-1"},"canonical":"https:\/\/strangercam.com\/da\/tilfaeldigt-videoopkald\/","og_locale":"da_DK","og_type":"article","og_title":"Random Video Call with Random Chat on Strangercam.com","og_description":"Liking Random Video Call? Join millions on StrangerCam.com! Start a random video chat, turn on your cam, and meet strangers instantly.","og_url":"https:\/\/strangercam.com\/da\/tilfaeldigt-videoopkald\/","og_site_name":"Strangercam","article_publisher":"https:\/\/www.facebook.com\/strangercam","article_modified_time":"2025-08-18T12:15:47+00:00","og_image":[{"width":800,"height":532,"url":"https:\/\/strangercam.com\/wp-content\/uploads\/2021\/10\/Untitled-2.png","type":"image\/png"}],"twitter_card":"summary_large_image","twitter_site":"@strangercamapp","twitter_misc":{"Estimeret l\u00e6setid":"5 minutter"},"schema":{"@context":"https:\/\/schema.org","@graph":[{"@type":"WebPage","@id":"https:\/\/strangercam.com\/random-video-call\/","url":"https:\/\/strangercam.com\/random-video-call\/","name":"Tilf\u00e6ldigt videoopkald med tilf\u00e6ldig chat p\u00e5 Strangercam.com","isPartOf":{"@id":"https:\/\/strangercam.com\/#website"},"datePublished":"2025-08-18T11:16:01+00:00","dateModified":"2025-08-18T12:15:47+00:00","description":"Kan du lide tilf\u00e6ldige videoopkald? Join millioner p\u00e5 StrangerCam.com! Start en tilf\u00e6ldig videochat, t\u00e6nd for dit kamera, og m\u00f8d fremmede med det samme.","breadcrumb":{"@id":"https:\/\/strangercam.com\/random-video-call\/#breadcrumb"},"inLanguage":"da-DK","potentialAction":[{"@type":"ReadAction","target":["https:\/\/strangercam.com\/random-video-call\/"]}]},{"@type":"BreadcrumbList","@id":"https:\/\/strangercam.com\/random-video-call\/#breadcrumb","itemListElement":[{"@type":"ListItem","position":1,"name":"Home","item":"https:\/\/strangercam.com\/"},{"@type":"ListItem","position":2,"name":"Random Video Call"}]},{"@type":"WebSite","@id":"https:\/\/strangercam.com\/#website","url":"https:\/\/strangercam.com\/","name":"Strangercam","description":"Tilf\u00e6ldig videochat med fremmede","publisher":{"@id":"https:\/\/strangercam.com\/#organization"},"alternateName":"Strangercam.com","potentialAction":[{"@type":"SearchAction","target":{"@type":"EntryPoint","urlTemplate":"https:\/\/strangercam.com\/?s={search_term_string}"},"query-input":{"@type":"PropertyValueSpecification","valueRequired":true,"valueName":"search_term_string"}}],"inLanguage":"da-DK"},{"@type":"Organization","@id":"https:\/\/strangercam.com\/#organization","name":"Strangercam","alternateName":"Strangercam.com","url":"https:\/\/strangercam.com\/","logo":{"@type":"ImageObject","inLanguage":"da-DK","@id":"https:\/\/strangercam.com\/#\/schema\/logo\/image\/","url":"https:\/\/strangercam.com\/wp-content\/uploads\/2020\/11\/cropped-new-favicon-black.png","contentUrl":"https:\/\/strangercam.com\/wp-content\/uploads\/2020\/11\/cropped-new-favicon-black.png","width":512,"height":512,"caption":"Strangercam"},"image":{"@id":"https:\/\/strangercam.com\/#\/schema\/logo\/image\/"},"sameAs":["https:\/\/www.facebook.com\/strangercam","https:\/\/x.com\/strangercamapp"]}]}},"_links":{"self":[{"href":"https:\/\/strangercam.com\/da\/wp-json\/wp\/v2\/pages\/3634","targetHints":{"allow":["GET"]}}],"collection":[{"href":"https:\/\/strangercam.com\/da\/wp-json\/wp\/v2\/pages"}],"about":[{"href":"https:\/\/strangercam.com\/da\/wp-json\/wp\/v2\/types\/page"}],"author":[{"embeddable":true,"href":"https:\/\/strangercam.com\/da\/wp-json\/wp\/v2\/users\/8"}],"replies":[{"embeddable":true,"href":"https:\/\/strangercam.com\/da\/wp-json\/wp\/v2\/comments?post=3634"}],"version-history":[{"count":2,"href":"https:\/\/strangercam.com\/da\/wp-json\/wp\/v2\/pages\/3634\/revisions"}],"predecessor-version":[{"id":12970,"href":"https:\/\/strangercam.com\/da\/wp-json\/wp\/v2\/pages\/3634\/revisions\/12970"}],"wp:attachment":[{"href":"https:\/\/strangercam.com\/da\/wp-json\/wp\/v2\/media?parent=3634"}],"curies":[{"name":"wp","href":"https:\/\/api.w.org\/{rel}","templated":true}]}}