{"id":3516,"date":"2025-08-18T13:21:58","date_gmt":"2025-08-18T11:21:58","guid":{"rendered":"https:\/\/strangercam.com\/?page_id=3516"},"modified":"2025-08-18T14:14:10","modified_gmt":"2025-08-18T12:14:10","slug":"videochat-med-fremmede","status":"publish","type":"page","link":"https:\/\/strangercam.com\/da\/video-chat-with-strangers\/","title":{"rendered":"Videochat med fremmede"},"content":{"rendered":"<p>Leder du efter den bedste m\u00e5de at lave video p\u00e5? <a href=\"https:\/\/strangercam.com\/da\/chathub\/\">chat<\/a> med fremmede? Du er ikke alene. Siden fremkomsten af <a href=\"https:\/\/strangercam.com\/da\/omegle\/\">Omegle<\/a>, <a href=\"https:\/\/strangercam.com\/da\/chatroulette\/\">Chatroulette<\/a>, og lignende platforme har millioner af mennesker verden over opdaget sp\u00e6ndingen ved \u00f8jeblikkelig videochat med tilf\u00e6ldige mennesker over hele kloden. I 2025 er tendensen st\u00f8rre end nogensinde - med nye platforme, der tilbyder sikrere, smidigere og mere engagerende oplevelser.<\/p>\n<p>Takket v\u00e6re moderne platforme som StrangerCam kan du nyde gratis videochat med fremmede n\u00e5r som helst - ingen tilmeldinger, ingen downloads og ingen skjulte betalingsmure. Uanset om du vil m\u00f8de nye venner, flirte, \u00f8ve dig p\u00e5 sprog eller bare kede dig, er videochat med fremmede en af de mest sp\u00e6ndende og spontane m\u00e5der at komme i kontakt med andre p\u00e5 nettet.<\/p>\n<p>Denne guide d\u00e6kker alt, hvad du har brug for at vide: hvordan det fungerer, hvorfor det er popul\u00e6rt, hvilke funktioner du skal kigge efter, sammenligninger af de bedste platforme, sikkerhedstips, og hvorfor StrangerCam er et af de bedste valg til videochat med fremmede i 2025.<\/p>\n<h2>Hvad er videochat med fremmede?<\/h2>\n<p>Videochat med fremmede er en onlinetjeneste, der parrer dig med tilf\u00e6ldige mennesker til live videosamtaler p\u00e5 tomandsh\u00e5nd. Ved hj\u00e6lp af dit webkamera og din mikrofon kan I se og h\u00f8re hinanden i realtid.<\/p>\n<p>I mods\u00e6tning til sociale medier, hvor interaktioner er kuraterede og ofte kunstige, er videochat med fremmede r\u00e5t, autentisk og uforudsigeligt. Hvert klik p\u00e5 \"N\u00e6ste\"-knappen bringer et nyt ansigt og en ny historie, hvilket g\u00f8r det til en af de mest sp\u00e6ndende onlineoplevelser, der findes i dag.<\/p>\n<h2>Hvorfor folk elsker gratis videochat med fremmede<\/h2>\n<p>Populariteten af gratis videochat med fremmede kommer af flere vigtige fordele:<\/p>\n<ul>\n<li>Spontanitet og overraskelse - Hver chat er forskellig; du ved aldrig, hvem du m\u00f8der n\u00e6ste gang.<\/li>\n<li>Globale venskaber - Kom i kontakt med mennesker over hele verden, oplev nye kulturer, og udvid dit perspektiv.<\/li>\n<li>Ingen falske profiler - Video beviser, at personen er \u00e6gte, i mods\u00e6tning til tekstbaserede apps, der er fulde af bots og catfish.<\/li>\n<li>Anonymitet - Der kr\u00e6ves ingen konto; v\u00e6r s\u00e5 privat, som du vil.<\/li>\n<li>Forskellige intentioner - Nogle mennesker er ude efter sjov, andre efter venskab, andre efter en afslappet flirt.<\/li>\n<li>\u00d8jeblikkelig tilfredsstillelse - Du skal ikke vente p\u00e5 svar eller swipe i en uendelighed - du f\u00e5r \u00f8jeblikkelig forbindelse.<\/li>\n<\/ul>\n<h2>Hvordan fungerer videochat med fremmede?<\/h2>\n<p>Joining af en videochat med fremmede platform er enkel og hurtig:<\/p>\n<ol>\n<li>\u00c5bn platformen (desktop eller mobil).<\/li>\n<li>Giv adgang til dit webkamera og din mikrofon.<\/li>\n<li>Klik p\u00e5 \"Start\" for straks at komme i kontakt med en tilf\u00e6ldig fremmed.<\/li>\n<li>Chat live ansigt til ansigt. Hvis du ikke er interesseret, kan du klikke p\u00e5 \"N\u00e6ste\" for at m\u00f8de en ny.<\/li>\n<li>Gentag i det uendelige - processen er hurtig, sjov og gratis.<\/li>\n<\/ol>\n<p>Nogle platforme inkluderer ogs\u00e5 k\u00f8nsfiltre, lokationsbaseret matching og overs\u00e6ttelsesv\u00e6rkt\u00f8jer for at forbedre oplevelsen.<\/p>\n<h2>De bedste funktioner at kigge efter<\/h2>\n<p>Hvis du leder efter det bedste sted at videochatte med fremmede, er her de funktioner, der betyder mest:<\/p>\n<h3>1. Virkelig fri adgang<\/h3>\n<p>Pas p\u00e5 med platforme, der siger \"gratis\", men begr\u00e6nser chats efter et par minutter. Se efter ubegr\u00e6nset, gratis brug.<\/p>\n<h3>2. Ingen tilmelding n\u00f8dvendig<\/h3>\n<p>De bedste sider kr\u00e6ver ikke en konto eller personlige oplysninger.<\/p>\n<h3>3. Filtre for k\u00f8n og placering<\/h3>\n<p>Det er nyttigt, hvis du vil tale med bestemte typer mennesker (f.eks. kun piger eller folk fra dit land).<\/p>\n<h3>4. St\u00e6rk moderation<\/h3>\n<p>Aktive rapporteringssystemer og moderatorer s\u00f8rger for, at platformen er sikker og forn\u00f8jelig.<\/p>\n<h3>5. Mobilvenligt design<\/h3>\n<p>En god platform skal fungere problemfrit p\u00e5 telefoner, tablets og computere.<\/p>\n<h3>6. Video og lyd i h\u00f8j kvalitet<\/h3>\n<p>Klare forbindelser giver en bedre og mere naturlig oplevelse.<\/p>\n<h2>De bedste platforme til videochat med fremmede i 2025<\/h2>\n<p>Her er en sammenligning af nogle af de bedste platforme:<\/p>\n<table>\n<thead>\n<tr>\n<th>Platform<\/th>\n<th align=\"center\">Gratis at bruge<\/th>\n<th align=\"center\">K\u00f8nsfilter<\/th>\n<th align=\"center\">Tilmelding n\u00f8dvendig<\/th>\n<th align=\"center\">Mobil support<\/th>\n<th align=\"center\">Moderation<\/th>\n<th>Noter<\/th>\n<\/tr>\n<\/thead>\n<tbody>\n<tr>\n<td>StrangerCam<\/td>\n<td align=\"center\">\u2705<\/td>\n<td align=\"center\">\u2705 (gratis)<\/td>\n<td align=\"center\">\u274c<\/td>\n<td align=\"center\">\u2705<\/td>\n<td align=\"center\">\u2705<\/td>\n<td>Bedste allround gratis videochat med fremmede<\/td>\n<\/tr>\n<tr>\n<td>Chatroulette<\/td>\n<td align=\"center\">\u2705<\/td>\n<td align=\"center\">\u274c (Betalt)<\/td>\n<td align=\"center\">\u274c<\/td>\n<td align=\"center\">\u2705<\/td>\n<td align=\"center\">\u2705<\/td>\n<td>Klassisk, men med l\u00e5ste k\u00f8nsfiltre<\/td>\n<\/tr>\n<tr>\n<td>Chatrandom<\/td>\n<td align=\"center\">\u2705<\/td>\n<td align=\"center\">\u274c (Betalt)<\/td>\n<td align=\"center\">\u274c<\/td>\n<td align=\"center\">\u2705<\/td>\n<td align=\"center\">\u2705<\/td>\n<td>Popul\u00e6r, men der er brug for opgraderinger af filtre<\/td>\n<\/tr>\n<tr>\n<td><a href=\"https:\/\/strangercam.com\/da\/ometv\/\">OmeTV<\/a><\/td>\n<td align=\"center\">\u2705<\/td>\n<td align=\"center\">\u274c<\/td>\n<td align=\"center\">\u274c<\/td>\n<td align=\"center\">\u2705<\/td>\n<td align=\"center\">\u2705<\/td>\n<td>Kun tilf\u00e6ldig matchning, mobilapp tilg\u00e6ngelig<\/td>\n<\/tr>\n<tr>\n<td>Shagle<\/td>\n<td align=\"center\">\u2705<\/td>\n<td align=\"center\">\u274c (Betalt)<\/td>\n<td align=\"center\">\u274c<\/td>\n<td align=\"center\">\u2705<\/td>\n<td align=\"center\">\u2705<\/td>\n<td>Skubber kraftigt til premium-funktioner<\/td>\n<\/tr>\n<tr>\n<td><a href=\"https:\/\/strangercam.com\/da\/coomeet\/\">CooMeet<\/a><\/td>\n<td align=\"center\">\u274c (Fors\u00f8g)<\/td>\n<td align=\"center\">\u2705<\/td>\n<td align=\"center\">\u2705<\/td>\n<td align=\"center\">\u2705<\/td>\n<td align=\"center\">\u2705<\/td>\n<td>Oftest betalt efter gratis pr\u00f8veperiode<\/td>\n<\/tr>\n<tr>\n<td>LuckyCrush<\/td>\n<td align=\"center\">\u274c<\/td>\n<td align=\"center\">\u2705<\/td>\n<td align=\"center\">\u2705<\/td>\n<td align=\"center\">\u2705<\/td>\n<td align=\"center\">\u2705<\/td>\n<td>Altid betalt, k\u00f8nsbaseret chat<\/td>\n<\/tr>\n<\/tbody>\n<\/table>\n<p>Blandt disse er StrangerCam en af de eneste platforme, der tilbyder en \u00e6gte gratis videochat med fremmede, komplet med et fungerende k\u00f8nsfilter og ingen tilmeldinger.<\/p>\n<h2>Hvorfor StrangerCam er et godt valg<\/h2>\n<p>Her er grunden til, at StrangerCam anses for at v\u00e6re et af de bedste steder at videochatte med fremmede i 2025:<\/p>\n<h3>1. 100% Gratis og ubegr\u00e6nset<\/h3>\n<p>I mods\u00e6tning til mange konkurrenter l\u00e5ser StrangerCam ikke funktioner bag betalingsmure.<\/p>\n<h3>2. Gratis k\u00f8nsfilter<\/h3>\n<p>M\u00f8d lige pr\u00e6cis dem, du vil have - fyre, piger eller begge dele - uden ekstra omkostninger.<\/p>\n<h3>3. Ingen tilmelding eller personlige oplysninger<\/h3>\n<p>Forbliv anonym. Ingen registrering, ingen dataindsamling.<\/p>\n<h3>4. Det globale samfund<\/h3>\n<p>Fremmede fra over 100 lande er online 24\/7.<\/p>\n<h3>5. Sikker og modereret<\/h3>\n<p>Med st\u00e6rke rapporteringsv\u00e6rkt\u00f8jer og aktiv moderation er milj\u00f8et mere sikkert og venligt.<\/p>\n<h3>6. Mobil- og skrivebordsvenlig<\/h3>\n<p>Brug den p\u00e5 enhver enhed, n\u00e5r som helst og hvor som helst.<\/p>\n<h2>\u00c6gte brugerudtalelser<\/h2>\n<blockquote><p><em>\"Jeg ville have en platform til at videochatte med fremmede, efter at Omegle lukkede ned, og StrangerCam blev min favorit. Det er gratis, hurtigt og fuld af rigtige mennesker.\"<\/em><br \/>\n- Adam, 27 \u00e5r<\/p><\/blockquote>\n<blockquote><p><em>\"I mods\u00e6tning til andre sider fungerer k\u00f8nsfilteret faktisk gratis. Jeg har haft gode chats med folk fra hele verden.\"<\/em><br \/>\n- Sophia, 22 \u00e5r<\/p><\/blockquote>\n<blockquote><p><em>\"Ingen app-download, ingen registrering, bare \u00f8jeblikkelige forbindelser. Pr\u00e6cis hvad jeg ledte efter.\"<\/em><br \/>\n- Liam, 30 \u00e5r<\/p><\/blockquote>\n<blockquote><p><em>\"Moderationen f\u00e5r mig til at f\u00f8le mig sikker. Hvis nogen er uh\u00f8flige, kan jeg bare springe over eller rapportere dem med det samme.\"<\/em><br \/>\n- Isabella, 24 \u00e5r<\/p><\/blockquote>\n<h2>Sikkerhedstips til videochat med fremmede<\/h2>\n<p>Selvom tilf\u00e6ldig videochat er sjovt, er det vigtigt at beskytte sig selv:<\/p>\n<ul>\n<li>Del ikke personlige oplysninger (rigtigt navn, telefon, adresse).<\/li>\n<li>Undg\u00e5 at klikke p\u00e5 links sendt af fremmede.<\/li>\n<li>Brug \"N\u00e6ste\" frit, hvis du f\u00f8ler dig utilpas.<\/li>\n<li>Tjek din baggrund for at undg\u00e5 at vise private oplysninger.<\/li>\n<li>Hold dig til platformens v\u00e6rkt\u00f8jer (bloker\/rapporter, n\u00e5r det er n\u00f8dvendigt).<\/li>\n<li>Hvis du er under 18, skal du ikke bruge chatplatforme for voksne.<\/li>\n<\/ul>\n<h2>S\u00e5dan kommer du i gang - trin for trin<\/h2>\n<p>Det tager mindre end et minut at starte en videochat med fremmede:<\/p>\n<ol>\n<li>\u00c5bn StrangerCam p\u00e5 din enhed.<\/li>\n<li>Giv adgang til kamera og mikrofon.<\/li>\n<li>V\u00e6lg dine pr\u00e6ferencer (f.eks. k\u00f8nsfilter).<\/li>\n<li>Klik p\u00e5 Start chat for at oprette forbindelse med det samme.<\/li>\n<li>M\u00f8d fremmede ansigt til ansigt og klik p\u00e5 N\u00e6ste n\u00e5r som helst.<\/li>\n<\/ol>\n<p>Det er alt sammen hurtigt, nemt og gratis.<\/p>\n<h2>Afsluttende tanker - Pr\u00f8v gratis videochat med fremmede nu<\/h2>\n<p>I 2025 er videochat med fremmede stadig en af de mest sp\u00e6ndende m\u00e5der at m\u00f8de nye mennesker p\u00e5 online. Det er spontant, autentisk og s\u00e6tter dig \u00f8jeblikkeligt i forbindelse med rigtige mennesker over hele verden. Men ikke alle platforme holder, hvad de lover - nogle begr\u00e6nser funktioner eller s\u00e6tter betalingsmure op.<\/p>\n<p>Det er derfor, StrangerCam skiller sig ud: Det er gratis, sikkert, anonymt og globalt. Uanset om du \u00f8nsker at f\u00e5 venner, m\u00f8de piger eller bare nyde tilf\u00e6ldige samtaler, er det en af de bedste muligheder, der findes i dag.<\/p>\n<p>Er du klar til at komme i kontakt? Start en gratis videochat med fremmede nu, og se, hvem du m\u00f8der n\u00e6ste gang.<\/p>","protected":false},"excerpt":{"rendered":"<p>Are you searching for the best way to video chat with strangers? You\u2019re not alone. Since the rise of Omegle, Chatroulette, and similar platforms, millions of people worldwide have discovered the thrill of instant video chat with random people across the globe. In 2025, the trend is bigger than ever\u2014with new platforms offering safer, smoother, [&hellip;]<\/p>\n","protected":false},"author":8,"featured_media":0,"parent":0,"menu_order":0,"comment_status":"closed","ping_status":"closed","template":"","meta":{"footnotes":""},"class_list":["post-3516","page","type-page","status-publish","hentry"],"yoast_head":"<!-- This site is optimized with the Yoast SEO plugin v27.4 - https:\/\/yoast.com\/product\/yoast-seo-wordpress\/ -->\n<title>Video Chat With Strangers with Random Chat on Strangercam.com<\/title>\n<meta name=\"description\" content=\"Liking Video Chat With Strangers? Join millions on StrangerCam.com! Start a random video chat, turn on your cam, and meet strangers instantly.\" \/>\n<meta name=\"robots\" content=\"index, follow, max-snippet:-1, max-image-preview:large, max-video-preview:-1\" \/>\n<link rel=\"canonical\" href=\"https:\/\/strangercam.com\/da\/videochat-med-fremmede\/\" \/>\n<meta property=\"og:locale\" content=\"da_DK\" \/>\n<meta property=\"og:type\" content=\"article\" \/>\n<meta property=\"og:title\" content=\"Video Chat With Strangers with Random Chat on Strangercam.com\" \/>\n<meta property=\"og:description\" content=\"Liking Video Chat With Strangers? Join millions on StrangerCam.com! Start a random video chat, turn on your cam, and meet strangers instantly.\" \/>\n<meta property=\"og:url\" content=\"https:\/\/strangercam.com\/da\/videochat-med-fremmede\/\" \/>\n<meta property=\"og:site_name\" content=\"Strangercam\" \/>\n<meta property=\"article:publisher\" content=\"https:\/\/www.facebook.com\/strangercam\" \/>\n<meta property=\"article:modified_time\" content=\"2025-08-18T12:14:10+00:00\" \/>\n<meta property=\"og:image\" content=\"https:\/\/strangercam.com\/wp-content\/uploads\/2021\/10\/Untitled-2.png\" \/>\n\t<meta property=\"og:image:width\" content=\"800\" \/>\n\t<meta property=\"og:image:height\" content=\"532\" \/>\n\t<meta property=\"og:image:type\" content=\"image\/png\" \/>\n<meta name=\"twitter:card\" content=\"summary_large_image\" \/>\n<meta name=\"twitter:site\" content=\"@strangercamapp\" \/>\n<meta name=\"twitter:label1\" content=\"Estimeret l\u00e6setid\" \/>\n\t<meta name=\"twitter:data1\" content=\"5 minutter\" \/>\n<script type=\"application\/ld+json\" class=\"yoast-schema-graph\">{\"@context\":\"https:\\\/\\\/schema.org\",\"@graph\":[{\"@type\":\"WebPage\",\"@id\":\"https:\\\/\\\/strangercam.com\\\/video-chat-with-strangers\\\/\",\"url\":\"https:\\\/\\\/strangercam.com\\\/video-chat-with-strangers\\\/\",\"name\":\"Video Chat With Strangers with Random Chat on Strangercam.com\",\"isPartOf\":{\"@id\":\"https:\\\/\\\/strangercam.com\\\/#website\"},\"datePublished\":\"2025-08-18T11:21:58+00:00\",\"dateModified\":\"2025-08-18T12:14:10+00:00\",\"description\":\"Liking Video Chat With Strangers? Join millions on StrangerCam.com! Start a random video chat, turn on your cam, and meet strangers instantly.\",\"breadcrumb\":{\"@id\":\"https:\\\/\\\/strangercam.com\\\/video-chat-with-strangers\\\/#breadcrumb\"},\"inLanguage\":\"da-DK\",\"potentialAction\":[{\"@type\":\"ReadAction\",\"target\":[\"https:\\\/\\\/strangercam.com\\\/video-chat-with-strangers\\\/\"]}]},{\"@type\":\"BreadcrumbList\",\"@id\":\"https:\\\/\\\/strangercam.com\\\/video-chat-with-strangers\\\/#breadcrumb\",\"itemListElement\":[{\"@type\":\"ListItem\",\"position\":1,\"name\":\"Home\",\"item\":\"https:\\\/\\\/strangercam.com\\\/\"},{\"@type\":\"ListItem\",\"position\":2,\"name\":\"Video Chat With Strangers\"}]},{\"@type\":\"WebSite\",\"@id\":\"https:\\\/\\\/strangercam.com\\\/#website\",\"url\":\"https:\\\/\\\/strangercam.com\\\/\",\"name\":\"Strangercam\",\"description\":\"Random Video Chat with Strangers\",\"publisher\":{\"@id\":\"https:\\\/\\\/strangercam.com\\\/#organization\"},\"alternateName\":\"Strangercam.com\",\"potentialAction\":[{\"@type\":\"SearchAction\",\"target\":{\"@type\":\"EntryPoint\",\"urlTemplate\":\"https:\\\/\\\/strangercam.com\\\/?s={search_term_string}\"},\"query-input\":{\"@type\":\"PropertyValueSpecification\",\"valueRequired\":true,\"valueName\":\"search_term_string\"}}],\"inLanguage\":\"da-DK\"},{\"@type\":\"Organization\",\"@id\":\"https:\\\/\\\/strangercam.com\\\/#organization\",\"name\":\"Strangercam\",\"alternateName\":\"Strangercam.com\",\"url\":\"https:\\\/\\\/strangercam.com\\\/\",\"logo\":{\"@type\":\"ImageObject\",\"inLanguage\":\"da-DK\",\"@id\":\"https:\\\/\\\/strangercam.com\\\/#\\\/schema\\\/logo\\\/image\\\/\",\"url\":\"https:\\\/\\\/strangercam.com\\\/wp-content\\\/uploads\\\/2020\\\/11\\\/cropped-new-favicon-black.png\",\"contentUrl\":\"https:\\\/\\\/strangercam.com\\\/wp-content\\\/uploads\\\/2020\\\/11\\\/cropped-new-favicon-black.png\",\"width\":512,\"height\":512,\"caption\":\"Strangercam\"},\"image\":{\"@id\":\"https:\\\/\\\/strangercam.com\\\/#\\\/schema\\\/logo\\\/image\\\/\"},\"sameAs\":[\"https:\\\/\\\/www.facebook.com\\\/strangercam\",\"https:\\\/\\\/x.com\\\/strangercamapp\"]}]}<\/script>\n<!-- \/ Yoast SEO plugin. -->","yoast_head_json":{"title":"Videochat med fremmede med tilf\u00e6ldig chat p\u00e5 Strangercam.com","description":"Kan du lide videochat med fremmede? Join millioner p\u00e5 StrangerCam.com! Start en tilf\u00e6ldig videochat, t\u00e6nd for dit kamera, og m\u00f8d fremmede med det samme.","robots":{"index":"index","follow":"follow","max-snippet":"max-snippet:-1","max-image-preview":"max-image-preview:large","max-video-preview":"max-video-preview:-1"},"canonical":"https:\/\/strangercam.com\/da\/videochat-med-fremmede\/","og_locale":"da_DK","og_type":"article","og_title":"Video Chat With Strangers with Random Chat on Strangercam.com","og_description":"Liking Video Chat With Strangers? Join millions on StrangerCam.com! Start a random video chat, turn on your cam, and meet strangers instantly.","og_url":"https:\/\/strangercam.com\/da\/videochat-med-fremmede\/","og_site_name":"Strangercam","article_publisher":"https:\/\/www.facebook.com\/strangercam","article_modified_time":"2025-08-18T12:14:10+00:00","og_image":[{"width":800,"height":532,"url":"https:\/\/strangercam.com\/wp-content\/uploads\/2021\/10\/Untitled-2.png","type":"image\/png"}],"twitter_card":"summary_large_image","twitter_site":"@strangercamapp","twitter_misc":{"Estimeret l\u00e6setid":"5 minutter"},"schema":{"@context":"https:\/\/schema.org","@graph":[{"@type":"WebPage","@id":"https:\/\/strangercam.com\/video-chat-with-strangers\/","url":"https:\/\/strangercam.com\/video-chat-with-strangers\/","name":"Videochat med fremmede med tilf\u00e6ldig chat p\u00e5 Strangercam.com","isPartOf":{"@id":"https:\/\/strangercam.com\/#website"},"datePublished":"2025-08-18T11:21:58+00:00","dateModified":"2025-08-18T12:14:10+00:00","description":"Kan du lide videochat med fremmede? Join millioner p\u00e5 StrangerCam.com! Start en tilf\u00e6ldig videochat, t\u00e6nd for dit kamera, og m\u00f8d fremmede med det samme.","breadcrumb":{"@id":"https:\/\/strangercam.com\/video-chat-with-strangers\/#breadcrumb"},"inLanguage":"da-DK","potentialAction":[{"@type":"ReadAction","target":["https:\/\/strangercam.com\/video-chat-with-strangers\/"]}]},{"@type":"BreadcrumbList","@id":"https:\/\/strangercam.com\/video-chat-with-strangers\/#breadcrumb","itemListElement":[{"@type":"ListItem","position":1,"name":"Home","item":"https:\/\/strangercam.com\/"},{"@type":"ListItem","position":2,"name":"Video Chat With Strangers"}]},{"@type":"WebSite","@id":"https:\/\/strangercam.com\/#website","url":"https:\/\/strangercam.com\/","name":"Strangercam","description":"Tilf\u00e6ldig videochat med fremmede","publisher":{"@id":"https:\/\/strangercam.com\/#organization"},"alternateName":"Strangercam.com","potentialAction":[{"@type":"SearchAction","target":{"@type":"EntryPoint","urlTemplate":"https:\/\/strangercam.com\/?s={search_term_string}"},"query-input":{"@type":"PropertyValueSpecification","valueRequired":true,"valueName":"search_term_string"}}],"inLanguage":"da-DK"},{"@type":"Organization","@id":"https:\/\/strangercam.com\/#organization","name":"Strangercam","alternateName":"Strangercam.com","url":"https:\/\/strangercam.com\/","logo":{"@type":"ImageObject","inLanguage":"da-DK","@id":"https:\/\/strangercam.com\/#\/schema\/logo\/image\/","url":"https:\/\/strangercam.com\/wp-content\/uploads\/2020\/11\/cropped-new-favicon-black.png","contentUrl":"https:\/\/strangercam.com\/wp-content\/uploads\/2020\/11\/cropped-new-favicon-black.png","width":512,"height":512,"caption":"Strangercam"},"image":{"@id":"https:\/\/strangercam.com\/#\/schema\/logo\/image\/"},"sameAs":["https:\/\/www.facebook.com\/strangercam","https:\/\/x.com\/strangercamapp"]}]}},"_links":{"self":[{"href":"https:\/\/strangercam.com\/da\/wp-json\/wp\/v2\/pages\/3516","targetHints":{"allow":["GET"]}}],"collection":[{"href":"https:\/\/strangercam.com\/da\/wp-json\/wp\/v2\/pages"}],"about":[{"href":"https:\/\/strangercam.com\/da\/wp-json\/wp\/v2\/types\/page"}],"author":[{"embeddable":true,"href":"https:\/\/strangercam.com\/da\/wp-json\/wp\/v2\/users\/8"}],"replies":[{"embeddable":true,"href":"https:\/\/strangercam.com\/da\/wp-json\/wp\/v2\/comments?post=3516"}],"version-history":[{"count":2,"href":"https:\/\/strangercam.com\/da\/wp-json\/wp\/v2\/pages\/3516\/revisions"}],"predecessor-version":[{"id":12969,"href":"https:\/\/strangercam.com\/da\/wp-json\/wp\/v2\/pages\/3516\/revisions\/12969"}],"wp:attachment":[{"href":"https:\/\/strangercam.com\/da\/wp-json\/wp\/v2\/media?parent=3516"}],"curies":[{"name":"wp","href":"https:\/\/api.w.org\/{rel}","templated":true}]}}