{"id":3232,"date":"2021-05-09T21:30:30","date_gmt":"2021-05-09T19:30:30","guid":{"rendered":"https:\/\/strangercam.com\/?page_id=3232"},"modified":"2023-08-21T12:24:41","modified_gmt":"2023-08-21T10:24:41","slug":"faceflow","status":"publish","type":"page","link":"https:\/\/strangercam.com\/da\/faceflow\/","title":{"rendered":"FaceFlow"},"content":{"rendered":"<p>At v\u00e6lge en datingside er ikke en let opgave, fordi den skal <a href=\"https:\/\/strangercam.com\/da\/coomeet\/\">m\u00f8des<\/a> brugernes forventninger korrekt. FaceFlow-webstedet giver metoder til at opdage nye venner og soulmates, der deler f\u00e6lles interesser. Det giver brugerne mulighed for at lave <a href=\"https:\/\/strangercam.com\/da\/chat4free\/\">gratis<\/a> <a href=\"https:\/\/strangercam.com\/da\/rabbit-video-chat\/\">video<\/a> konferenceopkald og viser dermed m\u00e5der at komme i kontakt med andre p\u00e5 i l\u00f8bet af kort tid. Registreringsprocessen er meget nem, og nye brugere skal kun angive nogle vigtige detaljer. Derudover har webplatformen en stor brugerdatabase, der g\u00f8r det muligt for medlemmer at foretage samtaler baseret p\u00e5 deres valg.<\/p>\n<h2>Hvordan fungerer FaceFlow?<\/h2>\n<p>FaceFlow-datingwebstedet d\u00e6kker mange chatrum, og brugerne kan g\u00e5 ind i dem efter at have oprettet en konto. De kan klikke p\u00e5 knappen \u201cfind tilf\u00e6ldig partner\u201d, der giver dem mulighed for nemt at finde et tilf\u00e6ldigt match. Chatrummene giver brugerne mulighed for at kommunikere med flere personer ad gangen for at finde passende matches i overensstemmelse hermed. P\u00e5 den anden side giver de kun brugerne mulighed for at v\u00e6lge folk fra nabolaget. En tilf\u00e6ldig <a href=\"https:\/\/strangercam.com\/da\/chatroulette\/\">chat<\/a> mulighed er tilg\u00e6ngelig for dem, der \u00f8nsker at komme i kontakt med fremmede s\u00e5 hurtigt som muligt. S\u00f8gemuligheder og filtre er nogle andre funktioner, der tilbydes af webstedet, der giver brugerne mulighed for at m\u00f8de mennesker afh\u00e6ngigt af deres baggrunde.<\/p>\n<h3>Hvad er funktionerne i FaceFlow?<\/h3>\n<p>FaceFlow-datingwebstedet tilbyder unikke funktioner til brugere, der g\u00f8r det muligt for dem at sikre en bedre oplevelse. Nogle af dem inkluderer rig tekstchat, talebeskeder, brugerprofiler, offentlige chatrum, fildeling, gruppevideoopkald, 1 til 1 videoopkald osv. Det fungerer p\u00e5 alle enheder, inklusive mobiltelefoner, s\u00e5 man kan komme i kontakt med andre s\u00e5 hurtigt som muligt. Hjemmesiden er let at forst\u00e5 og navigere p\u00e5 ved at im\u00f8dekomme brugernes v\u00e6sentlige behov. Medlemmerne kan uploade deres fotos og andre detaljer p\u00e5 hjemmesiden for at p\u00e5virke andre i stor udstr\u00e6kning.<\/p>\n<h3>Grunde til at v\u00e6lge FaceFlow-webstedet<\/h3>\n<p>Datingsiden er gratis at bruge og giver medlemmerne mulighed for at foretage videoopkald i h\u00f8j kvalitet. Derudover giver det mulighed for at evaluere publikum baseret p\u00e5 geografi, k\u00f8n, interesser og andre faktorer. Der er ingen dedikeret mobilversion tilg\u00e6ngelig for brugerne, og de b\u00f8r kun v\u00e6lge station\u00e6re computere, n\u00e5r det kommer til dating. <a href=\"https:\/\/strangercam.com\/da\/1v1-chat\/\">En<\/a> kan kontakte kundesupport via e-mail for at f\u00e5 mere at vide om detaljerne. Hjemmesiden tilbyder forskellige typer kommunikationsteknikker, s\u00e5 brugerne kan kommunikere effektivt med andre. Det er ikke n\u00f8dvendigt at downloade noget, n\u00e5r man bruger hjemmesiden, og medlemmer kan finde potentielle matches, n\u00e5r de \u00f8nsker at opbygge langdistanceforhold.<\/p>","protected":false},"excerpt":{"rendered":"<p>Choosing a dating website is not an easy-going job because it should meet the expectations of users properly. FaceFlow website provides methods to discover new friends and soulmates who share common interests. It allows users to make free video conference calls thereby showing ways to connect with others in a quick turnaround time. The registration [&hellip;]<\/p>\n","protected":false},"author":6,"featured_media":559,"parent":0,"menu_order":0,"comment_status":"closed","ping_status":"closed","template":"","meta":{"footnotes":""},"class_list":["post-3232","page","type-page","status-publish","has-post-thumbnail","hentry"],"yoast_head":"<!-- This site is optimized with the Yoast SEO plugin v26.9 - https:\/\/yoast.com\/product\/yoast-seo-wordpress\/ -->\n<title>FaceFlow - Most Popular Video Chats - Cam on StrangerCam.com<\/title>\n<meta name=\"description\" content=\"Like FaceFlow? Come chat with more than 5.000.000 strangers on Stranger Cam for Free! Turn on your cam and find new friends &amp; maby a match!\" \/>\n<meta name=\"robots\" content=\"index, follow, max-snippet:-1, max-image-preview:large, max-video-preview:-1\" \/>\n<link rel=\"canonical\" href=\"https:\/\/strangercam.com\/da\/faceflow\/\" \/>\n<meta property=\"og:locale\" content=\"da_DK\" \/>\n<meta property=\"og:type\" content=\"article\" \/>\n<meta property=\"og:title\" content=\"FaceFlow - Most Popular Video Chats - Cam on StrangerCam.com\" \/>\n<meta property=\"og:description\" content=\"Like FaceFlow? Come chat with more than 5.000.000 strangers on Stranger Cam for Free! Turn on your cam and find new friends &amp; maby a match!\" \/>\n<meta property=\"og:url\" content=\"https:\/\/strangercam.com\/da\/faceflow\/\" \/>\n<meta property=\"og:site_name\" content=\"Strangercam\" \/>\n<meta property=\"article:publisher\" content=\"https:\/\/www.facebook.com\/strangercam\" \/>\n<meta property=\"article:modified_time\" content=\"2023-08-21T10:24:41+00:00\" \/>\n<meta property=\"og:image\" content=\"https:\/\/strangercam.com\/wp-content\/uploads\/2020\/11\/stranger-cam-1.png\" \/>\n\t<meta property=\"og:image:width\" content=\"800\" \/>\n\t<meta property=\"og:image:height\" content=\"800\" \/>\n\t<meta property=\"og:image:type\" content=\"image\/png\" \/>\n<meta name=\"twitter:card\" content=\"summary_large_image\" \/>\n<meta name=\"twitter:site\" content=\"@strangercamapp\" \/>\n<meta name=\"twitter:label1\" content=\"Estimeret l\u00e6setid\" \/>\n\t<meta name=\"twitter:data1\" content=\"2 minutter\" \/>\n<script type=\"application\/ld+json\" class=\"yoast-schema-graph\">{\"@context\":\"https:\/\/schema.org\",\"@graph\":[{\"@type\":\"WebPage\",\"@id\":\"https:\/\/strangercam.com\/faceflow\/\",\"url\":\"https:\/\/strangercam.com\/faceflow\/\",\"name\":\"FaceFlow - Most Popular Video Chats - Cam on StrangerCam.com\",\"isPartOf\":{\"@id\":\"https:\/\/strangercam.com\/#website\"},\"primaryImageOfPage\":{\"@id\":\"https:\/\/strangercam.com\/faceflow\/#primaryimage\"},\"image\":{\"@id\":\"https:\/\/strangercam.com\/faceflow\/#primaryimage\"},\"thumbnailUrl\":\"https:\/\/strangercam.com\/wp-content\/uploads\/2020\/11\/stranger-cam-1.png\",\"datePublished\":\"2021-05-09T19:30:30+00:00\",\"dateModified\":\"2023-08-21T10:24:41+00:00\",\"description\":\"Like FaceFlow? Come chat with more than 5.000.000 strangers on Stranger Cam for Free! Turn on your cam and find new friends & maby a match!\",\"breadcrumb\":{\"@id\":\"https:\/\/strangercam.com\/faceflow\/#breadcrumb\"},\"inLanguage\":\"da-DK\",\"potentialAction\":[{\"@type\":\"ReadAction\",\"target\":[\"https:\/\/strangercam.com\/faceflow\/\"]}]},{\"@type\":\"ImageObject\",\"inLanguage\":\"da-DK\",\"@id\":\"https:\/\/strangercam.com\/faceflow\/#primaryimage\",\"url\":\"https:\/\/strangercam.com\/wp-content\/uploads\/2020\/11\/stranger-cam-1.png\",\"contentUrl\":\"https:\/\/strangercam.com\/wp-content\/uploads\/2020\/11\/stranger-cam-1.png\",\"width\":800,\"height\":800,\"caption\":\"stranger cam random video chat\"},{\"@type\":\"BreadcrumbList\",\"@id\":\"https:\/\/strangercam.com\/faceflow\/#breadcrumb\",\"itemListElement\":[{\"@type\":\"ListItem\",\"position\":1,\"name\":\"Home\",\"item\":\"https:\/\/strangercam.com\/\"},{\"@type\":\"ListItem\",\"position\":2,\"name\":\"FaceFlow\"}]},{\"@type\":\"WebSite\",\"@id\":\"https:\/\/strangercam.com\/#website\",\"url\":\"https:\/\/strangercam.com\/\",\"name\":\"Strangercam\",\"description\":\"Random Video Chat with Strangers\",\"publisher\":{\"@id\":\"https:\/\/strangercam.com\/#organization\"},\"alternateName\":\"Strangercam.com\",\"potentialAction\":[{\"@type\":\"SearchAction\",\"target\":{\"@type\":\"EntryPoint\",\"urlTemplate\":\"https:\/\/strangercam.com\/?s={search_term_string}\"},\"query-input\":{\"@type\":\"PropertyValueSpecification\",\"valueRequired\":true,\"valueName\":\"search_term_string\"}}],\"inLanguage\":\"da-DK\"},{\"@type\":\"Organization\",\"@id\":\"https:\/\/strangercam.com\/#organization\",\"name\":\"Strangercam\",\"alternateName\":\"Strangercam.com\",\"url\":\"https:\/\/strangercam.com\/\",\"logo\":{\"@type\":\"ImageObject\",\"inLanguage\":\"da-DK\",\"@id\":\"https:\/\/strangercam.com\/#\/schema\/logo\/image\/\",\"url\":\"https:\/\/strangercam.com\/wp-content\/uploads\/2020\/11\/cropped-new-favicon-black.png\",\"contentUrl\":\"https:\/\/strangercam.com\/wp-content\/uploads\/2020\/11\/cropped-new-favicon-black.png\",\"width\":512,\"height\":512,\"caption\":\"Strangercam\"},\"image\":{\"@id\":\"https:\/\/strangercam.com\/#\/schema\/logo\/image\/\"},\"sameAs\":[\"https:\/\/www.facebook.com\/strangercam\",\"https:\/\/x.com\/strangercamapp\"]}]}<\/script>\n<!-- \/ Yoast SEO plugin. -->","yoast_head_json":{"title":"FaceFlow - Mest popul\u00e6re videochats - Cam p\u00e5 StrangerCam.com","description":"Kan du lide FaceFlow? Kom og chat med mere end 5.000.000 fremmede p\u00e5 Stranger Cam helt gratis! T\u00e6nd for dit kamera og find nye venner og m\u00e5ske et match!","robots":{"index":"index","follow":"follow","max-snippet":"max-snippet:-1","max-image-preview":"max-image-preview:large","max-video-preview":"max-video-preview:-1"},"canonical":"https:\/\/strangercam.com\/da\/faceflow\/","og_locale":"da_DK","og_type":"article","og_title":"FaceFlow - Most Popular Video Chats - Cam on StrangerCam.com","og_description":"Like FaceFlow? Come chat with more than 5.000.000 strangers on Stranger Cam for Free! Turn on your cam and find new friends & maby a match!","og_url":"https:\/\/strangercam.com\/da\/faceflow\/","og_site_name":"Strangercam","article_publisher":"https:\/\/www.facebook.com\/strangercam","article_modified_time":"2023-08-21T10:24:41+00:00","og_image":[{"width":800,"height":800,"url":"https:\/\/strangercam.com\/wp-content\/uploads\/2020\/11\/stranger-cam-1.png","type":"image\/png"}],"twitter_card":"summary_large_image","twitter_site":"@strangercamapp","twitter_misc":{"Estimeret l\u00e6setid":"2 minutter"},"schema":{"@context":"https:\/\/schema.org","@graph":[{"@type":"WebPage","@id":"https:\/\/strangercam.com\/faceflow\/","url":"https:\/\/strangercam.com\/faceflow\/","name":"FaceFlow - Mest popul\u00e6re videochats - Cam p\u00e5 StrangerCam.com","isPartOf":{"@id":"https:\/\/strangercam.com\/#website"},"primaryImageOfPage":{"@id":"https:\/\/strangercam.com\/faceflow\/#primaryimage"},"image":{"@id":"https:\/\/strangercam.com\/faceflow\/#primaryimage"},"thumbnailUrl":"https:\/\/strangercam.com\/wp-content\/uploads\/2020\/11\/stranger-cam-1.png","datePublished":"2021-05-09T19:30:30+00:00","dateModified":"2023-08-21T10:24:41+00:00","description":"Kan du lide FaceFlow? Kom og chat med mere end 5.000.000 fremmede p\u00e5 Stranger Cam helt gratis! T\u00e6nd for dit kamera og find nye venner og m\u00e5ske et match!","breadcrumb":{"@id":"https:\/\/strangercam.com\/faceflow\/#breadcrumb"},"inLanguage":"da-DK","potentialAction":[{"@type":"ReadAction","target":["https:\/\/strangercam.com\/faceflow\/"]}]},{"@type":"ImageObject","inLanguage":"da-DK","@id":"https:\/\/strangercam.com\/faceflow\/#primaryimage","url":"https:\/\/strangercam.com\/wp-content\/uploads\/2020\/11\/stranger-cam-1.png","contentUrl":"https:\/\/strangercam.com\/wp-content\/uploads\/2020\/11\/stranger-cam-1.png","width":800,"height":800,"caption":"stranger cam random video chat"},{"@type":"BreadcrumbList","@id":"https:\/\/strangercam.com\/faceflow\/#breadcrumb","itemListElement":[{"@type":"ListItem","position":1,"name":"Home","item":"https:\/\/strangercam.com\/"},{"@type":"ListItem","position":2,"name":"FaceFlow"}]},{"@type":"WebSite","@id":"https:\/\/strangercam.com\/#website","url":"https:\/\/strangercam.com\/","name":"Strangercam","description":"Tilf\u00e6ldig videochat med fremmede","publisher":{"@id":"https:\/\/strangercam.com\/#organization"},"alternateName":"Strangercam.com","potentialAction":[{"@type":"SearchAction","target":{"@type":"EntryPoint","urlTemplate":"https:\/\/strangercam.com\/?s={search_term_string}"},"query-input":{"@type":"PropertyValueSpecification","valueRequired":true,"valueName":"search_term_string"}}],"inLanguage":"da-DK"},{"@type":"Organization","@id":"https:\/\/strangercam.com\/#organization","name":"Strangercam","alternateName":"Strangercam.com","url":"https:\/\/strangercam.com\/","logo":{"@type":"ImageObject","inLanguage":"da-DK","@id":"https:\/\/strangercam.com\/#\/schema\/logo\/image\/","url":"https:\/\/strangercam.com\/wp-content\/uploads\/2020\/11\/cropped-new-favicon-black.png","contentUrl":"https:\/\/strangercam.com\/wp-content\/uploads\/2020\/11\/cropped-new-favicon-black.png","width":512,"height":512,"caption":"Strangercam"},"image":{"@id":"https:\/\/strangercam.com\/#\/schema\/logo\/image\/"},"sameAs":["https:\/\/www.facebook.com\/strangercam","https:\/\/x.com\/strangercamapp"]}]}},"_links":{"self":[{"href":"https:\/\/strangercam.com\/da\/wp-json\/wp\/v2\/pages\/3232","targetHints":{"allow":["GET"]}}],"collection":[{"href":"https:\/\/strangercam.com\/da\/wp-json\/wp\/v2\/pages"}],"about":[{"href":"https:\/\/strangercam.com\/da\/wp-json\/wp\/v2\/types\/page"}],"author":[{"embeddable":true,"href":"https:\/\/strangercam.com\/da\/wp-json\/wp\/v2\/users\/6"}],"replies":[{"embeddable":true,"href":"https:\/\/strangercam.com\/da\/wp-json\/wp\/v2\/comments?post=3232"}],"version-history":[{"count":0,"href":"https:\/\/strangercam.com\/da\/wp-json\/wp\/v2\/pages\/3232\/revisions"}],"wp:featuredmedia":[{"embeddable":true,"href":"https:\/\/strangercam.com\/da\/wp-json\/wp\/v2\/media\/559"}],"wp:attachment":[{"href":"https:\/\/strangercam.com\/da\/wp-json\/wp\/v2\/media?parent=3232"}],"curies":[{"name":"wp","href":"https:\/\/api.w.org\/{rel}","templated":true}]}}