{"id":3197,"date":"2021-05-09T21:20:36","date_gmt":"2021-05-09T19:20:36","guid":{"rendered":"https:\/\/strangercam.com\/?page_id=3197"},"modified":"2023-08-21T12:24:41","modified_gmt":"2023-08-21T10:24:41","slug":"chatous","status":"publish","type":"page","link":"https:\/\/strangercam.com\/da\/chatous\/","title":{"rendered":"Chatous"},"content":{"rendered":"<p>En datingside er et passende sted for dem, der gerne vil <a href=\"https:\/\/strangercam.com\/da\/coomeet\/\">m\u00f8des<\/a> deres dr\u00f8mmepersoner, n\u00e5r det g\u00e6lder langdistanceforhold. Samtidig er det ikke alle datingsider, der er ens og kr\u00e6ver mere opm\u00e6rksomhed. Ved at v\u00e6lge den rigtige datingside kan brugerne f\u00e5 nye venner og kammerater fra flere forskellige livsomr\u00e5der.<\/p>\n<p>Der er en naturlig trang i menneskets natur til at tale med fremmede og dele erfaringer med hinanden. Man kan ikke skjule det i l\u00e6ngere tid. I sidste ende er man n\u00f8dt til at g\u00e5 i den retning. I denne digitaliserede verden er det mere tilg\u00e6ngeligt end nogensinde f\u00f8r. Chatous har et kraftfuldt system kombineret med AI, der hj\u00e6lper med at opfylde dine dr\u00f8mme om at tale med fremmede.<\/p>\n<p>Chatous-datingwebstedet tilbyder fremragende funktioner til drenge,\u00a0<a href=\"https:\/\/strangercam.com\/da\/videochat-med-piger\/\">piger<\/a>Det er muligt for m\u00e6nd og kvinder hurtigt at identificere folk, der leder efter venskab, sjov eller k\u00e6rlighed. Hjemmesiden giver mulighed for at interagere med andre for at kende deres interesser og andre detaljer.<\/p>\n<h2>Privatliv og kontrol<\/h2>\n<p>Den st\u00f8rste bekymring hos brugere, der \u00f8nsker at bruge en online chatteplatform til online chat, er privatlivets fred og sikkerhed. De er bekymrede for at blive afsl\u00f8ret. Ingen har lyst til at kaste sig ud i noget uden at vide, at de er i sikkerhed her.<\/p>\n<p>Chatous-datingsider tilbyder permanente l\u00f8sninger p\u00e5 brugernes bekymringer. De har et st\u00e6rkt privatlivs- og kontrolsystem. Du kan v\u00e6lge, hvem du vil tale med, og hvem du vil ignorere. Hvis en person er seksuelt eksplicit, og du ikke kan lide deres bev\u00e6gelser, kan du direkte rapportere denne person til embedsm\u00e6nd. De vil s\u00e5 tr\u00e6ffe de n\u00f8dvendige foranstaltninger mod personen.<\/p>\n<p>Chatous er ikke s\u00e6rlig streng, n\u00e5r det g\u00e6lder indsamling af bes\u00f8gendes oplysninger. Det er tydeligt n\u00e6vnt i deres privatlivspolitik, at \"ved at bruge Chatous giver du udtrykkeligt samtykke til den informationsh\u00e5ndteringspraksis, der er beskrevet i denne privatlivspolitik.\" Der er visse smuthuller i Chatous's politik for beskyttelse af personlige oplysninger og datadeling. Det fremg\u00e5r klart af hjemmesiden, at \"Der er dog visse omst\u00e6ndigheder, hvor vi kan dele dine data med visse tredjeparter uden yderligere varsel til dig.\"<\/p>\n<h2>Login og brug<\/h2>\n<p>Chatous tilbyder en enkel login-proces. Du skal f\u00f8rst oprette en konto. Du skal logge ind p\u00e5 din konto for at begynde at chatte. Du skal v\u00e6lge et brugernavn og derefter en adgangskode for at sikre din kontos sikkerhed.<\/p>\n<p>Du kan bruge funktionerne direkte, n\u00e5r du har logget ind. Hjemmesiden giver dig mulighed for at v\u00e6lge mellem forskellige k\u00f8n. Du kan enten v\u00e6lge det mandlige eller kvindelige k\u00f8n alt efter din smag. Du skal angive din alder. Der sp\u00f8rges om alder, s\u00e5 brugeren i den anden ende kan se din alder og beslutte sig i overensstemmelse hermed.<\/p>\n<h2>F\u00e5 nye venner<\/h2>\n<p>Det er altid sjovt at f\u00e5 nye venner. Du kan tale med fremmede ved hj\u00e6lp af hjemmesiden over hele verden. Hvis du er interesseret i at vide, hvad der sker i andre lande, og hvilke kulturer andre mennesker elsker og nyder, b\u00f8r du bruge hjemmesiden til at tale med folk.<\/p>\n<p>Hjemmesiden leder dig til den bedst egnede person ved hj\u00e6lp af de angivne oplysninger. Du kan s\u00e5 tale med dem eller g\u00e5 videre til den n\u00e6ste, hvis du ikke kan lide den f\u00f8rste.<\/p>\n<h2>Gruppe eller tilf\u00e6ldig<\/h2>\n<p>Du kan ogs\u00e5 v\u00e6lge at <a href=\"https:\/\/strangercam.com\/da\/chatroulette\/\">chat<\/a> i grupper, eller lad hjemmesidens AI-system v\u00e6lge en person til dig tilf\u00e6ldigt. Begge dele er sjove funktioner og \u00f8ger chancerne for potentielle matches.<\/p>\n<p>Hvis du er udadvendt og kan lide at v\u00e6re sammen med andre, er gruppechat noget for dig. Tilf\u00e6ldig udv\u00e6lgelse handler mere om sjov og overraskelse.<br \/>\nHvad er funktionerne p\u00e5 datingwebstedet Chatous?<\/p>\n<p>Datinghjemmesiden har unikke funktioner for brugerne og viser derved m\u00e5der at identificere ligesindede personer, der deler hverdagsting. Et matchmaking-system giver mulighed for at chatte med tilf\u00e6ldige mennesker eller nye bekendtskaber. Desuden giver hjemmesiden medlemmerne mulighed for at sende billeder i h\u00f8j kvalitet til en chatmakker ved hj\u00e6lp af et webcam. En anden ting ved webstedet er, at det baner vejen for at filtrere profilerne baseret p\u00e5 deres placering, alder, k\u00f8n og andre vigtige ting. Brugere kan endda v\u00e6lge et hashtag for at diskutere et emne med andre, der vil hj\u00e6lpe med at dyrke relationer.<\/p>\n<h2>Yderligere faciliteter tilg\u00e6ngelige p\u00e5 Chatous-datingwebstedet<\/h2>\n<p>Nye medlemmer kan bruge en\u00a0<a href=\"https:\/\/strangercam.com\/da\/chathub\/\">Tilf\u00e6ldig videochat<\/a> funktion med en mikrofon og et kamera. Hjemmesiden giver ogs\u00e5 brugerne mulighed for at sende tekstbeskeder til andre efter at have udvalgt dem korrekt. Tekstchatfunktionen g\u00f8r det muligt at sende korte videoer, billeder og talebeskeder til andre. Den leveres med en innovativ, brugervenlig gr\u00e6nseflade, der giver brugerne mulighed for nemt at navigere i det samme p\u00e5 desktops og andre enheder. Desuden vil medlemmer modtage meddelelser i realtid efter at have oprettet en konto i enkle trin. Hjemmesiden tilbyder brugerne en beskyttet identitet og anonymitet for at minimere u\u00f8nskede problemer.<\/p>\n<h2>Hvad er ulemperne ved datingsiden Chatous?<\/h2>\n<p>Selvom Chatous-datingwebsteder tilbyder brugerne flere fordele, b\u00f8r de ogs\u00e5 kende ulemperne i detaljer. Den har flere kvindelige bots p\u00e5 appen, der tager brugerne med til nogle <a href=\"https:\/\/strangercam.com\/da\/rabbit-video-chat\/\">videochat<\/a> platforme eller hjemmesider. Derudover b\u00f8r brugerne l\u00e6gge st\u00f8rre v\u00e6gt p\u00e5 sikkerhed, n\u00e5r de bruger hjemmesiden p\u00e5 station\u00e6re og mobile enheder. Nye medlemmer b\u00f8r l\u00e6se anmeldelser, f\u00f8r de opretter en konto. Hashtag-funktionen har nogle f\u00e5 mangler, og brugerne skal v\u00e6re opm\u00e6rksomme p\u00e5 dem, n\u00e5r de vil chatte med andre. Man kan v\u00e6lge webstedet for at debattere flere emner med kompatible mennesker, der vil opbygge b\u00e5nd og relationer.<\/p>","protected":false},"excerpt":{"rendered":"<p>A dating website is a suitable place for those who want to meet their dream persons when it comes to long-distance relationships. At the same time, not all dating websites are the same that require more attention. Choosing the right dating website allows users to make new friends and companions from several streams of life. [&hellip;]<\/p>\n","protected":false},"author":6,"featured_media":559,"parent":0,"menu_order":0,"comment_status":"closed","ping_status":"closed","template":"","meta":{"footnotes":""},"class_list":["post-3197","page","type-page","status-publish","has-post-thumbnail","hentry"],"yoast_head":"<!-- This site is optimized with the Yoast SEO plugin v26.9 - https:\/\/yoast.com\/product\/yoast-seo-wordpress\/ -->\n<title>Chatous - Most Popular Video Chats - Cam on StrangerCam.com<\/title>\n<meta name=\"description\" content=\"Like Chatous? Come chat with more than 5.000.000 strangers on Stranger Cam for Free! Turn on your cam and find new friends &amp; maby a match!\" \/>\n<meta name=\"robots\" content=\"index, follow, max-snippet:-1, max-image-preview:large, max-video-preview:-1\" \/>\n<link rel=\"canonical\" href=\"https:\/\/strangercam.com\/da\/chatous\/\" \/>\n<meta property=\"og:locale\" content=\"da_DK\" \/>\n<meta property=\"og:type\" content=\"article\" \/>\n<meta property=\"og:title\" content=\"Chatous - Most Popular Video Chats - Cam on StrangerCam.com\" \/>\n<meta property=\"og:description\" content=\"Like Chatous? Come chat with more than 5.000.000 strangers on Stranger Cam for Free! Turn on your cam and find new friends &amp; maby a match!\" \/>\n<meta property=\"og:url\" content=\"https:\/\/strangercam.com\/da\/chatous\/\" \/>\n<meta property=\"og:site_name\" content=\"Strangercam\" \/>\n<meta property=\"article:publisher\" content=\"https:\/\/www.facebook.com\/strangercam\" \/>\n<meta property=\"article:modified_time\" content=\"2023-08-21T10:24:41+00:00\" \/>\n<meta property=\"og:image\" content=\"https:\/\/strangercam.com\/wp-content\/uploads\/2020\/11\/stranger-cam-1.png\" \/>\n\t<meta property=\"og:image:width\" content=\"800\" \/>\n\t<meta property=\"og:image:height\" content=\"800\" \/>\n\t<meta property=\"og:image:type\" content=\"image\/png\" \/>\n<meta name=\"twitter:card\" content=\"summary_large_image\" \/>\n<meta name=\"twitter:site\" content=\"@strangercamapp\" \/>\n<meta name=\"twitter:label1\" content=\"Estimeret l\u00e6setid\" \/>\n\t<meta name=\"twitter:data1\" content=\"4 minutter\" \/>\n<script type=\"application\/ld+json\" class=\"yoast-schema-graph\">{\"@context\":\"https:\/\/schema.org\",\"@graph\":[{\"@type\":\"WebPage\",\"@id\":\"https:\/\/strangercam.com\/chatous\/\",\"url\":\"https:\/\/strangercam.com\/chatous\/\",\"name\":\"Chatous - Most Popular Video Chats - Cam on StrangerCam.com\",\"isPartOf\":{\"@id\":\"https:\/\/strangercam.com\/#website\"},\"primaryImageOfPage\":{\"@id\":\"https:\/\/strangercam.com\/chatous\/#primaryimage\"},\"image\":{\"@id\":\"https:\/\/strangercam.com\/chatous\/#primaryimage\"},\"thumbnailUrl\":\"https:\/\/strangercam.com\/wp-content\/uploads\/2020\/11\/stranger-cam-1.png\",\"datePublished\":\"2021-05-09T19:20:36+00:00\",\"dateModified\":\"2023-08-21T10:24:41+00:00\",\"description\":\"Like Chatous? Come chat with more than 5.000.000 strangers on Stranger Cam for Free! Turn on your cam and find new friends & maby a match!\",\"breadcrumb\":{\"@id\":\"https:\/\/strangercam.com\/chatous\/#breadcrumb\"},\"inLanguage\":\"da-DK\",\"potentialAction\":[{\"@type\":\"ReadAction\",\"target\":[\"https:\/\/strangercam.com\/chatous\/\"]}]},{\"@type\":\"ImageObject\",\"inLanguage\":\"da-DK\",\"@id\":\"https:\/\/strangercam.com\/chatous\/#primaryimage\",\"url\":\"https:\/\/strangercam.com\/wp-content\/uploads\/2020\/11\/stranger-cam-1.png\",\"contentUrl\":\"https:\/\/strangercam.com\/wp-content\/uploads\/2020\/11\/stranger-cam-1.png\",\"width\":800,\"height\":800,\"caption\":\"stranger cam random video chat\"},{\"@type\":\"BreadcrumbList\",\"@id\":\"https:\/\/strangercam.com\/chatous\/#breadcrumb\",\"itemListElement\":[{\"@type\":\"ListItem\",\"position\":1,\"name\":\"Home\",\"item\":\"https:\/\/strangercam.com\/\"},{\"@type\":\"ListItem\",\"position\":2,\"name\":\"Chatous\"}]},{\"@type\":\"WebSite\",\"@id\":\"https:\/\/strangercam.com\/#website\",\"url\":\"https:\/\/strangercam.com\/\",\"name\":\"Strangercam\",\"description\":\"Random Video Chat with Strangers\",\"publisher\":{\"@id\":\"https:\/\/strangercam.com\/#organization\"},\"alternateName\":\"Strangercam.com\",\"potentialAction\":[{\"@type\":\"SearchAction\",\"target\":{\"@type\":\"EntryPoint\",\"urlTemplate\":\"https:\/\/strangercam.com\/?s={search_term_string}\"},\"query-input\":{\"@type\":\"PropertyValueSpecification\",\"valueRequired\":true,\"valueName\":\"search_term_string\"}}],\"inLanguage\":\"da-DK\"},{\"@type\":\"Organization\",\"@id\":\"https:\/\/strangercam.com\/#organization\",\"name\":\"Strangercam\",\"alternateName\":\"Strangercam.com\",\"url\":\"https:\/\/strangercam.com\/\",\"logo\":{\"@type\":\"ImageObject\",\"inLanguage\":\"da-DK\",\"@id\":\"https:\/\/strangercam.com\/#\/schema\/logo\/image\/\",\"url\":\"https:\/\/strangercam.com\/wp-content\/uploads\/2020\/11\/cropped-new-favicon-black.png\",\"contentUrl\":\"https:\/\/strangercam.com\/wp-content\/uploads\/2020\/11\/cropped-new-favicon-black.png\",\"width\":512,\"height\":512,\"caption\":\"Strangercam\"},\"image\":{\"@id\":\"https:\/\/strangercam.com\/#\/schema\/logo\/image\/\"},\"sameAs\":[\"https:\/\/www.facebook.com\/strangercam\",\"https:\/\/x.com\/strangercamapp\"]}]}<\/script>\n<!-- \/ Yoast SEO plugin. -->","yoast_head_json":{"title":"Chatous - Mest popul\u00e6re videochats - Cam p\u00e5 StrangerCam.com","description":"Kan du lide Chatous? Kom og chat med mere end 5.000.000 fremmede p\u00e5 Stranger Cam helt gratis! T\u00e6nd for dit kamera og find nye venner og m\u00e5ske et match!","robots":{"index":"index","follow":"follow","max-snippet":"max-snippet:-1","max-image-preview":"max-image-preview:large","max-video-preview":"max-video-preview:-1"},"canonical":"https:\/\/strangercam.com\/da\/chatous\/","og_locale":"da_DK","og_type":"article","og_title":"Chatous - Most Popular Video Chats - Cam on StrangerCam.com","og_description":"Like Chatous? Come chat with more than 5.000.000 strangers on Stranger Cam for Free! Turn on your cam and find new friends & maby a match!","og_url":"https:\/\/strangercam.com\/da\/chatous\/","og_site_name":"Strangercam","article_publisher":"https:\/\/www.facebook.com\/strangercam","article_modified_time":"2023-08-21T10:24:41+00:00","og_image":[{"width":800,"height":800,"url":"https:\/\/strangercam.com\/wp-content\/uploads\/2020\/11\/stranger-cam-1.png","type":"image\/png"}],"twitter_card":"summary_large_image","twitter_site":"@strangercamapp","twitter_misc":{"Estimeret l\u00e6setid":"4 minutter"},"schema":{"@context":"https:\/\/schema.org","@graph":[{"@type":"WebPage","@id":"https:\/\/strangercam.com\/chatous\/","url":"https:\/\/strangercam.com\/chatous\/","name":"Chatous - Mest popul\u00e6re videochats - Cam p\u00e5 StrangerCam.com","isPartOf":{"@id":"https:\/\/strangercam.com\/#website"},"primaryImageOfPage":{"@id":"https:\/\/strangercam.com\/chatous\/#primaryimage"},"image":{"@id":"https:\/\/strangercam.com\/chatous\/#primaryimage"},"thumbnailUrl":"https:\/\/strangercam.com\/wp-content\/uploads\/2020\/11\/stranger-cam-1.png","datePublished":"2021-05-09T19:20:36+00:00","dateModified":"2023-08-21T10:24:41+00:00","description":"Kan du lide Chatous? Kom og chat med mere end 5.000.000 fremmede p\u00e5 Stranger Cam helt gratis! T\u00e6nd for dit kamera og find nye venner og m\u00e5ske et match!","breadcrumb":{"@id":"https:\/\/strangercam.com\/chatous\/#breadcrumb"},"inLanguage":"da-DK","potentialAction":[{"@type":"ReadAction","target":["https:\/\/strangercam.com\/chatous\/"]}]},{"@type":"ImageObject","inLanguage":"da-DK","@id":"https:\/\/strangercam.com\/chatous\/#primaryimage","url":"https:\/\/strangercam.com\/wp-content\/uploads\/2020\/11\/stranger-cam-1.png","contentUrl":"https:\/\/strangercam.com\/wp-content\/uploads\/2020\/11\/stranger-cam-1.png","width":800,"height":800,"caption":"stranger cam random video chat"},{"@type":"BreadcrumbList","@id":"https:\/\/strangercam.com\/chatous\/#breadcrumb","itemListElement":[{"@type":"ListItem","position":1,"name":"Home","item":"https:\/\/strangercam.com\/"},{"@type":"ListItem","position":2,"name":"Chatous"}]},{"@type":"WebSite","@id":"https:\/\/strangercam.com\/#website","url":"https:\/\/strangercam.com\/","name":"Strangercam","description":"Tilf\u00e6ldig videochat med fremmede","publisher":{"@id":"https:\/\/strangercam.com\/#organization"},"alternateName":"Strangercam.com","potentialAction":[{"@type":"SearchAction","target":{"@type":"EntryPoint","urlTemplate":"https:\/\/strangercam.com\/?s={search_term_string}"},"query-input":{"@type":"PropertyValueSpecification","valueRequired":true,"valueName":"search_term_string"}}],"inLanguage":"da-DK"},{"@type":"Organization","@id":"https:\/\/strangercam.com\/#organization","name":"Strangercam","alternateName":"Strangercam.com","url":"https:\/\/strangercam.com\/","logo":{"@type":"ImageObject","inLanguage":"da-DK","@id":"https:\/\/strangercam.com\/#\/schema\/logo\/image\/","url":"https:\/\/strangercam.com\/wp-content\/uploads\/2020\/11\/cropped-new-favicon-black.png","contentUrl":"https:\/\/strangercam.com\/wp-content\/uploads\/2020\/11\/cropped-new-favicon-black.png","width":512,"height":512,"caption":"Strangercam"},"image":{"@id":"https:\/\/strangercam.com\/#\/schema\/logo\/image\/"},"sameAs":["https:\/\/www.facebook.com\/strangercam","https:\/\/x.com\/strangercamapp"]}]}},"_links":{"self":[{"href":"https:\/\/strangercam.com\/da\/wp-json\/wp\/v2\/pages\/3197","targetHints":{"allow":["GET"]}}],"collection":[{"href":"https:\/\/strangercam.com\/da\/wp-json\/wp\/v2\/pages"}],"about":[{"href":"https:\/\/strangercam.com\/da\/wp-json\/wp\/v2\/types\/page"}],"author":[{"embeddable":true,"href":"https:\/\/strangercam.com\/da\/wp-json\/wp\/v2\/users\/6"}],"replies":[{"embeddable":true,"href":"https:\/\/strangercam.com\/da\/wp-json\/wp\/v2\/comments?post=3197"}],"version-history":[{"count":0,"href":"https:\/\/strangercam.com\/da\/wp-json\/wp\/v2\/pages\/3197\/revisions"}],"wp:featuredmedia":[{"embeddable":true,"href":"https:\/\/strangercam.com\/da\/wp-json\/wp\/v2\/media\/559"}],"wp:attachment":[{"href":"https:\/\/strangercam.com\/da\/wp-json\/wp\/v2\/media?parent=3197"}],"curies":[{"name":"wp","href":"https:\/\/api.w.org\/{rel}","templated":true}]}}