{"id":3171,"date":"2021-05-09T21:14:34","date_gmt":"2021-05-09T19:14:34","guid":{"rendered":"https:\/\/strangercam.com\/?page_id=3171"},"modified":"2023-08-21T11:40:39","modified_gmt":"2023-08-21T09:40:39","slug":"chatblink","status":"publish","type":"page","link":"https:\/\/strangercam.com\/da\/chatblink\/","title":{"rendered":"Chatblink"},"content":{"rendered":"<p>De fleste mennesker i dag kan godt lide at finde nye venner p\u00e5 et sted p\u00e5 en nem m\u00e5de. Som f\u00f8lge heraf vinder datingwebsteder popularitet i forskellige dele af verden, fordi de giver metoder til at dyrke k\u00e6rlighed og venskab med andre. Det er dog n\u00f8dvendigt at evaluere dem i detaljer, der hj\u00e6lper med at v\u00e6lge den rigtige i overensstemmelse hermed. Chatblink-datingwebstedet er det rigtige sted for dem, der \u00f8nsker at interagere med andre gennem <a href=\"https:\/\/strangercam.com\/da\/chatroulette\/\">chat<\/a> v\u00e6relser. Det er en <a href=\"https:\/\/strangercam.com\/da\/chat4free\/\">gratis<\/a> datingside, der giver brugerne mulighed for at finde og <a href=\"https:\/\/strangercam.com\/da\/coomeet\/\">m\u00f8des<\/a> nye venner med lethed.<\/p>\n<h2>Hvad er de bedste funktioner p\u00e5 Chatblink-datinghjemmesiden?<\/h2>\n<p>En bruger kan finde en bred vifte af chatrum p\u00e5 dette websted efter at have oprettet en konto. Det bedste er, at det giver brugerne mulighed for hurtigt at deltage i et rum, der passer til deres interesser. Medlemmer kan date attraktive m\u00e6nd og kvinder fra forskellige dele af verden.<a href=\"https:\/\/cashpotresulttoday.com\/\">.<\/a> Tekstchat er en anden top, der tilbydes af hjemmesiden, og som giver mulighed for at chatte med tilf\u00e6ldige brugere online. Brugergr\u00e6nsefladen p\u00e5 Chatblink-webstedet er ligetil, s\u00e5 brugerne kan komme i gang s\u00e5 hurtigt som muligt. Derudover bidrager det mere til at beskytte kundernes detaljer for at minimere u\u00f8nskede problemer.<\/p>\n<h3>Hvordan opretter jeg en konto p\u00e5 hjemmesiden?<\/h3>\n<p>Nye brugere kan oprette en konto p\u00e5 webstedet ved at indtaste deres e-mail med adgangskoder. De skal v\u00e6lge et brugernavn efter at have angivet deres k\u00f8n og alder. Alle, der har en Facebook-konto, kan indtaste en <a href=\"https:\/\/strangercam.com\/da\/chatroom2000\/\">chatrum<\/a> direkte s\u00e5 hurtigt som muligt<a href=\"https:\/\/nlcbplaywheresults.com\/\">.<\/a> Det g\u00f8r det muligt at forbedre sprogf\u00e6rdigheder og andre ting betydeligt efter at have interageret med andre. P\u00e5 den anden side er det n\u00f8dvendigt at f\u00f8lge instruktionerne i detaljer, f\u00f8r du opretter en konto. Hjemmesiden er den rigtige mulighed for dem, der \u00f8nsker at undg\u00e5 ensomhed og andre problemer i livet.<\/p>\n<h3>Hvorfor er Chatblink det bedste valg for brugerne?<\/h3>\n<p>Hjemmesiden giver brugerne mulighed for at v\u00e6lge tilf\u00e6ldige chats, n\u00e5r de vil tale med fremmede fra forskellige dele af verden. Det giver mulighed for nemt at finde rigtige venner og kammerater fra forskellige samfundslag. Hjemmesiden tilbyder ogs\u00e5 <a href=\"https:\/\/strangercam.com\/da\/shagle\/\">voksen<\/a> datingtjenester for m\u00e6nd og kvinder, der \u00f8nsker at dele deres f\u00f8lelser med dem. Da registreringsprocessen er meget enkel, kan brugerne spare mere tid. Desuden giver det brugerne mulighed for at finde ledsagere under forskellige kategorier og derved vise m\u00e5der at dyrke b\u00e5nd p\u00e5. Nye medlemmer b\u00f8r forst\u00e5 vilk\u00e5rene og betingelserne, f\u00f8r de g\u00e5r ind i et chatrum p\u00e5 hjemmesiden.<\/p>","protected":false},"excerpt":{"rendered":"<p>Most people these days like to find new friends in a location easily. As a result, dating websites are gaining popularity in different parts of the world because they provide methods to grow love and friendship with others. However, it is necessary to evaluate them in detail that will help select the right one accordingly. [&hellip;]<\/p>\n","protected":false},"author":6,"featured_media":559,"parent":0,"menu_order":0,"comment_status":"closed","ping_status":"closed","template":"","meta":{"footnotes":""},"class_list":["post-3171","page","type-page","status-publish","has-post-thumbnail","hentry"],"yoast_head":"<!-- This site is optimized with the Yoast SEO plugin v26.9 - https:\/\/yoast.com\/product\/yoast-seo-wordpress\/ -->\n<title>Chatblink - Most Popular Video Chats - Cam on StrangerCam.com<\/title>\n<meta name=\"description\" content=\"Like Chatblink? Come chat with more than 5.000.000 strangers on Stranger Cam for Free! Turn on your cam and find new friends &amp; maby a match!\" \/>\n<meta name=\"robots\" content=\"index, follow, max-snippet:-1, max-image-preview:large, max-video-preview:-1\" \/>\n<link rel=\"canonical\" href=\"https:\/\/strangercam.com\/da\/chatblink\/\" \/>\n<meta property=\"og:locale\" content=\"da_DK\" \/>\n<meta property=\"og:type\" content=\"article\" \/>\n<meta property=\"og:title\" content=\"Chatblink - Most Popular Video Chats - Cam on StrangerCam.com\" \/>\n<meta property=\"og:description\" content=\"Like Chatblink? Come chat with more than 5.000.000 strangers on Stranger Cam for Free! Turn on your cam and find new friends &amp; maby a match!\" \/>\n<meta property=\"og:url\" content=\"https:\/\/strangercam.com\/da\/chatblink\/\" \/>\n<meta property=\"og:site_name\" content=\"Strangercam\" \/>\n<meta property=\"article:publisher\" content=\"https:\/\/www.facebook.com\/strangercam\" \/>\n<meta property=\"article:modified_time\" content=\"2023-08-21T09:40:39+00:00\" \/>\n<meta property=\"og:image\" content=\"https:\/\/strangercam.com\/wp-content\/uploads\/2020\/11\/stranger-cam-1.png\" \/>\n\t<meta property=\"og:image:width\" content=\"800\" \/>\n\t<meta property=\"og:image:height\" content=\"800\" \/>\n\t<meta property=\"og:image:type\" content=\"image\/png\" \/>\n<meta name=\"twitter:card\" content=\"summary_large_image\" \/>\n<meta name=\"twitter:site\" content=\"@strangercamapp\" \/>\n<meta name=\"twitter:label1\" content=\"Estimeret l\u00e6setid\" \/>\n\t<meta name=\"twitter:data1\" content=\"2 minutter\" \/>\n<script type=\"application\/ld+json\" class=\"yoast-schema-graph\">{\"@context\":\"https:\/\/schema.org\",\"@graph\":[{\"@type\":\"WebPage\",\"@id\":\"https:\/\/strangercam.com\/chatblink\/\",\"url\":\"https:\/\/strangercam.com\/chatblink\/\",\"name\":\"Chatblink - Most Popular Video Chats - Cam on StrangerCam.com\",\"isPartOf\":{\"@id\":\"https:\/\/strangercam.com\/#website\"},\"primaryImageOfPage\":{\"@id\":\"https:\/\/strangercam.com\/chatblink\/#primaryimage\"},\"image\":{\"@id\":\"https:\/\/strangercam.com\/chatblink\/#primaryimage\"},\"thumbnailUrl\":\"https:\/\/strangercam.com\/wp-content\/uploads\/2020\/11\/stranger-cam-1.png\",\"datePublished\":\"2021-05-09T19:14:34+00:00\",\"dateModified\":\"2023-08-21T09:40:39+00:00\",\"description\":\"Like Chatblink? Come chat with more than 5.000.000 strangers on Stranger Cam for Free! Turn on your cam and find new friends & maby a match!\",\"breadcrumb\":{\"@id\":\"https:\/\/strangercam.com\/chatblink\/#breadcrumb\"},\"inLanguage\":\"da-DK\",\"potentialAction\":[{\"@type\":\"ReadAction\",\"target\":[\"https:\/\/strangercam.com\/chatblink\/\"]}]},{\"@type\":\"ImageObject\",\"inLanguage\":\"da-DK\",\"@id\":\"https:\/\/strangercam.com\/chatblink\/#primaryimage\",\"url\":\"https:\/\/strangercam.com\/wp-content\/uploads\/2020\/11\/stranger-cam-1.png\",\"contentUrl\":\"https:\/\/strangercam.com\/wp-content\/uploads\/2020\/11\/stranger-cam-1.png\",\"width\":800,\"height\":800,\"caption\":\"stranger cam random video chat\"},{\"@type\":\"BreadcrumbList\",\"@id\":\"https:\/\/strangercam.com\/chatblink\/#breadcrumb\",\"itemListElement\":[{\"@type\":\"ListItem\",\"position\":1,\"name\":\"Home\",\"item\":\"https:\/\/strangercam.com\/\"},{\"@type\":\"ListItem\",\"position\":2,\"name\":\"Chatblink\"}]},{\"@type\":\"WebSite\",\"@id\":\"https:\/\/strangercam.com\/#website\",\"url\":\"https:\/\/strangercam.com\/\",\"name\":\"Strangercam\",\"description\":\"Random Video Chat with Strangers\",\"publisher\":{\"@id\":\"https:\/\/strangercam.com\/#organization\"},\"alternateName\":\"Strangercam.com\",\"potentialAction\":[{\"@type\":\"SearchAction\",\"target\":{\"@type\":\"EntryPoint\",\"urlTemplate\":\"https:\/\/strangercam.com\/?s={search_term_string}\"},\"query-input\":{\"@type\":\"PropertyValueSpecification\",\"valueRequired\":true,\"valueName\":\"search_term_string\"}}],\"inLanguage\":\"da-DK\"},{\"@type\":\"Organization\",\"@id\":\"https:\/\/strangercam.com\/#organization\",\"name\":\"Strangercam\",\"alternateName\":\"Strangercam.com\",\"url\":\"https:\/\/strangercam.com\/\",\"logo\":{\"@type\":\"ImageObject\",\"inLanguage\":\"da-DK\",\"@id\":\"https:\/\/strangercam.com\/#\/schema\/logo\/image\/\",\"url\":\"https:\/\/strangercam.com\/wp-content\/uploads\/2020\/11\/cropped-new-favicon-black.png\",\"contentUrl\":\"https:\/\/strangercam.com\/wp-content\/uploads\/2020\/11\/cropped-new-favicon-black.png\",\"width\":512,\"height\":512,\"caption\":\"Strangercam\"},\"image\":{\"@id\":\"https:\/\/strangercam.com\/#\/schema\/logo\/image\/\"},\"sameAs\":[\"https:\/\/www.facebook.com\/strangercam\",\"https:\/\/x.com\/strangercamapp\"]}]}<\/script>\n<!-- \/ Yoast SEO plugin. -->","yoast_head_json":{"title":"Chatblink - Mest popul\u00e6re videochats - Cam p\u00e5 StrangerCam.com","description":"Kan du lide Chatblink? Kom og chat med mere end 5.000.000 fremmede p\u00e5 Stranger Cam helt gratis! T\u00e6nd for dit kamera og find nye venner og m\u00e5ske et match!","robots":{"index":"index","follow":"follow","max-snippet":"max-snippet:-1","max-image-preview":"max-image-preview:large","max-video-preview":"max-video-preview:-1"},"canonical":"https:\/\/strangercam.com\/da\/chatblink\/","og_locale":"da_DK","og_type":"article","og_title":"Chatblink - Most Popular Video Chats - Cam on StrangerCam.com","og_description":"Like Chatblink? Come chat with more than 5.000.000 strangers on Stranger Cam for Free! Turn on your cam and find new friends & maby a match!","og_url":"https:\/\/strangercam.com\/da\/chatblink\/","og_site_name":"Strangercam","article_publisher":"https:\/\/www.facebook.com\/strangercam","article_modified_time":"2023-08-21T09:40:39+00:00","og_image":[{"width":800,"height":800,"url":"https:\/\/strangercam.com\/wp-content\/uploads\/2020\/11\/stranger-cam-1.png","type":"image\/png"}],"twitter_card":"summary_large_image","twitter_site":"@strangercamapp","twitter_misc":{"Estimeret l\u00e6setid":"2 minutter"},"schema":{"@context":"https:\/\/schema.org","@graph":[{"@type":"WebPage","@id":"https:\/\/strangercam.com\/chatblink\/","url":"https:\/\/strangercam.com\/chatblink\/","name":"Chatblink - Mest popul\u00e6re videochats - Cam p\u00e5 StrangerCam.com","isPartOf":{"@id":"https:\/\/strangercam.com\/#website"},"primaryImageOfPage":{"@id":"https:\/\/strangercam.com\/chatblink\/#primaryimage"},"image":{"@id":"https:\/\/strangercam.com\/chatblink\/#primaryimage"},"thumbnailUrl":"https:\/\/strangercam.com\/wp-content\/uploads\/2020\/11\/stranger-cam-1.png","datePublished":"2021-05-09T19:14:34+00:00","dateModified":"2023-08-21T09:40:39+00:00","description":"Kan du lide Chatblink? Kom og chat med mere end 5.000.000 fremmede p\u00e5 Stranger Cam helt gratis! T\u00e6nd for dit kamera og find nye venner og m\u00e5ske et match!","breadcrumb":{"@id":"https:\/\/strangercam.com\/chatblink\/#breadcrumb"},"inLanguage":"da-DK","potentialAction":[{"@type":"ReadAction","target":["https:\/\/strangercam.com\/chatblink\/"]}]},{"@type":"ImageObject","inLanguage":"da-DK","@id":"https:\/\/strangercam.com\/chatblink\/#primaryimage","url":"https:\/\/strangercam.com\/wp-content\/uploads\/2020\/11\/stranger-cam-1.png","contentUrl":"https:\/\/strangercam.com\/wp-content\/uploads\/2020\/11\/stranger-cam-1.png","width":800,"height":800,"caption":"stranger cam random video chat"},{"@type":"BreadcrumbList","@id":"https:\/\/strangercam.com\/chatblink\/#breadcrumb","itemListElement":[{"@type":"ListItem","position":1,"name":"Home","item":"https:\/\/strangercam.com\/"},{"@type":"ListItem","position":2,"name":"Chatblink"}]},{"@type":"WebSite","@id":"https:\/\/strangercam.com\/#website","url":"https:\/\/strangercam.com\/","name":"Strangercam","description":"Tilf\u00e6ldig videochat med fremmede","publisher":{"@id":"https:\/\/strangercam.com\/#organization"},"alternateName":"Strangercam.com","potentialAction":[{"@type":"SearchAction","target":{"@type":"EntryPoint","urlTemplate":"https:\/\/strangercam.com\/?s={search_term_string}"},"query-input":{"@type":"PropertyValueSpecification","valueRequired":true,"valueName":"search_term_string"}}],"inLanguage":"da-DK"},{"@type":"Organization","@id":"https:\/\/strangercam.com\/#organization","name":"Strangercam","alternateName":"Strangercam.com","url":"https:\/\/strangercam.com\/","logo":{"@type":"ImageObject","inLanguage":"da-DK","@id":"https:\/\/strangercam.com\/#\/schema\/logo\/image\/","url":"https:\/\/strangercam.com\/wp-content\/uploads\/2020\/11\/cropped-new-favicon-black.png","contentUrl":"https:\/\/strangercam.com\/wp-content\/uploads\/2020\/11\/cropped-new-favicon-black.png","width":512,"height":512,"caption":"Strangercam"},"image":{"@id":"https:\/\/strangercam.com\/#\/schema\/logo\/image\/"},"sameAs":["https:\/\/www.facebook.com\/strangercam","https:\/\/x.com\/strangercamapp"]}]}},"_links":{"self":[{"href":"https:\/\/strangercam.com\/da\/wp-json\/wp\/v2\/pages\/3171","targetHints":{"allow":["GET"]}}],"collection":[{"href":"https:\/\/strangercam.com\/da\/wp-json\/wp\/v2\/pages"}],"about":[{"href":"https:\/\/strangercam.com\/da\/wp-json\/wp\/v2\/types\/page"}],"author":[{"embeddable":true,"href":"https:\/\/strangercam.com\/da\/wp-json\/wp\/v2\/users\/6"}],"replies":[{"embeddable":true,"href":"https:\/\/strangercam.com\/da\/wp-json\/wp\/v2\/comments?post=3171"}],"version-history":[{"count":0,"href":"https:\/\/strangercam.com\/da\/wp-json\/wp\/v2\/pages\/3171\/revisions"}],"wp:featuredmedia":[{"embeddable":true,"href":"https:\/\/strangercam.com\/da\/wp-json\/wp\/v2\/media\/559"}],"wp:attachment":[{"href":"https:\/\/strangercam.com\/da\/wp-json\/wp\/v2\/media?parent=3171"}],"curies":[{"name":"wp","href":"https:\/\/api.w.org\/{rel}","templated":true}]}}