{"id":3158,"date":"2021-05-09T21:11:08","date_gmt":"2021-05-09T19:11:08","guid":{"rendered":"https:\/\/strangercam.com\/?page_id=3158"},"modified":"2023-08-21T12:43:25","modified_gmt":"2023-08-21T10:43:25","slug":"tinychat","status":"publish","type":"page","link":"https:\/\/strangercam.com\/da\/tinychat\/","title":{"rendered":"Tinychat"},"content":{"rendered":"<p>Online <a href=\"https:\/\/strangercam.com\/da\/chatroulette\/\">chat<\/a> Hjemmesider involverer forskellige typer, der giver brugerne mulighed for at opdage mennesker, der \u00f8nsker at skabe venskaber med andre. Tinychat er en af dem, der har medlemmer fra forskellige dele af verden. Det giver m\u00e5der at komme i kontakt med ligesindede personer med de nyeste funktioner. Dette websted er et passende sted for dem, der gerne vil undg\u00e5 ensomhed og kedsomhed i livet. Desuden d\u00e6kker platformen chatrum, hvor medlemmer kan lave <a href=\"https:\/\/strangercam.com\/da\/rabbit-video-chat\/\">video<\/a> opkald med avancerede funktioner. Alle, der \u00f8nsker at opbygge deres b\u00e5nd med andre, kan v\u00e6lge dette websted, der hj\u00e6lper med at opn\u00e5 optimale resultater.<\/p>\n<h2>Hvordan tilmelder man sig Tinychat?<\/h2>\n<p>Det tager kun et par minutter at tilmelde sig Tinychat, og nye medlemmer b\u00f8r f\u00f8rst oprette en konto. De f\u00e5r en URL umiddelbart efter oprettelsen af en konto med et foretrukket brugernavn og en adgangskode. Nye brugere kan g\u00e5 ind i chatrummene ved blot at skrive URL'en. Hjemmesiden giver endda mulighed for at oprette en konto via Facebook. Det g\u00f8r registreringsprocessen hurtigere og viser m\u00e5der at komme i kontakt med grupper p\u00e5 s\u00e5 hurtigt som muligt. En anden ting ved hjemmesiden er, at den giver brugerne mulighed for at oprette profiler ved at uploade fotos og indsende andre oplysninger.<\/p>\n<h3>Hvordan bruger man Tinychat?<\/h3>\n<p>Brugere kan sende gaver og beskeder til andre medlemmer p\u00e5 denne platform, der hj\u00e6lper med at opbygge b\u00e5nd til andre. De b\u00f8r dog opgradere til premium for at se andres profiler uden problemer. Hjemmesiden viser endda metoder til at forblive anonym, n\u00e5r brugerne ikke \u00f8nsker at afsl\u00f8re deres rigtige identitet. Det giver medlemmer mulighed for at sende sig selv via video-, lyd- og tekstplatforme. Derudover giver hjemmesiden brugerne mulighed for at promovere deres chatrum, s\u00e5 de kommer med i <a href=\"https:\/\/strangercam.com\/da\/mili\/\">Live<\/a> katalog. Tinychat-appen er ogs\u00e5 tilg\u00e6ngelig for mobilbrugere, og de kan downloade den samme p\u00e5 deres enheder i enkle trin.<\/p>\n<h3>Hvad er fordele og ulemper ved Tinychat?<\/h3>\n<p>Webkameraet fungerer problemfrit, s\u00e5 brugerne kan f\u00e5 en bedre oplevelse. Start en <a href=\"https:\/\/strangercam.com\/da\/american-random-video-call\/\">Videoopkald<\/a> p\u00e5 hjemmesiden er meget let og giver metoder til hurtigt at komme i kontakt med andre. En bruger kan blokere nogen, n\u00e5r han\/hun ikke kan lide at kommunikere med en person. Desuden baner det vejen for at kontrollere antallet af personer, der deltager i din chat. Den st\u00f8rste ulempe ved denne datingplatform er, at priserne p\u00e5 abonnementsplaner er h\u00f8je. De, der er over 13 \u00e5r, er berettigede til at deltage p\u00e5 platformen, og de skal f\u00f8lge reglerne og forskrifterne i detaljer, der vil hj\u00e6lpe <a href=\"https:\/\/strangercam.com\/da\/coomeet\/\">m\u00f8des<\/a> de v\u00e6sentlige behov.<\/p>","protected":false},"excerpt":{"rendered":"<p>Online chat websites involve different types allowing users to discover people who want to make friendships with others. Tinychat is one among them that has members from different parts of the world. It provides ways to connect with like-minded persons with the latest features. This website is a suitable place for those who like to [&hellip;]<\/p>\n","protected":false},"author":6,"featured_media":559,"parent":0,"menu_order":0,"comment_status":"closed","ping_status":"closed","template":"","meta":{"footnotes":""},"class_list":["post-3158","page","type-page","status-publish","has-post-thumbnail","hentry"],"yoast_head":"<!-- This site is optimized with the Yoast SEO plugin v27.4 - https:\/\/yoast.com\/product\/yoast-seo-wordpress\/ -->\n<title>Tinychat - Video Chat - Cam on StrangerCam.com<\/title>\n<meta name=\"description\" content=\"Like Tinychat? Come chat with more than 5.000.000 strangers on Stranger Cam for Free! Turn on your cam and find new friends &amp; maby a match!\" \/>\n<meta name=\"robots\" content=\"index, follow, max-snippet:-1, max-image-preview:large, max-video-preview:-1\" \/>\n<link rel=\"canonical\" href=\"https:\/\/strangercam.com\/da\/tinychat\/\" \/>\n<meta property=\"og:locale\" content=\"da_DK\" \/>\n<meta property=\"og:type\" content=\"article\" \/>\n<meta property=\"og:title\" content=\"Tinychat - Video Chat - Cam on StrangerCam.com\" \/>\n<meta property=\"og:description\" content=\"Like Tinychat? Come chat with more than 5.000.000 strangers on Stranger Cam for Free! Turn on your cam and find new friends &amp; maby a match!\" \/>\n<meta property=\"og:url\" content=\"https:\/\/strangercam.com\/da\/tinychat\/\" \/>\n<meta property=\"og:site_name\" content=\"Strangercam\" \/>\n<meta property=\"article:publisher\" content=\"https:\/\/www.facebook.com\/strangercam\" \/>\n<meta property=\"article:modified_time\" content=\"2023-08-21T10:43:25+00:00\" \/>\n<meta property=\"og:image\" content=\"https:\/\/strangercam.com\/wp-content\/uploads\/2020\/11\/stranger-cam-1.png\" \/>\n\t<meta property=\"og:image:width\" content=\"800\" \/>\n\t<meta property=\"og:image:height\" content=\"800\" \/>\n\t<meta property=\"og:image:type\" content=\"image\/png\" \/>\n<meta name=\"twitter:card\" content=\"summary_large_image\" \/>\n<meta name=\"twitter:site\" content=\"@strangercamapp\" \/>\n<meta name=\"twitter:label1\" content=\"Estimeret l\u00e6setid\" \/>\n\t<meta name=\"twitter:data1\" content=\"2 minutter\" \/>\n<script type=\"application\/ld+json\" class=\"yoast-schema-graph\">{\"@context\":\"https:\\\/\\\/schema.org\",\"@graph\":[{\"@type\":\"WebPage\",\"@id\":\"https:\\\/\\\/strangercam.com\\\/tinychat\\\/\",\"url\":\"https:\\\/\\\/strangercam.com\\\/tinychat\\\/\",\"name\":\"Tinychat - Video Chat - Cam on StrangerCam.com\",\"isPartOf\":{\"@id\":\"https:\\\/\\\/strangercam.com\\\/#website\"},\"primaryImageOfPage\":{\"@id\":\"https:\\\/\\\/strangercam.com\\\/tinychat\\\/#primaryimage\"},\"image\":{\"@id\":\"https:\\\/\\\/strangercam.com\\\/tinychat\\\/#primaryimage\"},\"thumbnailUrl\":\"https:\\\/\\\/strangercam.com\\\/wp-content\\\/uploads\\\/2020\\\/11\\\/stranger-cam-1.png\",\"datePublished\":\"2021-05-09T19:11:08+00:00\",\"dateModified\":\"2023-08-21T10:43:25+00:00\",\"description\":\"Like Tinychat? Come chat with more than 5.000.000 strangers on Stranger Cam for Free! Turn on your cam and find new friends & maby a match!\",\"breadcrumb\":{\"@id\":\"https:\\\/\\\/strangercam.com\\\/tinychat\\\/#breadcrumb\"},\"inLanguage\":\"da-DK\",\"potentialAction\":[{\"@type\":\"ReadAction\",\"target\":[\"https:\\\/\\\/strangercam.com\\\/tinychat\\\/\"]}]},{\"@type\":\"ImageObject\",\"inLanguage\":\"da-DK\",\"@id\":\"https:\\\/\\\/strangercam.com\\\/tinychat\\\/#primaryimage\",\"url\":\"https:\\\/\\\/strangercam.com\\\/wp-content\\\/uploads\\\/2020\\\/11\\\/stranger-cam-1.png\",\"contentUrl\":\"https:\\\/\\\/strangercam.com\\\/wp-content\\\/uploads\\\/2020\\\/11\\\/stranger-cam-1.png\",\"width\":800,\"height\":800,\"caption\":\"stranger cam random video chat\"},{\"@type\":\"BreadcrumbList\",\"@id\":\"https:\\\/\\\/strangercam.com\\\/tinychat\\\/#breadcrumb\",\"itemListElement\":[{\"@type\":\"ListItem\",\"position\":1,\"name\":\"Home\",\"item\":\"https:\\\/\\\/strangercam.com\\\/\"},{\"@type\":\"ListItem\",\"position\":2,\"name\":\"Tinychat\"}]},{\"@type\":\"WebSite\",\"@id\":\"https:\\\/\\\/strangercam.com\\\/#website\",\"url\":\"https:\\\/\\\/strangercam.com\\\/\",\"name\":\"Strangercam\",\"description\":\"Random Video Chat with Strangers\",\"publisher\":{\"@id\":\"https:\\\/\\\/strangercam.com\\\/#organization\"},\"alternateName\":\"Strangercam.com\",\"potentialAction\":[{\"@type\":\"SearchAction\",\"target\":{\"@type\":\"EntryPoint\",\"urlTemplate\":\"https:\\\/\\\/strangercam.com\\\/?s={search_term_string}\"},\"query-input\":{\"@type\":\"PropertyValueSpecification\",\"valueRequired\":true,\"valueName\":\"search_term_string\"}}],\"inLanguage\":\"da-DK\"},{\"@type\":\"Organization\",\"@id\":\"https:\\\/\\\/strangercam.com\\\/#organization\",\"name\":\"Strangercam\",\"alternateName\":\"Strangercam.com\",\"url\":\"https:\\\/\\\/strangercam.com\\\/\",\"logo\":{\"@type\":\"ImageObject\",\"inLanguage\":\"da-DK\",\"@id\":\"https:\\\/\\\/strangercam.com\\\/#\\\/schema\\\/logo\\\/image\\\/\",\"url\":\"https:\\\/\\\/strangercam.com\\\/wp-content\\\/uploads\\\/2020\\\/11\\\/cropped-new-favicon-black.png\",\"contentUrl\":\"https:\\\/\\\/strangercam.com\\\/wp-content\\\/uploads\\\/2020\\\/11\\\/cropped-new-favicon-black.png\",\"width\":512,\"height\":512,\"caption\":\"Strangercam\"},\"image\":{\"@id\":\"https:\\\/\\\/strangercam.com\\\/#\\\/schema\\\/logo\\\/image\\\/\"},\"sameAs\":[\"https:\\\/\\\/www.facebook.com\\\/strangercam\",\"https:\\\/\\\/x.com\\\/strangercamapp\"]}]}<\/script>\n<!-- \/ Yoast SEO plugin. -->","yoast_head_json":{"title":"Tinychat - Videochat - Cam p\u00e5 StrangerCam.com","description":"Kan du lide Tinychat? Kom og chat med mere end 5.000.000 fremmede p\u00e5 Stranger Cam helt gratis! T\u00e6nd for dit kamera og find nye venner og m\u00e5ske et match!","robots":{"index":"index","follow":"follow","max-snippet":"max-snippet:-1","max-image-preview":"max-image-preview:large","max-video-preview":"max-video-preview:-1"},"canonical":"https:\/\/strangercam.com\/da\/tinychat\/","og_locale":"da_DK","og_type":"article","og_title":"Tinychat - Video Chat - Cam on StrangerCam.com","og_description":"Like Tinychat? Come chat with more than 5.000.000 strangers on Stranger Cam for Free! Turn on your cam and find new friends & maby a match!","og_url":"https:\/\/strangercam.com\/da\/tinychat\/","og_site_name":"Strangercam","article_publisher":"https:\/\/www.facebook.com\/strangercam","article_modified_time":"2023-08-21T10:43:25+00:00","og_image":[{"width":800,"height":800,"url":"https:\/\/strangercam.com\/wp-content\/uploads\/2020\/11\/stranger-cam-1.png","type":"image\/png"}],"twitter_card":"summary_large_image","twitter_site":"@strangercamapp","twitter_misc":{"Estimeret l\u00e6setid":"2 minutter"},"schema":{"@context":"https:\/\/schema.org","@graph":[{"@type":"WebPage","@id":"https:\/\/strangercam.com\/tinychat\/","url":"https:\/\/strangercam.com\/tinychat\/","name":"Tinychat - Videochat - Cam p\u00e5 StrangerCam.com","isPartOf":{"@id":"https:\/\/strangercam.com\/#website"},"primaryImageOfPage":{"@id":"https:\/\/strangercam.com\/tinychat\/#primaryimage"},"image":{"@id":"https:\/\/strangercam.com\/tinychat\/#primaryimage"},"thumbnailUrl":"https:\/\/strangercam.com\/wp-content\/uploads\/2020\/11\/stranger-cam-1.png","datePublished":"2021-05-09T19:11:08+00:00","dateModified":"2023-08-21T10:43:25+00:00","description":"Kan du lide Tinychat? Kom og chat med mere end 5.000.000 fremmede p\u00e5 Stranger Cam helt gratis! T\u00e6nd for dit kamera og find nye venner og m\u00e5ske et match!","breadcrumb":{"@id":"https:\/\/strangercam.com\/tinychat\/#breadcrumb"},"inLanguage":"da-DK","potentialAction":[{"@type":"ReadAction","target":["https:\/\/strangercam.com\/tinychat\/"]}]},{"@type":"ImageObject","inLanguage":"da-DK","@id":"https:\/\/strangercam.com\/tinychat\/#primaryimage","url":"https:\/\/strangercam.com\/wp-content\/uploads\/2020\/11\/stranger-cam-1.png","contentUrl":"https:\/\/strangercam.com\/wp-content\/uploads\/2020\/11\/stranger-cam-1.png","width":800,"height":800,"caption":"stranger cam random video chat"},{"@type":"BreadcrumbList","@id":"https:\/\/strangercam.com\/tinychat\/#breadcrumb","itemListElement":[{"@type":"ListItem","position":1,"name":"Home","item":"https:\/\/strangercam.com\/"},{"@type":"ListItem","position":2,"name":"Tinychat"}]},{"@type":"WebSite","@id":"https:\/\/strangercam.com\/#website","url":"https:\/\/strangercam.com\/","name":"Strangercam","description":"Tilf\u00e6ldig videochat med fremmede","publisher":{"@id":"https:\/\/strangercam.com\/#organization"},"alternateName":"Strangercam.com","potentialAction":[{"@type":"SearchAction","target":{"@type":"EntryPoint","urlTemplate":"https:\/\/strangercam.com\/?s={search_term_string}"},"query-input":{"@type":"PropertyValueSpecification","valueRequired":true,"valueName":"search_term_string"}}],"inLanguage":"da-DK"},{"@type":"Organization","@id":"https:\/\/strangercam.com\/#organization","name":"Strangercam","alternateName":"Strangercam.com","url":"https:\/\/strangercam.com\/","logo":{"@type":"ImageObject","inLanguage":"da-DK","@id":"https:\/\/strangercam.com\/#\/schema\/logo\/image\/","url":"https:\/\/strangercam.com\/wp-content\/uploads\/2020\/11\/cropped-new-favicon-black.png","contentUrl":"https:\/\/strangercam.com\/wp-content\/uploads\/2020\/11\/cropped-new-favicon-black.png","width":512,"height":512,"caption":"Strangercam"},"image":{"@id":"https:\/\/strangercam.com\/#\/schema\/logo\/image\/"},"sameAs":["https:\/\/www.facebook.com\/strangercam","https:\/\/x.com\/strangercamapp"]}]}},"_links":{"self":[{"href":"https:\/\/strangercam.com\/da\/wp-json\/wp\/v2\/pages\/3158","targetHints":{"allow":["GET"]}}],"collection":[{"href":"https:\/\/strangercam.com\/da\/wp-json\/wp\/v2\/pages"}],"about":[{"href":"https:\/\/strangercam.com\/da\/wp-json\/wp\/v2\/types\/page"}],"author":[{"embeddable":true,"href":"https:\/\/strangercam.com\/da\/wp-json\/wp\/v2\/users\/6"}],"replies":[{"embeddable":true,"href":"https:\/\/strangercam.com\/da\/wp-json\/wp\/v2\/comments?post=3158"}],"version-history":[{"count":0,"href":"https:\/\/strangercam.com\/da\/wp-json\/wp\/v2\/pages\/3158\/revisions"}],"wp:featuredmedia":[{"embeddable":true,"href":"https:\/\/strangercam.com\/da\/wp-json\/wp\/v2\/media\/559"}],"wp:attachment":[{"href":"https:\/\/strangercam.com\/da\/wp-json\/wp\/v2\/media?parent=3158"}],"curies":[{"name":"wp","href":"https:\/\/api.w.org\/{rel}","templated":true}]}}