{"id":201,"date":"2025-08-18T13:43:14","date_gmt":"2025-08-18T11:43:14","guid":{"rendered":"https:\/\/strangercam.com\/?page_id=201"},"modified":"2025-08-18T14:08:48","modified_gmt":"2025-08-18T12:08:48","slug":"tilfaeldig-cam-chat","status":"publish","type":"page","link":"https:\/\/strangercam.com\/da\/random-cam-chat\/","title":{"rendered":"Tilf\u00e6ldig cam-chat"},"content":{"rendered":"<p>Er du p\u00e5 udkig efter sp\u00e6ndingen ved tilf\u00e6ldige <a href=\"https:\/\/strangercam.com\/da\/bazoocam\/\">cam<\/a> chat? Du er ikke alene. Siden de tidlige dage af <a href=\"https:\/\/strangercam.com\/da\/omegle\/\">Omegle<\/a> og <a href=\"https:\/\/strangercam.com\/da\/chatroulette\/\">Chatroulette<\/a>, har millioner af mennesker henvendt sig til tilf\u00e6ldige <a href=\"https:\/\/strangercam.com\/da\/cam-to-cam-chat\/\">cam chat<\/a> sider for at m\u00f8de fremmede med det samme, ansigt til ansigt. Ideen er enkel, men kraftfuld: T\u00e6nd for dit webcam, klik p\u00e5 en knap, og kom i kontakt med en ny person p\u00e5 f\u00e5 sekunder.<\/p>\n<p>I dag g\u00f8r platforme som StrangerCam det nemmere end nogensinde at nyde gratis tilf\u00e6ldig camchat uden tilmeldinger, downloads eller skjulte betalingsmure. Uanset om du leder efter venskab, flirt, kulturel udveksling eller bare en m\u00e5de at afhj\u00e6lpe kedsomhed p\u00e5, tilbyder tilf\u00e6ldig cam-chat en unik onlineoplevelse.<\/p>\n<p>I denne dybdeg\u00e5ende guide unders\u00f8ger vi, hvordan det fungerer, hvilke funktioner der betyder mest, hvorfor folk elsker det, og hvorfor StrangerCam skiller sig ud som et af de bedste steder for tilf\u00e6ldig camchat i 2025.<\/p>\n<h2>Hvad er tilf\u00e6ldig cam-chat?<\/h2>\n<p>Random cam chat er en onlinetjeneste, der parrer dig med fremmede via webcam og mikrofon til live videosamtaler p\u00e5 tomandsh\u00e5nd. Den \"tilf\u00e6ldige\" del betyder, at du aldrig ved, hvem du m\u00f8der n\u00e6ste gang - det kan v\u00e6re en fra dit land eller en p\u00e5 den anden side af jorden.<\/p>\n<p>I mods\u00e6tning til sociale netv\u00e6rk eller datingapps fjerner random cam chat filtrene fra kuraterede profiler og biografier. Du m\u00f8der folk live, i realtid, uden ops\u00e6tning. Hvis samtalen ikke f\u00f8les rigtig, klikker du bare p\u00e5 \"N\u00e6ste\" for straks at blive sat i forbindelse med en anden.<\/p>\n<h2>Hvorfor folk elsker gratis tilf\u00e6ldig cam-chat<\/h2>\n<p>Populariteten af gratis tilf\u00e6ldig camchat skyldes flere vigtige \u00e5rsager:<\/p>\n<ul>\n<li>Spontanitet: Hver samtale er en overraskelse, hvilket g\u00f8r den sp\u00e6ndende og vanedannende.<\/li>\n<li>Menneskelig forbindelse: Is\u00e6r i en verden med sms'er og sociale medier f\u00f8les det forfriskende at v\u00e6re sammen ansigt til ansigt.<\/li>\n<li>Anonymitet: De fleste platforme kr\u00e6ver ikke konti eller personlige oplysninger. Du kan v\u00e6re s\u00e5 privat, som du vil.<\/li>\n<li>Kulturel udveksling: M\u00f8d mennesker fra hele verden, l\u00e6r om deres kulturer, og del dine egne erfaringer.<\/li>\n<li>Ingen falske profiler: Da video er live, ved du, at du taler med rigtige mennesker, ikke bots eller catfish.<\/li>\n<li>Afstresning og sjov: Det er en nem m\u00e5de at slappe af p\u00e5, grine og chatte afslappet uden pres.<\/li>\n<\/ul>\n<h2>S\u00e5dan fungerer tilf\u00e6ldig cam-chat<\/h2>\n<p>Det er nemt at komme i gang med random cam chat:<\/p>\n<ol>\n<li>\u00c5bn platformen p\u00e5 din computer eller smartphone.<\/li>\n<li>Giv adgang til dit webkamera og din mikrofon.<\/li>\n<li>Klik p\u00e5 \"Start chat\". Du bliver straks sat i forbindelse med en tilf\u00e6ldig fremmed.<\/li>\n<li>Tal ansigt til ansigt. Bliv s\u00e5 l\u00e6nge du vil, eller klik p\u00e5 \"N\u00e6ste\" for at skifte til en ny.<\/li>\n<li>Gentag i det uendelige. De fleste platforme tilbyder ubegr\u00e6nsede chats gratis.<\/li>\n<\/ol>\n<p>Nogle sider har ekstraudstyr som k\u00f8nsfiltre, stedindstillinger eller indbyggede overs\u00e6ttelsesv\u00e6rkt\u00f8jer for at g\u00f8re globale chats endnu nemmere.<\/p>\n<h2>De bedste funktioner at kigge efter<\/h2>\n<p>Ikke alle tilf\u00e6ldige cam-chatplatforme er skabt lige. Her er, hvad du skal kigge efter for at f\u00e5 den bedste oplevelse:<\/p>\n<h3>1. Virkelig fri adgang<\/h3>\n<p>Undg\u00e5 platforme, der lover gratis chats, men presser dig ind i betalingsmure. De bedste sider tillader ubegr\u00e6nset brug gratis.<\/p>\n<h3>2. Ingen tilmelding p\u00e5kr\u00e6vet<\/h3>\n<p>Du b\u00f8r ikke v\u00e6re n\u00f8dt til at registrere dig eller udlevere personlige oplysninger for at bruge random cam chat.<\/p>\n<h3>3. Filtre for k\u00f8n og placering<\/h3>\n<p>Det g\u00f8r det lettere at komme i kontakt med den type mennesker, du leder efter.<\/p>\n<h3>4. Mobilvenligt design<\/h3>\n<p>En god platform skal fungere problemfrit p\u00e5 b\u00e5de desktop og mobil.<\/p>\n<h3>5. St\u00e6rk moderation<\/h3>\n<p>Aktive moderations- og rapporteringsv\u00e6rkt\u00f8jer hj\u00e6lper med at holde rummet sikkert mod upassende adf\u00e6rd.<\/p>\n<h3>6. Video og lyd i h\u00f8j kvalitet<\/h3>\n<p>J\u00e6vne, klare forbindelser g\u00f8r det sjovere at chatte.<\/p>\n<h2>Bedste tilf\u00e6ldige cam-chatplatforme i 2025<\/h2>\n<p>Her er en sammenligning af nogle af de mest popul\u00e6re tilf\u00e6ldige cam-chatplatforme:<\/p>\n<table>\n<thead>\n<tr>\n<th>Platform<\/th>\n<th align=\"center\">Gratis at bruge<\/th>\n<th align=\"center\">K\u00f8nsfilter<\/th>\n<th align=\"center\">Tilmelding n\u00f8dvendig<\/th>\n<th align=\"center\">Mobil support<\/th>\n<th>Noter<\/th>\n<\/tr>\n<\/thead>\n<tbody>\n<tr>\n<td>StrangerCam<\/td>\n<td align=\"center\">\u2705<\/td>\n<td align=\"center\">\u2705 (gratis)<\/td>\n<td align=\"center\">\u274c<\/td>\n<td align=\"center\">\u2705<\/td>\n<td>Bedste allround-valg til gratis tilf\u00e6ldig cam-chat<\/td>\n<\/tr>\n<tr>\n<td>Chatroulette<\/td>\n<td align=\"center\">\u2705<\/td>\n<td align=\"center\">\u274c (Betalt)<\/td>\n<td align=\"center\">\u274c<\/td>\n<td align=\"center\">\u2705<\/td>\n<td>Klassisk, men med k\u00f8nsfilter<\/td>\n<\/tr>\n<tr>\n<td>Chatrandom<\/td>\n<td align=\"center\">\u2705<\/td>\n<td align=\"center\">\u274c (Betalt)<\/td>\n<td align=\"center\">\u274c<\/td>\n<td align=\"center\">\u2705<\/td>\n<td>Stor brugerbase, betalingsmure for filtre<\/td>\n<\/tr>\n<tr>\n<td>OmeTV<\/td>\n<td align=\"center\">\u2705<\/td>\n<td align=\"center\">\u274c<\/td>\n<td align=\"center\">\u274c<\/td>\n<td align=\"center\">\u2705<\/td>\n<td>Mobilapp tilg\u00e6ngelig, kun tilf\u00e6ldig<\/td>\n<\/tr>\n<tr>\n<td>Shagle<\/td>\n<td align=\"center\">\u2705<\/td>\n<td align=\"center\">\u274c (Betalt)<\/td>\n<td align=\"center\">\u274c<\/td>\n<td align=\"center\">\u2705<\/td>\n<td>Gratis chats, men premium-opgraderinger skubbes p\u00e5<\/td>\n<\/tr>\n<tr>\n<td><a href=\"https:\/\/strangercam.com\/da\/coomeet\/\">CooMeet<\/a><\/td>\n<td align=\"center\">\u274c (Fors\u00f8g)<\/td>\n<td align=\"center\">\u2705<\/td>\n<td align=\"center\">\u2705<\/td>\n<td align=\"center\">\u2705<\/td>\n<td>Oftest betalt efter fors\u00f8gets afslutning<\/td>\n<\/tr>\n<tr>\n<td>LuckyCrush<\/td>\n<td align=\"center\">\u274c<\/td>\n<td align=\"center\">\u2705<\/td>\n<td align=\"center\">\u2705<\/td>\n<td align=\"center\">\u2705<\/td>\n<td>Altid betalt, k\u00f8nsbaseret matchning<\/td>\n<\/tr>\n<\/tbody>\n<\/table>\n<p>StrangerCam skiller sig ud ved at v\u00e6re gratis, sikkert og filtervenligt i mods\u00e6tning til de fleste konkurrenter, der tager penge for avancerede funktioner.<\/p>\n<h2>Hvorfor StrangerCam er det bedste valg til tilf\u00e6ldig cam-chat<\/h2>\n<p>Her er grunden til, at StrangerCam er en af de bedste platforme i Omegle-stil i 2025:<\/p>\n<h3>1. Helt gratis<\/h3>\n<p>Ingen skjulte gebyrer, kreditter eller begr\u00e6nsede pr\u00f8veperioder. Du kan chatte s\u00e5 meget, du vil, helt gratis.<\/p>\n<h3>2. \u00c6gte k\u00f8nsfilter<\/h3>\n<p>I mods\u00e6tning til de fleste gratis sider giver StrangerCam dig mulighed for at v\u00e6lge at komme i kontakt med m\u00e6nd, kvinder eller begge dele uden beregning.<\/p>\n<h3>3. Ingen konto n\u00f8dvendig<\/h3>\n<p>Begynd at chatte med det samme. Der kr\u00e6ves ingen tilmelding, e-mail eller personlige oplysninger.<\/p>\n<h3>4. Globalt f\u00e6llesskab 24\/7<\/h3>\n<p>Altid aktiv, s\u00e5 du aldrig l\u00f8ber t\u00f8r for mennesker at m\u00f8de.<\/p>\n<h3>5. Mobiloptimeret<\/h3>\n<p>Fungerer fejlfrit p\u00e5 telefoner, tablets og computere.<\/p>\n<h3>6. Sikker og modereret<\/h3>\n<p>Dedikerede moderatorer og rapporteringsv\u00e6rkt\u00f8jer holder platformen ren og forn\u00f8jelig.<\/p>\n<h2>\u00c6gte brugerudtalelser<\/h2>\n<blockquote><p><em>\"Jeg har pr\u00f8vet en masse chatsider, siden Omegle lukkede, men StrangerCam er den eneste, der f\u00f8ltes som den \u00e6gte vare. Den er gratis og fuld af rigtige mennesker.\"<\/em><br \/>\n- Chris, 25 \u00e5r<\/p><\/blockquote>\n<blockquote><p><em>\"K\u00f8nsfilteret virker faktisk, uden at man skal betale ekstra. Det er en stor gevinst for mig.\"<\/em><br \/>\n- Marta, 23 \u00e5r<\/p><\/blockquote>\n<blockquote><p><em>\"Jeg kom i kontakt med mennesker fra fem forskellige lande p\u00e5 \u00e9n aften. Det er s\u00e5dan en sjov m\u00e5de at m\u00f8de fremmede p\u00e5.\"<\/em><br \/>\n- Dylan, 30 \u00e5r<\/p><\/blockquote>\n<blockquote><p><em>\"Gratis, hurtig og sikker. StrangerCam er min favorit til tilf\u00e6ldig camchat nu.\"<\/em><br \/>\n- Leah, 20 \u00e5r<\/p><\/blockquote>\n<h2>Sikkerhedstips til tilf\u00e6ldig cam-chat<\/h2>\n<p>Husk disse tips for at f\u00e5 mest muligt ud af gratis tilf\u00e6ldig camchat og samtidig v\u00e6re sikker:<\/p>\n<ul>\n<li>Del ikke personlige oplysninger som dit fulde navn, adresse eller telefonnummer.<\/li>\n<li>Spring over eller bloker alle, der g\u00f8r dig utilpas.<\/li>\n<li>Klik aldrig p\u00e5 links sendt af fremmede.<\/li>\n<li>V\u00e6r opm\u00e6rksom p\u00e5 din baggrund for at undg\u00e5 at vise private detaljer.<\/li>\n<li>Brug hovedtelefoner for at f\u00e5 klarere lyd og mere privatliv.<\/li>\n<li>Hvis du er under 18, skal du undg\u00e5 at bruge tilf\u00e6ldige cam-chatplatforme.<\/li>\n<\/ul>\n<h2>S\u00e5dan kommer du i gang - trin for trin<\/h2>\n<p>Joining af en tilf\u00e6ldig camchat tager mindre end et minut:<\/p>\n<ol>\n<li>G\u00e5 til platformen i din browser eller p\u00e5 din telefon.<\/li>\n<li>Giv adgang til kamera og mikrofon.<\/li>\n<li>Tryk p\u00e5 \"Start chat\".<\/li>\n<li>M\u00f8d en tilf\u00e6ldig fremmed med det samme.<\/li>\n<li>Klik p\u00e5 \"N\u00e6ste\", hver gang du vil skifte til en ny.<\/li>\n<\/ol>\n<p>Det er det - hurtigt, enkelt og gratis.<\/p>\n<h2>Afsluttende tanker - Pr\u00f8v gratis Random Cam Chat nu<\/h2>\n<p>Tilf\u00e6ldig camchat er en af de mest sp\u00e6ndende m\u00e5der at komme i kontakt med hinanden p\u00e5 online i 2025. Det er spontant, sjovt og et forfriskende alternativ til sociale medier eller datingapps. Med platforme som StrangerCam f\u00e5r du en virkelig gratis oplevelse - ingen tilmeldinger, ingen betalingsmure og et globalt f\u00e6llesskab, der er klar til at m\u00f8de dig 24\/7.<\/p>\n<p>Spild ikke tiden p\u00e5 platforme, der lover gratis videochat, men gemmer alt bag betalingsmure. V\u00e6lg et sted, hvor du kan komme i kontakt, grine og f\u00e5 nye venner med det samme.<\/p>\n<p>Er du klar til at opleve det? Pr\u00f8v gratis tilf\u00e6ldig camchat i dag og se, hvem du m\u00f8der n\u00e6ste gang.<\/p>","protected":false},"excerpt":{"rendered":"<p>Are you looking for the thrill of random cam chat? You\u2019re not alone. Since the early days of Omegle and Chatroulette, millions of people have turned to random cam chat sites to meet strangers instantly, face-to-face. The idea is simple yet powerful: switch on your webcam, click a button, and get connected to someone new [&hellip;]<\/p>\n","protected":false},"author":8,"featured_media":0,"parent":0,"menu_order":0,"comment_status":"closed","ping_status":"closed","template":"","meta":{"footnotes":""},"class_list":["post-201","page","type-page","status-publish","hentry"],"yoast_head":"<!-- This site is optimized with the Yoast SEO plugin v27.4 - https:\/\/yoast.com\/product\/yoast-seo-wordpress\/ -->\n<title>Random Cam Chat with Random Chat on Strangercam.com<\/title>\n<meta name=\"description\" content=\"Liking Random Cam Chat? Join millions on StrangerCam.com! Start a random video chat, turn on your cam, and meet strangers instantly.\" \/>\n<meta name=\"robots\" content=\"index, follow, max-snippet:-1, max-image-preview:large, max-video-preview:-1\" \/>\n<link rel=\"canonical\" href=\"https:\/\/strangercam.com\/da\/tilfaeldig-cam-chat\/\" \/>\n<meta property=\"og:locale\" content=\"da_DK\" \/>\n<meta property=\"og:type\" content=\"article\" \/>\n<meta property=\"og:title\" content=\"Random Cam Chat with Random Chat on Strangercam.com\" \/>\n<meta property=\"og:description\" content=\"Liking Random Cam Chat? Join millions on StrangerCam.com! Start a random video chat, turn on your cam, and meet strangers instantly.\" \/>\n<meta property=\"og:url\" content=\"https:\/\/strangercam.com\/da\/tilfaeldig-cam-chat\/\" \/>\n<meta property=\"og:site_name\" content=\"Strangercam\" \/>\n<meta property=\"article:publisher\" content=\"https:\/\/www.facebook.com\/strangercam\" \/>\n<meta property=\"article:modified_time\" content=\"2025-08-18T12:08:48+00:00\" \/>\n<meta property=\"og:image\" content=\"https:\/\/strangercam.com\/wp-content\/uploads\/2021\/10\/Untitled-2.png\" \/>\n\t<meta property=\"og:image:width\" content=\"800\" \/>\n\t<meta property=\"og:image:height\" content=\"532\" \/>\n\t<meta property=\"og:image:type\" content=\"image\/png\" \/>\n<meta name=\"twitter:card\" content=\"summary_large_image\" \/>\n<meta name=\"twitter:site\" content=\"@strangercamapp\" \/>\n<meta name=\"twitter:label1\" content=\"Estimeret l\u00e6setid\" \/>\n\t<meta name=\"twitter:data1\" content=\"5 minutter\" \/>\n<script type=\"application\/ld+json\" class=\"yoast-schema-graph\">{\"@context\":\"https:\\\/\\\/schema.org\",\"@graph\":[{\"@type\":\"WebPage\",\"@id\":\"https:\\\/\\\/strangercam.com\\\/random-cam-chat\\\/\",\"url\":\"https:\\\/\\\/strangercam.com\\\/random-cam-chat\\\/\",\"name\":\"Random Cam Chat with Random Chat on Strangercam.com\",\"isPartOf\":{\"@id\":\"https:\\\/\\\/strangercam.com\\\/#website\"},\"datePublished\":\"2025-08-18T11:43:14+00:00\",\"dateModified\":\"2025-08-18T12:08:48+00:00\",\"description\":\"Liking Random Cam Chat? Join millions on StrangerCam.com! Start a random video chat, turn on your cam, and meet strangers instantly.\",\"breadcrumb\":{\"@id\":\"https:\\\/\\\/strangercam.com\\\/random-cam-chat\\\/#breadcrumb\"},\"inLanguage\":\"da-DK\",\"potentialAction\":[{\"@type\":\"ReadAction\",\"target\":[\"https:\\\/\\\/strangercam.com\\\/random-cam-chat\\\/\"]}]},{\"@type\":\"BreadcrumbList\",\"@id\":\"https:\\\/\\\/strangercam.com\\\/random-cam-chat\\\/#breadcrumb\",\"itemListElement\":[{\"@type\":\"ListItem\",\"position\":1,\"name\":\"Home\",\"item\":\"https:\\\/\\\/strangercam.com\\\/\"},{\"@type\":\"ListItem\",\"position\":2,\"name\":\"Random Cam Chat\"}]},{\"@type\":\"WebSite\",\"@id\":\"https:\\\/\\\/strangercam.com\\\/#website\",\"url\":\"https:\\\/\\\/strangercam.com\\\/\",\"name\":\"Strangercam\",\"description\":\"Random Video Chat with Strangers\",\"publisher\":{\"@id\":\"https:\\\/\\\/strangercam.com\\\/#organization\"},\"alternateName\":\"Strangercam.com\",\"potentialAction\":[{\"@type\":\"SearchAction\",\"target\":{\"@type\":\"EntryPoint\",\"urlTemplate\":\"https:\\\/\\\/strangercam.com\\\/?s={search_term_string}\"},\"query-input\":{\"@type\":\"PropertyValueSpecification\",\"valueRequired\":true,\"valueName\":\"search_term_string\"}}],\"inLanguage\":\"da-DK\"},{\"@type\":\"Organization\",\"@id\":\"https:\\\/\\\/strangercam.com\\\/#organization\",\"name\":\"Strangercam\",\"alternateName\":\"Strangercam.com\",\"url\":\"https:\\\/\\\/strangercam.com\\\/\",\"logo\":{\"@type\":\"ImageObject\",\"inLanguage\":\"da-DK\",\"@id\":\"https:\\\/\\\/strangercam.com\\\/#\\\/schema\\\/logo\\\/image\\\/\",\"url\":\"https:\\\/\\\/strangercam.com\\\/wp-content\\\/uploads\\\/2020\\\/11\\\/cropped-new-favicon-black.png\",\"contentUrl\":\"https:\\\/\\\/strangercam.com\\\/wp-content\\\/uploads\\\/2020\\\/11\\\/cropped-new-favicon-black.png\",\"width\":512,\"height\":512,\"caption\":\"Strangercam\"},\"image\":{\"@id\":\"https:\\\/\\\/strangercam.com\\\/#\\\/schema\\\/logo\\\/image\\\/\"},\"sameAs\":[\"https:\\\/\\\/www.facebook.com\\\/strangercam\",\"https:\\\/\\\/x.com\\\/strangercamapp\"]}]}<\/script>\n<!-- \/ Yoast SEO plugin. -->","yoast_head_json":{"title":"Tilf\u00e6ldig cam-chat med tilf\u00e6ldig chat p\u00e5 Strangercam.com","description":"Kan du lide tilf\u00e6ldig camchat? Join millioner p\u00e5 StrangerCam.com! Start en tilf\u00e6ldig videochat, t\u00e6nd for dit kamera, og m\u00f8d fremmede med det samme.","robots":{"index":"index","follow":"follow","max-snippet":"max-snippet:-1","max-image-preview":"max-image-preview:large","max-video-preview":"max-video-preview:-1"},"canonical":"https:\/\/strangercam.com\/da\/tilfaeldig-cam-chat\/","og_locale":"da_DK","og_type":"article","og_title":"Random Cam Chat with Random Chat on Strangercam.com","og_description":"Liking Random Cam Chat? Join millions on StrangerCam.com! Start a random video chat, turn on your cam, and meet strangers instantly.","og_url":"https:\/\/strangercam.com\/da\/tilfaeldig-cam-chat\/","og_site_name":"Strangercam","article_publisher":"https:\/\/www.facebook.com\/strangercam","article_modified_time":"2025-08-18T12:08:48+00:00","og_image":[{"width":800,"height":532,"url":"https:\/\/strangercam.com\/wp-content\/uploads\/2021\/10\/Untitled-2.png","type":"image\/png"}],"twitter_card":"summary_large_image","twitter_site":"@strangercamapp","twitter_misc":{"Estimeret l\u00e6setid":"5 minutter"},"schema":{"@context":"https:\/\/schema.org","@graph":[{"@type":"WebPage","@id":"https:\/\/strangercam.com\/random-cam-chat\/","url":"https:\/\/strangercam.com\/random-cam-chat\/","name":"Tilf\u00e6ldig cam-chat med tilf\u00e6ldig chat p\u00e5 Strangercam.com","isPartOf":{"@id":"https:\/\/strangercam.com\/#website"},"datePublished":"2025-08-18T11:43:14+00:00","dateModified":"2025-08-18T12:08:48+00:00","description":"Kan du lide tilf\u00e6ldig camchat? Join millioner p\u00e5 StrangerCam.com! Start en tilf\u00e6ldig videochat, t\u00e6nd for dit kamera, og m\u00f8d fremmede med det samme.","breadcrumb":{"@id":"https:\/\/strangercam.com\/random-cam-chat\/#breadcrumb"},"inLanguage":"da-DK","potentialAction":[{"@type":"ReadAction","target":["https:\/\/strangercam.com\/random-cam-chat\/"]}]},{"@type":"BreadcrumbList","@id":"https:\/\/strangercam.com\/random-cam-chat\/#breadcrumb","itemListElement":[{"@type":"ListItem","position":1,"name":"Home","item":"https:\/\/strangercam.com\/"},{"@type":"ListItem","position":2,"name":"Random Cam Chat"}]},{"@type":"WebSite","@id":"https:\/\/strangercam.com\/#website","url":"https:\/\/strangercam.com\/","name":"Strangercam","description":"Tilf\u00e6ldig videochat med fremmede","publisher":{"@id":"https:\/\/strangercam.com\/#organization"},"alternateName":"Strangercam.com","potentialAction":[{"@type":"SearchAction","target":{"@type":"EntryPoint","urlTemplate":"https:\/\/strangercam.com\/?s={search_term_string}"},"query-input":{"@type":"PropertyValueSpecification","valueRequired":true,"valueName":"search_term_string"}}],"inLanguage":"da-DK"},{"@type":"Organization","@id":"https:\/\/strangercam.com\/#organization","name":"Strangercam","alternateName":"Strangercam.com","url":"https:\/\/strangercam.com\/","logo":{"@type":"ImageObject","inLanguage":"da-DK","@id":"https:\/\/strangercam.com\/#\/schema\/logo\/image\/","url":"https:\/\/strangercam.com\/wp-content\/uploads\/2020\/11\/cropped-new-favicon-black.png","contentUrl":"https:\/\/strangercam.com\/wp-content\/uploads\/2020\/11\/cropped-new-favicon-black.png","width":512,"height":512,"caption":"Strangercam"},"image":{"@id":"https:\/\/strangercam.com\/#\/schema\/logo\/image\/"},"sameAs":["https:\/\/www.facebook.com\/strangercam","https:\/\/x.com\/strangercamapp"]}]}},"_links":{"self":[{"href":"https:\/\/strangercam.com\/da\/wp-json\/wp\/v2\/pages\/201","targetHints":{"allow":["GET"]}}],"collection":[{"href":"https:\/\/strangercam.com\/da\/wp-json\/wp\/v2\/pages"}],"about":[{"href":"https:\/\/strangercam.com\/da\/wp-json\/wp\/v2\/types\/page"}],"author":[{"embeddable":true,"href":"https:\/\/strangercam.com\/da\/wp-json\/wp\/v2\/users\/8"}],"replies":[{"embeddable":true,"href":"https:\/\/strangercam.com\/da\/wp-json\/wp\/v2\/comments?post=201"}],"version-history":[{"count":2,"href":"https:\/\/strangercam.com\/da\/wp-json\/wp\/v2\/pages\/201\/revisions"}],"predecessor-version":[{"id":12967,"href":"https:\/\/strangercam.com\/da\/wp-json\/wp\/v2\/pages\/201\/revisions\/12967"}],"wp:attachment":[{"href":"https:\/\/strangercam.com\/da\/wp-json\/wp\/v2\/media?parent=201"}],"curies":[{"name":"wp","href":"https:\/\/api.w.org\/{rel}","templated":true}]}}