{"id":148,"date":"2025-08-18T12:34:38","date_gmt":"2025-08-18T10:34:38","guid":{"rendered":"https:\/\/strangercam.com\/?page_id=148"},"modified":"2025-08-18T14:02:52","modified_gmt":"2025-08-18T12:02:52","slug":"cam-til-cam-chat","status":"publish","type":"page","link":"https:\/\/strangercam.com\/da\/cam-til-cam-chat\/","title":{"rendered":"Gratis chat mellem kameraer"},"content":{"rendered":"<p>Hvis du nogensinde har haft lyst til at m\u00f8de en ny person ansigt til ansigt uden at forlade dit hjem, <a href=\"https:\/\/strangercam.com\/da\/bazoocam\/\">cam<\/a> til cam <a href=\"https:\/\/strangercam.com\/da\/chathub\/\">chat<\/a> er en af de mest sp\u00e6ndende m\u00e5der at g\u00f8re det p\u00e5. I mods\u00e6tning til tekstchat, hvor du aldrig kan v\u00e6re sikker p\u00e5, hvem der virkelig er p\u00e5 den anden side, s\u00e6tter cam to cam videochat dig direkte foran rigtige mennesker - \u00f8jeblikkeligt. Og det bedste af det hele? Med platforme som StrangerCam kan du nyde gratis cam to cam-chat uden at skulle registrere dig, betale eller downloade en app.<\/p>\n<p>I denne guide unders\u00f8ger vi, hvordan cam to cam-chat fungerer, hvorfor det er s\u00e5 popul\u00e6rt, hvilke funktioner der betyder mest, og hvordan man v\u00e6lger de bedste platforme i 2025. Uanset om du er her for at f\u00e5 nye venner, m\u00f8de piger, flirte eller bare afhj\u00e6lpe kedsomhed, vil denne artikel give dig alt, hvad du beh\u00f8ver at vide.<\/p>\n<h2>Hvad er Cam to Cam Chat?<\/h2>\n<p>Cam to cam-chat er et live videochat-system, hvor to personer m\u00f8des ansigt til ansigt ved hj\u00e6lp af deres webkameraer. I mods\u00e6tning til streamingsider eller sociale netv\u00e6rk handler cam to cam om interaktion i realtid - du ser og h\u00f8rer den anden person med det samme, og de ser og h\u00f8rer dig.<\/p>\n<p>I mods\u00e6tning til gruppeopkald eller konferencer er cam to cam normalt en-til-en, hvilket g\u00f8r det mere personligt, privat og spontant.<\/p>\n<h2>Hvorfor folk elsker gratis cam to cam-chat<\/h2>\n<p>Der er utallige grunde til, at folk str\u00f8mmer til gratis cam to cam-chatplatforme:<\/p>\n<ul>\n<li>Instant Connection - M\u00f8d rigtige mennesker fra hele verden p\u00e5 f\u00e5 sekunder.<\/li>\n<li>Ingen falske profiler - Da du er p\u00e5 live video, ved du, at den anden person er \u00e6gte.<\/li>\n<li>Spontanitet - Hver chat er en overraskelse; man ved aldrig, hvem man m\u00f8der n\u00e6ste gang.<\/li>\n<li>Sjov og underholdning - Perfekt til at dr\u00e6be kedsomhed, \u00f8ve sociale f\u00e6rdigheder eller flirte.<\/li>\n<li>Anonymitet - Mange sider lader dig v\u00e6re anonym - ingen konto er n\u00f8dvendig.<\/li>\n<li>Ingen omkostninger - Med den rigtige platform beh\u00f8ver du ikke betale for at chatte med fremmede via video.<\/li>\n<\/ul>\n<h2>S\u00e5dan fungerer Cam to Cam Chat<\/h2>\n<p>Processen er utrolig enkel:<\/p>\n<ol>\n<li>\u00c5bn chatsiden p\u00e5 din station\u00e6re eller mobile enhed.<\/li>\n<li>Tillad adgang til kamera og mikrofon, n\u00e5r du bliver bedt om det.<\/li>\n<li>Klik p\u00e5 \"Start\" eller \"N\u00e6ste\". Du bliver straks sat i forbindelse med en tilf\u00e6ldig fremmed.<\/li>\n<li>Chat live foran kameraet. Hvis du ikke kan lide personen, skal du trykke p\u00e5 \"N\u00e6ste\" og g\u00e5 videre.<\/li>\n<li>Gentag s\u00e5 meget du vil - chatten er gratis og ubegr\u00e6nset.<\/li>\n<\/ol>\n<p>P\u00e5 nogle platforme kan du anvende k\u00f8ns- eller landefiltre for at forbedre dine matches.<\/p>\n<h2>De bedste funktioner at kigge efter<\/h2>\n<p>N\u00e5r du skal v\u00e6lge en cam to cam-chatside, er det her det vigtigste:<\/p>\n<ul>\n<li>Fri adgang - Ubegr\u00e6nset antal chats uden betalingsmure.<\/li>\n<li>Filtre for k\u00f8n og placering - mulighed for at v\u00e6lge, hvem du vil chatte med.<\/li>\n<li>One-Click Connections - Ingen kompliceret ops\u00e6tning.<\/li>\n<li>Mobilvenlig - Fungerer problemfrit p\u00e5 b\u00e5de telefoner og computere.<\/li>\n<li>Moderation og sikkerhed - Aktiv beskyttelse mod bots, svindlere og upassende indhold.<\/li>\n<li>Ingen tilmelding n\u00f8dvendig - \u00e6gte anonymitet og privatliv.<\/li>\n<\/ul>\n<h2>Gratis cam to cam chat vs betalt cam to cam chat<\/h2>\n<p>Ikke alle cam to cam-chatplatforme er lige gode. Nogle tilbyder gratis adgang med \u00e6gte tilf\u00e6ldige forbindelser, mens andre begr\u00e6nser funktionerne bag betalingsmure.<\/p>\n<p>Her er, hvordan de sammenlignes:<\/p>\n<table>\n<thead>\n<tr>\n<th>Funktion<\/th>\n<th>Gratis chat mellem kameraer<\/th>\n<th>Betalt cam til cam-chat<\/th>\n<\/tr>\n<\/thead>\n<tbody>\n<tr>\n<td>Omkostninger<\/td>\n<td>Gratis for altid<\/td>\n<td>Abonnement eller kreditter<\/td>\n<\/tr>\n<tr>\n<td>Anonymitet<\/td>\n<td>Ingen tilmelding n\u00f8dvendig<\/td>\n<td>Kr\u00e6ver konto\/betaling<\/td>\n<\/tr>\n<tr>\n<td>K\u00f8nsfilter<\/td>\n<td>Tilg\u00e6ngelig p\u00e5 nogle gratis platforme (som StrangerCam)<\/td>\n<td>Altid inkluderet<\/td>\n<\/tr>\n<tr>\n<td>Moderation<\/td>\n<td>Ja (p\u00e5 p\u00e5lidelige gratis platforme)<\/td>\n<td>Ja<\/td>\n<\/tr>\n<tr>\n<td>Bedst til<\/td>\n<td>Afslappet, spontan sjov<\/td>\n<td>Seri\u00f8s dating, nicheinteresser<\/td>\n<\/tr>\n<\/tbody>\n<\/table>\n<p>For de fleste brugere er gratis cam to cam-chat det bedste valg - det er spontant, anonymt og nemt at bruge.<\/p>\n<h2>Sammenligningstabel: De bedste cam-to-cam-chatsider i 2025<\/h2>\n<table>\n<thead>\n<tr>\n<th>Platform<\/th>\n<th align=\"center\">Fri adgang<\/th>\n<th align=\"center\">K\u00f8nsfilter<\/th>\n<th align=\"center\">Tilmelding n\u00f8dvendig<\/th>\n<th align=\"center\">Mobilvenlig<\/th>\n<th>Noter<\/th>\n<\/tr>\n<\/thead>\n<tbody>\n<tr>\n<td>StrangerCam<\/td>\n<td align=\"center\">\u2705<\/td>\n<td align=\"center\">\u2705 (gratis)<\/td>\n<td align=\"center\">\u274c<\/td>\n<td align=\"center\">\u2705<\/td>\n<td>Bedste allround gratis cam to cam chat<\/td>\n<\/tr>\n<tr>\n<td><a href=\"https:\/\/strangercam.com\/da\/chatroulette\/\">Chatroulette<\/a><\/td>\n<td align=\"center\">\u2705<\/td>\n<td align=\"center\">\u274c (Betalt)<\/td>\n<td align=\"center\">\u274c<\/td>\n<td align=\"center\">\u2705<\/td>\n<td>Klassisk, men med k\u00f8nsfilter<\/td>\n<\/tr>\n<tr>\n<td>Chatrandom<\/td>\n<td align=\"center\">\u2705<\/td>\n<td align=\"center\">\u274c (Betalt)<\/td>\n<td align=\"center\">\u274c<\/td>\n<td align=\"center\">\u2705<\/td>\n<td>Popul\u00e6rt, men filtre koster penge<\/td>\n<\/tr>\n<tr>\n<td><a href=\"https:\/\/strangercam.com\/da\/ometv\/\">OmeTV<\/a><\/td>\n<td align=\"center\">\u2705<\/td>\n<td align=\"center\">\u274c<\/td>\n<td align=\"center\">\u274c<\/td>\n<td align=\"center\">\u2705<\/td>\n<td>God app, men kun tilf\u00e6ldig<\/td>\n<\/tr>\n<tr>\n<td>Shagle<\/td>\n<td align=\"center\">\u2705<\/td>\n<td align=\"center\">\u274c (Betalt)<\/td>\n<td align=\"center\">\u274c<\/td>\n<td align=\"center\">\u2705<\/td>\n<td>Betalingsmure for bedre matchning<\/td>\n<\/tr>\n<tr>\n<td><a href=\"https:\/\/strangercam.com\/da\/coomeet\/\">CooMeet<\/a><\/td>\n<td align=\"center\">\u274c (Fors\u00f8g)<\/td>\n<td align=\"center\">\u2705<\/td>\n<td align=\"center\">\u2705<\/td>\n<td align=\"center\">\u2705<\/td>\n<td>For det meste betalt service<\/td>\n<\/tr>\n<tr>\n<td>LuckyCrush<\/td>\n<td align=\"center\">\u274c<\/td>\n<td align=\"center\">\u2705<\/td>\n<td align=\"center\">\u2705<\/td>\n<td align=\"center\">\u2705<\/td>\n<td>K\u00f8nsbaseret, men altid betalt<\/td>\n<\/tr>\n<\/tbody>\n<\/table>\n<p>StrangerCam er en af de eneste platforme, der tilbyder gratis cam to cam-chat med rigtige k\u00f8nsfiltre - noget, som de fleste konkurrenter skjuler bag betalingsmure.<\/p>\n<h2>Hvorfor StrangerCam er det bedste sted for gratis chat mellem kameraer<\/h2>\n<p>Her er grunden til, at StrangerCam skiller sig ud som et f\u00f8rstevalg i 2025:<\/p>\n<h3>1. Virkelig gratis, ingen tilmelding<\/h3>\n<p>Ingen skjulte gebyrer, ingen gr\u00e6nser, intet login. Bare \u00e5bn og begynd at chatte.<\/p>\n<h3>2. K\u00f8nsfilter, der rent faktisk virker<\/h3>\n<p>I mods\u00e6tning til andre \"gratis\" sider giver StrangerCam dig mulighed for at filtrere efter piger, fyre eller begge dele uden at opkr\u00e6ve betaling.<\/p>\n<h3>3. Aktiv moderation<\/h3>\n<p>Rigtige moderatorer plus AI-filtre holder bots og voldelige brugere v\u00e6k.<\/p>\n<h3>4. Mobil-optimeret design<\/h3>\n<p>Uanset om du er p\u00e5 iPhone, Android eller desktop, er chatten j\u00e6vn og af h\u00f8j kvalitet.<\/p>\n<h3>5. Det globale samfund<\/h3>\n<p>Brugere fra over 100 lande betyder, at du kan chatte 24\/7.<\/p>\n<h3>6. Anonymitet og privatliv<\/h3>\n<p>Ingen registrering, ingen sporing, ingen lagring af videochats.<\/p>\n<h2>\u00c6gte brugerudtalelser<\/h2>\n<blockquote><p><em>\"Jeg har pr\u00f8vet flere cam to cam-sider, men StrangerCam er den eneste, der faktisk gav mig gratis, ubegr\u00e6nsede chats uden at tvinge mig til at betale. K\u00f8nsfilteret er et stort plus.\"<\/em><br \/>\n- Kevin, 29 \u00e5r<\/p><\/blockquote>\n<blockquote><p><em>\"Som pige f\u00f8ler jeg mig mere sikker her, fordi der er ordentlig m\u00e5dehold. Jeg kan springe over med det samme, hvis nogen er uh\u00f8flige.\"<\/em><br \/>\n- Anna, 22 \u00e5r<\/p><\/blockquote>\n<blockquote><p><em>\"Det fungerer perfekt p\u00e5 min telefon. Inden for f\u00e5 minutter talte jeg med en person fra Italien. Gratis cam to cam chat bliver ikke bedre end dette.\"<\/em><br \/>\n- David, 24 \u00e5r<\/p><\/blockquote>\n<h2>Sikkerhedstips til cam-to-cam-chat<\/h2>\n<p>For at nyde cam to cam-chat sikkert:<\/p>\n<ul>\n<li>Del ikke personlige oplysninger (rigtigt navn, adresse, telefonnummer).<\/li>\n<li>Undg\u00e5 at klikke p\u00e5 links, som fremmede sender.<\/li>\n<li>Brug \"N\u00e6ste\"-knappen frit - bliv ikke i chats, der f\u00f8les ubehagelige.<\/li>\n<li>Hold din baggrund neutral for at undg\u00e5 at afsl\u00f8re personlige detaljer.<\/li>\n<li>Rapporter straks d\u00e5rlig opf\u00f8rsel.<\/li>\n<\/ul>\n<h2>S\u00e5dan starter du en gratis cam-to-cam-chat p\u00e5 f\u00e5 sekunder<\/h2>\n<ol>\n<li>\u00c5bn platformen.<\/li>\n<li>Giv adgang til kamera og mikrofon.<\/li>\n<li>V\u00e6lg dine pr\u00e6ferencer (f.eks. k\u00f8nsfilter).<\/li>\n<li>Klik p\u00e5 \"Start chat\".<\/li>\n<li>Nyd din live cam to cam-forbindelse.<\/li>\n<\/ol>\n<p>Det tager mindre end et minut at g\u00e5 fra at kede sig til at chatte live med en fremmed.<\/p>\n<h2>Afsluttende tanker - Pr\u00f8v gratis Cam to Cam Chat i dag<\/h2>\n<p>I 2025 er cam to cam-chat stadig en af de bedste m\u00e5der at m\u00f8de nye mennesker p\u00e5, f\u00e5 venner og nyde spontane samtaler. Men ikke alle platforme er lige gode. Mange opkr\u00e6ver penge, begr\u00e6nser funktioner eller beskytter ikke brugerne mod bots og spam.<\/p>\n<p>Det er derfor, gratis cam to cam chat p\u00e5 StrangerCam skiller sig ud. Med \u00e6gte k\u00f8nsfiltre, \u00f8jeblikkelig adgang, globale brugere og streng moderation er det et af de sikreste og mest underholdende steder at m\u00f8de fremmede online.<\/p>\n<p>Er du klar til at pr\u00f8ve det? Hop ind i en gratis cam to cam-chat nu, og se, hvem du m\u00f8der n\u00e6ste gang!<\/p>","protected":false},"excerpt":{"rendered":"<p>If you\u2019ve ever wanted to meet someone new face-to-face without leaving your home, cam to cam chat is one of the most exciting ways to do it. Unlike text chat, where you can never be sure who\u2019s really on the other side, cam to cam video chat puts you directly in front of real people\u2014instantly. [&hellip;]<\/p>\n","protected":false},"author":8,"featured_media":0,"parent":0,"menu_order":0,"comment_status":"closed","ping_status":"closed","template":"","meta":{"footnotes":""},"class_list":["post-148","page","type-page","status-publish","hentry"],"yoast_head":"<!-- This site is optimized with the Yoast SEO plugin v26.9 - https:\/\/yoast.com\/product\/yoast-seo-wordpress\/ -->\n<title>Free Cam to Cam Chat with Random Chat on Strangercam.com<\/title>\n<meta name=\"description\" content=\"Liking Free Cam to Cam Chat? Join millions on StrangerCam.com! Start a random video chat, turn on your cam, and meet strangers instantly.\" \/>\n<meta name=\"robots\" content=\"index, follow, max-snippet:-1, max-image-preview:large, max-video-preview:-1\" \/>\n<link rel=\"canonical\" href=\"https:\/\/strangercam.com\/da\/cam-til-cam-chat\/\" \/>\n<meta property=\"og:locale\" content=\"da_DK\" \/>\n<meta property=\"og:type\" content=\"article\" \/>\n<meta property=\"og:title\" content=\"Free Cam to Cam Chat with Random Chat on Strangercam.com\" \/>\n<meta property=\"og:description\" content=\"Liking Free Cam to Cam Chat? Join millions on StrangerCam.com! Start a random video chat, turn on your cam, and meet strangers instantly.\" \/>\n<meta property=\"og:url\" content=\"https:\/\/strangercam.com\/da\/cam-til-cam-chat\/\" \/>\n<meta property=\"og:site_name\" content=\"Strangercam\" \/>\n<meta property=\"article:publisher\" content=\"https:\/\/www.facebook.com\/strangercam\" \/>\n<meta property=\"article:modified_time\" content=\"2025-08-18T12:02:52+00:00\" \/>\n<meta property=\"og:image\" content=\"https:\/\/strangercam.com\/wp-content\/uploads\/2021\/10\/Untitled-2.png\" \/>\n\t<meta property=\"og:image:width\" content=\"800\" \/>\n\t<meta property=\"og:image:height\" content=\"532\" \/>\n\t<meta property=\"og:image:type\" content=\"image\/png\" \/>\n<meta name=\"twitter:card\" content=\"summary_large_image\" \/>\n<meta name=\"twitter:site\" content=\"@strangercamapp\" \/>\n<meta name=\"twitter:label1\" content=\"Estimeret l\u00e6setid\" \/>\n\t<meta name=\"twitter:data1\" content=\"5 minutter\" \/>\n<script type=\"application\/ld+json\" class=\"yoast-schema-graph\">{\"@context\":\"https:\/\/schema.org\",\"@graph\":[{\"@type\":\"WebPage\",\"@id\":\"https:\/\/strangercam.com\/cam-to-cam-chat\/\",\"url\":\"https:\/\/strangercam.com\/cam-to-cam-chat\/\",\"name\":\"Free Cam to Cam Chat with Random Chat on Strangercam.com\",\"isPartOf\":{\"@id\":\"https:\/\/strangercam.com\/#website\"},\"datePublished\":\"2025-08-18T10:34:38+00:00\",\"dateModified\":\"2025-08-18T12:02:52+00:00\",\"description\":\"Liking Free Cam to Cam Chat? Join millions on StrangerCam.com! Start a random video chat, turn on your cam, and meet strangers instantly.\",\"breadcrumb\":{\"@id\":\"https:\/\/strangercam.com\/cam-to-cam-chat\/#breadcrumb\"},\"inLanguage\":\"da-DK\",\"potentialAction\":[{\"@type\":\"ReadAction\",\"target\":[\"https:\/\/strangercam.com\/cam-to-cam-chat\/\"]}]},{\"@type\":\"BreadcrumbList\",\"@id\":\"https:\/\/strangercam.com\/cam-to-cam-chat\/#breadcrumb\",\"itemListElement\":[{\"@type\":\"ListItem\",\"position\":1,\"name\":\"Home\",\"item\":\"https:\/\/strangercam.com\/\"},{\"@type\":\"ListItem\",\"position\":2,\"name\":\"Free Cam to Cam Chat\"}]},{\"@type\":\"WebSite\",\"@id\":\"https:\/\/strangercam.com\/#website\",\"url\":\"https:\/\/strangercam.com\/\",\"name\":\"Strangercam\",\"description\":\"Random Video Chat with Strangers\",\"publisher\":{\"@id\":\"https:\/\/strangercam.com\/#organization\"},\"alternateName\":\"Strangercam.com\",\"potentialAction\":[{\"@type\":\"SearchAction\",\"target\":{\"@type\":\"EntryPoint\",\"urlTemplate\":\"https:\/\/strangercam.com\/?s={search_term_string}\"},\"query-input\":{\"@type\":\"PropertyValueSpecification\",\"valueRequired\":true,\"valueName\":\"search_term_string\"}}],\"inLanguage\":\"da-DK\"},{\"@type\":\"Organization\",\"@id\":\"https:\/\/strangercam.com\/#organization\",\"name\":\"Strangercam\",\"alternateName\":\"Strangercam.com\",\"url\":\"https:\/\/strangercam.com\/\",\"logo\":{\"@type\":\"ImageObject\",\"inLanguage\":\"da-DK\",\"@id\":\"https:\/\/strangercam.com\/#\/schema\/logo\/image\/\",\"url\":\"https:\/\/strangercam.com\/wp-content\/uploads\/2020\/11\/cropped-new-favicon-black.png\",\"contentUrl\":\"https:\/\/strangercam.com\/wp-content\/uploads\/2020\/11\/cropped-new-favicon-black.png\",\"width\":512,\"height\":512,\"caption\":\"Strangercam\"},\"image\":{\"@id\":\"https:\/\/strangercam.com\/#\/schema\/logo\/image\/\"},\"sameAs\":[\"https:\/\/www.facebook.com\/strangercam\",\"https:\/\/x.com\/strangercamapp\"]}]}<\/script>\n<!-- \/ Yoast SEO plugin. -->","yoast_head_json":{"title":"Gratis Cam to Cam Chat med tilf\u00e6ldig chat p\u00e5 Strangercam.com","description":"Kan du lide gratis cam til cam-chat? Join millioner p\u00e5 StrangerCam.com! Start en tilf\u00e6ldig videochat, t\u00e6nd for dit kamera, og m\u00f8d fremmede med det samme.","robots":{"index":"index","follow":"follow","max-snippet":"max-snippet:-1","max-image-preview":"max-image-preview:large","max-video-preview":"max-video-preview:-1"},"canonical":"https:\/\/strangercam.com\/da\/cam-til-cam-chat\/","og_locale":"da_DK","og_type":"article","og_title":"Free Cam to Cam Chat with Random Chat on Strangercam.com","og_description":"Liking Free Cam to Cam Chat? Join millions on StrangerCam.com! Start a random video chat, turn on your cam, and meet strangers instantly.","og_url":"https:\/\/strangercam.com\/da\/cam-til-cam-chat\/","og_site_name":"Strangercam","article_publisher":"https:\/\/www.facebook.com\/strangercam","article_modified_time":"2025-08-18T12:02:52+00:00","og_image":[{"width":800,"height":532,"url":"https:\/\/strangercam.com\/wp-content\/uploads\/2021\/10\/Untitled-2.png","type":"image\/png"}],"twitter_card":"summary_large_image","twitter_site":"@strangercamapp","twitter_misc":{"Estimeret l\u00e6setid":"5 minutter"},"schema":{"@context":"https:\/\/schema.org","@graph":[{"@type":"WebPage","@id":"https:\/\/strangercam.com\/cam-to-cam-chat\/","url":"https:\/\/strangercam.com\/cam-to-cam-chat\/","name":"Gratis Cam to Cam Chat med tilf\u00e6ldig chat p\u00e5 Strangercam.com","isPartOf":{"@id":"https:\/\/strangercam.com\/#website"},"datePublished":"2025-08-18T10:34:38+00:00","dateModified":"2025-08-18T12:02:52+00:00","description":"Kan du lide gratis cam til cam-chat? Join millioner p\u00e5 StrangerCam.com! Start en tilf\u00e6ldig videochat, t\u00e6nd for dit kamera, og m\u00f8d fremmede med det samme.","breadcrumb":{"@id":"https:\/\/strangercam.com\/cam-to-cam-chat\/#breadcrumb"},"inLanguage":"da-DK","potentialAction":[{"@type":"ReadAction","target":["https:\/\/strangercam.com\/cam-to-cam-chat\/"]}]},{"@type":"BreadcrumbList","@id":"https:\/\/strangercam.com\/cam-to-cam-chat\/#breadcrumb","itemListElement":[{"@type":"ListItem","position":1,"name":"Home","item":"https:\/\/strangercam.com\/"},{"@type":"ListItem","position":2,"name":"Free Cam to Cam Chat"}]},{"@type":"WebSite","@id":"https:\/\/strangercam.com\/#website","url":"https:\/\/strangercam.com\/","name":"Strangercam","description":"Tilf\u00e6ldig videochat med fremmede","publisher":{"@id":"https:\/\/strangercam.com\/#organization"},"alternateName":"Strangercam.com","potentialAction":[{"@type":"SearchAction","target":{"@type":"EntryPoint","urlTemplate":"https:\/\/strangercam.com\/?s={search_term_string}"},"query-input":{"@type":"PropertyValueSpecification","valueRequired":true,"valueName":"search_term_string"}}],"inLanguage":"da-DK"},{"@type":"Organization","@id":"https:\/\/strangercam.com\/#organization","name":"Strangercam","alternateName":"Strangercam.com","url":"https:\/\/strangercam.com\/","logo":{"@type":"ImageObject","inLanguage":"da-DK","@id":"https:\/\/strangercam.com\/#\/schema\/logo\/image\/","url":"https:\/\/strangercam.com\/wp-content\/uploads\/2020\/11\/cropped-new-favicon-black.png","contentUrl":"https:\/\/strangercam.com\/wp-content\/uploads\/2020\/11\/cropped-new-favicon-black.png","width":512,"height":512,"caption":"Strangercam"},"image":{"@id":"https:\/\/strangercam.com\/#\/schema\/logo\/image\/"},"sameAs":["https:\/\/www.facebook.com\/strangercam","https:\/\/x.com\/strangercamapp"]}]}},"_links":{"self":[{"href":"https:\/\/strangercam.com\/da\/wp-json\/wp\/v2\/pages\/148","targetHints":{"allow":["GET"]}}],"collection":[{"href":"https:\/\/strangercam.com\/da\/wp-json\/wp\/v2\/pages"}],"about":[{"href":"https:\/\/strangercam.com\/da\/wp-json\/wp\/v2\/types\/page"}],"author":[{"embeddable":true,"href":"https:\/\/strangercam.com\/da\/wp-json\/wp\/v2\/users\/8"}],"replies":[{"embeddable":true,"href":"https:\/\/strangercam.com\/da\/wp-json\/wp\/v2\/comments?post=148"}],"version-history":[{"count":2,"href":"https:\/\/strangercam.com\/da\/wp-json\/wp\/v2\/pages\/148\/revisions"}],"predecessor-version":[{"id":12962,"href":"https:\/\/strangercam.com\/da\/wp-json\/wp\/v2\/pages\/148\/revisions\/12962"}],"wp:attachment":[{"href":"https:\/\/strangercam.com\/da\/wp-json\/wp\/v2\/media?parent=148"}],"curies":[{"name":"wp","href":"https:\/\/api.w.org\/{rel}","templated":true}]}}