{"id":1319,"date":"2021-04-06T11:11:22","date_gmt":"2021-04-06T09:11:22","guid":{"rendered":"https:\/\/strangercam.com\/?page_id=1319"},"modified":"2023-08-21T11:40:39","modified_gmt":"2023-08-21T09:40:39","slug":"camloo","status":"publish","type":"page","link":"https:\/\/strangercam.com\/da\/camloo\/","title":{"rendered":"Camloo"},"content":{"rendered":"<p>Camloo er en live video <a href=\"https:\/\/strangercam.com\/da\/chatroulette\/\">chat<\/a> software, der hj\u00e6lper dig med at <a href=\"https:\/\/strangercam.com\/da\/coomeet\/\">m\u00f8des<\/a> tilf\u00e6ldige mennesker over internettet. Fordelen ved at bruge Camloo er, at den giver dig mulighed for at komme i kontakt med forskellige mennesker over hele verden med et enkelt klik med fingeren. Med de nyeste videoaktiverede opkald kan du nemt f\u00e5 venner gennem tilf\u00e6ldige chit-chats, online-dating, samtaler og andet med det samme.<\/p>\n<p>Camloo hj\u00e6lper dig med at m\u00f8de interessante mennesker fra hele verden gennem tilf\u00e6ldige samtaler. Desuden giver denne app dig mulighed for at kommunikere med fremmede og f\u00e5 kontakt med det samme gennem energiske samtaler.<\/p>\n<p>Hvad venter du p\u00e5, kom og v\u00e6r med i dette interessante f\u00e6llesskab af Camloo?<\/p>\n<h2>Funktioner i Camloo<\/h2>\n<p>At l\u00e6re forskellige mennesker fra hele verden at kende er ikke kun let, men ogs\u00e5 enkelt med Camloo. Hvis du er en af dem, der ivrigt venter p\u00e5 en date, s\u00e5 er Camloo den ideelle platform for dig. Med Camloo i din smartphone kan du g\u00f8re nye opdagelser hver dag.<\/p>\n<p>Desuden er det den ideelle platform til at dele dine f\u00f8lelser, ideer eller endda din personlige diskussion med nogen.<br \/>\nCamloo kan hj\u00e6lpe med at bringe alle mennesker sammen gennem internettets verden. Med Camloo i h\u00e5nden vil du aldrig f\u00f8le dig ensom. Funktionerne i Camloo hj\u00e6lper dig med at komme i kontakt med din partner med det samme.<\/p>\n<p>Nu kan du nemt og uden afbrydelser komme i kontakt med mere meningsfulde samtaler med fremmede fra hele verden.<\/p>\n<h2>Funktioner i tilf\u00e6ldig videochat<\/h2>\n<ul>\n<li>Nem chat - Det er nemt og enkelt at komme i kontakt med fremmede i Camloo. Desuden tilbyder den ogs\u00e5 videochat uden omkostninger. Du kan endda bruge en mere tilpasset version af Camloo, som vil hj\u00e6lpe dig med at udforske flere interessante funktioner p\u00e5 denne platform.<\/li>\n<li>Find Great Match - Hvis du vil skifte til et andet opkald i Camloo, kan du g\u00f8re det som en leg. Du beh\u00f8ver kun at trykke p\u00e5 den n\u00e6ste pil for at <a href=\"https:\/\/strangercam.com\/da\/american-random-video-call\/\">Videoopkald<\/a> til en anden person efter at have afsluttet det forrige opkald. Det er nemt, ikke?<\/li>\n<li>F\u00e5 nye venner - Camloo-f\u00e6llesskabet venter p\u00e5 at tage dig med til at m\u00f8de nye og interessante mennesker hver dag. Det er bedre ikke at lade dem vente p\u00e5 dig. At f\u00e5 nye venner og socialisere p\u00e5 denne fantastiske platform er ikke kun bedst, men ogs\u00e5 perfekt for dig.<\/li>\n<li>Vis dit talent frem - Har du en fantastisk stemme? F\u00e5r din dans verden til at danse til dit honorar? S\u00e5 er Camloo lige den bedste platform, du har brug for til dig selv. Camloo kan tage det bedste ud af dit talent og hj\u00e6lpe dig med at blive en superstjerne.<\/li>\n<li>Helt sikkert - Teamet bag Camloo arbejder h\u00e5rdt p\u00e5 at g\u00f8re det nemt og sikkert for dig at chatte. Det g\u00f8r dig ikke kun bekymringsfri, men ogs\u00e5 stressfri fra hacking og andre sikkerhedsproblemer. Glem aldrig at tjekke deres tips om privatlivets fred for at f\u00e5 fuldst\u00e6ndig ro i sindet.<\/li>\n<\/ul>\n<h2>Fordele og ulemper ved Camloo<\/h2>\n<p>Der er mange datingapps derude, men Camloo er anderledes. Det er ikke bare en m\u00e5de at m\u00f8de tilf\u00e6ldige mennesker p\u00e5, det er en m\u00e5de at m\u00f8de tilf\u00e6ldige mennesker p\u00e5 og have det sjovt. Men er det virkelig din tid v\u00e6rd? Lad os se p\u00e5 fordele og ulemper ved Camloo.<\/p>\n<h4>PROS:<\/h4>\n<ul>\n<li style=\"font-weight: 400;\" aria-level=\"1\">Den er gratis! Du skal ikke betale noget for at bruge appen.<\/li>\n<li style=\"font-weight: 400;\" aria-level=\"1\">Den er nem at bruge. Gr\u00e6nsefladen er enkel og ligetil.<\/li>\n<li style=\"font-weight: 400;\" aria-level=\"1\">Det er anonymt. Du beh\u00f8ver ikke at bruge dit rigtige navn eller andre personlige oplysninger.<\/li>\n<li style=\"font-weight: 400;\" aria-level=\"1\">Det er hurtigt. Du kan hurtigt gennemse profiler og finde nogen at chatte med.<\/li>\n<\/ul>\n<h4>CONS:<\/h4>\n<ul>\n<li style=\"font-weight: 400;\" aria-level=\"1\">Den er ikke s\u00e6rlig popul\u00e6r. Der er ikke mange brugere p\u00e5 appen endnu, s\u00e5 dine muligheder kan v\u00e6re begr\u00e6nsede.<\/li>\n<li style=\"font-weight: 400;\" aria-level=\"1\">Den er ikke s\u00e6rlig kendt. Camloo er ikke s\u00e5 kendt som nogle af de andre datingapps derude, s\u00e5 det kan v\u00e6re sv\u00e6rere at finde matches.<\/li>\n<\/ul>\n<h2>Hvordan bruger man Camloo?<\/h2>\n<p>Hvis du er p\u00e5 udkig efter en ny m\u00e5de at m\u00f8de tilf\u00e6ldige mennesker p\u00e5, er Camloo en god mulighed. S\u00e5dan bruger du den:<\/p>\n<ol>\n<li style=\"font-weight: 400;\" aria-level=\"1\">Opret en konto. Du skal angive nogle grundl\u00e6ggende oplysninger som dit navn og din e-mailadresse.<\/li>\n<li style=\"font-weight: 400;\" aria-level=\"1\">N\u00e5r du er logget ind, kan du se en liste over alle tilg\u00e6ngelige brugere. Du kan bladre gennem dem eller bruge s\u00f8gefunktionen til at finde en bestemt person.<\/li>\n<li style=\"font-weight: 400;\" aria-level=\"1\">N\u00e5r du finder nogen, du gerne vil tale med, skal du bare klikke p\u00e5 deres navn, s\u00e5 kommer du til deres profilside. Derfra kan du starte en samtale ved at skrive i tekstfeltet nederst p\u00e5 siden.<\/li>\n<li style=\"font-weight: 400;\" aria-level=\"1\">S\u00e5 er det nok! Du kan blive ved med at chatte, s\u00e5 l\u00e6nge du vil, eller g\u00e5 videre til en anden n\u00e5r som helst.<\/li>\n<\/ol>\n<h2>Hvorfor er Camloo s\u00e5 popul\u00e6r en tilf\u00e6ldig videochat-platform?<\/h2>\n<p>Camloo er en ny tilf\u00e6ldig videochatplatform, der tager internettet med storm. Der er mange grunde til, at Camloo er s\u00e5 popul\u00e6r, men en af hoved\u00e5rsagerne er, at den giver brugerne mulighed for at m\u00f8de nye mennesker fra hele verden p\u00e5 en sjov og interaktiv m\u00e5de.<\/p>\n<p>En anden grund til, at Camloo er s\u00e5 popul\u00e6r, er, at det er en meget tryg og sikker m\u00e5de at chatte med fremmede p\u00e5. Alle samtaler er krypterede, og Camloo tilbyder ogs\u00e5 en r\u00e6kke sikkerhedsfunktioner, som f.eks. muligheden for at rapportere brugere, der opf\u00f8rer sig uhensigtsm\u00e6ssigt.<\/p>\n<p>S\u00e5 hvis du leder efter en ny og sp\u00e6ndende m\u00e5de at m\u00f8de tilf\u00e6ldige mennesker fra hele verden p\u00e5, s\u00e5 husk at tjekke Camloo ud!<\/p>\n<h2>Hvordan f\u00e5r man mest muligt ud af Camloo?<\/h2>\n<p>Hvis du elsker at m\u00f8de nye mennesker og f\u00e5 venner, s\u00e5 er Camloo den perfekte platform for dig. Camloo er et nyt socialt netv\u00e6rkssite, der hj\u00e6lper dig med at komme i kontakt med tilf\u00e6ldige mennesker fra hele verden. Du kan bruge Camloo til at chatte med nye venner, m\u00f8de nye mennesker og endda finde k\u00e6rligheden. Men hvordan f\u00e5r du mest muligt ud af Camloo? Her er nogle tips:<\/p>\n<ol>\n<li style=\"font-weight: 400;\" aria-level=\"1\">\u00a0Brug s\u00f8gefunktionen til at finde folk, der deler dine interesser. P\u00e5 den m\u00e5de kan du lettere starte en samtale.<\/li>\n<li style=\"font-weight: 400;\" aria-level=\"1\">\u00a0Join-grupper og deltag i diskussioner. Det er en god m\u00e5de at m\u00f8de nye mennesker p\u00e5 og f\u00e5 venner.<\/li>\n<li style=\"font-weight: 400;\" aria-level=\"1\">V\u00e6r aktiv p\u00e5 sitet. Jo mere aktiv du er, jo mere sandsynligt er det, at folk vil v\u00e6re din ven.<\/li>\n<li style=\"font-weight: 400;\" aria-level=\"1\">V\u00e6r dig selv! V\u00e6r ikke bange for at vise din personlighed p\u00e5 Camloo. Det er en god m\u00e5de at f\u00e5 venner og m\u00f8de nye mennesker p\u00e5.<\/li>\n<\/ol>\n<h2>Er Camloo sikker?<\/h2>\n<p>N\u00e5r det handler om online dating, er sikkerhed altid en stor bekymring. S\u00e5 er Camloo sikker? Det korte svar er ja, Camloo er en tryg og sikker m\u00e5de at m\u00f8de nye mennesker p\u00e5 online. Her er nogle af de ting, vi g\u00f8r for at holde vores medlemmer sikre:<\/p>\n<p>Vi tillader kun medlemmer at tilmelde sig med en gyldig e-mailadresse. Det hj\u00e6lper os med at verificere hvert medlem og sikre, at de er dem, de giver sig ud for at v\u00e6re.<\/p>\n<p>Vi har en streng antispam-politik. Det betyder, at medlemmer kun kan sende beskeder til andre medlemmer, der gensidigt har aftalt at chatte. Det er med til at reducere antallet af u\u00f8nskede beskeder og spam.<\/p>\n<p>Vi modererer alle profiler og fotos, f\u00f8r de bliver lagt op p\u00e5 siden. Det er med til at sikre, at alle medlemmer er \u00e6gte, og at der ikke er falske profiler eller fotos.<\/p>\n<p>Vi har et dedikeret team af kundeservicemedarbejdere, der st\u00e5r til r\u00e5dighed 24\/7 for at hj\u00e6lpe med eventuelle bekymringer eller sp\u00f8rgsm\u00e5l, du m\u00e5tte have.<\/p>\n<p>S\u00e5 v\u00e6r sikker p\u00e5, at Camloo er en tryg og sikker m\u00e5de at m\u00f8de nye mennesker p\u00e5 online.<\/p>\n<h2>Forebyggende foranstaltninger ved brug af tilf\u00e6ldig videochatplatform:<\/h2>\n<p>N\u00e5r du bruger en <a href=\"https:\/\/strangercam.com\/da\/chathub\/\">Tilf\u00e6ldig videochat<\/a> platform, er det vigtigt at tage nogle forebyggende forholdsregler for at sikre din sikkerhed. Her er et par tips:<\/p>\n<ul>\n<li style=\"font-weight: 400;\" aria-level=\"1\">Giv aldrig personlige oplysninger som navn, adresse eller telefonnummer.<\/li>\n<li style=\"font-weight: 400;\" aria-level=\"1\">Hvis en person, du chatter med, beder om personlige oplysninger, skal du h\u00f8fligt afvise det og afslutte samtalen.<\/li>\n<li style=\"font-weight: 400;\" aria-level=\"1\">Undg\u00e5 at sende eller tage imod nogen form for filer fra nogen, du ikke kender. Disse filer kan indeholde virus eller malware, der kan skade din computer.<\/li>\n<li style=\"font-weight: 400;\" aria-level=\"1\">Hvis du nogensinde f\u00f8ler dig utilpas eller truet under en chat, skal du afslutte samtalen med det samme og rapportere brugeren til platformens administratorer.<\/li>\n<\/ul>\n<h2>Konklusion<\/h2>\n<p>Camloo er en fantastisk m\u00e5de at m\u00f8de nye mennesker p\u00e5, uanset om du leder efter k\u00e6rlighed eller bare gerne vil have nye venner. Det bedste ved Camloo er, at det er helt gratis at bruge, s\u00e5 du har ikke noget at tabe ved at pr\u00f8ve det. Hvorfor ikke tilmelde dig i dag og se, hvem du m\u00f8der?<\/p>","protected":false},"excerpt":{"rendered":"<p>Camloo is a live video chat software that helps you to meet random people over the internet. The benefit of using Camloo is that enables you to connect with different people around the world with the click of your finger. With its latest video-enabled calling, you can make friends easily through random chit-chats, online dating, [&hellip;]<\/p>\n","protected":false},"author":6,"featured_media":559,"parent":0,"menu_order":0,"comment_status":"closed","ping_status":"closed","template":"","meta":{"footnotes":""},"class_list":["post-1319","page","type-page","status-publish","has-post-thumbnail","hentry"],"yoast_head":"<!-- This site is optimized with the Yoast SEO plugin v27.4 - https:\/\/yoast.com\/product\/yoast-seo-wordpress\/ -->\n<title>Camloo - Free Random Video Chat - Cam on StrangerCam.com<\/title>\n<meta name=\"description\" content=\"Like Camloo? Come chat with more than 5.000.000 strangers on Stranger Cam for Free! Turn on your cam and find new friends &amp; maby a match!\" \/>\n<meta name=\"robots\" content=\"index, follow, max-snippet:-1, max-image-preview:large, max-video-preview:-1\" \/>\n<link rel=\"canonical\" href=\"https:\/\/strangercam.com\/da\/camloo\/\" \/>\n<meta property=\"og:locale\" content=\"da_DK\" \/>\n<meta property=\"og:type\" content=\"article\" \/>\n<meta property=\"og:title\" content=\"Camloo - Free Random Video Chat - Cam on StrangerCam.com\" \/>\n<meta property=\"og:description\" content=\"Like Camloo? Come chat with more than 5.000.000 strangers on Stranger Cam for Free! Turn on your cam and find new friends &amp; maby a match!\" \/>\n<meta property=\"og:url\" content=\"https:\/\/strangercam.com\/da\/camloo\/\" \/>\n<meta property=\"og:site_name\" content=\"Strangercam\" \/>\n<meta property=\"article:publisher\" content=\"https:\/\/www.facebook.com\/strangercam\" \/>\n<meta property=\"article:modified_time\" content=\"2023-08-21T09:40:39+00:00\" \/>\n<meta property=\"og:image\" content=\"https:\/\/strangercam.com\/wp-content\/uploads\/2020\/11\/stranger-cam-1.png\" \/>\n\t<meta property=\"og:image:width\" content=\"800\" \/>\n\t<meta property=\"og:image:height\" content=\"800\" \/>\n\t<meta property=\"og:image:type\" content=\"image\/png\" \/>\n<meta name=\"twitter:card\" content=\"summary_large_image\" \/>\n<meta name=\"twitter:site\" content=\"@strangercamapp\" \/>\n<meta name=\"twitter:label1\" content=\"Estimeret l\u00e6setid\" \/>\n\t<meta name=\"twitter:data1\" content=\"7 minutter\" \/>\n<script type=\"application\/ld+json\" class=\"yoast-schema-graph\">{\"@context\":\"https:\\\/\\\/schema.org\",\"@graph\":[{\"@type\":\"WebPage\",\"@id\":\"https:\\\/\\\/strangercam.com\\\/camloo\\\/\",\"url\":\"https:\\\/\\\/strangercam.com\\\/camloo\\\/\",\"name\":\"Camloo - Free Random Video Chat - Cam on StrangerCam.com\",\"isPartOf\":{\"@id\":\"https:\\\/\\\/strangercam.com\\\/#website\"},\"primaryImageOfPage\":{\"@id\":\"https:\\\/\\\/strangercam.com\\\/camloo\\\/#primaryimage\"},\"image\":{\"@id\":\"https:\\\/\\\/strangercam.com\\\/camloo\\\/#primaryimage\"},\"thumbnailUrl\":\"https:\\\/\\\/strangercam.com\\\/wp-content\\\/uploads\\\/2020\\\/11\\\/stranger-cam-1.png\",\"datePublished\":\"2021-04-06T09:11:22+00:00\",\"dateModified\":\"2023-08-21T09:40:39+00:00\",\"description\":\"Like Camloo? Come chat with more than 5.000.000 strangers on Stranger Cam for Free! Turn on your cam and find new friends & maby a match!\",\"breadcrumb\":{\"@id\":\"https:\\\/\\\/strangercam.com\\\/camloo\\\/#breadcrumb\"},\"inLanguage\":\"da-DK\",\"potentialAction\":[{\"@type\":\"ReadAction\",\"target\":[\"https:\\\/\\\/strangercam.com\\\/camloo\\\/\"]}]},{\"@type\":\"ImageObject\",\"inLanguage\":\"da-DK\",\"@id\":\"https:\\\/\\\/strangercam.com\\\/camloo\\\/#primaryimage\",\"url\":\"https:\\\/\\\/strangercam.com\\\/wp-content\\\/uploads\\\/2020\\\/11\\\/stranger-cam-1.png\",\"contentUrl\":\"https:\\\/\\\/strangercam.com\\\/wp-content\\\/uploads\\\/2020\\\/11\\\/stranger-cam-1.png\",\"width\":800,\"height\":800,\"caption\":\"stranger cam random video chat\"},{\"@type\":\"BreadcrumbList\",\"@id\":\"https:\\\/\\\/strangercam.com\\\/camloo\\\/#breadcrumb\",\"itemListElement\":[{\"@type\":\"ListItem\",\"position\":1,\"name\":\"Home\",\"item\":\"https:\\\/\\\/strangercam.com\\\/\"},{\"@type\":\"ListItem\",\"position\":2,\"name\":\"Camloo\"}]},{\"@type\":\"WebSite\",\"@id\":\"https:\\\/\\\/strangercam.com\\\/#website\",\"url\":\"https:\\\/\\\/strangercam.com\\\/\",\"name\":\"Strangercam\",\"description\":\"Random Video Chat with Strangers\",\"publisher\":{\"@id\":\"https:\\\/\\\/strangercam.com\\\/#organization\"},\"alternateName\":\"Strangercam.com\",\"potentialAction\":[{\"@type\":\"SearchAction\",\"target\":{\"@type\":\"EntryPoint\",\"urlTemplate\":\"https:\\\/\\\/strangercam.com\\\/?s={search_term_string}\"},\"query-input\":{\"@type\":\"PropertyValueSpecification\",\"valueRequired\":true,\"valueName\":\"search_term_string\"}}],\"inLanguage\":\"da-DK\"},{\"@type\":\"Organization\",\"@id\":\"https:\\\/\\\/strangercam.com\\\/#organization\",\"name\":\"Strangercam\",\"alternateName\":\"Strangercam.com\",\"url\":\"https:\\\/\\\/strangercam.com\\\/\",\"logo\":{\"@type\":\"ImageObject\",\"inLanguage\":\"da-DK\",\"@id\":\"https:\\\/\\\/strangercam.com\\\/#\\\/schema\\\/logo\\\/image\\\/\",\"url\":\"https:\\\/\\\/strangercam.com\\\/wp-content\\\/uploads\\\/2020\\\/11\\\/cropped-new-favicon-black.png\",\"contentUrl\":\"https:\\\/\\\/strangercam.com\\\/wp-content\\\/uploads\\\/2020\\\/11\\\/cropped-new-favicon-black.png\",\"width\":512,\"height\":512,\"caption\":\"Strangercam\"},\"image\":{\"@id\":\"https:\\\/\\\/strangercam.com\\\/#\\\/schema\\\/logo\\\/image\\\/\"},\"sameAs\":[\"https:\\\/\\\/www.facebook.com\\\/strangercam\",\"https:\\\/\\\/x.com\\\/strangercamapp\"]}]}<\/script>\n<!-- \/ Yoast SEO plugin. -->","yoast_head_json":{"title":"Camloo - Gratis tilf\u00e6ldig videochat - Cam p\u00e5 StrangerCam.com","description":"Kan du lide Camloo? Kom og chat med mere end 5.000.000 fremmede p\u00e5 Stranger Cam helt gratis! T\u00e6nd for dit kamera og find nye venner og m\u00e5ske et match!","robots":{"index":"index","follow":"follow","max-snippet":"max-snippet:-1","max-image-preview":"max-image-preview:large","max-video-preview":"max-video-preview:-1"},"canonical":"https:\/\/strangercam.com\/da\/camloo\/","og_locale":"da_DK","og_type":"article","og_title":"Camloo - Free Random Video Chat - Cam on StrangerCam.com","og_description":"Like Camloo? Come chat with more than 5.000.000 strangers on Stranger Cam for Free! Turn on your cam and find new friends & maby a match!","og_url":"https:\/\/strangercam.com\/da\/camloo\/","og_site_name":"Strangercam","article_publisher":"https:\/\/www.facebook.com\/strangercam","article_modified_time":"2023-08-21T09:40:39+00:00","og_image":[{"width":800,"height":800,"url":"https:\/\/strangercam.com\/wp-content\/uploads\/2020\/11\/stranger-cam-1.png","type":"image\/png"}],"twitter_card":"summary_large_image","twitter_site":"@strangercamapp","twitter_misc":{"Estimeret l\u00e6setid":"7 minutter"},"schema":{"@context":"https:\/\/schema.org","@graph":[{"@type":"WebPage","@id":"https:\/\/strangercam.com\/camloo\/","url":"https:\/\/strangercam.com\/camloo\/","name":"Camloo - Gratis tilf\u00e6ldig videochat - Cam p\u00e5 StrangerCam.com","isPartOf":{"@id":"https:\/\/strangercam.com\/#website"},"primaryImageOfPage":{"@id":"https:\/\/strangercam.com\/camloo\/#primaryimage"},"image":{"@id":"https:\/\/strangercam.com\/camloo\/#primaryimage"},"thumbnailUrl":"https:\/\/strangercam.com\/wp-content\/uploads\/2020\/11\/stranger-cam-1.png","datePublished":"2021-04-06T09:11:22+00:00","dateModified":"2023-08-21T09:40:39+00:00","description":"Kan du lide Camloo? Kom og chat med mere end 5.000.000 fremmede p\u00e5 Stranger Cam helt gratis! T\u00e6nd for dit kamera og find nye venner og m\u00e5ske et match!","breadcrumb":{"@id":"https:\/\/strangercam.com\/camloo\/#breadcrumb"},"inLanguage":"da-DK","potentialAction":[{"@type":"ReadAction","target":["https:\/\/strangercam.com\/camloo\/"]}]},{"@type":"ImageObject","inLanguage":"da-DK","@id":"https:\/\/strangercam.com\/camloo\/#primaryimage","url":"https:\/\/strangercam.com\/wp-content\/uploads\/2020\/11\/stranger-cam-1.png","contentUrl":"https:\/\/strangercam.com\/wp-content\/uploads\/2020\/11\/stranger-cam-1.png","width":800,"height":800,"caption":"stranger cam random video chat"},{"@type":"BreadcrumbList","@id":"https:\/\/strangercam.com\/camloo\/#breadcrumb","itemListElement":[{"@type":"ListItem","position":1,"name":"Home","item":"https:\/\/strangercam.com\/"},{"@type":"ListItem","position":2,"name":"Camloo"}]},{"@type":"WebSite","@id":"https:\/\/strangercam.com\/#website","url":"https:\/\/strangercam.com\/","name":"Strangercam","description":"Tilf\u00e6ldig videochat med fremmede","publisher":{"@id":"https:\/\/strangercam.com\/#organization"},"alternateName":"Strangercam.com","potentialAction":[{"@type":"SearchAction","target":{"@type":"EntryPoint","urlTemplate":"https:\/\/strangercam.com\/?s={search_term_string}"},"query-input":{"@type":"PropertyValueSpecification","valueRequired":true,"valueName":"search_term_string"}}],"inLanguage":"da-DK"},{"@type":"Organization","@id":"https:\/\/strangercam.com\/#organization","name":"Strangercam","alternateName":"Strangercam.com","url":"https:\/\/strangercam.com\/","logo":{"@type":"ImageObject","inLanguage":"da-DK","@id":"https:\/\/strangercam.com\/#\/schema\/logo\/image\/","url":"https:\/\/strangercam.com\/wp-content\/uploads\/2020\/11\/cropped-new-favicon-black.png","contentUrl":"https:\/\/strangercam.com\/wp-content\/uploads\/2020\/11\/cropped-new-favicon-black.png","width":512,"height":512,"caption":"Strangercam"},"image":{"@id":"https:\/\/strangercam.com\/#\/schema\/logo\/image\/"},"sameAs":["https:\/\/www.facebook.com\/strangercam","https:\/\/x.com\/strangercamapp"]}]}},"_links":{"self":[{"href":"https:\/\/strangercam.com\/da\/wp-json\/wp\/v2\/pages\/1319","targetHints":{"allow":["GET"]}}],"collection":[{"href":"https:\/\/strangercam.com\/da\/wp-json\/wp\/v2\/pages"}],"about":[{"href":"https:\/\/strangercam.com\/da\/wp-json\/wp\/v2\/types\/page"}],"author":[{"embeddable":true,"href":"https:\/\/strangercam.com\/da\/wp-json\/wp\/v2\/users\/6"}],"replies":[{"embeddable":true,"href":"https:\/\/strangercam.com\/da\/wp-json\/wp\/v2\/comments?post=1319"}],"version-history":[{"count":0,"href":"https:\/\/strangercam.com\/da\/wp-json\/wp\/v2\/pages\/1319\/revisions"}],"wp:featuredmedia":[{"embeddable":true,"href":"https:\/\/strangercam.com\/da\/wp-json\/wp\/v2\/media\/559"}],"wp:attachment":[{"href":"https:\/\/strangercam.com\/da\/wp-json\/wp\/v2\/media?parent=1319"}],"curies":[{"name":"wp","href":"https:\/\/api.w.org\/{rel}","templated":true}]}}