{"id":13057,"date":"2025-10-24T10:20:35","date_gmt":"2025-10-24T08:20:35","guid":{"rendered":"https:\/\/strangercam.com\/?page_id=13057"},"modified":"2025-10-24T10:20:35","modified_gmt":"2025-10-24T08:20:35","slug":"umingle","status":"publish","type":"page","link":"https:\/\/strangercam.com\/da\/umingle\/","title":{"rendered":"Umingle"},"content":{"rendered":"<p>I post-Omegle-\u00e6raen blev dusinvis af tilf\u00e6ldige video <a href=\"https:\/\/strangercam.com\/da\/chathub\/\">chat<\/a> Der er dukket mange platforme op, som alle fors\u00f8ger at fange sp\u00e6ndingen ved spontane onlinesamtaler. Men kun f\u00e5 form\u00e5r at kombinere enkelhed, hastighed og sikkerhed p\u00e5 en m\u00e5de, der rent faktisk fungerer. Umingle er en af de nyeste akt\u00f8rer p\u00e5 dette omr\u00e5de - en global tilf\u00e6ldig videochatplatform, der er bygget til folk, som gerne vil <a href=\"https:\/\/strangercam.com\/da\/coomeet\/\">m\u00f8des<\/a> fremmede med det samme, uden tilmeldinger eller komplicerede funktioner.<\/p>\n<p>Umingle er designet til en generation, der v\u00e6rds\u00e6tter hurtige, autentiske interaktioner, og giver et moderne twist til den klassiske \"snak med fremmede\"-oplevelse. Men hvordan klarer den sig i forhold til etablerede navne som Ohmegle, Lotta og ChatRT? Lad os se n\u00e6rmere p\u00e5 det.<\/p>\n<h2>Hvad er Umingle?<\/h2>\n<p>Umingle er en gratis tilf\u00e6ldig videochatplatform, der forbinder brugere over hele verden til samtaler i realtid, ansigt til ansigt. Du beh\u00f8ver ikke at oprette en konto, uploade et billede eller bekr\u00e6fte din identitet - du skal bare klikke p\u00e5 \"Start Chat\", s\u00e5 bliver du straks matchet med en fremmed.<\/p>\n<p>Sidens navn afspejler dens m\u00e5l perfekt: \"at mingle\" online, afslappet og frit. I mods\u00e6tning til datingapps, der kr\u00e6ver biografier, swipes og endel\u00f8s ventetid, giver Umingle dig direkte, spontan interaktion fra det \u00f8jeblik, du ankommer.<\/p>\n<h2>Hvad er form\u00e5let med Umingle?<\/h2>\n<p>Umingles mission er enkel: at g\u00f8re det sjovt, hurtigt og gnidningsfrit at m\u00f8de folk online.<\/p>\n<p>Den er bygget til brugere, der:<\/p>\n<ul>\n<li>Savner enkelheden ved videochat i Omegle-stil<\/li>\n<li>Vil du m\u00f8de nye mennesker p\u00e5 en anonym m\u00e5de uden pres?<\/li>\n<li>Foretr\u00e6kker hurtige, spontane samtaler frem for kuraterede profiler<\/li>\n<li>Nyd kulturel udveksling og globale forbindelser<\/li>\n<\/ul>\n<p>Uanset om du \u00f8nsker at f\u00e5 venner, \u00f8ve et sprog, flirte tilf\u00e6ldigt eller bare f\u00e5 tiden til at g\u00e5, skaber Umingle et indbydende digitalt rum for autentisk en-til-en-interaktion.<\/p>\n<h2>Vigtige funktioner<\/h2>\n<p>1. \u00d8jeblikkelig tilf\u00e6ldig videochat<br \/>\nKernefunktionen i Umingle er dens live en-til-en videochat-system. Med et enkelt klik bliver du matchet med en ny person med det samme. Der er ingen k\u00f8, ingen ventetid og ingen registrering.<\/p>\n<p>2. Spring over\/n\u00e6ste knap<br \/>\nNyder du ikke din nuv\u00e6rende chat? Klik blot p\u00e5 \"N\u00e6ste\" for at springe over og blive matchet med en anden. Det er hurtigt og flydende, s\u00e5 du kan m\u00f8de dusinvis af nye mennesker p\u00e5 f\u00e5 minutter.<\/p>\n<p>3. Mulighed for tekstchat<br \/>\nUd over video tilbyder Umingle en tekstchatfunktion, som er ideel til at bryde isen eller chatte stille og roligt, n\u00e5r du ikke \u00f8nsker at bruge din mikrofon.<\/p>\n<p>4. 100% Anonym oplevelse<br \/>\nUmingle beder ikke om dit navn, din e-mail eller dit telefonnummer. Dit privatliv bliver respekteret fra starten, og du forbliver fuldst\u00e6ndig anonym i alle dine chats.<\/p>\n<p>5. Mobil- og skrivebordsvenlig<br \/>\nPlatformen er designet til at fungere perfekt p\u00e5 b\u00e5de desktop-browsere og mobile enheder. Uanset om du bruger din telefon eller b\u00e6rbare computer, tilpasser gr\u00e6nsefladen sig problemfrit til j\u00e6vn video- og tekstchat.<\/p>\n<p>6. Let og moderne brugerflade<br \/>\nUmingle har et rent, minimalistisk design. Der er ingen distraherende pop op-vinduer eller overdrevne reklamer - bare et stort videovindue, intuitive knapper og hurtige forbindelser.<\/p>\n<p>7. Rapport- og moderationsv\u00e6rkt\u00f8jer<br \/>\nBrugernes sikkerhed er en topprioritet. Hvis du st\u00f8der p\u00e5 upassende adf\u00e6rd, kan du straks markere chatten med rapportknappen. Umingle bruger en blanding af AI-filtre og menneskelig moderation for at opretholde et sikkert milj\u00f8.<\/p>\n<h2>Er Umingle gratis?<\/h2>\n<p>Ja - Umingle er 100% gratis at bruge.<\/p>\n<p>Alle kernefunktioner er tilg\u00e6ngelige uden omkostninger:<\/p>\n<ul>\n<li>Ubegr\u00e6nset tilf\u00e6ldige video- og tekstchats<\/li>\n<li>\u00d8jeblikkelig spring over\/til n\u00e6ste funktion<\/li>\n<li>Kompatibilitet mellem mobil og desktop<\/li>\n<\/ul>\n<p>Der er ingen abonnementer, m\u00f8nter eller betalte opgraderinger. Platformen er fuldt tilg\u00e6ngelig for alle og underst\u00f8ttes af lette reklamer, der ikke forstyrrer chatoplevelsen.<\/p>\n<h2>Hvem bruger Umingle?<\/h2>\n<p>Umingle tiltr\u00e6kker et mangfoldigt og internationalt publikum, som nyder at socialisere online:<\/p>\n<ul>\n<li>Aldersgruppe: For det meste 18-35 (kun for voksne, 18+)<\/li>\n<li>Brugerbase: Studerende, rejsende, unge professionelle og tilf\u00e6ldige chattere<\/li>\n<li>Lande: Popul\u00e6r i USA, Storbritannien, Frankrig, Indien, Brasilien og Filippinerne<\/li>\n<li>Motivationer: M\u00f8de nye venner, tilf\u00e6ldig flirt, kulturel udveksling, sprogpraksis eller simpelthen kedsomhed.<\/li>\n<\/ul>\n<p>Det, der g\u00f8r Umingle tiltr\u00e6kkende, er det afbalancerede, venlige f\u00e6llesskab. Selvom det har global r\u00e6kkevidde, hj\u00e6lper gr\u00e6nsefladen og moderationen med at opretholde et mere positivt og respektfuldt milj\u00f8 end mange \u00e6ldre tilf\u00e6ldige chatplatforme.<\/p>\n<h2>Sikkerhed, privatliv og moderation<\/h2>\n<p>Umingle forst\u00e5r, at anonymitet kan tiltr\u00e6kke b\u00e5de den bedste og den v\u00e6rste onlineadf\u00e6rd. For at im\u00f8deg\u00e5 dette anvender de st\u00e6rke sikkerhedsforanstaltninger og moderering af f\u00e6llesskabet.<\/p>\n<h3>Privatlivets fred<\/h3>\n<ul>\n<li>Ingen tilmelding eller personlige oplysninger kr\u00e6ves<\/li>\n<li>Chats bliver ikke optaget eller gemt<\/li>\n<li>Adgang til webcam og mikrofon styres helt af brugeren<\/li>\n<li>HTTPS-kryptering s\u00f8rger for sikre forbindelser<\/li>\n<\/ul>\n<h3>Moderation<\/h3>\n<ul>\n<li>AI-baseret indholdsregistrering hj\u00e6lper med at identificere upassende adf\u00e6rd<\/li>\n<li>Brugerrapporteringsv\u00e6rkt\u00f8jer giver mulighed for hurtig markering af overtr\u00e6delser<\/li>\n<li>Menneskelige moderatorer gennemg\u00e5r rapporter og fjerner gentagne lovovertr\u00e6dere<\/li>\n<\/ul>\n<h3>Tips om sikkerhed<\/h3>\n<ul>\n<li>Del aldrig personlige oplysninger som fuldt navn, adresse eller sociale medier.<\/li>\n<li>Afslut enhver chat, der g\u00f8r dig utilpas<\/li>\n<li>Brug \"Spring over\" og \"Rapporter\", n\u00e5r det er n\u00f8dvendigt<\/li>\n<li>Behandl enhver interaktion som anonym og midlertidig<\/li>\n<\/ul>\n<h2>Brugeroplevelse og design<\/h2>\n<p>Umingle giver en smidig, hurtig og overskuelig oplevelse, der f\u00f8les moderne og intuitiv:<\/p>\n<ul>\n<li>Hjemmeside: Enkelt layout med en fremtr\u00e6dende \"Start chat\"-knap og klare retningslinjer<\/li>\n<li>Video-interface: Store videopaneler og lettilg\u00e6ngelige kontroller til spring, tekst og rapport<\/li>\n<li>Ydeevne: Hurtige forbindelser, minimal forsinkelse og hurtige genforbindelser mellem chats<\/li>\n<li>Mobil optimering: Perfekt responsiv p\u00e5 smartphones og tablets<\/li>\n<li>Visuel stil: Rent, minimalt design med fokus p\u00e5 videoen f\u00f8rst, ikke distraherende elementer<\/li>\n<\/ul>\n<p>Alt i alt f\u00f8les Umingle professionel og let - og undg\u00e5r det for\u00e6ldede udseende fra \u00e6ldre tilf\u00e6ldige chatsider.<\/p>\n<h2>Umingle vs. andre tilf\u00e6ldige chatplatforme<\/h2>\n<p>Hvordan er Umingle sammenlignet med andre Omegle-lignende alternativer?<\/p>\n<table>\n<thead>\n<tr>\n<th>Funktion<\/th>\n<th>Umingle<\/th>\n<th><a href=\"https:\/\/strangercam.com\/da\/omegle\/\">Omegle<\/a> (lukket)<\/th>\n<th>Ohmegle<\/th>\n<th>Lotta<\/th>\n<th>ChatRT<\/th>\n<th>MatchPub<\/th>\n<th><a href=\"https:\/\/strangercam.com\/da\/ometv\/\">OmeTV<\/a><\/th>\n<\/tr>\n<\/thead>\n<tbody>\n<tr>\n<td>Tilf\u00e6ldig videochat<\/td>\n<td>Ja<\/td>\n<td>Ja<\/td>\n<td>Ja<\/td>\n<td>Ja<\/td>\n<td>Ja<\/td>\n<td>Ja<\/td>\n<td>Ja<\/td>\n<\/tr>\n<tr>\n<td>Mulighed for tekstchat<\/td>\n<td>Ja<\/td>\n<td>Ja<\/td>\n<td>Ja<\/td>\n<td>Ja<\/td>\n<td>Ja<\/td>\n<td>Ja<\/td>\n<td>Ja<\/td>\n<\/tr>\n<tr>\n<td>Tilmelding n\u00f8dvendig<\/td>\n<td>Nej<\/td>\n<td>Nej<\/td>\n<td>Nej<\/td>\n<td>Nej<\/td>\n<td>Nej<\/td>\n<td>Nej<\/td>\n<td>Nej<\/td>\n<\/tr>\n<tr>\n<td>Mobilvenlig<\/td>\n<td>Fremragende<\/td>\n<td>D\u00e5rlig<\/td>\n<td>Fremragende<\/td>\n<td>Fremragende<\/td>\n<td>Fremragende<\/td>\n<td>Fremragende<\/td>\n<td>God<\/td>\n<\/tr>\n<tr>\n<td>Filtre for k\u00f8n\/region<\/td>\n<td>Nej<\/td>\n<td>Nej<\/td>\n<td>Nej<\/td>\n<td>Nej<\/td>\n<td>Nej<\/td>\n<td>Nej<\/td>\n<td>Betalt<\/td>\n<\/tr>\n<tr>\n<td>Moderationsv\u00e6rkt\u00f8jer<\/td>\n<td>St\u00e6rk<\/td>\n<td>Svag<\/td>\n<td>Moderat<\/td>\n<td>God<\/td>\n<td>St\u00e6rk<\/td>\n<td>God<\/td>\n<td>St\u00e6rk<\/td>\n<\/tr>\n<tr>\n<td>Gratis at bruge<\/td>\n<td>Ja<\/td>\n<td>Ja<\/td>\n<td>Ja<\/td>\n<td>Ja<\/td>\n<td>Ja<\/td>\n<td>Ja<\/td>\n<td>Ja\/betalt<\/td>\n<\/tr>\n<\/tbody>\n<\/table>\n<p>Resum\u00e9: Umingle er mest sammenlignelig med ChatRT og Lotta - alle gratis, anonyme og hurtige - men den skiller sig ud med sin renere gr\u00e6nseflade og mere smidige mobiloplevelse. Selv om den endnu ikke tilbyder avancerede filtre, er dens enkelhed en del af dens charme.<\/p>\n<h2>Fordele og ulemper<\/h2>\n<p>Fordele:<\/p>\n<ul>\n<li>100% gratis uden registrering<\/li>\n<li>Hurtig og anonym tilf\u00e6ldig videochat<\/li>\n<li>Rent, moderne design med j\u00e6vn ydeevne<\/li>\n<li>Fungerer perfekt p\u00e5 mobil og desktop<\/li>\n<li>Mulighed for \u00f8jeblikkeligt spring og tekstchat<\/li>\n<li>St\u00e6rke moderations- og rapporteringsv\u00e6rkt\u00f8jer<\/li>\n<\/ul>\n<p>Ulemper:<\/p>\n<ul>\n<li>Ingen k\u00f8ns- eller landefiltre<\/li>\n<li>Lejlighedsvis upassende brugere (f\u00e6lles for alle anonyme chatsider)<\/li>\n<li>Flere mandlige brugere end kvindelige brugere<\/li>\n<li>Intet profil- eller vennesystem<\/li>\n<li>Brugerbasen vokser stadig i forhold til \u00e6ldre alternativer<\/li>\n<\/ul>\n<h2>Ideelle brugsscenarier<\/h2>\n<p>Umingle er perfekt til:<\/p>\n<ul>\n<li>Ventilatorer af Omegle og <a href=\"https:\/\/strangercam.com\/da\/chatroulette\/\">Chatroulette<\/a> der \u00f8nsker en moderne erstatning<\/li>\n<li>Folk, der nyder anonyme samtaler p\u00e5 tomandsh\u00e5nd<\/li>\n<li>Sprogstuderende eller rejsende, der udforsker globale forbindelser<\/li>\n<li>Studerende og unge voksne, der \u00f8nsker at v\u00e6re uformelt sammen<\/li>\n<li>Mobilbrugere s\u00f8ger hurtig, gratis og tilf\u00e6ldig videochat<\/li>\n<\/ul>\n<p>Mindre ideel til:<\/p>\n<ul>\n<li>Mindre\u00e5rige brugere (strengt 18+)<\/li>\n<li>Dem, der \u00f8nsker datingfiltre eller re-matching-muligheder<\/li>\n<li>Folk, der leder efter langsigtede forbindelser eller sociale profiler<\/li>\n<\/ul>\n<p>Umingle er en af de mest lovende tilf\u00e6ldige videochatplatforme i Omegle-stil i 2025. Den indfanger alt det, der gjorde spontan onlinechat sjovt - enkelhed, hastighed og global r\u00e6kkevidde - og opdaterer det samtidig med et moderne, mobilvenligt design og st\u00e6rke sikkerhedsv\u00e6rkt\u00f8jer.<\/p>\n<p>Hvis du leder efter en hurtig, gratis og anonym m\u00e5de at m\u00f8de fremmede p\u00e5 online, s\u00e5 er Umingle pr\u00e6cis det, du s\u00f8ger. Med en j\u00e6vn ydeevne, nem rapportering og en indbydende brugerbase er det hurtigt ved at blive en af \u00e5rets bedste nye tilf\u00e6ldige chatsider.<\/p>\n<p>Uanset om du vil f\u00e5 venner, flirte eller bare fordrive tiden, er Umingle absolut v\u00e6rd at pr\u00f8ve.<\/p>","protected":false},"excerpt":{"rendered":"<p>In the post-Omegle era, dozens of random video chat platforms have emerged, all trying to capture the excitement of spontaneous online conversations. Few, however, manage to combine simplicity, speed, and safety in a way that actually works. Umingle is one of the newest entrants in this space \u2014 a global random video chat platform built [&hellip;]<\/p>\n","protected":false},"author":6,"featured_media":0,"parent":0,"menu_order":0,"comment_status":"closed","ping_status":"closed","template":"","meta":{"footnotes":""},"class_list":["post-13057","page","type-page","status-publish","hentry"],"yoast_head":"<!-- This site is optimized with the Yoast SEO plugin v26.9 - https:\/\/yoast.com\/product\/yoast-seo-wordpress\/ -->\n<title>Umingle - Chat with Strangers - StrangerCam.com<\/title>\n<meta name=\"description\" content=\"Like Umingle? Come chat with more than 5.000.000 strangers on Strangercam for Free! Turn on your cam and find new friends &amp; maby a match!\" \/>\n<meta name=\"robots\" content=\"index, follow, max-snippet:-1, max-image-preview:large, max-video-preview:-1\" \/>\n<link rel=\"canonical\" href=\"https:\/\/strangercam.com\/da\/umingle\/\" \/>\n<meta property=\"og:locale\" content=\"da_DK\" \/>\n<meta property=\"og:type\" content=\"article\" \/>\n<meta property=\"og:title\" content=\"Umingle - Chat with Strangers - StrangerCam.com\" \/>\n<meta property=\"og:description\" content=\"Like Umingle? Come chat with more than 5.000.000 strangers on Strangercam for Free! Turn on your cam and find new friends &amp; maby a match!\" \/>\n<meta property=\"og:url\" content=\"https:\/\/strangercam.com\/da\/umingle\/\" \/>\n<meta property=\"og:site_name\" content=\"Strangercam\" \/>\n<meta property=\"article:publisher\" content=\"https:\/\/www.facebook.com\/strangercam\" \/>\n<meta property=\"og:image\" content=\"https:\/\/strangercam.com\/wp-content\/uploads\/2021\/10\/Untitled-2.png\" \/>\n\t<meta property=\"og:image:width\" content=\"800\" \/>\n\t<meta property=\"og:image:height\" content=\"532\" \/>\n\t<meta property=\"og:image:type\" content=\"image\/png\" \/>\n<meta name=\"twitter:card\" content=\"summary_large_image\" \/>\n<meta name=\"twitter:site\" content=\"@strangercamapp\" \/>\n<meta name=\"twitter:label1\" content=\"Estimeret l\u00e6setid\" \/>\n\t<meta name=\"twitter:data1\" content=\"6 minutter\" \/>\n<script type=\"application\/ld+json\" class=\"yoast-schema-graph\">{\"@context\":\"https:\/\/schema.org\",\"@graph\":[{\"@type\":\"WebPage\",\"@id\":\"https:\/\/strangercam.com\/umingle\/\",\"url\":\"https:\/\/strangercam.com\/umingle\/\",\"name\":\"Umingle - Chat with Strangers - StrangerCam.com\",\"isPartOf\":{\"@id\":\"https:\/\/strangercam.com\/#website\"},\"datePublished\":\"2025-10-24T08:20:35+00:00\",\"description\":\"Like Umingle? Come chat with more than 5.000.000 strangers on Strangercam for Free! Turn on your cam and find new friends & maby a match!\",\"breadcrumb\":{\"@id\":\"https:\/\/strangercam.com\/umingle\/#breadcrumb\"},\"inLanguage\":\"da-DK\",\"potentialAction\":[{\"@type\":\"ReadAction\",\"target\":[\"https:\/\/strangercam.com\/umingle\/\"]}]},{\"@type\":\"BreadcrumbList\",\"@id\":\"https:\/\/strangercam.com\/umingle\/#breadcrumb\",\"itemListElement\":[{\"@type\":\"ListItem\",\"position\":1,\"name\":\"Home\",\"item\":\"https:\/\/strangercam.com\/\"},{\"@type\":\"ListItem\",\"position\":2,\"name\":\"Umingle\"}]},{\"@type\":\"WebSite\",\"@id\":\"https:\/\/strangercam.com\/#website\",\"url\":\"https:\/\/strangercam.com\/\",\"name\":\"Strangercam\",\"description\":\"Random Video Chat with Strangers\",\"publisher\":{\"@id\":\"https:\/\/strangercam.com\/#organization\"},\"alternateName\":\"Strangercam.com\",\"potentialAction\":[{\"@type\":\"SearchAction\",\"target\":{\"@type\":\"EntryPoint\",\"urlTemplate\":\"https:\/\/strangercam.com\/?s={search_term_string}\"},\"query-input\":{\"@type\":\"PropertyValueSpecification\",\"valueRequired\":true,\"valueName\":\"search_term_string\"}}],\"inLanguage\":\"da-DK\"},{\"@type\":\"Organization\",\"@id\":\"https:\/\/strangercam.com\/#organization\",\"name\":\"Strangercam\",\"alternateName\":\"Strangercam.com\",\"url\":\"https:\/\/strangercam.com\/\",\"logo\":{\"@type\":\"ImageObject\",\"inLanguage\":\"da-DK\",\"@id\":\"https:\/\/strangercam.com\/#\/schema\/logo\/image\/\",\"url\":\"https:\/\/strangercam.com\/wp-content\/uploads\/2020\/11\/cropped-new-favicon-black.png\",\"contentUrl\":\"https:\/\/strangercam.com\/wp-content\/uploads\/2020\/11\/cropped-new-favicon-black.png\",\"width\":512,\"height\":512,\"caption\":\"Strangercam\"},\"image\":{\"@id\":\"https:\/\/strangercam.com\/#\/schema\/logo\/image\/\"},\"sameAs\":[\"https:\/\/www.facebook.com\/strangercam\",\"https:\/\/x.com\/strangercamapp\"]}]}<\/script>\n<!-- \/ Yoast SEO plugin. -->","yoast_head_json":{"title":"Umingle - Chat med fremmede - StrangerCam.com","description":"Kan du lide Umingle? Kom og chat med mere end 5.000.000 fremmede p\u00e5 Strangercam helt gratis! T\u00e6nd for dit kamera og find nye venner og m\u00e5ske et match!","robots":{"index":"index","follow":"follow","max-snippet":"max-snippet:-1","max-image-preview":"max-image-preview:large","max-video-preview":"max-video-preview:-1"},"canonical":"https:\/\/strangercam.com\/da\/umingle\/","og_locale":"da_DK","og_type":"article","og_title":"Umingle - Chat with Strangers - StrangerCam.com","og_description":"Like Umingle? Come chat with more than 5.000.000 strangers on Strangercam for Free! Turn on your cam and find new friends & maby a match!","og_url":"https:\/\/strangercam.com\/da\/umingle\/","og_site_name":"Strangercam","article_publisher":"https:\/\/www.facebook.com\/strangercam","og_image":[{"width":800,"height":532,"url":"https:\/\/strangercam.com\/wp-content\/uploads\/2021\/10\/Untitled-2.png","type":"image\/png"}],"twitter_card":"summary_large_image","twitter_site":"@strangercamapp","twitter_misc":{"Estimeret l\u00e6setid":"6 minutter"},"schema":{"@context":"https:\/\/schema.org","@graph":[{"@type":"WebPage","@id":"https:\/\/strangercam.com\/umingle\/","url":"https:\/\/strangercam.com\/umingle\/","name":"Umingle - Chat med fremmede - StrangerCam.com","isPartOf":{"@id":"https:\/\/strangercam.com\/#website"},"datePublished":"2025-10-24T08:20:35+00:00","description":"Kan du lide Umingle? Kom og chat med mere end 5.000.000 fremmede p\u00e5 Strangercam helt gratis! T\u00e6nd for dit kamera og find nye venner og m\u00e5ske et match!","breadcrumb":{"@id":"https:\/\/strangercam.com\/umingle\/#breadcrumb"},"inLanguage":"da-DK","potentialAction":[{"@type":"ReadAction","target":["https:\/\/strangercam.com\/umingle\/"]}]},{"@type":"BreadcrumbList","@id":"https:\/\/strangercam.com\/umingle\/#breadcrumb","itemListElement":[{"@type":"ListItem","position":1,"name":"Home","item":"https:\/\/strangercam.com\/"},{"@type":"ListItem","position":2,"name":"Umingle"}]},{"@type":"WebSite","@id":"https:\/\/strangercam.com\/#website","url":"https:\/\/strangercam.com\/","name":"Strangercam","description":"Tilf\u00e6ldig videochat med fremmede","publisher":{"@id":"https:\/\/strangercam.com\/#organization"},"alternateName":"Strangercam.com","potentialAction":[{"@type":"SearchAction","target":{"@type":"EntryPoint","urlTemplate":"https:\/\/strangercam.com\/?s={search_term_string}"},"query-input":{"@type":"PropertyValueSpecification","valueRequired":true,"valueName":"search_term_string"}}],"inLanguage":"da-DK"},{"@type":"Organization","@id":"https:\/\/strangercam.com\/#organization","name":"Strangercam","alternateName":"Strangercam.com","url":"https:\/\/strangercam.com\/","logo":{"@type":"ImageObject","inLanguage":"da-DK","@id":"https:\/\/strangercam.com\/#\/schema\/logo\/image\/","url":"https:\/\/strangercam.com\/wp-content\/uploads\/2020\/11\/cropped-new-favicon-black.png","contentUrl":"https:\/\/strangercam.com\/wp-content\/uploads\/2020\/11\/cropped-new-favicon-black.png","width":512,"height":512,"caption":"Strangercam"},"image":{"@id":"https:\/\/strangercam.com\/#\/schema\/logo\/image\/"},"sameAs":["https:\/\/www.facebook.com\/strangercam","https:\/\/x.com\/strangercamapp"]}]}},"_links":{"self":[{"href":"https:\/\/strangercam.com\/da\/wp-json\/wp\/v2\/pages\/13057","targetHints":{"allow":["GET"]}}],"collection":[{"href":"https:\/\/strangercam.com\/da\/wp-json\/wp\/v2\/pages"}],"about":[{"href":"https:\/\/strangercam.com\/da\/wp-json\/wp\/v2\/types\/page"}],"author":[{"embeddable":true,"href":"https:\/\/strangercam.com\/da\/wp-json\/wp\/v2\/users\/6"}],"replies":[{"embeddable":true,"href":"https:\/\/strangercam.com\/da\/wp-json\/wp\/v2\/comments?post=13057"}],"version-history":[{"count":1,"href":"https:\/\/strangercam.com\/da\/wp-json\/wp\/v2\/pages\/13057\/revisions"}],"predecessor-version":[{"id":13058,"href":"https:\/\/strangercam.com\/da\/wp-json\/wp\/v2\/pages\/13057\/revisions\/13058"}],"wp:attachment":[{"href":"https:\/\/strangercam.com\/da\/wp-json\/wp\/v2\/media?parent=13057"}],"curies":[{"name":"wp","href":"https:\/\/api.w.org\/{rel}","templated":true}]}}