{"id":13024,"date":"2025-09-10T11:58:44","date_gmt":"2025-09-10T09:58:44","guid":{"rendered":"https:\/\/strangercam.com\/?page_id=13024"},"modified":"2025-09-10T11:58:57","modified_gmt":"2025-09-10T09:58:57","slug":"airtalk","status":"publish","type":"page","link":"https:\/\/strangercam.com\/da\/airtalk\/","title":{"rendered":"AirTALK"},"content":{"rendered":"<p>Eftersp\u00f8rgslen efter hurtig, anonym og spontan video <a href=\"https:\/\/strangercam.com\/da\/chathub\/\">chat<\/a> platforme er vokset hurtigt siden Omegle's lukning. Nye apps og hjemmesider k\u00e6mper om at blive den n\u00e6ste store destination for tilf\u00e6ldige samtaler. AirTALK er et af de nye navne p\u00e5 dette omr\u00e5de og tilbyder \u00f8jeblikkelig en-til-en videochat med fremmede kombineret med et let, mobilvenligt design, der g\u00f8r det nemt at komme i kontakt med mennesker over hele verden.<\/p>\n<p>Men hvordan klarer AirTALK sig i 2025? Er det en \u00e6gte <a href=\"https:\/\/strangercam.com\/da\/omegle\/\">Omegle<\/a> alternativ, og bringer det noget nyt til bordet? I denne anmeldelse unders\u00f8ger vi alt, hvad du har brug for at vide om AirTALK: dets form\u00e5l, funktioner, m\u00e5lgruppe, sikkerhedsforanstaltninger, fordele og ulemper, og hvordan det sammenlignes med andre tilf\u00e6ldige videochatplatforme.<\/p>\n<h2>Hvad er AirTALK?<\/h2>\n<p>AirTALK er en tilf\u00e6ldig videochat-app og hjemmeside, der lader brugerne <a href=\"https:\/\/strangercam.com\/da\/coomeet\/\">m\u00f8des<\/a> fremmede med det samme gennem live en-til-en videoopkald. Ligesom Omegle og <a href=\"https:\/\/strangercam.com\/da\/chatroulette\/\">Chatroulette<\/a> F\u00f8r det kr\u00e6ver AirTALK ingen kompliceret tilmeldingsproces - du trykker bare for at starte, og s\u00e5 er du straks parret med en ny person.<\/p>\n<p>Den l\u00e6gger v\u00e6gt p\u00e5 enkelhed, anonymitet og hastighed. I mods\u00e6tning til sociale apps, hvor profiler og algoritmer dominerer, holder AirTALK fokus p\u00e5 live, uskriptet interaktion. Designet er slankt, indl\u00e6sningstiderne er hurtige, og mobiloptimeringen g\u00f8r det nemt at bruge p\u00e5 farten.<\/p>\n<h2>Hvad er form\u00e5let med AirTALK?<\/h2>\n<p>AirTALKs mission er at g\u00f8re global kommunikation ubesv\u00e6ret og sjov. Platformen er til for folk, der:<\/p>\n<ul>\n<li>Vil du have et anonymt alternativ til Omegle uden dikkedarer?<\/li>\n<li>Nyd at m\u00f8de fremmede i videochat i realtid<\/li>\n<li>Foretr\u00e6kker hurtige, spontane samtaler frem for kuraterede sociale feeds<\/li>\n<li>Er p\u00e5 udkig efter en sjov, sikker og gratis kedsomhedsbryder<\/li>\n<\/ul>\n<p>T\u00e6nk p\u00e5 AirTALK som et virtuelt m\u00f8dested, hvor du aldrig ved, hvem du m\u00f8der n\u00e6ste gang - perfekt til at chatte, \u00f8ve sprog, f\u00e5 venner eller bare nyde uskriptet interaktion.<\/p>\n<h2>Vigtige funktioner<\/h2>\n<p>1. \u00d8jeblikkelig tilf\u00e6ldig videochat<br \/>\nKernefunktionen er en-til-en live videochat. Du bliver \u00f8jeblikkeligt parret med en anden onlinebruger til en privat samtale. Ingen ventev\u00e6relser, ingen k\u00f8er - bare hurtig matchning.<\/p>\n<p>2. Spring over\/n\u00e6ste knap<br \/>\nNyder du ikke chatten? Tryk p\u00e5 \"N\u00e6ste\" for at komme videre med det samme. Spring over-funktionen g\u00f8r det hurtigt og problemfrit at gennemse samtaler.<\/p>\n<p>3. Mulighed for tekstchat<br \/>\nAirTALK underst\u00f8tter ogs\u00e5 tekstbaserede beskeder sammen med video. Det er nyttigt til at bryde isen, overvinde sprogbarrierer, eller n\u00e5r du ikke vil t\u00e6nde for mikrofonen.<\/p>\n<p>4. Ingen registrering p\u00e5kr\u00e6vet<br \/>\nDu beh\u00f8ver ikke at oprette en konto eller dele personlige oplysninger. AirTALK er bygget til anonymitet, s\u00e5 brugerne kan g\u00e5 direkte i gang med at chatte.<\/p>\n<p>5. Mobil- og skrivebordsvenlig<br \/>\nPlatformen er designet med en mobil-f\u00f8rst-tilgang, men fungerer lige s\u00e5 godt p\u00e5 computeren. Uanset om du bruger din telefon eller laptop, tilpasser gr\u00e6nsefladen sig for at give en optimeret oplevelse.<\/p>\n<p>6. Let og moderne design<br \/>\nAirTALK har en ren, minimalistisk brugerflade. Videovinduerne er store og tydelige, og kontrollerne - skip, mute, report - er nemme at finde.<\/p>\n<p>7. Sikkerheds- og rapporteringsv\u00e6rkt\u00f8jer<br \/>\nHver chat indeholder en rapporteringsknap, s\u00e5 brugerne kan markere upassende adf\u00e6rd. Moderatorer og AI-baserede filtre hj\u00e6lper med at h\u00e5ndh\u00e6ve f\u00e6llesskabets regler.<\/p>\n<h2>Er AirTALK gratis?<\/h2>\n<p>Ja, AirTALK er helt gratis at bruge. Alle de vigtigste funktioner - videochat, tekstchat, spring over og rapportering - er tilg\u00e6ngelige uden omkostninger.<\/p>\n<p>Det er der:<\/p>\n<ul>\n<li>Ingen abonnementer<\/li>\n<li>Ingen token-systemer<\/li>\n<li>Ingen skjulte betalingsmure<\/li>\n<\/ul>\n<p>Platformen kan vise lette reklamer for at d\u00e6kke driftsomkostninger, men de forstyrrer ikke chatoplevelsen.<\/p>\n<h2>Hvem bruger AirTALK?<\/h2>\n<p>AirTALK tiltr\u00e6kker et mangfoldigt, internationalt publikum:<\/p>\n<ul>\n<li>Aldersgruppe: Prim\u00e6rt 18-35 (kun voksne, 18+)<\/li>\n<li>Brugertyper: Studerende, unge professionelle, rejsende og tilf\u00e6ldige chattere<\/li>\n<li>Geografi: Popul\u00e6r i USA, Europa, Sydamerika, Indien og Syd\u00f8stasien<\/li>\n<li>Motivationer: M\u00f8de nye venner, \u00f8ve sprog, tilf\u00e6ldig flirt, kulturel udveksling eller bare f\u00e5 tiden til at g\u00e5.<\/li>\n<\/ul>\n<p>P\u00e5 grund af den nye lancering er AirTALKs m\u00e5lgruppe yngre og teknisk kyndige, is\u00e6r dem, der tidligere har brugt Omegle og nu s\u00f8ger alternativer.<\/p>\n<h2>Sikkerhed, privatliv og moderation<\/h2>\n<p>AirTALK l\u00e6gger stor v\u00e6gt p\u00e5 brugernes sikkerhed og privatliv.<\/p>\n<h3>Privatlivets fred<\/h3>\n<ul>\n<li>Ingen personlige oplysninger, e-mails eller telefonnumre kr\u00e6ves<\/li>\n<li>Chats bliver ikke optaget eller gemt<\/li>\n<li>Brugerne forbliver anonyme, medmindre de v\u00e6lger at dele oplysninger.<\/li>\n<\/ul>\n<h3>Moderation<\/h3>\n<ul>\n<li>Rapportering i chatten: Marker \u00f8jeblikkeligt voldelig eller upassende adf\u00e6rd<\/li>\n<li>AI-drevne filtre: Opdag eksplicit indhold og bloker kr\u00e6nkere<\/li>\n<li>Menneskelig moderation: Gennemg\u00e5 rapporter og h\u00e5ndh\u00e6v forbud mod gentagne lovovertr\u00e6dere<\/li>\n<\/ul>\n<h3>Tips om sikkerhed<\/h3>\n<ul>\n<li>Del ikke f\u00f8lsomme oplysninger (navn, adresse, sociale medier)<\/li>\n<li>Afslut enhver chat, der f\u00f8les ubehagelig<\/li>\n<li>Brug \"Spring over\" og \"Rapporter\" for at holde din oplevelse positiv<\/li>\n<\/ul>\n<h2>Brugeroplevelse og design<\/h2>\n<p>AirTALK giver en smidig og behagelig brugeroplevelse:<\/p>\n<ul>\n<li>Hjemmeside: Enkelt layout med en stor \"Start chat\"-knap og retningslinjer for f\u00e6llesskabet<\/li>\n<li>Gr\u00e6nseflade til videochat: Skarpe videovinduer med intuitiv kontrol til at springe over og sl\u00e5 lyden fra<\/li>\n<li>Mobil optimering: K\u00f8rer hurtigt p\u00e5 telefoner, med responsivt design til alle sk\u00e6rmst\u00f8rrelser<\/li>\n<li>Ydeevne: Minimal forsinkelse, hurtige indl\u00e6sningstider og s\u00f8ml\u00f8se overgange mellem chats<\/li>\n<\/ul>\n<p>Sammenlignet med \u00e6ldre, klodsede tilf\u00e6ldige chatsider f\u00f8les AirTALK let, moderne og poleret.<\/p>\n<h2>AirTALK vs. andre tilf\u00e6ldige chatplatforme<\/h2>\n<p>Hvordan er AirTALK sammenlignet med andre Omegle-alternativer?<\/p>\n<table>\n<thead>\n<tr>\n<th>Funktion<\/th>\n<th>AirTALK<\/th>\n<th>Omegle (lukket)<\/th>\n<th>Ohmegle<\/th>\n<th>Lotta<\/th>\n<th>MatchPub<\/th>\n<th><a href=\"https:\/\/strangercam.com\/da\/ometv\/\">OmeTV<\/a><\/th>\n<th>Chato<\/th>\n<\/tr>\n<\/thead>\n<tbody>\n<tr>\n<td>Videochat<\/td>\n<td>Ja<\/td>\n<td>Ja<\/td>\n<td>Ja<\/td>\n<td>Ja<\/td>\n<td>Ja<\/td>\n<td>Ja<\/td>\n<td>Ja<\/td>\n<\/tr>\n<tr>\n<td>Tekst-chat<\/td>\n<td>Ja<\/td>\n<td>Ja<\/td>\n<td>Ja<\/td>\n<td>Ja<\/td>\n<td>Ja<\/td>\n<td>Ja<\/td>\n<td>Ja<\/td>\n<\/tr>\n<tr>\n<td>Tilmelding n\u00f8dvendig<\/td>\n<td>Nej<\/td>\n<td>Nej<\/td>\n<td>Nej<\/td>\n<td>Nej<\/td>\n<td>Nej<\/td>\n<td>Nej<\/td>\n<td>Nej<\/td>\n<\/tr>\n<tr>\n<td>Mobil support<\/td>\n<td>Fremragende<\/td>\n<td>D\u00e5rlig<\/td>\n<td>Fremragende<\/td>\n<td>Fremragende<\/td>\n<td>Fremragende<\/td>\n<td>God<\/td>\n<td>Fremragende<\/td>\n<\/tr>\n<tr>\n<td>Filtre for k\u00f8n\/region<\/td>\n<td>Nej<\/td>\n<td>Nej<\/td>\n<td>Nej<\/td>\n<td>Nej<\/td>\n<td>Nej<\/td>\n<td>Betalt<\/td>\n<td>Nej<\/td>\n<\/tr>\n<tr>\n<td>Moderationsv\u00e6rkt\u00f8jer<\/td>\n<td>St\u00e6rk<\/td>\n<td>Svag<\/td>\n<td>Moderat<\/td>\n<td>God<\/td>\n<td>God<\/td>\n<td>St\u00e6rk<\/td>\n<td>God<\/td>\n<\/tr>\n<tr>\n<td>Gratis at bruge<\/td>\n<td>Ja<\/td>\n<td>Ja<\/td>\n<td>Ja<\/td>\n<td>Ja<\/td>\n<td>Ja<\/td>\n<td>Ja\/betalt<\/td>\n<td>Ja<\/td>\n<\/tr>\n<\/tbody>\n<\/table>\n<p>Resum\u00e9: AirTALK er t\u00e6ttest p\u00e5 Lotta, MatchPub og Chato - hurtig, enkel, gratis og anonym. I mods\u00e6tning til OmeTV tilbyder den ikke premium-filtre, men dens rene design og smidige mobilsupport f\u00e5r den til at skille sig ud.<\/p>\n<h2>Fordele og ulemper<\/h2>\n<p>Fordele:<\/p>\n<ul>\n<li>Gratis og anonymt, ingen tilmelding n\u00f8dvendig<\/li>\n<li>Hurtige, glatte video- og tekstchatforbindelser<\/li>\n<li>Let og moderne brugerflade<\/li>\n<li>Mobiloptimeret design<\/li>\n<li>Global, mangfoldig brugerbase<\/li>\n<li>Effektive spring- og rapportfunktioner<\/li>\n<\/ul>\n<p>Ulemper:<\/p>\n<ul>\n<li>Ingen k\u00f8ns- eller stedsfiltre<\/li>\n<li>Lejlighedsvis eksponering for upassende adf\u00e6rd (f\u00e6lles for alle anonyme chatsider)<\/li>\n<li>Flere mandlige end kvindelige brugere<\/li>\n<li>Ingen brugerprofiler, vennelister eller mulighed for at genoptage kontakten med tidligere brugere<\/li>\n<li>F\u00e6llesskabet vokser stadig i forhold til st\u00f8rre alternativer<\/li>\n<\/ul>\n<h2>Ideelle brugsscenarier<\/h2>\n<p>AirTALK er perfekt til:<\/p>\n<ul>\n<li>Fans af Omegle og Chatroulette p\u00e5 udkig efter en moderne erstatning<\/li>\n<li>Folk, der s\u00f8ger hurtige, anonyme samtaler uden registrering<\/li>\n<li>Studerende og rejsende, der nyder kulturel udveksling<\/li>\n<li>Sprogelever \u00f8ver sig med rigtige mennesker over hele verden<\/li>\n<li>Mobile first-brugere vil have smidig videochat p\u00e5 farten<\/li>\n<\/ul>\n<p>Mindre ideel til:<\/p>\n<ul>\n<li>Brugere under 18 \u00e5r (kun voksne)<\/li>\n<li>Dem, der s\u00f8ger dating-fokuserede filtre eller kuraterede matches<\/li>\n<li>Folk, der \u00f8nsker langsigtede forbindelser eller vennelister<\/li>\n<\/ul>\n<p>AirTALK er et af de mest lovende nye Omegle-alternativer i 2025. Den tilbyder hurtige, anonyme og gratis en-til-en-videochats i en ren, mobilvenlig pakke. Med solid beskyttelse af privatlivets fred og brugervenlige rapporteringsv\u00e6rkt\u00f8jer f\u00f8les det sikrere og mere poleret end mange \u00e6ldre platforme.<\/p>\n<p>Hvis du er p\u00e5 udkig efter en moderne, p\u00e5lidelig m\u00e5de at chatte med fremmede p\u00e5 verdensplan - hvad enten det er for sjov, sprog\u00f8velse eller afslappet samtale - er AirTALK absolut et fors\u00f8g v\u00e6rd.<\/p>","protected":false},"excerpt":{"rendered":"<p>The demand for fast, anonymous, and spontaneous video chat platforms has grown rapidly since Omegle\u2019s shutdown. New apps and websites are racing to become the next big destination for random conversations. AirTALK is one of the fresh names in this space\u2014offering instant one-on-one video chat with strangers, combined with a lightweight, mobile-friendly design that makes [&hellip;]<\/p>\n","protected":false},"author":6,"featured_media":0,"parent":0,"menu_order":0,"comment_status":"closed","ping_status":"closed","template":"","meta":{"footnotes":""},"class_list":["post-13024","page","type-page","status-publish","hentry"],"yoast_head":"<!-- This site is optimized with the Yoast SEO plugin v27.4 - https:\/\/yoast.com\/product\/yoast-seo-wordpress\/ -->\n<title>AirTALK - Voice Call with Strangers - StrangerCam.com<\/title>\n<meta name=\"description\" content=\"Like AirTALK? Come chat with more than 5.000.000 strangers on Strangercam for Free! Turn on your cam and find new friends &amp; maby a match!\" \/>\n<meta name=\"robots\" content=\"index, follow, max-snippet:-1, max-image-preview:large, max-video-preview:-1\" \/>\n<link rel=\"canonical\" href=\"https:\/\/strangercam.com\/da\/airtalk\/\" \/>\n<meta property=\"og:locale\" content=\"da_DK\" \/>\n<meta property=\"og:type\" content=\"article\" \/>\n<meta property=\"og:title\" content=\"AirTALK - Voice Call with Strangers - StrangerCam.com\" \/>\n<meta property=\"og:description\" content=\"Like AirTALK? Come chat with more than 5.000.000 strangers on Strangercam for Free! Turn on your cam and find new friends &amp; maby a match!\" \/>\n<meta property=\"og:url\" content=\"https:\/\/strangercam.com\/da\/airtalk\/\" \/>\n<meta property=\"og:site_name\" content=\"Strangercam\" \/>\n<meta property=\"article:publisher\" content=\"https:\/\/www.facebook.com\/strangercam\" \/>\n<meta property=\"article:modified_time\" content=\"2025-09-10T09:58:57+00:00\" \/>\n<meta property=\"og:image\" content=\"https:\/\/strangercam.com\/wp-content\/uploads\/2021\/10\/Untitled-2.png\" \/>\n\t<meta property=\"og:image:width\" content=\"800\" \/>\n\t<meta property=\"og:image:height\" content=\"532\" \/>\n\t<meta property=\"og:image:type\" content=\"image\/png\" \/>\n<meta name=\"twitter:card\" content=\"summary_large_image\" \/>\n<meta name=\"twitter:site\" content=\"@strangercamapp\" \/>\n<meta name=\"twitter:label1\" content=\"Estimeret l\u00e6setid\" \/>\n\t<meta name=\"twitter:data1\" content=\"5 minutter\" \/>\n<script type=\"application\/ld+json\" class=\"yoast-schema-graph\">{\"@context\":\"https:\\\/\\\/schema.org\",\"@graph\":[{\"@type\":\"WebPage\",\"@id\":\"https:\\\/\\\/strangercam.com\\\/airtalk\\\/\",\"url\":\"https:\\\/\\\/strangercam.com\\\/airtalk\\\/\",\"name\":\"AirTALK - Voice Call with Strangers - StrangerCam.com\",\"isPartOf\":{\"@id\":\"https:\\\/\\\/strangercam.com\\\/#website\"},\"datePublished\":\"2025-09-10T09:58:44+00:00\",\"dateModified\":\"2025-09-10T09:58:57+00:00\",\"description\":\"Like AirTALK? Come chat with more than 5.000.000 strangers on Strangercam for Free! Turn on your cam and find new friends & maby a match!\",\"breadcrumb\":{\"@id\":\"https:\\\/\\\/strangercam.com\\\/airtalk\\\/#breadcrumb\"},\"inLanguage\":\"da-DK\",\"potentialAction\":[{\"@type\":\"ReadAction\",\"target\":[\"https:\\\/\\\/strangercam.com\\\/airtalk\\\/\"]}]},{\"@type\":\"BreadcrumbList\",\"@id\":\"https:\\\/\\\/strangercam.com\\\/airtalk\\\/#breadcrumb\",\"itemListElement\":[{\"@type\":\"ListItem\",\"position\":1,\"name\":\"Home\",\"item\":\"https:\\\/\\\/strangercam.com\\\/\"},{\"@type\":\"ListItem\",\"position\":2,\"name\":\"AirTALK\"}]},{\"@type\":\"WebSite\",\"@id\":\"https:\\\/\\\/strangercam.com\\\/#website\",\"url\":\"https:\\\/\\\/strangercam.com\\\/\",\"name\":\"Strangercam\",\"description\":\"Random Video Chat with Strangers\",\"publisher\":{\"@id\":\"https:\\\/\\\/strangercam.com\\\/#organization\"},\"alternateName\":\"Strangercam.com\",\"potentialAction\":[{\"@type\":\"SearchAction\",\"target\":{\"@type\":\"EntryPoint\",\"urlTemplate\":\"https:\\\/\\\/strangercam.com\\\/?s={search_term_string}\"},\"query-input\":{\"@type\":\"PropertyValueSpecification\",\"valueRequired\":true,\"valueName\":\"search_term_string\"}}],\"inLanguage\":\"da-DK\"},{\"@type\":\"Organization\",\"@id\":\"https:\\\/\\\/strangercam.com\\\/#organization\",\"name\":\"Strangercam\",\"alternateName\":\"Strangercam.com\",\"url\":\"https:\\\/\\\/strangercam.com\\\/\",\"logo\":{\"@type\":\"ImageObject\",\"inLanguage\":\"da-DK\",\"@id\":\"https:\\\/\\\/strangercam.com\\\/#\\\/schema\\\/logo\\\/image\\\/\",\"url\":\"https:\\\/\\\/strangercam.com\\\/wp-content\\\/uploads\\\/2020\\\/11\\\/cropped-new-favicon-black.png\",\"contentUrl\":\"https:\\\/\\\/strangercam.com\\\/wp-content\\\/uploads\\\/2020\\\/11\\\/cropped-new-favicon-black.png\",\"width\":512,\"height\":512,\"caption\":\"Strangercam\"},\"image\":{\"@id\":\"https:\\\/\\\/strangercam.com\\\/#\\\/schema\\\/logo\\\/image\\\/\"},\"sameAs\":[\"https:\\\/\\\/www.facebook.com\\\/strangercam\",\"https:\\\/\\\/x.com\\\/strangercamapp\"]}]}<\/script>\n<!-- \/ Yoast SEO plugin. -->","yoast_head_json":{"title":"AirTALK - Stemmeopkald med fremmede - StrangerCam.com","description":"Kan du lide AirTALK? Kom og chat med mere end 5.000.000 fremmede p\u00e5 Strangercam helt gratis! T\u00e6nd for dit kamera og find nye venner og m\u00e5ske et match!","robots":{"index":"index","follow":"follow","max-snippet":"max-snippet:-1","max-image-preview":"max-image-preview:large","max-video-preview":"max-video-preview:-1"},"canonical":"https:\/\/strangercam.com\/da\/airtalk\/","og_locale":"da_DK","og_type":"article","og_title":"AirTALK - Voice Call with Strangers - StrangerCam.com","og_description":"Like AirTALK? Come chat with more than 5.000.000 strangers on Strangercam for Free! Turn on your cam and find new friends & maby a match!","og_url":"https:\/\/strangercam.com\/da\/airtalk\/","og_site_name":"Strangercam","article_publisher":"https:\/\/www.facebook.com\/strangercam","article_modified_time":"2025-09-10T09:58:57+00:00","og_image":[{"width":800,"height":532,"url":"https:\/\/strangercam.com\/wp-content\/uploads\/2021\/10\/Untitled-2.png","type":"image\/png"}],"twitter_card":"summary_large_image","twitter_site":"@strangercamapp","twitter_misc":{"Estimeret l\u00e6setid":"5 minutter"},"schema":{"@context":"https:\/\/schema.org","@graph":[{"@type":"WebPage","@id":"https:\/\/strangercam.com\/airtalk\/","url":"https:\/\/strangercam.com\/airtalk\/","name":"AirTALK - Stemmeopkald med fremmede - StrangerCam.com","isPartOf":{"@id":"https:\/\/strangercam.com\/#website"},"datePublished":"2025-09-10T09:58:44+00:00","dateModified":"2025-09-10T09:58:57+00:00","description":"Kan du lide AirTALK? Kom og chat med mere end 5.000.000 fremmede p\u00e5 Strangercam helt gratis! T\u00e6nd for dit kamera og find nye venner og m\u00e5ske et match!","breadcrumb":{"@id":"https:\/\/strangercam.com\/airtalk\/#breadcrumb"},"inLanguage":"da-DK","potentialAction":[{"@type":"ReadAction","target":["https:\/\/strangercam.com\/airtalk\/"]}]},{"@type":"BreadcrumbList","@id":"https:\/\/strangercam.com\/airtalk\/#breadcrumb","itemListElement":[{"@type":"ListItem","position":1,"name":"Home","item":"https:\/\/strangercam.com\/"},{"@type":"ListItem","position":2,"name":"AirTALK"}]},{"@type":"WebSite","@id":"https:\/\/strangercam.com\/#website","url":"https:\/\/strangercam.com\/","name":"Strangercam","description":"Tilf\u00e6ldig videochat med fremmede","publisher":{"@id":"https:\/\/strangercam.com\/#organization"},"alternateName":"Strangercam.com","potentialAction":[{"@type":"SearchAction","target":{"@type":"EntryPoint","urlTemplate":"https:\/\/strangercam.com\/?s={search_term_string}"},"query-input":{"@type":"PropertyValueSpecification","valueRequired":true,"valueName":"search_term_string"}}],"inLanguage":"da-DK"},{"@type":"Organization","@id":"https:\/\/strangercam.com\/#organization","name":"Strangercam","alternateName":"Strangercam.com","url":"https:\/\/strangercam.com\/","logo":{"@type":"ImageObject","inLanguage":"da-DK","@id":"https:\/\/strangercam.com\/#\/schema\/logo\/image\/","url":"https:\/\/strangercam.com\/wp-content\/uploads\/2020\/11\/cropped-new-favicon-black.png","contentUrl":"https:\/\/strangercam.com\/wp-content\/uploads\/2020\/11\/cropped-new-favicon-black.png","width":512,"height":512,"caption":"Strangercam"},"image":{"@id":"https:\/\/strangercam.com\/#\/schema\/logo\/image\/"},"sameAs":["https:\/\/www.facebook.com\/strangercam","https:\/\/x.com\/strangercamapp"]}]}},"_links":{"self":[{"href":"https:\/\/strangercam.com\/da\/wp-json\/wp\/v2\/pages\/13024","targetHints":{"allow":["GET"]}}],"collection":[{"href":"https:\/\/strangercam.com\/da\/wp-json\/wp\/v2\/pages"}],"about":[{"href":"https:\/\/strangercam.com\/da\/wp-json\/wp\/v2\/types\/page"}],"author":[{"embeddable":true,"href":"https:\/\/strangercam.com\/da\/wp-json\/wp\/v2\/users\/6"}],"replies":[{"embeddable":true,"href":"https:\/\/strangercam.com\/da\/wp-json\/wp\/v2\/comments?post=13024"}],"version-history":[{"count":1,"href":"https:\/\/strangercam.com\/da\/wp-json\/wp\/v2\/pages\/13024\/revisions"}],"predecessor-version":[{"id":13025,"href":"https:\/\/strangercam.com\/da\/wp-json\/wp\/v2\/pages\/13024\/revisions\/13025"}],"wp:attachment":[{"href":"https:\/\/strangercam.com\/da\/wp-json\/wp\/v2\/media?parent=13024"}],"curies":[{"name":"wp","href":"https:\/\/api.w.org\/{rel}","templated":true}]}}