{"id":13022,"date":"2025-09-10T11:55:23","date_gmt":"2025-09-10T09:55:23","guid":{"rendered":"https:\/\/strangercam.com\/?page_id=13022"},"modified":"2025-09-10T11:55:34","modified_gmt":"2025-09-10T09:55:34","slug":"buzzcast","status":"publish","type":"page","link":"https:\/\/strangercam.com\/da\/buzzcast\/","title":{"rendered":"Buzzcast"},"content":{"rendered":"<p>Gr\u00e6nsen mellem tilf\u00e6ldig video <a href=\"https:\/\/strangercam.com\/da\/chatroulette\/\">chat<\/a>, Der sker en stadig st\u00f8rre sammenblanding af livestreaming og sociale netv\u00e6rk. BuzzCast er et godt eksempel p\u00e5 denne tendens - en social videoplatform, hvor brugerne kan livestreame, finde nye venner, deltage i tilf\u00e6ldige videochats og interagere gennem gaver og f\u00e6llesskaber. BuzzCast blev oprindeligt lanceret som en livestreaming-app og er vokset til en fuldgyldig social opdagelsesplatform med millioner af brugere over hele verden.<\/p>\n<p>Men er BuzzCast din tid v\u00e6rd i 2025? Hvordan klarer den sig i forhold til andre apps som Bigo Live, Azar eller Monkey? I denne detaljerede gennemgang unders\u00f8ger vi, hvad BuzzCast tilbyder, hvem den er til, og om den virkelig skiller sig ud p\u00e5 det altid overfyldte marked for social chat.<\/p>\n<h2>Hvad er BuzzCast?<\/h2>\n<p>BuzzCast er en mobilbaseret livestreaming- og videochat-app, der er tilg\u00e6ngelig p\u00e5 iOS og Android. Platformen kombinerer elementer af streaming i Twitch-stil, korte videoer i TikTok-stil og tilf\u00e6ldig chat i Omegle-stil. Det kan brugerne:<\/p>\n<ul>\n<li>V\u00e6r v\u00e6rt for live-udsendelser og interager med seerne i realtid<\/li>\n<li>Se og deltag i livestreams fra hele verden<\/li>\n<li>Join tilf\u00e6ldige en-til-en videochats til <a href=\"https:\/\/strangercam.com\/da\/coomeet\/\">m\u00f8des<\/a> nye mennesker<\/li>\n<li>Send og modtag virtuelle gaver for at st\u00f8tte streamere eller g\u00f8re samtaler mere engagerende<\/li>\n<\/ul>\n<p>Appen brander sig selv som et socialt opdagelsesnetv\u00e6rk, ikke bare et kommunikationsv\u00e6rkt\u00f8j. Den opfordrer folk til at vise deres talenter, personligheder og livsstile frem gennem live-video.<\/p>\n<h2>Hvad er form\u00e5let med BuzzCast?<\/h2>\n<p>BuzzCasts mission er at skabe en global scene for interaktion, kreativitet og forbindelse. Det bygger bro mellem social underholdning og kommunikation ved at:<\/p>\n<ul>\n<li>At give alle v\u00e6rkt\u00f8jer til at sende sig selv til et verdensomsp\u00e6ndende publikum<\/li>\n<li>Tillader brugere at forbinde sig tilf\u00e6ldigt med fremmede til spontane chats<\/li>\n<li>Oprettelse af et system til indt\u00e6gtsgenerering, hvor streamere kan tjene penge gennem gaver<\/li>\n<li>Tilbyder et mere interaktivt, personligt alternativ til TikTok eller Instagram<\/li>\n<\/ul>\n<p>Det er en app, der er designet b\u00e5de til indholdsskabere og til sociale opdagelsesrejsende - dem, der b\u00e5de vil se og deltage.<\/p>\n<h2>Vigtige funktioner<\/h2>\n<p>1. Direkte streaming<br \/>\nHjertet i BuzzCast er dens livestreaming-funktion. Brugerne kan sende sig selv, optr\u00e6de, chatte eller bare dele deres dagligdag, mens seerne kan kommentere og sende gaver.<\/p>\n<p>2. Tilf\u00e6ldig en-til-en videochat<br \/>\nFor dem, der foretr\u00e6kker spontane samtaler, indeholder BuzzCast en tilf\u00e6ldig videochattilstand, der ligner <a href=\"https:\/\/strangercam.com\/da\/omegle\/\">Omegle<\/a> eller Azar. Med et enkelt klik er du parret med en ny person til en privat cam-to-cam chat.<\/p>\n<p>3. Virtuelle gaver og m\u00f8nter<br \/>\nBuzzCast bruger et virtuelt valutasystem. Seerne kan k\u00f8be m\u00f8nter og bruge dem til at sende gaver (som emojis, animationer eller virtuelle genstande) til streamere. Popul\u00e6re streamere kan konvertere disse til indtjening i den virkelige verden.<\/p>\n<p>4. Sociale profiler<br \/>\nHver bruger har en profil med fotos, videoer og personlige oplysninger. Det g\u00f8r BuzzCast til en hybrid mellem en dating-app og en live-streaming-platform, da man kan f\u00f8lge, sende beskeder og interagere ud over live-chats.<\/p>\n<p>5. Korte videoer og klip<br \/>\nUd over livestreaming underst\u00f8tter BuzzCast upload af korte klip, ligesom TikTok, hvilket g\u00f8r det nemt for brugerne at f\u00e5 opm\u00e6rksomhed og udvide deres f\u00f8lgerskare.<\/p>\n<p>6. Integration af tekstchat<br \/>\nUd over video kan brugerne sende tekstbeskeder, emojis og klisterm\u00e6rker for at holde samtalerne livlige.<\/p>\n<p>7. Global r\u00e6kkevidde<br \/>\nBuzzCast forbinder brugere fra hele verden. Med sprogbarrierer, der lettes af emojis, video og live-overs\u00e6ttelsesv\u00e6rkt\u00f8jer, er det en \u00e6gte international <a href=\"https:\/\/strangercam.com\/da\/chathub\/\">knudepunkt<\/a>.<\/p>\n<h2>Er BuzzCast gratis?<\/h2>\n<p>Ja, BuzzCast er gratis at downloade og bruge. Du kan se streams, deltage i chats og interagere uden at betale.<\/p>\n<p>Appens indtjeningssystem er dog bygget op omkring k\u00f8b i appen:<\/p>\n<ul>\n<li>K\u00f8b af m\u00f8nter for at sende virtuelle gaver<\/li>\n<li>L\u00e5se op for visse premium chat-funktioner<\/li>\n<li>\u00d8ger profilens synlighed<\/li>\n<\/ul>\n<p>Streamere drager fordel af disse k\u00f8b ved at tjene rigtige penge, hvilket skaber en livlig \u00f8konomi i appen.<\/p>\n<h2>Hvem bruger BuzzCast?<\/h2>\n<p>BuzzCasts publikum er mangfoldigt, men tendensen g\u00e5r i retning af yngre, socialt aktive brugere:<\/p>\n<ul>\n<li>Aldersgruppe: Prim\u00e6rt 18-30 \u00e5r, men voksne i alle aldre deltager.<\/li>\n<li>Global r\u00e6kkevidde: Popul\u00e6r i Asien, Mellem\u00f8sten, Nordamerika og dele af Europa.<\/li>\n<li>Brugerbase:\n<ul>\n<li>Seere: Folk, der leder efter underholdning, musik, livsstil eller sociale str\u00f8mme<\/li>\n<li>Skabere: Streamere, der deler talenter, chatter eller opbygger f\u00e6llesskaber<\/li>\n<li>Sociale opdagelsesrejsende: Brugere, der \u00f8nsker tilf\u00e6ldige en-til-en-chats eller afslappede globale samtaler<\/li>\n<\/ul>\n<\/li>\n<\/ul>\n<p>BuzzCast appellerer til dem, der nyder TikToks kreativitet, Omegles spontanitet og Bigo Lives interaktive live-kultur - alt sammen i \u00e9n app.<\/p>\n<h2>Sikkerhed, privatliv og moderation<\/h2>\n<p>BuzzCast indarbejder flere foranstaltninger for at holde platformen sikker og venlig:<\/p>\n<h3>Privatlivets fred<\/h3>\n<ul>\n<li>Konti kr\u00e6ver grundl\u00e6ggende registrering (e-mail, telefon eller socialt login)<\/li>\n<li>Brugere kan styre, hvad der vises p\u00e5 deres profil<\/li>\n<li>Private samtaler vises ikke offentligt<\/li>\n<\/ul>\n<h3>Moderation<\/h3>\n<ul>\n<li>AI-v\u00e6rkt\u00f8jer opdager n\u00f8genhed, st\u00f8dende sprog og spam<\/li>\n<li>Rapporteringsfunktioner giver brugerne mulighed for at markere upassende adf\u00e6rd<\/li>\n<li>Menneskelige moderatorer gennemg\u00e5r markeret indhold og h\u00e5ndh\u00e6ver forbud<\/li>\n<\/ul>\n<h3>Tips om sikkerhed<\/h3>\n<ul>\n<li>Del ikke f\u00f8lsomme personlige oplysninger under livestreams eller chats<\/li>\n<li>Brug blokerings- og rapporteringsv\u00e6rkt\u00f8jerne, hvis nogen er voldelige eller upassende<\/li>\n<li>Husk, at gaver involverer rigtige penge - brug dem ansvarligt<\/li>\n<\/ul>\n<h2>Brugeroplevelse og design<\/h2>\n<p>BuzzCast har et lyst, moderne og underholdningsdrevet design:<\/p>\n<ul>\n<li>Hjemmeside: Indeholder popul\u00e6re streams, anbefalede skabere og hurtig adgang til videochat<\/li>\n<li>Streaming-gr\u00e6nseflade: Stort videovindue med live-kommentarer og en gavebar for nem interaktion<\/li>\n<li>Chat-gr\u00e6nseflade: Enkel kontrol til at starte, springe over eller rapportere en samtale<\/li>\n<li>Ydeevne: J\u00e6vn streaming og videochat p\u00e5 b\u00e5de Wi-Fi og mobildata med minimal forsinkelse<\/li>\n<li>F\u00f8rst og fremmest mobil: Optimeret til iOS og Android med hyppige opdateringer og fejlrettelser<\/li>\n<\/ul>\n<p>Appen kombinerer \u00e6stetik fra sociale netv\u00e6rk med underholdningsfunktioner, hvilket g\u00f8r den engagerende uden at v\u00e6re overv\u00e6ldende.<\/p>\n<h2>BuzzCast vs. andre platforme<\/h2>\n<p>Hvordan er BuzzCast sammenlignet med andre apps til livestreaming og tilf\u00e6ldig chat?<\/p>\n<table>\n<thead>\n<tr>\n<th>Funktion<\/th>\n<th>BuzzCast<\/th>\n<th>Bigo Live<\/th>\n<th>Azar<\/th>\n<th>Abe<\/th>\n<th>TikTok<\/th>\n<\/tr>\n<\/thead>\n<tbody>\n<tr>\n<td>Live streaming<\/td>\n<td>Ja<\/td>\n<td>Ja<\/td>\n<td>Nej<\/td>\n<td>Nej<\/td>\n<td>Ja<\/td>\n<\/tr>\n<tr>\n<td>Tilf\u00e6ldig videochat<\/td>\n<td>Ja<\/td>\n<td>Nej<\/td>\n<td>Ja<\/td>\n<td>Ja<\/td>\n<td>Nej<\/td>\n<\/tr>\n<tr>\n<td>System til virtuelle gaver<\/td>\n<td>Ja<\/td>\n<td>Ja<\/td>\n<td>Ja<\/td>\n<td>Begr\u00e6nset<\/td>\n<td>Ja<\/td>\n<\/tr>\n<tr>\n<td>Kort videoindhold<\/td>\n<td>Ja<\/td>\n<td>Nej<\/td>\n<td>Nej<\/td>\n<td>Nej<\/td>\n<td>Ja<\/td>\n<\/tr>\n<tr>\n<td>Sociale profiler<\/td>\n<td>Ja<\/td>\n<td>Ja<\/td>\n<td>Ja<\/td>\n<td>Ja<\/td>\n<td>Ja<\/td>\n<\/tr>\n<tr>\n<td>Gratis at bruge<\/td>\n<td>Ja<\/td>\n<td>Ja<\/td>\n<td>Ja<\/td>\n<td>Ja<\/td>\n<td>Ja<\/td>\n<\/tr>\n<tr>\n<td>Indt\u00e6gtsgenerering for skabere<\/td>\n<td>Ja<\/td>\n<td>Ja<\/td>\n<td>Ja<\/td>\n<td>Begr\u00e6nset<\/td>\n<td>Ja<\/td>\n<\/tr>\n<\/tbody>\n<\/table>\n<p>Resum\u00e9: BuzzCast kan bedst beskrives som en hybridplatform, der kombinerer funktioner fra Bigo Live og Azar med elementer fra TikTok. Denne blanding g\u00f8r den mere alsidig end apps med et enkelt form\u00e5l.<\/p>\n<h2>Fordele og ulemper<\/h2>\n<p>Fordele:<\/p>\n<ul>\n<li>Gratis at bruge med millioner af brugere over hele verden<\/li>\n<li>Kombinerer livestreaming, kort video og tilf\u00e6ldig chat i \u00e9n platform<\/li>\n<li>Virtuelle gaver giver skabere mulighed for at tjene penge<\/li>\n<li>Mobilvenlig, med j\u00e6vn ydeevne<\/li>\n<li>St\u00e6rkt f\u00e6llesskab og international r\u00e6kkevidde<\/li>\n<li>Sjovt, interaktivt design med klisterm\u00e6rker, emojis og sociale v\u00e6rkt\u00f8jer<\/li>\n<\/ul>\n<p>Ulemper:<\/p>\n<ul>\n<li>Stor v\u00e6gt p\u00e5 k\u00f8b i appen til gaver og boosting<\/li>\n<li>Noget indhold kan slippe forbi moderation<\/li>\n<li>Mere fokus p\u00e5 underholdning end ren anonym chat<\/li>\n<li>Kan v\u00e6re vanedannende p\u00e5 grund af gamification og indt\u00e6gtsgenerering<\/li>\n<li>Kr\u00e6ver registrering (ikke helt anonym som Omegle-alternativer)<\/li>\n<\/ul>\n<h2>Ideelle brugsscenarier<\/h2>\n<p>BuzzCast er perfekt til:<\/p>\n<ul>\n<li>H\u00e5befulde indholdsskabere, der vil streame og tjene p\u00e5 gaver<\/li>\n<li>Seere p\u00e5 udkig efter live-underholdning og social interaktion<\/li>\n<li>Voksne, der s\u00f8ger en blanding af tilf\u00e6ldige chats og struktureret social networking<\/li>\n<li>Fans af TikTok eller Bigo Live, som \u00f8nsker en mere interaktiv platform<\/li>\n<\/ul>\n<p>Mindre ideel til:<\/p>\n<ul>\n<li>Brugere, der \u00f8nsker en rent anonym videochat (som Omegle eller Lotta)<\/li>\n<li>Dem, der ikke kan lide k\u00f8b i appen eller virtuelle gave\u00f8konomier<\/li>\n<li>Folk p\u00e5 udkig efter professionelle kommunikationsv\u00e6rkt\u00f8jer<\/li>\n<\/ul>\n<p>BuzzCast er en af de mest alsidige sociale platforme i 2025, der kombinerer live streaming, tilf\u00e6ldig videochat og kort video i \u00e9n app. Dens blanding af underholdning og interaktion f\u00e5r den til at skille sig ud fra apps med et enkelt form\u00e5l, mens dens indtjeningsmodel sikrer, at skaberne forbliver engagerede.<\/p>\n<p>Hvis du vil have en app, der kombinerer spontaniteten i Omegle, det sjove i Monkey og kreativiteten i TikTok, er BuzzCast absolut v\u00e6rd at pr\u00f8ve. Uanset om du streamer, ser p\u00e5 eller bare er nysgerrig efter at m\u00f8de mennesker fra hele verden, leverer BuzzCast en livlig, moderne social oplevelse.<\/p>","protected":false},"excerpt":{"rendered":"<p>The line between random video chat, live streaming, and social networking is becoming increasingly blurred. BuzzCast is a prime example of this trend\u2014a social video platform where users can livestream, discover new friends, join random video chats, and interact through gifts and communities. Originally launched as a live streaming app, BuzzCast has grown into a [&hellip;]<\/p>\n","protected":false},"author":6,"featured_media":0,"parent":0,"menu_order":0,"comment_status":"closed","ping_status":"closed","template":"","meta":{"footnotes":""},"class_list":["post-13022","page","type-page","status-publish","hentry"],"yoast_head":"<!-- This site is optimized with the Yoast SEO plugin v26.9 - https:\/\/yoast.com\/product\/yoast-seo-wordpress\/ -->\n<title>Buzzcast - Live Stream, Live Video Chat - StrangerCam.com<\/title>\n<meta name=\"description\" content=\"Like Buzzcast? Come chat with more than 5.000.000 strangers on Strangercam for Free! Turn on your cam and find new friends &amp; maby a match!\" \/>\n<meta name=\"robots\" content=\"index, follow, max-snippet:-1, max-image-preview:large, max-video-preview:-1\" \/>\n<link rel=\"canonical\" href=\"https:\/\/strangercam.com\/da\/buzzcast\/\" \/>\n<meta property=\"og:locale\" content=\"da_DK\" \/>\n<meta property=\"og:type\" content=\"article\" \/>\n<meta property=\"og:title\" content=\"Buzzcast - Live Stream, Live Video Chat - StrangerCam.com\" \/>\n<meta property=\"og:description\" content=\"Like Buzzcast? Come chat with more than 5.000.000 strangers on Strangercam for Free! Turn on your cam and find new friends &amp; maby a match!\" \/>\n<meta property=\"og:url\" content=\"https:\/\/strangercam.com\/da\/buzzcast\/\" \/>\n<meta property=\"og:site_name\" content=\"Strangercam\" \/>\n<meta property=\"article:publisher\" content=\"https:\/\/www.facebook.com\/strangercam\" \/>\n<meta property=\"article:modified_time\" content=\"2025-09-10T09:55:34+00:00\" \/>\n<meta property=\"og:image\" content=\"https:\/\/strangercam.com\/wp-content\/uploads\/2021\/10\/Untitled-2.png\" \/>\n\t<meta property=\"og:image:width\" content=\"800\" \/>\n\t<meta property=\"og:image:height\" content=\"532\" \/>\n\t<meta property=\"og:image:type\" content=\"image\/png\" \/>\n<meta name=\"twitter:card\" content=\"summary_large_image\" \/>\n<meta name=\"twitter:site\" content=\"@strangercamapp\" \/>\n<meta name=\"twitter:label1\" content=\"Estimeret l\u00e6setid\" \/>\n\t<meta name=\"twitter:data1\" content=\"6 minutter\" \/>\n<script type=\"application\/ld+json\" class=\"yoast-schema-graph\">{\"@context\":\"https:\/\/schema.org\",\"@graph\":[{\"@type\":\"WebPage\",\"@id\":\"https:\/\/strangercam.com\/buzzcast\/\",\"url\":\"https:\/\/strangercam.com\/buzzcast\/\",\"name\":\"Buzzcast - Live Stream, Live Video Chat - StrangerCam.com\",\"isPartOf\":{\"@id\":\"https:\/\/strangercam.com\/#website\"},\"datePublished\":\"2025-09-10T09:55:23+00:00\",\"dateModified\":\"2025-09-10T09:55:34+00:00\",\"description\":\"Like Buzzcast? Come chat with more than 5.000.000 strangers on Strangercam for Free! Turn on your cam and find new friends & maby a match!\",\"breadcrumb\":{\"@id\":\"https:\/\/strangercam.com\/buzzcast\/#breadcrumb\"},\"inLanguage\":\"da-DK\",\"potentialAction\":[{\"@type\":\"ReadAction\",\"target\":[\"https:\/\/strangercam.com\/buzzcast\/\"]}]},{\"@type\":\"BreadcrumbList\",\"@id\":\"https:\/\/strangercam.com\/buzzcast\/#breadcrumb\",\"itemListElement\":[{\"@type\":\"ListItem\",\"position\":1,\"name\":\"Home\",\"item\":\"https:\/\/strangercam.com\/\"},{\"@type\":\"ListItem\",\"position\":2,\"name\":\"Buzzcast\"}]},{\"@type\":\"WebSite\",\"@id\":\"https:\/\/strangercam.com\/#website\",\"url\":\"https:\/\/strangercam.com\/\",\"name\":\"Strangercam\",\"description\":\"Random Video Chat with Strangers\",\"publisher\":{\"@id\":\"https:\/\/strangercam.com\/#organization\"},\"alternateName\":\"Strangercam.com\",\"potentialAction\":[{\"@type\":\"SearchAction\",\"target\":{\"@type\":\"EntryPoint\",\"urlTemplate\":\"https:\/\/strangercam.com\/?s={search_term_string}\"},\"query-input\":{\"@type\":\"PropertyValueSpecification\",\"valueRequired\":true,\"valueName\":\"search_term_string\"}}],\"inLanguage\":\"da-DK\"},{\"@type\":\"Organization\",\"@id\":\"https:\/\/strangercam.com\/#organization\",\"name\":\"Strangercam\",\"alternateName\":\"Strangercam.com\",\"url\":\"https:\/\/strangercam.com\/\",\"logo\":{\"@type\":\"ImageObject\",\"inLanguage\":\"da-DK\",\"@id\":\"https:\/\/strangercam.com\/#\/schema\/logo\/image\/\",\"url\":\"https:\/\/strangercam.com\/wp-content\/uploads\/2020\/11\/cropped-new-favicon-black.png\",\"contentUrl\":\"https:\/\/strangercam.com\/wp-content\/uploads\/2020\/11\/cropped-new-favicon-black.png\",\"width\":512,\"height\":512,\"caption\":\"Strangercam\"},\"image\":{\"@id\":\"https:\/\/strangercam.com\/#\/schema\/logo\/image\/\"},\"sameAs\":[\"https:\/\/www.facebook.com\/strangercam\",\"https:\/\/x.com\/strangercamapp\"]}]}<\/script>\n<!-- \/ Yoast SEO plugin. -->","yoast_head_json":{"title":"Buzzcast - Live stream, live videochat - StrangerCam.com","description":"Kan du lide Buzzcast? Kom og chat med mere end 5.000.000 fremmede p\u00e5 Strangercam helt gratis! T\u00e6nd for dit kamera og find nye venner og m\u00e5ske et match!","robots":{"index":"index","follow":"follow","max-snippet":"max-snippet:-1","max-image-preview":"max-image-preview:large","max-video-preview":"max-video-preview:-1"},"canonical":"https:\/\/strangercam.com\/da\/buzzcast\/","og_locale":"da_DK","og_type":"article","og_title":"Buzzcast - Live Stream, Live Video Chat - StrangerCam.com","og_description":"Like Buzzcast? Come chat with more than 5.000.000 strangers on Strangercam for Free! Turn on your cam and find new friends & maby a match!","og_url":"https:\/\/strangercam.com\/da\/buzzcast\/","og_site_name":"Strangercam","article_publisher":"https:\/\/www.facebook.com\/strangercam","article_modified_time":"2025-09-10T09:55:34+00:00","og_image":[{"width":800,"height":532,"url":"https:\/\/strangercam.com\/wp-content\/uploads\/2021\/10\/Untitled-2.png","type":"image\/png"}],"twitter_card":"summary_large_image","twitter_site":"@strangercamapp","twitter_misc":{"Estimeret l\u00e6setid":"6 minutter"},"schema":{"@context":"https:\/\/schema.org","@graph":[{"@type":"WebPage","@id":"https:\/\/strangercam.com\/buzzcast\/","url":"https:\/\/strangercam.com\/buzzcast\/","name":"Buzzcast - Live stream, live videochat - StrangerCam.com","isPartOf":{"@id":"https:\/\/strangercam.com\/#website"},"datePublished":"2025-09-10T09:55:23+00:00","dateModified":"2025-09-10T09:55:34+00:00","description":"Kan du lide Buzzcast? Kom og chat med mere end 5.000.000 fremmede p\u00e5 Strangercam helt gratis! T\u00e6nd for dit kamera og find nye venner og m\u00e5ske et match!","breadcrumb":{"@id":"https:\/\/strangercam.com\/buzzcast\/#breadcrumb"},"inLanguage":"da-DK","potentialAction":[{"@type":"ReadAction","target":["https:\/\/strangercam.com\/buzzcast\/"]}]},{"@type":"BreadcrumbList","@id":"https:\/\/strangercam.com\/buzzcast\/#breadcrumb","itemListElement":[{"@type":"ListItem","position":1,"name":"Home","item":"https:\/\/strangercam.com\/"},{"@type":"ListItem","position":2,"name":"Buzzcast"}]},{"@type":"WebSite","@id":"https:\/\/strangercam.com\/#website","url":"https:\/\/strangercam.com\/","name":"Strangercam","description":"Tilf\u00e6ldig videochat med fremmede","publisher":{"@id":"https:\/\/strangercam.com\/#organization"},"alternateName":"Strangercam.com","potentialAction":[{"@type":"SearchAction","target":{"@type":"EntryPoint","urlTemplate":"https:\/\/strangercam.com\/?s={search_term_string}"},"query-input":{"@type":"PropertyValueSpecification","valueRequired":true,"valueName":"search_term_string"}}],"inLanguage":"da-DK"},{"@type":"Organization","@id":"https:\/\/strangercam.com\/#organization","name":"Strangercam","alternateName":"Strangercam.com","url":"https:\/\/strangercam.com\/","logo":{"@type":"ImageObject","inLanguage":"da-DK","@id":"https:\/\/strangercam.com\/#\/schema\/logo\/image\/","url":"https:\/\/strangercam.com\/wp-content\/uploads\/2020\/11\/cropped-new-favicon-black.png","contentUrl":"https:\/\/strangercam.com\/wp-content\/uploads\/2020\/11\/cropped-new-favicon-black.png","width":512,"height":512,"caption":"Strangercam"},"image":{"@id":"https:\/\/strangercam.com\/#\/schema\/logo\/image\/"},"sameAs":["https:\/\/www.facebook.com\/strangercam","https:\/\/x.com\/strangercamapp"]}]}},"_links":{"self":[{"href":"https:\/\/strangercam.com\/da\/wp-json\/wp\/v2\/pages\/13022","targetHints":{"allow":["GET"]}}],"collection":[{"href":"https:\/\/strangercam.com\/da\/wp-json\/wp\/v2\/pages"}],"about":[{"href":"https:\/\/strangercam.com\/da\/wp-json\/wp\/v2\/types\/page"}],"author":[{"embeddable":true,"href":"https:\/\/strangercam.com\/da\/wp-json\/wp\/v2\/users\/6"}],"replies":[{"embeddable":true,"href":"https:\/\/strangercam.com\/da\/wp-json\/wp\/v2\/comments?post=13022"}],"version-history":[{"count":1,"href":"https:\/\/strangercam.com\/da\/wp-json\/wp\/v2\/pages\/13022\/revisions"}],"predecessor-version":[{"id":13023,"href":"https:\/\/strangercam.com\/da\/wp-json\/wp\/v2\/pages\/13022\/revisions\/13023"}],"wp:attachment":[{"href":"https:\/\/strangercam.com\/da\/wp-json\/wp\/v2\/media?parent=13022"}],"curies":[{"name":"wp","href":"https:\/\/api.w.org\/{rel}","templated":true}]}}