{"id":13018,"date":"2025-09-10T11:48:32","date_gmt":"2025-09-10T09:48:32","guid":{"rendered":"https:\/\/strangercam.com\/?page_id=13018"},"modified":"2025-09-10T11:48:32","modified_gmt":"2025-09-10T09:48:32","slug":"matchpub","status":"publish","type":"page","link":"https:\/\/strangercam.com\/da\/matchpub\/","title":{"rendered":"MatchPub"},"content":{"rendered":"<p>Eftersp\u00f8rgslen efter spontan, anonym video <a href=\"https:\/\/strangercam.com\/da\/chathub\/\">chat<\/a> platforme forts\u00e6tter med at vokse, da folk s\u00f8ger nye m\u00e5der at socialisere p\u00e5 online. Efter lukningen af <a href=\"https:\/\/strangercam.com\/da\/omegle\/\">Omegle<\/a>, er der dukket en r\u00e6kke alternativer op, som hver is\u00e6r tilbyder deres eget twist p\u00e5 formlen. MatchPub er en af de nyere platforme p\u00e5 dette omr\u00e5de - den kombinerer sp\u00e6ndingen ved tilf\u00e6ldig videomatchning med en livlig, social stemning, der f\u00e5r det til at f\u00f8les som et digitalt m\u00f8dested snarere end bare endnu en chat-app.<\/p>\n<p>Men skiller MatchPub sig virkelig ud i 2025? Hvordan er den i forhold til andre Omegle-lignende sider som ChitChatTV, Lotta og Ohmegle? I denne anmeldelse dykker vi ned i alt, hvad du har brug for at vide om MatchPub: dets funktioner, brugerbase, sikkerhedsstandarder, fordele og ulemper, og om det er din tid v\u00e6rd.<\/p>\n<h2>Hvad er MatchPub?<\/h2>\n<p>MatchPub er en browserbaseret tilf\u00e6ldig videochatside, der er designet til at forbinde fremmede \u00f8jeblikkeligt til en-til-en videosamtaler. Ligesom Omegle og <a href=\"https:\/\/strangercam.com\/da\/chatroulette\/\">Chatroulette<\/a> F\u00f8r det holder MatchPub tingene enkle: Du beh\u00f8ver ikke at tilmelde dig, oprette en profil eller downloade en app. I stedet kan du hoppe ind i en livechat p\u00e5 f\u00e5 sekunder.<\/p>\n<p>Temaet \"pub\" afspejler missionen: MatchPub har til form\u00e5l at genskabe den afslappede, sociale atmosf\u00e6re, hvor man m\u00f8der nye mennesker i en bar eller p\u00e5 en caf\u00e9, men i et digitalt milj\u00f8. Det er designet til at v\u00e6re venligt, indbydende og globalt.<\/p>\n<h2>Hvad er form\u00e5let med MatchPub?<\/h2>\n<p>Form\u00e5let med MatchPub er at g\u00f8re det lige s\u00e5 nemt og sjovt at m\u00f8de nye mennesker online som at starte en samtale i det virkelige liv. Det er beregnet til brugere, der er tr\u00e6tte af st\u00e6rkt kuraterede sociale apps, komplicerede tilmeldinger eller endel\u00f8s swiping. I stedet l\u00e6gger den v\u00e6gt p\u00e5:<\/p>\n<ul>\n<li>Spontanitet: <a href=\"https:\/\/strangercam.com\/da\/coomeet\/\">M\u00f8des<\/a> en ny person med det samme med bare \u00e9t klik<\/li>\n<li>Anonymitet: Der kr\u00e6ves ingen profiler eller personlige oplysninger<\/li>\n<li>Global r\u00e6kkevidde: Chat med folk fra hele verden<\/li>\n<li>F\u00e6llesskabsf\u00f8lelse: Et sjovt, afslappet sted, der f\u00f8les mindre anonymt end Omegle, men mere tilg\u00e6ngeligt end en dating-app.<\/li>\n<\/ul>\n<p>Uanset om du \u00f8nsker at f\u00e5 venner, \u00f8ve dig p\u00e5 et sprog, flirte eller bare f\u00e5 tiden til at g\u00e5, giver MatchPub plads til afslappede samtaler uden manuskript.<\/p>\n<h2>Vigtige funktioner<\/h2>\n<p>1. Tilf\u00e6ldig videochat en-til-en<br \/>\nMatchPubs kernefunktion er private cam-to-cam-samtaler med fremmede. Matchningen sker \u00f8jeblikkeligt, og hver session er en chance for at m\u00f8de en helt ny person.<\/p>\n<p>2. Spring over\/n\u00e6ste knap<br \/>\nNyder du ikke chatten? Tryk p\u00e5 \"N\u00e6ste\" og g\u00e5 videre til en anden bruger med det samme. Der er ingen straf for at springe over, og forbindelserne indl\u00e6ses hurtigt.<\/p>\n<p>3. Tekst-chat-tilstand<br \/>\nFor brugere, der foretr\u00e6kker at skrive - eller n\u00e5r video ikke er en mulighed - tilbyder MatchPub ogs\u00e5 en ren tekstchat. Det er godt til at bryde isen eller til folk med b\u00e5ndbreddebegr\u00e6nsninger.<\/p>\n<p>4. Ingen registrering n\u00f8dvendig<br \/>\nMatchPub er fuldst\u00e6ndig anonym. Du beh\u00f8ver ikke at tilmelde dig, oprette en konto eller give personlige oplysninger. Bare klik og begynd at chatte.<\/p>\n<p>5. Kompatibilitet mellem mobil og desktop<br \/>\nSiden fungerer problemfrit p\u00e5 b\u00e5de desktop- og mobilbrowsere. Det rene, responsive design g\u00f8r det lige s\u00e5 nemt at bruge p\u00e5 din telefon som p\u00e5 en computer.<\/p>\n<p>6. Rapport- og blokeringsv\u00e6rkt\u00f8jer<br \/>\nEn synlig \"Rapporter\"-knap giver brugerne mulighed for at markere upassende adf\u00e6rd. Du kan ogs\u00e5 blokere forstyrrende chatpartnere og dermed sikre en mere positiv oplevelse.<\/p>\n<p>7. Let og hurtigt design<br \/>\nMatchPub indl\u00e6ses hurtigt og skifter problemfrit mellem chats, selv p\u00e5 mellemklasseenheder og mobilnetv\u00e6rk.<\/p>\n<h2>Er MatchPub gratis?<\/h2>\n<p>Ja, MatchPub er 100% gratis at bruge. Alle dens kernefunktioner - videochat, tekstchat, overspringning og rapportering - er tilg\u00e6ngelige for alle.<\/p>\n<p>Det er der:<\/p>\n<ul>\n<li>Ingen abonnementer<\/li>\n<li>Ingen tokens eller kreditter<\/li>\n<li>Ingen skjulte omkostninger<\/li>\n<\/ul>\n<p>Platformen kan k\u00f8re lette annoncer for at d\u00e6kke omkostningerne, men de er ikke p\u00e5tr\u00e6ngende og forstyrrer ikke chatoplevelsen.<\/p>\n<h2>Hvem bruger MatchPub?<\/h2>\n<p>MatchPub tiltr\u00e6kker et globalt publikum af afslappede chattere, herunder:<\/p>\n<ul>\n<li>Alder: Prim\u00e6rt 18-35 (kun voksne, 18+)<\/li>\n<li>Lokationer: Brugere fra USA, Storbritannien, Europa, Indien, Brasilien, Syd\u00f8stasien og andre steder.<\/li>\n<li>\u00c5rsager til at deltage: F\u00e5 venner, \u00f8ve sprog, tilf\u00e6ldig flirt, kulturel opdagelse eller bare f\u00e5 tiden til at g\u00e5.<\/li>\n<\/ul>\n<p>Sammenlignet med \u00e6ldre platforme f\u00f8les MatchPub yngre og friskere, hvilket is\u00e6r appellerer til folk, der nyder spontaniteten i Omegle, men \u00f8nsker en mere j\u00e6vn og moderne oplevelse.<\/p>\n<h2>Sikkerhed, privatliv og moderation<\/h2>\n<p>MatchPub anerkender, at anonym chat er forbundet med risici, og har indbygget v\u00e6rkt\u00f8jer til at fremme sikkerhed og privatliv.<\/p>\n<h3>Privatlivets fred<\/h3>\n<ul>\n<li>Der kr\u00e6ves ingen konto eller personlige oplysninger<\/li>\n<li>Ingen chats gemmes, optages eller offentligg\u00f8res<\/li>\n<li>Du kontrollerer hele tiden dit kamera og din mikrofon<\/li>\n<\/ul>\n<h3>Moderation<\/h3>\n<ul>\n<li>Rapportering i chatten: Marker hurtigt upassende indhold eller chikane<\/li>\n<li>AI-baserede indholdsfiltre: Opdag og begr\u00e6ns kr\u00e6nkende eller eksplicit adf\u00e6rd<\/li>\n<li>Menneskelige moderatorer: Gennemg\u00e5r rapporter og h\u00e5ndh\u00e6ver forbud mod gentagne lovovertr\u00e6dere<\/li>\n<\/ul>\n<h3>Tips til brugere<\/h3>\n<ul>\n<li>Del aldrig personlige oplysninger i chat<\/li>\n<li>Brug knapperne til at springe over og rapportere, n\u00e5r det er n\u00f8dvendigt<\/li>\n<li>Hold dig til lette, afslappede samtaler, indtil du stoler p\u00e5 din chatpartner<\/li>\n<\/ul>\n<h2>Brugeroplevelse og design<\/h2>\n<p>MatchPub leverer et rent, moderne og intuitivt design:<\/p>\n<ul>\n<li>Hjemmesiden har en tydelig \"Start chat\"-knap og grundl\u00e6ggende retningslinjer for f\u00e6llesskabet<\/li>\n<li>Videovinduer er store, skarpe og responsive<\/li>\n<li>Knapper til at springe over, sl\u00e5 lyden fra og rapportere er nemme at finde og bruge<\/li>\n<li>Mobil- og desktopversioner er lige glatte og p\u00e5lidelige<\/li>\n<li>Indl\u00e6sningstiden er kort med \u00f8jeblikkelige overgange mellem chats<\/li>\n<\/ul>\n<p>I mods\u00e6tning til rodede eller reklametunge sider f\u00f8les MatchPub frisk og minimalistisk og holder fokus p\u00e5 samtalen.<\/p>\n<h2>MatchPub vs. andre tilf\u00e6ldige videochat-platforme<\/h2>\n<p>Hvordan klarer MatchPub sig i forhold til sine st\u00f8rste konkurrenter?<\/p>\n<table>\n<thead>\n<tr>\n<th>Funktion<\/th>\n<th>MatchPub<\/th>\n<th>Omegle (lukket)<\/th>\n<th>Ohmegle<\/th>\n<th><a href=\"https:\/\/strangercam.com\/da\/ometv\/\">OmeTV<\/a><\/th>\n<th>Lotta<\/th>\n<th>ChitChatTV<\/th>\n<\/tr>\n<\/thead>\n<tbody>\n<tr>\n<td>Tilf\u00e6ldig videochat<\/td>\n<td>Ja<\/td>\n<td>Ja<\/td>\n<td>Ja<\/td>\n<td>Ja<\/td>\n<td>Ja<\/td>\n<td>Ja<\/td>\n<\/tr>\n<tr>\n<td>Mulighed for tekstchat<\/td>\n<td>Ja<\/td>\n<td>Ja<\/td>\n<td>Ja<\/td>\n<td>Ja<\/td>\n<td>Ja<\/td>\n<td>Ja<\/td>\n<\/tr>\n<tr>\n<td>Tilmelding n\u00f8dvendig<\/td>\n<td>Nej<\/td>\n<td>Nej<\/td>\n<td>Nej<\/td>\n<td>Nej<\/td>\n<td>Nej<\/td>\n<td>Nej<\/td>\n<\/tr>\n<tr>\n<td>Mobilvenlig<\/td>\n<td>Fremragende<\/td>\n<td>D\u00e5rlig<\/td>\n<td>Fremragende<\/td>\n<td>God<\/td>\n<td>Fremragende<\/td>\n<td>Fremragende<\/td>\n<\/tr>\n<tr>\n<td>Filtre for k\u00f8n\/region<\/td>\n<td>Nej<\/td>\n<td>Nej<\/td>\n<td>Nej<\/td>\n<td>Betalt<\/td>\n<td>Nej<\/td>\n<td>Nej<\/td>\n<\/tr>\n<tr>\n<td>Moderationsv\u00e6rkt\u00f8jer<\/td>\n<td>God<\/td>\n<td>Svag<\/td>\n<td>Moderat<\/td>\n<td>St\u00e6rk<\/td>\n<td>God<\/td>\n<td>God<\/td>\n<\/tr>\n<tr>\n<td>Gratis at bruge<\/td>\n<td>Ja<\/td>\n<td>Ja<\/td>\n<td>Ja<\/td>\n<td>Ja\/betalt<\/td>\n<td>Ja<\/td>\n<td>Ja<\/td>\n<\/tr>\n<\/tbody>\n<\/table>\n<p>Resum\u00e9: MatchPub minder mest om Ohmegle og Lotta - hurtig, gratis, anonym og moderne. Den tilbyder ikke avancerede filtre som OmeTV, men den kompenserer for det med enkelhed og brugervenlighed.<\/p>\n<h2>Fordele og ulemper<\/h2>\n<p>Fordele:<\/p>\n<ul>\n<li>100% gratis, ingen tilmelding n\u00f8dvendig<\/li>\n<li>Anonym og privat chatoplevelse<\/li>\n<li>Moderne, responsivt design til desktop og mobil<\/li>\n<li>Hurtige, stabile video- og tekstchatforbindelser<\/li>\n<li>Enkle spring- og rapportv\u00e6rkt\u00f8jer<\/li>\n<li>International, mangfoldig brugerbase<\/li>\n<\/ul>\n<p>Ulemper:<\/p>\n<ul>\n<li>Ingen k\u00f8ns- eller stedsfiltre<\/li>\n<li>Lejlighedsvis upassende indhold (f\u00e6lles for alle anonyme chatplatforme)<\/li>\n<li>Flere mandlige end kvindelige brugere<\/li>\n<li>Ingen brugerprofiler eller chathistorik<\/li>\n<li>Ingen mulighed for at genoptage kontakten med tidligere brugere<\/li>\n<\/ul>\n<h2>Ideelle brugsscenarier<\/h2>\n<p>MatchPub er perfekt til:<\/p>\n<ul>\n<li>Fans af Omegle og Chatroulette s\u00f8ger en moderne erstatning<\/li>\n<li>Voksne p\u00e5 udkig efter spontan, afslappet chat med fremmede<\/li>\n<li>Rejsende, studerende og sprogelever, der er interesserede i global samtale<\/li>\n<li>Folk, der s\u00e6tter pris p\u00e5 anonymitet og ikke kan lide at tilmelde sig apps eller konti<\/li>\n<li>Alle, der \u00f8nsker at f\u00e5 tiden til at g\u00e5 og have sociale m\u00f8der uden manuskript<\/li>\n<\/ul>\n<p>Det er mindre ideelt til:<\/p>\n<ul>\n<li>Brugere under 18 \u00e5r (kun voksne)<\/li>\n<li>Dem, der s\u00f8ger dating-specifikke filtre eller kuraterede matches<\/li>\n<li>Folk, der \u00f8nsker langsigtede forbindelser eller muligheden for at genoptage forbindelsen med tidligere chats<\/li>\n<\/ul>\n<p>MatchPub er en af de bedste nye tilf\u00e6ldige videochatplatforme i Omegle-stil i 2025. Den kombinerer \u00f8jeblikkelige, anonyme forbindelser med en moderne gr\u00e6nseflade, st\u00e6rk mobil ydeevne og enkle, men effektive moderationsv\u00e6rkt\u00f8jer.<\/p>\n<p>Hvis du leder efter en platform, der leverer sp\u00e6ndingen fra Omegle med et mere smidigt design og et friskere f\u00e6llesskab, er MatchPub absolut v\u00e6rd at pr\u00f8ve. Det er gratis, hurtigt og sjovt - det perfekte sted at opdage nye ansigter og samtaler fra hele verden.<\/p>","protected":false},"excerpt":{"rendered":"<p>The demand for spontaneous, anonymous video chat platforms continues to grow as people seek new ways to socialize online. Following the closure of Omegle, a variety of alternatives have appeared, each offering their own twist on the formula. MatchPub is one of the newer platforms in this space\u2014combining the excitement of random video matching with [&hellip;]<\/p>\n","protected":false},"author":6,"featured_media":0,"parent":0,"menu_order":0,"comment_status":"closed","ping_status":"closed","template":"","meta":{"footnotes":""},"class_list":["post-13018","page","type-page","status-publish","hentry"],"yoast_head":"<!-- This site is optimized with the Yoast SEO plugin v27.4 - https:\/\/yoast.com\/product\/yoast-seo-wordpress\/ -->\n<title>MatchPub - Live 1:1 Video Chat - StrangerCam.com<\/title>\n<meta name=\"description\" content=\"Like MatchPub? Come chat with more than 5.000.000 strangers on Strangercam for Free! Turn on your cam and find new friends &amp; maby a match!\" \/>\n<meta name=\"robots\" content=\"index, follow, max-snippet:-1, max-image-preview:large, max-video-preview:-1\" \/>\n<link rel=\"canonical\" href=\"https:\/\/strangercam.com\/da\/matchpub\/\" \/>\n<meta property=\"og:locale\" content=\"da_DK\" \/>\n<meta property=\"og:type\" content=\"article\" \/>\n<meta property=\"og:title\" content=\"MatchPub - Live 1:1 Video Chat - StrangerCam.com\" \/>\n<meta property=\"og:description\" content=\"Like MatchPub? Come chat with more than 5.000.000 strangers on Strangercam for Free! Turn on your cam and find new friends &amp; maby a match!\" \/>\n<meta property=\"og:url\" content=\"https:\/\/strangercam.com\/da\/matchpub\/\" \/>\n<meta property=\"og:site_name\" content=\"Strangercam\" \/>\n<meta property=\"article:publisher\" content=\"https:\/\/www.facebook.com\/strangercam\" \/>\n<meta property=\"og:image\" content=\"https:\/\/strangercam.com\/wp-content\/uploads\/2021\/10\/Untitled-2.png\" \/>\n\t<meta property=\"og:image:width\" content=\"800\" \/>\n\t<meta property=\"og:image:height\" content=\"532\" \/>\n\t<meta property=\"og:image:type\" content=\"image\/png\" \/>\n<meta name=\"twitter:card\" content=\"summary_large_image\" \/>\n<meta name=\"twitter:site\" content=\"@strangercamapp\" \/>\n<meta name=\"twitter:label1\" content=\"Estimeret l\u00e6setid\" \/>\n\t<meta name=\"twitter:data1\" content=\"6 minutter\" \/>\n<script type=\"application\/ld+json\" class=\"yoast-schema-graph\">{\"@context\":\"https:\\\/\\\/schema.org\",\"@graph\":[{\"@type\":\"WebPage\",\"@id\":\"https:\\\/\\\/strangercam.com\\\/matchpub\\\/\",\"url\":\"https:\\\/\\\/strangercam.com\\\/matchpub\\\/\",\"name\":\"MatchPub - Live 1:1 Video Chat - StrangerCam.com\",\"isPartOf\":{\"@id\":\"https:\\\/\\\/strangercam.com\\\/#website\"},\"datePublished\":\"2025-09-10T09:48:32+00:00\",\"description\":\"Like MatchPub? Come chat with more than 5.000.000 strangers on Strangercam for Free! Turn on your cam and find new friends & maby a match!\",\"breadcrumb\":{\"@id\":\"https:\\\/\\\/strangercam.com\\\/matchpub\\\/#breadcrumb\"},\"inLanguage\":\"da-DK\",\"potentialAction\":[{\"@type\":\"ReadAction\",\"target\":[\"https:\\\/\\\/strangercam.com\\\/matchpub\\\/\"]}]},{\"@type\":\"BreadcrumbList\",\"@id\":\"https:\\\/\\\/strangercam.com\\\/matchpub\\\/#breadcrumb\",\"itemListElement\":[{\"@type\":\"ListItem\",\"position\":1,\"name\":\"Home\",\"item\":\"https:\\\/\\\/strangercam.com\\\/\"},{\"@type\":\"ListItem\",\"position\":2,\"name\":\"MatchPub\"}]},{\"@type\":\"WebSite\",\"@id\":\"https:\\\/\\\/strangercam.com\\\/#website\",\"url\":\"https:\\\/\\\/strangercam.com\\\/\",\"name\":\"Strangercam\",\"description\":\"Random Video Chat with Strangers\",\"publisher\":{\"@id\":\"https:\\\/\\\/strangercam.com\\\/#organization\"},\"alternateName\":\"Strangercam.com\",\"potentialAction\":[{\"@type\":\"SearchAction\",\"target\":{\"@type\":\"EntryPoint\",\"urlTemplate\":\"https:\\\/\\\/strangercam.com\\\/?s={search_term_string}\"},\"query-input\":{\"@type\":\"PropertyValueSpecification\",\"valueRequired\":true,\"valueName\":\"search_term_string\"}}],\"inLanguage\":\"da-DK\"},{\"@type\":\"Organization\",\"@id\":\"https:\\\/\\\/strangercam.com\\\/#organization\",\"name\":\"Strangercam\",\"alternateName\":\"Strangercam.com\",\"url\":\"https:\\\/\\\/strangercam.com\\\/\",\"logo\":{\"@type\":\"ImageObject\",\"inLanguage\":\"da-DK\",\"@id\":\"https:\\\/\\\/strangercam.com\\\/#\\\/schema\\\/logo\\\/image\\\/\",\"url\":\"https:\\\/\\\/strangercam.com\\\/wp-content\\\/uploads\\\/2020\\\/11\\\/cropped-new-favicon-black.png\",\"contentUrl\":\"https:\\\/\\\/strangercam.com\\\/wp-content\\\/uploads\\\/2020\\\/11\\\/cropped-new-favicon-black.png\",\"width\":512,\"height\":512,\"caption\":\"Strangercam\"},\"image\":{\"@id\":\"https:\\\/\\\/strangercam.com\\\/#\\\/schema\\\/logo\\\/image\\\/\"},\"sameAs\":[\"https:\\\/\\\/www.facebook.com\\\/strangercam\",\"https:\\\/\\\/x.com\\\/strangercamapp\"]}]}<\/script>\n<!-- \/ Yoast SEO plugin. -->","yoast_head_json":{"title":"MatchPub - Live 1:1 videochat - StrangerCam.com","description":"Kan du lide MatchPub? Kom og chat med mere end 5.000.000 fremmede p\u00e5 Strangercam helt gratis! T\u00e6nd for dit kamera og find nye venner og m\u00e5ske et match!","robots":{"index":"index","follow":"follow","max-snippet":"max-snippet:-1","max-image-preview":"max-image-preview:large","max-video-preview":"max-video-preview:-1"},"canonical":"https:\/\/strangercam.com\/da\/matchpub\/","og_locale":"da_DK","og_type":"article","og_title":"MatchPub - Live 1:1 Video Chat - StrangerCam.com","og_description":"Like MatchPub? Come chat with more than 5.000.000 strangers on Strangercam for Free! Turn on your cam and find new friends & maby a match!","og_url":"https:\/\/strangercam.com\/da\/matchpub\/","og_site_name":"Strangercam","article_publisher":"https:\/\/www.facebook.com\/strangercam","og_image":[{"width":800,"height":532,"url":"https:\/\/strangercam.com\/wp-content\/uploads\/2021\/10\/Untitled-2.png","type":"image\/png"}],"twitter_card":"summary_large_image","twitter_site":"@strangercamapp","twitter_misc":{"Estimeret l\u00e6setid":"6 minutter"},"schema":{"@context":"https:\/\/schema.org","@graph":[{"@type":"WebPage","@id":"https:\/\/strangercam.com\/matchpub\/","url":"https:\/\/strangercam.com\/matchpub\/","name":"MatchPub - Live 1:1 videochat - StrangerCam.com","isPartOf":{"@id":"https:\/\/strangercam.com\/#website"},"datePublished":"2025-09-10T09:48:32+00:00","description":"Kan du lide MatchPub? Kom og chat med mere end 5.000.000 fremmede p\u00e5 Strangercam helt gratis! T\u00e6nd for dit kamera og find nye venner og m\u00e5ske et match!","breadcrumb":{"@id":"https:\/\/strangercam.com\/matchpub\/#breadcrumb"},"inLanguage":"da-DK","potentialAction":[{"@type":"ReadAction","target":["https:\/\/strangercam.com\/matchpub\/"]}]},{"@type":"BreadcrumbList","@id":"https:\/\/strangercam.com\/matchpub\/#breadcrumb","itemListElement":[{"@type":"ListItem","position":1,"name":"Home","item":"https:\/\/strangercam.com\/"},{"@type":"ListItem","position":2,"name":"MatchPub"}]},{"@type":"WebSite","@id":"https:\/\/strangercam.com\/#website","url":"https:\/\/strangercam.com\/","name":"Strangercam","description":"Tilf\u00e6ldig videochat med fremmede","publisher":{"@id":"https:\/\/strangercam.com\/#organization"},"alternateName":"Strangercam.com","potentialAction":[{"@type":"SearchAction","target":{"@type":"EntryPoint","urlTemplate":"https:\/\/strangercam.com\/?s={search_term_string}"},"query-input":{"@type":"PropertyValueSpecification","valueRequired":true,"valueName":"search_term_string"}}],"inLanguage":"da-DK"},{"@type":"Organization","@id":"https:\/\/strangercam.com\/#organization","name":"Strangercam","alternateName":"Strangercam.com","url":"https:\/\/strangercam.com\/","logo":{"@type":"ImageObject","inLanguage":"da-DK","@id":"https:\/\/strangercam.com\/#\/schema\/logo\/image\/","url":"https:\/\/strangercam.com\/wp-content\/uploads\/2020\/11\/cropped-new-favicon-black.png","contentUrl":"https:\/\/strangercam.com\/wp-content\/uploads\/2020\/11\/cropped-new-favicon-black.png","width":512,"height":512,"caption":"Strangercam"},"image":{"@id":"https:\/\/strangercam.com\/#\/schema\/logo\/image\/"},"sameAs":["https:\/\/www.facebook.com\/strangercam","https:\/\/x.com\/strangercamapp"]}]}},"_links":{"self":[{"href":"https:\/\/strangercam.com\/da\/wp-json\/wp\/v2\/pages\/13018","targetHints":{"allow":["GET"]}}],"collection":[{"href":"https:\/\/strangercam.com\/da\/wp-json\/wp\/v2\/pages"}],"about":[{"href":"https:\/\/strangercam.com\/da\/wp-json\/wp\/v2\/types\/page"}],"author":[{"embeddable":true,"href":"https:\/\/strangercam.com\/da\/wp-json\/wp\/v2\/users\/6"}],"replies":[{"embeddable":true,"href":"https:\/\/strangercam.com\/da\/wp-json\/wp\/v2\/comments?post=13018"}],"version-history":[{"count":1,"href":"https:\/\/strangercam.com\/da\/wp-json\/wp\/v2\/pages\/13018\/revisions"}],"predecessor-version":[{"id":13019,"href":"https:\/\/strangercam.com\/da\/wp-json\/wp\/v2\/pages\/13018\/revisions\/13019"}],"wp:attachment":[{"href":"https:\/\/strangercam.com\/da\/wp-json\/wp\/v2\/media?parent=13018"}],"curies":[{"name":"wp","href":"https:\/\/api.w.org\/{rel}","templated":true}]}}