{"id":12946,"date":"2025-07-28T12:00:33","date_gmt":"2025-07-28T10:00:33","guid":{"rendered":"https:\/\/strangercam.com\/?page_id=12946"},"modified":"2025-07-28T12:00:33","modified_gmt":"2025-07-28T10:00:33","slug":"zeechat","status":"publish","type":"page","link":"https:\/\/strangercam.com\/da\/zeechat\/","title":{"rendered":"Zeechat"},"content":{"rendered":"<p>Med den fortsatte popularitet af tilf\u00e6ldig videochat er der kommet en b\u00f8lge af nye platforme, som henvender sig til brugere, der s\u00f8ger nye, anonyme m\u00e5der at <a href=\"https:\/\/strangercam.com\/da\/coomeet\/\">m\u00f8des<\/a> mennesker over hele verden. Zeechat er en af de nyeste deltagere, der sigter mod at genskabe den hurtige, spontane sp\u00e6nding fra <a href=\"https:\/\/strangercam.com\/da\/omegle\/\">Omegle<\/a> og Chatroulette - samtidig med at der tilf\u00f8jes moderne design, robuste sikkerhedsfunktioner og problemfri mobilkompatibilitet.<\/p>\n<p>Men skiller Zeechat sig virkelig ud i et overfyldt felt af Omegle-alternativer? Er den nem at bruge, sikker og din tid v\u00e6rd i 2025? I denne dybdeg\u00e5ende gennemgang unders\u00f8ger vi alt, hvad du har brug for at vide: hvordan Zeechat fungerer, dens vigtigste funktioner, sikkerhedsv\u00e6rkt\u00f8jer, brugerbase, og hvordan den sammenligner sig med de st\u00f8rste konkurrenter inden for tilf\u00e6ldig videochat.<\/p>\n<h2>Hvad er Zeechat?<\/h2>\n<p>Zeechat er en browserbaseret tilf\u00e6ldig videochatside, der \u00f8jeblikkeligt forbinder brugere til en-til-en cam-to-cam-samtaler med fremmede over hele verden. Ligesom den oprindelige Omegle l\u00e6gger Zeechat v\u00e6gt p\u00e5 anonymitet, hastighed og enkelhed - der er ingen registrering, ingen app, der skal downloades, og der kr\u00e6ves ingen personlige oplysninger.<\/p>\n<p>Med et enkelt klik matches brugerne til en privat videochat. Uanset om du vil flirte, f\u00e5 venner, \u00f8ve sprog eller bare nyde afslappet socialt samv\u00e6r, g\u00f8r Zeechat det nemt og tilg\u00e6ngeligt, samtidig med at din identitet forbliver privat.<\/p>\n<h2>Hvad er form\u00e5let med Zeechat?<\/h2>\n<p>Den prim\u00e6re mission for Zeechat er at genoplive sp\u00e6ndingen ved anonyme, uskrevne onlinem\u00f8der ved at bringe mennesker fra forskellige kulturer og baggrunde sammen til live chat ansigt til ansigt. Zeechat skiller sig ud af flere grunde:<\/p>\n<ul>\n<li>\u00c6gte anonymitet: Ingen konti, brugernavne eller personlige oplysninger er n\u00f8dvendige<\/li>\n<li>\u00d8jeblikkelige forbindelser: Hurtig matchning med fremmede, ingen ventev\u00e6relser<\/li>\n<li>Moderne, mobilvenligt design: En ren, responsiv gr\u00e6nseflade til enhver enhed<\/li>\n<li>Sikkerhed f\u00f8rst: Proaktiv moderation og brugervenlige rapporteringsv\u00e6rkt\u00f8jer<\/li>\n<\/ul>\n<p>Uanset om du er p\u00e5 udkig efter en \u00e6gte samtale, kulturel udveksling, en let flirt eller bare noget, der f\u00e5r dig til at kede dig, tilbyder Zeechat en lavbarriere m\u00e5de at komme i kontakt med verden p\u00e5.<\/p>\n<h2>Vigtige funktioner<\/h2>\n<p>1. \u00d8jeblikkelig tilf\u00e6ldig videochat<br \/>\nKernen i Zeechat er dens en-til-en-videomatchning. Klik p\u00e5 \"Start Chat\", giv adgang til kamera og mikrofon, og s\u00e5 er du parret med en anden bruger fra hvor som helst p\u00e5 kloden - ingen logins eller downloads er n\u00f8dvendige.<\/p>\n<p>2. Mulighed for tekstchat<br \/>\nFor dem, der er kamerasky, har langsomme forbindelser eller bare foretr\u00e6kker at skrive, giver Zeechat dig mulighed for at sende beskeder sammen med video. Denne dobbelte tilstand er perfekt til at bryde isen eller bygge bro over sprogkl\u00f8fter.<\/p>\n<p>3. Knap til hurtig springning\/n\u00e6ste<br \/>\nHvis en samtale ikke er din stil, skal du bare trykke p\u00e5 \"N\u00e6ste\" for at komme videre. Zeechat's matchningsmotor sikrer minimal forsinkelse mellem chats, s\u00e5 oplevelsen forbliver sjov og dynamisk.<\/p>\n<p>4. 100% Gratis og ingen registrering<br \/>\nAlle funktioner er tilg\u00e6ngelige gratis, uden registrering eller tilmeldingsproces. Det sikrer maksimal beskyttelse af personlige oplysninger og en gnidningsfri brugeroplevelse.<\/p>\n<p>5. Moderne, mobilvenligt design<br \/>\nZeechat's gr\u00e6nseflade er responsiv og touch-optimeret og giver den samme glatte ydeevne p\u00e5 smartphones, tablets og station\u00e6re computere.<\/p>\n<p>6. Indbyggede moderations- og rapporteringsv\u00e6rkt\u00f8jer<br \/>\nFor at holde Zeechat sikker og indbydende indeholder hver chat en synlig \"Rapporter\"-knap. Brugere kan \u00f8jeblikkeligt markere enhver upassende adf\u00e6rd, mens moderatorer og AI-drevne v\u00e6rkt\u00f8jer overv\u00e5ger misbrug eller indholdsovertr\u00e6delser.<\/p>\n<p>7. Multinational brugerbase<br \/>\nMed brugere fra dusinvis af lande online 24\/7 er Zeechat en smeltedigel af kulturer, hvilket g\u00f8r det til en fantastisk platform for sprogpraksis og internationalt venskab.<\/p>\n<h2>Er Zeechat gratis?<\/h2>\n<p>Ja, Zeechat er 100% gratis at bruge. Der er ingen skjulte gebyrer, abonnementer eller betalingsmure for grundl\u00e6ggende video- eller tekstchat. Platformen kan k\u00f8re lette, diskrete annoncer for at d\u00e6kke omkostningerne, men de blokerer eller forringer aldrig den grundl\u00e6ggende chatoplevelse.<\/p>\n<p>Alle brugere har lige adgang til:<\/p>\n<ul>\n<li>Ubegr\u00e6nset antal video- og tekstchatsessioner<\/li>\n<li>Funktion til at springe over\/n\u00e6ste funktion<\/li>\n<li>V\u00e6rkt\u00f8jer til rapportering og blokering<\/li>\n<li>Fuld support til desktop og mobil<\/li>\n<\/ul>\n<h2>Hvem bruger Zeechat?<\/h2>\n<p>Zeechat's enkle, barrierefri tilgang tiltr\u00e6kker et bredt internationalt publikum, herunder:<\/p>\n<ul>\n<li>Alder: Prim\u00e6rt voksne 18-35 \u00e5r, med strenge krav til 18+.<\/li>\n<li>Geografi: Brugere fra Nordamerika, Europa, Indien, Syd\u00f8stasien, Brasilien og andre steder.<\/li>\n<li>Interesser: At f\u00e5 nye venner, sprogudveksling, flirt, socialt samv\u00e6r og underholdning<\/li>\n<\/ul>\n<p>Platformen appellerer til studerende, rejsende, digitale nomader og alle, der s\u00f8ger \u00e6gte eller muntre samtaler uden for deres almindelige sociale kreds.<\/p>\n<p>Som med de fleste <a href=\"https:\/\/strangercam.com\/da\/bazoocam\/\">cam<\/a> chatsider er der typisk flere mandlige end kvindelige brugere, men k\u00f8nsbalancen forbedres langsomt i takt med, at platformens omd\u00f8mme vokser.<\/p>\n<h2>Sikkerhed, privatliv og moderation<\/h2>\n<p>Zeechat l\u00e6gger stor v\u00e6gt p\u00e5 brugernes sikkerhed og privatliv med flere vigtige foranstaltninger:<\/p>\n<h3>Privatlivets fred<\/h3>\n<ul>\n<li>Ingen registrering, e-mails eller personlige data p\u00e5kr\u00e6vet<\/li>\n<li>Ingen chats gemmes, lagres eller er s\u00f8gbare<\/li>\n<li>Adgang til webcam og mikrofon er sessionsbaseret og altid under din kontrol<\/li>\n<\/ul>\n<h3>Moderation<\/h3>\n<ul>\n<li>Rapportering i chatten: Marker \u00f8jeblikkeligt voldelige eller upassende brugere<\/li>\n<li>AI-drevet overv\u00e5gning af indhold: Opdager n\u00f8genhed og overtr\u00e6delser af politikker i realtid<\/li>\n<li>Aktive menneskelige moderatorer: Gennemg\u00e5r rapporter og h\u00e5ndh\u00e6ver forbud mod gentagne lovovertr\u00e6dere<\/li>\n<\/ul>\n<h3>Bedste praksis for brugere<\/h3>\n<ul>\n<li>Del aldrig personlige oplysninger i chat<\/li>\n<li>Brug knapperne \"N\u00e6ste\" og \"Rapport\" frit.<\/li>\n<li>Forlad eller spring enhver samtale over, der f\u00f8les ubehagelig<\/li>\n<li>Zeechat er udelukkende for voksne (18+)<\/li>\n<\/ul>\n<h2>Brugeroplevelse og design<\/h2>\n<p>Zeechat's design er moderne, overskueligt og meget intuitivt:<\/p>\n<ul>\n<li>Hjemmesiden har en fed \"Start chat\"-knap med oplysninger om privatliv og sikkerhed<\/li>\n<li>Videovinduer er store og tydelige med synlige kontroller til at springe over, sl\u00e5 lyden fra og rapportere<\/li>\n<li>Siden indl\u00e6ses hurtigt og skifter gnidningsl\u00f8st mellem chats med minimal forsinkelse.<\/li>\n<li>Mobil- og desktopversioner tilbyder de samme funktioner og p\u00e5lidelig ydeevne<\/li>\n<\/ul>\n<p>Der er ingen pop-ups, aggressive reklamer eller komplicerede menuer, hvilket g\u00f8r Zeechat nem at bruge for b\u00e5de nye og erfarne chattere.<\/p>\n<h2>Zeechat vs. andre tilf\u00e6ldige videochat-platforme<\/h2>\n<p>Hvordan klarer Zeechat sig i forhold til andre f\u00f8rende tilf\u00e6ldige chatsider?<\/p>\n<table>\n<thead>\n<tr>\n<th>Funktion<\/th>\n<th>Zeechat<\/th>\n<th>Omegle (lukket)<\/th>\n<th>Ohmegle<\/th>\n<th>Chaty<\/th>\n<th><a href=\"https:\/\/strangercam.com\/da\/ometv\/\">OmeTV<\/a><\/th>\n<th>Lotta<\/th>\n<\/tr>\n<\/thead>\n<tbody>\n<tr>\n<td>Videochat<\/td>\n<td>Ja<\/td>\n<td>Ja<\/td>\n<td>Ja<\/td>\n<td>Ja<\/td>\n<td>Ja<\/td>\n<td>Ja<\/td>\n<\/tr>\n<tr>\n<td>Tekst-chat<\/td>\n<td>Ja<\/td>\n<td>Ja<\/td>\n<td>Ja<\/td>\n<td>Ja<\/td>\n<td>Ja<\/td>\n<td>Ja<\/td>\n<\/tr>\n<tr>\n<td>Tilmelding n\u00f8dvendig<\/td>\n<td>Nej<\/td>\n<td>Nej<\/td>\n<td>Nej<\/td>\n<td>Nej<\/td>\n<td>Nej<\/td>\n<td>Nej<\/td>\n<\/tr>\n<tr>\n<td>Mobil support<\/td>\n<td>Fremragende<\/td>\n<td>D\u00e5rlig<\/td>\n<td>Fremragende<\/td>\n<td>Fremragende<\/td>\n<td>God<\/td>\n<td>Fremragende<\/td>\n<\/tr>\n<tr>\n<td>Moderationsv\u00e6rkt\u00f8jer<\/td>\n<td>St\u00e6rk<\/td>\n<td>Svag<\/td>\n<td>Moderat<\/td>\n<td>Moderat<\/td>\n<td>St\u00e6rk<\/td>\n<td>God<\/td>\n<\/tr>\n<tr>\n<td>Gratis at bruge<\/td>\n<td>Ja<\/td>\n<td>Ja<\/td>\n<td>Ja<\/td>\n<td>Ja<\/td>\n<td>Ja\/betalt<\/td>\n<td>Ja<\/td>\n<\/tr>\n<tr>\n<td>Filtre for k\u00f8n\/region<\/td>\n<td>Nej<\/td>\n<td>Nej<\/td>\n<td>Nej<\/td>\n<td>Nej<\/td>\n<td>Betalt<\/td>\n<td>Nej<\/td>\n<\/tr>\n<\/tbody>\n<\/table>\n<p>Resum\u00e9: Zeechat's styrker er dens moderne, minimale brugerflade, hurtige matchning og tilg\u00e6ngelige, fuldt anonyme oplevelse. Selvom den ikke tilbyder avancerede filtre eller premium-fordele, er det en af de nemmeste m\u00e5der at chatte anonymt med nye mennesker hvor som helst og n\u00e5r som helst.<\/p>\n<h2>Fordele og ulemper<\/h2>\n<p>Fordele:<\/p>\n<ul>\n<li>100% gratis, \u00f8jeblikkelig adgang - ingen tilmelding n\u00f8dvendig<\/li>\n<li>Anonymitet og st\u00e6rk privatlivskontrol<\/li>\n<li>Hurtig, stabil video- og tekstchat<\/li>\n<li>Moderne, mobilvenlig gr\u00e6nseflade<\/li>\n<li>Robust moderation og brugerrapportering<\/li>\n<li>International, multikulturel brugerbase<\/li>\n<\/ul>\n<p>Ulemper:<\/p>\n<ul>\n<li>Ingen k\u00f8ns- eller regionsfiltre (matchning er helt tilf\u00e6ldig)<\/li>\n<li>Lejlighedsvis upassende indhold (f\u00e6lles for alle anonyme chatsider)<\/li>\n<li>Flere mandlige end kvindelige brugere<\/li>\n<li>Ingen brugerprofiler eller chathistorik<\/li>\n<li>Ingen m\u00e5de at genskabe forbindelsen til tidligere brugere<\/li>\n<\/ul>\n<h2>Ideelle brugsscenarier<\/h2>\n<p>Zeechat er perfekt til:<\/p>\n<ul>\n<li>Ventilatorer af Omegle, <a href=\"https:\/\/strangercam.com\/da\/chatroulette\/\">Chatroulette<\/a>, eller Ohmegle p\u00e5 udkig efter et moderne, problemfrit alternativ<\/li>\n<li>Voksne, der s\u00f8ger spontane videochats med mennesker fra hele verden<\/li>\n<li>Sprogkursister, rejsende og expats, der \u00f8nsker autentisk kulturel udveksling<\/li>\n<li>Alle, der keder sig og s\u00f8ger uprogrammeret interaktion ansigt til ansigt<\/li>\n<li>Brugere, der s\u00e6tter pris p\u00e5 anonymitet og ikke \u00f8nsker at registrere eller installere apps<\/li>\n<\/ul>\n<p>Mindre ideel til:<\/p>\n<ul>\n<li>Brugere under 18 \u00e5r (kun voksne)<\/li>\n<li>Dem, der s\u00f8ger dating-specifikke filtre eller kurateret matchmaking<\/li>\n<li>Folk, der \u00f8nsker vedvarende profiler eller vennelister<\/li>\n<\/ul>\n<p>Zeechat er en af de mest lovende nye tilf\u00e6ldige videochatplatforme i 2025, der blander \u00f8jeblikkelige, anonyme forbindelser med en ren gr\u00e6nseflade og proaktive sikkerhedsv\u00e6rkt\u00f8jer. Den bringer det sjove og sp\u00e6ndende ved klassisk chat i Omegle-stil til en ny generation - p\u00e5 computer eller mobil, altid gratis og altid privat.<\/p>\n<p>Hvis du vil m\u00f8de nye mennesker, nyde samtaler uden manuskript eller bare opleve sp\u00e6ndingen ved tilf\u00e6ldig videochat uden besv\u00e6r, er Zeechat absolut et fors\u00f8g v\u00e6rd.<\/p>","protected":false},"excerpt":{"rendered":"<p>With the continued popularity of random video chat, a wave of new platforms is catering to users seeking fresh, anonymous ways to meet people worldwide. Zeechat is one of the newest entrants, aiming to recapture the fast, spontaneous thrill of Omegle and Chatroulette\u2014while adding modern design, robust safety features, and seamless mobile compatibility. But does [&hellip;]<\/p>\n","protected":false},"author":6,"featured_media":0,"parent":0,"menu_order":0,"comment_status":"closed","ping_status":"closed","template":"","meta":{"footnotes":""},"class_list":["post-12946","page","type-page","status-publish","hentry"],"yoast_head":"<!-- This site is optimized with the Yoast SEO plugin v27.4 - https:\/\/yoast.com\/product\/yoast-seo-wordpress\/ -->\n<title>Zeechat - Live Video Chat, Online Video Call - StrangerCam<\/title>\n<meta name=\"description\" content=\"Like Zeechat? Come chat with more than 5.000.000 strangers on Stranger Cam for Free! Turn on your cam and find new friends &amp; maby a match!\" \/>\n<meta name=\"robots\" content=\"index, follow, max-snippet:-1, max-image-preview:large, max-video-preview:-1\" \/>\n<link rel=\"canonical\" href=\"https:\/\/strangercam.com\/da\/zeechat\/\" \/>\n<meta property=\"og:locale\" content=\"da_DK\" \/>\n<meta property=\"og:type\" content=\"article\" \/>\n<meta property=\"og:title\" content=\"Zeechat - Live Video Chat, Online Video Call - StrangerCam\" \/>\n<meta property=\"og:description\" content=\"Like Zeechat? Come chat with more than 5.000.000 strangers on Stranger Cam for Free! Turn on your cam and find new friends &amp; maby a match!\" \/>\n<meta property=\"og:url\" content=\"https:\/\/strangercam.com\/da\/zeechat\/\" \/>\n<meta property=\"og:site_name\" content=\"Strangercam\" \/>\n<meta property=\"article:publisher\" content=\"https:\/\/www.facebook.com\/strangercam\" \/>\n<meta property=\"og:image\" content=\"https:\/\/strangercam.com\/wp-content\/uploads\/2021\/10\/Untitled-2.png\" \/>\n\t<meta property=\"og:image:width\" content=\"800\" \/>\n\t<meta property=\"og:image:height\" content=\"532\" \/>\n\t<meta property=\"og:image:type\" content=\"image\/png\" \/>\n<meta name=\"twitter:card\" content=\"summary_large_image\" \/>\n<meta name=\"twitter:site\" content=\"@strangercamapp\" \/>\n<meta name=\"twitter:label1\" content=\"Estimeret l\u00e6setid\" \/>\n\t<meta name=\"twitter:data1\" content=\"6 minutter\" \/>\n<script type=\"application\/ld+json\" class=\"yoast-schema-graph\">{\"@context\":\"https:\\\/\\\/schema.org\",\"@graph\":[{\"@type\":\"WebPage\",\"@id\":\"https:\\\/\\\/strangercam.com\\\/zeechat\\\/\",\"url\":\"https:\\\/\\\/strangercam.com\\\/zeechat\\\/\",\"name\":\"Zeechat - Live Video Chat, Online Video Call - StrangerCam\",\"isPartOf\":{\"@id\":\"https:\\\/\\\/strangercam.com\\\/#website\"},\"datePublished\":\"2025-07-28T10:00:33+00:00\",\"description\":\"Like Zeechat? Come chat with more than 5.000.000 strangers on Stranger Cam for Free! Turn on your cam and find new friends & maby a match!\",\"breadcrumb\":{\"@id\":\"https:\\\/\\\/strangercam.com\\\/zeechat\\\/#breadcrumb\"},\"inLanguage\":\"da-DK\",\"potentialAction\":[{\"@type\":\"ReadAction\",\"target\":[\"https:\\\/\\\/strangercam.com\\\/zeechat\\\/\"]}]},{\"@type\":\"BreadcrumbList\",\"@id\":\"https:\\\/\\\/strangercam.com\\\/zeechat\\\/#breadcrumb\",\"itemListElement\":[{\"@type\":\"ListItem\",\"position\":1,\"name\":\"Home\",\"item\":\"https:\\\/\\\/strangercam.com\\\/\"},{\"@type\":\"ListItem\",\"position\":2,\"name\":\"Zeechat\"}]},{\"@type\":\"WebSite\",\"@id\":\"https:\\\/\\\/strangercam.com\\\/#website\",\"url\":\"https:\\\/\\\/strangercam.com\\\/\",\"name\":\"Strangercam\",\"description\":\"Random Video Chat with Strangers\",\"publisher\":{\"@id\":\"https:\\\/\\\/strangercam.com\\\/#organization\"},\"alternateName\":\"Strangercam.com\",\"potentialAction\":[{\"@type\":\"SearchAction\",\"target\":{\"@type\":\"EntryPoint\",\"urlTemplate\":\"https:\\\/\\\/strangercam.com\\\/?s={search_term_string}\"},\"query-input\":{\"@type\":\"PropertyValueSpecification\",\"valueRequired\":true,\"valueName\":\"search_term_string\"}}],\"inLanguage\":\"da-DK\"},{\"@type\":\"Organization\",\"@id\":\"https:\\\/\\\/strangercam.com\\\/#organization\",\"name\":\"Strangercam\",\"alternateName\":\"Strangercam.com\",\"url\":\"https:\\\/\\\/strangercam.com\\\/\",\"logo\":{\"@type\":\"ImageObject\",\"inLanguage\":\"da-DK\",\"@id\":\"https:\\\/\\\/strangercam.com\\\/#\\\/schema\\\/logo\\\/image\\\/\",\"url\":\"https:\\\/\\\/strangercam.com\\\/wp-content\\\/uploads\\\/2020\\\/11\\\/cropped-new-favicon-black.png\",\"contentUrl\":\"https:\\\/\\\/strangercam.com\\\/wp-content\\\/uploads\\\/2020\\\/11\\\/cropped-new-favicon-black.png\",\"width\":512,\"height\":512,\"caption\":\"Strangercam\"},\"image\":{\"@id\":\"https:\\\/\\\/strangercam.com\\\/#\\\/schema\\\/logo\\\/image\\\/\"},\"sameAs\":[\"https:\\\/\\\/www.facebook.com\\\/strangercam\",\"https:\\\/\\\/x.com\\\/strangercamapp\"]}]}<\/script>\n<!-- \/ Yoast SEO plugin. -->","yoast_head_json":{"title":"Zeechat - Live videochat, online videoopkald - StrangerCam","description":"Kan du lide Zeechat? Kom og chat med mere end 5.000.000 fremmede p\u00e5 Stranger Cam helt gratis! T\u00e6nd for dit kamera og find nye venner og m\u00e5ske et match!","robots":{"index":"index","follow":"follow","max-snippet":"max-snippet:-1","max-image-preview":"max-image-preview:large","max-video-preview":"max-video-preview:-1"},"canonical":"https:\/\/strangercam.com\/da\/zeechat\/","og_locale":"da_DK","og_type":"article","og_title":"Zeechat - Live Video Chat, Online Video Call - StrangerCam","og_description":"Like Zeechat? Come chat with more than 5.000.000 strangers on Stranger Cam for Free! Turn on your cam and find new friends & maby a match!","og_url":"https:\/\/strangercam.com\/da\/zeechat\/","og_site_name":"Strangercam","article_publisher":"https:\/\/www.facebook.com\/strangercam","og_image":[{"width":800,"height":532,"url":"https:\/\/strangercam.com\/wp-content\/uploads\/2021\/10\/Untitled-2.png","type":"image\/png"}],"twitter_card":"summary_large_image","twitter_site":"@strangercamapp","twitter_misc":{"Estimeret l\u00e6setid":"6 minutter"},"schema":{"@context":"https:\/\/schema.org","@graph":[{"@type":"WebPage","@id":"https:\/\/strangercam.com\/zeechat\/","url":"https:\/\/strangercam.com\/zeechat\/","name":"Zeechat - Live videochat, online videoopkald - StrangerCam","isPartOf":{"@id":"https:\/\/strangercam.com\/#website"},"datePublished":"2025-07-28T10:00:33+00:00","description":"Kan du lide Zeechat? Kom og chat med mere end 5.000.000 fremmede p\u00e5 Stranger Cam helt gratis! T\u00e6nd for dit kamera og find nye venner og m\u00e5ske et match!","breadcrumb":{"@id":"https:\/\/strangercam.com\/zeechat\/#breadcrumb"},"inLanguage":"da-DK","potentialAction":[{"@type":"ReadAction","target":["https:\/\/strangercam.com\/zeechat\/"]}]},{"@type":"BreadcrumbList","@id":"https:\/\/strangercam.com\/zeechat\/#breadcrumb","itemListElement":[{"@type":"ListItem","position":1,"name":"Home","item":"https:\/\/strangercam.com\/"},{"@type":"ListItem","position":2,"name":"Zeechat"}]},{"@type":"WebSite","@id":"https:\/\/strangercam.com\/#website","url":"https:\/\/strangercam.com\/","name":"Strangercam","description":"Tilf\u00e6ldig videochat med fremmede","publisher":{"@id":"https:\/\/strangercam.com\/#organization"},"alternateName":"Strangercam.com","potentialAction":[{"@type":"SearchAction","target":{"@type":"EntryPoint","urlTemplate":"https:\/\/strangercam.com\/?s={search_term_string}"},"query-input":{"@type":"PropertyValueSpecification","valueRequired":true,"valueName":"search_term_string"}}],"inLanguage":"da-DK"},{"@type":"Organization","@id":"https:\/\/strangercam.com\/#organization","name":"Strangercam","alternateName":"Strangercam.com","url":"https:\/\/strangercam.com\/","logo":{"@type":"ImageObject","inLanguage":"da-DK","@id":"https:\/\/strangercam.com\/#\/schema\/logo\/image\/","url":"https:\/\/strangercam.com\/wp-content\/uploads\/2020\/11\/cropped-new-favicon-black.png","contentUrl":"https:\/\/strangercam.com\/wp-content\/uploads\/2020\/11\/cropped-new-favicon-black.png","width":512,"height":512,"caption":"Strangercam"},"image":{"@id":"https:\/\/strangercam.com\/#\/schema\/logo\/image\/"},"sameAs":["https:\/\/www.facebook.com\/strangercam","https:\/\/x.com\/strangercamapp"]}]}},"_links":{"self":[{"href":"https:\/\/strangercam.com\/da\/wp-json\/wp\/v2\/pages\/12946","targetHints":{"allow":["GET"]}}],"collection":[{"href":"https:\/\/strangercam.com\/da\/wp-json\/wp\/v2\/pages"}],"about":[{"href":"https:\/\/strangercam.com\/da\/wp-json\/wp\/v2\/types\/page"}],"author":[{"embeddable":true,"href":"https:\/\/strangercam.com\/da\/wp-json\/wp\/v2\/users\/6"}],"replies":[{"embeddable":true,"href":"https:\/\/strangercam.com\/da\/wp-json\/wp\/v2\/comments?post=12946"}],"version-history":[{"count":1,"href":"https:\/\/strangercam.com\/da\/wp-json\/wp\/v2\/pages\/12946\/revisions"}],"predecessor-version":[{"id":12947,"href":"https:\/\/strangercam.com\/da\/wp-json\/wp\/v2\/pages\/12946\/revisions\/12947"}],"wp:attachment":[{"href":"https:\/\/strangercam.com\/da\/wp-json\/wp\/v2\/media?parent=12946"}],"curies":[{"name":"wp","href":"https:\/\/api.w.org\/{rel}","templated":true}]}}