{"id":12944,"date":"2025-07-28T11:56:56","date_gmt":"2025-07-28T09:56:56","guid":{"rendered":"https:\/\/strangercam.com\/?page_id=12944"},"modified":"2025-07-28T11:56:56","modified_gmt":"2025-07-28T09:56:56","slug":"lotta","status":"publish","type":"page","link":"https:\/\/strangercam.com\/da\/lotta\/","title":{"rendered":"Lotta"},"content":{"rendered":"<p>Som klassiske tilf\u00e6ldige videochatplatforme som <a href=\"https:\/\/strangercam.com\/da\/omegle\/\">Omegle<\/a> I stedet for at forsvinde fra rampelyset tr\u00e6der en ny b\u00f8lge af sider frem for at tilbyde brugerne den samme spontane, anonyme oplevelse - med et moderne twist. Lotta er et af de nyeste og hurtigst voksende alternativer i 2025, der kombinerer den grundl\u00e6ggende sp\u00e6nding ved tilf\u00e6ldig cam-to-cam chat med forbedret hastighed, sikkerhed og en elegant, mobilklar gr\u00e6nseflade.<\/p>\n<p>Men er Lotta din tid v\u00e6rd? Skiller den sig ud fra andre nye Omegle-lignende videochatsider? I denne omfattende gennemgang d\u00e6kker vi alt, hvad du har brug for at vide: hvordan Lotta fungerer, hvilke funktioner den tilbyder, hvem der bruger den, og hvordan den sammenligner sig med andre store tilf\u00e6ldige chatplatforme i 2025.<\/p>\n<h2>Hvad er Lotta?<\/h2>\n<p>Lotta er en browserbaseret, tilf\u00e6ldig videochatplatform, der er designet til \u00f8jeblikkelige, anonyme forbindelser med fremmede fra hele verden. Brugere kan deltage med et enkelt klik - der kr\u00e6ves ingen registrering, profiler eller app-downloads. Webstedet er bygget til hastighed og enkelhed, s\u00e5 du kan starte live videochats p\u00e5 f\u00e5 sekunder.<\/p>\n<p>Ligesom den oprindelige Omegle matcher Lotta brugere en-til-en til private videosamtaler. Men hvor Omegle's interface nu f\u00f8les for\u00e6ldet og moderationen inkonsekvent, leverer Lotta en mere moderne, sikker og brugervenlig oplevelse, samtidig med at den forbliver 100%-fri.<\/p>\n<h2>Hvad er form\u00e5let med Lotta?<\/h2>\n<p>Lotta blev skabt for at genoplive magien ved anonym, tilf\u00e6ldig videochat, som gjorde Omegle til et kulturelt f\u00e6nomen, men med vigtige forbedringer for nutidens brugere:<\/p>\n<ul>\n<li>Spontane m\u00f8der ansigt til ansigt: <a href=\"https:\/\/strangercam.com\/da\/coomeet\/\">M\u00f8des<\/a> en ny person, n\u00e5r som helst, hvor som helst.<\/li>\n<li>\u00c6gte anonymitet: Ingen profiler, ingen tilmelding, ingen sociale medier.<\/li>\n<li>Moderne sikkerhed og moderation: Hold samtaler sikre og indbydende.<\/li>\n<li>Hurtig, gnidningsfri adgang: Begynd at chatte med det samme p\u00e5 computer eller mobil.<\/li>\n<\/ul>\n<p>Uanset om du vil f\u00e5 nye venner, \u00f8ve dig p\u00e5 et sprog, flirte eller bare have en sjov chat med en fremmed, er Lotta designet til dig.<\/p>\n<h2>Vigtige funktioner<\/h2>\n<p>1. Tilf\u00e6ldig videochat en-til-en<br \/>\nLotta's kernefunktion er den \u00f8jeblikkelige, private cam-to-cam chat. Klik p\u00e5 \"Start\", aktiver dit webkamera og din mikrofon, og s\u00e5 er du matchet p\u00e5 f\u00e5 sekunder. Ingen brugernavne eller biografier - bare dig og en fremmed, ansigt til ansigt.<\/p>\n<p>2. Mulighed for tekstchat<br \/>\nUd over video giver Lotta brugerne mulighed for at sende tekstbeskeder i chatten. Det er nyttigt, n\u00e5r man skal bryde isen, h\u00e5ndtere sprogbarrierer, eller hvis man helst ikke vil tale h\u00f8jt.<\/p>\n<p>3. N\u00e6ste\/Skip-knap<br \/>\nHvis du ikke kan lide stemningen, skal du bare trykke p\u00e5 \"N\u00e6ste\" for straks at blive matchet med en ny. Der er ingen straf eller gr\u00e6nse for, hvor ofte du kan springe over.<\/p>\n<p>4. 100% Anonym, ingen registrering<br \/>\nDu beh\u00f8ver ikke at tilmelde dig, oprette en profil eller dele nogen personlige oplysninger. Alle sessioner er midlertidige og private, hvilket g\u00f8r Lotta til en af de mest anonyme chatoplevelser online.<\/p>\n<p>5. Moderne, mobiloptimeret design<br \/>\nLotta fungerer problemfrit i b\u00e5de desktop- og mobilbrowsere. Gr\u00e6nsefladen er ren og responsiv, hvilket g\u00f8r det nemt at chatte p\u00e5 din telefon, tablet eller laptop - ingen downloads er n\u00f8dvendige.<\/p>\n<p>6. Moderations- og rapporteringsv\u00e6rkt\u00f8jer<br \/>\nFor at holde platformen sikker har Lotta en rapporteringsknap i chatten og bruger en blanding af automatiseret (AI-drevet) og menneskelig moderation. Brugere kan markere upassende indhold eller adf\u00e6rd med det samme.<\/p>\n<p>7. Hurtig matchning og lav latenstid<br \/>\nLotta's matchningsmotor er bygget til hastighed. Videoforbindelserne er hurtige og stabile med minimal forsinkelse - selv i travle timer eller p\u00e5 mobile enheder.<\/p>\n<h2>Er Lotta gratis?<\/h2>\n<p>Ja, Lotta er helt gratis at bruge. Alle kernefunktioner - videochat, tekstchat og ubegr\u00e6nset skipping - er tilg\u00e6ngelige for alle uden skjulte betalingsmure eller abonnementsniveauer.<\/p>\n<p>Webstedet kan indeholde lette, ikke-p\u00e5tr\u00e6ngende reklamer for at underst\u00f8tte driften, men disse afbryder aldrig chatoplevelsen eller begr\u00e6nser adgangen.<\/p>\n<h2>Hvem bruger Lotta?<\/h2>\n<p>Lotta er hurtigt ved at opbygge en mangfoldig, global brugerbase, herunder:<\/p>\n<ul>\n<li>Alder: Prim\u00e6rt 18-35 (udelukkende voksne)<\/li>\n<li>Lokationer: Brugere fra USA, Canada, Storbritannien, Tyskland, Indien, Brasilien, Syd\u00f8stasien m.fl.<\/li>\n<li>Interesser: Flirte, f\u00e5 venner, sprogudveksling, afslappet samtale, kulturel opdagelse<\/li>\n<\/ul>\n<p>Fordi den er ny, har Lotta en tendens til at tiltr\u00e6kke teknisk kyndige brugere, studerende og dem, der savner den uskrevne energi fra den klassiske Omegle. K\u00f8nsfordelingen svarer til andre <a href=\"https:\/\/strangercam.com\/da\/bazoocam\/\">cam<\/a> chatsider med flere mandlige end kvindelige brugere, men den kvindelige deltagelse vokser i takt med, at siden bliver mere popul\u00e6r og f\u00e5r et bedre ry.<\/p>\n<h2>Sikkerhed, privatliv og moderation<\/h2>\n<p>Lotta anerkender, at anonymitet giver b\u00e5de frihed og risiko. Platformen har en proaktiv tilgang til brugernes sikkerhed og privatliv:<\/p>\n<h3>Privatlivets fred<\/h3>\n<ul>\n<li>Ingen tilmelding eller personlige data p\u00e5kr\u00e6vet<\/li>\n<li>Chats bliver ikke optaget eller gemt<\/li>\n<li>Du kontrollerer dit webcam\/mikrofon hele tiden<\/li>\n<li>Ingen IP-deling med chatpartnere<\/li>\n<\/ul>\n<h3>Moderation<\/h3>\n<ul>\n<li>Rapport-knap i chatten: Marker \u00f8jeblikkeligt enhver upassende eller kr\u00e6nkende adf\u00e6rd<\/li>\n<li>AI-drevet indholdsfiltrering: Registrerer og blokerer visse overtr\u00e6delser i realtid<\/li>\n<li>Menneskelige moderatorer: Gennemg\u00e5r rapporter og h\u00e5ndh\u00e6ver platformens regler<\/li>\n<\/ul>\n<h3>Bedste praksis<\/h3>\n<ul>\n<li>Del aldrig personlige oplysninger i chat<\/li>\n<li>Brug knapperne \"N\u00e6ste\" og \"Rapporter\", n\u00e5r du f\u00f8ler dig utilpas.<\/li>\n<li>Husk, at alle interaktioner er med fremmede; udvis normal forsigtighed p\u00e5 internettet.<\/li>\n<\/ul>\n<h2>Brugeroplevelse og design<\/h2>\n<p>Lotta's brugergr\u00e6nseflade er en af dens bedste funktioner. Den er moderne, minimal og uden forstyrrelser:<\/p>\n<ul>\n<li>Hjemmesiden pr\u00e6senterer en fed \"Start chat\"-knap med klare oplysninger om privatlivets fred og regler<\/li>\n<li>Inden for f\u00e5 sekunder er du matchet og chatter live<\/li>\n<li>Videovinduerne er store, og der er nem betjening til at sl\u00e5 lyden fra, springe over og rapportere.<\/li>\n<li>Mobilgr\u00e6nsefladen er lige s\u00e5 ren og brugbar som desktopversionen.<\/li>\n<\/ul>\n<p>Lotta undg\u00e5r pop op-vinduer, overdrevne reklamer og registreringsanmodninger, hvilket giver en gnidningsfri og behagelig chatoplevelse hver gang.<\/p>\n<h2>Lotta vs. andre tilf\u00e6ldige videochat-platforme<\/h2>\n<p>Hvordan er Lotta sammenlignet med Omegle-alternativer i 2025?<\/p>\n<table>\n<thead>\n<tr>\n<th>Funktion<\/th>\n<th>Lotta<\/th>\n<th>Omegle (lukket)<\/th>\n<th>Ohmegle<\/th>\n<th><a href=\"https:\/\/strangercam.com\/da\/ometv\/\">OmeTV<\/a><\/th>\n<th>Chaty<\/th>\n<th>ChitChatTV<\/th>\n<\/tr>\n<\/thead>\n<tbody>\n<tr>\n<td>Videochat<\/td>\n<td>Ja<\/td>\n<td>Ja<\/td>\n<td>Ja<\/td>\n<td>Ja<\/td>\n<td>Ja<\/td>\n<td>Ja<\/td>\n<\/tr>\n<tr>\n<td>Tekst-chat<\/td>\n<td>Ja<\/td>\n<td>Ja<\/td>\n<td>Ja<\/td>\n<td>Ja<\/td>\n<td>Ja<\/td>\n<td>Ja<\/td>\n<\/tr>\n<tr>\n<td>Tilmelding n\u00f8dvendig<\/td>\n<td>Nej<\/td>\n<td>Nej<\/td>\n<td>Nej<\/td>\n<td>Nej<\/td>\n<td>Nej<\/td>\n<td>Nej<\/td>\n<\/tr>\n<tr>\n<td>Mobil support<\/td>\n<td>Fremragende<\/td>\n<td>D\u00e5rlig<\/td>\n<td>Fremragende<\/td>\n<td>God<\/td>\n<td>Fremragende<\/td>\n<td>Fremragende<\/td>\n<\/tr>\n<tr>\n<td>K\u00f8n\/region-filter<\/td>\n<td>Nej<\/td>\n<td>Nej<\/td>\n<td>Nej<\/td>\n<td>Betalt<\/td>\n<td>Nej<\/td>\n<td>Nej<\/td>\n<\/tr>\n<tr>\n<td>Moderation\/rapportering<\/td>\n<td>God<\/td>\n<td>Svag<\/td>\n<td>Moderat<\/td>\n<td>St\u00e6rk<\/td>\n<td>Moderat<\/td>\n<td>God<\/td>\n<\/tr>\n<tr>\n<td>Gratis at bruge<\/td>\n<td>Ja<\/td>\n<td>Ja<\/td>\n<td>Ja<\/td>\n<td>Ja\/betalt<\/td>\n<td>Ja<\/td>\n<td>Ja<\/td>\n<\/tr>\n<\/tbody>\n<\/table>\n<p>Resum\u00e9: Lotta konkurrerer med Ohmegle, Chaty og ChitChatTV i hastighed og brugervenlighed, men skiller sig ud med sit friske design og sin glatte oplevelse, is\u00e6r for nye brugere og dem p\u00e5 mobilen.<\/p>\n<h2>Fordele og ulemper<\/h2>\n<p>Fordele:<\/p>\n<ul>\n<li>100% gratis, \u00f8jeblikkelig adgang - ingen tilmelding n\u00f8dvendig<\/li>\n<li>Fuldst\u00e6ndig anonym og privat<\/li>\n<li>Hurtige, stabile video- og tekstchatforbindelser<\/li>\n<li>Elegant, moderne og mobiloptimeret brugerflade<\/li>\n<li>Robuste rapporterings- og moderationsv\u00e6rkt\u00f8jer<\/li>\n<li>Perfekt til afslappede, uskrevne samtaler i hele verden<\/li>\n<\/ul>\n<p>Ulemper:<\/p>\n<ul>\n<li>Ingen k\u00f8ns- eller stedsfiltre (matches er tilf\u00e6ldige)<\/li>\n<li>Lejlighedsvis eksponering for upassende adf\u00e6rd (trods moderation)<\/li>\n<li>Ingen brugerprofiler, vennelister eller mulighed for at genoprette forbindelse<\/li>\n<li>Flere mandlige end kvindelige brugere (almindeligt i denne niche)<\/li>\n<li>Platformen udvider stadig sin brugerbase i forhold til \u00e6ldre giganter<\/li>\n<\/ul>\n<h2>Ideelle brugsscenarier<\/h2>\n<p>Lotta er perfekt til:<\/p>\n<p>Ventilatorer af Omegle, <a href=\"https:\/\/strangercam.com\/da\/chatroulette\/\">Chatroulette<\/a>, eller Ohmegle, der s\u00f8ger en ny platform<\/p>\n<p>Brugere, der \u00f8nsker hurtig, anonym, video-f\u00f8rste chat uden registrering<\/p>\n<p>Sprogstuderende, expats og rejsende, der \u00f8nsker globale samtaler<\/p>\n<p>Folk, der leder efter spontant socialt samv\u00e6r, sjov eller en kedsomhedsbryder<\/p>\n<p>Det er mindre ideelt til:<\/p>\n<ul>\n<li>Dem, der s\u00f8ger dating-specifikke funktioner eller brugerfiltre<\/li>\n<li>Brugere under 18 \u00e5r (strengt alderskrav)<\/li>\n<li>Folk, der \u00f8nsker at genoptage kontakten med specifikke brugere eller opbygge langvarige chats<\/li>\n<\/ul>\n<p>Lotta er en af de bedste nye Omegle-lignende videochatsider i 2025, der leverer \u00f8jeblikkelige, anonyme forbindelser med fremmede i en moderne, brugervenlig pakke. Med ingen registrering, hurtig matchning og et st\u00e6rkt fokus p\u00e5 privatliv og sikkerhed er det en v\u00e6rdig efterf\u00f8lger til den klassiske tilf\u00e6ldige videochatoplevelse.<\/p>\n<p>Hvis du vil m\u00f8de nye mennesker, f\u00e5 venner, flirte eller bare chatte i realtid med nogen fra hele verden, er ATP154T absolut et fors\u00f8g v\u00e6rd. Dens friske design, p\u00e5lidelige ydeevne og tilg\u00e6ngelige funktioner g\u00f8r den til et topvalg for den n\u00e6ste generation af tilf\u00e6ldige chattere.<\/p>","protected":false},"excerpt":{"rendered":"<p>As classic random video chat platforms like Omegle fade from the spotlight, a new wave of sites is stepping up to offer users the same spontaneous, anonymous experience\u2014with a modern twist. Lotta is one of the newest and fastest-growing alternatives in 2025, combining the core excitement of random cam-to-cam chat with improved speed, security, and [&hellip;]<\/p>\n","protected":false},"author":6,"featured_media":0,"parent":0,"menu_order":0,"comment_status":"closed","ping_status":"closed","template":"","meta":{"footnotes":""},"class_list":["post-12944","page","type-page","status-publish","hentry"],"yoast_head":"<!-- This site is optimized with the Yoast SEO plugin v27.4 - https:\/\/yoast.com\/product\/yoast-seo-wordpress\/ -->\n<title>Lotta - Meet Strangers &amp; Video Chat Online - StrangerCam<\/title>\n<meta name=\"description\" content=\"Like Lotta? Come chat with more than 5.000.000 strangers on Stranger Cam for Free! Turn on your cam and find new friends &amp; maby a match!\" \/>\n<meta name=\"robots\" content=\"index, follow, max-snippet:-1, max-image-preview:large, max-video-preview:-1\" \/>\n<link rel=\"canonical\" href=\"https:\/\/strangercam.com\/da\/lotta\/\" \/>\n<meta property=\"og:locale\" content=\"da_DK\" \/>\n<meta property=\"og:type\" content=\"article\" \/>\n<meta property=\"og:title\" content=\"Lotta - Meet Strangers &amp; Video Chat Online - StrangerCam\" \/>\n<meta property=\"og:description\" content=\"Like Lotta? Come chat with more than 5.000.000 strangers on Stranger Cam for Free! Turn on your cam and find new friends &amp; maby a match!\" \/>\n<meta property=\"og:url\" content=\"https:\/\/strangercam.com\/da\/lotta\/\" \/>\n<meta property=\"og:site_name\" content=\"Strangercam\" \/>\n<meta property=\"article:publisher\" content=\"https:\/\/www.facebook.com\/strangercam\" \/>\n<meta property=\"og:image\" content=\"https:\/\/strangercam.com\/wp-content\/uploads\/2021\/10\/Untitled-2.png\" \/>\n\t<meta property=\"og:image:width\" content=\"800\" \/>\n\t<meta property=\"og:image:height\" content=\"532\" \/>\n\t<meta property=\"og:image:type\" content=\"image\/png\" \/>\n<meta name=\"twitter:card\" content=\"summary_large_image\" \/>\n<meta name=\"twitter:site\" content=\"@strangercamapp\" \/>\n<meta name=\"twitter:label1\" content=\"Estimeret l\u00e6setid\" \/>\n\t<meta name=\"twitter:data1\" content=\"6 minutter\" \/>\n<script type=\"application\/ld+json\" class=\"yoast-schema-graph\">{\"@context\":\"https:\\\/\\\/schema.org\",\"@graph\":[{\"@type\":\"WebPage\",\"@id\":\"https:\\\/\\\/strangercam.com\\\/lotta\\\/\",\"url\":\"https:\\\/\\\/strangercam.com\\\/lotta\\\/\",\"name\":\"Lotta - Meet Strangers & Video Chat Online - StrangerCam\",\"isPartOf\":{\"@id\":\"https:\\\/\\\/strangercam.com\\\/#website\"},\"datePublished\":\"2025-07-28T09:56:56+00:00\",\"description\":\"Like Lotta? Come chat with more than 5.000.000 strangers on Stranger Cam for Free! Turn on your cam and find new friends & maby a match!\",\"breadcrumb\":{\"@id\":\"https:\\\/\\\/strangercam.com\\\/lotta\\\/#breadcrumb\"},\"inLanguage\":\"da-DK\",\"potentialAction\":[{\"@type\":\"ReadAction\",\"target\":[\"https:\\\/\\\/strangercam.com\\\/lotta\\\/\"]}]},{\"@type\":\"BreadcrumbList\",\"@id\":\"https:\\\/\\\/strangercam.com\\\/lotta\\\/#breadcrumb\",\"itemListElement\":[{\"@type\":\"ListItem\",\"position\":1,\"name\":\"Home\",\"item\":\"https:\\\/\\\/strangercam.com\\\/\"},{\"@type\":\"ListItem\",\"position\":2,\"name\":\"Lotta\"}]},{\"@type\":\"WebSite\",\"@id\":\"https:\\\/\\\/strangercam.com\\\/#website\",\"url\":\"https:\\\/\\\/strangercam.com\\\/\",\"name\":\"Strangercam\",\"description\":\"Random Video Chat with Strangers\",\"publisher\":{\"@id\":\"https:\\\/\\\/strangercam.com\\\/#organization\"},\"alternateName\":\"Strangercam.com\",\"potentialAction\":[{\"@type\":\"SearchAction\",\"target\":{\"@type\":\"EntryPoint\",\"urlTemplate\":\"https:\\\/\\\/strangercam.com\\\/?s={search_term_string}\"},\"query-input\":{\"@type\":\"PropertyValueSpecification\",\"valueRequired\":true,\"valueName\":\"search_term_string\"}}],\"inLanguage\":\"da-DK\"},{\"@type\":\"Organization\",\"@id\":\"https:\\\/\\\/strangercam.com\\\/#organization\",\"name\":\"Strangercam\",\"alternateName\":\"Strangercam.com\",\"url\":\"https:\\\/\\\/strangercam.com\\\/\",\"logo\":{\"@type\":\"ImageObject\",\"inLanguage\":\"da-DK\",\"@id\":\"https:\\\/\\\/strangercam.com\\\/#\\\/schema\\\/logo\\\/image\\\/\",\"url\":\"https:\\\/\\\/strangercam.com\\\/wp-content\\\/uploads\\\/2020\\\/11\\\/cropped-new-favicon-black.png\",\"contentUrl\":\"https:\\\/\\\/strangercam.com\\\/wp-content\\\/uploads\\\/2020\\\/11\\\/cropped-new-favicon-black.png\",\"width\":512,\"height\":512,\"caption\":\"Strangercam\"},\"image\":{\"@id\":\"https:\\\/\\\/strangercam.com\\\/#\\\/schema\\\/logo\\\/image\\\/\"},\"sameAs\":[\"https:\\\/\\\/www.facebook.com\\\/strangercam\",\"https:\\\/\\\/x.com\\\/strangercamapp\"]}]}<\/script>\n<!-- \/ Yoast SEO plugin. -->","yoast_head_json":{"title":"Lotta - M\u00f8d fremmede og videochat online - StrangerCam","description":"Kan du lide Lotta? Kom og chat med mere end 5.000.000 fremmede p\u00e5 Stranger Cam helt gratis! T\u00e6nd for dit kamera og find nye venner og m\u00e5ske et match!","robots":{"index":"index","follow":"follow","max-snippet":"max-snippet:-1","max-image-preview":"max-image-preview:large","max-video-preview":"max-video-preview:-1"},"canonical":"https:\/\/strangercam.com\/da\/lotta\/","og_locale":"da_DK","og_type":"article","og_title":"Lotta - Meet Strangers & Video Chat Online - StrangerCam","og_description":"Like Lotta? Come chat with more than 5.000.000 strangers on Stranger Cam for Free! Turn on your cam and find new friends & maby a match!","og_url":"https:\/\/strangercam.com\/da\/lotta\/","og_site_name":"Strangercam","article_publisher":"https:\/\/www.facebook.com\/strangercam","og_image":[{"width":800,"height":532,"url":"https:\/\/strangercam.com\/wp-content\/uploads\/2021\/10\/Untitled-2.png","type":"image\/png"}],"twitter_card":"summary_large_image","twitter_site":"@strangercamapp","twitter_misc":{"Estimeret l\u00e6setid":"6 minutter"},"schema":{"@context":"https:\/\/schema.org","@graph":[{"@type":"WebPage","@id":"https:\/\/strangercam.com\/lotta\/","url":"https:\/\/strangercam.com\/lotta\/","name":"Lotta - M\u00f8d fremmede og videochat online - StrangerCam","isPartOf":{"@id":"https:\/\/strangercam.com\/#website"},"datePublished":"2025-07-28T09:56:56+00:00","description":"Kan du lide Lotta? Kom og chat med mere end 5.000.000 fremmede p\u00e5 Stranger Cam helt gratis! T\u00e6nd for dit kamera og find nye venner og m\u00e5ske et match!","breadcrumb":{"@id":"https:\/\/strangercam.com\/lotta\/#breadcrumb"},"inLanguage":"da-DK","potentialAction":[{"@type":"ReadAction","target":["https:\/\/strangercam.com\/lotta\/"]}]},{"@type":"BreadcrumbList","@id":"https:\/\/strangercam.com\/lotta\/#breadcrumb","itemListElement":[{"@type":"ListItem","position":1,"name":"Home","item":"https:\/\/strangercam.com\/"},{"@type":"ListItem","position":2,"name":"Lotta"}]},{"@type":"WebSite","@id":"https:\/\/strangercam.com\/#website","url":"https:\/\/strangercam.com\/","name":"Strangercam","description":"Tilf\u00e6ldig videochat med fremmede","publisher":{"@id":"https:\/\/strangercam.com\/#organization"},"alternateName":"Strangercam.com","potentialAction":[{"@type":"SearchAction","target":{"@type":"EntryPoint","urlTemplate":"https:\/\/strangercam.com\/?s={search_term_string}"},"query-input":{"@type":"PropertyValueSpecification","valueRequired":true,"valueName":"search_term_string"}}],"inLanguage":"da-DK"},{"@type":"Organization","@id":"https:\/\/strangercam.com\/#organization","name":"Strangercam","alternateName":"Strangercam.com","url":"https:\/\/strangercam.com\/","logo":{"@type":"ImageObject","inLanguage":"da-DK","@id":"https:\/\/strangercam.com\/#\/schema\/logo\/image\/","url":"https:\/\/strangercam.com\/wp-content\/uploads\/2020\/11\/cropped-new-favicon-black.png","contentUrl":"https:\/\/strangercam.com\/wp-content\/uploads\/2020\/11\/cropped-new-favicon-black.png","width":512,"height":512,"caption":"Strangercam"},"image":{"@id":"https:\/\/strangercam.com\/#\/schema\/logo\/image\/"},"sameAs":["https:\/\/www.facebook.com\/strangercam","https:\/\/x.com\/strangercamapp"]}]}},"_links":{"self":[{"href":"https:\/\/strangercam.com\/da\/wp-json\/wp\/v2\/pages\/12944","targetHints":{"allow":["GET"]}}],"collection":[{"href":"https:\/\/strangercam.com\/da\/wp-json\/wp\/v2\/pages"}],"about":[{"href":"https:\/\/strangercam.com\/da\/wp-json\/wp\/v2\/types\/page"}],"author":[{"embeddable":true,"href":"https:\/\/strangercam.com\/da\/wp-json\/wp\/v2\/users\/6"}],"replies":[{"embeddable":true,"href":"https:\/\/strangercam.com\/da\/wp-json\/wp\/v2\/comments?post=12944"}],"version-history":[{"count":1,"href":"https:\/\/strangercam.com\/da\/wp-json\/wp\/v2\/pages\/12944\/revisions"}],"predecessor-version":[{"id":12945,"href":"https:\/\/strangercam.com\/da\/wp-json\/wp\/v2\/pages\/12944\/revisions\/12945"}],"wp:attachment":[{"href":"https:\/\/strangercam.com\/da\/wp-json\/wp\/v2\/media?parent=12944"}],"curies":[{"name":"wp","href":"https:\/\/api.w.org\/{rel}","templated":true}]}}