{"id":12942,"date":"2025-07-28T11:02:46","date_gmt":"2025-07-28T09:02:46","guid":{"rendered":"https:\/\/strangercam.com\/?page_id=12942"},"modified":"2025-07-28T11:02:46","modified_gmt":"2025-07-28T09:02:46","slug":"chatiwi","status":"publish","type":"page","link":"https:\/\/strangercam.com\/da\/chatiwi\/","title":{"rendered":"Chatiwi"},"content":{"rendered":"<p>Verden af online <a href=\"https:\/\/strangercam.com\/da\/chatroulette\/\">chat<\/a> rum har udviklet sig hurtigt, men eftersp\u00f8rgslen efter enkle, \u00f8jeblikkelige og anonyme sociale platforme er st\u00f8rre end nogensinde. I takt med at \u00e6ldre sider som <a href=\"https:\/\/strangercam.com\/da\/chatiw\/\">Chatiw<\/a> og <a href=\"https:\/\/strangercam.com\/da\/chatib\/\">Chatib<\/a> k\u00e6mper for at holde trit med de moderne brugeres forventninger, tr\u00e6der Chatiwi til som et nyt alternativ - med klassiske live chat-rum, private beskeder og et venligt, globalt f\u00e6llesskab i \u00e9n gratis, lettilg\u00e6ngelig platform.<\/p>\n<p>S\u00e5 hvordan er Chatiwi i forhold til de giganter, der inspirerede den? Er den virkelig gratis, sikker og brugervenlig? I denne dybdeg\u00e5ende gennemgang unders\u00f8ger vi, hvad Chatiwi tilbyder, hvem der bruger den, og hvordan den klarer sig i forhold til andre f\u00f8rende chatplatforme i 2025.<\/p>\n<h2>Hvad er Chatiwi?<\/h2>\n<p>Chatiwi er et moderne, browserbaseret chatrumswebsted, der er inspireret af enkelheden og tilg\u00e6ngeligheden af klassiske platforme som Chatiw og Chatib. Dets centrale l\u00f8fte er at forbinde mennesker fra hele verden med det samme - ingen registrering eller download er p\u00e5kr\u00e6vet. Uanset om du er interesseret i offentlige chatrum eller private en-til-en-samtaler, bringer Chatiwi dig ind i handlingen med bare et kaldenavn og et klik.<\/p>\n<p>Med v\u00e6gt p\u00e5 rent design, responsiv mobilkompatibilitet og et sikkert chatmilj\u00f8 bliver Chatiwi hurtigt en favorit blandt brugere, der s\u00f8ger \u00e6gte samtaler og nye onlinevenner.<\/p>\n<h2>Hvad er form\u00e5let med Chatiwi?<\/h2>\n<p>Chatiwi's mission er at g\u00f8re online socialt samv\u00e6r sjovt, hurtigt og virkelig tilg\u00e6ngeligt for alle. I mods\u00e6tning til apps, der kr\u00e6ver omfattende tilmelding, profilopbygning eller app-installation, sk\u00e6rer Chatiwi tingene ned til det v\u00e6sentlige - at forbinde rigtige mennesker til livechat om emner, de interesserer sig for.<\/p>\n<p>De vigtigste m\u00e5l omfatter:<\/p>\n<ul>\n<li>Tilvejebringelse af \u00e5bne, tematiserede chatrum til gruppediskussioner<\/li>\n<li>Mulighed for s\u00f8ml\u00f8se private chats for mere personlige forbindelser<\/li>\n<li>At skabe et indbydende milj\u00f8 for mennesker fra alle baggrunde, aldre og interesser<\/li>\n<li>Sikre, at alle kan deltage i samtalen med det samme, uden barrierer<\/li>\n<\/ul>\n<p>Uanset om du vil snakke om musik, hobbyer, verdensbegivenheder eller bare sige hej til en ny person, tilbyder Chatiwi et fleksibelt sted at g\u00f8re det.<\/p>\n<h2>Vigtige funktioner<\/h2>\n<p>1. Live offentlige chatrum<br \/>\nChatiwi's st\u00f8rste tr\u00e6kplaster er de mange \u00e5bne, tematiserede chatrum. Fra \u201cGeneral Chat\u201d til rum med s\u00e6rlige interesser kan brugerne deltage i enhver diskussion med et enkelt klik, chatte i realtid og <a href=\"https:\/\/strangercam.com\/da\/coomeet\/\">m\u00f8des<\/a> mennesker fra hele verden.<\/p>\n<p>2. Privat chat en-til-en<br \/>\nVil du have en mere personlig samtale? Chatiwi lader brugerne g\u00e5 fra offentlige rum til private beskeder, hvilket giver mulighed for dybere forbindelser, venskabelige r\u00e5d eller fortrolige diskussioner.<\/p>\n<p>3. Ingen registrering p\u00e5kr\u00e6vet<br \/>\nLigesom de bedste old-school chatsider giver Chatiwi dig mulighed for at begynde at chatte med det samme. Du skal bare v\u00e6lge et kaldenavn - ingen e-mail, telefonnummer eller sociale medier er n\u00f8dvendige.<\/p>\n<p>4. Multi-enhed og mobilvenlig<br \/>\nChatiwi er fuldt responsiv og fungerer problemfrit p\u00e5 b\u00e5de desktop- og mobilbrowsere, hvilket g\u00f8r den perfekt til at chatte p\u00e5 farten.<\/p>\n<p>5. Enkel, moderne brugerflade<br \/>\nSitets rene design holder distraktioner p\u00e5 et minimum. Budskaberne er klare, rummene er nemme at navigere i, og de vigtigste funktioner (mute, block, report) er altid lige ved h\u00e5nden.<\/p>\n<p>6. V\u00e6rkt\u00f8jer til brugersikkerhed og moderation<br \/>\nChatiwi bruger en kombination af live-moderatorer og rapporteringsfunktioner i rummet for at hj\u00e6lpe med at opretholde et sikkert og respektfuldt milj\u00f8.<\/p>\n<p>7. Bred vifte af emner<br \/>\nFra regionale chatrum til s\u00e6rlige interessegrupper er der plads til alle - uanset om du vil diskutere musik, sport, livet eller bare h\u00e6nge ud.<\/p>\n<h2>Er Chatiwi gratis?<\/h2>\n<p>Chatiwi er 100% gratis at bruge. Der er ingen skjulte gebyrer, abonnementer eller betalingsmure. Alle funktioner - offentlige rum, private beskeder og moderationsv\u00e6rkt\u00f8jer - er tilg\u00e6ngelige for alle.<\/p>\n<p>Platformen kan vise lette, ikke-p\u00e5tr\u00e6ngende annoncer for at underst\u00f8tte webstedet, men de forstyrrer aldrig chatoplevelsen.<\/p>\n<h2>Hvem bruger Chatiwi?<\/h2>\n<p>Chatiwi tiltr\u00e6kker en global, forskelligartet brugerbase, ligesom Chatiw og Chatib. Typiske brugere omfatter:<\/p>\n<ul>\n<li>Voksne i alderen 18-40 \u00e5r, men der er en blanding af \u00e6ldre og yngre deltagere<\/li>\n<li>Folk fra Nordamerika, Europa, Sydamerika, Indien og Mellem\u00f8sten<\/li>\n<li>Studerende, professionelle, rejsende, expats og alle, der s\u00f8ger venskab eller afslappet samtale<\/li>\n<\/ul>\n<p>Almindelige grunde til at blive medlem af Chatiwi:<\/p>\n<ul>\n<li>At f\u00e5 nye venner og udvide sin sociale omgangskreds<\/li>\n<li>F\u00e5 tiden til at g\u00e5, slappe af eller undslippe hverdagens stress<\/li>\n<li>Diskutere hobbyer, musik, kultur eller verdensbegivenheder<\/li>\n<li>At s\u00f8ge r\u00e5d, dele historier eller bare chatte for sjov<\/li>\n<\/ul>\n<p>De mange forskellige chatrum sikrer, at alle kan finde et sted, hvor de f\u00f8ler sig godt tilpas og inkluderet.<\/p>\n<h2>Sikkerhed, privatliv og moderation<\/h2>\n<p>Chatiwi l\u00e6gger stor v\u00e6gt p\u00e5 brugernes privatliv og sikker samtale. Se her, hvordan de holder platformen sikker og indbydende:<\/p>\n<h3>Privatlivets fred<\/h3>\n<ul>\n<li>Ingen kontooprettelse eller personlige oplysninger er n\u00f8dvendige<\/li>\n<li>Chats er ikke offentligt arkiverede eller s\u00f8gbare<\/li>\n<li>Brugere interagerer via valgte kaldenavne<\/li>\n<\/ul>\n<h3>Moderation<\/h3>\n<ul>\n<li>Live-moderatorer overv\u00e5ger offentlige rum i spidsbelastningsperioder<\/li>\n<li>In-chat rapportering og blokering giver brugerne mulighed for at markere upassende adf\u00e6rd eller spam<\/li>\n<li>Klare retningslinjer for f\u00e6llesskabet mod mobning, chikane og forstyrrende adf\u00e6rd<\/li>\n<\/ul>\n<h3>Brugerkontrol<\/h3>\n<ul>\n<li>Bloker eller sl\u00e5 lyden fra forstyrrende brugere med det samme<\/li>\n<li>Du kan nemt skifte rum eller \u00e6ndre dit kaldenavn n\u00e5r som helst.<\/li>\n<li>Skift til private chats kun med brugere, du stoler p\u00e5<\/li>\n<\/ul>\n<p>Intet chatrum kan garantere en perfekt oplevelse, men Chatiwi's aktive moderation og brugerdrevne sikkerhedsv\u00e6rkt\u00f8jer g\u00f8r det til et bedre valg end de fleste, n\u00e5r det g\u00e6lder respektfuld og venlig samtale.<\/p>\n<h2>Brugeroplevelse og design<\/h2>\n<p>Chatiwi leverer en j\u00e6vn, intuitiv chatoplevelse:<\/p>\n<ul>\n<li>Hjemmesiden g\u00f8r det nemt at v\u00e6lge v\u00e6relse og indtaste kaldenavn<\/li>\n<li>Chatrum indl\u00e6ses \u00f8jeblikkeligt, selv p\u00e5 mobile enheder<\/li>\n<li>Beskeder leveres hurtigt og p\u00e5lideligt, selv i travle perioder<\/li>\n<li>Notifikationer og private chatinvitationer er nemme at h\u00e5ndtere<\/li>\n<li>Kontrollerne til at blokere, d\u00e6mpe eller rapportere er fremtr\u00e6dende og nemme at bruge<\/li>\n<\/ul>\n<p>Chatiwi undg\u00e5r rod, pop op-vinduer og forvirrende menuer, hvilket g\u00f8r den tilg\u00e6ngelig for brugere i alle aldre og med forskellig teknisk baggrund.<\/p>\n<h2>Chatiwi vs. andre chatrumsplatforme<\/h2>\n<p>Hvordan klarer Chatiwi sig i forhold til sine forg\u00e6ngere og j\u00e6vnaldrende?<\/p>\n<table>\n<thead>\n<tr>\n<th>Funktion<\/th>\n<th>Chatiwi<\/th>\n<th>Chatiw<\/th>\n<th>Chatib<\/th>\n<th>OnlineFreeChat<\/th>\n<th><a href=\"https:\/\/strangercam.com\/da\/wireclub\/\">Wireclub<\/a><\/th>\n<\/tr>\n<\/thead>\n<tbody>\n<tr>\n<td>Fri adgang<\/td>\n<td>Ja<\/td>\n<td>Ja<\/td>\n<td>Ja<\/td>\n<td>Ja<\/td>\n<td>Ja<\/td>\n<\/tr>\n<tr>\n<td>Ingen registrering n\u00f8dvendig<\/td>\n<td>Ja<\/td>\n<td>Ja<\/td>\n<td>Ja<\/td>\n<td>Ja<\/td>\n<td>Nej<\/td>\n<\/tr>\n<tr>\n<td>Tematiserede chatrum<\/td>\n<td>Ja<\/td>\n<td>Ja<\/td>\n<td>Ja<\/td>\n<td>Ja<\/td>\n<td>Ja<\/td>\n<\/tr>\n<tr>\n<td>Private beskeder<\/td>\n<td>Ja<\/td>\n<td>Ja<\/td>\n<td>Ja<\/td>\n<td>Ja<\/td>\n<td>Ja<\/td>\n<\/tr>\n<tr>\n<td>Mobil support<\/td>\n<td>Fremragende<\/td>\n<td>God<\/td>\n<td>God<\/td>\n<td>Fremragende<\/td>\n<td>God<\/td>\n<\/tr>\n<tr>\n<td>Moderationsv\u00e6rkt\u00f8jer<\/td>\n<td>St\u00e6rk<\/td>\n<td>Moderat<\/td>\n<td>Moderat<\/td>\n<td>St\u00e6rk<\/td>\n<td>St\u00e6rk<\/td>\n<\/tr>\n<tr>\n<td>Annoncer<\/td>\n<td>Minimal<\/td>\n<td>Ja<\/td>\n<td>Ja<\/td>\n<td>Minimal<\/td>\n<td>Ja<\/td>\n<\/tr>\n<\/tbody>\n<\/table>\n<p>Resum\u00e9: Chatiwi matcher eller overg\u00e5r sine konkurrenter p\u00e5 alle vigtige omr\u00e5der og tilbyder \u00f8jeblikkelig, gratis adgang, moderne design og effektiv moderation med bedre mobilsupport og en mere indbydende f\u00e6llesskabsstemning.<\/p>\n<h2>Fordele og ulemper<\/h2>\n<p>Fordele:<\/p>\n<ul>\n<li>100% gratis og anonym chat<\/li>\n<li>Ingen tilmelding eller download p\u00e5kr\u00e6vet<\/li>\n<li>Venlig, aktiv global brugerbase<\/li>\n<li>Mulighed for gruppe- og privatchat<\/li>\n<li>Hurtig, moderne gr\u00e6nseflade med st\u00e6rk mobilst\u00f8tte<\/li>\n<li>Aktiv moderation og robuste sikkerhedsv\u00e6rkt\u00f8jer<\/li>\n<\/ul>\n<p>Ulemper:<\/p>\n<ul>\n<li>Ingen videochat (kun tekstbaseret)<\/li>\n<li>Lejlighedsvis forstyrrende brugere, som dog normalt h\u00e5ndteres hurtigt<\/li>\n<li>Ingen langvarige profiler eller brugerhistorik<\/li>\n<li>V\u00e6relsernes popularitet kan svinge uden for spidsbelastningsperioderne<\/li>\n<\/ul>\n<h2>Ideelle brugsscenarier<\/h2>\n<p>Chatiwi er perfekt til:<\/p>\n<ul>\n<li>Alle, der n\u00f8d den klassiske Chatiw eller Chatib, men \u00f8nsker en mere moderne, mobilvenlig oplevelse<\/li>\n<li>Folk, der s\u00f8ger en hurtig, gratis og nem m\u00e5de at chatte med fremmede p\u00e5<\/li>\n<li>Udstationerede, rejsende eller sprogstuderende, der \u00f8nsker at komme i kontakt med hele verden<\/li>\n<li>Brugere, der v\u00e6rds\u00e6tter privatliv og enkelhed i online-socialisering<\/li>\n<\/ul>\n<p>Mindre ideel til:<\/p>\n<ul>\n<li>Dem, der specifikt s\u00f8ger videochat-platforme<\/li>\n<li>Brugere under 18 \u00e5r (platformen er kun for voksne)<\/li>\n<li>Folk, der \u00f8nsker avancerede matchnings- eller datingfunktioner<\/li>\n<\/ul>\n<p>Chatiwi er et f\u00f8rsteklasses alternativ til Chatiw og Chatib, der tilbyder det bedste fra klassiske online chatrum med et moderne twist. Det er hurtigt, gratis, anonymt og mobilvenligt, og det er en af de nemmeste m\u00e5der at m\u00f8de nye mennesker, f\u00e5 venner eller nyde en livlig gruppechat i 2025.<\/p>\n<p>Med effektiv moderation, et brugervenligt design og et indbydende globalt f\u00e6llesskab leverer Chatiwi pr\u00e6cis det, brugerne \u00f8nsker af en chatrumsplatform - spontan, \u00e6gte og sikker samtale, n\u00e5r som helst og hvor som helst.<\/p>\n<p>Hvis du leder efter et enkelt, tilg\u00e6ngeligt chatrum at deltage i i dag, er Chatiwi absolut et fors\u00f8g v\u00e6rd.<\/p>","protected":false},"excerpt":{"rendered":"<p>The world of online chat rooms has evolved rapidly, but the demand for simple, instant, and anonymous social platforms is stronger than ever. As older sites like Chatiw and Chatib struggle to keep up with modern user expectations, Chatiwi steps in as a new alternative\u2014offering classic live chat rooms, private messaging, and a friendly, global [&hellip;]<\/p>\n","protected":false},"author":6,"featured_media":0,"parent":0,"menu_order":0,"comment_status":"closed","ping_status":"closed","template":"","meta":{"footnotes":""},"class_list":["post-12942","page","type-page","status-publish","hentry"],"yoast_head":"<!-- This site is optimized with the Yoast SEO plugin v27.4 - https:\/\/yoast.com\/product\/yoast-seo-wordpress\/ -->\n<title>Chatiwi - Your Anonymous Encrypted Chat - StrangerCam<\/title>\n<meta name=\"description\" content=\"Like Chatiwi? Come chat with more than 5.000.000 strangers on Stranger Cam for Free! Turn on your cam and find new friends &amp; maby a match!\" \/>\n<meta name=\"robots\" content=\"index, follow, max-snippet:-1, max-image-preview:large, max-video-preview:-1\" \/>\n<link rel=\"canonical\" href=\"https:\/\/strangercam.com\/da\/chatiwi\/\" \/>\n<meta property=\"og:locale\" content=\"da_DK\" \/>\n<meta property=\"og:type\" content=\"article\" \/>\n<meta property=\"og:title\" content=\"Chatiwi - Your Anonymous Encrypted Chat - StrangerCam\" \/>\n<meta property=\"og:description\" content=\"Like Chatiwi? Come chat with more than 5.000.000 strangers on Stranger Cam for Free! Turn on your cam and find new friends &amp; maby a match!\" \/>\n<meta property=\"og:url\" content=\"https:\/\/strangercam.com\/da\/chatiwi\/\" \/>\n<meta property=\"og:site_name\" content=\"Strangercam\" \/>\n<meta property=\"article:publisher\" content=\"https:\/\/www.facebook.com\/strangercam\" \/>\n<meta property=\"og:image\" content=\"https:\/\/strangercam.com\/wp-content\/uploads\/2021\/10\/Untitled-2.png\" \/>\n\t<meta property=\"og:image:width\" content=\"800\" \/>\n\t<meta property=\"og:image:height\" content=\"532\" \/>\n\t<meta property=\"og:image:type\" content=\"image\/png\" \/>\n<meta name=\"twitter:card\" content=\"summary_large_image\" \/>\n<meta name=\"twitter:site\" content=\"@strangercamapp\" \/>\n<meta name=\"twitter:label1\" content=\"Estimeret l\u00e6setid\" \/>\n\t<meta name=\"twitter:data1\" content=\"6 minutter\" \/>\n<script type=\"application\/ld+json\" class=\"yoast-schema-graph\">{\"@context\":\"https:\\\/\\\/schema.org\",\"@graph\":[{\"@type\":\"WebPage\",\"@id\":\"https:\\\/\\\/strangercam.com\\\/chatiwi\\\/\",\"url\":\"https:\\\/\\\/strangercam.com\\\/chatiwi\\\/\",\"name\":\"Chatiwi - Your Anonymous Encrypted Chat - StrangerCam\",\"isPartOf\":{\"@id\":\"https:\\\/\\\/strangercam.com\\\/#website\"},\"datePublished\":\"2025-07-28T09:02:46+00:00\",\"description\":\"Like Chatiwi? Come chat with more than 5.000.000 strangers on Stranger Cam for Free! Turn on your cam and find new friends & maby a match!\",\"breadcrumb\":{\"@id\":\"https:\\\/\\\/strangercam.com\\\/chatiwi\\\/#breadcrumb\"},\"inLanguage\":\"da-DK\",\"potentialAction\":[{\"@type\":\"ReadAction\",\"target\":[\"https:\\\/\\\/strangercam.com\\\/chatiwi\\\/\"]}]},{\"@type\":\"BreadcrumbList\",\"@id\":\"https:\\\/\\\/strangercam.com\\\/chatiwi\\\/#breadcrumb\",\"itemListElement\":[{\"@type\":\"ListItem\",\"position\":1,\"name\":\"Home\",\"item\":\"https:\\\/\\\/strangercam.com\\\/\"},{\"@type\":\"ListItem\",\"position\":2,\"name\":\"Chatiwi\"}]},{\"@type\":\"WebSite\",\"@id\":\"https:\\\/\\\/strangercam.com\\\/#website\",\"url\":\"https:\\\/\\\/strangercam.com\\\/\",\"name\":\"Strangercam\",\"description\":\"Random Video Chat with Strangers\",\"publisher\":{\"@id\":\"https:\\\/\\\/strangercam.com\\\/#organization\"},\"alternateName\":\"Strangercam.com\",\"potentialAction\":[{\"@type\":\"SearchAction\",\"target\":{\"@type\":\"EntryPoint\",\"urlTemplate\":\"https:\\\/\\\/strangercam.com\\\/?s={search_term_string}\"},\"query-input\":{\"@type\":\"PropertyValueSpecification\",\"valueRequired\":true,\"valueName\":\"search_term_string\"}}],\"inLanguage\":\"da-DK\"},{\"@type\":\"Organization\",\"@id\":\"https:\\\/\\\/strangercam.com\\\/#organization\",\"name\":\"Strangercam\",\"alternateName\":\"Strangercam.com\",\"url\":\"https:\\\/\\\/strangercam.com\\\/\",\"logo\":{\"@type\":\"ImageObject\",\"inLanguage\":\"da-DK\",\"@id\":\"https:\\\/\\\/strangercam.com\\\/#\\\/schema\\\/logo\\\/image\\\/\",\"url\":\"https:\\\/\\\/strangercam.com\\\/wp-content\\\/uploads\\\/2020\\\/11\\\/cropped-new-favicon-black.png\",\"contentUrl\":\"https:\\\/\\\/strangercam.com\\\/wp-content\\\/uploads\\\/2020\\\/11\\\/cropped-new-favicon-black.png\",\"width\":512,\"height\":512,\"caption\":\"Strangercam\"},\"image\":{\"@id\":\"https:\\\/\\\/strangercam.com\\\/#\\\/schema\\\/logo\\\/image\\\/\"},\"sameAs\":[\"https:\\\/\\\/www.facebook.com\\\/strangercam\",\"https:\\\/\\\/x.com\\\/strangercamapp\"]}]}<\/script>\n<!-- \/ Yoast SEO plugin. -->","yoast_head_json":{"title":"Chatiwi - Din anonyme krypterede chat - StrangerCam","description":"Kan du lide Chatiwi? Kom og chat med mere end 5.000.000 fremmede p\u00e5 Stranger Cam helt gratis! T\u00e6nd for dit kamera og find nye venner og m\u00e5ske et match!","robots":{"index":"index","follow":"follow","max-snippet":"max-snippet:-1","max-image-preview":"max-image-preview:large","max-video-preview":"max-video-preview:-1"},"canonical":"https:\/\/strangercam.com\/da\/chatiwi\/","og_locale":"da_DK","og_type":"article","og_title":"Chatiwi - Your Anonymous Encrypted Chat - StrangerCam","og_description":"Like Chatiwi? Come chat with more than 5.000.000 strangers on Stranger Cam for Free! Turn on your cam and find new friends & maby a match!","og_url":"https:\/\/strangercam.com\/da\/chatiwi\/","og_site_name":"Strangercam","article_publisher":"https:\/\/www.facebook.com\/strangercam","og_image":[{"width":800,"height":532,"url":"https:\/\/strangercam.com\/wp-content\/uploads\/2021\/10\/Untitled-2.png","type":"image\/png"}],"twitter_card":"summary_large_image","twitter_site":"@strangercamapp","twitter_misc":{"Estimeret l\u00e6setid":"6 minutter"},"schema":{"@context":"https:\/\/schema.org","@graph":[{"@type":"WebPage","@id":"https:\/\/strangercam.com\/chatiwi\/","url":"https:\/\/strangercam.com\/chatiwi\/","name":"Chatiwi - Din anonyme krypterede chat - StrangerCam","isPartOf":{"@id":"https:\/\/strangercam.com\/#website"},"datePublished":"2025-07-28T09:02:46+00:00","description":"Kan du lide Chatiwi? Kom og chat med mere end 5.000.000 fremmede p\u00e5 Stranger Cam helt gratis! T\u00e6nd for dit kamera og find nye venner og m\u00e5ske et match!","breadcrumb":{"@id":"https:\/\/strangercam.com\/chatiwi\/#breadcrumb"},"inLanguage":"da-DK","potentialAction":[{"@type":"ReadAction","target":["https:\/\/strangercam.com\/chatiwi\/"]}]},{"@type":"BreadcrumbList","@id":"https:\/\/strangercam.com\/chatiwi\/#breadcrumb","itemListElement":[{"@type":"ListItem","position":1,"name":"Home","item":"https:\/\/strangercam.com\/"},{"@type":"ListItem","position":2,"name":"Chatiwi"}]},{"@type":"WebSite","@id":"https:\/\/strangercam.com\/#website","url":"https:\/\/strangercam.com\/","name":"Strangercam","description":"Tilf\u00e6ldig videochat med fremmede","publisher":{"@id":"https:\/\/strangercam.com\/#organization"},"alternateName":"Strangercam.com","potentialAction":[{"@type":"SearchAction","target":{"@type":"EntryPoint","urlTemplate":"https:\/\/strangercam.com\/?s={search_term_string}"},"query-input":{"@type":"PropertyValueSpecification","valueRequired":true,"valueName":"search_term_string"}}],"inLanguage":"da-DK"},{"@type":"Organization","@id":"https:\/\/strangercam.com\/#organization","name":"Strangercam","alternateName":"Strangercam.com","url":"https:\/\/strangercam.com\/","logo":{"@type":"ImageObject","inLanguage":"da-DK","@id":"https:\/\/strangercam.com\/#\/schema\/logo\/image\/","url":"https:\/\/strangercam.com\/wp-content\/uploads\/2020\/11\/cropped-new-favicon-black.png","contentUrl":"https:\/\/strangercam.com\/wp-content\/uploads\/2020\/11\/cropped-new-favicon-black.png","width":512,"height":512,"caption":"Strangercam"},"image":{"@id":"https:\/\/strangercam.com\/#\/schema\/logo\/image\/"},"sameAs":["https:\/\/www.facebook.com\/strangercam","https:\/\/x.com\/strangercamapp"]}]}},"_links":{"self":[{"href":"https:\/\/strangercam.com\/da\/wp-json\/wp\/v2\/pages\/12942","targetHints":{"allow":["GET"]}}],"collection":[{"href":"https:\/\/strangercam.com\/da\/wp-json\/wp\/v2\/pages"}],"about":[{"href":"https:\/\/strangercam.com\/da\/wp-json\/wp\/v2\/types\/page"}],"author":[{"embeddable":true,"href":"https:\/\/strangercam.com\/da\/wp-json\/wp\/v2\/users\/6"}],"replies":[{"embeddable":true,"href":"https:\/\/strangercam.com\/da\/wp-json\/wp\/v2\/comments?post=12942"}],"version-history":[{"count":1,"href":"https:\/\/strangercam.com\/da\/wp-json\/wp\/v2\/pages\/12942\/revisions"}],"predecessor-version":[{"id":12943,"href":"https:\/\/strangercam.com\/da\/wp-json\/wp\/v2\/pages\/12942\/revisions\/12943"}],"wp:attachment":[{"href":"https:\/\/strangercam.com\/da\/wp-json\/wp\/v2\/media?parent=12942"}],"curies":[{"name":"wp","href":"https:\/\/api.w.org\/{rel}","templated":true}]}}