{"id":12911,"date":"2025-07-14T13:50:19","date_gmt":"2025-07-14T11:50:19","guid":{"rendered":"https:\/\/strangercam.com\/?page_id=12911"},"modified":"2025-07-14T13:50:34","modified_gmt":"2025-07-14T11:50:34","slug":"onlinefreechat","status":"publish","type":"page","link":"https:\/\/strangercam.com\/da\/onlinefreechat\/","title":{"rendered":"OnlineFreeChat"},"content":{"rendered":"<p>I en digital tidsalder, der er domineret af sociale netv\u00e6rk og instant messaging-apps, er traditionelle <a href=\"https:\/\/strangercam.com\/da\/chatroulette\/\">chat<\/a> har f\u00e5et et overraskende comeback. I spidsen for denne ren\u00e6ssance st\u00e5r OnlineFreeChat, en moderne chatplatform, der er dedikeret til gratis, lettilg\u00e6ngelige livechatrum for alle, der \u00f8nsker at <a href=\"https:\/\/strangercam.com\/da\/coomeet\/\">m\u00f8des<\/a> nye mennesker, f\u00e5 venner eller nyde spontane onlinesamtaler - uden registrering eller downloads.<\/p>\n<p>Men hvordan skiller OnlineFreeChat sig ud fra konkurrenterne? Er det virkelig gratis, er det sikkert, og hvem er det bedst for? I denne detaljerede anmeldelse udforsker vi funktionerne, brugeroplevelsen og f\u00e6llesskabet p\u00e5 OnlineFreeChat, s\u00e5 du kan beslutte, om det er det rigtige sted at starte din n\u00e6ste online samtale.<\/p>\n<h2>Hvad er OnlineFreeChat?<\/h2>\n<p>OnlineFreeChat er en browserbaseret chatplatform, der tilbyder et bredt udvalg af tematiserede live chat-rum og en-til-en chat-muligheder. I mods\u00e6tning til mange moderne apps, der kr\u00e6ver tilmelding eller app-installation, giver OnlineFreeChat \u00f8jeblikkelig adgang - du skal blot bes\u00f8ge siden, v\u00e6lge et rum og begynde at chatte med folk fra hele verden.<\/p>\n<p>Platformen g\u00e5r tilbage til den gyldne \u00e6ra med klassiske chatrum, men opdaterer oplevelsen til 2025 med en moderne, ren gr\u00e6nseflade og fokus p\u00e5 brugersikkerhed og -venlighed. Uanset om du \u00f8nsker at deltage i et travlt offentligt rum eller starte en privat chat, g\u00f8r OnlineFreeChat det nemt og tilg\u00e6ngeligt.<\/p>\n<h2>Hvad er form\u00e5let med OnlineFreeChat?<\/h2>\n<p>OnlineFreeChat har til form\u00e5l at genoplive og modernisere oplevelsen af \u00e5bne chatrum - at skabe et rum, hvor alle kan deltage i samtaler om en r\u00e6kke forskellige emner, f\u00e5 venner og nyde live-interaktion uden barrierer.<\/p>\n<p>De vigtigste m\u00e5l er at:<\/p>\n<ul>\n<li>Forbind mennesker globalt i gruppechatrum i realtid<\/li>\n<li>Tilbyde sikre, modererede rum til samtale og socialt samv\u00e6r<\/li>\n<li>Tillad \u00f8jeblikkelige chatoplevelser uden registrering for alle brugere<\/li>\n<li>Giv et fleksibelt alternativ til sociale medier og instant messaging<\/li>\n<\/ul>\n<p>Uanset om du \u00f8nsker at chatte om hobbyer, livet, forhold, rejser eller bare vil have det sjovt og m\u00f8de nye mennesker, tilbyder OnlineFreeChat en enkel og indbydende m\u00e5de at g\u00f8re det p\u00e5.<\/p>\n<h2>Vigtige funktioner<\/h2>\n<p>1. Live offentlige chatrum<br \/>\nOnlineFreeChat's kernefunktion er dens udvalg af live gruppechatrum. Disse rum er organiseret efter emner eller interesser - f.eks. generel chat, venskab, spil, lokal chat, musik og meget mere. Brugere kan deltage i ethvert rum, deltage i igangv\u00e6rende samtaler eller blot observere, indtil de er klar til at deltage.<\/p>\n<p>2. Private chats en-til-en<br \/>\nVed siden af de offentlige rum kan brugerne indlede private samtaler med andre medlemmer. Denne funktion giver mulighed for mere personlig interaktion og lader dig g\u00e5 fra gruppediskussioner til direkte chats uden problemer.<\/p>\n<p>3. Ingen registrering p\u00e5kr\u00e6vet<br \/>\nEt af OnlineFreeChat's mest tiltalende aspekter er, at du kan begynde at chatte uden at oprette en konto. V\u00e6lg et kaldenavn, v\u00e6lg et rum, og du er straks en del af samtalen.<\/p>\n<p>4. Kompatibilitet med flere enheder<br \/>\nPlatformen fungerer problemfrit p\u00e5 b\u00e5de desktop- og mobilbrowsere. Det responsive design sikrer, at du kan deltage i chatrum p\u00e5 din telefon, tablet eller laptop uden at installere noget.<\/p>\n<p>5. Venlig, moderne brugerflade<br \/>\nOnlineFreeChat har en enkel, brugervenlig gr\u00e6nseflade. Beskeder er tydelige, chatrum er nemme at gennemse, og der er altid adgang til at sl\u00e5 lyden fra, blokere eller rapportere brugere.<\/p>\n<p>6. Brugermoderation og sikkerhedsv\u00e6rkt\u00f8jer<br \/>\nSiden har moderatorer og rapporteringsfunktioner, der hj\u00e6lper med at opretholde et positivt milj\u00f8. Brugere kan hurtigt blokere eller rapportere enhver, der overtr\u00e6der chat-retningslinjerne, hvilket hj\u00e6lper med at holde samtalerne respektfulde og behagelige.<\/p>\n<p>7. Bred vifte af chat-emner<br \/>\nMed dusinvis af temarum og regelm\u00e6ssige opdateringer finder du rum, der er dedikeret til stort set alle emner, hvilket g\u00f8r det nemt at finde ligesindede chatpartnere eller opdage nye interesser.<\/p>\n<h2>Er OnlineFreeChat gratis?<\/h2>\n<p>Ja, OnlineFreeChat er 100% gratis at bruge. Alle kernefunktioner - herunder deltagelse i offentlige rum, private beskeder og brug af sikkerhedsv\u00e6rkt\u00f8jer - er tilg\u00e6ngelige uden betaling. Det er der ogs\u00e5:<\/p>\n<ul>\n<li>Ingen abonnementsgebyrer<\/li>\n<li>Ingen premium-konti<\/li>\n<li>Ingen skjulte omkostninger<\/li>\n<\/ul>\n<p>Der kan forekomme let reklame for at underst\u00f8tte platformen, men den er ikke p\u00e5tr\u00e6ngende og p\u00e5virker ikke chatoplevelsen.<\/p>\n<h2>Hvem bruger OnlineFreeChat?<\/h2>\n<p>OnlineFreeChat tiltr\u00e6kker et mangfoldigt, internationalt publikum. Blandt brugerne er:<\/p>\n<ul>\n<li>Voksne i alle aldre, typisk 18-40 \u00e5r<\/li>\n<li>Folk fra Nordamerika, Europa, Indien, Syd\u00f8stasien og Latinamerika<\/li>\n<li>Studerende, professionelle, rejsende og alle, der \u00f8nsker en afslappet online samtale<\/li>\n<\/ul>\n<p>Almindelige \u00e5rsager til, at folk bruger OnlineFreeChat, omfatter:<\/p>\n<ul>\n<li>F\u00e5 nye venner eller udvide deres sociale omgangskreds<\/li>\n<li>F\u00e5 tiden til at g\u00e5 og undslippe kedsomhed<\/li>\n<li>Diskutere hobbyer, musik, film og hverdagsliv<\/li>\n<li>At s\u00f8ge venlige r\u00e5d eller dele erfaringer i en st\u00f8ttende gruppe<\/li>\n<\/ul>\n<p>Platformens mange forskellige chatrum sikrer, at alle - fra generte nybegyndere til erfarne chattere - kan finde et sted, hvor de f\u00f8ler sig godt tilpas.<\/p>\n<h2>Sikkerhed, privatliv og moderation<\/h2>\n<p>OnlineFreeChat er forpligtet til at skabe et sikkert og respektfuldt milj\u00f8 for alle brugere. Her kan du se, hvordan vi beskytter dit privatliv og underst\u00f8tter brugernes sikkerhed:<\/p>\n<h3>Privatlivets fred<\/h3>\n<ul>\n<li>Ingen registrering eller personlige oplysninger kr\u00e6ves<\/li>\n<li>Brugerne v\u00e6lger k\u00e6lenavne; rigtige navne er ikke n\u00f8dvendige<\/li>\n<li>Chats er ikke offentligt arkiverede eller s\u00f8gbare<\/li>\n<\/ul>\n<h3>Moderation<\/h3>\n<ul>\n<li>Aktive menneskelige moderatorer overv\u00e5ger de travleste rum<\/li>\n<li>Rapportering og blokeringsfunktioner p\u00e5 v\u00e6relset er tilg\u00e6ngelige 24\/7<\/li>\n<li>Retningslinjer forbyder chikane, spam og upassende opf\u00f8rsel<\/li>\n<li>Gentagne lovovertr\u00e6dere udelukkes fra platformen<\/li>\n<\/ul>\n<h3>Brugerkontrol<\/h3>\n<ul>\n<li>Bloker eller sl\u00e5 lyden fra med det samme for brugere, der forstyrrer chatten<\/li>\n<li>V\u00e6lg at blive i offentlige rum eller g\u00e5 over til private samtaler<\/li>\n<li>Skift kaldenavn eller skift rum n\u00e5r som helst<\/li>\n<\/ul>\n<p>Selv om intet \u00e5bent chatrum kan garantere en perfekt oplevelse, g\u00f8r OnlineFreeChat's kombination af moderation og brugerv\u00e6rkt\u00f8jer det mere sikkert end de fleste klassiske chatplatforme.<\/p>\n<h2>Brugeroplevelse og design<\/h2>\n<p>OnlineFreeChat er designet til hurtig, gnidningsfri chat:<\/p>\n<ul>\n<li>Hjemmesiden indl\u00e6ses hurtigt med overskuelige rumkategorier<\/li>\n<li>Deltag i et rum med et enkelt klik, og spring direkte ind i samtalen<\/li>\n<li>Beskeder vises med det samme, uden forsinkelse, selv i travle lokaler<\/li>\n<li>Mobilvenligt layout tilpasser sig mindre sk\u00e6rme, s\u00e5 du kan chatte p\u00e5 farten<\/li>\n<li>Kontrol af notifikationer, blokering og rapportering er intuitiv<\/li>\n<\/ul>\n<p>Webstedets design l\u00e6gger v\u00e6gt p\u00e5 f\u00e6llesskab og tilg\u00e6ngelighed, hvilket g\u00f8r det nemt for alle at deltage, uanset teknisk erfaring.<\/p>\n<h2>OnlineFreeChat vs. andre chatrumsplatforme<\/h2>\n<p>Hvordan er OnlineFreeChat sammenlignet med andre f\u00f8rende hjemmesider med live chatrum?<\/p>\n<table>\n<thead>\n<tr>\n<th>Funktion<\/th>\n<th>OnlineFreeChat<\/th>\n<th><a href=\"https:\/\/strangercam.com\/da\/chat-avenue\/\">Chat Avenue<\/a><\/th>\n<th>Chatib<\/th>\n<th><a href=\"https:\/\/strangercam.com\/da\/chatzy\/\">Chatzy<\/a><\/th>\n<th>Wireclub<\/th>\n<\/tr>\n<\/thead>\n<tbody>\n<tr>\n<td>Fri adgang<\/td>\n<td>Ja<\/td>\n<td>Ja<\/td>\n<td>Ja<\/td>\n<td>Ja<\/td>\n<td>Ja<\/td>\n<\/tr>\n<tr>\n<td>Ingen registrering n\u00f8dvendig<\/td>\n<td>Ja<\/td>\n<td>Nej<\/td>\n<td>Ja<\/td>\n<td>Ja<\/td>\n<td>Nej<\/td>\n<\/tr>\n<tr>\n<td>Tematiserede chatrum<\/td>\n<td>Ja<\/td>\n<td>Ja<\/td>\n<td>Ja<\/td>\n<td>Nej<\/td>\n<td>Ja<\/td>\n<\/tr>\n<tr>\n<td>Private beskeder<\/td>\n<td>Ja<\/td>\n<td>Ja<\/td>\n<td>Ja<\/td>\n<td>Ja<\/td>\n<td>Ja<\/td>\n<\/tr>\n<tr>\n<td>Mobil support<\/td>\n<td>Fremragende<\/td>\n<td>God<\/td>\n<td>God<\/td>\n<td>God<\/td>\n<td>God<\/td>\n<\/tr>\n<tr>\n<td>Moderationsv\u00e6rkt\u00f8jer<\/td>\n<td>St\u00e6rk<\/td>\n<td>Moderat<\/td>\n<td>Moderat<\/td>\n<td>Moderat<\/td>\n<td>St\u00e6rk<\/td>\n<\/tr>\n<tr>\n<td>Annoncer<\/td>\n<td>Minimal<\/td>\n<td>Ja<\/td>\n<td>Ja<\/td>\n<td>Minimal<\/td>\n<td>Ja<\/td>\n<\/tr>\n<\/tbody>\n<\/table>\n<p>Resum\u00e9: OnlineFreeChat skiller sig ud med sin rene gr\u00e6nseflade, \u00f8jeblikkelige adgang og et bredt udvalg af tematiserede chatrum. Den matcher eller overg\u00e5r konkurrenterne i brugersikkerhed og mobilkompatibilitet med den ekstra fordel, at der ikke kr\u00e6ves tilmelding.<\/p>\n<h2>Fordele og ulemper<\/h2>\n<p>Fordele:<\/p>\n<ul>\n<li>100% gratis med \u00f8jeblikkelig adgang<\/li>\n<li>Ingen registrering eller downloads p\u00e5kr\u00e6vet<\/li>\n<li>Bredt udvalg af live, tematiserede chatrum<\/li>\n<li>Brugervenlig p\u00e5 b\u00e5de desktop og mobil<\/li>\n<li>Aktiv moderation og brugervenlige rapporteringsv\u00e6rkt\u00f8jer<\/li>\n<li>Private chatmuligheder til samtaler p\u00e5 tomandsh\u00e5nd<\/li>\n<\/ul>\n<p>Ulemper:<\/p>\n<ul>\n<li>Ingen videochat eller <a href=\"https:\/\/strangercam.com\/da\/bazoocam\/\">cam<\/a> funktioner (kun tekstbaseret)<\/li>\n<li>Nogle brugere afbryder m\u00e5ske forbindelsen eller forlader rummet hurtigt<\/li>\n<li>Lejlighedsvis forstyrrende brugere p\u00e5 trods af moderation<\/li>\n<li>Ingen langvarige profiler eller vennelister<\/li>\n<\/ul>\n<h2>Ideelle brugsscenarier<\/h2>\n<p>OnlineFreeChat er perfekt til:<\/p>\n<ul>\n<li>Alle, der s\u00f8ger en sikker, gratis og nem m\u00e5de at chatte online p\u00e5<\/li>\n<li>Brugere, der kan lide tematiske gruppediskussioner eller at m\u00f8de nye mennesker<\/li>\n<li>Folk, der leder efter alternativer til sociale medier og instant messaging-apps<\/li>\n<li>Rejsende, udstationerede og sprogelever, der \u00f8nsker interaktion i realtid<\/li>\n<li>Personer, der foretr\u00e6kker anonymitet og privatliv i onlinesamtaler<\/li>\n<\/ul>\n<p>Det kan v\u00e6re mindre ideelt for:<\/p>\n<ul>\n<li>Dem, der specifikt leder efter videochat-oplevelser<\/li>\n<li>Brugere under 18 \u00e5r (platformen er for voksne)<\/li>\n<li>Folk, der s\u00f8ger avancerede dating- eller matchningsfunktioner<\/li>\n<\/ul>\n<h2>Endelig dom<\/h2>\n<p>OnlineFreeChat er en af de bedste live chatrumsplatforme, der findes i 2025, og kombinerer tilg\u00e6ngeligheden af klassiske chatrum med moderne sikkerheds- og brugervenlighedsfunktioner. Den \u00f8jeblikkelige adgang, den brede vifte af emner og det venlige, modererede milj\u00f8 g\u00f8r det til et topvalg for alle, der \u00f8nsker at chatte, f\u00e5 venner eller bare have det sjovt online.<\/p>\n<p>Hvis du leder efter en enkel, sikker og virkelig gratis m\u00e5de at komme i kontakt med andre over hele verden, er OnlineFreeChat absolut v\u00e6rd at pr\u00f8ve - uanset om du vil have en livlig gruppechat eller en stille privat samtale.<\/p>","protected":false},"excerpt":{"rendered":"<p>In a digital age dominated by social networks and instant messaging apps, traditional chat rooms have made a surprising comeback. Leading this renaissance is OnlineFreeChat, a modern chat platform dedicated to free, easy-to-access live chat rooms for anyone looking to meet new people, make friends, or enjoy spontaneous online conversations\u2014without registration or downloads. But how [&hellip;]<\/p>\n","protected":false},"author":6,"featured_media":0,"parent":0,"menu_order":0,"comment_status":"closed","ping_status":"closed","template":"","meta":{"footnotes":""},"class_list":["post-12911","page","type-page","status-publish","hentry"],"yoast_head":"<!-- This site is optimized with the Yoast SEO plugin v27.4 - https:\/\/yoast.com\/product\/yoast-seo-wordpress\/ -->\n<title>OnlineFreeChat - Live Online Chat Rooms on StrangerCam.com<\/title>\n<meta name=\"description\" content=\"Like OnlineFreeChat? Come chat with more than 5.000.000 strangers on Stranger Cam for Free! Turn on your cam and find new friends &amp; maby a match!\" \/>\n<meta name=\"robots\" content=\"index, follow, max-snippet:-1, max-image-preview:large, max-video-preview:-1\" \/>\n<link rel=\"canonical\" href=\"https:\/\/strangercam.com\/da\/onlinefreechat\/\" \/>\n<meta property=\"og:locale\" content=\"da_DK\" \/>\n<meta property=\"og:type\" content=\"article\" \/>\n<meta property=\"og:title\" content=\"OnlineFreeChat - Live Online Chat Rooms on StrangerCam.com\" \/>\n<meta property=\"og:description\" content=\"Like OnlineFreeChat? Come chat with more than 5.000.000 strangers on Stranger Cam for Free! Turn on your cam and find new friends &amp; maby a match!\" \/>\n<meta property=\"og:url\" content=\"https:\/\/strangercam.com\/da\/onlinefreechat\/\" \/>\n<meta property=\"og:site_name\" content=\"Strangercam\" \/>\n<meta property=\"article:publisher\" content=\"https:\/\/www.facebook.com\/strangercam\" \/>\n<meta property=\"article:modified_time\" content=\"2025-07-14T11:50:34+00:00\" \/>\n<meta property=\"og:image\" content=\"https:\/\/strangercam.com\/wp-content\/uploads\/2021\/10\/Untitled-2.png\" \/>\n\t<meta property=\"og:image:width\" content=\"800\" \/>\n\t<meta property=\"og:image:height\" content=\"532\" \/>\n\t<meta property=\"og:image:type\" content=\"image\/png\" \/>\n<meta name=\"twitter:card\" content=\"summary_large_image\" \/>\n<meta name=\"twitter:site\" content=\"@strangercamapp\" \/>\n<meta name=\"twitter:label1\" content=\"Estimeret l\u00e6setid\" \/>\n\t<meta name=\"twitter:data1\" content=\"6 minutter\" \/>\n<script type=\"application\/ld+json\" class=\"yoast-schema-graph\">{\"@context\":\"https:\\\/\\\/schema.org\",\"@graph\":[{\"@type\":\"WebPage\",\"@id\":\"https:\\\/\\\/strangercam.com\\\/onlinefreechat\\\/\",\"url\":\"https:\\\/\\\/strangercam.com\\\/onlinefreechat\\\/\",\"name\":\"OnlineFreeChat - Live Online Chat Rooms on StrangerCam.com\",\"isPartOf\":{\"@id\":\"https:\\\/\\\/strangercam.com\\\/#website\"},\"datePublished\":\"2025-07-14T11:50:19+00:00\",\"dateModified\":\"2025-07-14T11:50:34+00:00\",\"description\":\"Like OnlineFreeChat? Come chat with more than 5.000.000 strangers on Stranger Cam for Free! Turn on your cam and find new friends & maby a match!\",\"breadcrumb\":{\"@id\":\"https:\\\/\\\/strangercam.com\\\/onlinefreechat\\\/#breadcrumb\"},\"inLanguage\":\"da-DK\",\"potentialAction\":[{\"@type\":\"ReadAction\",\"target\":[\"https:\\\/\\\/strangercam.com\\\/onlinefreechat\\\/\"]}]},{\"@type\":\"BreadcrumbList\",\"@id\":\"https:\\\/\\\/strangercam.com\\\/onlinefreechat\\\/#breadcrumb\",\"itemListElement\":[{\"@type\":\"ListItem\",\"position\":1,\"name\":\"Home\",\"item\":\"https:\\\/\\\/strangercam.com\\\/\"},{\"@type\":\"ListItem\",\"position\":2,\"name\":\"OnlineFreeChat\"}]},{\"@type\":\"WebSite\",\"@id\":\"https:\\\/\\\/strangercam.com\\\/#website\",\"url\":\"https:\\\/\\\/strangercam.com\\\/\",\"name\":\"Strangercam\",\"description\":\"Random Video Chat with Strangers\",\"publisher\":{\"@id\":\"https:\\\/\\\/strangercam.com\\\/#organization\"},\"alternateName\":\"Strangercam.com\",\"potentialAction\":[{\"@type\":\"SearchAction\",\"target\":{\"@type\":\"EntryPoint\",\"urlTemplate\":\"https:\\\/\\\/strangercam.com\\\/?s={search_term_string}\"},\"query-input\":{\"@type\":\"PropertyValueSpecification\",\"valueRequired\":true,\"valueName\":\"search_term_string\"}}],\"inLanguage\":\"da-DK\"},{\"@type\":\"Organization\",\"@id\":\"https:\\\/\\\/strangercam.com\\\/#organization\",\"name\":\"Strangercam\",\"alternateName\":\"Strangercam.com\",\"url\":\"https:\\\/\\\/strangercam.com\\\/\",\"logo\":{\"@type\":\"ImageObject\",\"inLanguage\":\"da-DK\",\"@id\":\"https:\\\/\\\/strangercam.com\\\/#\\\/schema\\\/logo\\\/image\\\/\",\"url\":\"https:\\\/\\\/strangercam.com\\\/wp-content\\\/uploads\\\/2020\\\/11\\\/cropped-new-favicon-black.png\",\"contentUrl\":\"https:\\\/\\\/strangercam.com\\\/wp-content\\\/uploads\\\/2020\\\/11\\\/cropped-new-favicon-black.png\",\"width\":512,\"height\":512,\"caption\":\"Strangercam\"},\"image\":{\"@id\":\"https:\\\/\\\/strangercam.com\\\/#\\\/schema\\\/logo\\\/image\\\/\"},\"sameAs\":[\"https:\\\/\\\/www.facebook.com\\\/strangercam\",\"https:\\\/\\\/x.com\\\/strangercamapp\"]}]}<\/script>\n<!-- \/ Yoast SEO plugin. -->","yoast_head_json":{"title":"OnlineFreeChat - Live online chatrum p\u00e5 StrangerCam.com","description":"Kan du lide OnlineFreeChat? Kom og chat med mere end 5.000.000 fremmede p\u00e5 Stranger Cam helt gratis! T\u00e6nd for dit kamera og find nye venner og m\u00e5ske et match!","robots":{"index":"index","follow":"follow","max-snippet":"max-snippet:-1","max-image-preview":"max-image-preview:large","max-video-preview":"max-video-preview:-1"},"canonical":"https:\/\/strangercam.com\/da\/onlinefreechat\/","og_locale":"da_DK","og_type":"article","og_title":"OnlineFreeChat - Live Online Chat Rooms on StrangerCam.com","og_description":"Like OnlineFreeChat? Come chat with more than 5.000.000 strangers on Stranger Cam for Free! Turn on your cam and find new friends & maby a match!","og_url":"https:\/\/strangercam.com\/da\/onlinefreechat\/","og_site_name":"Strangercam","article_publisher":"https:\/\/www.facebook.com\/strangercam","article_modified_time":"2025-07-14T11:50:34+00:00","og_image":[{"width":800,"height":532,"url":"https:\/\/strangercam.com\/wp-content\/uploads\/2021\/10\/Untitled-2.png","type":"image\/png"}],"twitter_card":"summary_large_image","twitter_site":"@strangercamapp","twitter_misc":{"Estimeret l\u00e6setid":"6 minutter"},"schema":{"@context":"https:\/\/schema.org","@graph":[{"@type":"WebPage","@id":"https:\/\/strangercam.com\/onlinefreechat\/","url":"https:\/\/strangercam.com\/onlinefreechat\/","name":"OnlineFreeChat - Live online chatrum p\u00e5 StrangerCam.com","isPartOf":{"@id":"https:\/\/strangercam.com\/#website"},"datePublished":"2025-07-14T11:50:19+00:00","dateModified":"2025-07-14T11:50:34+00:00","description":"Kan du lide OnlineFreeChat? Kom og chat med mere end 5.000.000 fremmede p\u00e5 Stranger Cam helt gratis! T\u00e6nd for dit kamera og find nye venner og m\u00e5ske et match!","breadcrumb":{"@id":"https:\/\/strangercam.com\/onlinefreechat\/#breadcrumb"},"inLanguage":"da-DK","potentialAction":[{"@type":"ReadAction","target":["https:\/\/strangercam.com\/onlinefreechat\/"]}]},{"@type":"BreadcrumbList","@id":"https:\/\/strangercam.com\/onlinefreechat\/#breadcrumb","itemListElement":[{"@type":"ListItem","position":1,"name":"Home","item":"https:\/\/strangercam.com\/"},{"@type":"ListItem","position":2,"name":"OnlineFreeChat"}]},{"@type":"WebSite","@id":"https:\/\/strangercam.com\/#website","url":"https:\/\/strangercam.com\/","name":"Strangercam","description":"Tilf\u00e6ldig videochat med fremmede","publisher":{"@id":"https:\/\/strangercam.com\/#organization"},"alternateName":"Strangercam.com","potentialAction":[{"@type":"SearchAction","target":{"@type":"EntryPoint","urlTemplate":"https:\/\/strangercam.com\/?s={search_term_string}"},"query-input":{"@type":"PropertyValueSpecification","valueRequired":true,"valueName":"search_term_string"}}],"inLanguage":"da-DK"},{"@type":"Organization","@id":"https:\/\/strangercam.com\/#organization","name":"Strangercam","alternateName":"Strangercam.com","url":"https:\/\/strangercam.com\/","logo":{"@type":"ImageObject","inLanguage":"da-DK","@id":"https:\/\/strangercam.com\/#\/schema\/logo\/image\/","url":"https:\/\/strangercam.com\/wp-content\/uploads\/2020\/11\/cropped-new-favicon-black.png","contentUrl":"https:\/\/strangercam.com\/wp-content\/uploads\/2020\/11\/cropped-new-favicon-black.png","width":512,"height":512,"caption":"Strangercam"},"image":{"@id":"https:\/\/strangercam.com\/#\/schema\/logo\/image\/"},"sameAs":["https:\/\/www.facebook.com\/strangercam","https:\/\/x.com\/strangercamapp"]}]}},"_links":{"self":[{"href":"https:\/\/strangercam.com\/da\/wp-json\/wp\/v2\/pages\/12911","targetHints":{"allow":["GET"]}}],"collection":[{"href":"https:\/\/strangercam.com\/da\/wp-json\/wp\/v2\/pages"}],"about":[{"href":"https:\/\/strangercam.com\/da\/wp-json\/wp\/v2\/types\/page"}],"author":[{"embeddable":true,"href":"https:\/\/strangercam.com\/da\/wp-json\/wp\/v2\/users\/6"}],"replies":[{"embeddable":true,"href":"https:\/\/strangercam.com\/da\/wp-json\/wp\/v2\/comments?post=12911"}],"version-history":[{"count":1,"href":"https:\/\/strangercam.com\/da\/wp-json\/wp\/v2\/pages\/12911\/revisions"}],"predecessor-version":[{"id":12912,"href":"https:\/\/strangercam.com\/da\/wp-json\/wp\/v2\/pages\/12911\/revisions\/12912"}],"wp:attachment":[{"href":"https:\/\/strangercam.com\/da\/wp-json\/wp\/v2\/media?parent=12911"}],"curies":[{"name":"wp","href":"https:\/\/api.w.org\/{rel}","templated":true}]}}