{"id":12909,"date":"2025-07-14T13:45:54","date_gmt":"2025-07-14T11:45:54","guid":{"rendered":"https:\/\/strangercam.com\/?page_id=12909"},"modified":"2025-07-14T13:46:15","modified_gmt":"2025-07-14T11:46:15","slug":"fox-video-chat","status":"publish","type":"page","link":"https:\/\/strangercam.com\/da\/fox-video-chat\/","title":{"rendered":"Fox Video Chat"},"content":{"rendered":"<p>Jagten p\u00e5 den perfekte tilf\u00e6ldige video <a href=\"https:\/\/strangercam.com\/da\/chathub\/\">chat<\/a> forts\u00e6tter, da brugerne s\u00f8ger sikre, anonyme og sjove alternativer til klassikere som <a href=\"https:\/\/strangercam.com\/da\/omegle\/\">Omegle<\/a> og <a href=\"https:\/\/strangercam.com\/da\/chatroulette\/\">Chatroulette<\/a>. Fox Video Chat er en af de seneste platforme, der har f\u00e5et \u00f8jnene op for det globale chatf\u00e6llesskab, og som lover hurtige forbindelser, nem brug og et venligt milj\u00f8 til at m\u00f8de fremmede online.<\/p>\n<p>Men holder Fox Video Chat, hvad den lover? Hvordan er den i forhold til andre platforme i 2025? I denne detaljerede gennemgang udforsker vi alt, hvad du har brug for at vide om Fox Video Chat - dens funktioner, brugerbase, sikkerhedsv\u00e6rkt\u00f8jer, og hvorfor det m\u00e5ske er dit nye yndlingssted for spontane onlinesamtaler.<\/p>\n<h2>Hvad er Fox Video Chat?<\/h2>\n<p>Fox Video Chat er et browserbaseret, tilf\u00e6ldigt en-til-en-videochat-websted designet til brugere, der \u00f8nsker at f\u00e5 \u00f8jeblikkelig kontakt med fremmede fra hele verden. Der kr\u00e6ves ingen tilmelding eller download, og Fox Video Chat s\u00e6tter enkelhed og hastighed i centrum for brugeroplevelsen.<\/p>\n<p>Ligesom sine \u00e5ndelige forg\u00e6ngere matcher Fox Video Chat dig tilf\u00e6ldigt med en anden bruger til en privat samtale via webcam og mikrofon. Uanset om du \u00f8nsker at f\u00e5 venner, flirte, \u00f8ve dig p\u00e5 et nyt sprog eller bare f\u00e5 tiden til at g\u00e5, tilbyder Fox Video Chat en nem og gnidningsfri m\u00e5de at deltage i videochats i realtid.<\/p>\n<h2>Hvad er form\u00e5let med Fox Video Chat?<\/h2>\n<p>Fox Video Chats mission er at g\u00f8re det enkelt, sjovt og sikkert at m\u00f8de nye mennesker online. Platformen appellerer til dem, der:<\/p>\n<ul>\n<li>\u00d8nsker anonym, uskriptet, ansigt-til-ansigt interaktion<\/li>\n<li>Savner den klassiske Omegle-oplevelse, men \u00f8nsker moderne funktioner og et renere milj\u00f8<\/li>\n<li>S\u00f8ger social kontakt, underholdning eller kulturel udveksling<\/li>\n<li>V\u00e6rds\u00e6tter privatlivets fred og \u00f8nsker ikke at registrere eller oprette en offentlig profil<\/li>\n<\/ul>\n<p>Fox Video Chat fjerner sociale feeds, kuraterede profiler og matchmaking-algoritmer for at fokusere p\u00e5 den r\u00e5 sp\u00e6nding ved tilf\u00e6ldige m\u00f8der i realtid.<\/p>\n<h2>Vigtige funktioner<\/h2>\n<p>1. Tilf\u00e6ldig videochat en-til-en<br \/>\nHjertet i Fox Video Chat er de hurtige, anonyme cam-to-cam-samtaler. Brugere bliver \u00f8jeblikkeligt matchet til private videochats med frihed til at springe over eller forts\u00e6tte n\u00e5r som helst.<\/p>\n<p>2. Spring over\/n\u00e6ste knap<br \/>\nHvis chatten ikke passer, kan du hurtigt g\u00e5 videre med knappen N\u00e6ste. Overgangene mellem brugerne er glidende og holder interaktionerne dynamiske og sp\u00e6ndende.<\/p>\n<p>3. Mulighed for tekstchat<br \/>\nFox Video Chat tilbyder ogs\u00e5 en ren teksttilstand. Det er ideelt for brugere, der er kamerasky, har begr\u00e6nset b\u00e5ndbredde eller bare foretr\u00e6kker at skrive frem for at tale.<\/p>\n<p>4. Ingen registrering p\u00e5kr\u00e6vet<br \/>\nEt af de st\u00f8rste tr\u00e6kplastre er total anonymitet - ingen konti, ingen brugernavne, ingen e-mailadresser er p\u00e5kr\u00e6vet. Du skal blot give adgang til kamera og mikrofon, og s\u00e5 er du klar til at g\u00e5 i gang.<\/p>\n<p>5. Kompatibilitet mellem mobil og desktop<br \/>\nPlatformen er fuldt optimeret til b\u00e5de desktop- og mobilbrowsere. Uanset om du bruger en telefon, tablet eller b\u00e6rbar computer, tilpasser Fox Video Chats gr\u00e6nseflade sig til en j\u00e6vn oplevelse.<\/p>\n<p>6. Ren, moderne gr\u00e6nseflade<br \/>\nFox Video Chat har en minimal og intuitiv brugergr\u00e6nseflade. Fokus er p\u00e5 store videovinduer, enkle kontroller og et distraktionsfrit layout. Alt er let at finde og bruge.<\/p>\n<p>7. V\u00e6rkt\u00f8jer til rapportering og moderering<br \/>\nBrugernes sikkerhed underst\u00f8ttes af en fremtr\u00e6dende rapportknap. Upassende brugere kan markeres, og Fox Video Chat bruger b\u00e5de menneskelige moderatorer og grundl\u00e6ggende AI til at hj\u00e6lpe med at holde milj\u00f8et venligt og sikkert.<\/p>\n<h2>Er Fox Video Chat gratis?<\/h2>\n<p>Ja, det er helt gratis at bruge. Alle funktioner - inklusive video- og tekstchat, overspringning og rapportering - er tilg\u00e6ngelige for alle brugere uden betalingsmure, abonnementer eller k\u00f8b i appen.<\/p>\n<p>Fox Video Chat kan vise lejlighedsvise, ikke-p\u00e5tr\u00e6ngende annoncer for at underst\u00f8tte driften, men der er ingen skjulte omkostninger eller l\u00e5ste funktioner.<\/p>\n<h2>Hvem bruger Fox Video Chat?<\/h2>\n<p>Fox Video Chat har hurtigt f\u00e5et en mangfoldig og international brugerbase, der tiltr\u00e6kker:<\/p>\n<ul>\n<li>Alder: Prim\u00e6rt 18-35, men \u00e5ben for alle voksne (18+)<\/li>\n<li>Lokationer: Brugere fra USA, Storbritannien, Indien, Tyskland, Brasilien, Filippinerne m.fl.<\/li>\n<li>Interesser: Socialisere, flirte, \u00f8ve sprog, f\u00e5 venner eller afslappet underholdning<\/li>\n<\/ul>\n<p>B\u00e5de mandlige og kvindelige brugere er aktive, men - som det er typisk for tilf\u00e6ldige chatplatforme - er der en st\u00f8rre tilstedev\u00e6relse af m\u00e6nd. Appellen ligger i spontaniteten: Du ved aldrig, hvem du m\u00f8der. <a href=\"https:\/\/strangercam.com\/da\/coomeet\/\">m\u00f8des<\/a> n\u00e6ste.<\/p>\n<h2>Sikkerhed, privatliv og moderation<\/h2>\n<p>Fox Video Chat anerkender behovet for privatliv og brugersikkerhed i tilf\u00e6ldig videochat og implementerer flere sikkerhedsforanstaltninger:<\/p>\n<h3>Privatlivets fred<\/h3>\n<ul>\n<li>Ingen tilmelding eller kontooprettelse: Brugerne forbliver altid anonyme.<\/li>\n<li>Ingen indsamling af data: Ingen navne, e-mails eller telefonnumre er n\u00f8dvendige.<\/li>\n<li>Ingen optagelser: Chats bliver ikke gemt eller lagret.<\/li>\n<\/ul>\n<h3>Moderation<\/h3>\n<ul>\n<li>Rapportering i chatten: Brugere kan hurtigt rapportere st\u00f8dende eller kr\u00e6nkende adf\u00e6rd.<\/li>\n<li>AI-detektion: Grundl\u00e6ggende filtre hj\u00e6lper med at opdage n\u00f8genhed eller eksplicit indhold.<\/li>\n<li>Menneskelig moderation: Rapporter gennemg\u00e5s, og gentagne lovovertr\u00e6dere udelukkes.<\/li>\n<\/ul>\n<h3>Bedste praksis<\/h3>\n<ul>\n<li>Del aldrig personlige oplysninger i en chat.<\/li>\n<li>Brug knapperne \"N\u00e6ste\" og \"Rapport\" flittigt, hvis det er ubehageligt.<\/li>\n<li>Undg\u00e5 at engagere dig i mist\u00e6nkelige brugere, og hold samtalerne lette og respektfulde.<\/li>\n<\/ul>\n<h2>Brugeroplevelse og design<\/h2>\n<p>Fox Video Chats moderne, lette brugerflade er bygget til hurtig og behagelig chat:<\/p>\n<ul>\n<li>Hjemmesiden har en stor \"Start\"-knap, oplysninger om privatlivets fred og regler.<\/li>\n<li>Videofeeds er store og tydelige, og der er nem adgang til at sl\u00e5 lyden fra, springe over og rapportere.<\/li>\n<li>Chatovergange er hurtige med minimal nedetid mellem kampene.<\/li>\n<li>Webstedet er optimeret til hurtige indl\u00e6sningstider og problemfri drift, selv p\u00e5 mellemklasseenheder.<\/li>\n<\/ul>\n<p>Mobiloplevelsen er s\u00e6rlig god, hvilket g\u00f8r Fox Video Chat til en god mulighed for at chatte p\u00e5 farten.<\/p>\n<h2>Fox Video Chat vs. andre tilf\u00e6ldige chatplatforme<\/h2>\n<p>Hvordan er Fox Video Chat sammenlignet med andre top videochatsider i 2025?<\/p>\n<table>\n<thead>\n<tr>\n<th>Funktion<\/th>\n<th>Fox Video Chat<\/th>\n<th>Omegle (lukket)<\/th>\n<th>Chatroulette<\/th>\n<th>Chatrandom<\/th>\n<th>Ohmegle<\/th>\n<\/tr>\n<\/thead>\n<tbody>\n<tr>\n<td>Tilf\u00e6ldig videochat<\/td>\n<td>Ja<\/td>\n<td>Ja<\/td>\n<td>Ja<\/td>\n<td>Ja<\/td>\n<td>Ja<\/td>\n<\/tr>\n<tr>\n<td>Mulighed for tekstchat<\/td>\n<td>Ja<\/td>\n<td>Ja<\/td>\n<td>Nej<\/td>\n<td>Ja<\/td>\n<td>Ja<\/td>\n<\/tr>\n<tr>\n<td>Tilmelding n\u00f8dvendig<\/td>\n<td>Nej<\/td>\n<td>Nej<\/td>\n<td>Nej<\/td>\n<td>Valgfrit<\/td>\n<td>Nej<\/td>\n<\/tr>\n<tr>\n<td>Mobil support<\/td>\n<td>Fremragende<\/td>\n<td>D\u00e5rlig<\/td>\n<td>God<\/td>\n<td>God<\/td>\n<td>Fremragende<\/td>\n<\/tr>\n<tr>\n<td>Moderationsv\u00e6rkt\u00f8jer<\/td>\n<td>Moderat<\/td>\n<td>Minimal<\/td>\n<td>Svag<\/td>\n<td>Moderat<\/td>\n<td>Moderat<\/td>\n<\/tr>\n<tr>\n<td>Gratis at bruge<\/td>\n<td>Ja<\/td>\n<td>Ja<\/td>\n<td>Ja<\/td>\n<td>Ja\/betalt<\/td>\n<td>Ja<\/td>\n<\/tr>\n<tr>\n<td>Filtre for k\u00f8n\/region<\/td>\n<td>Nej<\/td>\n<td>Nej<\/td>\n<td>Nej<\/td>\n<td>Betalt<\/td>\n<td>Nej<\/td>\n<\/tr>\n<\/tbody>\n<\/table>\n<p>Resum\u00e9: Den giver en oplevelse, der er t\u00e6ttest p\u00e5 den oprindelige Omegle, med en renere gr\u00e6nseflade og bedre mobilsupport end mange konkurrenter. Moderationsv\u00e6rkt\u00f8jerne bliver bedre og bedre, men det, der virkelig tiltr\u00e6kker, er sidens enkelhed og hastighed.<\/p>\n<h2>Fordele og ulemper<\/h2>\n<p>Fordele:<\/p>\n<ul>\n<li>100% gratis og anonymt<\/li>\n<li>Ingen registrering eller downloads p\u00e5kr\u00e6vet<\/li>\n<li>Hurtig, j\u00e6vn matchning og chatovergange<\/li>\n<li>Ren, intuitiv brugerflade til b\u00e5de desktop og mobil<\/li>\n<li>Mulighed for video- og tekstchat<\/li>\n<li>Global brugerbase<\/li>\n<\/ul>\n<p>Ulemper:<\/p>\n<ul>\n<li>Ingen filtrering efter k\u00f8n eller sted<\/li>\n<li>Lejlighedsvis eksponering for upassende adf\u00e6rd (f\u00e6lles for alle tilf\u00e6ldige chatsider)<\/li>\n<li>Flere mandlige end kvindelige brugere<\/li>\n<li>Ingen profiler eller mulighed for at komme i kontakt med tidligere brugere<\/li>\n<\/ul>\n<h2>Ideelle brugsscenarier<\/h2>\n<p>Videochat er perfekt til:<\/p>\n<ul>\n<li>Brugere er nostalgiske efter klassiske tilf\u00e6ldige chatplatforme<\/li>\n<li>Folk, der s\u00f8ger spontan samtale med fremmede<\/li>\n<li>Sprogelever, der vil \u00f8ve sig i realtid<\/li>\n<li>Rejsende og expats p\u00e5 udkig efter internationale forbindelser<\/li>\n<li>Enhver, der s\u00f8ger en kedsomhedsbryder uden forpligtelse eller registrering<\/li>\n<\/ul>\n<p>Det er mindre ideelt til:<\/p>\n<ul>\n<li>Dem, der s\u00f8ger dating-specifikke funktioner eller kuraterede matches<\/li>\n<li>Brugere under 18 \u00e5r (platformen er kun for voksne)<\/li>\n<li>Folk, der \u00f8nsker at genoptage kontakten med eller f\u00f8lge tidligere chatpartnere<\/li>\n<\/ul>\n<h2>Endelig dom<\/h2>\n<p>Fox Video Chat er et fremragende valg for alle, der \u00f8nsker at genskabe det sjove og sp\u00e6ndende ved tilf\u00e6ldig online videochat i 2025. Dens anonyme tilgang uden tilmelding kombineret med en hurtig og moderne gr\u00e6nseflade g\u00f8r den til en af de mest tilg\u00e6ngelige og underholdende chatrouletteplatforme, der findes i dag.<\/p>\n<p>Uanset om du s\u00f8ger nye venner, afslappet flirt eller bare en sjov m\u00e5de at fordrive tiden p\u00e5, tilbyder det et sikkert, let og helt gratis milj\u00f8 til spontane globale forbindelser. Det er ikke fyldt med profiler, mersalg eller p\u00e5tr\u00e6ngende reklamer - bare ren, hurtig og anonym chat.<\/p>\n<p>Hvis du vil have et moderne twist p\u00e5 Omegle-oplevelsen, er det absolut et fors\u00f8g v\u00e6rd.<\/p>","protected":false},"excerpt":{"rendered":"<p>The search for the perfect random video chat site continues as users seek safe, anonymous, and fun alternatives to classics like Omegle and Chatroulette. Fox Video Chat is one of the latest platforms to catch the eye of the global chat community, promising fast connections, easy use, and a friendly environment for meeting strangers online. [&hellip;]<\/p>\n","protected":false},"author":6,"featured_media":0,"parent":0,"menu_order":0,"comment_status":"closed","ping_status":"closed","template":"","meta":{"footnotes":""},"class_list":["post-12909","page","type-page","status-publish","hentry"],"yoast_head":"<!-- This site is optimized with the Yoast SEO plugin v26.9 - https:\/\/yoast.com\/product\/yoast-seo-wordpress\/ -->\n<title>Fox Video Chat - Video Chat with Strangers on StrangerCam.com<\/title>\n<meta name=\"description\" content=\"Like Fox Video Chat? Come chat with more than 5.000.000 strangers on Stranger Cam for Free! Turn on your cam and find new friends &amp; maby a match!\" \/>\n<meta name=\"robots\" content=\"index, follow, max-snippet:-1, max-image-preview:large, max-video-preview:-1\" \/>\n<link rel=\"canonical\" href=\"https:\/\/strangercam.com\/da\/fox-video-chat\/\" \/>\n<meta property=\"og:locale\" content=\"da_DK\" \/>\n<meta property=\"og:type\" content=\"article\" \/>\n<meta property=\"og:title\" content=\"Fox Video Chat - Video Chat with Strangers on StrangerCam.com\" \/>\n<meta property=\"og:description\" content=\"Like Fox Video Chat? Come chat with more than 5.000.000 strangers on Stranger Cam for Free! Turn on your cam and find new friends &amp; maby a match!\" \/>\n<meta property=\"og:url\" content=\"https:\/\/strangercam.com\/da\/fox-video-chat\/\" \/>\n<meta property=\"og:site_name\" content=\"Strangercam\" \/>\n<meta property=\"article:publisher\" content=\"https:\/\/www.facebook.com\/strangercam\" \/>\n<meta property=\"article:modified_time\" content=\"2025-07-14T11:46:15+00:00\" \/>\n<meta property=\"og:image\" content=\"https:\/\/strangercam.com\/wp-content\/uploads\/2021\/10\/Untitled-2.png\" \/>\n\t<meta property=\"og:image:width\" content=\"800\" \/>\n\t<meta property=\"og:image:height\" content=\"532\" \/>\n\t<meta property=\"og:image:type\" content=\"image\/png\" \/>\n<meta name=\"twitter:card\" content=\"summary_large_image\" \/>\n<meta name=\"twitter:site\" content=\"@strangercamapp\" \/>\n<meta name=\"twitter:label1\" content=\"Estimeret l\u00e6setid\" \/>\n\t<meta name=\"twitter:data1\" content=\"6 minutter\" \/>\n<script type=\"application\/ld+json\" class=\"yoast-schema-graph\">{\"@context\":\"https:\/\/schema.org\",\"@graph\":[{\"@type\":\"WebPage\",\"@id\":\"https:\/\/strangercam.com\/fox-video-chat\/\",\"url\":\"https:\/\/strangercam.com\/fox-video-chat\/\",\"name\":\"Fox Video Chat - Video Chat with Strangers on StrangerCam.com\",\"isPartOf\":{\"@id\":\"https:\/\/strangercam.com\/#website\"},\"datePublished\":\"2025-07-14T11:45:54+00:00\",\"dateModified\":\"2025-07-14T11:46:15+00:00\",\"description\":\"Like Fox Video Chat? Come chat with more than 5.000.000 strangers on Stranger Cam for Free! Turn on your cam and find new friends & maby a match!\",\"breadcrumb\":{\"@id\":\"https:\/\/strangercam.com\/fox-video-chat\/#breadcrumb\"},\"inLanguage\":\"da-DK\",\"potentialAction\":[{\"@type\":\"ReadAction\",\"target\":[\"https:\/\/strangercam.com\/fox-video-chat\/\"]}]},{\"@type\":\"BreadcrumbList\",\"@id\":\"https:\/\/strangercam.com\/fox-video-chat\/#breadcrumb\",\"itemListElement\":[{\"@type\":\"ListItem\",\"position\":1,\"name\":\"Home\",\"item\":\"https:\/\/strangercam.com\/\"},{\"@type\":\"ListItem\",\"position\":2,\"name\":\"Fox Video Chat\"}]},{\"@type\":\"WebSite\",\"@id\":\"https:\/\/strangercam.com\/#website\",\"url\":\"https:\/\/strangercam.com\/\",\"name\":\"Strangercam\",\"description\":\"Random Video Chat with Strangers\",\"publisher\":{\"@id\":\"https:\/\/strangercam.com\/#organization\"},\"alternateName\":\"Strangercam.com\",\"potentialAction\":[{\"@type\":\"SearchAction\",\"target\":{\"@type\":\"EntryPoint\",\"urlTemplate\":\"https:\/\/strangercam.com\/?s={search_term_string}\"},\"query-input\":{\"@type\":\"PropertyValueSpecification\",\"valueRequired\":true,\"valueName\":\"search_term_string\"}}],\"inLanguage\":\"da-DK\"},{\"@type\":\"Organization\",\"@id\":\"https:\/\/strangercam.com\/#organization\",\"name\":\"Strangercam\",\"alternateName\":\"Strangercam.com\",\"url\":\"https:\/\/strangercam.com\/\",\"logo\":{\"@type\":\"ImageObject\",\"inLanguage\":\"da-DK\",\"@id\":\"https:\/\/strangercam.com\/#\/schema\/logo\/image\/\",\"url\":\"https:\/\/strangercam.com\/wp-content\/uploads\/2020\/11\/cropped-new-favicon-black.png\",\"contentUrl\":\"https:\/\/strangercam.com\/wp-content\/uploads\/2020\/11\/cropped-new-favicon-black.png\",\"width\":512,\"height\":512,\"caption\":\"Strangercam\"},\"image\":{\"@id\":\"https:\/\/strangercam.com\/#\/schema\/logo\/image\/\"},\"sameAs\":[\"https:\/\/www.facebook.com\/strangercam\",\"https:\/\/x.com\/strangercamapp\"]}]}<\/script>\n<!-- \/ Yoast SEO plugin. -->","yoast_head_json":{"title":"Fox Video Chat - Videochat med fremmede p\u00e5 StrangerCam.com","description":"Kan du lide Fox Video Chat? Kom og chat med mere end 5.000.000 fremmede p\u00e5 Stranger Cam helt gratis! T\u00e6nd for dit kamera og find nye venner og m\u00e5ske et match!","robots":{"index":"index","follow":"follow","max-snippet":"max-snippet:-1","max-image-preview":"max-image-preview:large","max-video-preview":"max-video-preview:-1"},"canonical":"https:\/\/strangercam.com\/da\/fox-video-chat\/","og_locale":"da_DK","og_type":"article","og_title":"Fox Video Chat - Video Chat with Strangers on StrangerCam.com","og_description":"Like Fox Video Chat? Come chat with more than 5.000.000 strangers on Stranger Cam for Free! Turn on your cam and find new friends & maby a match!","og_url":"https:\/\/strangercam.com\/da\/fox-video-chat\/","og_site_name":"Strangercam","article_publisher":"https:\/\/www.facebook.com\/strangercam","article_modified_time":"2025-07-14T11:46:15+00:00","og_image":[{"width":800,"height":532,"url":"https:\/\/strangercam.com\/wp-content\/uploads\/2021\/10\/Untitled-2.png","type":"image\/png"}],"twitter_card":"summary_large_image","twitter_site":"@strangercamapp","twitter_misc":{"Estimeret l\u00e6setid":"6 minutter"},"schema":{"@context":"https:\/\/schema.org","@graph":[{"@type":"WebPage","@id":"https:\/\/strangercam.com\/fox-video-chat\/","url":"https:\/\/strangercam.com\/fox-video-chat\/","name":"Fox Video Chat - Videochat med fremmede p\u00e5 StrangerCam.com","isPartOf":{"@id":"https:\/\/strangercam.com\/#website"},"datePublished":"2025-07-14T11:45:54+00:00","dateModified":"2025-07-14T11:46:15+00:00","description":"Kan du lide Fox Video Chat? Kom og chat med mere end 5.000.000 fremmede p\u00e5 Stranger Cam helt gratis! T\u00e6nd for dit kamera og find nye venner og m\u00e5ske et match!","breadcrumb":{"@id":"https:\/\/strangercam.com\/fox-video-chat\/#breadcrumb"},"inLanguage":"da-DK","potentialAction":[{"@type":"ReadAction","target":["https:\/\/strangercam.com\/fox-video-chat\/"]}]},{"@type":"BreadcrumbList","@id":"https:\/\/strangercam.com\/fox-video-chat\/#breadcrumb","itemListElement":[{"@type":"ListItem","position":1,"name":"Home","item":"https:\/\/strangercam.com\/"},{"@type":"ListItem","position":2,"name":"Fox Video Chat"}]},{"@type":"WebSite","@id":"https:\/\/strangercam.com\/#website","url":"https:\/\/strangercam.com\/","name":"Strangercam","description":"Tilf\u00e6ldig videochat med fremmede","publisher":{"@id":"https:\/\/strangercam.com\/#organization"},"alternateName":"Strangercam.com","potentialAction":[{"@type":"SearchAction","target":{"@type":"EntryPoint","urlTemplate":"https:\/\/strangercam.com\/?s={search_term_string}"},"query-input":{"@type":"PropertyValueSpecification","valueRequired":true,"valueName":"search_term_string"}}],"inLanguage":"da-DK"},{"@type":"Organization","@id":"https:\/\/strangercam.com\/#organization","name":"Strangercam","alternateName":"Strangercam.com","url":"https:\/\/strangercam.com\/","logo":{"@type":"ImageObject","inLanguage":"da-DK","@id":"https:\/\/strangercam.com\/#\/schema\/logo\/image\/","url":"https:\/\/strangercam.com\/wp-content\/uploads\/2020\/11\/cropped-new-favicon-black.png","contentUrl":"https:\/\/strangercam.com\/wp-content\/uploads\/2020\/11\/cropped-new-favicon-black.png","width":512,"height":512,"caption":"Strangercam"},"image":{"@id":"https:\/\/strangercam.com\/#\/schema\/logo\/image\/"},"sameAs":["https:\/\/www.facebook.com\/strangercam","https:\/\/x.com\/strangercamapp"]}]}},"_links":{"self":[{"href":"https:\/\/strangercam.com\/da\/wp-json\/wp\/v2\/pages\/12909","targetHints":{"allow":["GET"]}}],"collection":[{"href":"https:\/\/strangercam.com\/da\/wp-json\/wp\/v2\/pages"}],"about":[{"href":"https:\/\/strangercam.com\/da\/wp-json\/wp\/v2\/types\/page"}],"author":[{"embeddable":true,"href":"https:\/\/strangercam.com\/da\/wp-json\/wp\/v2\/users\/6"}],"replies":[{"embeddable":true,"href":"https:\/\/strangercam.com\/da\/wp-json\/wp\/v2\/comments?post=12909"}],"version-history":[{"count":1,"href":"https:\/\/strangercam.com\/da\/wp-json\/wp\/v2\/pages\/12909\/revisions"}],"predecessor-version":[{"id":12910,"href":"https:\/\/strangercam.com\/da\/wp-json\/wp\/v2\/pages\/12909\/revisions\/12910"}],"wp:attachment":[{"href":"https:\/\/strangercam.com\/da\/wp-json\/wp\/v2\/media?parent=12909"}],"curies":[{"name":"wp","href":"https:\/\/api.w.org\/{rel}","templated":true}]}}