{"id":12907,"date":"2025-07-14T13:41:45","date_gmt":"2025-07-14T11:41:45","guid":{"rendered":"https:\/\/strangercam.com\/?page_id=12907"},"modified":"2025-07-14T13:41:45","modified_gmt":"2025-07-14T11:41:45","slug":"topface","status":"publish","type":"page","link":"https:\/\/strangercam.com\/da\/topface\/","title":{"rendered":"Topface"},"content":{"rendered":"<p>I et datinglandskab, der er overfyldt med apps og hjemmesider, er det kun f\u00e5 platforme, der form\u00e5r at skille sig ud p\u00e5 globalt plan. Topface er en s\u00e5dan platform, der blander elementer af social opdagelse, traditionel online-dating og afslappet <a href=\"https:\/\/strangercam.com\/da\/chatroulette\/\">chat<\/a> til en enkelt, flersproget oplevelse. Med millioner af brugere verden over og et ry for tv\u00e6rkulturelle forbindelser har Topface opbygget en loyal tilh\u00e6ngerskare siden lanceringen for over ti \u00e5r siden.<\/p>\n<p>Men hvad er det egentlig, der g\u00f8r Topface unik? Hvem er den til, hvad er dens funktioner, og hvordan klarer den sig i forhold til andre store dating- og chatplatforme i 2025? I denne dybdeg\u00e5ende gennemgang d\u00e6kker vi alt, hvad du har brug for at vide om Topface, s\u00e5 du kan beslutte, om det er det rigtige for dig.<\/p>\n<h2>Hvad er Topface?<\/h2>\n<p>Topface er en global social opdagelses- og datingplatform, der er tilg\u00e6ngelig via web og mobilapp. Den giver brugerne mulighed for at <a href=\"https:\/\/strangercam.com\/da\/coomeet\/\">m\u00f8des<\/a> nye mennesker til at chatte, date eller f\u00e5 venner ved hj\u00e6lp af en kombination af profilbrowsing, matchning af f\u00e6lles interesser og interaktive beskedfunktioner.<\/p>\n<p>I mods\u00e6tning til traditionelle datingapps, der udelukkende fokuserer p\u00e5 romantiske forbindelser, er Topfaces \u00f8kosystem t\u00e6ttere p\u00e5 et socialt netv\u00e6rk, der muligg\u00f8r alt fra flirt og dating til internationale venskaber og afslappede chats. Siden er tilg\u00e6ngelig p\u00e5 dusinvis af sprog og underst\u00f8tter en stor international brugerbase, hvilket g\u00f8r den s\u00e6rligt popul\u00e6r i \u00d8steuropa, Latinamerika, Syd\u00f8stasien og andre steder.<\/p>\n<h2>Hvad er form\u00e5let med Topface?<\/h2>\n<p>Topface blev skabt for at hj\u00e6lpe folk med at komme i kontakt med hinanden globalt, bryde isen og skabe relationer - romantiske eller andre - ved hj\u00e6lp af sjove, interaktive v\u00e6rkt\u00f8jer. Det er en platform, der ligger i krydsfeltet mellem:<\/p>\n<ul>\n<li>Social opdagelse (m\u00f8de nye mennesker uden for din vennegruppe)<\/li>\n<li>Online-dating (finde romantiske partnere lokalt eller i hele verden)<\/li>\n<li>Afslappet chat (f\u00e5 venner, pennevenner eller sprogudvekslingspartnere)<\/li>\n<\/ul>\n<p>Kerneopgaven er at g\u00f8re det nemt, engagerende og uden pres at m\u00f8de fremmede mennesker online - uden den eksklusivitet eller intensitet, der kendetegner dating-apps, hvor man kun swiper.<\/p>\n<h2>Vigtige funktioner<\/h2>\n<p>1. Profilopdagelse og browsing<br \/>\nTopface giver brugerne mulighed for at gennemse profiler efter alder, k\u00f8n, placering og interesser. I mods\u00e6tning til rene swipe-apps kan du udforske en bred vifte af brugere, se detaljerede profiler og beslutte, hvem du vil interagere med.<\/p>\n<p>2. Like- og match-system<br \/>\nGensidig interesse signaleres gennem en velkendt like\/match-mekanik. Hvis to brugere kan lide hinanden, l\u00e5ser de op for beskeder og andre funktioner, der opmuntrer til forbindelser, der bygger p\u00e5 f\u00e6lles tiltr\u00e6kning eller nysgerrighed.<\/p>\n<p>3. Beskeder og chat<br \/>\nN\u00e5r de er matchet, kan brugerne udveksle private beskeder, fotos og videoer. Der er ogs\u00e5 funktioner til at sende virtuelle gaver, klisterm\u00e6rker og stemmenoter, som g\u00f8r samtalerne mere interaktive.<\/p>\n<p>4. <a href=\"https:\/\/strangercam.com\/da\/rabbit-video-chat\/\">Videochat<\/a> og livestreams<br \/>\nTopface tilbyder indbygget videochat og live streaming-v\u00e6rkt\u00f8jer, s\u00e5 brugerne kan interagere ansigt til ansigt i realtid. Live-video hj\u00e6lper med at reducere falske profiler og opbygger tillid, f\u00f8r man m\u00f8des offline.<\/p>\n<p>5. System med virtuelle gaver og m\u00f8nter<br \/>\nMange funktioner, som f.eks. at sende gaver, \u00f8ge profilens synlighed eller l\u00e5se op for premiumfiltre, bruger platformens system med virtuelle m\u00f8nter. M\u00f8nter kan optjenes gennem aktivitet eller k\u00f8bes med rigtige penge.<\/p>\n<p>6. Avancerede s\u00f8gefiltre<br \/>\nPremium-brugere kan f\u00e5 adgang til avancerede s\u00f8gev\u00e6rkt\u00f8jer til at filtrere efter interesser, vaner, uddannelse eller endda hensigt (dating, venskab, chat osv.), hvilket hj\u00e6lper med at forfine opdagelsesprocessen.<\/p>\n<p>7. Underst\u00f8ttelse af flere platforme<br \/>\nTopface fungerer p\u00e5 desktop-browsere, Android- og iOS-apps - s\u00e5 du kan oprette forbindelse n\u00e5r som helst og hvor som helst.<\/p>\n<p>8. St\u00f8tte til flere sprog<br \/>\nPlatformen underst\u00f8tter dusinvis af sprog, fra engelsk og spansk til russisk, tyrkisk, vietnamesisk og meget mere, hvilket g\u00f8r den tilg\u00e6ngelig og venlig for internationale brugere.<\/p>\n<h2>Er Topface gratis?<\/h2>\n<p>Topface er gratis at deltage i og bruge til grundl\u00e6ggende funktioner. Du kan oprette en profil, gennemse brugere, sende likes og endda udveksle nogle beskeder uden omkostninger. Platformen bruger dog en freemium-model, hvor premium-funktioner kr\u00e6ver m\u00f8nter eller et abonnement.<\/p>\n<h3>Gratis funktioner:<\/h3>\n<ul>\n<li>Registrering og oprettelse af profil<\/li>\n<li>Gennemse og s\u00f8g i profiler<\/li>\n<li>Sende og modtage likes<\/li>\n<li>Begr\u00e6nsede meddelelser (ofte med restriktioner)<\/li>\n<\/ul>\n<h3>Betalte funktioner:<\/h3>\n<ul>\n<li>Ubegr\u00e6nset chat og videoopkald<\/li>\n<li>Sende og modtage virtuelle gaver<\/li>\n<li>\u00d8ger profilens synlighed<\/li>\n<li>Adgang til avancerede filtre og s\u00f8gemuligheder<\/li>\n<li>Se, hvem der har bes\u00f8gt eller liket din profil<\/li>\n<\/ul>\n<p>M\u00f8nter og abonnementer er rimeligt prissat sammenlignet med mange vestlige datingapps, men brugerne skal forvente nogle begr\u00e6nsninger i den frie interaktion.<\/p>\n<h2>Hvem bruger Topface?<\/h2>\n<p>Topface er virkelig global med en mangfoldig og aktiv brugerbase:<\/p>\n<ul>\n<li>Aldersgruppe: 18-40 er de mest aktive, men brugere i alle aldre deltager<\/li>\n<li>Balance mellem k\u00f8nnene: Mere afbalanceret end typiske datingapps, med st\u00e6rk kvindelig deltagelse, is\u00e6r uden for Nordamerika.<\/li>\n<li>Geografi: S\u00e6rligt popul\u00e6rt i Rusland, Ukraine, Tyrkiet, Brasilien, Indien, Thailand, Vietnam og Latinamerika - selv om du kan finde brugere fra n\u00e6sten alle lande.<\/li>\n<\/ul>\n<p>Mange brugere er interesserede i:<\/p>\n<ul>\n<li>Afslappet chat og nye venner over hele verden<\/li>\n<li><a href=\"https:\/\/strangercam.com\/da\/flirtbees\/\">Flirter<\/a> eller finde internationale romantiske partnere<\/li>\n<li>Tv\u00e6rkulturelle relationer og sprogudveksling<\/li>\n<li>Sikkert, modereret online samv\u00e6r<\/li>\n<\/ul>\n<p>I mods\u00e6tning til niche-datingapps henvender Topface sig til en r\u00e6kke forskellige form\u00e5l - s\u00e5 du finder alt fra seri\u00f8s dating og afslappede m\u00f8der til pennevenner og gruppechats.<\/p>\n<h2>Sikkerhed, privatliv og moderation<\/h2>\n<p>Topface har en robust tilgang til brugersikkerhed og moderation:<\/p>\n<h3>Privatlivets fred:<\/h3>\n<ul>\n<li>Registrering kr\u00e6ver kun grundl\u00e6ggende oplysninger<\/li>\n<li>Der er mulighed for telefon-\/e-mailbekr\u00e6ftelse for ekstra sikkerhed<\/li>\n<li>Chats er private og ikke tilg\u00e6ngelige for andre brugere<\/li>\n<\/ul>\n<h3>Moderation:<\/h3>\n<ul>\n<li>Manuel og automatiseret profilgennemgang for at begr\u00e6nse falske konti og svindel<\/li>\n<li>In-chat-rapportering og blokering for at fjerne voldelige eller mist\u00e6nkelige brugere<\/li>\n<li>Aktiv antispam- og antibedrageri-registrering<\/li>\n<\/ul>\n<h3>Brugerkontrol:<\/h3>\n<ul>\n<li>Kontrol over, hvem der kan se din profil eller sende dig beskeder<\/li>\n<li>Indstillinger for profilens privatliv og h\u00e5ndtering af meddelelser<\/li>\n<\/ul>\n<p>Selvom platformen generelt er sikker, b\u00f8r brugerne stadig udvise forsigtighed - is\u00e6r n\u00e5r de deler personlige oplysninger eller flytter samtaler v\u00e6k fra platformen.<\/p>\n<h2>Brugeroplevelse og design<\/h2>\n<p>Topface har en lys, brugervenlig gr\u00e6nseflade, der fungerer godt p\u00e5 tv\u00e6rs af enheder. Vigtige h\u00f8jdepunkter:<\/p>\n<ul>\n<li>Overskuelig navigation og profilkort<\/li>\n<li>Farverige ikoner til gaver, chat og matchning<\/li>\n<li>Hurtige indl\u00e6sningstider og p\u00e5lidelig videostreaming<\/li>\n<li>Responsivt design til mobil- og tabletbrug<\/li>\n<li>Flersprogede menuer og hj\u00e6lpesektioner<\/li>\n<\/ul>\n<p>Platformen undg\u00e5r det reklametunge rod p\u00e5 nogle globale datingsider og fokuserer p\u00e5 en ren oplevelse med kun lejlighedsvise reklamebannere for premiumfunktioner.<\/p>\n<h2>Topface vs. andre sociale datingplatforme<\/h2>\n<p>Hvordan klarer Topface sig i forhold til andre af de bedste chat- og datingplatforme?<\/p>\n<table>\n<thead>\n<tr>\n<th>Funktion<\/th>\n<th>Topface<\/th>\n<th>Badoo<\/th>\n<th>Tinder<\/th>\n<th>Mamba<\/th>\n<th><a href=\"https:\/\/strangercam.com\/da\/azar-app\/\">Azar<\/a><\/th>\n<\/tr>\n<\/thead>\n<tbody>\n<tr>\n<td>Global brugerbase<\/td>\n<td>Ja<\/td>\n<td>Ja<\/td>\n<td>Ja<\/td>\n<td>Ja<\/td>\n<td>Ja<\/td>\n<\/tr>\n<tr>\n<td>Gratis beskeder<\/td>\n<td>Begr\u00e6nset<\/td>\n<td>Begr\u00e6nset<\/td>\n<td>Nej<\/td>\n<td>Begr\u00e6nset<\/td>\n<td>Begr\u00e6nset<\/td>\n<\/tr>\n<tr>\n<td>Videochat<\/td>\n<td>Ja<\/td>\n<td>Nej<\/td>\n<td>Nej<\/td>\n<td>Ja<\/td>\n<td>Ja<\/td>\n<\/tr>\n<tr>\n<td>Virtuelle gaver\/m\u00f8nter<\/td>\n<td>Ja<\/td>\n<td>Ja<\/td>\n<td>Nej<\/td>\n<td>Ja<\/td>\n<td>Ja<\/td>\n<\/tr>\n<tr>\n<td>Opdagelse af profil<\/td>\n<td>Ja<\/td>\n<td>Ja<\/td>\n<td>Swipe<\/td>\n<td>Ja<\/td>\n<td>Tilf\u00e6ldig<\/td>\n<\/tr>\n<tr>\n<td>Live streaming<\/td>\n<td>Ja<\/td>\n<td>Nej<\/td>\n<td>Nej<\/td>\n<td>Nej<\/td>\n<td>Nej<\/td>\n<\/tr>\n<tr>\n<td>Flersproget<\/td>\n<td>Ja<\/td>\n<td>Ja<\/td>\n<td>Begr\u00e6nset<\/td>\n<td>Ja<\/td>\n<td>Ja<\/td>\n<\/tr>\n<\/tbody>\n<\/table>\n<p>Resum\u00e9: Topface er mere funktionsrig end klassiske datingapps som Tinder og har en st\u00f8rre international r\u00e6kkevidde end mange vestlige apps. Dens blanding af video, chat og gamification g\u00f8r, at den f\u00f8les livlig og indbydende for b\u00e5de lokale og globale brugere.<\/p>\n<h2>Fordele og ulemper<\/h2>\n<p>Fordele:<\/p>\n<ul>\n<li>Stor, international brugerbase<\/li>\n<li>Gratis at deltage med grundl\u00e6ggende funktioner<\/li>\n<li>Videochat og livestreams tilg\u00e6ngelige<\/li>\n<li>Sjove, sociale opdagelseselementer<\/li>\n<li>Kompatibilitet mellem mobil og desktop<\/li>\n<li>St\u00e6rke moderations- og privatlivsindstillinger<\/li>\n<\/ul>\n<p>Ulemper:<\/p>\n<ul>\n<li>Fuld adgang kr\u00e6ver m\u00f8nter eller abonnement<\/li>\n<li>Nogle falske eller inaktive profiler (almindeligt p\u00e5 alle store platforme)<\/li>\n<li>Begr\u00e6nsede gratis beskeder kan v\u00e6re frustrerende<\/li>\n<li>Mindre popul\u00e6r i Nordamerika end i \u00d8steuropa, Asien eller Sydamerika<\/li>\n<\/ul>\n<h2>Ideelle brugsscenarier<\/h2>\n<p>Topface er ideel til:<\/p>\n<ul>\n<li>Singler, der s\u00f8ger international dating eller venskaber<\/li>\n<li>Rejsende eller expats p\u00e5 udkig efter lokale forbindelser<\/li>\n<li>Folk, der nyder en blanding af sociale netv\u00e6rk og datingfunktioner<\/li>\n<li>Alle, der \u00f8nsker et livligt, videovenligt chatf\u00e6llesskab<\/li>\n<li>Brugere, der er interesserede i sprogudveksling eller kulturel opdagelse<\/li>\n<\/ul>\n<p>Det er mindre ideelt til:<\/p>\n<ul>\n<li>Dem, der vil have 100% gratis ubegr\u00e6nset messaging<\/li>\n<li>Folk, der kun s\u00f8ger hyperlokal dating<\/li>\n<li>Brugere, der er utrygge ved globale eller tv\u00e6rkulturelle interaktioner<\/li>\n<\/ul>\n<h2>Endelig dom<\/h2>\n<p>Topface skiller sig ud som en af verdens mest alsidige og internationale chat- og datingplatforme. Med sin livlige brugerbase, sjove sociale funktioner og v\u00e6gt p\u00e5 video og interaktiv chat er det meget mere end en dating-app - det er en port til nye kulturer, sprog og venskaber s\u00e5vel som romantik.<\/p>\n<p>Hvis du \u00f8nsker at udvide din sociale horisont, m\u00f8de mennesker fra hele verden eller bare nyde en sjov og engagerende chatoplevelse, er Topface absolut et fors\u00f8g v\u00e6rd i 2025.<\/p>","protected":false},"excerpt":{"rendered":"<p>In a dating landscape crowded with apps and websites, only a few platforms manage to stand out on a global scale. Topface is one such platform\u2014blending elements of social discovery, traditional online dating, and casual chat into a single, multilingual experience. With millions of users worldwide and a reputation for cross-cultural connections, Topface has built [&hellip;]<\/p>\n","protected":false},"author":6,"featured_media":0,"parent":0,"menu_order":0,"comment_status":"closed","ping_status":"closed","template":"","meta":{"footnotes":""},"class_list":["post-12907","page","type-page","status-publish","hentry"],"yoast_head":"<!-- This site is optimized with the Yoast SEO plugin v27.4 - https:\/\/yoast.com\/product\/yoast-seo-wordpress\/ -->\n<title>Topface - Meet girls and guys, chat on StrangerCam.com<\/title>\n<meta name=\"description\" content=\"Like Topface? Come chat with more than 5.000.000 strangers on Stranger Cam for Free! Turn on your cam and find new friends &amp; maby a match!\" \/>\n<meta name=\"robots\" content=\"index, follow, max-snippet:-1, max-image-preview:large, max-video-preview:-1\" \/>\n<link rel=\"canonical\" href=\"https:\/\/strangercam.com\/da\/topface\/\" \/>\n<meta property=\"og:locale\" content=\"da_DK\" \/>\n<meta property=\"og:type\" content=\"article\" \/>\n<meta property=\"og:title\" content=\"Topface - Meet girls and guys, chat on StrangerCam.com\" \/>\n<meta property=\"og:description\" content=\"Like Topface? Come chat with more than 5.000.000 strangers on Stranger Cam for Free! Turn on your cam and find new friends &amp; maby a match!\" \/>\n<meta property=\"og:url\" content=\"https:\/\/strangercam.com\/da\/topface\/\" \/>\n<meta property=\"og:site_name\" content=\"Strangercam\" \/>\n<meta property=\"article:publisher\" content=\"https:\/\/www.facebook.com\/strangercam\" \/>\n<meta property=\"og:image\" content=\"https:\/\/strangercam.com\/wp-content\/uploads\/2021\/10\/Untitled-2.png\" \/>\n\t<meta property=\"og:image:width\" content=\"800\" \/>\n\t<meta property=\"og:image:height\" content=\"532\" \/>\n\t<meta property=\"og:image:type\" content=\"image\/png\" \/>\n<meta name=\"twitter:card\" content=\"summary_large_image\" \/>\n<meta name=\"twitter:site\" content=\"@strangercamapp\" \/>\n<meta name=\"twitter:label1\" content=\"Estimeret l\u00e6setid\" \/>\n\t<meta name=\"twitter:data1\" content=\"6 minutter\" \/>\n<script type=\"application\/ld+json\" class=\"yoast-schema-graph\">{\"@context\":\"https:\\\/\\\/schema.org\",\"@graph\":[{\"@type\":\"WebPage\",\"@id\":\"https:\\\/\\\/strangercam.com\\\/topface\\\/\",\"url\":\"https:\\\/\\\/strangercam.com\\\/topface\\\/\",\"name\":\"Topface - Meet girls and guys, chat on StrangerCam.com\",\"isPartOf\":{\"@id\":\"https:\\\/\\\/strangercam.com\\\/#website\"},\"datePublished\":\"2025-07-14T11:41:45+00:00\",\"description\":\"Like Topface? Come chat with more than 5.000.000 strangers on Stranger Cam for Free! Turn on your cam and find new friends & maby a match!\",\"breadcrumb\":{\"@id\":\"https:\\\/\\\/strangercam.com\\\/topface\\\/#breadcrumb\"},\"inLanguage\":\"da-DK\",\"potentialAction\":[{\"@type\":\"ReadAction\",\"target\":[\"https:\\\/\\\/strangercam.com\\\/topface\\\/\"]}]},{\"@type\":\"BreadcrumbList\",\"@id\":\"https:\\\/\\\/strangercam.com\\\/topface\\\/#breadcrumb\",\"itemListElement\":[{\"@type\":\"ListItem\",\"position\":1,\"name\":\"Home\",\"item\":\"https:\\\/\\\/strangercam.com\\\/\"},{\"@type\":\"ListItem\",\"position\":2,\"name\":\"Topface\"}]},{\"@type\":\"WebSite\",\"@id\":\"https:\\\/\\\/strangercam.com\\\/#website\",\"url\":\"https:\\\/\\\/strangercam.com\\\/\",\"name\":\"Strangercam\",\"description\":\"Random Video Chat with Strangers\",\"publisher\":{\"@id\":\"https:\\\/\\\/strangercam.com\\\/#organization\"},\"alternateName\":\"Strangercam.com\",\"potentialAction\":[{\"@type\":\"SearchAction\",\"target\":{\"@type\":\"EntryPoint\",\"urlTemplate\":\"https:\\\/\\\/strangercam.com\\\/?s={search_term_string}\"},\"query-input\":{\"@type\":\"PropertyValueSpecification\",\"valueRequired\":true,\"valueName\":\"search_term_string\"}}],\"inLanguage\":\"da-DK\"},{\"@type\":\"Organization\",\"@id\":\"https:\\\/\\\/strangercam.com\\\/#organization\",\"name\":\"Strangercam\",\"alternateName\":\"Strangercam.com\",\"url\":\"https:\\\/\\\/strangercam.com\\\/\",\"logo\":{\"@type\":\"ImageObject\",\"inLanguage\":\"da-DK\",\"@id\":\"https:\\\/\\\/strangercam.com\\\/#\\\/schema\\\/logo\\\/image\\\/\",\"url\":\"https:\\\/\\\/strangercam.com\\\/wp-content\\\/uploads\\\/2020\\\/11\\\/cropped-new-favicon-black.png\",\"contentUrl\":\"https:\\\/\\\/strangercam.com\\\/wp-content\\\/uploads\\\/2020\\\/11\\\/cropped-new-favicon-black.png\",\"width\":512,\"height\":512,\"caption\":\"Strangercam\"},\"image\":{\"@id\":\"https:\\\/\\\/strangercam.com\\\/#\\\/schema\\\/logo\\\/image\\\/\"},\"sameAs\":[\"https:\\\/\\\/www.facebook.com\\\/strangercam\",\"https:\\\/\\\/x.com\\\/strangercamapp\"]}]}<\/script>\n<!-- \/ Yoast SEO plugin. -->","yoast_head_json":{"title":"Topface - M\u00f8d piger og fyre, chat p\u00e5 StrangerCam.com","description":"Kan du lide Topface? Kom og chat med mere end 5.000.000 fremmede p\u00e5 Stranger Cam helt gratis! T\u00e6nd for dit kamera og find nye venner og m\u00e5ske et match!","robots":{"index":"index","follow":"follow","max-snippet":"max-snippet:-1","max-image-preview":"max-image-preview:large","max-video-preview":"max-video-preview:-1"},"canonical":"https:\/\/strangercam.com\/da\/topface\/","og_locale":"da_DK","og_type":"article","og_title":"Topface - Meet girls and guys, chat on StrangerCam.com","og_description":"Like Topface? Come chat with more than 5.000.000 strangers on Stranger Cam for Free! Turn on your cam and find new friends & maby a match!","og_url":"https:\/\/strangercam.com\/da\/topface\/","og_site_name":"Strangercam","article_publisher":"https:\/\/www.facebook.com\/strangercam","og_image":[{"width":800,"height":532,"url":"https:\/\/strangercam.com\/wp-content\/uploads\/2021\/10\/Untitled-2.png","type":"image\/png"}],"twitter_card":"summary_large_image","twitter_site":"@strangercamapp","twitter_misc":{"Estimeret l\u00e6setid":"6 minutter"},"schema":{"@context":"https:\/\/schema.org","@graph":[{"@type":"WebPage","@id":"https:\/\/strangercam.com\/topface\/","url":"https:\/\/strangercam.com\/topface\/","name":"Topface - M\u00f8d piger og fyre, chat p\u00e5 StrangerCam.com","isPartOf":{"@id":"https:\/\/strangercam.com\/#website"},"datePublished":"2025-07-14T11:41:45+00:00","description":"Kan du lide Topface? Kom og chat med mere end 5.000.000 fremmede p\u00e5 Stranger Cam helt gratis! T\u00e6nd for dit kamera og find nye venner og m\u00e5ske et match!","breadcrumb":{"@id":"https:\/\/strangercam.com\/topface\/#breadcrumb"},"inLanguage":"da-DK","potentialAction":[{"@type":"ReadAction","target":["https:\/\/strangercam.com\/topface\/"]}]},{"@type":"BreadcrumbList","@id":"https:\/\/strangercam.com\/topface\/#breadcrumb","itemListElement":[{"@type":"ListItem","position":1,"name":"Home","item":"https:\/\/strangercam.com\/"},{"@type":"ListItem","position":2,"name":"Topface"}]},{"@type":"WebSite","@id":"https:\/\/strangercam.com\/#website","url":"https:\/\/strangercam.com\/","name":"Strangercam","description":"Tilf\u00e6ldig videochat med fremmede","publisher":{"@id":"https:\/\/strangercam.com\/#organization"},"alternateName":"Strangercam.com","potentialAction":[{"@type":"SearchAction","target":{"@type":"EntryPoint","urlTemplate":"https:\/\/strangercam.com\/?s={search_term_string}"},"query-input":{"@type":"PropertyValueSpecification","valueRequired":true,"valueName":"search_term_string"}}],"inLanguage":"da-DK"},{"@type":"Organization","@id":"https:\/\/strangercam.com\/#organization","name":"Strangercam","alternateName":"Strangercam.com","url":"https:\/\/strangercam.com\/","logo":{"@type":"ImageObject","inLanguage":"da-DK","@id":"https:\/\/strangercam.com\/#\/schema\/logo\/image\/","url":"https:\/\/strangercam.com\/wp-content\/uploads\/2020\/11\/cropped-new-favicon-black.png","contentUrl":"https:\/\/strangercam.com\/wp-content\/uploads\/2020\/11\/cropped-new-favicon-black.png","width":512,"height":512,"caption":"Strangercam"},"image":{"@id":"https:\/\/strangercam.com\/#\/schema\/logo\/image\/"},"sameAs":["https:\/\/www.facebook.com\/strangercam","https:\/\/x.com\/strangercamapp"]}]}},"_links":{"self":[{"href":"https:\/\/strangercam.com\/da\/wp-json\/wp\/v2\/pages\/12907","targetHints":{"allow":["GET"]}}],"collection":[{"href":"https:\/\/strangercam.com\/da\/wp-json\/wp\/v2\/pages"}],"about":[{"href":"https:\/\/strangercam.com\/da\/wp-json\/wp\/v2\/types\/page"}],"author":[{"embeddable":true,"href":"https:\/\/strangercam.com\/da\/wp-json\/wp\/v2\/users\/6"}],"replies":[{"embeddable":true,"href":"https:\/\/strangercam.com\/da\/wp-json\/wp\/v2\/comments?post=12907"}],"version-history":[{"count":1,"href":"https:\/\/strangercam.com\/da\/wp-json\/wp\/v2\/pages\/12907\/revisions"}],"predecessor-version":[{"id":12908,"href":"https:\/\/strangercam.com\/da\/wp-json\/wp\/v2\/pages\/12907\/revisions\/12908"}],"wp:attachment":[{"href":"https:\/\/strangercam.com\/da\/wp-json\/wp\/v2\/media?parent=12907"}],"curies":[{"name":"wp","href":"https:\/\/api.w.org\/{rel}","templated":true}]}}