{"id":12905,"date":"2025-07-14T13:38:21","date_gmt":"2025-07-14T11:38:21","guid":{"rendered":"https:\/\/strangercam.com\/?page_id=12905"},"modified":"2025-07-14T13:38:21","modified_gmt":"2025-07-14T11:38:21","slug":"stranger-space","status":"publish","type":"page","link":"https:\/\/strangercam.com\/da\/stranger-space\/","title":{"rendered":"Fremmede rum"},"content":{"rendered":"<p>Med s\u00e5 mange tilf\u00e6ldige videoer <a href=\"https:\/\/strangercam.com\/da\/chathub\/\">chat<\/a> platforme, der k\u00e6mper om opm\u00e6rksomheden i 2025, er det sj\u00e6ldent at finde et site, der balancerer anonymitet, sikkerhed og en moderne brugeroplevelse s\u00e5 godt som Stranger Space. Designet til brugere, der \u00f8nsker spontane ansigt-til-ansigt-forbindelser - men uden de faldgruber, der plagede \u00e6ldre platforme - skiller Stranger Space sig ud gennem smarte designvalg, indbygget moderation og en frisk, indbydende atmosf\u00e6re.<\/p>\n<p>Men er Stranger Space det bedste nye sted at videochatte med fremmede? Er det sikkert, nemt at bruge og faktisk sjovt? I denne detaljerede gennemgang d\u00e6kker vi alt, hvad du har brug for at vide: hvordan det fungerer, hvem der bruger det, hvad der g\u00f8r det anderledes, og hvordan det sammenlignes med andre af de bedste videochatsider i 2025.<\/p>\n<h2>Hvad er Stranger Space?<\/h2>\n<p>Stranger Space er en gratis, browserbaseret platform for tilf\u00e6ldig videochat, der \u00f8jeblikkeligt s\u00e6tter dig i forbindelse med fremmede fra hele verden. Brugere kan deltage i private videoopkald p\u00e5 tomandsh\u00e5nd eller skifte til tekstchat, helt uden at skulle oprette en konto eller downloade en app.<\/p>\n<p>Fokus er p\u00e5 nem, anonym og realtidskommunikation. Du skal blot \u00e5bne siden, tillade dit webkamera og din mikrofon og klikke for at begynde at chatte. Stranger Spaces rene brugerflade og moderne design betyder, at du kan tale med en ny person i l\u00f8bet af f\u00e5 sekunder.<\/p>\n<h2>Hvad er form\u00e5let med Stranger Space?<\/h2>\n<p>Missionen for Stranger Space er at genoplive sp\u00e6ndingen og enkeltheden ved klassiske tilf\u00e6ldige chatplatforme - samtidig med at man tager fat p\u00e5 de mangler i sikkerhed, privatliv og brugervenlighed, der gjorde sider som <a href=\"https:\/\/strangercam.com\/da\/omegle\/\">Omegle<\/a> infamt.<\/p>\n<p>Stranger Space er bygget til:<\/p>\n<ul>\n<li>Folk, der \u00f8nsker spontan, uprogrammeret interaktion ansigt til ansigt<\/li>\n<li>Brugere, der v\u00e6rds\u00e6tter anonymitet og datasikkerhed<\/li>\n<li>Alle, der er tr\u00e6tte af endel\u00f8se profiler, sociale feeds og swiping<\/li>\n<li>Sprogstuderende og rejsende, der \u00f8nsker at udvide deres horisont<\/li>\n<\/ul>\n<p>Frem for alt handler det om at forbinde mennesker hurtigt og sikkert, s\u00e5 du kan opleve nye kulturer, ideer og venskaber - eller bare f\u00e5 afl\u00f8b for din vrede efter en lang dag.<\/p>\n<h2>Vigtige funktioner<\/h2>\n<p>1. Anonym en-til-en videochat<br \/>\nKernen i Stranger Space er den private, tilf\u00e6ldige videochat. Klik for at starte, og du bliver \u00f8jeblikkeligt parret med en anden bruger hvor som helst i verden. Der er ingen konti, der kr\u00e6ves ingen personlige oplysninger, og hver samtale er unik.<\/p>\n<p>2. Spring over\/n\u00e6ste knap<br \/>\nHvis samtalen ikke g\u00e5r godt, eller du bare er klar til en forandring, skal du bare trykke p\u00e5 \"N\u00e6ste\". Du bliver straks matchet med en anden bruger. Denne hurtige cykling holder oplevelsen frisk og dynamisk.<\/p>\n<p>3. Mulighed for tekstchat<br \/>\nFor dem, der er kamerasky eller har problemer med b\u00e5ndbredden, tilbyder Stranger Space en ren teksttilstand. Du kan skifte mellem tekst og video, som du vil, hvilket g\u00f8r den alsidig for alle slags brugere.<\/p>\n<p>4. Ingen registrering eller downloads<br \/>\nDu beh\u00f8ver aldrig at oprette en konto, oprette en profil eller downloade software. Stranger Space k\u00f8rer direkte i din browser p\u00e5 b\u00e5de computer og mobil.<\/p>\n<p>5. Moderne, responsivt design<br \/>\nStranger Space skiller sig ud med sin slanke, minimale brugerflade. Siden indl\u00e6ses hurtigt, kontrollerne er nemme at finde, og videokvaliteten er fremragende - selv i mobile browsere.<\/p>\n<p>6. V\u00e6rkt\u00f8jer til sikkerhed og moderation<br \/>\nStranger Space prioriterer sikkerhed med en synlig rapporteringsknap i hver chat, grundl\u00e6ggende AI-drevet registrering af n\u00f8genhed og misbrug og menneskelig moderation i realtid i spidsbelastningsperioder.<\/p>\n<p>7. Flersproget og international brugerbase<br \/>\nPlatformen underst\u00f8tter brugere over hele verden, hvilket g\u00f8r den til et fantastisk sted at \u00f8ve sprog, opdage nye kulturer eller bare f\u00e5 venner langt v\u00e6k.<\/p>\n<h2>Er Stranger Space gratis?<\/h2>\n<p>Yes-Stranger Space er helt gratis at bruge. Der er ingen:<\/p>\n<ul>\n<li>Betalingsmure eller abonnementer<\/li>\n<li>M\u00f8nter, tokens eller k\u00f8b i appen<\/li>\n<li>L\u00e5ste funktioner<\/li>\n<\/ul>\n<p>Alle brugere har adgang til b\u00e5de video- og tekstchat, skip-funktionalitet og moderationsfunktioner. Platformen kan vise ikke-p\u00e5tr\u00e6ngende reklamer for at hj\u00e6lpe med at d\u00e6kke omkostningerne, men disse forstyrrer ikke den prim\u00e6re chatoplevelse.<\/p>\n<h2>Hvem bruger Stranger Space?<\/h2>\n<p>Platformens moderne udtryk og sikkerhedsfunktioner tiltr\u00e6kker en mangfoldig, global brugerbase. De fleste brugere er:<\/p>\n<ul>\n<li>I alderen 18 til 35 \u00e5r (platformen er kun for voksne)<\/li>\n<li>Fra USA, Storbritannien, Indien, Tyskland, Brasilien, Canada og Syd\u00f8stasien<\/li>\n<li>Delt mellem mennesker, der s\u00f8ger venlig samtale, sprogudveksling og afslappet flirt<\/li>\n<\/ul>\n<p>I mods\u00e6tning til andre videochatsider betyder Stranger Spaces engagement i sikkerhed og privatliv, at det appellerer til b\u00e5de m\u00e6nd og kvinder med en mere afbalanceret k\u00f8nsdeltagelse end typisk i denne niche.<\/p>\n<h2>Sikkerhed, privatliv og moderation<\/h2>\n<p>Sikkerhed og privatliv er topprioriteter for Stranger Space, og det viser sig p\u00e5 flere vigtige m\u00e5der:<\/p>\n<h3>Privatlivets fred<\/h3>\n<ul>\n<li>Ingen registrering eller oprettelse af profil<\/li>\n<li>Samtaler bliver aldrig optaget eller gemt<\/li>\n<li>Dit webcam og din mikrofon er kun aktive under din session<\/li>\n<li>Ingen personlige data indsamles eller deles med andre brugere<\/li>\n<\/ul>\n<h3>Moderation<\/h3>\n<ul>\n<li>In-chat-rapportering for misbrug, n\u00f8genhed eller spam<\/li>\n<li>AI-drevet registrering til automatisk at markere upassende indhold<\/li>\n<li>Manuel moderering i travle perioder<\/li>\n<li>Hurtige forbud for gentagne lovovertr\u00e6dere<\/li>\n<\/ul>\n<h3>Retningslinjer for brugere<\/h3>\n<ul>\n<li>Platformen er kun for voksne (18+)<\/li>\n<li>Brugere r\u00e5des kraftigt til ikke at dele personlige oplysninger<\/li>\n<li>F\u00e6llesskabsstandarder forbyder n\u00f8genhed, chikane og ulovlig aktivitet<\/li>\n<\/ul>\n<p>Disse systemer arbejder sammen om at skabe et mere sikkert og indbydende chatmilj\u00f8 - men som med alle anonyme platforme er der stadig en vis risiko, og brugerne b\u00f8r altid udvise forsigtighed.<\/p>\n<h2>Brugeroplevelse og design<\/h2>\n<p>Stranger Space leverer en moderne, hurtig og overskuelig oplevelse:<\/p>\n<ul>\n<li>Hjemmesiden tilbyder en simpel \"Start\"-knap, kort sikkerhedsinformation og direkte adgang til chat<\/li>\n<li>Videofeeds er store, tydelige og tilpasser sig godt til forskellige sk\u00e6rmst\u00f8rrelser<\/li>\n<li>Kontrolelementerne til \"N\u00e6ste\", \"Rapport\", mute og skift mellem tekst og video er altid synlige og nemme at bruge.<\/li>\n<\/ul>\n<p>P\u00e5 b\u00e5de computer og mobil er indl\u00e6sningstiderne korte, og platformen fungerer problemfrit. I mods\u00e6tning til \u00e6ldre sider f\u00f8les Stranger Space specialbygget til nutidens internethastigheder og -enheder.<\/p>\n<h2>Stranger Space vs. andre tilf\u00e6ldige videochat-platforme<\/h2>\n<p>Hvordan er Stranger Space sammenlignet med andre f\u00f8rende videochatsider?<\/p>\n<table>\n<thead>\n<tr>\n<th>Funktion<\/th>\n<th>Fremmede rum<\/th>\n<th>Ohmegle<\/th>\n<th><a href=\"https:\/\/strangercam.com\/da\/ometv\/\">OmeTV<\/a><\/th>\n<th>Chatrandom<\/th>\n<th>Chaty<\/th>\n<\/tr>\n<\/thead>\n<tbody>\n<tr>\n<td>Videochat<\/td>\n<td>Ja<\/td>\n<td>Ja<\/td>\n<td>Ja<\/td>\n<td>Ja<\/td>\n<td>Ja<\/td>\n<\/tr>\n<tr>\n<td>Mulighed for tekstchat<\/td>\n<td>Ja<\/td>\n<td>Ja<\/td>\n<td>Ja<\/td>\n<td>Ja<\/td>\n<td>Ja<\/td>\n<\/tr>\n<tr>\n<td>Tilmelding n\u00f8dvendig<\/td>\n<td>Nej<\/td>\n<td>Nej<\/td>\n<td>Nej<\/td>\n<td>Valgfrit<\/td>\n<td>Nej<\/td>\n<\/tr>\n<tr>\n<td>Mobilvenlig<\/td>\n<td>Fremragende<\/td>\n<td>Fremragende<\/td>\n<td>God<\/td>\n<td>God<\/td>\n<td>Fremragende<\/td>\n<\/tr>\n<tr>\n<td>Moderation\/rapportering<\/td>\n<td>St\u00e6rk<\/td>\n<td>Moderat<\/td>\n<td>St\u00e6rk<\/td>\n<td>Moderat<\/td>\n<td>Moderat<\/td>\n<\/tr>\n<tr>\n<td>Gratis at bruge<\/td>\n<td>Ja<\/td>\n<td>Ja<\/td>\n<td>Ja<\/td>\n<td>Ja\/betalt<\/td>\n<td>Ja<\/td>\n<\/tr>\n<tr>\n<td>Filtre for k\u00f8n\/region<\/td>\n<td>Nej<\/td>\n<td>Nej<\/td>\n<td>Betalt<\/td>\n<td>Betalt<\/td>\n<td>Nej<\/td>\n<\/tr>\n<\/tbody>\n<\/table>\n<p>Resum\u00e9: Stranger Space ligger t\u00e6ttest p\u00e5 Ohmegle og Chaty, men skiller sig ud med sin moderne brugergr\u00e6nseflade og mere proaktive moderation. I mods\u00e6tning til OmeTV og Chatrandom l\u00e5ser den ikke funktioner bag en betalingsmur eller kr\u00e6ver tilmelding.<\/p>\n<h2>Fordele og ulemper<\/h2>\n<p>Fordele:<\/p>\n<ul>\n<li>Helt gratis og anonymt<\/li>\n<li>Ingen tilmelding eller download p\u00e5kr\u00e6vet<\/li>\n<li>Moderne, mobilvenligt design<\/li>\n<li>St\u00e6rke moderations- og sikkerhedsfunktioner<\/li>\n<li>Hurtig, enkel matchning og overspringning<\/li>\n<li>Global, flersproget brugerbase<\/li>\n<\/ul>\n<p>Ulemper:<\/p>\n<ul>\n<li>Ingen k\u00f8ns- eller regionsfiltre (matches er helt tilf\u00e6ldige)<\/li>\n<li>Lejlighedsvis upassende indhold p\u00e5 trods af moderering<\/li>\n<li>Ingen profiler, brugerhistorik eller re-matching-muligheder<\/li>\n<li>Nogle brugere kan afbryde forbindelsen hurtigt eller springe over ofte<\/li>\n<\/ul>\n<h2>Ideelle brugsscenarier<\/h2>\n<p>Stranger Space er perfekt til:<\/p>\n<ul>\n<li>Brugere, der \u00f8nsker ren, spontan video- eller tekstchat<\/li>\n<li>Alle, der s\u00e6tter pris p\u00e5 privatlivets fred og en ren, moderne gr\u00e6nseflade<\/li>\n<li>Sprogelever og kulturudforskere<\/li>\n<li>Folk, der leder efter en kedsomhedsbryder eller en venlig samtale<\/li>\n<li>Voksne, der s\u00f8ger et mere sikkert alternativ til \u00e6ldre chat <a href=\"https:\/\/strangercam.com\/da\/chatroulette\/\">roulette<\/a> steder<\/li>\n<\/ul>\n<p>Det er mindre egnet til:<\/p>\n<ul>\n<li>Dem, der s\u00f8ger kuraterede dating- eller matchmaking-funktioner<\/li>\n<li>Mindre\u00e5rige brugere (strengt 18+)<\/li>\n<li>Folk, der vil have filtre til k\u00f8n, land eller interesser<\/li>\n<\/ul>\n<h2>Endelig dom<\/h2>\n<p>Stranger Space er en af de bedst designede og sikreste tilf\u00e6ldige videochatplatforme, der findes i 2025. Ved at fokusere p\u00e5 anonymitet, moderne brugervenlighed og brugerbeskyttelse bringer den den klassiske chatroulette-oplevelse ind i en ny \u00e6ra - uden det rod og den risiko, der engang definerede genren.<\/p>\n<p>Hvis du leder efter et sted at <a href=\"https:\/\/strangercam.com\/da\/coomeet\/\">m\u00f8des<\/a> fremmede fra hele verden, have samtaler uden manuskript eller bare opleve sp\u00e6ndingen ved anonym videochat, er Stranger Space absolut et fors\u00f8g v\u00e6rd. Dens str\u00f8mlinede brugerflade, hurtige matchning og proaktive moderering g\u00f8r den til et fremragende valg for alle, der \u00f8nsker menneskelig forbindelse i realtid online - ingen tilmelding, ingen downloads, ingen forpligtelser.<\/p>","protected":false},"excerpt":{"rendered":"<p>With so many random video chat platforms vying for attention in 2025, it\u2019s rare to find a site that balances anonymity, safety, and a modern user experience as well as Stranger Space. Designed for users who want spontaneous face-to-face connections\u2014but without the pitfalls that plagued older platforms\u2014Stranger Space sets itself apart through smart design choices, [&hellip;]<\/p>\n","protected":false},"author":6,"featured_media":0,"parent":0,"menu_order":0,"comment_status":"closed","ping_status":"closed","template":"","meta":{"footnotes":""},"class_list":["post-12905","page","type-page","status-publish","hentry"],"yoast_head":"<!-- This site is optimized with the Yoast SEO plugin v27.4 - https:\/\/yoast.com\/product\/yoast-seo-wordpress\/ -->\n<title>Stranger Space - Talk to Strangers for Free on StrangerCam.com<\/title>\n<meta name=\"description\" content=\"Like Stranger Space? Come chat with more than 5.000.000 strangers on Stranger Cam for Free! Turn on your cam and find new friends &amp; maby a match!\" \/>\n<meta name=\"robots\" content=\"index, follow, max-snippet:-1, max-image-preview:large, max-video-preview:-1\" \/>\n<link rel=\"canonical\" href=\"https:\/\/strangercam.com\/da\/stranger-space\/\" \/>\n<meta property=\"og:locale\" content=\"da_DK\" \/>\n<meta property=\"og:type\" content=\"article\" \/>\n<meta property=\"og:title\" content=\"Stranger Space - Talk to Strangers for Free on StrangerCam.com\" \/>\n<meta property=\"og:description\" content=\"Like Stranger Space? Come chat with more than 5.000.000 strangers on Stranger Cam for Free! Turn on your cam and find new friends &amp; maby a match!\" \/>\n<meta property=\"og:url\" content=\"https:\/\/strangercam.com\/da\/stranger-space\/\" \/>\n<meta property=\"og:site_name\" content=\"Strangercam\" \/>\n<meta property=\"article:publisher\" content=\"https:\/\/www.facebook.com\/strangercam\" \/>\n<meta property=\"og:image\" content=\"https:\/\/strangercam.com\/wp-content\/uploads\/2021\/10\/Untitled-2.png\" \/>\n\t<meta property=\"og:image:width\" content=\"800\" \/>\n\t<meta property=\"og:image:height\" content=\"532\" \/>\n\t<meta property=\"og:image:type\" content=\"image\/png\" \/>\n<meta name=\"twitter:card\" content=\"summary_large_image\" \/>\n<meta name=\"twitter:site\" content=\"@strangercamapp\" \/>\n<meta name=\"twitter:label1\" content=\"Estimeret l\u00e6setid\" \/>\n\t<meta name=\"twitter:data1\" content=\"6 minutter\" \/>\n<script type=\"application\/ld+json\" class=\"yoast-schema-graph\">{\"@context\":\"https:\\\/\\\/schema.org\",\"@graph\":[{\"@type\":\"WebPage\",\"@id\":\"https:\\\/\\\/strangercam.com\\\/stranger-space\\\/\",\"url\":\"https:\\\/\\\/strangercam.com\\\/stranger-space\\\/\",\"name\":\"Stranger Space - Talk to Strangers for Free on StrangerCam.com\",\"isPartOf\":{\"@id\":\"https:\\\/\\\/strangercam.com\\\/#website\"},\"datePublished\":\"2025-07-14T11:38:21+00:00\",\"description\":\"Like Stranger Space? Come chat with more than 5.000.000 strangers on Stranger Cam for Free! Turn on your cam and find new friends & maby a match!\",\"breadcrumb\":{\"@id\":\"https:\\\/\\\/strangercam.com\\\/stranger-space\\\/#breadcrumb\"},\"inLanguage\":\"da-DK\",\"potentialAction\":[{\"@type\":\"ReadAction\",\"target\":[\"https:\\\/\\\/strangercam.com\\\/stranger-space\\\/\"]}]},{\"@type\":\"BreadcrumbList\",\"@id\":\"https:\\\/\\\/strangercam.com\\\/stranger-space\\\/#breadcrumb\",\"itemListElement\":[{\"@type\":\"ListItem\",\"position\":1,\"name\":\"Home\",\"item\":\"https:\\\/\\\/strangercam.com\\\/\"},{\"@type\":\"ListItem\",\"position\":2,\"name\":\"Stranger Space\"}]},{\"@type\":\"WebSite\",\"@id\":\"https:\\\/\\\/strangercam.com\\\/#website\",\"url\":\"https:\\\/\\\/strangercam.com\\\/\",\"name\":\"Strangercam\",\"description\":\"Random Video Chat with Strangers\",\"publisher\":{\"@id\":\"https:\\\/\\\/strangercam.com\\\/#organization\"},\"alternateName\":\"Strangercam.com\",\"potentialAction\":[{\"@type\":\"SearchAction\",\"target\":{\"@type\":\"EntryPoint\",\"urlTemplate\":\"https:\\\/\\\/strangercam.com\\\/?s={search_term_string}\"},\"query-input\":{\"@type\":\"PropertyValueSpecification\",\"valueRequired\":true,\"valueName\":\"search_term_string\"}}],\"inLanguage\":\"da-DK\"},{\"@type\":\"Organization\",\"@id\":\"https:\\\/\\\/strangercam.com\\\/#organization\",\"name\":\"Strangercam\",\"alternateName\":\"Strangercam.com\",\"url\":\"https:\\\/\\\/strangercam.com\\\/\",\"logo\":{\"@type\":\"ImageObject\",\"inLanguage\":\"da-DK\",\"@id\":\"https:\\\/\\\/strangercam.com\\\/#\\\/schema\\\/logo\\\/image\\\/\",\"url\":\"https:\\\/\\\/strangercam.com\\\/wp-content\\\/uploads\\\/2020\\\/11\\\/cropped-new-favicon-black.png\",\"contentUrl\":\"https:\\\/\\\/strangercam.com\\\/wp-content\\\/uploads\\\/2020\\\/11\\\/cropped-new-favicon-black.png\",\"width\":512,\"height\":512,\"caption\":\"Strangercam\"},\"image\":{\"@id\":\"https:\\\/\\\/strangercam.com\\\/#\\\/schema\\\/logo\\\/image\\\/\"},\"sameAs\":[\"https:\\\/\\\/www.facebook.com\\\/strangercam\",\"https:\\\/\\\/x.com\\\/strangercamapp\"]}]}<\/script>\n<!-- \/ Yoast SEO plugin. -->","yoast_head_json":{"title":"Stranger Space - Tal gratis med fremmede p\u00e5 StrangerCam.com","description":"Kan du lide Stranger Space? Kom og chat med mere end 5.000.000 fremmede p\u00e5 Stranger Cam helt gratis! T\u00e6nd for dit kamera og find nye venner og m\u00e5ske et match!","robots":{"index":"index","follow":"follow","max-snippet":"max-snippet:-1","max-image-preview":"max-image-preview:large","max-video-preview":"max-video-preview:-1"},"canonical":"https:\/\/strangercam.com\/da\/stranger-space\/","og_locale":"da_DK","og_type":"article","og_title":"Stranger Space - Talk to Strangers for Free on StrangerCam.com","og_description":"Like Stranger Space? Come chat with more than 5.000.000 strangers on Stranger Cam for Free! Turn on your cam and find new friends & maby a match!","og_url":"https:\/\/strangercam.com\/da\/stranger-space\/","og_site_name":"Strangercam","article_publisher":"https:\/\/www.facebook.com\/strangercam","og_image":[{"width":800,"height":532,"url":"https:\/\/strangercam.com\/wp-content\/uploads\/2021\/10\/Untitled-2.png","type":"image\/png"}],"twitter_card":"summary_large_image","twitter_site":"@strangercamapp","twitter_misc":{"Estimeret l\u00e6setid":"6 minutter"},"schema":{"@context":"https:\/\/schema.org","@graph":[{"@type":"WebPage","@id":"https:\/\/strangercam.com\/stranger-space\/","url":"https:\/\/strangercam.com\/stranger-space\/","name":"Stranger Space - Tal gratis med fremmede p\u00e5 StrangerCam.com","isPartOf":{"@id":"https:\/\/strangercam.com\/#website"},"datePublished":"2025-07-14T11:38:21+00:00","description":"Kan du lide Stranger Space? Kom og chat med mere end 5.000.000 fremmede p\u00e5 Stranger Cam helt gratis! T\u00e6nd for dit kamera og find nye venner og m\u00e5ske et match!","breadcrumb":{"@id":"https:\/\/strangercam.com\/stranger-space\/#breadcrumb"},"inLanguage":"da-DK","potentialAction":[{"@type":"ReadAction","target":["https:\/\/strangercam.com\/stranger-space\/"]}]},{"@type":"BreadcrumbList","@id":"https:\/\/strangercam.com\/stranger-space\/#breadcrumb","itemListElement":[{"@type":"ListItem","position":1,"name":"Home","item":"https:\/\/strangercam.com\/"},{"@type":"ListItem","position":2,"name":"Stranger Space"}]},{"@type":"WebSite","@id":"https:\/\/strangercam.com\/#website","url":"https:\/\/strangercam.com\/","name":"Strangercam","description":"Tilf\u00e6ldig videochat med fremmede","publisher":{"@id":"https:\/\/strangercam.com\/#organization"},"alternateName":"Strangercam.com","potentialAction":[{"@type":"SearchAction","target":{"@type":"EntryPoint","urlTemplate":"https:\/\/strangercam.com\/?s={search_term_string}"},"query-input":{"@type":"PropertyValueSpecification","valueRequired":true,"valueName":"search_term_string"}}],"inLanguage":"da-DK"},{"@type":"Organization","@id":"https:\/\/strangercam.com\/#organization","name":"Strangercam","alternateName":"Strangercam.com","url":"https:\/\/strangercam.com\/","logo":{"@type":"ImageObject","inLanguage":"da-DK","@id":"https:\/\/strangercam.com\/#\/schema\/logo\/image\/","url":"https:\/\/strangercam.com\/wp-content\/uploads\/2020\/11\/cropped-new-favicon-black.png","contentUrl":"https:\/\/strangercam.com\/wp-content\/uploads\/2020\/11\/cropped-new-favicon-black.png","width":512,"height":512,"caption":"Strangercam"},"image":{"@id":"https:\/\/strangercam.com\/#\/schema\/logo\/image\/"},"sameAs":["https:\/\/www.facebook.com\/strangercam","https:\/\/x.com\/strangercamapp"]}]}},"_links":{"self":[{"href":"https:\/\/strangercam.com\/da\/wp-json\/wp\/v2\/pages\/12905","targetHints":{"allow":["GET"]}}],"collection":[{"href":"https:\/\/strangercam.com\/da\/wp-json\/wp\/v2\/pages"}],"about":[{"href":"https:\/\/strangercam.com\/da\/wp-json\/wp\/v2\/types\/page"}],"author":[{"embeddable":true,"href":"https:\/\/strangercam.com\/da\/wp-json\/wp\/v2\/users\/6"}],"replies":[{"embeddable":true,"href":"https:\/\/strangercam.com\/da\/wp-json\/wp\/v2\/comments?post=12905"}],"version-history":[{"count":1,"href":"https:\/\/strangercam.com\/da\/wp-json\/wp\/v2\/pages\/12905\/revisions"}],"predecessor-version":[{"id":12906,"href":"https:\/\/strangercam.com\/da\/wp-json\/wp\/v2\/pages\/12905\/revisions\/12906"}],"wp:attachment":[{"href":"https:\/\/strangercam.com\/da\/wp-json\/wp\/v2\/media?parent=12905"}],"curies":[{"name":"wp","href":"https:\/\/api.w.org\/{rel}","templated":true}]}}