{"id":12903,"date":"2025-07-14T13:33:31","date_gmt":"2025-07-14T11:33:31","guid":{"rendered":"https:\/\/strangercam.com\/?page_id=12903"},"modified":"2025-07-14T13:33:31","modified_gmt":"2025-07-14T11:33:31","slug":"chaty","status":"publish","type":"page","link":"https:\/\/strangercam.com\/da\/chaty\/","title":{"rendered":"Chaty"},"content":{"rendered":"<p>I takt med at appetitten p\u00e5 spontan video ansigt til ansigt <a href=\"https:\/\/strangercam.com\/da\/chathub\/\">chat<\/a> forts\u00e6tter med at vokse, og en ny generation af platforme er dukket op for at udfylde det hul, der er efterladt af <a href=\"https:\/\/strangercam.com\/da\/omegle\/\">Omegle<\/a> og <a href=\"https:\/\/strangercam.com\/da\/chatroulette\/\">Chatroulette<\/a>. Chaty er en s\u00e5dan konkurrent, designet til brugere, der \u00f8nsker \u00f8jeblikkelige, anonyme videochats uden besv\u00e6ret med tilmelding, profilopbygning eller download af apps.<\/p>\n<p>Med et l\u00f8fte om at \"m\u00f8de fremmede fra hele verden p\u00e5 f\u00e5 sekunder\" positionerer Chaty sig som et brugervenligt, moderne alternativ til det klassiske tilf\u00e6ldige chatformat. Men hvordan klarer den sig i forhold til konkurrenterne i 2025? Er det sikkert, nemt at bruge og din tid v\u00e6rd?<\/p>\n<p>I denne omfattende gennemgang unders\u00f8ger vi pr\u00e6cis, hvad Chaty er, hvordan det fungerer, hvilke funktioner det tilbyder, hvem der bruger det, og hvordan det sammenligner sig med andre top videochatsider.<\/p>\n<h2>Hvad er Chaty?<\/h2>\n<p>Chaty er et gratis, browserbaseret websted for tilf\u00e6ldig videochat, der forbinder brugere fra hele verden til samtaler i realtid, en-til-en. Oplevelsen er enkel og anonym - bare klik for at starte, tillad dit kamera og din mikrofon, og du bliver \u00f8jeblikkeligt matchet med en fremmed.<\/p>\n<p>Det er ikke n\u00f8dvendigt at oprette en konto, angive en e-mail eller downloade en app. Chaty fokuserer p\u00e5 det v\u00e6sentlige: hurtig adgang, j\u00e6vn videokvalitet og en enkel brugerflade, der f\u00e5r dig i gang med at chatte p\u00e5 f\u00e5 sekunder.<\/p>\n<p>Siden appellerer til alle, der leder efter:<\/p>\n<ul>\n<li>Afslappet interaktion i realtid<\/li>\n<li>Flirtende eller venlig videochat med fremmede<\/li>\n<li>Sprogpraksis eller kulturel udveksling<\/li>\n<li>En m\u00e5de at f\u00e5 tiden til at g\u00e5 p\u00e5 eller <a href=\"https:\/\/strangercam.com\/da\/coomeet\/\">m\u00f8des<\/a> nye mennesker anonymt<\/li>\n<\/ul>\n<h2>Hvad er form\u00e5let med Chaty?<\/h2>\n<p>Det prim\u00e6re m\u00e5l med Chaty er at bringe den klassiske tilf\u00e6ldige chatoplevelse tilbage, men med bedre teknologi og en sikrere, mere brugervenlig gr\u00e6nseflade. I en tid med st\u00e6rkt kuraterede datingapps, sociale feeds og streamingplatforme skiller Chaty sig ud ved at fokusere p\u00e5 ren, ufiltreret menneskelig kontakt - ingen biografier, swipes eller integration af sociale medier er p\u00e5kr\u00e6vet.<\/p>\n<p>Den er bygget til:<\/p>\n<ul>\n<li>Brugerne er tr\u00e6tte af at scrolle og matche i en uendelighed p\u00e5 datingapps<\/li>\n<li>Alle, der \u00f8nsker at m\u00f8de nye mennesker med det samme og uden pres<\/li>\n<li>Folk, der v\u00e6rds\u00e6tter privatliv og anonymitet i onlinechats<\/li>\n<li>Globale brugere p\u00e5 udkig efter et moderne Omegle- eller Chatroulette-alternativ<\/li>\n<\/ul>\n<h2>Vigtige funktioner<\/h2>\n<p>1. Tilf\u00e6ldig videochat en-til-en<br \/>\nChatys kernefunktion er \u00f8jeblikkelig, anonym videoforbindelse. Du bliver tilf\u00e6ldigt parret med en anden onlinebruger til en privat samtale ansigt til ansigt. Hvis du ikke kan lide chatten, skal du blot klikke p\u00e5 \"N\u00e6ste\" for at komme videre.<\/p>\n<p>2. Ingen registrering eller app-download<br \/>\nHele oplevelsen foreg\u00e5r i din webbrowser. Det er ikke n\u00f8dvendigt at tilmelde sig, oprette en profil eller installere software. Det holder dine personlige data private, og onboarding-processen er s\u00e5 hurtig som muligt.<\/p>\n<p>3. Hurtig matchning og overspringning<br \/>\nChatys backend er bygget til hastighed. Nye matches indl\u00e6ses hurtigt, og overgangen mellem chats er problemfri - selv i mobile browsere.<\/p>\n<p>4. Mulighed for tekstchat<br \/>\nFor dem, der foretr\u00e6kker at skrive, har begr\u00e6nset b\u00e5ndbredde eller er kamerasky, tilbyder Chaty ogs\u00e5 en ren tekstchattilstand. Du kan skifte tilstand n\u00e5r som helst.<\/p>\n<p>5. Mobilvenligt design<br \/>\nChaty fungerer fejlfrit p\u00e5 b\u00e5de desktop- og mobilbrowsere. Gr\u00e6nsefladen er responsiv og touch-optimeret, hvilket sikrer problemfri drift, uanset om du er p\u00e5 en b\u00e6rbar computer, tablet eller smartphone.<\/p>\n<p>6. Enkle kontroller<br \/>\nStore videovinduer, tydelige \"N\u00e6ste\"- og \"Rapporter\"-knapper og et intuitivt layout g\u00f8r brugeroplevelsen gnidningsfri. Du kan sl\u00e5 mikrofonen fra, springe en bruger over eller rapportere upassende adf\u00e6rd med et enkelt tryk.<\/p>\n<p>7. V\u00e6rkt\u00f8jer til rapportering og moderering<br \/>\nBrugersikkerhed underst\u00f8ttes af in-chat-rapportering. St\u00f8dende eller upassende brugere kan markeres til gennemgang, og Chaty bruger en kombination af menneskelig moderation og grundl\u00e6ggende AI til at hj\u00e6lpe med at opretholde et sikkert milj\u00f8.<\/p>\n<h2>Er Chaty gratis?<\/h2>\n<p>Ja, Chaty er helt gratis at bruge. Der er ingen:<\/p>\n<ul>\n<li>Betalingsmure<\/li>\n<li>Abonnementer<\/li>\n<li>K\u00f8b i appen<\/li>\n<li>Kreditter eller token-systemer<\/li>\n<\/ul>\n<p>Alle brugere har lige adgang til platformens fulde funktionalitet. Chaty kan vise lette annoncer for at d\u00e6kke driftsomkostninger, men disse forstyrrer ikke chatoplevelsen eller kr\u00e6ver interaktion.<\/p>\n<h2>Hvem bruger Chaty?<\/h2>\n<p>Chaty tiltr\u00e6kker en bred international brugerbase. De fleste brugere er i aldersgruppen 18-35 \u00e5r, og k\u00f8nsfordelingen svarer til andre tilf\u00e6ldige chatsider (flere m\u00e6nd, men aktive kvindelige brugere, is\u00e6r i spidsbelastningsperioder).<\/p>\n<p>Almindelige brugerprofiler omfatter:<\/p>\n<ul>\n<li>Universitetsstuderende og unge professionelle<\/li>\n<li>Rejsende og digitale nomader<\/li>\n<li>Sprogelever s\u00f8ger rigtige samtalepartnere<\/li>\n<li>Folk, der leder efter sjov, flirt eller venskabelig interaktion<\/li>\n<li>Enhver, der savner de r\u00e5, spontane forbindelser i klassisk Omegle<\/li>\n<\/ul>\n<p>Fordi der ikke er nogen registrering, er Chatys brugerbase flydende og i konstant forandring. Du vil m\u00f8de brugere fra USA, Storbritannien, Indien, Tyskland, Brasilien og mange flere, hvilket g\u00f8r det til et virkelig globalt f\u00e6llesskab.<\/p>\n<h2>Sikkerhed, privatliv og moderation<\/h2>\n<p>Selv om Chaty l\u00e6gger v\u00e6gt p\u00e5 privatliv og anonymitet, implementerer det ogs\u00e5 foranstaltninger for at beskytte brugerne:<\/p>\n<h3>Privatlivets fred<\/h3>\n<ul>\n<li>Ingen tilmelding, e-mail eller personlige data kr\u00e6ves<\/li>\n<li>Chats bliver ikke optaget eller gemt<\/li>\n<li>Du identificeres kun ved hj\u00e6lp af dit webcam\/mikrofon (ingen brugernavne eller profilbilleder).<\/li>\n<li>IP-adresser afsl\u00f8res ikke for andre brugere<\/li>\n<\/ul>\n<h3>Moderation<\/h3>\n<ul>\n<li>Rapportering i chatten: Marker hurtigt enhver st\u00f8dende eller upassende bruger<\/li>\n<li>Grundl\u00e6ggende AI-moderering: Automatisk registrering af n\u00f8genhed eller eksplicit indhold, men ikke idiotsikkert<\/li>\n<li>Manuel gennemgang: Rapporter gennemg\u00e5s af menneskelige moderatorer, og gentagne lovovertr\u00e6dere udelukkes.<\/li>\n<\/ul>\n<h3>Begr\u00e6nsninger<\/h3>\n<p>Som alle anonyme chatplatforme er Chaty ikke immun over for d\u00e5rlige akt\u00f8rer. Det b\u00f8r brugerne g\u00f8re:<\/p>\n<ul>\n<li>Del aldrig personlige oplysninger (rigtigt navn, kontaktoplysninger, sociale medier)<\/li>\n<li>Brug funktionerne \"Rapport\" og \"N\u00e6ste\", n\u00e5r det er ubehageligt.<\/li>\n<li>V\u00e6r opm\u00e6rksom p\u00e5, at nogle chats kan slutte brat eller indeholde upassende adf\u00e6rd.<\/li>\n<\/ul>\n<h2>Brugeroplevelse og design<\/h2>\n<p>Chatys design er fokuseret p\u00e5 klarhed, hastighed og brugervenlighed. Hjemmesiden er minimal, normalt kun med en fremtr\u00e6dende \"Start\"-knap og klare oplysninger om privatliv og regler. Inden for to klik er du ansigt til ansigt med en fremmed.<\/p>\n<h3>H\u00f8jdepunkter:<\/h3>\n<ul>\n<li>Hurtig indl\u00e6sning og n\u00e6sten \u00f8jeblikkelig matchning<\/li>\n<li>Store videofeeds i h\u00f8j kvalitet<\/li>\n<li>Rent layout uden pop-ups eller forstyrrelser<\/li>\n<li>Enkle kontroller til at sl\u00e5 lyden fra, springe over eller rapportere<\/li>\n<li>Ensartet ydeevne p\u00e5 desktop- og mobilbrowsere<\/li>\n<\/ul>\n<p>Sammenlignet med andre tilf\u00e6ldige chatsider f\u00f8les Chaty mere moderne og stabil, is\u00e6r p\u00e5 smartphones.<\/p>\n<h2>Chaty vs. andre videochat-platforme<\/h2>\n<p>Hvordan er Chaty sammenlignet med andre f\u00f8rende tilf\u00e6ldige videochatplatforme i 2025?<\/p>\n<table>\n<thead>\n<tr>\n<th>Funktion<\/th>\n<th>Chaty<\/th>\n<th>Ohmegle<\/th>\n<th>Chatroulette<\/th>\n<th>Chatrandom<\/th>\n<th><a href=\"https:\/\/strangercam.com\/da\/ometv\/\">OmeTV<\/a><\/th>\n<\/tr>\n<\/thead>\n<tbody>\n<tr>\n<td>Tilf\u00e6ldig videochat<\/td>\n<td>Ja<\/td>\n<td>Ja<\/td>\n<td>Ja<\/td>\n<td>Ja<\/td>\n<td>Ja<\/td>\n<\/tr>\n<tr>\n<td>Mulighed for tekstchat<\/td>\n<td>Ja<\/td>\n<td>Ja<\/td>\n<td>Nej<\/td>\n<td>Ja<\/td>\n<td>Ja<\/td>\n<\/tr>\n<tr>\n<td>Tilmelding n\u00f8dvendig<\/td>\n<td>Nej<\/td>\n<td>Nej<\/td>\n<td>Nej<\/td>\n<td>Valgfrit<\/td>\n<td>Nej<\/td>\n<\/tr>\n<tr>\n<td>Mobil support<\/td>\n<td>Fremragende<\/td>\n<td>Fremragende<\/td>\n<td>God<\/td>\n<td>God<\/td>\n<td>God<\/td>\n<\/tr>\n<tr>\n<td>K\u00f8n\/land-filter<\/td>\n<td>Nej<\/td>\n<td>Nej<\/td>\n<td>Betalt<\/td>\n<td>Betalt<\/td>\n<td>Betalt<\/td>\n<\/tr>\n<tr>\n<td>Moderationsv\u00e6rkt\u00f8jer<\/td>\n<td>Moderat<\/td>\n<td>Moderat<\/td>\n<td>Svag<\/td>\n<td>Moderat<\/td>\n<td>St\u00e6rk<\/td>\n<\/tr>\n<tr>\n<td>Gratis at bruge<\/td>\n<td>Ja<\/td>\n<td>Ja<\/td>\n<td>Ja<\/td>\n<td>Ja\/betalt<\/td>\n<td>Ja<\/td>\n<\/tr>\n<\/tbody>\n<\/table>\n<p>Resum\u00e9: Chaty minder mest om Ohmegle i \u00e5nd og enkelhed, men med en mere moderne brugerflade og bedre underst\u00f8ttelse af mobile browsere. Den er ideel til brugere, der \u00f8nsker ren, ufiltreret chat - uden filtre, profiler eller mersalg.<\/p>\n<h2>Fordele og ulemper<\/h2>\n<p>Fordele:<\/p>\n<ul>\n<li>100% gratis og anonymt<\/li>\n<li>Ingen registrering eller downloads p\u00e5kr\u00e6vet<\/li>\n<li>Hurtig og nem matchning og overspringning<\/li>\n<li>Video- og tekstchat-tilstande<\/li>\n<li>St\u00e6rk mobilkompatibilitet<\/li>\n<li>Ren, intuitiv brugergr\u00e6nseflade<\/li>\n<\/ul>\n<p>Ulemper:<\/p>\n<ul>\n<li>Ingen filtrering efter k\u00f8n eller region<\/li>\n<li>Lejlighedsvis upassende indhold (p\u00e5 trods af moderering)<\/li>\n<li>Ingen profiler, brugerhistorik eller opf\u00f8lgningsfunktioner<\/li>\n<li>Flere mandlige end kvindelige brugere<\/li>\n<li>Chats er flygtige - ingen m\u00e5de at genoprette forbindelsen p\u00e5<\/li>\n<\/ul>\n<h2>Ideelle brugsscenarier<\/h2>\n<p>Chaty er perfekt til:<\/p>\n<ul>\n<li>Alle, der savner Omegle og \u00f8nsker en lignende oplevelse<\/li>\n<li>Folk, der leder efter nye venner eller spontan interaktion i realtid<\/li>\n<li>Sprogelever \u00f8ver sig p\u00e5 samtalef\u00e6rdigheder<\/li>\n<li>Dem, der v\u00e6rds\u00e6tter privatliv og anonymitet online<\/li>\n<li>Brugere, der \u00f8nsker at f\u00e5 tiden til at g\u00e5 eller m\u00f8de nogen uden for deres sociale kreds<\/li>\n<\/ul>\n<p>Det er mindre egnet til:<\/p>\n<ul>\n<li>Brugere under 18 \u00e5r (platformen er kun for voksne)<\/li>\n<li>Dem, der s\u00f8ger dating\/matching-filtre eller kuraterede oplevelser<\/li>\n<li>Folk, der er utrygge ved uforudsigelige eller r\u00e5 chatm\u00f8der<\/li>\n<\/ul>\n<h2>Endelig dom<\/h2>\n<p>Chaty er en enest\u00e5ende tilf\u00e6ldig videochatplatform i 2025, der leverer pr\u00e6cis det, som brugerne elskede ved klassisk Omegle og Chatroulette - hurtig, gratis, anonym menneskelig forbindelse uden barrierer eller distraktioner. Dens rene brugerflade, p\u00e5lidelige ydeevne og fokus p\u00e5 privatlivets fred g\u00f8r den til en af de bedste muligheder for spontane samtaler ansigt til ansigt online.<\/p>\n<p>Mens moderation og filtrering kunne forbedres, ligger platformens styrke i dens enkelhed og brugervenlighed. Hvis du er p\u00e5 udkig efter \u00e6gte chat uden manuskript med fremmede fra hele verden - hvad enten det er for sjov, for at l\u00e6re eller bare for at slippe for kedsomhed - er Chaty absolut v\u00e6rd at tjekke ud.<\/p>","protected":false},"excerpt":{"rendered":"<p>As the appetite for spontaneous, face-to-face video chat continues to grow, a new generation of platforms has emerged to fill the gap left by Omegle and Chatroulette. Chaty is one such contender, designed for users who crave instant, anonymous video chats without the hassle of sign-up, profile-building, or downloading apps. With a promise of \u201cmeeting [&hellip;]<\/p>\n","protected":false},"author":6,"featured_media":0,"parent":0,"menu_order":0,"comment_status":"closed","ping_status":"closed","template":"","meta":{"footnotes":""},"class_list":["post-12903","page","type-page","status-publish","hentry"],"yoast_head":"<!-- This site is optimized with the Yoast SEO plugin v27.4 - https:\/\/yoast.com\/product\/yoast-seo-wordpress\/ -->\n<title>Chaty - Chat with People Nearby on StrangerCam.com<\/title>\n<meta name=\"description\" content=\"Like Chaty? Come chat with more than 5.000.000 strangers on Stranger Cam for Free! Turn on your cam and find new friends &amp; maby a match!\" \/>\n<meta name=\"robots\" content=\"index, follow, max-snippet:-1, max-image-preview:large, max-video-preview:-1\" \/>\n<link rel=\"canonical\" href=\"https:\/\/strangercam.com\/da\/chaty\/\" \/>\n<meta property=\"og:locale\" content=\"da_DK\" \/>\n<meta property=\"og:type\" content=\"article\" \/>\n<meta property=\"og:title\" content=\"Chaty - Chat with People Nearby on StrangerCam.com\" \/>\n<meta property=\"og:description\" content=\"Like Chaty? Come chat with more than 5.000.000 strangers on Stranger Cam for Free! Turn on your cam and find new friends &amp; maby a match!\" \/>\n<meta property=\"og:url\" content=\"https:\/\/strangercam.com\/da\/chaty\/\" \/>\n<meta property=\"og:site_name\" content=\"Strangercam\" \/>\n<meta property=\"article:publisher\" content=\"https:\/\/www.facebook.com\/strangercam\" \/>\n<meta property=\"og:image\" content=\"https:\/\/strangercam.com\/wp-content\/uploads\/2021\/10\/Untitled-2.png\" \/>\n\t<meta property=\"og:image:width\" content=\"800\" \/>\n\t<meta property=\"og:image:height\" content=\"532\" \/>\n\t<meta property=\"og:image:type\" content=\"image\/png\" \/>\n<meta name=\"twitter:card\" content=\"summary_large_image\" \/>\n<meta name=\"twitter:site\" content=\"@strangercamapp\" \/>\n<meta name=\"twitter:label1\" content=\"Estimeret l\u00e6setid\" \/>\n\t<meta name=\"twitter:data1\" content=\"6 minutter\" \/>\n<script type=\"application\/ld+json\" class=\"yoast-schema-graph\">{\"@context\":\"https:\\\/\\\/schema.org\",\"@graph\":[{\"@type\":\"WebPage\",\"@id\":\"https:\\\/\\\/strangercam.com\\\/chaty\\\/\",\"url\":\"https:\\\/\\\/strangercam.com\\\/chaty\\\/\",\"name\":\"Chaty - Chat with People Nearby on StrangerCam.com\",\"isPartOf\":{\"@id\":\"https:\\\/\\\/strangercam.com\\\/#website\"},\"datePublished\":\"2025-07-14T11:33:31+00:00\",\"description\":\"Like Chaty? Come chat with more than 5.000.000 strangers on Stranger Cam for Free! Turn on your cam and find new friends & maby a match!\",\"breadcrumb\":{\"@id\":\"https:\\\/\\\/strangercam.com\\\/chaty\\\/#breadcrumb\"},\"inLanguage\":\"da-DK\",\"potentialAction\":[{\"@type\":\"ReadAction\",\"target\":[\"https:\\\/\\\/strangercam.com\\\/chaty\\\/\"]}]},{\"@type\":\"BreadcrumbList\",\"@id\":\"https:\\\/\\\/strangercam.com\\\/chaty\\\/#breadcrumb\",\"itemListElement\":[{\"@type\":\"ListItem\",\"position\":1,\"name\":\"Home\",\"item\":\"https:\\\/\\\/strangercam.com\\\/\"},{\"@type\":\"ListItem\",\"position\":2,\"name\":\"Chaty\"}]},{\"@type\":\"WebSite\",\"@id\":\"https:\\\/\\\/strangercam.com\\\/#website\",\"url\":\"https:\\\/\\\/strangercam.com\\\/\",\"name\":\"Strangercam\",\"description\":\"Random Video Chat with Strangers\",\"publisher\":{\"@id\":\"https:\\\/\\\/strangercam.com\\\/#organization\"},\"alternateName\":\"Strangercam.com\",\"potentialAction\":[{\"@type\":\"SearchAction\",\"target\":{\"@type\":\"EntryPoint\",\"urlTemplate\":\"https:\\\/\\\/strangercam.com\\\/?s={search_term_string}\"},\"query-input\":{\"@type\":\"PropertyValueSpecification\",\"valueRequired\":true,\"valueName\":\"search_term_string\"}}],\"inLanguage\":\"da-DK\"},{\"@type\":\"Organization\",\"@id\":\"https:\\\/\\\/strangercam.com\\\/#organization\",\"name\":\"Strangercam\",\"alternateName\":\"Strangercam.com\",\"url\":\"https:\\\/\\\/strangercam.com\\\/\",\"logo\":{\"@type\":\"ImageObject\",\"inLanguage\":\"da-DK\",\"@id\":\"https:\\\/\\\/strangercam.com\\\/#\\\/schema\\\/logo\\\/image\\\/\",\"url\":\"https:\\\/\\\/strangercam.com\\\/wp-content\\\/uploads\\\/2020\\\/11\\\/cropped-new-favicon-black.png\",\"contentUrl\":\"https:\\\/\\\/strangercam.com\\\/wp-content\\\/uploads\\\/2020\\\/11\\\/cropped-new-favicon-black.png\",\"width\":512,\"height\":512,\"caption\":\"Strangercam\"},\"image\":{\"@id\":\"https:\\\/\\\/strangercam.com\\\/#\\\/schema\\\/logo\\\/image\\\/\"},\"sameAs\":[\"https:\\\/\\\/www.facebook.com\\\/strangercam\",\"https:\\\/\\\/x.com\\\/strangercamapp\"]}]}<\/script>\n<!-- \/ Yoast SEO plugin. -->","yoast_head_json":{"title":"Chaty - Chat med folk i n\u00e6rheden p\u00e5 StrangerCam.com","description":"Kan du lide at chatte? Kom og chat med mere end 5.000.000 fremmede p\u00e5 Stranger Cam helt gratis! T\u00e6nd for dit kamera og find nye venner og m\u00e5ske et match!","robots":{"index":"index","follow":"follow","max-snippet":"max-snippet:-1","max-image-preview":"max-image-preview:large","max-video-preview":"max-video-preview:-1"},"canonical":"https:\/\/strangercam.com\/da\/chaty\/","og_locale":"da_DK","og_type":"article","og_title":"Chaty - Chat with People Nearby on StrangerCam.com","og_description":"Like Chaty? Come chat with more than 5.000.000 strangers on Stranger Cam for Free! Turn on your cam and find new friends & maby a match!","og_url":"https:\/\/strangercam.com\/da\/chaty\/","og_site_name":"Strangercam","article_publisher":"https:\/\/www.facebook.com\/strangercam","og_image":[{"width":800,"height":532,"url":"https:\/\/strangercam.com\/wp-content\/uploads\/2021\/10\/Untitled-2.png","type":"image\/png"}],"twitter_card":"summary_large_image","twitter_site":"@strangercamapp","twitter_misc":{"Estimeret l\u00e6setid":"6 minutter"},"schema":{"@context":"https:\/\/schema.org","@graph":[{"@type":"WebPage","@id":"https:\/\/strangercam.com\/chaty\/","url":"https:\/\/strangercam.com\/chaty\/","name":"Chaty - Chat med folk i n\u00e6rheden p\u00e5 StrangerCam.com","isPartOf":{"@id":"https:\/\/strangercam.com\/#website"},"datePublished":"2025-07-14T11:33:31+00:00","description":"Kan du lide at chatte? Kom og chat med mere end 5.000.000 fremmede p\u00e5 Stranger Cam helt gratis! T\u00e6nd for dit kamera og find nye venner og m\u00e5ske et match!","breadcrumb":{"@id":"https:\/\/strangercam.com\/chaty\/#breadcrumb"},"inLanguage":"da-DK","potentialAction":[{"@type":"ReadAction","target":["https:\/\/strangercam.com\/chaty\/"]}]},{"@type":"BreadcrumbList","@id":"https:\/\/strangercam.com\/chaty\/#breadcrumb","itemListElement":[{"@type":"ListItem","position":1,"name":"Home","item":"https:\/\/strangercam.com\/"},{"@type":"ListItem","position":2,"name":"Chaty"}]},{"@type":"WebSite","@id":"https:\/\/strangercam.com\/#website","url":"https:\/\/strangercam.com\/","name":"Strangercam","description":"Tilf\u00e6ldig videochat med fremmede","publisher":{"@id":"https:\/\/strangercam.com\/#organization"},"alternateName":"Strangercam.com","potentialAction":[{"@type":"SearchAction","target":{"@type":"EntryPoint","urlTemplate":"https:\/\/strangercam.com\/?s={search_term_string}"},"query-input":{"@type":"PropertyValueSpecification","valueRequired":true,"valueName":"search_term_string"}}],"inLanguage":"da-DK"},{"@type":"Organization","@id":"https:\/\/strangercam.com\/#organization","name":"Strangercam","alternateName":"Strangercam.com","url":"https:\/\/strangercam.com\/","logo":{"@type":"ImageObject","inLanguage":"da-DK","@id":"https:\/\/strangercam.com\/#\/schema\/logo\/image\/","url":"https:\/\/strangercam.com\/wp-content\/uploads\/2020\/11\/cropped-new-favicon-black.png","contentUrl":"https:\/\/strangercam.com\/wp-content\/uploads\/2020\/11\/cropped-new-favicon-black.png","width":512,"height":512,"caption":"Strangercam"},"image":{"@id":"https:\/\/strangercam.com\/#\/schema\/logo\/image\/"},"sameAs":["https:\/\/www.facebook.com\/strangercam","https:\/\/x.com\/strangercamapp"]}]}},"_links":{"self":[{"href":"https:\/\/strangercam.com\/da\/wp-json\/wp\/v2\/pages\/12903","targetHints":{"allow":["GET"]}}],"collection":[{"href":"https:\/\/strangercam.com\/da\/wp-json\/wp\/v2\/pages"}],"about":[{"href":"https:\/\/strangercam.com\/da\/wp-json\/wp\/v2\/types\/page"}],"author":[{"embeddable":true,"href":"https:\/\/strangercam.com\/da\/wp-json\/wp\/v2\/users\/6"}],"replies":[{"embeddable":true,"href":"https:\/\/strangercam.com\/da\/wp-json\/wp\/v2\/comments?post=12903"}],"version-history":[{"count":1,"href":"https:\/\/strangercam.com\/da\/wp-json\/wp\/v2\/pages\/12903\/revisions"}],"predecessor-version":[{"id":12904,"href":"https:\/\/strangercam.com\/da\/wp-json\/wp\/v2\/pages\/12903\/revisions\/12904"}],"wp:attachment":[{"href":"https:\/\/strangercam.com\/da\/wp-json\/wp\/v2\/media?parent=12903"}],"curies":[{"name":"wp","href":"https:\/\/api.w.org\/{rel}","templated":true}]}}