{"id":12892,"date":"2025-06-16T15:00:37","date_gmt":"2025-06-16T13:00:37","guid":{"rendered":"https:\/\/strangercam.com\/?page_id=12892"},"modified":"2025-06-16T15:00:37","modified_gmt":"2025-06-16T13:00:37","slug":"ohmegle","status":"publish","type":"page","link":"https:\/\/strangercam.com\/da\/ohmegle\/","title":{"rendered":"Ohmegle"},"content":{"rendered":"<p>N\u00e5r <a href=\"https:\/\/strangercam.com\/da\/omegle\/\">Omegle<\/a> lukkede ned i 2023, stod millioner af brugere tilbage uden et sted at g\u00e5 hen for at chatte spontant og anonymt med fremmede. I k\u00f8lvandet p\u00e5 dens forsvinden er der dukket flere alternativer op - men kun f\u00e5 har f\u00e5et s\u00e5 meget gennemslagskraft som Ohmegle. Ohmegle er designet til at udfylde pr\u00e6cis det tomrum, der blev efterladt, og tilbyder en n\u00e6sten identisk oplevelse med moderne forbedringer, st\u00e6rkere ydeevne og en loyal, voksende brugerbase.<\/p>\n<p>I denne anmeldelse udforsker vi alt, hvad du har brug for at vide om Ohmegle - hvordan den fungerer, hvad der g\u00f8r den til den bedste Omegle-erstatning, dens funktioner, sikkerhedsstandarder, og hvordan den klarer sig i forhold til lignende tilf\u00e6ldig video <a href=\"https:\/\/strangercam.com\/da\/chatroulette\/\">chat<\/a> steder.<\/p>\n<h2>Hvad er Ohmegle?<\/h2>\n<p>Ohmegle er en gratis, anonym <a href=\"https:\/\/strangercam.com\/da\/chathub\/\">Tilf\u00e6ldig videochat<\/a> hjemmeside, der forbinder dig med fremmede til live samtaler ansigt til ansigt. Det er en \u00e5ndelig efterf\u00f8lger til Omegle, der efterligner dens format og brugerflade n\u00e6sten n\u00f8jagtigt - men med bedre oppetid, mobilsupport og et f\u00e6llesskab, der er bygget specielt til brugere, der savner originalen.<\/p>\n<p>Der er ingen kontooprettelse, ingen krav om personlige data og ingen komplicerede matchalgoritmer. Du skal bare \u00e5bne siden, give tilladelse til kamera\/mikrofon og begynde at chatte med en ny person - tilf\u00e6ldigt, \u00f8jeblikkeligt og anonymt.<\/p>\n<h2>Hvad er form\u00e5let med Ohmegle?<\/h2>\n<p>Ohmegles mission er enkel: at bringe den autentiske Omegle-oplevelse tilbage i et sikkert og tilg\u00e6ngeligt format til 2025 og fremefter. Den er beregnet til:<\/p>\n<ul>\n<li>Folk, der savner Omegle's spontane chatmilj\u00f8<\/li>\n<li>Brugere, der foretr\u00e6kker video frem for tekstbaseret dating eller sociale apps<\/li>\n<li>Enhver, der leder efter anonym menneskelig forbindelse - uden forpligtelser<\/li>\n<\/ul>\n<p>Uanset om du er p\u00e5 udkig efter en afslappet samtale, et flirtende m\u00f8de eller bare en, der lytter, er Ohmegle designet til at genskabe charmen ved den tidlige tids internetchatkultur - helt anonymt og i realtid.<\/p>\n<h2>Vigtige funktioner<\/h2>\n<p>1. Tilf\u00e6ldig en-til-en videochat<br \/>\nLigesom Omegle forbinder Ohmegle dig \u00f8jeblikkeligt med en fremmed via webcam og mikrofon. Ingen profiler, ingen swiping - bare direkte interaktion.<\/p>\n<p>2. Spring over\/n\u00e6ste-funktionalitet<br \/>\nEr du ikke p\u00e5 b\u00f8lgel\u00e6ngde med nogen? Klik p\u00e5 \u201cN\u00e6ste\u201d for straks at blive matchet med en anden bruger. Det er hurtigt og gnidningsfrit, s\u00e5 du kan <a href=\"https:\/\/strangercam.com\/da\/coomeet\/\">m\u00f8des<\/a> dusinvis af mennesker i en enkelt session.<\/p>\n<p>3. Ingen tilmelding p\u00e5kr\u00e6vet<br \/>\nOhmegle forbliver fuldst\u00e6ndig anonym. Det er ikke n\u00f8dvendigt at indtaste navn, e-mail eller telefonnummer. Det respekterer kerneprincippet i Omegle: Tal med fremmede, ikke med tilh\u00e6ngere.<\/p>\n<p>4. Valgfri tekstchat-tilstand<br \/>\nHvis du ikke er tryg ved dit kamera, kan du v\u00e6lge en chatversion med kun tekst. Brugergr\u00e6nsefladen er stadig slank og enkel.<\/p>\n<p>5. Mobil kompatibilitet<br \/>\nOhmegle er optimeret til b\u00e5de desktop- og mobilbrowsere. Du kan chatte fra din telefon uden at downloade en app, og siden tilpasser sig godt til forskellige sk\u00e6rmst\u00f8rrelser og b\u00e5ndbreddeniveauer.<\/p>\n<p>6. Str\u00f8mlinet design<br \/>\nLayoutet er med vilje minimalt - det afspejler det klassiske Omegle-look - men med opdateret ydeevne. Videovinduerne er store, kontrollerne er nemme at bruge, og der er ikke noget un\u00f8dvendigt p\u00e5 sk\u00e6rmen.<\/p>\n<p>7. V\u00e6rkt\u00f8jer til rapportering og moderering<br \/>\nBrugere kan rapportere upassende adf\u00e6rd direkte fra chatvinduet. Ohmegle har implementeret grundl\u00e6ggende moderationsv\u00e6rkt\u00f8jer og AI-baseret detektion af n\u00f8genhed for at begr\u00e6nse misbrug og holde oplevelsen sikker.<\/p>\n<h2>Er Ohmegle gratis?<\/h2>\n<p>Ja, Ohmegle er 100% gratis at bruge. Der er ingen betalingsmure, abonnementer eller freemium-niveauer. Alle brugere har lige adgang til videochat, tekstchat og den fulde platform.<\/p>\n<p>Der er heller ingen reklamer p\u00e5 sk\u00e6rmen, hvilket er sj\u00e6ldent for videochatsider. Monetarisering ser ud til at v\u00e6re holdt p\u00e5 et minimum for at bevare den hurtige og flydende oplevelse, som brugerne forventer.<\/p>\n<h2>Hvem bruger Ohmegle?<\/h2>\n<p>Ohmegle tiltr\u00e6kker en bred vifte af brugere, men afspejler generelt den oprindelige Omegle's demografi:<\/p>\n<ul>\n<li>Alder: Prim\u00e6rt 18-35, selvom platformen kun er for voksne (18+)<\/li>\n<li>Global m\u00e5lgruppe: Brugere fra USA, Canada, Europa, Indien, Brasilien og Syd\u00f8stasien.<\/li>\n<li>Brugerens hensigt: Delt mellem afslappet chat, at f\u00e5 venner, at flirte og bare at f\u00e5 tiden til at g\u00e5<\/li>\n<\/ul>\n<p>Der er ingen formel struktur for, hvordan brugerne interagerer - det er op til dig og dit match at styre samtalen. Nogle er p\u00e5 udkig efter sjov, andre efter kammeratskab, og nogle er bare ude efter noget nyt.<\/p>\n<h2>Sikkerhed og m\u00e5dehold<\/h2>\n<p>Som med enhver anonym videochatplatform er brugernes sikkerhed et problem - men Ohmegle bestr\u00e6ber sig p\u00e5 at skabe et sikkert milj\u00f8 uden at \u00f8del\u00e6gge chattens spontane natur.<\/p>\n<h3>Privatlivets fred<\/h3>\n<ul>\n<li>Ingen registrering, konti eller sporing<\/li>\n<li>Chats bliver ikke optaget eller gemt<\/li>\n<li>Din IP-adresse bliver aldrig vist til den anden bruger<\/li>\n<\/ul>\n<h3>Moderation<\/h3>\n<ul>\n<li>Rapport-knap tilg\u00e6ngelig under live chat<\/li>\n<li>AI-baseret registrering af n\u00f8genhed filtrerer noget upassende indhold fra<\/li>\n<li>Brugere, der anmeldes flere gange, kan blive udelukket fra platformen<\/li>\n<\/ul>\n<p>N\u00e5r det er sagt, censurerer eller overmodererer Ohmegle ikke, s\u00e5 der er stadig en chance for at st\u00f8de p\u00e5 upassende adf\u00e6rd. Brug platformen med omtanke:<\/p>\n<ul>\n<li>Spring straks over, hvis nogen g\u00f8r dig utilpas<\/li>\n<li>Del aldrig personlige oplysninger som dit navn, din placering eller dine sociale medier.<\/li>\n<li>T\u00f8v ikke med at anmelde lovovertr\u00e6dere<\/li>\n<\/ul>\n<h2>Brugeroplevelse og ydeevne<\/h2>\n<p>Ohmegle er imponerende let og responsiv. Hjemmesiden indl\u00e6ses hurtigt, og matches sker p\u00e5 f\u00e5 sekunder. Platformen tilbyder b\u00e5de desktop og mobil:<\/p>\n<ul>\n<li>Klare, store videofeeds<\/li>\n<li>Enkle kontrolknapper (N\u00e6ste, Stop, Rapport)<\/li>\n<li>P\u00e5lidelig adgang til kamera og mikrofon<\/li>\n<li>Minimal forsinkelse eller buffering, selv p\u00e5 langsommere forbindelser<\/li>\n<\/ul>\n<p>Det er en af de mest gnidningsl\u00f8se tilf\u00e6ldige videochatoplevelser, der findes online, is\u00e6r sammenlignet med overbelastede konkurrenter, der lider af langsom indl\u00e6sning eller buggy-gr\u00e6nseflader.<\/p>\n<h2>Ohmegle vs. andre tilf\u00e6ldige videochatsider<\/h2>\n<p>Med s\u00e5 mange Omegle-alternativer derude, hvordan klarer Ohmegle sig s\u00e5?<\/p>\n<table>\n<thead>\n<tr>\n<th>Platform<\/th>\n<th>Registrering<\/th>\n<th>Videochat<\/th>\n<th>Tekst-chat<\/th>\n<th>K\u00f8nsfilter<\/th>\n<th>Mobil support<\/th>\n<th>Moderation<\/th>\n<\/tr>\n<\/thead>\n<tbody>\n<tr>\n<td>Ohmegle<\/td>\n<td>Nej<\/td>\n<td>Ja<\/td>\n<td>Ja<\/td>\n<td>Nej<\/td>\n<td>Fremragende<\/td>\n<td>Moderat<\/td>\n<\/tr>\n<tr>\n<td><a href=\"https:\/\/strangercam.com\/da\/ometv\/\">OmeTV<\/a><\/td>\n<td>Nej<\/td>\n<td>Ja<\/td>\n<td>Ja<\/td>\n<td>Ja (betalt)<\/td>\n<td>God<\/td>\n<td>St\u00e6rk<\/td>\n<\/tr>\n<tr>\n<td>Chatrandom<\/td>\n<td>Valgfrit<\/td>\n<td>Ja<\/td>\n<td>Ja<\/td>\n<td>Ja (betalt)<\/td>\n<td>God<\/td>\n<td>Moderat<\/td>\n<\/tr>\n<tr>\n<td>Chatspin<\/td>\n<td>Valgfrit<\/td>\n<td>Ja<\/td>\n<td>Ja<\/td>\n<td>Ja (gratis\/betalt)<\/td>\n<td>Fremragende<\/td>\n<td>Moderat<\/td>\n<\/tr>\n<tr>\n<td>Camgo<\/td>\n<td>Nej<\/td>\n<td>Ja<\/td>\n<td>Ja<\/td>\n<td>Ja (betalt)<\/td>\n<td>God<\/td>\n<td>Grundl\u00e6ggende<\/td>\n<\/tr>\n<\/tbody>\n<\/table>\n<p>Resum\u00e9: Ohmegles st\u00f8rste salgsargument er autenticitet og enkelhed. I mods\u00e6tning til mange konkurrenter, der skubber brugerne mod premium-abonnementer eller tvinger dem til at logge ind, holder Ohmegle det r\u00e5t og gratis. For dem, der specifikt \u00f8nsker at genskabe f\u00f8lelsen af den gamle Omegle, er dette det t\u00e6tteste, du kommer.<\/p>\n<h2>Fordele og ulemper<\/h2>\n<h3>Fordele<\/h3>\n<ul>\n<li>100% gratis og anonymt<\/li>\n<li>Ingen registrering eller downloads<\/li>\n<li>Hurtig matchning og lav forsinkelse<\/li>\n<li>Mobilvenlig og fungerer i alle st\u00f8rre browsere<\/li>\n<li>Ren, minimal brugerflade<\/li>\n<li>Perfekt til spontane samtaler og afslappet interaktion<\/li>\n<\/ul>\n<h3>Ulemper<\/h3>\n<ul>\n<li>Ingen k\u00f8ns- eller regionsfiltre<\/li>\n<li>Potentiel eksponering for upassende indhold<\/li>\n<li>Ingen chathistorik eller genforbindelsesfunktion<\/li>\n<li>Ingen sociale opdagelsesv\u00e6rkt\u00f8jer eller opf\u00f8lgningsmuligheder<\/li>\n<\/ul>\n<h2>Ideelle brugsscenarier<\/h2>\n<p>Ohmegle er bedst egnet til:<\/p>\n<ul>\n<li>Folk, der er nostalgiske efter den oprindelige Omegle-oplevelse<\/li>\n<li>Brugere, der nyder anonym social interaktion<\/li>\n<li>Natteravne, rejsende eller alle, der s\u00f8ger spontane samtaler<\/li>\n<li>Folk, der \u00f8nsker at m\u00f8de fremmede uden profilpres eller forventninger<\/li>\n<\/ul>\n<p>Ikke ideel til:<\/p>\n<ul>\n<li>Brugere, der leder efter seri\u00f8s dating eller langsigtede forbindelser<\/li>\n<li>Dem, der ikke kan lide at blive filmet<\/li>\n<li>Alle, der er utrygge ved umodereret indhold<\/li>\n<li>Brugere under 18 \u00e5r (ikke tilladt p\u00e5 platformen)<\/li>\n<\/ul>\n<p>Ohmegle er det t\u00e6tteste, vi kommer p\u00e5 klassisk Omegle i 2025 - og det er en god ting. Det fjerner st\u00f8jen og rodet fra moderne sociale apps og vender tilbage til et format, der er hurtigt, anonymt og r\u00e5t. Hvis du kunne lide Omegle for det, det var - ubeskrevne, ufiltrerede menneskelige forbindelser - leverer Ohmegle det og mere til.<\/p>\n<p>Der er ingen gimmicks. Ingen endel\u00f8se tilmeldingsformularer. Intet pres for at pr\u00e6stere. Bare dig, dit webcam og den, algoritmen s\u00e6tter dig i forbindelse med som den n\u00e6ste.<\/p>\n<p>Hvis du leder efter det bedste gratis og anonyme Omegle-alternativ, fortjener Ohmegle en topplacering. Uanset om du bliver i fem minutter eller fem timer, er oplevelsen unik og menneskelig - og det er sj\u00e6ldent i dagens kuraterede verden.<\/p>","protected":false},"excerpt":{"rendered":"<p>When Omegle shut down in 2023, millions of users were left without a go-to place for spontaneous, anonymous video chatting with strangers. In the wake of its disappearance, several alternatives have emerged\u2014but few have gained as much traction as Ohmegle. Designed to fill the exact void left behind, Ohmegle offers a nearly identical experience with [&hellip;]<\/p>\n","protected":false},"author":6,"featured_media":0,"parent":0,"menu_order":0,"comment_status":"closed","ping_status":"closed","template":"","meta":{"footnotes":""},"class_list":["post-12892","page","type-page","status-publish","hentry"],"yoast_head":"<!-- This site is optimized with the Yoast SEO plugin v27.4 - https:\/\/yoast.com\/product\/yoast-seo-wordpress\/ -->\n<title>Ohmegle - Talk to Strangers Omegle Alternative on StrangerCam.com<\/title>\n<meta name=\"description\" content=\"Like Ohmegle? Come chat with more than 5.000.000 strangers on Stranger Cam for Free! Turn on your cam and find new friends &amp; maby a match!\" \/>\n<meta name=\"robots\" content=\"index, follow, max-snippet:-1, max-image-preview:large, max-video-preview:-1\" \/>\n<link rel=\"canonical\" href=\"https:\/\/strangercam.com\/da\/ohmegle\/\" \/>\n<meta property=\"og:locale\" content=\"da_DK\" \/>\n<meta property=\"og:type\" content=\"article\" \/>\n<meta property=\"og:title\" content=\"Ohmegle - Talk to Strangers Omegle Alternative on StrangerCam.com\" \/>\n<meta property=\"og:description\" content=\"Like Ohmegle? Come chat with more than 5.000.000 strangers on Stranger Cam for Free! Turn on your cam and find new friends &amp; maby a match!\" \/>\n<meta property=\"og:url\" content=\"https:\/\/strangercam.com\/da\/ohmegle\/\" \/>\n<meta property=\"og:site_name\" content=\"Strangercam\" \/>\n<meta property=\"article:publisher\" content=\"https:\/\/www.facebook.com\/strangercam\" \/>\n<meta property=\"og:image\" content=\"https:\/\/strangercam.com\/wp-content\/uploads\/2021\/10\/Untitled-2.png\" \/>\n\t<meta property=\"og:image:width\" content=\"800\" \/>\n\t<meta property=\"og:image:height\" content=\"532\" \/>\n\t<meta property=\"og:image:type\" content=\"image\/png\" \/>\n<meta name=\"twitter:card\" content=\"summary_large_image\" \/>\n<meta name=\"twitter:site\" content=\"@strangercamapp\" \/>\n<meta name=\"twitter:label1\" content=\"Estimeret l\u00e6setid\" \/>\n\t<meta name=\"twitter:data1\" content=\"6 minutter\" \/>\n<script type=\"application\/ld+json\" class=\"yoast-schema-graph\">{\"@context\":\"https:\\\/\\\/schema.org\",\"@graph\":[{\"@type\":\"WebPage\",\"@id\":\"https:\\\/\\\/strangercam.com\\\/ohmegle\\\/\",\"url\":\"https:\\\/\\\/strangercam.com\\\/ohmegle\\\/\",\"name\":\"Ohmegle - Talk to Strangers Omegle Alternative on StrangerCam.com\",\"isPartOf\":{\"@id\":\"https:\\\/\\\/strangercam.com\\\/#website\"},\"datePublished\":\"2025-06-16T13:00:37+00:00\",\"description\":\"Like Ohmegle? Come chat with more than 5.000.000 strangers on Stranger Cam for Free! Turn on your cam and find new friends & maby a match!\",\"breadcrumb\":{\"@id\":\"https:\\\/\\\/strangercam.com\\\/ohmegle\\\/#breadcrumb\"},\"inLanguage\":\"da-DK\",\"potentialAction\":[{\"@type\":\"ReadAction\",\"target\":[\"https:\\\/\\\/strangercam.com\\\/ohmegle\\\/\"]}]},{\"@type\":\"BreadcrumbList\",\"@id\":\"https:\\\/\\\/strangercam.com\\\/ohmegle\\\/#breadcrumb\",\"itemListElement\":[{\"@type\":\"ListItem\",\"position\":1,\"name\":\"Home\",\"item\":\"https:\\\/\\\/strangercam.com\\\/\"},{\"@type\":\"ListItem\",\"position\":2,\"name\":\"Ohmegle\"}]},{\"@type\":\"WebSite\",\"@id\":\"https:\\\/\\\/strangercam.com\\\/#website\",\"url\":\"https:\\\/\\\/strangercam.com\\\/\",\"name\":\"Strangercam\",\"description\":\"Random Video Chat with Strangers\",\"publisher\":{\"@id\":\"https:\\\/\\\/strangercam.com\\\/#organization\"},\"alternateName\":\"Strangercam.com\",\"potentialAction\":[{\"@type\":\"SearchAction\",\"target\":{\"@type\":\"EntryPoint\",\"urlTemplate\":\"https:\\\/\\\/strangercam.com\\\/?s={search_term_string}\"},\"query-input\":{\"@type\":\"PropertyValueSpecification\",\"valueRequired\":true,\"valueName\":\"search_term_string\"}}],\"inLanguage\":\"da-DK\"},{\"@type\":\"Organization\",\"@id\":\"https:\\\/\\\/strangercam.com\\\/#organization\",\"name\":\"Strangercam\",\"alternateName\":\"Strangercam.com\",\"url\":\"https:\\\/\\\/strangercam.com\\\/\",\"logo\":{\"@type\":\"ImageObject\",\"inLanguage\":\"da-DK\",\"@id\":\"https:\\\/\\\/strangercam.com\\\/#\\\/schema\\\/logo\\\/image\\\/\",\"url\":\"https:\\\/\\\/strangercam.com\\\/wp-content\\\/uploads\\\/2020\\\/11\\\/cropped-new-favicon-black.png\",\"contentUrl\":\"https:\\\/\\\/strangercam.com\\\/wp-content\\\/uploads\\\/2020\\\/11\\\/cropped-new-favicon-black.png\",\"width\":512,\"height\":512,\"caption\":\"Strangercam\"},\"image\":{\"@id\":\"https:\\\/\\\/strangercam.com\\\/#\\\/schema\\\/logo\\\/image\\\/\"},\"sameAs\":[\"https:\\\/\\\/www.facebook.com\\\/strangercam\",\"https:\\\/\\\/x.com\\\/strangercamapp\"]}]}<\/script>\n<!-- \/ Yoast SEO plugin. -->","yoast_head_json":{"title":"Ohmegle - Talk to Strangers Omegle Alternativ p\u00e5 StrangerCam.com","description":"Kan du lide Ohmegle, s\u00e5 kom og chat med mere end 5.000.000 fremmede p\u00e5 Stranger Cam helt gratis! T\u00e6nd for dit kamera og find nye venner og m\u00e5ske et match!","robots":{"index":"index","follow":"follow","max-snippet":"max-snippet:-1","max-image-preview":"max-image-preview:large","max-video-preview":"max-video-preview:-1"},"canonical":"https:\/\/strangercam.com\/da\/ohmegle\/","og_locale":"da_DK","og_type":"article","og_title":"Ohmegle - Talk to Strangers Omegle Alternative on StrangerCam.com","og_description":"Like Ohmegle? Come chat with more than 5.000.000 strangers on Stranger Cam for Free! Turn on your cam and find new friends & maby a match!","og_url":"https:\/\/strangercam.com\/da\/ohmegle\/","og_site_name":"Strangercam","article_publisher":"https:\/\/www.facebook.com\/strangercam","og_image":[{"width":800,"height":532,"url":"https:\/\/strangercam.com\/wp-content\/uploads\/2021\/10\/Untitled-2.png","type":"image\/png"}],"twitter_card":"summary_large_image","twitter_site":"@strangercamapp","twitter_misc":{"Estimeret l\u00e6setid":"6 minutter"},"schema":{"@context":"https:\/\/schema.org","@graph":[{"@type":"WebPage","@id":"https:\/\/strangercam.com\/ohmegle\/","url":"https:\/\/strangercam.com\/ohmegle\/","name":"Ohmegle - Talk to Strangers Omegle Alternativ p\u00e5 StrangerCam.com","isPartOf":{"@id":"https:\/\/strangercam.com\/#website"},"datePublished":"2025-06-16T13:00:37+00:00","description":"Kan du lide Ohmegle, s\u00e5 kom og chat med mere end 5.000.000 fremmede p\u00e5 Stranger Cam helt gratis! T\u00e6nd for dit kamera og find nye venner og m\u00e5ske et match!","breadcrumb":{"@id":"https:\/\/strangercam.com\/ohmegle\/#breadcrumb"},"inLanguage":"da-DK","potentialAction":[{"@type":"ReadAction","target":["https:\/\/strangercam.com\/ohmegle\/"]}]},{"@type":"BreadcrumbList","@id":"https:\/\/strangercam.com\/ohmegle\/#breadcrumb","itemListElement":[{"@type":"ListItem","position":1,"name":"Home","item":"https:\/\/strangercam.com\/"},{"@type":"ListItem","position":2,"name":"Ohmegle"}]},{"@type":"WebSite","@id":"https:\/\/strangercam.com\/#website","url":"https:\/\/strangercam.com\/","name":"Strangercam","description":"Tilf\u00e6ldig videochat med fremmede","publisher":{"@id":"https:\/\/strangercam.com\/#organization"},"alternateName":"Strangercam.com","potentialAction":[{"@type":"SearchAction","target":{"@type":"EntryPoint","urlTemplate":"https:\/\/strangercam.com\/?s={search_term_string}"},"query-input":{"@type":"PropertyValueSpecification","valueRequired":true,"valueName":"search_term_string"}}],"inLanguage":"da-DK"},{"@type":"Organization","@id":"https:\/\/strangercam.com\/#organization","name":"Strangercam","alternateName":"Strangercam.com","url":"https:\/\/strangercam.com\/","logo":{"@type":"ImageObject","inLanguage":"da-DK","@id":"https:\/\/strangercam.com\/#\/schema\/logo\/image\/","url":"https:\/\/strangercam.com\/wp-content\/uploads\/2020\/11\/cropped-new-favicon-black.png","contentUrl":"https:\/\/strangercam.com\/wp-content\/uploads\/2020\/11\/cropped-new-favicon-black.png","width":512,"height":512,"caption":"Strangercam"},"image":{"@id":"https:\/\/strangercam.com\/#\/schema\/logo\/image\/"},"sameAs":["https:\/\/www.facebook.com\/strangercam","https:\/\/x.com\/strangercamapp"]}]}},"_links":{"self":[{"href":"https:\/\/strangercam.com\/da\/wp-json\/wp\/v2\/pages\/12892","targetHints":{"allow":["GET"]}}],"collection":[{"href":"https:\/\/strangercam.com\/da\/wp-json\/wp\/v2\/pages"}],"about":[{"href":"https:\/\/strangercam.com\/da\/wp-json\/wp\/v2\/types\/page"}],"author":[{"embeddable":true,"href":"https:\/\/strangercam.com\/da\/wp-json\/wp\/v2\/users\/6"}],"replies":[{"embeddable":true,"href":"https:\/\/strangercam.com\/da\/wp-json\/wp\/v2\/comments?post=12892"}],"version-history":[{"count":2,"href":"https:\/\/strangercam.com\/da\/wp-json\/wp\/v2\/pages\/12892\/revisions"}],"predecessor-version":[{"id":12894,"href":"https:\/\/strangercam.com\/da\/wp-json\/wp\/v2\/pages\/12892\/revisions\/12894"}],"wp:attachment":[{"href":"https:\/\/strangercam.com\/da\/wp-json\/wp\/v2\/media?parent=12892"}],"curies":[{"name":"wp","href":"https:\/\/api.w.org\/{rel}","templated":true}]}}