{"id":12890,"date":"2025-06-16T14:55:58","date_gmt":"2025-06-16T12:55:58","guid":{"rendered":"https:\/\/strangercam.com\/?page_id=12890"},"modified":"2025-06-16T14:57:21","modified_gmt":"2025-06-16T12:57:21","slug":"anoncam","status":"publish","type":"page","link":"https:\/\/strangercam.com\/da\/anoncam\/","title":{"rendered":"AnonCam"},"content":{"rendered":"<p>Hvis du savner originalens enkelhed <a href=\"https:\/\/strangercam.com\/da\/omegle\/\">Omegle<\/a>, hvor du kunne hoppe ind i en videochat med en fremmed med det samme og anonymt, er Anoncam m\u00e5ske det moderne alternativ, du leder efter. Anoncam er bygget til brugere, der v\u00e6rds\u00e6tter privatliv, spontanitet og ingen forpligtelser, og reducerer tilf\u00e6ldig videochat til sin mest essentielle form - ingen konti, ingen biografier, ingen filtre - bare to fremmede, der er forbundet via webcam.<\/p>\n<p>I denne dybdeg\u00e5ende anmeldelse gennemg\u00e5r vi, hvad Anoncam er, hvilke funktioner det tilbyder, og hvordan det sammenligner sig med andre popul\u00e6re sider som Omegle, <a href=\"https:\/\/strangercam.com\/da\/chatroulette\/\">Chatroulette<\/a>, og Chatrandom, og om det er den rigtige platform for dig i 2025.<\/p>\n<h2>Hvad er Anoncam?<\/h2>\n<p>Anoncam er en 100% anonym tilf\u00e6ldig videochatplatform, der forbinder dig ansigt til ansigt med fremmede over hele verden. Den f\u00f8lger den traditionelle en-til-en webcam-chatmodel, der blev gjort popul\u00e6r af Omegle, men forbedrer den med en hurtigere gr\u00e6nseflade, st\u00e6rkere ydeevne p\u00e5 mobile enheder og et bedre fokus p\u00e5 brugersikkerhed.<\/p>\n<p>Der er ingen tilmeldinger, ingen brugernavne, ingen profiler og ingen fotos. N\u00e5r du bes\u00f8ger Anoncam, er du kun et klik v\u00e6k fra en live videochat med en ny person.<\/p>\n<h2>Hvad er form\u00e5let med Anoncam?<\/h2>\n<p>Anoncam er bygget op omkring en enkel id\u00e9: Tal med fremmede uden at afsl\u00f8re, hvem du er. I en tid, hvor de fleste sociale platforme er drevet af profiler, f\u00f8lgere og digitale identiteter, tilbyder Anoncam en sj\u00e6lden flugt. Det genopliver \u00e5nden fra det tidlige internet - spontane samtaler i realtid med helt fremmede uden at v\u00e6re bundet til dit liv p\u00e5 de sociale medier.<\/p>\n<p>Dets vigtigste m\u00e5l er:<\/p>\n<ul>\n<li>At facilitere \u00e6gte, anonym menneskelig interaktion<\/li>\n<li>For at hj\u00e6lpe brugerne <a href=\"https:\/\/strangercam.com\/da\/coomeet\/\">m\u00f8des<\/a> mennesker uden bagage af profiler eller historie<\/li>\n<li>At skabe et sikkert rum for udtryk, kontakt og samtale<\/li>\n<\/ul>\n<p>Uanset om du keder dig, er ensom, nysgerrig eller bare gerne vil tale frit uden at blive d\u00f8mt, s\u00e5 tilbyder Anoncam et milj\u00f8 uden pres.<\/p>\n<h2>Vigtige funktioner<\/h2>\n<p>1. Anonym videochat en-til-en<br \/>\nI bund og grund handler Anoncam om \u00f8jeblikkelige videoforbindelser. Du indl\u00e6ser siden, klikker p\u00e5 \"Start\", og s\u00e5 bliver du matchet med en anden fremmed ved hj\u00e6lp af deres webcam. Ingen brugernavne, ingen matchningsproces - bare to mennesker ansigt til ansigt.<\/p>\n<p>2. Hurtig matchning og spring over-funktionalitet<br \/>\nDu kan springe til den n\u00e6ste person med et enkelt klik. Matchning sker n\u00e6sten \u00f8jeblikkeligt med minimal buffering eller nedetid mellem sessioner, is\u00e6r i spidsbelastningsperioder.<\/p>\n<p>3. Ingen konto eller login p\u00e5kr\u00e6vet<br \/>\nEn af Anoncams definerende funktioner er den helt anonyme oplevelse. Du beh\u00f8ver ikke at registrere dig eller give nogen oplysninger for at bruge siden. Hver chatsession er midlertidig og efterlader ikke noget digitalt fodaftryk.<\/p>\n<p>4. Mobilvenligt design<br \/>\nAnoncam fungerer godt p\u00e5 tv\u00e6rs af b\u00e5de desktop- og mobilbrowsere. Designet er touch-optimeret og giver hurtig adgang til kameraet og matchning uden behov for en app eller download.<\/p>\n<p>5. Valgfri tekstchat<br \/>\nSelv om fokus er p\u00e5 video, har Anoncam ogs\u00e5 en mulighed for tekstchat, enten sammen med video eller som reserve for brugere, der ikke \u00f8nsker at tale eller har tekniske problemer.<\/p>\n<p>6. Rapport- og moderationsv\u00e6rkt\u00f8jer<br \/>\nBrugere kan hurtigt rapportere upassende adf\u00e6rd, og et moderationsteam arbejder p\u00e5 at gennemg\u00e5 og forbyde brugere, der overtr\u00e6der platformens regler. Ingen chatside er perfekt, men Anoncam tager brugernes sikkerhed alvorligt.<\/p>\n<h2>Er Anoncam gratis?<\/h2>\n<p>Ja, Anoncam er helt gratis at bruge. Der er ingen skjulte omkostninger, betalingsmure eller l\u00e5ste funktioner. Du f\u00e5r ubegr\u00e6nset adgang til:<\/p>\n<ul>\n<li>Videochat<\/li>\n<li>Tekstchat<\/li>\n<li>Overspringning af kampe<\/li>\n<li>Brug af mobil og desktop<\/li>\n<\/ul>\n<p>Der er ikke noget premium-niveau (fra 2025), hvilket holder oplevelsen tilg\u00e6ngelig for alle og reducerer risikoen for, at svindlere misbruger premium-funktioner.<\/p>\n<h2>Hvem bruger Anoncam?<\/h2>\n<p>Anoncam har opbygget en global brugerbase, der sp\u00e6nder over forskellige demografiske grupper, men som deler nogle f\u00e5 centrale tr\u00e6k:<\/p>\n<ul>\n<li>Aldersgruppe: Prim\u00e6rt 18 til 35 \u00e5r<\/li>\n<li>Fordeling p\u00e5 k\u00f8n: Hovedsageligt m\u00e6nd, men kvinder er aktive - is\u00e6r i de travle timer.<\/li>\n<li>Hensigt: Afslappede samtaler, flirt, udluftning, sprogpraksis eller bare at f\u00e5 tiden til at g\u00e5<\/li>\n<\/ul>\n<p>Den er is\u00e6r popul\u00e6r blandt:<\/p>\n<ul>\n<li>Universitetsstuderende<\/li>\n<li>Natteravne p\u00e5 udkig efter selskab<\/li>\n<li>Digitale nomader og rejsende<\/li>\n<li>Folk, der s\u00f8ger en pause fra sociale medier<\/li>\n<\/ul>\n<p>P\u00e5 grund af sin anonymitet tiltr\u00e6kker Anoncam ogs\u00e5 brugere, der \u00f8nsker at tale frit, dele tanker eller udforske emner uden at binde dem til en personlig identitet.<\/p>\n<h2>Sikkerhed, privatliv og moderation<\/h2>\n<p>Anonymitet kan v\u00e6re befriende, men det giver ogs\u00e5 anledning til bekymring omkring brugernes adf\u00e6rd. Anoncam fors\u00f8ger at l\u00f8se dette med en afbalanceret sikkerhedsstrategi:<\/p>\n<h3>Privatlivets fred<\/h3>\n<ul>\n<li>Ingen konti eller logins<\/li>\n<li>Ingen optagelse eller lagring af videochats<\/li>\n<li>Din IP-adresse er ikke offentligt synlig<\/li>\n<li>Ingen data deles med tredjeparter<\/li>\n<\/ul>\n<h3>Moderation<\/h3>\n<ul>\n<li>Rapportknap i appen under videochats<\/li>\n<li>AI-baseret registrering af n\u00f8genhed eller st\u00f8dende indhold<\/li>\n<li>Hurtig udelukkelse af gentagne lovovertr\u00e6dere eller rapporterede brugere<\/li>\n<li>Moderering i realtid af sessioner med h\u00f8j trafik<\/li>\n<\/ul>\n<p>Som altid skal brugerne v\u00e6re forsigtige:<\/p>\n<ul>\n<li>Del aldrig personlige oplysninger<\/li>\n<li>Spring brugere over, der opf\u00f8rer sig mist\u00e6nkeligt eller aggressivt<\/li>\n<li>Brug rapportfunktionen, n\u00e5r det er n\u00f8dvendigt<\/li>\n<\/ul>\n<h2>Brugergr\u00e6nseflade og oplevelse<\/h2>\n<p>Anoncams brugergr\u00e6nseflade er enkel og effektiv. Hjemmesiden indeholder kun det v\u00e6sentlige:<\/p>\n<ul>\n<li>En \"Start chat\"-knap<\/li>\n<li>Grundl\u00e6ggende regler<\/li>\n<li>Prompter om tilladelse til kamera og mikrofon<\/li>\n<\/ul>\n<p>N\u00e5r du klikker for at starte, bliver du matchet med nogen p\u00e5 f\u00e5 sekunder. Kontrol p\u00e5 sk\u00e6rmen lader dig:<\/p>\n<ul>\n<li>Spring over<\/li>\n<li>S\u00e6t din mikrofon p\u00e5 lydl\u00f8s<\/li>\n<li>Afslut chatten<\/li>\n<li>Rapport<\/li>\n<\/ul>\n<p>Der er ingen pop-ups, registreringsanmodninger eller distraktioner - en forfriskende \u00e6ndring fra mange <a href=\"https:\/\/strangercam.com\/da\/bazoocam\/\">cam<\/a> chatplatforme, der presser upsells eller annoncer aggressivt.<\/p>\n<p>Ydelsesm\u00e6ssigt k\u00f8rer webstedet problemfrit selv p\u00e5 mellemklasseenheder og underst\u00f8tter Chrome, Firefox, Safari og Edge p\u00e5 tv\u00e6rs af alle platforme.<\/p>\n<h2>Anoncam vs. andre anonyme chatplatforme<\/h2>\n<p>Anoncam befinder sig i en specifik niche med virkelig anonym, tilf\u00e6ldig videochat. Se her, hvordan den klarer sig i forhold til andre store akt\u00f8rer:<\/p>\n<table>\n<thead>\n<tr>\n<th>Platform<\/th>\n<th>Registrering<\/th>\n<th>Videochat<\/th>\n<th>Tekst-chat<\/th>\n<th>Filtre<\/th>\n<th>Anonymitet<\/th>\n<th>Moderation<\/th>\n<\/tr>\n<\/thead>\n<tbody>\n<tr>\n<td>Anoncam<\/td>\n<td>Nej<\/td>\n<td>Ja<\/td>\n<td>Ja<\/td>\n<td>Nej<\/td>\n<td>St\u00e6rk<\/td>\n<td>Moderat<\/td>\n<\/tr>\n<tr>\n<td>Omegle<\/td>\n<td>Nej<\/td>\n<td>Ja<\/td>\n<td>Ja<\/td>\n<td>Nej<\/td>\n<td>St\u00e6rk<\/td>\n<td>Svag<\/td>\n<\/tr>\n<tr>\n<td>Chatroulette<\/td>\n<td>Nej<\/td>\n<td>Ja<\/td>\n<td>Begr\u00e6nset<\/td>\n<td>Ja<\/td>\n<td>Moderat<\/td>\n<td>Moderat<\/td>\n<\/tr>\n<tr>\n<td>Chatrandom<\/td>\n<td>Valgfrit<\/td>\n<td>Ja<\/td>\n<td>Ja<\/td>\n<td>Ja<\/td>\n<td>Moderat<\/td>\n<td>St\u00e6rk<\/td>\n<\/tr>\n<tr>\n<td><a href=\"https:\/\/strangercam.com\/da\/ometv\/\">OmeTV<\/a><\/td>\n<td>Nej<\/td>\n<td>Ja<\/td>\n<td>Ja<\/td>\n<td>Ja<\/td>\n<td>Moderat<\/td>\n<td>St\u00e6rk<\/td>\n<\/tr>\n<\/tbody>\n<\/table>\n<p>Resum\u00e9: Anoncam prioriterer anonymitet frem for filtre eller premium-funktioner. Hvis du leder efter noget minimalt, r\u00e5t og \u00f8jeblikkeligt, sl\u00e5r det platforme, der er g\u00e5et over til kontobaserede eller indt\u00e6gtsbaserede systemer.<\/p>\n<h2>Fordele og ulemper<\/h2>\n<h3>Fordele<\/h3>\n<ul>\n<li>Virkelig anonym videochat<\/li>\n<li>Ingen registrering eller personlige oplysninger kr\u00e6ves<\/li>\n<li>Hurtig matchning og stabil ydelse<\/li>\n<li>Mobil- og desktopvenlig<\/li>\n<li>Gratis for altid - ingen skjulte gebyrer<\/li>\n<li>Perfekt til afslappet snak, udluftning eller spontane chats<\/li>\n<\/ul>\n<h3>Ulemper<\/h3>\n<ul>\n<li>Ingen k\u00f8ns- eller landefiltre<\/li>\n<li>Lejlighedsvis eksponering for upassende brugere<\/li>\n<li>Begr\u00e6nset brugerbase sammenlignet med \u00e6ldre platforme<\/li>\n<li>Ingen gemte kampe eller sociale funktioner<\/li>\n<\/ul>\n<h2>Ideelle brugsscenarier<\/h2>\n<p>Anoncam passer godt til folk, der:<\/p>\n<ul>\n<li>\u00d8nsker anonym interaktion ansigt til ansigt<\/li>\n<li>Savner den oprindelige enkelhed ved Omegle<\/li>\n<li>S\u00f8ger introverte personer kontakt uden presset fra en profil?<\/li>\n<li>Vil bare gerne tale eller lufte ud uden at blive d\u00f8mt<\/li>\n<li>Udforsker internationale samtaler og venskaber<\/li>\n<\/ul>\n<p>Det er ikke ideelt til:<\/p>\n<ul>\n<li>Brugere, der s\u00f8ger dating-fokuserede oplevelser<\/li>\n<li>Folk er utrygge ved at v\u00e6re p\u00e5 webcam<\/li>\n<li>Dem, der forventer profilbaseret matchmaking<\/li>\n<li>Mindre\u00e5rige brugere (Anoncam er kun for 18+)<\/li>\n<\/ul>\n<p>Anoncam genopliver med succes den oprindelige vision om tilf\u00e6ldig videochat - hurtig, anonym og menneskelig. I en tid, hvor de fleste apps vil have dine data, dine penge og din tid, vil Anoncam kun have \u00e9n ting: en samtale i realtid mellem to fremmede.<\/p>\n<p>Den er ikke fyldt med funktioner eller abonnementer. Den udgiver sig ikke for at v\u00e6re en dating-app. Og den kr\u00e6ver ikke din e-mail, dit navn eller din placering. Det er bare dig og den anden person, ansigt til ansigt, i et par sekunder - eller minutter - f\u00f8r I g\u00e5r videre.<\/p>\n<p>Hvis du leder efter en privat og uforpligtende m\u00e5de at m\u00f8de nye mennesker p\u00e5 online i 2025, er Anoncam en af de bedste minimalistiske platforme, der findes. Enkel, gratis og anonym - pr\u00e6cis som det var meningen, at tilf\u00e6ldig chat skulle v\u00e6re.<\/p>","protected":false},"excerpt":{"rendered":"<p>If you miss the simplicity of the original Omegle, where you could jump into a video chat with a stranger instantly and anonymously, Anoncam might just be the modern-day alternative you\u2019re looking for. Built for users who value privacy, spontaneity, and zero commitment, Anoncam strips random video chat down to its most essential form\u2014no accounts, [&hellip;]<\/p>\n","protected":false},"author":6,"featured_media":0,"parent":0,"menu_order":0,"comment_status":"closed","ping_status":"closed","template":"","meta":{"footnotes":""},"class_list":["post-12890","page","type-page","status-publish","hentry"],"yoast_head":"<!-- This site is optimized with the Yoast SEO plugin v27.4 - https:\/\/yoast.com\/product\/yoast-seo-wordpress\/ -->\n<title>AnonCam - Real Anon Random Video Chat on StrangerCam.com<\/title>\n<meta name=\"description\" content=\"Like AnonCam? Come chat with more than 5.000.000 strangers on Stranger Cam for Free! Turn on your cam and find new friends &amp; maby a match!\" \/>\n<meta name=\"robots\" content=\"index, follow, max-snippet:-1, max-image-preview:large, max-video-preview:-1\" \/>\n<link rel=\"canonical\" href=\"https:\/\/strangercam.com\/da\/anoncam\/\" \/>\n<meta property=\"og:locale\" content=\"da_DK\" \/>\n<meta property=\"og:type\" content=\"article\" \/>\n<meta property=\"og:title\" content=\"AnonCam - Real Anon Random Video Chat on StrangerCam.com\" \/>\n<meta property=\"og:description\" content=\"Like AnonCam? Come chat with more than 5.000.000 strangers on Stranger Cam for Free! Turn on your cam and find new friends &amp; maby a match!\" \/>\n<meta property=\"og:url\" content=\"https:\/\/strangercam.com\/da\/anoncam\/\" \/>\n<meta property=\"og:site_name\" content=\"Strangercam\" \/>\n<meta property=\"article:publisher\" content=\"https:\/\/www.facebook.com\/strangercam\" \/>\n<meta property=\"article:modified_time\" content=\"2025-06-16T12:57:21+00:00\" \/>\n<meta property=\"og:image\" content=\"https:\/\/strangercam.com\/wp-content\/uploads\/2021\/10\/Untitled-2.png\" \/>\n\t<meta property=\"og:image:width\" content=\"800\" \/>\n\t<meta property=\"og:image:height\" content=\"532\" \/>\n\t<meta property=\"og:image:type\" content=\"image\/png\" \/>\n<meta name=\"twitter:card\" content=\"summary_large_image\" \/>\n<meta name=\"twitter:site\" content=\"@strangercamapp\" \/>\n<meta name=\"twitter:label1\" content=\"Estimeret l\u00e6setid\" \/>\n\t<meta name=\"twitter:data1\" content=\"6 minutter\" \/>\n<script type=\"application\/ld+json\" class=\"yoast-schema-graph\">{\"@context\":\"https:\\\/\\\/schema.org\",\"@graph\":[{\"@type\":\"WebPage\",\"@id\":\"https:\\\/\\\/strangercam.com\\\/anoncam\\\/\",\"url\":\"https:\\\/\\\/strangercam.com\\\/anoncam\\\/\",\"name\":\"AnonCam - Real Anon Random Video Chat on StrangerCam.com\",\"isPartOf\":{\"@id\":\"https:\\\/\\\/strangercam.com\\\/#website\"},\"datePublished\":\"2025-06-16T12:55:58+00:00\",\"dateModified\":\"2025-06-16T12:57:21+00:00\",\"description\":\"Like AnonCam? Come chat with more than 5.000.000 strangers on Stranger Cam for Free! Turn on your cam and find new friends & maby a match!\",\"breadcrumb\":{\"@id\":\"https:\\\/\\\/strangercam.com\\\/anoncam\\\/#breadcrumb\"},\"inLanguage\":\"da-DK\",\"potentialAction\":[{\"@type\":\"ReadAction\",\"target\":[\"https:\\\/\\\/strangercam.com\\\/anoncam\\\/\"]}]},{\"@type\":\"BreadcrumbList\",\"@id\":\"https:\\\/\\\/strangercam.com\\\/anoncam\\\/#breadcrumb\",\"itemListElement\":[{\"@type\":\"ListItem\",\"position\":1,\"name\":\"Home\",\"item\":\"https:\\\/\\\/strangercam.com\\\/\"},{\"@type\":\"ListItem\",\"position\":2,\"name\":\"AnonCam\"}]},{\"@type\":\"WebSite\",\"@id\":\"https:\\\/\\\/strangercam.com\\\/#website\",\"url\":\"https:\\\/\\\/strangercam.com\\\/\",\"name\":\"Strangercam\",\"description\":\"Random Video Chat with Strangers\",\"publisher\":{\"@id\":\"https:\\\/\\\/strangercam.com\\\/#organization\"},\"alternateName\":\"Strangercam.com\",\"potentialAction\":[{\"@type\":\"SearchAction\",\"target\":{\"@type\":\"EntryPoint\",\"urlTemplate\":\"https:\\\/\\\/strangercam.com\\\/?s={search_term_string}\"},\"query-input\":{\"@type\":\"PropertyValueSpecification\",\"valueRequired\":true,\"valueName\":\"search_term_string\"}}],\"inLanguage\":\"da-DK\"},{\"@type\":\"Organization\",\"@id\":\"https:\\\/\\\/strangercam.com\\\/#organization\",\"name\":\"Strangercam\",\"alternateName\":\"Strangercam.com\",\"url\":\"https:\\\/\\\/strangercam.com\\\/\",\"logo\":{\"@type\":\"ImageObject\",\"inLanguage\":\"da-DK\",\"@id\":\"https:\\\/\\\/strangercam.com\\\/#\\\/schema\\\/logo\\\/image\\\/\",\"url\":\"https:\\\/\\\/strangercam.com\\\/wp-content\\\/uploads\\\/2020\\\/11\\\/cropped-new-favicon-black.png\",\"contentUrl\":\"https:\\\/\\\/strangercam.com\\\/wp-content\\\/uploads\\\/2020\\\/11\\\/cropped-new-favicon-black.png\",\"width\":512,\"height\":512,\"caption\":\"Strangercam\"},\"image\":{\"@id\":\"https:\\\/\\\/strangercam.com\\\/#\\\/schema\\\/logo\\\/image\\\/\"},\"sameAs\":[\"https:\\\/\\\/www.facebook.com\\\/strangercam\",\"https:\\\/\\\/x.com\\\/strangercamapp\"]}]}<\/script>\n<!-- \/ Yoast SEO plugin. -->","yoast_head_json":{"title":"AnonCam - Real Anon Random Video Chat p\u00e5 StrangerCam.com","description":"Kan du lide AnonCam? Kom og chat med mere end 5.000.000 fremmede p\u00e5 Stranger Cam helt gratis! T\u00e6nd for dit kamera og find nye venner og m\u00e5ske et match!","robots":{"index":"index","follow":"follow","max-snippet":"max-snippet:-1","max-image-preview":"max-image-preview:large","max-video-preview":"max-video-preview:-1"},"canonical":"https:\/\/strangercam.com\/da\/anoncam\/","og_locale":"da_DK","og_type":"article","og_title":"AnonCam - Real Anon Random Video Chat on StrangerCam.com","og_description":"Like AnonCam? Come chat with more than 5.000.000 strangers on Stranger Cam for Free! Turn on your cam and find new friends & maby a match!","og_url":"https:\/\/strangercam.com\/da\/anoncam\/","og_site_name":"Strangercam","article_publisher":"https:\/\/www.facebook.com\/strangercam","article_modified_time":"2025-06-16T12:57:21+00:00","og_image":[{"width":800,"height":532,"url":"https:\/\/strangercam.com\/wp-content\/uploads\/2021\/10\/Untitled-2.png","type":"image\/png"}],"twitter_card":"summary_large_image","twitter_site":"@strangercamapp","twitter_misc":{"Estimeret l\u00e6setid":"6 minutter"},"schema":{"@context":"https:\/\/schema.org","@graph":[{"@type":"WebPage","@id":"https:\/\/strangercam.com\/anoncam\/","url":"https:\/\/strangercam.com\/anoncam\/","name":"AnonCam - Real Anon Random Video Chat p\u00e5 StrangerCam.com","isPartOf":{"@id":"https:\/\/strangercam.com\/#website"},"datePublished":"2025-06-16T12:55:58+00:00","dateModified":"2025-06-16T12:57:21+00:00","description":"Kan du lide AnonCam? Kom og chat med mere end 5.000.000 fremmede p\u00e5 Stranger Cam helt gratis! T\u00e6nd for dit kamera og find nye venner og m\u00e5ske et match!","breadcrumb":{"@id":"https:\/\/strangercam.com\/anoncam\/#breadcrumb"},"inLanguage":"da-DK","potentialAction":[{"@type":"ReadAction","target":["https:\/\/strangercam.com\/anoncam\/"]}]},{"@type":"BreadcrumbList","@id":"https:\/\/strangercam.com\/anoncam\/#breadcrumb","itemListElement":[{"@type":"ListItem","position":1,"name":"Home","item":"https:\/\/strangercam.com\/"},{"@type":"ListItem","position":2,"name":"AnonCam"}]},{"@type":"WebSite","@id":"https:\/\/strangercam.com\/#website","url":"https:\/\/strangercam.com\/","name":"Strangercam","description":"Tilf\u00e6ldig videochat med fremmede","publisher":{"@id":"https:\/\/strangercam.com\/#organization"},"alternateName":"Strangercam.com","potentialAction":[{"@type":"SearchAction","target":{"@type":"EntryPoint","urlTemplate":"https:\/\/strangercam.com\/?s={search_term_string}"},"query-input":{"@type":"PropertyValueSpecification","valueRequired":true,"valueName":"search_term_string"}}],"inLanguage":"da-DK"},{"@type":"Organization","@id":"https:\/\/strangercam.com\/#organization","name":"Strangercam","alternateName":"Strangercam.com","url":"https:\/\/strangercam.com\/","logo":{"@type":"ImageObject","inLanguage":"da-DK","@id":"https:\/\/strangercam.com\/#\/schema\/logo\/image\/","url":"https:\/\/strangercam.com\/wp-content\/uploads\/2020\/11\/cropped-new-favicon-black.png","contentUrl":"https:\/\/strangercam.com\/wp-content\/uploads\/2020\/11\/cropped-new-favicon-black.png","width":512,"height":512,"caption":"Strangercam"},"image":{"@id":"https:\/\/strangercam.com\/#\/schema\/logo\/image\/"},"sameAs":["https:\/\/www.facebook.com\/strangercam","https:\/\/x.com\/strangercamapp"]}]}},"_links":{"self":[{"href":"https:\/\/strangercam.com\/da\/wp-json\/wp\/v2\/pages\/12890","targetHints":{"allow":["GET"]}}],"collection":[{"href":"https:\/\/strangercam.com\/da\/wp-json\/wp\/v2\/pages"}],"about":[{"href":"https:\/\/strangercam.com\/da\/wp-json\/wp\/v2\/types\/page"}],"author":[{"embeddable":true,"href":"https:\/\/strangercam.com\/da\/wp-json\/wp\/v2\/users\/6"}],"replies":[{"embeddable":true,"href":"https:\/\/strangercam.com\/da\/wp-json\/wp\/v2\/comments?post=12890"}],"version-history":[{"count":1,"href":"https:\/\/strangercam.com\/da\/wp-json\/wp\/v2\/pages\/12890\/revisions"}],"predecessor-version":[{"id":12891,"href":"https:\/\/strangercam.com\/da\/wp-json\/wp\/v2\/pages\/12890\/revisions\/12891"}],"wp:attachment":[{"href":"https:\/\/strangercam.com\/da\/wp-json\/wp\/v2\/media?parent=12890"}],"curies":[{"name":"wp","href":"https:\/\/api.w.org\/{rel}","templated":true}]}}