{"id":12887,"date":"2025-06-16T14:52:18","date_gmt":"2025-06-16T12:52:18","guid":{"rendered":"https:\/\/strangercam.com\/?page_id=12887"},"modified":"2025-06-16T14:52:18","modified_gmt":"2025-06-16T12:52:18","slug":"humlet","status":"publish","type":"page","link":"https:\/\/strangercam.com\/da\/hoppy\/","title":{"rendered":"Hoppy"},"content":{"rendered":"<p>I en verden med swiping-tr\u00e6thed og endel\u00f8s scrolling gennem datingprofiler bringer Hoppy noget anderledes til bordet: video i realtid. <a href=\"https:\/\/strangercam.com\/da\/chathub\/\">chat<\/a> som det f\u00f8rste skridt til at m\u00f8de en ny person. Ved at blande det sjove ved tilf\u00e6ldige cam-to-cam-chats med intentionen om at date, placerer Hoppy sig et sted mellem en dating-app og en video-matchmaking-oplevelse.<\/p>\n<p>Hvis du er tr\u00e6t af sms-chats, der g\u00e5r i st\u00e5 inden den f\u00f8rste date - eller dating-apps, hvor folk sj\u00e6ldent svarer - tilbyder Hoppy en hurtig, interaktiv og menneskelig m\u00e5de at skabe \u00e6gte forbindelser p\u00e5.<\/p>\n<p>I denne anmeldelse unders\u00f8ger vi pr\u00e6cis, hvordan Hoppy fungerer, hvem det er bedst for, hvilke funktioner det indeholder, hvordan det klarer sig i forhold til andre platforme, og om det er v\u00e6rd at bruge tid p\u00e5 i 2025.<\/p>\n<h2>Hvad er Hoppy?<\/h2>\n<p>Hoppy er en videochat-datingplatform, hvor brugerne m\u00f8der andre via en-til-en, randomiserede videoopkald. I mods\u00e6tning til traditionelle datingapps, hvor man scroller gennem profiler og venter p\u00e5 et match, kaster Hoppy dig ud i en live interaktion fra starten. Du ser og taler med dit match i realtid og beslutter med det samme, om der er kemi - eller om du skal g\u00e5 videre.<\/p>\n<p>Ideen er enkel: korte videochats ansigt til ansigt, der fungerer som virtuelle \"f\u00f8rste dates\", s\u00e5 man kan springe de endel\u00f8se sms'er over og se, om der er en reel forbindelse fra starten.<\/p>\n<p>Det bliver ofte beskrevet som:<\/p>\n<ul>\n<li>En datingside med video f\u00f8rst<\/li>\n<li>En speed dating-platform til den digitale tidsalder<\/li>\n<li>En hybrid mellem <a href=\"https:\/\/strangercam.com\/da\/chatroulette\/\">Chatroulette<\/a> og Tinder<\/li>\n<\/ul>\n<h2>Hvad er form\u00e5let med Hoppy?<\/h2>\n<p>Hoppys mission er at hj\u00e6lpe folk med at opbygge \u00e6gte, romantiske forbindelser gennem live video. Platformen er designet til:<\/p>\n<ul>\n<li>Singler p\u00e5 udkig efter et mere autentisk f\u00f8rsteh\u00e5ndsindtryk<\/li>\n<li>Folk er tr\u00e6tte af ghosting og falske profiler<\/li>\n<li>Brugere, der foretr\u00e6kker visuel kemi og live-interaktioner frem for tekst<\/li>\n<\/ul>\n<p>Hvor de fleste datingapps er afh\u00e6ngige af kuraterede biografier og filtrerede fotos, springer Hoppy direkte til den \u00e6gte vare - to fremmede ansigt til ansigt via webcam, der beslutter, om de vil tale videre eller g\u00e5 videre.<\/p>\n<p>Platformen er afslappet nok til flirt og sjov, men struktureret nok til at tiltr\u00e6kke folk, der er oprigtigt interesserede i at date og ikke bare chatte form\u00e5lsl\u00f8st.<\/p>\n<h2>Vigtige funktioner<\/h2>\n<p>1. Tilf\u00e6ldig en-til-en-videomatchning<br \/>\nHoppys hovedfunktion er live, en-til-en videochats med tilf\u00e6ldigt matchede brugere. Hver samtale er tidsbestemt og varer normalt et minut eller to, hvorefter begge brugere kan v\u00e6lge at forts\u00e6tte forbindelsen eller g\u00e5 videre.<\/p>\n<p>2. Dobbelt Opt-In Match System<br \/>\nEfter en videochat kan begge brugere \"synes godt om\" interaktionen. Hvis begge personer \u00f8nsker at tale sammen igen, oprettes et match, og man kan forts\u00e6tte med at chatte via tekst eller video i appen.<\/p>\n<p>3. Match k\u00f8 og genopretter forbindelse<br \/>\nHoppy indeholder en matchhistorik og en liste over de seneste chats, s\u00e5 du kan gense samtaler eller genoptage forbindelsen med en person, du n\u00f8d at tale med.<\/p>\n<p>4. Filtre for k\u00f8n og interesser <em>(Premium-funktion)<\/em><br \/>\nGrundoplevelsen er tilf\u00e6ldig, men Hoppy tilbyder filtre, s\u00e5 du kan matche med personer af et bestemt k\u00f8n eller fra en bestemt region. Det er med til at \u00f8ge chancen for at finde et match, der stemmer overens med dine pr\u00e6ferencer.<\/p>\n<p>5. Tilpasning af profil<br \/>\nHver bruger kan opbygge en lysprofil med:<\/p>\n<ul>\n<li>Profilbillede<\/li>\n<li>Grundl\u00e6ggende biografi<\/li>\n<li>Beliggenhed<\/li>\n<li>K\u00f8n og datingpr\u00e6ferencer<\/li>\n<\/ul>\n<p>Disse profiler afsl\u00f8res dog f\u00f8rst efter et match, hvilket holder den indledende videochat anonym og fokuseret p\u00e5 naturlig kemi.<\/p>\n<p>6. Anti-ghosting-v\u00e6rkt\u00f8jer<br \/>\nHoppy bruger samtale-nudges og match-prompts til at opfordre til opf\u00f8lgende chats, hvilket minimerer den \"sp\u00f8gelsesby\"-effekt, der plager mange dating-apps.<\/p>\n<p>7. Standarder for et sikkert samfund<br \/>\nBrugere kan rapportere upassende adf\u00e6rd i realtid. Gentagne overtr\u00e6delser resulterer i forbud eller begr\u00e6nset adgang, og der er et moderationsteam p\u00e5 plads til at gennemg\u00e5 rapporter.<\/p>\n<h2>Er Hoppy gratis?<\/h2>\n<p>Hoppy er gratis at pr\u00f8ve, og alle v\u00e6sentlige videochatfunktioner er tilg\u00e6ngelige uden omkostninger. Det fungerer dog p\u00e5 en freemium-model, der l\u00e5ser op for premium-funktioner mod et m\u00e5nedligt gebyr.<\/p>\n<h3>Gratis brugere kan:<\/h3>\n<ul>\n<li>G\u00e5 ind i ubegr\u00e6nsede videochats<\/li>\n<li>Match og chat med alle, der gensidigt kan lide dem<\/li>\n<li>Opret en grundl\u00e6ggende profil<\/li>\n<li>Genoptag forbindelsen med de seneste kampe<\/li>\n<\/ul>\n<h3>Premium-brugere f\u00e5r:<\/h3>\n<ul>\n<li>Filtre for k\u00f8n og region<\/li>\n<li>Adgang til flere profiloplysninger f\u00f8r matchning<\/li>\n<li>Ubegr\u00e6nset re-matching og forl\u00e6nget chattid<\/li>\n<li>\u00d8get synlighed og matchning af prioriteter<\/li>\n<\/ul>\n<p>Priserne varierer fra region til region, men typiske premium-abonnementer varierer fra $9,99 til $19,99\/m\u00e5ned afh\u00e6ngigt af abonnementets l\u00e6ngde.<\/p>\n<h2>Hvem er Hoppy til?<\/h2>\n<p>Hoppy er designet specielt til singler i alderen 18-35 \u00e5r, men \u00e6ldre brugere er ogs\u00e5 velkomne. Det appellerer mest til:<\/p>\n<ul>\n<li>Folk, der er seri\u00f8se omkring dating, men som er frustrerede over typiske apps<\/li>\n<li>Brugere, der foretr\u00e6kker videokommunikation frem for sms<\/li>\n<li>Dem, der \u00f8nsker at m\u00f8de potentielle partnere ansigt til ansigt, med det samme<\/li>\n<li>Alle, der \u00f8nsker en mere menneskelig, mindre scriptet interaktion online<\/li>\n<\/ul>\n<h3>F\u00e6lles demografi:<\/h3>\n<ul>\n<li>Lige k\u00f8nsfordeling (mere afbalanceret end mange andre) <a href=\"https:\/\/strangercam.com\/da\/bazoocam\/\">cam<\/a> chat-platforme)<\/li>\n<li>Brugere fra Nordamerika, Europa, Syd\u00f8stasien og Sydamerika<\/li>\n<li>Personer, der leder efter k\u00e6rlighed, afslappet dating eller flirtende samtaler<\/li>\n<\/ul>\n<p>I mods\u00e6tning til rene tilf\u00e6ldige chatplatforme som <a href=\"https:\/\/strangercam.com\/da\/omegle\/\">Omegle<\/a>, Hoppy filtrerer for hensigt - de fleste brugere er der for at date eller i det mindste flirte, ikke bare tilf\u00e6ldig snak eller trolling.<\/p>\n<h2>Sikkerhed, privatliv og moderation<\/h2>\n<p>Hoppy tager sikkerhed alvorligt og afbalancerer anonymitet med ansvarlighed.<\/p>\n<p>Privatlivsfunktioner:<\/p>\n<ul>\n<li>Chats er krypterede og optages ikke<\/li>\n<li>Ingen ekstern deling af kampe eller data<\/li>\n<li>Din profil er kun synlig efter et gensidigt match<\/li>\n<\/ul>\n<p>Moderationsv\u00e6rkt\u00f8jer:<\/p>\n<ul>\n<li>Rapportering i realtid<\/li>\n<li>Registrering af uhensigtsm\u00e6ssig adf\u00e6rd via AI og menneskelig gennemgang<\/li>\n<li>Forbud mod brugere, der overtr\u00e6der f\u00e6llesskabets standarder<\/li>\n<\/ul>\n<p>Brugerkontrol:<\/p>\n<ul>\n<li>Spring over eller afslut en chat n\u00e5r som helst<\/li>\n<li>Bloker brugere fra re-matching<\/li>\n<li>Styr, hvem der ser din profil<\/li>\n<\/ul>\n<p>Som altid b\u00f8r brugerne aldrig dele personlige oplysninger, heller ikke i videochat, f\u00f8r der er etableret tillid.<\/p>\n<h2>Brugeroplevelse og design<\/h2>\n<p>Hoppys design er slankt, moderne og optimeret til brug p\u00e5 mobilen, selvom desktop-brugere ogs\u00e5 underst\u00f8ttes. N\u00f8gleelementerne omfatter:<\/p>\n<ul>\n<li>Et stort live-videovindue under chats<\/li>\n<li>Minimale distraktioner eller overlejringer<\/li>\n<li>Ryd knapper til match\/spring over\/rapport<\/li>\n<li>Hurtige overgange mellem brugere<\/li>\n<\/ul>\n<p>Det tidsbestemte chatformat holder tingene sp\u00e6ndende og uden pres. Hver samtale er kort, men meningsfuld, og du sidder aldrig fast i en session, som du ikke kan lide.<\/p>\n<h2>Hoppy vs. andre videochat-datingplatforme<\/h2>\n<p>Hvordan er Hoppy i forhold til lignende apps inden for cam-dating?<\/p>\n<table>\n<thead>\n<tr>\n<th>Funktion<\/th>\n<th>Hoppy<\/th>\n<th>Abe<\/th>\n<th>Camgo<\/th>\n<th><a href=\"https:\/\/strangercam.com\/da\/coomeet\/\">CooMeet<\/a><\/th>\n<th>Azar<\/th>\n<\/tr>\n<\/thead>\n<tbody>\n<tr>\n<td>1-til-1 videochat<\/td>\n<td>Ja<\/td>\n<td>Ja<\/td>\n<td>Ja<\/td>\n<td>Ja<\/td>\n<td>Ja<\/td>\n<\/tr>\n<tr>\n<td>Fokus p\u00e5 dating<\/td>\n<td>St\u00e6rk<\/td>\n<td>Svag<\/td>\n<td>Moderat<\/td>\n<td>St\u00e6rk<\/td>\n<td>Svag<\/td>\n<\/tr>\n<tr>\n<td>Gratis at bruge<\/td>\n<td>Ja<\/td>\n<td>Ja<\/td>\n<td>Ja<\/td>\n<td>Begr\u00e6nset<\/td>\n<td>Ja<\/td>\n<\/tr>\n<tr>\n<td>K\u00f8nsfiltre<\/td>\n<td>Betalt<\/td>\n<td>Nej<\/td>\n<td>Betalt<\/td>\n<td>Betalt<\/td>\n<td>Betalt<\/td>\n<\/tr>\n<tr>\n<td>Tilmelding p\u00e5kr\u00e6vet<\/td>\n<td>Ja<\/td>\n<td>Valgfrit<\/td>\n<td>Nej<\/td>\n<td>Ja<\/td>\n<td>Ja<\/td>\n<\/tr>\n<tr>\n<td>Matchning i realtid<\/td>\n<td>Ja<\/td>\n<td>Ja<\/td>\n<td>Ja<\/td>\n<td>Ja<\/td>\n<td>Ja<\/td>\n<\/tr>\n<tr>\n<td>Sikkerhed i samfundet<\/td>\n<td>Moderat<\/td>\n<td>Svag<\/td>\n<td>Moderat<\/td>\n<td>St\u00e6rk<\/td>\n<td>Moderat<\/td>\n<\/tr>\n<\/tbody>\n<\/table>\n<p>Resum\u00e9: Hoppy tilbyder en st\u00e6rkere dating-first-tilgang sammenlignet med de fleste tilf\u00e6ldige videoapps, uden at g\u00e5 helt paywall som CooMeet. Den holder tingene spontane, men meningsfulde, hvilket er ideelt for brugere, der leder efter rigtige forbindelser via video.<\/p>\n<h2>Fordele og ulemper<\/h2>\n<p>Fordele:<\/p>\n<ul>\n<li>\u00d8jeblikkelig interaktion ansigt til ansigt<\/li>\n<li>St\u00e6rkt fokus p\u00e5 dating, ikke bare afslappet chat<\/li>\n<li>Gratis at bruge med gener\u00f8s adgang<\/li>\n<li>Mobiloptimeret oplevelse<\/li>\n<li>H\u00f8j matchkvalitet gennem dobbelt opt-in<\/li>\n<li>Filtre og sikkerhedsv\u00e6rkt\u00f8jer til r\u00e5dighed<\/li>\n<\/ul>\n<p>Ulemper:<\/p>\n<ul>\n<li>Premium-funktioner kan blive dyre<\/li>\n<li>Nogle brugere kan stadig misbruge systemet<\/li>\n<li>Begr\u00e6nset brugerbase i visse tidszoner<\/li>\n<li>Du skal v\u00e6re kameraklar for at deltage<\/li>\n<\/ul>\n<h2>Ideelle brugsscenarier<\/h2>\n<p>Hoppy er ideel til:<\/p>\n<ul>\n<li>Dating-app-brugere, der vil springe endel\u00f8se sms'er over<\/li>\n<li>Singler, der foretr\u00e6kker kemi frem for fotos<\/li>\n<li>Ekstroverte, der trives i live-samtaler<\/li>\n<li>Folk er nysgerrige p\u00e5 moderne speeddating via video<\/li>\n<\/ul>\n<p>Ikke ideel til:<\/p>\n<ul>\n<li>Brugere, der ikke kan lide at blive filmet<\/li>\n<li>Personer under 18 \u00e5r (kun for voksne)<\/li>\n<li>Dem, der er p\u00e5 udkig efter matchmaking i et langsomt tempo eller traditionelle datingprofiler<\/li>\n<\/ul>\n<p>Hoppy bringer et forfriskende twist til onlinedatingscenen ved at s\u00e6tte live, ansigt-til-ansigt interaktion i centrum. I stedet for at swipe i en uendelighed eller sende sms'er i dagevis f\u00e5r brugerne et \u00e6gte f\u00f8rsteh\u00e5ndsindtryk med det samme - og beslutter p\u00e5 f\u00e5 sekunder, om der er potentiale.<\/p>\n<p>Det er hurtigt, sjovt og overraskende autentisk. Uanset om du er p\u00e5 udkig efter en afslappet flirt, seri\u00f8s dating eller bare vil m\u00f8de en interessant person i aften, tilbyder Hoppy en elegant og tilg\u00e6ngelig m\u00e5de at f\u00e5 det til at ske p\u00e5 - ingen downloads eller akavede biografier er p\u00e5kr\u00e6vet.<\/p>\n<p>Hvis du er klar til at droppe datingapp-tr\u00e6theden og m\u00f8de rigtige mennesker i realtid, er Hoppy absolut et fors\u00f8g v\u00e6rd.<\/p>","protected":false},"excerpt":{"rendered":"<p>In a world of swiping fatigue and endless scrolling through dating profiles, Hoppy brings something different to the table: real-time video chat as the first step to meeting someone new. By blending the fun of random cam-to-cam chats with the intention of dating, Hoppy positions itself somewhere between a dating app and a video matchmaking [&hellip;]<\/p>\n","protected":false},"author":6,"featured_media":0,"parent":0,"menu_order":0,"comment_status":"closed","ping_status":"closed","template":"","meta":{"footnotes":""},"class_list":["post-12887","page","type-page","status-publish","hentry"],"yoast_head":"<!-- This site is optimized with the Yoast SEO plugin v27.4 - https:\/\/yoast.com\/product\/yoast-seo-wordpress\/ -->\n<title>Hoppy - It Takes One Video To Match on StrangerCam.com<\/title>\n<meta name=\"description\" content=\"Like Hoppy? Come chat with more than 5.000.000 strangers on Stranger Cam for Free! Turn on your cam and find new friends &amp; maby a match!\" \/>\n<meta name=\"robots\" content=\"index, follow, max-snippet:-1, max-image-preview:large, max-video-preview:-1\" \/>\n<link rel=\"canonical\" href=\"https:\/\/strangercam.com\/da\/humlet\/\" \/>\n<meta property=\"og:locale\" content=\"da_DK\" \/>\n<meta property=\"og:type\" content=\"article\" \/>\n<meta property=\"og:title\" content=\"Hoppy - It Takes One Video To Match on StrangerCam.com\" \/>\n<meta property=\"og:description\" content=\"Like Hoppy? Come chat with more than 5.000.000 strangers on Stranger Cam for Free! Turn on your cam and find new friends &amp; maby a match!\" \/>\n<meta property=\"og:url\" content=\"https:\/\/strangercam.com\/da\/humlet\/\" \/>\n<meta property=\"og:site_name\" content=\"Strangercam\" \/>\n<meta property=\"article:publisher\" content=\"https:\/\/www.facebook.com\/strangercam\" \/>\n<meta property=\"og:image\" content=\"https:\/\/strangercam.com\/wp-content\/uploads\/2021\/10\/Untitled-2.png\" \/>\n\t<meta property=\"og:image:width\" content=\"800\" \/>\n\t<meta property=\"og:image:height\" content=\"532\" \/>\n\t<meta property=\"og:image:type\" content=\"image\/png\" \/>\n<meta name=\"twitter:card\" content=\"summary_large_image\" \/>\n<meta name=\"twitter:site\" content=\"@strangercamapp\" \/>\n<meta name=\"twitter:label1\" content=\"Estimeret l\u00e6setid\" \/>\n\t<meta name=\"twitter:data1\" content=\"6 minutter\" \/>\n<script type=\"application\/ld+json\" class=\"yoast-schema-graph\">{\"@context\":\"https:\\\/\\\/schema.org\",\"@graph\":[{\"@type\":\"WebPage\",\"@id\":\"https:\\\/\\\/strangercam.com\\\/hoppy\\\/\",\"url\":\"https:\\\/\\\/strangercam.com\\\/hoppy\\\/\",\"name\":\"Hoppy - It Takes One Video To Match on StrangerCam.com\",\"isPartOf\":{\"@id\":\"https:\\\/\\\/strangercam.com\\\/#website\"},\"datePublished\":\"2025-06-16T12:52:18+00:00\",\"description\":\"Like Hoppy? Come chat with more than 5.000.000 strangers on Stranger Cam for Free! Turn on your cam and find new friends & maby a match!\",\"breadcrumb\":{\"@id\":\"https:\\\/\\\/strangercam.com\\\/hoppy\\\/#breadcrumb\"},\"inLanguage\":\"da-DK\",\"potentialAction\":[{\"@type\":\"ReadAction\",\"target\":[\"https:\\\/\\\/strangercam.com\\\/hoppy\\\/\"]}]},{\"@type\":\"BreadcrumbList\",\"@id\":\"https:\\\/\\\/strangercam.com\\\/hoppy\\\/#breadcrumb\",\"itemListElement\":[{\"@type\":\"ListItem\",\"position\":1,\"name\":\"Home\",\"item\":\"https:\\\/\\\/strangercam.com\\\/\"},{\"@type\":\"ListItem\",\"position\":2,\"name\":\"Hoppy\"}]},{\"@type\":\"WebSite\",\"@id\":\"https:\\\/\\\/strangercam.com\\\/#website\",\"url\":\"https:\\\/\\\/strangercam.com\\\/\",\"name\":\"Strangercam\",\"description\":\"Random Video Chat with Strangers\",\"publisher\":{\"@id\":\"https:\\\/\\\/strangercam.com\\\/#organization\"},\"alternateName\":\"Strangercam.com\",\"potentialAction\":[{\"@type\":\"SearchAction\",\"target\":{\"@type\":\"EntryPoint\",\"urlTemplate\":\"https:\\\/\\\/strangercam.com\\\/?s={search_term_string}\"},\"query-input\":{\"@type\":\"PropertyValueSpecification\",\"valueRequired\":true,\"valueName\":\"search_term_string\"}}],\"inLanguage\":\"da-DK\"},{\"@type\":\"Organization\",\"@id\":\"https:\\\/\\\/strangercam.com\\\/#organization\",\"name\":\"Strangercam\",\"alternateName\":\"Strangercam.com\",\"url\":\"https:\\\/\\\/strangercam.com\\\/\",\"logo\":{\"@type\":\"ImageObject\",\"inLanguage\":\"da-DK\",\"@id\":\"https:\\\/\\\/strangercam.com\\\/#\\\/schema\\\/logo\\\/image\\\/\",\"url\":\"https:\\\/\\\/strangercam.com\\\/wp-content\\\/uploads\\\/2020\\\/11\\\/cropped-new-favicon-black.png\",\"contentUrl\":\"https:\\\/\\\/strangercam.com\\\/wp-content\\\/uploads\\\/2020\\\/11\\\/cropped-new-favicon-black.png\",\"width\":512,\"height\":512,\"caption\":\"Strangercam\"},\"image\":{\"@id\":\"https:\\\/\\\/strangercam.com\\\/#\\\/schema\\\/logo\\\/image\\\/\"},\"sameAs\":[\"https:\\\/\\\/www.facebook.com\\\/strangercam\",\"https:\\\/\\\/x.com\\\/strangercamapp\"]}]}<\/script>\n<!-- \/ Yoast SEO plugin. -->","yoast_head_json":{"title":"Hoppy - Det kr\u00e6ver en video at matche p\u00e5 StrangerCam.com","description":"Kan du lide Hoppy? Kom og chat med mere end 5.000.000 fremmede p\u00e5 Stranger Cam helt gratis! T\u00e6nd for dit kamera og find nye venner og m\u00e5ske et match!","robots":{"index":"index","follow":"follow","max-snippet":"max-snippet:-1","max-image-preview":"max-image-preview:large","max-video-preview":"max-video-preview:-1"},"canonical":"https:\/\/strangercam.com\/da\/humlet\/","og_locale":"da_DK","og_type":"article","og_title":"Hoppy - It Takes One Video To Match on StrangerCam.com","og_description":"Like Hoppy? Come chat with more than 5.000.000 strangers on Stranger Cam for Free! Turn on your cam and find new friends & maby a match!","og_url":"https:\/\/strangercam.com\/da\/humlet\/","og_site_name":"Strangercam","article_publisher":"https:\/\/www.facebook.com\/strangercam","og_image":[{"width":800,"height":532,"url":"https:\/\/strangercam.com\/wp-content\/uploads\/2021\/10\/Untitled-2.png","type":"image\/png"}],"twitter_card":"summary_large_image","twitter_site":"@strangercamapp","twitter_misc":{"Estimeret l\u00e6setid":"6 minutter"},"schema":{"@context":"https:\/\/schema.org","@graph":[{"@type":"WebPage","@id":"https:\/\/strangercam.com\/hoppy\/","url":"https:\/\/strangercam.com\/hoppy\/","name":"Hoppy - Det kr\u00e6ver en video at matche p\u00e5 StrangerCam.com","isPartOf":{"@id":"https:\/\/strangercam.com\/#website"},"datePublished":"2025-06-16T12:52:18+00:00","description":"Kan du lide Hoppy? Kom og chat med mere end 5.000.000 fremmede p\u00e5 Stranger Cam helt gratis! T\u00e6nd for dit kamera og find nye venner og m\u00e5ske et match!","breadcrumb":{"@id":"https:\/\/strangercam.com\/hoppy\/#breadcrumb"},"inLanguage":"da-DK","potentialAction":[{"@type":"ReadAction","target":["https:\/\/strangercam.com\/hoppy\/"]}]},{"@type":"BreadcrumbList","@id":"https:\/\/strangercam.com\/hoppy\/#breadcrumb","itemListElement":[{"@type":"ListItem","position":1,"name":"Home","item":"https:\/\/strangercam.com\/"},{"@type":"ListItem","position":2,"name":"Hoppy"}]},{"@type":"WebSite","@id":"https:\/\/strangercam.com\/#website","url":"https:\/\/strangercam.com\/","name":"Strangercam","description":"Tilf\u00e6ldig videochat med fremmede","publisher":{"@id":"https:\/\/strangercam.com\/#organization"},"alternateName":"Strangercam.com","potentialAction":[{"@type":"SearchAction","target":{"@type":"EntryPoint","urlTemplate":"https:\/\/strangercam.com\/?s={search_term_string}"},"query-input":{"@type":"PropertyValueSpecification","valueRequired":true,"valueName":"search_term_string"}}],"inLanguage":"da-DK"},{"@type":"Organization","@id":"https:\/\/strangercam.com\/#organization","name":"Strangercam","alternateName":"Strangercam.com","url":"https:\/\/strangercam.com\/","logo":{"@type":"ImageObject","inLanguage":"da-DK","@id":"https:\/\/strangercam.com\/#\/schema\/logo\/image\/","url":"https:\/\/strangercam.com\/wp-content\/uploads\/2020\/11\/cropped-new-favicon-black.png","contentUrl":"https:\/\/strangercam.com\/wp-content\/uploads\/2020\/11\/cropped-new-favicon-black.png","width":512,"height":512,"caption":"Strangercam"},"image":{"@id":"https:\/\/strangercam.com\/#\/schema\/logo\/image\/"},"sameAs":["https:\/\/www.facebook.com\/strangercam","https:\/\/x.com\/strangercamapp"]}]}},"_links":{"self":[{"href":"https:\/\/strangercam.com\/da\/wp-json\/wp\/v2\/pages\/12887","targetHints":{"allow":["GET"]}}],"collection":[{"href":"https:\/\/strangercam.com\/da\/wp-json\/wp\/v2\/pages"}],"about":[{"href":"https:\/\/strangercam.com\/da\/wp-json\/wp\/v2\/types\/page"}],"author":[{"embeddable":true,"href":"https:\/\/strangercam.com\/da\/wp-json\/wp\/v2\/users\/6"}],"replies":[{"embeddable":true,"href":"https:\/\/strangercam.com\/da\/wp-json\/wp\/v2\/comments?post=12887"}],"version-history":[{"count":2,"href":"https:\/\/strangercam.com\/da\/wp-json\/wp\/v2\/pages\/12887\/revisions"}],"predecessor-version":[{"id":12889,"href":"https:\/\/strangercam.com\/da\/wp-json\/wp\/v2\/pages\/12887\/revisions\/12889"}],"wp:attachment":[{"href":"https:\/\/strangercam.com\/da\/wp-json\/wp\/v2\/media?parent=12887"}],"curies":[{"name":"wp","href":"https:\/\/api.w.org\/{rel}","templated":true}]}}