{"id":12883,"date":"2025-06-16T14:46:37","date_gmt":"2025-06-16T12:46:37","guid":{"rendered":"https:\/\/strangercam.com\/?page_id=12883"},"modified":"2025-06-16T14:46:37","modified_gmt":"2025-06-16T12:46:37","slug":"aveola","status":"publish","type":"page","link":"https:\/\/strangercam.com\/da\/aveola\/","title":{"rendered":"Aveola"},"content":{"rendered":"<p>Den tilf\u00e6ldige video <a href=\"https:\/\/strangercam.com\/da\/chatroulette\/\">chat<\/a> er mere konkurrencepr\u00e6get end nogensinde. Med platforme som <a href=\"https:\/\/strangercam.com\/da\/ometv\/\">OmeTV<\/a>, Monkey og Hay Fun s\u00e6tter tempoet, men nyere konkurrenter kommer til med slanke gr\u00e6nseflader og bedre mobilintegration. En af dem er Aveola - en voksende videochatplatform, der er designet til hurtige, anonyme en-til-en-interaktioner med fremmede over hele verden.<\/p>\n<p>Uanset om du \u00f8nsker at flirte, f\u00e5 internationale venner eller bare f\u00e5 tiden til at g\u00e5 med at m\u00f8de nye mennesker, lover Aveola en mobil-f\u00f8rste oplevelse uden komplikationer med registrering, sociale profiler eller oprettelse af indhold.<\/p>\n<p>I denne anmeldelse dykker vi ned i Aveola - hvad det er, hvordan det fungerer, hvem det er til, og hvordan det er i forhold til de bedste apps i 2025.<\/p>\n<h2>Hvad er Aveola?<\/h2>\n<p>Aveola er en gratis en-til-en videochatplatform, der forbinder brugere med det samme via webcam og mikrofon. Den er tilg\u00e6ngelig via browser og mobil (med stor v\u00e6gt p\u00e5 mobiloptimering) og tilbyder hurtige, anonyme videochats uden konti eller downloads.<\/p>\n<p>Ligesom konkurrenterne OmeTV og Monkey leverer Aveola:<\/p>\n<ul>\n<li>Samtaler i realtid, ansigt til ansigt<\/li>\n<li>Global r\u00e6kkevidde med internationale brugere<\/li>\n<li>Hurtig overspringning og matchning<\/li>\n<li>En afslappet og spontan m\u00e5de at <a href=\"https:\/\/strangercam.com\/da\/coomeet\/\">m\u00f8des<\/a> nye mennesker<\/li>\n<\/ul>\n<p>Det, der skiller den ud, er dens rene brugergr\u00e6nseflade, solide moderationsv\u00e6rkt\u00f8jer og en brugeroplevelse, der f\u00f8les specialbygget til smartphones - selvom den ogs\u00e5 k\u00f8rer godt p\u00e5 computeren.<\/p>\n<h2>Hvad er form\u00e5let med Aveola?<\/h2>\n<p>Aveola blev designet til at bringe folk sammen gennem hurtige, spontane videochats uden pres for at oprette profiler, poste indhold eller opbygge en f\u00f8lgerskare. Platformen befinder sig et sted midt imellem:<\/p>\n<ul>\n<li>Anonymiteten i <a href=\"https:\/\/strangercam.com\/da\/omegle\/\">Omegle<\/a><\/li>\n<li>Den polerede brugergr\u00e6nseflade p\u00e5 OmeTV<\/li>\n<li>Den hurtige, Gen Z-agtige appel fra Monkey<\/li>\n<\/ul>\n<p>M\u00e5let er at g\u00f8re det s\u00e5 enkelt og hurtigt som muligt at m\u00f8de nye mennesker uden at skulle bruge personlige oplysninger eller konti p\u00e5 sociale medier.<\/p>\n<p>Perfekt til:<\/p>\n<ul>\n<li>Chatter med fremmede fra hele verden<\/li>\n<li>Afslappede, venlige eller flirtende en-til-en-samtaler<\/li>\n<li>Sl\u00e5 tiden ihjel eller undslippe kedsomhed med menneskelig interaktion i realtid<\/li>\n<li>At \u00f8ve et sprog eller udforske forskellige kulturer<\/li>\n<\/ul>\n<h2>Vigtige funktioner<\/h2>\n<p>1. En-til-en videochat<br \/>\nAveolas hovedfunktion er direkte, privat videochat med tilf\u00e6ldige brugere. Du trykker p\u00e5 \"Start\", og inden for f\u00e5 sekunder st\u00e5r du ansigt til ansigt med en ny person. Videokvaliteten er generelt h\u00f8j med lav latenstid og skarp lyd p\u00e5 stabile forbindelser.<\/p>\n<p>2. Hurtig overspringning (n\u00e6ste knap)<br \/>\nSom de fleste apps p\u00e5 dette omr\u00e5de kan du \u00f8jeblikkeligt springe til den n\u00e6ste bruger, hvis det aktuelle match ikke fungerer. Det er problemfrit med hurtige genforbindelser og minimal ventetid.<\/p>\n<p>3. Mulighed for tekstchat<br \/>\nAveola underst\u00f8tter in-chat-tekstning, s\u00e5 du kan sende beskeder under din videosamtale. Det er nyttigt til at bryde isen eller kommunikere, n\u00e5r der er sprogbarrierer.<\/p>\n<p>4. Mobil-optimeret oplevelse<br \/>\nUanset om du bruger Android eller iOS, er Aveola designet til mobile browsere. Selv om der ikke er nogen selvst\u00e6ndig app i \u00f8jeblikket, er mobilversionen responsiv, glat og touch-optimeret. Den k\u00f8rer godt i Chrome, Safari og andre moderne mobilbrowsere.<\/p>\n<p>5. Ingen registrering p\u00e5kr\u00e6vet<br \/>\nEt af Aveolas st\u00f8rste tr\u00e6kplastre er, at det er helt anonymt. Du beh\u00f8ver ikke at tilmelde dig, angive en e-mail eller oprette en social konto. Alt sker i browseren med midlertidige, sessionsbaserede chats.<\/p>\n<p>6. Moderationsv\u00e6rkt\u00f8jer i realtid<br \/>\nAveola inkluderer:<\/p>\n<ul>\n<li>En \"Rapporter\"-knap til at markere kr\u00e6nkende eller upassende adf\u00e6rd<\/li>\n<li>Grundl\u00e6ggende AI-moderationsv\u00e6rkt\u00f8jer, der overv\u00e5ger for n\u00f8genhed eller st\u00f8dende indhold<\/li>\n<li>Hurtig udelukkelse af gengangere<\/li>\n<\/ul>\n<p>Selvom den ikke har et fuldt tillids- og omd\u00f8mmesystem som Emerald Chat, er Aveolas moderation bedre end mange nyere platforme.<\/p>\n<p>7. Filter for k\u00f8n og land (Premium-funktion)<br \/>\nAveola inkluderer valgfri filtrering efter k\u00f8n og region, men denne funktion kan v\u00e6re l\u00e5st bag en freemium-model (for at reducere spam og bot-misbrug). Gratis brugere f\u00e5r tilf\u00e6ldige matches, mens betalende brugere kan finjustere, hvem de kommer i kontakt med.<\/p>\n<h2>Er Aveola gratis?<\/h2>\n<p>Ja, Aveola er gratis at bruge, og der kr\u00e6ves ingen registrering for at f\u00e5 adgang til kernefunktioner som videochat, tekstchat og hurtig matchning. Men som de fleste konkurrenter opererer den med en freemium-model, hvilket betyder, at nogle funktioner er l\u00e5st bag betalingsmuligheder.<\/p>\n<p>Gratis brugere kan:<\/p>\n<ul>\n<li>Chat med det samme med fremmede via video eller tekst<\/li>\n<li>Spring brugere over uden begr\u00e6nsning<\/li>\n<li>Brug mobil- og desktopversionerne uden at downloade noget<\/li>\n<\/ul>\n<p>Premium-funktioner (med forbehold for \u00e6ndringer) kan omfatte:<\/p>\n<ul>\n<li>K\u00f8nsfilter<\/li>\n<li>Landefilter<\/li>\n<li>Annoncefri oplevelse<\/li>\n<li>Prioriteret matchning<\/li>\n<\/ul>\n<p>Premium-adgang er tilg\u00e6ngelig via k\u00f8bssystemer i browseren og er helt valgfri.<\/p>\n<h2>Hvem bruger Aveola?<\/h2>\n<p>Aveola appellerer til et globalt, mobilkyndigt publikum. Baseret p\u00e5 brugstendenser:<\/p>\n<ul>\n<li>Aldersgruppe: Prim\u00e6rt 18-30 \u00e5r<\/li>\n<li>Fordeling af k\u00f8n: Flertallet er m\u00e6nd, men kvinderne er aktive og meget eftertragtede.<\/li>\n<li>Popul\u00e6re regioner: USA, Indien, Brasilien, Filippinerne, Storbritannien, Tyskland<\/li>\n<li>Brugerens hensigt: Afslappet samtale, flirt, kulturel udveksling, afhj\u00e6lpning af kedsomhed<\/li>\n<\/ul>\n<p>I mods\u00e6tning til TikTok eller Bigo Live er Aveola ikke designet til performance eller livestream-indhold. I stedet er den fokuseret p\u00e5 en-til-en-interaktion i realtid. Dens minimale ops\u00e6tning g\u00f8r den s\u00e6rligt tiltalende for:<\/p>\n<ul>\n<li>Gen Z-brugere<\/li>\n<li>Rejsende eller udstationerede<\/li>\n<li>Studerende<\/li>\n<li>Folk, der \u00f8nsker at m\u00f8de andre med det samme uden at forlade deres sofa<\/li>\n<\/ul>\n<h2>Sikkerhed, privatliv og moderation<\/h2>\n<p>Sikkerhed er en afg\u00f8rende faktor i tilf\u00e6ldig videochat, og Aveola klarer sig relativt godt i denne henseende.<\/p>\n<h3>Privatlivets fred<\/h3>\n<ul>\n<li>Ingen tilmelding, ingen personlige oplysninger<\/li>\n<li>Chatsessioner bliver ikke optaget<\/li>\n<li>Mikrofon og <a href=\"https:\/\/strangercam.com\/da\/bazoocam\/\">cam<\/a> tilladelser er sessionsbaserede<\/li>\n<\/ul>\n<h3>Moderation<\/h3>\n<ul>\n<li>Flagning og rapportering i realtid<\/li>\n<li>Grundl\u00e6ggende AI-billedgenkendelse for at reducere n\u00f8genhed og st\u00f8dende indhold<\/li>\n<li>V\u00e6rkt\u00f8jer til hurtig udelukkelse og blokering af brugere<\/li>\n<\/ul>\n<h3>Begr\u00e6nsninger<\/h3>\n<ul>\n<li>Som med enhver anonym cam-platform kan du stadig st\u00f8de p\u00e5:\n<ul>\n<li>Upassende opf\u00f8rsel<\/li>\n<li>Brugere, der leder efter eksplicit indhold<\/li>\n<li>Bots eller svindlere i perioder med lav trafik<\/li>\n<\/ul>\n<\/li>\n<\/ul>\n<p>For at v\u00e6re sikker:<\/p>\n<ul>\n<li>Del ikke dit rigtige navn, telefonnummer eller sociale profiler<\/li>\n<li>Brug rapportfunktionen, n\u00e5r det er n\u00f8dvendigt<\/li>\n<li>Afslut enhver session, der f\u00f8les ubehagelig<\/li>\n<\/ul>\n<h2>Brugeroplevelse og design<\/h2>\n<p>Aveolas gr\u00e6nseflade er ren, moderne og mobil-f\u00f8rst. Den indl\u00e6ses hurtigt, kontrollerne er intuitive, og du kommer ind i en chat med et minimum af klik.<\/p>\n<p>Vigtige UX-h\u00f8jdepunkter:<\/p>\n<ul>\n<li>Store, klare videovinduer<\/li>\n<li>Synlige knapper til at springe over, sl\u00e5 lyden fra og rapportere<\/li>\n<li>Glidende overgange mellem chats<\/li>\n<li>Fungerer p\u00e5 tv\u00e6rs af alle moderne browsere (desktop + mobil)<\/li>\n<\/ul>\n<p>Det er der ikke:<\/p>\n<ul>\n<li>Popups eller overlays<\/li>\n<li>Rodede menuer<\/li>\n<li>Tvungne omdirigeringer<\/li>\n<\/ul>\n<p>Hele oplevelsen f\u00f8les let og velbygget - s\u00e6rligt forfriskende sammenlignet med de overkomplicerede gr\u00e6nseflader hos nogle konkurrenter.<\/p>\n<h2>Aveola vs. andre videochat-platforme<\/h2>\n<p>Lad os sammenligne Aveola med nogle af de st\u00f8rste konkurrenter i 2025:<\/p>\n<table>\n<thead>\n<tr>\n<th>Funktion<\/th>\n<th>Aveola<\/th>\n<th>OmeTV<\/th>\n<th>Abe<\/th>\n<th>Sjov med h\u00f8<\/th>\n<th>Chatspin<\/th>\n<\/tr>\n<\/thead>\n<tbody>\n<tr>\n<td>En-til-en videochat<\/td>\n<td>Ja<\/td>\n<td>Ja<\/td>\n<td>Ja<\/td>\n<td>Ja<\/td>\n<td>Ja<\/td>\n<\/tr>\n<tr>\n<td>Mulighed for tekstchat<\/td>\n<td>Ja<\/td>\n<td>Ja<\/td>\n<td>Begr\u00e6nset<\/td>\n<td>Ja<\/td>\n<td>Ja<\/td>\n<\/tr>\n<tr>\n<td>Mobil optimering<\/td>\n<td>Fremragende<\/td>\n<td>God<\/td>\n<td>Fremragende<\/td>\n<td>God<\/td>\n<td>Fremragende<\/td>\n<\/tr>\n<tr>\n<td>K\u00f8nsfilter<\/td>\n<td>Betalt<\/td>\n<td>Betalt<\/td>\n<td>Begr\u00e6nset<\/td>\n<td>Nej<\/td>\n<td>Betalt<\/td>\n<\/tr>\n<tr>\n<td>Tilmelding p\u00e5kr\u00e6vet<\/td>\n<td>Nej<\/td>\n<td>Nej<\/td>\n<td>Ja<\/td>\n<td>Valgfrit<\/td>\n<td>Valgfrit<\/td>\n<\/tr>\n<tr>\n<td>Gruppefunktioner<\/td>\n<td>Nej<\/td>\n<td>Nej<\/td>\n<td>Ja<\/td>\n<td>Nej<\/td>\n<td>Nej<\/td>\n<\/tr>\n<tr>\n<td>Moderationens kvalitet<\/td>\n<td>Moderat<\/td>\n<td>Moderat<\/td>\n<td>Moderat<\/td>\n<td>Svag<\/td>\n<td>God<\/td>\n<\/tr>\n<\/tbody>\n<\/table>\n<p>Resum\u00e9: Aveola passer fint ind i rummet mellem Chatspins polering og Monkeys Gen Z-vibe. Den fors\u00f8ger ikke at tilf\u00f8je gruppefunktioner eller komplekse sociale lag - den fokuserer p\u00e5 hastighed, anonymitet og brugervenlighed.<\/p>\n<h2>Fordele og ulemper<\/h2>\n<p>Fordele:<\/p>\n<ul>\n<li>Hurtig, gratis og anonym videochat<\/li>\n<li>Virker med det samme uden registrering<\/li>\n<li>Ren gr\u00e6nseflade og hurtig indl\u00e6sning<\/li>\n<li>Fremragende p\u00e5 mobile browsere<\/li>\n<li>Tekstchat og videounderst\u00f8ttelse<\/li>\n<li>Aktiv international brugerbase<\/li>\n<\/ul>\n<p>Ulemper:<\/p>\n<ul>\n<li>Intet langsigtet vennesystem eller kontohistorik<\/li>\n<li>Grundl\u00e6ggende moderation - stadig muligt at st\u00f8de p\u00e5 voksent indhold<\/li>\n<li>Filtre for k\u00f8n\/land kan kr\u00e6ve betaling<\/li>\n<li>Ikke ideel til brugere, der s\u00f8ger dybe samtaler eller f\u00e6llesskab<\/li>\n<\/ul>\n<h2>Ideelle brugsscenarier<\/h2>\n<p>Aveola er perfekt til:<\/p>\n<ul>\n<li>Brugere, der savner Omegle, men vil have noget mobilvenligt<\/li>\n<li>Folk, der \u00f8nsker at flirte, chatte eller socialisere tilf\u00e6ldigt med fremmede<\/li>\n<li>Rejsende eller sprogstuderende, der er interesserede i globale samtaler<\/li>\n<li>Alle, der keder sig og leder efter live-interaktioner ansigt til ansigt<\/li>\n<\/ul>\n<p>Det er ikke ideelt til:<\/p>\n<ul>\n<li>Brugere under 18 \u00e5r (kun voksne)<\/li>\n<li>Folk, der leder efter matchmaking af forhold eller datingprofiler<\/li>\n<li>Dem, der vil have filtre og kontrol gratis<\/li>\n<li>Brugere, der er utrygge ved lejlighedsvis NSFW-adf\u00e6rd<\/li>\n<\/ul>\n<p>Aveola er en af de bedste nye letv\u00e6gts-, mobil-f\u00f8rste tilf\u00e6ldige videochatplatforme p\u00e5 markedet i 2025. Den kombinerer enkelheden fra Omegle med den mere smidige brugeroplevelse fra OmeTV, samtidig med at den opretholder den anonymitet og hastighed, som brugerne forventer af en cam-to-cam-platform.<\/p>\n<p>Det er ikke perfekt - moderationen har stadig plads til at vokse, og k\u00f8nsfiltre er en betalt fordel - men for brugere, der er p\u00e5 udkig efter spontane, globale realtidschats med fremmede, leverer Aveola en hurtig og frustrationsfri oplevelse.<\/p>\n<p>Hvis du \u00f8nsker en moderne, ren og p\u00e5lidelig chatoplevelse i Omegle-stil, som fungerer godt p\u00e5 tv\u00e6rs af enheder, er Aveola bestemt et fors\u00f8g v\u00e6rd.<\/p>","protected":false},"excerpt":{"rendered":"<p>The random video chat space is more competitive than ever. With platforms like OmeTV, Monkey, and Hay Fun setting the pace, newer contenders are stepping up with sleek interfaces and better mobile integration. One of those is Aveola \u2014 a rising video chat platform designed for fast, anonymous one-on-one interactions with strangers across the world. [&hellip;]<\/p>\n","protected":false},"author":6,"featured_media":0,"parent":0,"menu_order":0,"comment_status":"closed","ping_status":"closed","template":"","meta":{"footnotes":""},"class_list":["post-12883","page","type-page","status-publish","hentry"],"yoast_head":"<!-- This site is optimized with the Yoast SEO plugin v27.4 - https:\/\/yoast.com\/product\/yoast-seo-wordpress\/ -->\n<title>Aveola - Live Video Chat on StrangerCam.com<\/title>\n<meta name=\"description\" content=\"Like Aveola? Come chat with more than 5.000.000 strangers on Stranger Cam for Free! Turn on your cam and find new friends &amp; maby a match!\" \/>\n<meta name=\"robots\" content=\"index, follow, max-snippet:-1, max-image-preview:large, max-video-preview:-1\" \/>\n<link rel=\"canonical\" href=\"https:\/\/strangercam.com\/da\/aveola\/\" \/>\n<meta property=\"og:locale\" content=\"da_DK\" \/>\n<meta property=\"og:type\" content=\"article\" \/>\n<meta property=\"og:title\" content=\"Aveola - Live Video Chat on StrangerCam.com\" \/>\n<meta property=\"og:description\" content=\"Like Aveola? Come chat with more than 5.000.000 strangers on Stranger Cam for Free! Turn on your cam and find new friends &amp; maby a match!\" \/>\n<meta property=\"og:url\" content=\"https:\/\/strangercam.com\/da\/aveola\/\" \/>\n<meta property=\"og:site_name\" content=\"Strangercam\" \/>\n<meta property=\"article:publisher\" content=\"https:\/\/www.facebook.com\/strangercam\" \/>\n<meta property=\"og:image\" content=\"https:\/\/strangercam.com\/wp-content\/uploads\/2021\/10\/Untitled-2.png\" \/>\n\t<meta property=\"og:image:width\" content=\"800\" \/>\n\t<meta property=\"og:image:height\" content=\"532\" \/>\n\t<meta property=\"og:image:type\" content=\"image\/png\" \/>\n<meta name=\"twitter:card\" content=\"summary_large_image\" \/>\n<meta name=\"twitter:site\" content=\"@strangercamapp\" \/>\n<meta name=\"twitter:label1\" content=\"Estimeret l\u00e6setid\" \/>\n\t<meta name=\"twitter:data1\" content=\"6 minutter\" \/>\n<script type=\"application\/ld+json\" class=\"yoast-schema-graph\">{\"@context\":\"https:\\\/\\\/schema.org\",\"@graph\":[{\"@type\":\"WebPage\",\"@id\":\"https:\\\/\\\/strangercam.com\\\/aveola\\\/\",\"url\":\"https:\\\/\\\/strangercam.com\\\/aveola\\\/\",\"name\":\"Aveola - Live Video Chat on StrangerCam.com\",\"isPartOf\":{\"@id\":\"https:\\\/\\\/strangercam.com\\\/#website\"},\"datePublished\":\"2025-06-16T12:46:37+00:00\",\"description\":\"Like Aveola? Come chat with more than 5.000.000 strangers on Stranger Cam for Free! Turn on your cam and find new friends & maby a match!\",\"breadcrumb\":{\"@id\":\"https:\\\/\\\/strangercam.com\\\/aveola\\\/#breadcrumb\"},\"inLanguage\":\"da-DK\",\"potentialAction\":[{\"@type\":\"ReadAction\",\"target\":[\"https:\\\/\\\/strangercam.com\\\/aveola\\\/\"]}]},{\"@type\":\"BreadcrumbList\",\"@id\":\"https:\\\/\\\/strangercam.com\\\/aveola\\\/#breadcrumb\",\"itemListElement\":[{\"@type\":\"ListItem\",\"position\":1,\"name\":\"Home\",\"item\":\"https:\\\/\\\/strangercam.com\\\/\"},{\"@type\":\"ListItem\",\"position\":2,\"name\":\"Aveola\"}]},{\"@type\":\"WebSite\",\"@id\":\"https:\\\/\\\/strangercam.com\\\/#website\",\"url\":\"https:\\\/\\\/strangercam.com\\\/\",\"name\":\"Strangercam\",\"description\":\"Random Video Chat with Strangers\",\"publisher\":{\"@id\":\"https:\\\/\\\/strangercam.com\\\/#organization\"},\"alternateName\":\"Strangercam.com\",\"potentialAction\":[{\"@type\":\"SearchAction\",\"target\":{\"@type\":\"EntryPoint\",\"urlTemplate\":\"https:\\\/\\\/strangercam.com\\\/?s={search_term_string}\"},\"query-input\":{\"@type\":\"PropertyValueSpecification\",\"valueRequired\":true,\"valueName\":\"search_term_string\"}}],\"inLanguage\":\"da-DK\"},{\"@type\":\"Organization\",\"@id\":\"https:\\\/\\\/strangercam.com\\\/#organization\",\"name\":\"Strangercam\",\"alternateName\":\"Strangercam.com\",\"url\":\"https:\\\/\\\/strangercam.com\\\/\",\"logo\":{\"@type\":\"ImageObject\",\"inLanguage\":\"da-DK\",\"@id\":\"https:\\\/\\\/strangercam.com\\\/#\\\/schema\\\/logo\\\/image\\\/\",\"url\":\"https:\\\/\\\/strangercam.com\\\/wp-content\\\/uploads\\\/2020\\\/11\\\/cropped-new-favicon-black.png\",\"contentUrl\":\"https:\\\/\\\/strangercam.com\\\/wp-content\\\/uploads\\\/2020\\\/11\\\/cropped-new-favicon-black.png\",\"width\":512,\"height\":512,\"caption\":\"Strangercam\"},\"image\":{\"@id\":\"https:\\\/\\\/strangercam.com\\\/#\\\/schema\\\/logo\\\/image\\\/\"},\"sameAs\":[\"https:\\\/\\\/www.facebook.com\\\/strangercam\",\"https:\\\/\\\/x.com\\\/strangercamapp\"]}]}<\/script>\n<!-- \/ Yoast SEO plugin. -->","yoast_head_json":{"title":"Aveola - Live videochat p\u00e5 StrangerCam.com","description":"Kan du lide Aveola? Kom og chat med mere end 5.000.000 fremmede p\u00e5 Stranger Cam helt gratis! T\u00e6nd for dit kamera og find nye venner og m\u00e5ske et match!","robots":{"index":"index","follow":"follow","max-snippet":"max-snippet:-1","max-image-preview":"max-image-preview:large","max-video-preview":"max-video-preview:-1"},"canonical":"https:\/\/strangercam.com\/da\/aveola\/","og_locale":"da_DK","og_type":"article","og_title":"Aveola - Live Video Chat on StrangerCam.com","og_description":"Like Aveola? Come chat with more than 5.000.000 strangers on Stranger Cam for Free! Turn on your cam and find new friends & maby a match!","og_url":"https:\/\/strangercam.com\/da\/aveola\/","og_site_name":"Strangercam","article_publisher":"https:\/\/www.facebook.com\/strangercam","og_image":[{"width":800,"height":532,"url":"https:\/\/strangercam.com\/wp-content\/uploads\/2021\/10\/Untitled-2.png","type":"image\/png"}],"twitter_card":"summary_large_image","twitter_site":"@strangercamapp","twitter_misc":{"Estimeret l\u00e6setid":"6 minutter"},"schema":{"@context":"https:\/\/schema.org","@graph":[{"@type":"WebPage","@id":"https:\/\/strangercam.com\/aveola\/","url":"https:\/\/strangercam.com\/aveola\/","name":"Aveola - Live videochat p\u00e5 StrangerCam.com","isPartOf":{"@id":"https:\/\/strangercam.com\/#website"},"datePublished":"2025-06-16T12:46:37+00:00","description":"Kan du lide Aveola? Kom og chat med mere end 5.000.000 fremmede p\u00e5 Stranger Cam helt gratis! T\u00e6nd for dit kamera og find nye venner og m\u00e5ske et match!","breadcrumb":{"@id":"https:\/\/strangercam.com\/aveola\/#breadcrumb"},"inLanguage":"da-DK","potentialAction":[{"@type":"ReadAction","target":["https:\/\/strangercam.com\/aveola\/"]}]},{"@type":"BreadcrumbList","@id":"https:\/\/strangercam.com\/aveola\/#breadcrumb","itemListElement":[{"@type":"ListItem","position":1,"name":"Home","item":"https:\/\/strangercam.com\/"},{"@type":"ListItem","position":2,"name":"Aveola"}]},{"@type":"WebSite","@id":"https:\/\/strangercam.com\/#website","url":"https:\/\/strangercam.com\/","name":"Strangercam","description":"Tilf\u00e6ldig videochat med fremmede","publisher":{"@id":"https:\/\/strangercam.com\/#organization"},"alternateName":"Strangercam.com","potentialAction":[{"@type":"SearchAction","target":{"@type":"EntryPoint","urlTemplate":"https:\/\/strangercam.com\/?s={search_term_string}"},"query-input":{"@type":"PropertyValueSpecification","valueRequired":true,"valueName":"search_term_string"}}],"inLanguage":"da-DK"},{"@type":"Organization","@id":"https:\/\/strangercam.com\/#organization","name":"Strangercam","alternateName":"Strangercam.com","url":"https:\/\/strangercam.com\/","logo":{"@type":"ImageObject","inLanguage":"da-DK","@id":"https:\/\/strangercam.com\/#\/schema\/logo\/image\/","url":"https:\/\/strangercam.com\/wp-content\/uploads\/2020\/11\/cropped-new-favicon-black.png","contentUrl":"https:\/\/strangercam.com\/wp-content\/uploads\/2020\/11\/cropped-new-favicon-black.png","width":512,"height":512,"caption":"Strangercam"},"image":{"@id":"https:\/\/strangercam.com\/#\/schema\/logo\/image\/"},"sameAs":["https:\/\/www.facebook.com\/strangercam","https:\/\/x.com\/strangercamapp"]}]}},"_links":{"self":[{"href":"https:\/\/strangercam.com\/da\/wp-json\/wp\/v2\/pages\/12883","targetHints":{"allow":["GET"]}}],"collection":[{"href":"https:\/\/strangercam.com\/da\/wp-json\/wp\/v2\/pages"}],"about":[{"href":"https:\/\/strangercam.com\/da\/wp-json\/wp\/v2\/types\/page"}],"author":[{"embeddable":true,"href":"https:\/\/strangercam.com\/da\/wp-json\/wp\/v2\/users\/6"}],"replies":[{"embeddable":true,"href":"https:\/\/strangercam.com\/da\/wp-json\/wp\/v2\/comments?post=12883"}],"version-history":[{"count":3,"href":"https:\/\/strangercam.com\/da\/wp-json\/wp\/v2\/pages\/12883\/revisions"}],"predecessor-version":[{"id":12886,"href":"https:\/\/strangercam.com\/da\/wp-json\/wp\/v2\/pages\/12883\/revisions\/12886"}],"wp:attachment":[{"href":"https:\/\/strangercam.com\/da\/wp-json\/wp\/v2\/media?parent=12883"}],"curies":[{"name":"wp","href":"https:\/\/api.w.org\/{rel}","templated":true}]}}