{"id":12815,"date":"2025-04-22T13:50:44","date_gmt":"2025-04-22T11:50:44","guid":{"rendered":"https:\/\/strangercam.com\/?page_id=12815"},"modified":"2025-04-22T13:50:44","modified_gmt":"2025-04-22T11:50:44","slug":"vanachat","status":"publish","type":"page","link":"https:\/\/strangercam.com\/da\/vanachat\/","title":{"rendered":"VanaChat"},"content":{"rendered":"<p>En verden af tilf\u00e6ldige videoer <a href=\"https:\/\/strangercam.com\/da\/chathub\/\">chat<\/a> apps er meget konkurrencepr\u00e6get, med platforme som <a href=\"https:\/\/strangercam.com\/da\/omegle\/\">Omegle<\/a>, <a href=\"https:\/\/strangercam.com\/da\/chatroulette\/\">Chatroulette<\/a>, og nyere navne som ChatMatch k\u00e6mper om dominans. Men nu og da kommer der en ny udfordrer p\u00e5 banen med en unik tilgang. VanaChat er et af disse navne. Placeret et sted mellem en afslappet <a href=\"https:\/\/strangercam.com\/da\/bazoocam\/\">cam<\/a> chatsite og en let social app, tiltr\u00e6kker VanaChat hurtigt opm\u00e6rksomhed - men er den faktisk v\u00e6rd at bruge?<\/p>\n<p>I denne omfattende gennemgang udforsker vi alt, hvad VanaChat tilbyder: dets funktioner, brugeroplevelse, publikum, sikkerhedsv\u00e6rkt\u00f8jer, og hvordan det st\u00e5r sig i forhold til andre popul\u00e6re chatplatforme.<\/p>\n<h2>Hvad er VanaChat?<\/h2>\n<p>VanaChat er en browserbaseret tilf\u00e6ldig videochatplatform, der blander traditionelle en-til-en-videosamtaler med lette sociale opdagelsesfunktioner. I mods\u00e6tning til \u00e6ldre sider, der udelukkende fokuserer p\u00e5 tilf\u00e6ldighed, tilf\u00f8jer VanaChat et mere moderne socialt lag til oplevelsen - med valgfrie profiler, interessebaseret matchning og endda et mildt omd\u00f8mmesystem.<\/p>\n<p>VanaChat blev lanceret i midten af 2020\u201cerne og markedsf\u00f8rer sig selv som et \"sikkert, venligt sted at <a href=\"https:\/\/strangercam.com\/da\/coomeet\/\">m\u00f8des<\/a> nye mennesker ansigt til ansigt.\" Mens kerneoplevelsen stadig drejer sig om \u00f8jeblikkelige webcam-baserede interaktioner med fremmede, g\u00f8r platformen en indsats for at fremme et mere respektfuldt og engagerende milj\u00f8.<\/p>\n<h2>Form\u00e5let med VanaChat<\/h2>\n<p>Hovedform\u00e5let med VanaChat er at give en tilf\u00e6ldig videochatoplevelse, der f\u00f8les mere menneskelig og mindre kaotisk. Det er designet til at v\u00e6re sjovt og spontant, men uden den voldsomme trolling, n\u00f8genhed og spam, der ofte findes p\u00e5 helt anonyme platforme.<\/p>\n<p>VanaChat er ideel til:<\/p>\n<ul>\n<li>Folk, der \u00f8nsker at m\u00f8de andre ansigt til ansigt i realtid<\/li>\n<li>Brugere, der s\u00f8ger afslappede samtaler eller nye venskaber<\/li>\n<li>Socialt nysgerrige brugere, der kan lide at tale med fremmede, men foretr\u00e6kker lidt mere kontrol over, hvem de kommer i kontakt med<\/li>\n<li>Alle, der s\u00f8ger et mere sikkert og moderne alternativ til umodererede cam-sider<\/li>\n<\/ul>\n<p>Platformen er ikke en dating-app i sig selv, men den indbyder til let flirt og social opdagelse, is\u00e6r blandt yngre voksne.<\/p>\n<h2>Vigtige funktioner<\/h2>\n<p>1. En-til-en videochat<br \/>\nKernen i VanaChat er hurtig, tilf\u00e6ldig videochat mellem brugere. Et klik, og du er forbundet med en ny person. Videofeeds er responsive, og layoutet er rent og prioriterer ansigt-til-ansigt-oplevelsen.<\/p>\n<p>2. Interessebaseret matchning<br \/>\nBrugerne kan v\u00e6lge fra en liste over interesser - lige fra film og spil til sprog og livsstil - og platformen fors\u00f8ger at matche folk med lignende pr\u00e6ferencer. Selv om det ikke er s\u00e5 dybt som algoritmebaserede datingapps, reducerer det tilf\u00e6ldigheden og hj\u00e6lper med at skabe mere meningsfulde samtaler.<\/p>\n<p>3. Valgfrie brugerprofiler<br \/>\nDu kan oprette en grundl\u00e6ggende profil med et visningsnavn, interesser og en kort biografi. Du kan ogs\u00e5 uploade et profilbillede. Profiler er ikke p\u00e5kr\u00e6vet, men brugere med komplette profiler har en tendens til at f\u00e5 l\u00e6ngere og hyppigere matches.<\/p>\n<p>4. Omd\u00f8mme-system<br \/>\nEfter hver chat kan brugerne bed\u00f8mme deres oplevelse. Over tid skaber dette en bl\u00f8d omd\u00f8mmescore, der hj\u00e6lper med at f\u00e5 brugere af bedre kvalitet frem i lyset og skubbe spammere og trolde v\u00e6k. Systemet er stadig i beta, men det ser ud til at kunne forbedre den generelle stemning p\u00e5 platformen.<\/p>\n<p>5. Chatkontrol og moderationsv\u00e6rkt\u00f8jer<br \/>\nDu kan springe brugere over, s\u00e6tte dem p\u00e5 lydl\u00f8s, rapportere upassende adf\u00e6rd og blokere alle, du ikke vil tale med igen. Rapporter gennemg\u00e5s af moderatorer, og systemet underst\u00f8ttes af grundl\u00e6ggende AI-indholdsscanning for at opdage n\u00f8genhed eller st\u00f8dende adf\u00e6rd.<\/p>\n<p>6. Optimering af desktop og mobil<br \/>\nVanaChat fungerer problemfrit i moderne browsere p\u00e5 b\u00e5de desktop og mobil. Der er endnu ingen dedikeret mobilapp, men mobilbrowseroplevelsen er responsiv og intuitiv. Ingen downloads p\u00e5kr\u00e6vet.<\/p>\n<p>7. Ingen registrering p\u00e5kr\u00e6vet (men opmuntret)<br \/>\nDu kan begynde at chatte uden at oprette en konto, men registrering l\u00e5ser op for yderligere funktioner som interessefiltrering, lagring af din profil og adgang til din omd\u00f8mmescore.<\/p>\n<h2>Er VanaChat gratis?<\/h2>\n<p>Ja, VanaChat er gratis at bruge, og du kan f\u00e5 adgang til centrale videochatfunktioner uden at betale en krone. Der er dog en premium-plan tilg\u00e6ngelig, der l\u00e5ser op:<\/p>\n<ul>\n<li>Forbedret matchning efter region eller k\u00f8n<\/li>\n<li>Prioriteret placering i chatk\u00f8en<\/li>\n<li>En reklamefri oplevelse<\/li>\n<li>Muligheder for profiltilpasning<\/li>\n<\/ul>\n<p>Premium-niveauet er konkurrencedygtigt prissat, typisk mellem $6-$10 pr. m\u00e5ned, afh\u00e6ngigt af abonnementsplanen. For de fleste brugere er den gratis version perfekt funktionel, men premium-versionen er en god v\u00e6rdi for dem, der \u00f8nsker mere kontrol og et mere j\u00e6vnt brugerflow.<\/p>\n<h2>Hvem bruger VanaChat?<\/h2>\n<p>VanaChat har en voksende brugerbase p\u00e5 tv\u00e6rs af flere vigtige regioner:<\/p>\n<ul>\n<li>De Forenede Stater<\/li>\n<li>Canada<\/li>\n<li>Det Forenede Kongerige<\/li>\n<li>Tyskland<\/li>\n<li>Brasilien<\/li>\n<li>Indien<\/li>\n<\/ul>\n<p>St\u00f8rstedelen af brugerne er mellem 18 og 34 \u00e5r med en ret forskelligartet blanding af k\u00f8n og baggrunde. Mens de fleste bruger platformen til sjov og afslappede samtaler, synes en bem\u00e6rkelsesv\u00e6rdig del af brugerne at v\u00e6re oprigtigt interesserede i at f\u00e5 venner eller finde folk med f\u00e6lles interesser.<\/p>\n<p>VanaChat er is\u00e6r popul\u00e6r blandt:<\/p>\n<ul>\n<li>Universitetsstuderende<\/li>\n<li>Unge professionelle<\/li>\n<li>Digitale nomader og expats, der \u00f8nsker at m\u00f8de mennesker nye steder<\/li>\n<li>Sprogelever, der \u00f8nsker at \u00f8ve sig med indf\u00f8dte talere<\/li>\n<\/ul>\n<h2>Sikkerhed, privatliv og moderation<\/h2>\n<p>Online chatplatforme k\u00e6mper ofte med sikkerhed og moderation, men VanaChat tager problemet alvorligt. Her er hvordan:<\/p>\n<ul>\n<li>AI-baseret overv\u00e5gning: Platformen bruger maskinl\u00e6ring til automatisk at opdage n\u00f8genhed eller st\u00f8dende bev\u00e6gelser i videostreams. Selv om det ikke er perfekt, reducerer det eksponeringen for eksplicit indhold.<\/li>\n<li>Brugerrapporter og moderation: Hver chat slutter med en opfordring til feedback, og rapporter gennemg\u00e5s inden for 24 timer.<\/li>\n<li>Omd\u00f8mme- og bed\u00f8mmelsessystem: Hj\u00e6lper med at filtrere problematiske brugere fra og fremme en mere respektfuld adf\u00e6rd over tid.<\/li>\n<li>Ingen personlige oplysninger p\u00e5kr\u00e6vet: Du bliver ikke bedt om at oplyse telefonnumre eller e-mails, medmindre du registrerer dig (og selv da er det valgfrit).<\/li>\n<\/ul>\n<p>VanaChat indsamler ikke for mange data og giver brugerne mulighed for at v\u00e6re s\u00e5 anonyme, som de vil. Alligevel b\u00f8r brugerne udvise sund fornuft - lad v\u00e6re med at dele personlige oplysninger, klikke p\u00e5 links eller engagere dig med brugere, der g\u00f8r dig utilpas.<\/p>\n<h2>Brugeroplevelse og design<\/h2>\n<p>VanaChats interface er forfriskende moderne. Platformen er visuelt ren, intuitiv og responsiv. Navigationen er enkel: en stor videosk\u00e6rm dominerer brugerfladen, og chatkontroller og indstillinger er p\u00e6nt gemt i sidepaneler. Der er ingen rodede bannere, popups eller irriterende annoncer, der afbryder flowet.<\/p>\n<p>Den overordnede \u00e6stetik er ungdommelig og venlig uden at pr\u00f8ve for h\u00e5rdt p\u00e5 at appellere til en bestemt demografi. Det f\u00f8les som et produkt, der er bygget til afslappet interaktion - ikke til voksenindhold og ikke til dating - hvilket g\u00f8r det til en god mellemvej.<\/p>\n<p>Indl\u00e6sningstiderne er hurtige, videokvaliteten er solid, og overgangene mellem chats er i de fleste tilf\u00e6lde glidende og uden forsinkelser. P\u00e5 mobilen f\u00f8les platformen n\u00e6sten som en app i hastighed og brugervenlighed, hvilket er imponerende for en browserbaseret oplevelse.<\/p>\n<h2>VanaChat vs. andre chatplatforme<\/h2>\n<p>Lad os se p\u00e5, hvordan VanaChat klarer sig i forhold til nogle af de andre f\u00f8rende platforme:<\/p>\n<table>\n<thead>\n<tr>\n<th>Funktion<\/th>\n<th>VanaChat<\/th>\n<th>Omegle<\/th>\n<th>ChatMatch<\/th>\n<th>Chatspin<\/th>\n<th>Emerald Chat<\/th>\n<\/tr>\n<\/thead>\n<tbody>\n<tr>\n<td>Videochat<\/td>\n<td>Ja<\/td>\n<td>Ja<\/td>\n<td>Ja<\/td>\n<td>Ja<\/td>\n<td>Ja<\/td>\n<\/tr>\n<tr>\n<td>Matchning af interesser<\/td>\n<td>Ja<\/td>\n<td>Nej<\/td>\n<td>Ja<\/td>\n<td>Ja<\/td>\n<td>Ja<\/td>\n<\/tr>\n<tr>\n<td>Profiler (valgfrit)<\/td>\n<td>Ja<\/td>\n<td>Nej<\/td>\n<td>Valgfrit<\/td>\n<td>Valgfrit<\/td>\n<td>Ja<\/td>\n<\/tr>\n<tr>\n<td>Omd\u00f8mme-system<\/td>\n<td>Ja<\/td>\n<td>Nej<\/td>\n<td>Nej<\/td>\n<td>Nej<\/td>\n<td>Ja<\/td>\n<\/tr>\n<tr>\n<td>Filtre for k\u00f8n\/region<\/td>\n<td>Betalt<\/td>\n<td>Betalt<\/td>\n<td>Betalt<\/td>\n<td>Gratis\/betalt<\/td>\n<td>Ja<\/td>\n<\/tr>\n<tr>\n<td>Mobiloptimeret<\/td>\n<td>Ja<\/td>\n<td>Moderat<\/td>\n<td>Ja<\/td>\n<td>Fremragende<\/td>\n<td>God<\/td>\n<\/tr>\n<tr>\n<td>Moderationsv\u00e6rkt\u00f8jer<\/td>\n<td>St\u00e6rk<\/td>\n<td>Svag<\/td>\n<td>Moderat<\/td>\n<td>God<\/td>\n<td>St\u00e6rk<\/td>\n<\/tr>\n<tr>\n<td>Tilmelding p\u00e5kr\u00e6vet<\/td>\n<td>Nej<\/td>\n<td>Nej<\/td>\n<td>Valgfrit<\/td>\n<td>Valgfrit<\/td>\n<td>Ja<\/td>\n<\/tr>\n<\/tbody>\n<\/table>\n<h2>Fordele og ulemper<\/h2>\n<p>Fordele:<\/p>\n<ul>\n<li>Gratis at bruge uden krav om login<\/li>\n<li>Ren, moderne gr\u00e6nseflade med hurtig ydeevne<\/li>\n<li>Interessebaseret matchning forbedrer samtalekvaliteten<\/li>\n<li>Omd\u00f8mmesystem bel\u00f8nner god opf\u00f8rsel<\/li>\n<li>Valgfrie profiler uden at v\u00e6re p\u00e5tr\u00e6ngende<\/li>\n<li>Aktiv moderation og scanning af indhold<\/li>\n<li>Mobilvenlig uden behov for en app<\/li>\n<\/ul>\n<p>Ulemper:<\/p>\n<ul>\n<li>Mindre brugerbase end platforme som Omegle<\/li>\n<li>K\u00f8ns- og regionsfiltre kr\u00e6ver betaling<\/li>\n<li>Stadig udsat for lejlighedsvis upassende adf\u00e6rd<\/li>\n<li>Ingen indbygget overs\u00e6tter til internationale chats<\/li>\n<li>Ingen gruppechat eller flerbrugerfunktioner endnu<\/li>\n<\/ul>\n<h2>Ideelle brugsscenarier<\/h2>\n<p>VanaChat er perfekt til:<\/p>\n<ul>\n<li>Folk, der nyder en-til-en-videochat med lidt mere struktur<\/li>\n<li>Brugere, der s\u00f8ger spontane, men respektfulde samtaler<\/li>\n<li>Afslappet socialt samv\u00e6r, let flirt og m\u00f8de nye mennesker globalt<\/li>\n<li>Dem, der ikke kan lide kaoset p\u00e5 umodererede platforme som Omegle<\/li>\n<\/ul>\n<p>Det er ikke ideelt til:<\/p>\n<ul>\n<li>Brugere, der forventer kuratering eller matchmaking p\u00e5 dating-app-niveau<\/li>\n<li>Dem, der leder efter gruppechats eller emnebaserede chatrum<\/li>\n<li>Folk, der foretr\u00e6kker rent anonyme, tekstbaserede interaktioner<\/li>\n<\/ul>\n<h2>Endelig dom<\/h2>\n<p>VanaChat er en forfriskende tilf\u00f8jelse til videochatlandskabet. Den kombinerer umiddelbarheden fra tilf\u00e6ldige chatplatforme med et par moderne forbedringer - interessefiltre, omd\u00f8mmesystemer og valgfrie profiler - der g\u00f8r oplevelsen sjovere og mere brugervenlig.<\/p>\n<p>For dem, der er tr\u00e6tte af bots, trolde eller NSFW-overraskelser p\u00e5 andre sider, tilbyder VanaChat en renere, venligere og mere menneskelig oplevelse. Den har m\u00e5ske ikke lige s\u00e5 mange brugere som de store platforme, men hvad den mangler i skala, opvejer den i kvalitet.<\/p>\n<p>Uanset om du \u00f8nsker at chatte med fremmede, f\u00e5 venner eller bare f\u00e5 tiden til at g\u00e5 p\u00e5 en mere social m\u00e5de, er VanaChat absolut v\u00e6rd at tjekke ud.<\/p>","protected":false},"excerpt":{"rendered":"<p>The world of random video chat apps is highly competitive, with platforms like Omegle, Chatroulette, and newer names like ChatMatch fighting for dominance. But every now and then, a new contender enters the space with a unique approach. VanaChat is one of those names. Positioned somewhere between a casual cam chat site and a lightweight [&hellip;]<\/p>\n","protected":false},"author":6,"featured_media":0,"parent":0,"menu_order":0,"comment_status":"closed","ping_status":"closed","template":"","meta":{"footnotes":""},"class_list":["post-12815","page","type-page","status-publish","hentry"],"yoast_head":"<!-- This site is optimized with the Yoast SEO plugin v27.4 - https:\/\/yoast.com\/product\/yoast-seo-wordpress\/ -->\n<title>VanaChat - Live video chat with girls on StrangerCam.com<\/title>\n<meta name=\"description\" content=\"Like VanaChat? Come chat with more than 5.000.000 strangers on Stranger Cam for Free! Turn on your cam and find new friends &amp; maby a match!\" \/>\n<meta name=\"robots\" content=\"index, follow, max-snippet:-1, max-image-preview:large, max-video-preview:-1\" \/>\n<link rel=\"canonical\" href=\"https:\/\/strangercam.com\/da\/vanachat\/\" \/>\n<meta property=\"og:locale\" content=\"da_DK\" \/>\n<meta property=\"og:type\" content=\"article\" \/>\n<meta property=\"og:title\" content=\"VanaChat - Live video chat with girls on StrangerCam.com\" \/>\n<meta property=\"og:description\" content=\"Like VanaChat? Come chat with more than 5.000.000 strangers on Stranger Cam for Free! Turn on your cam and find new friends &amp; maby a match!\" \/>\n<meta property=\"og:url\" content=\"https:\/\/strangercam.com\/da\/vanachat\/\" \/>\n<meta property=\"og:site_name\" content=\"Strangercam\" \/>\n<meta property=\"article:publisher\" content=\"https:\/\/www.facebook.com\/strangercam\" \/>\n<meta property=\"og:image\" content=\"https:\/\/strangercam.com\/wp-content\/uploads\/2021\/10\/Untitled-2.png\" \/>\n\t<meta property=\"og:image:width\" content=\"800\" \/>\n\t<meta property=\"og:image:height\" content=\"532\" \/>\n\t<meta property=\"og:image:type\" content=\"image\/png\" \/>\n<meta name=\"twitter:card\" content=\"summary_large_image\" \/>\n<meta name=\"twitter:site\" content=\"@strangercamapp\" \/>\n<meta name=\"twitter:label1\" content=\"Estimeret l\u00e6setid\" \/>\n\t<meta name=\"twitter:data1\" content=\"7 minutter\" \/>\n<script type=\"application\/ld+json\" class=\"yoast-schema-graph\">{\"@context\":\"https:\\\/\\\/schema.org\",\"@graph\":[{\"@type\":\"WebPage\",\"@id\":\"https:\\\/\\\/strangercam.com\\\/vanachat\\\/\",\"url\":\"https:\\\/\\\/strangercam.com\\\/vanachat\\\/\",\"name\":\"VanaChat - Live video chat with girls on StrangerCam.com\",\"isPartOf\":{\"@id\":\"https:\\\/\\\/strangercam.com\\\/#website\"},\"datePublished\":\"2025-04-22T11:50:44+00:00\",\"description\":\"Like VanaChat? Come chat with more than 5.000.000 strangers on Stranger Cam for Free! Turn on your cam and find new friends & maby a match!\",\"breadcrumb\":{\"@id\":\"https:\\\/\\\/strangercam.com\\\/vanachat\\\/#breadcrumb\"},\"inLanguage\":\"da-DK\",\"potentialAction\":[{\"@type\":\"ReadAction\",\"target\":[\"https:\\\/\\\/strangercam.com\\\/vanachat\\\/\"]}]},{\"@type\":\"BreadcrumbList\",\"@id\":\"https:\\\/\\\/strangercam.com\\\/vanachat\\\/#breadcrumb\",\"itemListElement\":[{\"@type\":\"ListItem\",\"position\":1,\"name\":\"Home\",\"item\":\"https:\\\/\\\/strangercam.com\\\/\"},{\"@type\":\"ListItem\",\"position\":2,\"name\":\"VanaChat\"}]},{\"@type\":\"WebSite\",\"@id\":\"https:\\\/\\\/strangercam.com\\\/#website\",\"url\":\"https:\\\/\\\/strangercam.com\\\/\",\"name\":\"Strangercam\",\"description\":\"Random Video Chat with Strangers\",\"publisher\":{\"@id\":\"https:\\\/\\\/strangercam.com\\\/#organization\"},\"alternateName\":\"Strangercam.com\",\"potentialAction\":[{\"@type\":\"SearchAction\",\"target\":{\"@type\":\"EntryPoint\",\"urlTemplate\":\"https:\\\/\\\/strangercam.com\\\/?s={search_term_string}\"},\"query-input\":{\"@type\":\"PropertyValueSpecification\",\"valueRequired\":true,\"valueName\":\"search_term_string\"}}],\"inLanguage\":\"da-DK\"},{\"@type\":\"Organization\",\"@id\":\"https:\\\/\\\/strangercam.com\\\/#organization\",\"name\":\"Strangercam\",\"alternateName\":\"Strangercam.com\",\"url\":\"https:\\\/\\\/strangercam.com\\\/\",\"logo\":{\"@type\":\"ImageObject\",\"inLanguage\":\"da-DK\",\"@id\":\"https:\\\/\\\/strangercam.com\\\/#\\\/schema\\\/logo\\\/image\\\/\",\"url\":\"https:\\\/\\\/strangercam.com\\\/wp-content\\\/uploads\\\/2020\\\/11\\\/cropped-new-favicon-black.png\",\"contentUrl\":\"https:\\\/\\\/strangercam.com\\\/wp-content\\\/uploads\\\/2020\\\/11\\\/cropped-new-favicon-black.png\",\"width\":512,\"height\":512,\"caption\":\"Strangercam\"},\"image\":{\"@id\":\"https:\\\/\\\/strangercam.com\\\/#\\\/schema\\\/logo\\\/image\\\/\"},\"sameAs\":[\"https:\\\/\\\/www.facebook.com\\\/strangercam\",\"https:\\\/\\\/x.com\\\/strangercamapp\"]}]}<\/script>\n<!-- \/ Yoast SEO plugin. -->","yoast_head_json":{"title":"VanaChat - Live videochat med piger p\u00e5 StrangerCam.com","description":"Kan du lide VanaChat? Kom og chat med mere end 5.000.000 fremmede p\u00e5 Stranger Cam helt gratis! T\u00e6nd for dit kamera og find nye venner og m\u00e5ske et match!","robots":{"index":"index","follow":"follow","max-snippet":"max-snippet:-1","max-image-preview":"max-image-preview:large","max-video-preview":"max-video-preview:-1"},"canonical":"https:\/\/strangercam.com\/da\/vanachat\/","og_locale":"da_DK","og_type":"article","og_title":"VanaChat - Live video chat with girls on StrangerCam.com","og_description":"Like VanaChat? Come chat with more than 5.000.000 strangers on Stranger Cam for Free! Turn on your cam and find new friends & maby a match!","og_url":"https:\/\/strangercam.com\/da\/vanachat\/","og_site_name":"Strangercam","article_publisher":"https:\/\/www.facebook.com\/strangercam","og_image":[{"width":800,"height":532,"url":"https:\/\/strangercam.com\/wp-content\/uploads\/2021\/10\/Untitled-2.png","type":"image\/png"}],"twitter_card":"summary_large_image","twitter_site":"@strangercamapp","twitter_misc":{"Estimeret l\u00e6setid":"7 minutter"},"schema":{"@context":"https:\/\/schema.org","@graph":[{"@type":"WebPage","@id":"https:\/\/strangercam.com\/vanachat\/","url":"https:\/\/strangercam.com\/vanachat\/","name":"VanaChat - Live videochat med piger p\u00e5 StrangerCam.com","isPartOf":{"@id":"https:\/\/strangercam.com\/#website"},"datePublished":"2025-04-22T11:50:44+00:00","description":"Kan du lide VanaChat? Kom og chat med mere end 5.000.000 fremmede p\u00e5 Stranger Cam helt gratis! T\u00e6nd for dit kamera og find nye venner og m\u00e5ske et match!","breadcrumb":{"@id":"https:\/\/strangercam.com\/vanachat\/#breadcrumb"},"inLanguage":"da-DK","potentialAction":[{"@type":"ReadAction","target":["https:\/\/strangercam.com\/vanachat\/"]}]},{"@type":"BreadcrumbList","@id":"https:\/\/strangercam.com\/vanachat\/#breadcrumb","itemListElement":[{"@type":"ListItem","position":1,"name":"Home","item":"https:\/\/strangercam.com\/"},{"@type":"ListItem","position":2,"name":"VanaChat"}]},{"@type":"WebSite","@id":"https:\/\/strangercam.com\/#website","url":"https:\/\/strangercam.com\/","name":"Strangercam","description":"Tilf\u00e6ldig videochat med fremmede","publisher":{"@id":"https:\/\/strangercam.com\/#organization"},"alternateName":"Strangercam.com","potentialAction":[{"@type":"SearchAction","target":{"@type":"EntryPoint","urlTemplate":"https:\/\/strangercam.com\/?s={search_term_string}"},"query-input":{"@type":"PropertyValueSpecification","valueRequired":true,"valueName":"search_term_string"}}],"inLanguage":"da-DK"},{"@type":"Organization","@id":"https:\/\/strangercam.com\/#organization","name":"Strangercam","alternateName":"Strangercam.com","url":"https:\/\/strangercam.com\/","logo":{"@type":"ImageObject","inLanguage":"da-DK","@id":"https:\/\/strangercam.com\/#\/schema\/logo\/image\/","url":"https:\/\/strangercam.com\/wp-content\/uploads\/2020\/11\/cropped-new-favicon-black.png","contentUrl":"https:\/\/strangercam.com\/wp-content\/uploads\/2020\/11\/cropped-new-favicon-black.png","width":512,"height":512,"caption":"Strangercam"},"image":{"@id":"https:\/\/strangercam.com\/#\/schema\/logo\/image\/"},"sameAs":["https:\/\/www.facebook.com\/strangercam","https:\/\/x.com\/strangercamapp"]}]}},"_links":{"self":[{"href":"https:\/\/strangercam.com\/da\/wp-json\/wp\/v2\/pages\/12815","targetHints":{"allow":["GET"]}}],"collection":[{"href":"https:\/\/strangercam.com\/da\/wp-json\/wp\/v2\/pages"}],"about":[{"href":"https:\/\/strangercam.com\/da\/wp-json\/wp\/v2\/types\/page"}],"author":[{"embeddable":true,"href":"https:\/\/strangercam.com\/da\/wp-json\/wp\/v2\/users\/6"}],"replies":[{"embeddable":true,"href":"https:\/\/strangercam.com\/da\/wp-json\/wp\/v2\/comments?post=12815"}],"version-history":[{"count":2,"href":"https:\/\/strangercam.com\/da\/wp-json\/wp\/v2\/pages\/12815\/revisions"}],"predecessor-version":[{"id":12817,"href":"https:\/\/strangercam.com\/da\/wp-json\/wp\/v2\/pages\/12815\/revisions\/12817"}],"wp:attachment":[{"href":"https:\/\/strangercam.com\/da\/wp-json\/wp\/v2\/media?parent=12815"}],"curies":[{"name":"wp","href":"https:\/\/api.w.org\/{rel}","templated":true}]}}