{"id":12812,"date":"2025-04-22T13:45:21","date_gmt":"2025-04-22T11:45:21","guid":{"rendered":"https:\/\/strangercam.com\/?page_id=12812"},"modified":"2025-04-22T13:45:21","modified_gmt":"2025-04-22T11:45:21","slug":"chatmatch","status":"publish","type":"page","link":"https:\/\/strangercam.com\/da\/chatmatch\/","title":{"rendered":"ChatMatch"},"content":{"rendered":"<p>Som online <a href=\"https:\/\/strangercam.com\/da\/chathub\/\">chat<\/a> bliver mere og mere overfyldt, k\u00e6mper platformene om at skille sig ud med smartere funktioner, renere design og bedre brugeroplevelser. En platform, der er begyndt at g\u00f8re sig bem\u00e6rket, er ChatMatch - en webbaseret tilf\u00e6ldig videochattjeneste, der l\u00e6ner sig op ad algoritmisk matchning og interaktion i realtid uden at g\u00e5 p\u00e5 kompromis med enkelheden.<\/p>\n<p>Men er ChatMatch bare endnu et ansigt i m\u00e6ngden, eller bringer det noget nyt til bordet? I denne dybdeg\u00e5ende anmeldelse gennemg\u00e5r vi alt, hvad du har brug for at vide om ChatMatch: hvordan den fungerer, hvem den er til, hvad den tilbyder, og om den er v\u00e6rd at bruge tid p\u00e5 i det nuv\u00e6rende landskab af tilf\u00e6ldige videochat-apps.<\/p>\n<h2>Hvad er ChatMatch?<\/h2>\n<p>ChatMatch er en online platform, der forbinder fremmede via videochat, med et twist - i stedet for at v\u00e6re helt tilf\u00e6ldig som <a href=\"https:\/\/strangercam.com\/da\/omegle\/\">Omegle<\/a> eller <a href=\"https:\/\/strangercam.com\/da\/chatroulette\/\">Chatroulette<\/a>ChatMatch introducerer smarte matchningsfunktioner, der fors\u00f8ger at parre brugere baseret p\u00e5 f\u00e6lles interesser, placering eller k\u00f8nspr\u00e6ferencer.<\/p>\n<p>ChatMatch blev lanceret i begyndelsen af 2020'erne og har langsomt f\u00e5et en loyal base af brugere, der leder efter noget lidt mere bevidst end ren tilf\u00e6ldighed. Den tilbyder en webcam-f\u00f8rste oplevelse rettet mod mennesker, der \u00f8nsker at skabe reelle forbindelser, hvad enten det drejer sig om venskab, afslappet flirt eller endda dating.<\/p>\n<p>Selvom ChatMatch ikke er en fuldgyldig dating-app, bev\u00e6ger den sig p\u00e5 gr\u00e6nsen mellem \u00f8jeblikkelig videochat og let matchmaking, hvilket g\u00f8r den ideel til brugere, der \u00f8nsker at g\u00e5 videre end meningsl\u00f8s smalltalk.<\/p>\n<h2>Hvad er m\u00e5let med ChatMatch?<\/h2>\n<p>ChatMatchs prim\u00e6re m\u00e5l er at skabe mere meningsfulde interaktioner i en verden af online videochat. I mods\u00e6tning til traditionelle platforme, hvor brugerne matches helt tilf\u00e6ldigt - hvilket ofte f\u00f8rer til mismatch eller kortvarige chats - fors\u00f8ger ChatMatch at give dig en bedre chance for at finde nogen, du faktisk er interesseret i at tale med.<\/p>\n<p>Den er bygget til:<\/p>\n<ul>\n<li>Folk, der vil have hurtige, levende forbindelser med et menneskeligt ansigt<\/li>\n<li>Brugere, der leder efter semi-kuraterede oplevelser uden fulde datingprofiler<\/li>\n<li>Personer, der er tr\u00e6tte af trolde, bots eller rent voksenorienterede <a href=\"https:\/\/strangercam.com\/da\/bazoocam\/\">cam<\/a> steder<\/li>\n<li>Alle, der er \u00e5bne for afslappet samv\u00e6r, let flirt eller potentiel dating<\/li>\n<\/ul>\n<h2>Vigtige funktioner<\/h2>\n<p>1. \u00d8jeblikkelig video-matching<br \/>\nKernen i ChatMatch er den tilf\u00e6ldige videochat, hvor du bliver parret med en anden bruger med det samme. Gr\u00e6nsefladen er elegant og moderne med underst\u00f8ttelse af HD-video og klar lyd. I mods\u00e6tning til \u00e6ldre platforme f\u00f8les ChatMatch ikke for\u00e6ldet eller klodset.<\/p>\n<p>2. Matchende pr\u00e6ferencer<br \/>\nDet er her, ChatMatch skiller sig ud. Brugere kan v\u00e6lge pr\u00e6ferencer baseret p\u00e5:<\/p>\n<ul>\n<li>K\u00f8n (mand, kvinde eller alle)<\/li>\n<li>Region eller sprog<\/li>\n<li>F\u00e6lles interesser (valgt fra en tag- eller kategoriliste)<\/li>\n<\/ul>\n<p>Disse filtre er ikke perfekte, men de hj\u00e6lper med at sk\u00e6re ned p\u00e5 helt irrelevante matches og f\u00f8rer til bedre samtaler.<\/p>\n<p>3. Support til tekstchat<br \/>\nEr du ikke klar til at g\u00e5 p\u00e5 kamera med det samme? Det er ikke noget problem. ChatMatch har en indbygget mulighed for tekstchat, der fungerer sammen med video, s\u00e5 brugerne kan bryde isen via beskeder, f\u00f8r de engagerer sig fuldt ud ansigt til ansigt.<\/p>\n<p>4. Konto- og profilsystem (valgfrit)<br \/>\nI mods\u00e6tning til platforme som Omegle giver ChatMatch dig mulighed for at oprette en profil. Du kan uploade et billede, v\u00e6lge interesser og endda linke til din Instagram (hvis du har lyst). Det er valgfrit at oprette en profil, men det \u00f8ger dine chancer for at blive matchet med lignende brugere.<\/p>\n<p>5. Mobilvenligt design<br \/>\nChatMatch er fuldt optimeret til mobil. Den indl\u00e6ses hurtigt, tilpasser sig mindre sk\u00e6rme og bevarer funktionaliteten p\u00e5 de fleste enheder. Selv om der endnu ikke er nogen selvst\u00e6ndig app, er mobilbrowseroplevelsen j\u00e6vn og tilg\u00e6ngelig.<\/p>\n<p>6. Brugermoderation og rapportering<br \/>\nPlatformen har indbyggede moderationsv\u00e6rkt\u00f8jer, herunder:<\/p>\n<ul>\n<li>En rapporteringsknap til upassende adf\u00e6rd<\/li>\n<li>En blokfunktion<\/li>\n<li>AI-baseret afsl\u00f8ring af n\u00f8genhed og spam<\/li>\n<\/ul>\n<p>Intet system er perfekt, men ChatMatch g\u00f8r et bedre stykke arbejde end de fleste med at holde milj\u00f8et relativt rent og respektfuldt.<\/p>\n<h2>Er ChatMatch gratis?<\/h2>\n<p>ChatMatch tilbyder en freemium-model.<\/p>\n<p>Gratis brugere kan:<\/p>\n<ul>\n<li>Deltag i tilf\u00e6ldige videochats<\/li>\n<li>Indstil grundl\u00e6ggende matchningspr\u00e6ferencer<\/li>\n<li>Brug platformen uden tidsbegr\u00e6nsning<\/li>\n<\/ul>\n<p>Betalende brugere f\u00e5r adgang til:<\/p>\n<ul>\n<li>Mere raffineret matchning (herunder avancerede filtre efter land, sprog eller interesser)<\/li>\n<li>En boost-funktion, der s\u00e6tter dig forrest i k\u00f8en<\/li>\n<li>Annoncefri oplevelse<\/li>\n<li>Premium-badge og \u00f8get synlighed<\/li>\n<\/ul>\n<p>Premium-abonnementet er prism\u00e6ssigt overkommeligt (typisk under $10\/m\u00e5ned), og selvom det ikke er n\u00f8dvendigt for at f\u00e5 gl\u00e6de af platformen, er det en god opgradering for brugere, der \u00f8nsker bedre kampe og f\u00e6rre afbrydelser.<\/p>\n<h2>Hvem bruger ChatMatch?<\/h2>\n<p>ChatMatch har tiltrukket en ret afbalanceret og international brugerbase. Platformen er popul\u00e6r i:<\/p>\n<ul>\n<li>Nordamerika<\/li>\n<li>Vesteuropa<\/li>\n<li>Syd\u00f8stasien<\/li>\n<\/ul>\n<p>Med hensyn til demografi:<\/p>\n<ul>\n<li>Brugerne er typisk i alderen 18 til 35 \u00e5r<\/li>\n<li>Et relativt afbalanceret forhold mellem m\u00e6nd og kvinder (bedre end hos mange konkurrenter)<\/li>\n<li>Mange brugere er \u00e5bne for casual dating eller flirt, mens andre blot er der for at chatte.<\/li>\n<\/ul>\n<p>Denne variation er en del af ChatMatchs tiltr\u00e6kningskraft - siden form\u00e5r at v\u00e6re afslappet uden at f\u00f8les snusket og social uden at v\u00e6re alt for seri\u00f8s.<\/p>\n<h2>Sikkerhed og m\u00e5dehold<\/h2>\n<p>Online chatplatforme er altid en blandet landhandel, n\u00e5r det g\u00e6lder sikkerhed, men ChatMatch h\u00e5ndterer det bedre end mange andre.<\/p>\n<p>Her er, hvad den g\u00f8r godt:<\/p>\n<ul>\n<li>Automatiseret indholdsfiltrering for at opdage n\u00f8genhed eller st\u00f8dende indhold<\/li>\n<li>Brugerrapportering og blokeringsv\u00e6rkt\u00f8jer, der rent faktisk virker<\/li>\n<li>Aktivt moderationsteam, der gennemg\u00e5r markerede brugere<\/li>\n<li>Ingen grund til at dele personlige oplysninger eller forbinde sociale konti, medmindre du v\u00e6lger det.<\/li>\n<\/ul>\n<p>Men som med alle andre chatplatforme b\u00f8r brugerne tage de s\u00e6dvanlige forholdsregler:<\/p>\n<ul>\n<li>Del ikke private oplysninger (e-mail, telefonnummer, placering)<\/li>\n<li>Klik ikke p\u00e5 mist\u00e6nkelige links<\/li>\n<li>Brug blok- og rapportfunktionerne flittigt<\/li>\n<li>Hvis du er mindre\u00e5rig, skal du undg\u00e5 platformen - den er kun for 18+.<\/li>\n<\/ul>\n<h2>Brugeroplevelse og gr\u00e6nseflade<\/h2>\n<p>ChatMatchs design er en af de bedste funktioner. Det er slankt, moderne og overskueligt. Videofeeds er store, knapperne er intuitive, og indstillingerne er nemme at finde. Uanset om du bruger det p\u00e5 computer eller mobil, tilpasser layoutet sig godt med fokus p\u00e5 at holde tingene distraktionsfrie.<\/p>\n<p>Indl\u00e6sningstiderne er hurtige, der er kun lidt forsinkelse selv p\u00e5 langsommere forbindelser, og generelt f\u00f8les platformen stabil og professionelt bygget. Den overv\u00e6lder dig ikke med pop-ups, notifikationer eller spammy-reklamer - en forfriskende forandring fra mange andre gratis chatplatforme.<\/p>\n<h2>ChatMatch vs. andre chatplatforme<\/h2>\n<p>Lad os se, hvordan ChatMatch klarer sig i forhold til nogle af sine popul\u00e6re konkurrenter:<\/p>\n<table>\n<thead>\n<tr>\n<th>Funktion<\/th>\n<th>ChatMatch<\/th>\n<th>Omegle<\/th>\n<th>Chatroulette<\/th>\n<th>Chatspin<\/th>\n<th>Emerald Chat<\/th>\n<\/tr>\n<\/thead>\n<tbody>\n<tr>\n<td>Videochat<\/td>\n<td>Ja<\/td>\n<td>Ja<\/td>\n<td>Ja<\/td>\n<td>Ja<\/td>\n<td>Ja<\/td>\n<\/tr>\n<tr>\n<td>Matchende pr\u00e6ferencer<\/td>\n<td>Ja<\/td>\n<td>Begr\u00e6nset<\/td>\n<td>Nej<\/td>\n<td>Ja<\/td>\n<td>Ja<\/td>\n<\/tr>\n<tr>\n<td>Mulighed for tekstchat<\/td>\n<td>Ja<\/td>\n<td>Ja<\/td>\n<td>Nej<\/td>\n<td>Ja<\/td>\n<td>Ja<\/td>\n<\/tr>\n<tr>\n<td>Tilmelding p\u00e5kr\u00e6vet<\/td>\n<td>Valgfrit<\/td>\n<td>Nej<\/td>\n<td>Nej<\/td>\n<td>Valgfrit<\/td>\n<td>Ja<\/td>\n<\/tr>\n<tr>\n<td>Mobiloptimeret<\/td>\n<td>Ja<\/td>\n<td>God<\/td>\n<td>Fair<\/td>\n<td>Fremragende<\/td>\n<td>God<\/td>\n<\/tr>\n<tr>\n<td>Moderation<\/td>\n<td>God<\/td>\n<td>Svag<\/td>\n<td>Minimal<\/td>\n<td>Moderat<\/td>\n<td>God<\/td>\n<\/tr>\n<tr>\n<td>Betalte funktioner<\/td>\n<td>Valgfrit<\/td>\n<td>Nej<\/td>\n<td>Nej<\/td>\n<td>Ja<\/td>\n<td>Ja<\/td>\n<\/tr>\n<\/tbody>\n<\/table>\n<p>Som tabellen viser, afbalancerer ChatMatch enkelheden i Omegle med raffinementet i platforme som Emerald Chat og tilbyder en hybridoplevelse, der giver dig det bedste fra begge verdener.<\/p>\n<h2>Fordele og ulemper<\/h2>\n<p>Fordele<\/p>\n<ul>\n<li>Ren og moderne brugerflade<\/li>\n<li>Matchende filtre forbedrer samtalekvaliteten<\/li>\n<li>Valgfrie profiler uden tvungen tilmelding<\/li>\n<li>Sikrere milj\u00f8 end de fleste gratis videochatplatforme<\/li>\n<li>Mulighed for tekst- og videochat<\/li>\n<li>Fungerer godt p\u00e5 mobil og desktop<\/li>\n<li>Freemium-model med v\u00e6rdifulde premium-opgraderinger<\/li>\n<\/ul>\n<p>Ulemper<\/p>\n<ul>\n<li>Stadig med forbehold for lejlighedsvis upassende indhold<\/li>\n<li>K\u00f8nsfiltre og interessematchning er ikke perfekte<\/li>\n<li>Ingen selvst\u00e6ndig mobilapp endnu<\/li>\n<li>Mindre brugerbase end Omegle eller Chatroulette<\/li>\n<li>Ikke ideel til langvarig dating eller opbygning af forhold<\/li>\n<\/ul>\n<h2>Ideelle brugsscenarier<\/h2>\n<p>ChatMatch er perfekt til:<\/p>\n<ul>\n<li>Folk, der \u00f8nsker afslappede sociale videochats med bedre matchning end total tilf\u00e6ldighed<\/li>\n<li>Brugere, der leder efter let flirt eller sjov samtale<\/li>\n<li>Dem, der s\u00f8ger et mere sikkert og respektfuldt alternativ til andre videochatplatforme<\/li>\n<li>Alle, der \u00f8nsker at chatte uden at oprette en fuld profil eller downloade en app<\/li>\n<\/ul>\n<p>Det er ikke ideelt til:<\/p>\n<ul>\n<li>Brugere, der forventer dybe forhold eller kompatibilitet p\u00e5 dating-app-niveau<\/li>\n<li>Folk, der foretr\u00e6kker anonyme chats med kun tekst<\/li>\n<li>Dem, der er p\u00e5 udkig efter massive brugerm\u00e6ngder som p\u00e5 Omegle<\/li>\n<\/ul>\n<h2>Endelig dom<\/h2>\n<p>ChatMatch er en af de mere afbalancerede og gennemt\u00e6nkte videochatplatforme, der findes. Den g\u00f8r et godt stykke arbejde med at kombinere spontanitet med en f\u00f8lelse af struktur. Uanset om du er der for at <a href=\"https:\/\/strangercam.com\/da\/coomeet\/\">m\u00f8des<\/a> nye mennesker, flirte eller bare tale med nogen uden for din s\u00e6dvanlige kreds, giver det en smidig, sikker og behagelig oplevelse.<\/p>\n<p>Muligheden for at bruge platformen gratis sammen med nyttige (men valgfrie) opgraderinger g\u00f8r den tilg\u00e6ngelig for alle typer brugere. Den fors\u00f8ger ikke at v\u00e6re en datingside eller en app til sociale medier - og det klare form\u00e5l virker til dens fordel.<\/p>\n<h2>Er ChatMatch v\u00e6rd at pr\u00f8ve?<\/h2>\n<p>Helt sikkert. Hvis du har v\u00e6ret frustreret over den kaotiske, umodererede f\u00f8lelse af \u00e6ldre chatplatforme, tilbyder ChatMatch et bedre alternativ. Den er moderne, velbygget og giver dig lidt mere kontrol over, hvem du chatter med - uden at \u00f8del\u00e6gge spontaniteten.<\/p>\n<p>Hvis du leder efter en smartere m\u00e5de at chatte med fremmede p\u00e5 nettet, fortjener ChatMatch en plads p\u00e5 din radar.<\/p>","protected":false},"excerpt":{"rendered":"<p>As the online chat space becomes more crowded, platforms are racing to stand out with smarter features, cleaner designs, and better user experiences. One platform that\u2019s starting to make a name for itself is ChatMatch \u2014 a web-based random video chat service that leans into algorithmic matching and real-time interaction without compromising on simplicity. But [&hellip;]<\/p>\n","protected":false},"author":6,"featured_media":0,"parent":0,"menu_order":0,"comment_status":"closed","ping_status":"closed","template":"","meta":{"footnotes":""},"class_list":["post-12812","page","type-page","status-publish","hentry"],"yoast_head":"<!-- This site is optimized with the Yoast SEO plugin v26.9 - https:\/\/yoast.com\/product\/yoast-seo-wordpress\/ -->\n<title>ChatMatch - Live video chat with girls on StrangerCam.com<\/title>\n<meta name=\"description\" content=\"Like ChatMatch? Come chat with more than 5.000.000 strangers on Stranger Cam for Free! Turn on your cam and find new friends &amp; maby a match!\" \/>\n<meta name=\"robots\" content=\"index, follow, max-snippet:-1, max-image-preview:large, max-video-preview:-1\" \/>\n<link rel=\"canonical\" href=\"https:\/\/strangercam.com\/da\/chatmatch\/\" \/>\n<meta property=\"og:locale\" content=\"da_DK\" \/>\n<meta property=\"og:type\" content=\"article\" \/>\n<meta property=\"og:title\" content=\"ChatMatch - Live video chat with girls on StrangerCam.com\" \/>\n<meta property=\"og:description\" content=\"Like ChatMatch? Come chat with more than 5.000.000 strangers on Stranger Cam for Free! Turn on your cam and find new friends &amp; maby a match!\" \/>\n<meta property=\"og:url\" content=\"https:\/\/strangercam.com\/da\/chatmatch\/\" \/>\n<meta property=\"og:site_name\" content=\"Strangercam\" \/>\n<meta property=\"article:publisher\" content=\"https:\/\/www.facebook.com\/strangercam\" \/>\n<meta property=\"og:image\" content=\"https:\/\/strangercam.com\/wp-content\/uploads\/2021\/10\/Untitled-2.png\" \/>\n\t<meta property=\"og:image:width\" content=\"800\" \/>\n\t<meta property=\"og:image:height\" content=\"532\" \/>\n\t<meta property=\"og:image:type\" content=\"image\/png\" \/>\n<meta name=\"twitter:card\" content=\"summary_large_image\" \/>\n<meta name=\"twitter:site\" content=\"@strangercamapp\" \/>\n<meta name=\"twitter:label1\" content=\"Estimeret l\u00e6setid\" \/>\n\t<meta name=\"twitter:data1\" content=\"7 minutter\" \/>\n<script type=\"application\/ld+json\" class=\"yoast-schema-graph\">{\"@context\":\"https:\/\/schema.org\",\"@graph\":[{\"@type\":\"WebPage\",\"@id\":\"https:\/\/strangercam.com\/chatmatch\/\",\"url\":\"https:\/\/strangercam.com\/chatmatch\/\",\"name\":\"ChatMatch - Live video chat with girls on StrangerCam.com\",\"isPartOf\":{\"@id\":\"https:\/\/strangercam.com\/#website\"},\"datePublished\":\"2025-04-22T11:45:21+00:00\",\"description\":\"Like ChatMatch? Come chat with more than 5.000.000 strangers on Stranger Cam for Free! Turn on your cam and find new friends & maby a match!\",\"breadcrumb\":{\"@id\":\"https:\/\/strangercam.com\/chatmatch\/#breadcrumb\"},\"inLanguage\":\"da-DK\",\"potentialAction\":[{\"@type\":\"ReadAction\",\"target\":[\"https:\/\/strangercam.com\/chatmatch\/\"]}]},{\"@type\":\"BreadcrumbList\",\"@id\":\"https:\/\/strangercam.com\/chatmatch\/#breadcrumb\",\"itemListElement\":[{\"@type\":\"ListItem\",\"position\":1,\"name\":\"Home\",\"item\":\"https:\/\/strangercam.com\/\"},{\"@type\":\"ListItem\",\"position\":2,\"name\":\"ChatMatch\"}]},{\"@type\":\"WebSite\",\"@id\":\"https:\/\/strangercam.com\/#website\",\"url\":\"https:\/\/strangercam.com\/\",\"name\":\"Strangercam\",\"description\":\"Random Video Chat with Strangers\",\"publisher\":{\"@id\":\"https:\/\/strangercam.com\/#organization\"},\"alternateName\":\"Strangercam.com\",\"potentialAction\":[{\"@type\":\"SearchAction\",\"target\":{\"@type\":\"EntryPoint\",\"urlTemplate\":\"https:\/\/strangercam.com\/?s={search_term_string}\"},\"query-input\":{\"@type\":\"PropertyValueSpecification\",\"valueRequired\":true,\"valueName\":\"search_term_string\"}}],\"inLanguage\":\"da-DK\"},{\"@type\":\"Organization\",\"@id\":\"https:\/\/strangercam.com\/#organization\",\"name\":\"Strangercam\",\"alternateName\":\"Strangercam.com\",\"url\":\"https:\/\/strangercam.com\/\",\"logo\":{\"@type\":\"ImageObject\",\"inLanguage\":\"da-DK\",\"@id\":\"https:\/\/strangercam.com\/#\/schema\/logo\/image\/\",\"url\":\"https:\/\/strangercam.com\/wp-content\/uploads\/2020\/11\/cropped-new-favicon-black.png\",\"contentUrl\":\"https:\/\/strangercam.com\/wp-content\/uploads\/2020\/11\/cropped-new-favicon-black.png\",\"width\":512,\"height\":512,\"caption\":\"Strangercam\"},\"image\":{\"@id\":\"https:\/\/strangercam.com\/#\/schema\/logo\/image\/\"},\"sameAs\":[\"https:\/\/www.facebook.com\/strangercam\",\"https:\/\/x.com\/strangercamapp\"]}]}<\/script>\n<!-- \/ Yoast SEO plugin. -->","yoast_head_json":{"title":"ChatMatch - Live videochat med piger p\u00e5 StrangerCam.com","description":"Kan du lide ChatMatch? Kom og chat med mere end 5.000.000 fremmede p\u00e5 Stranger Cam helt gratis! T\u00e6nd for dit kamera og find nye venner og m\u00e5ske et match!","robots":{"index":"index","follow":"follow","max-snippet":"max-snippet:-1","max-image-preview":"max-image-preview:large","max-video-preview":"max-video-preview:-1"},"canonical":"https:\/\/strangercam.com\/da\/chatmatch\/","og_locale":"da_DK","og_type":"article","og_title":"ChatMatch - Live video chat with girls on StrangerCam.com","og_description":"Like ChatMatch? Come chat with more than 5.000.000 strangers on Stranger Cam for Free! Turn on your cam and find new friends & maby a match!","og_url":"https:\/\/strangercam.com\/da\/chatmatch\/","og_site_name":"Strangercam","article_publisher":"https:\/\/www.facebook.com\/strangercam","og_image":[{"width":800,"height":532,"url":"https:\/\/strangercam.com\/wp-content\/uploads\/2021\/10\/Untitled-2.png","type":"image\/png"}],"twitter_card":"summary_large_image","twitter_site":"@strangercamapp","twitter_misc":{"Estimeret l\u00e6setid":"7 minutter"},"schema":{"@context":"https:\/\/schema.org","@graph":[{"@type":"WebPage","@id":"https:\/\/strangercam.com\/chatmatch\/","url":"https:\/\/strangercam.com\/chatmatch\/","name":"ChatMatch - Live videochat med piger p\u00e5 StrangerCam.com","isPartOf":{"@id":"https:\/\/strangercam.com\/#website"},"datePublished":"2025-04-22T11:45:21+00:00","description":"Kan du lide ChatMatch? Kom og chat med mere end 5.000.000 fremmede p\u00e5 Stranger Cam helt gratis! T\u00e6nd for dit kamera og find nye venner og m\u00e5ske et match!","breadcrumb":{"@id":"https:\/\/strangercam.com\/chatmatch\/#breadcrumb"},"inLanguage":"da-DK","potentialAction":[{"@type":"ReadAction","target":["https:\/\/strangercam.com\/chatmatch\/"]}]},{"@type":"BreadcrumbList","@id":"https:\/\/strangercam.com\/chatmatch\/#breadcrumb","itemListElement":[{"@type":"ListItem","position":1,"name":"Home","item":"https:\/\/strangercam.com\/"},{"@type":"ListItem","position":2,"name":"ChatMatch"}]},{"@type":"WebSite","@id":"https:\/\/strangercam.com\/#website","url":"https:\/\/strangercam.com\/","name":"Strangercam","description":"Tilf\u00e6ldig videochat med fremmede","publisher":{"@id":"https:\/\/strangercam.com\/#organization"},"alternateName":"Strangercam.com","potentialAction":[{"@type":"SearchAction","target":{"@type":"EntryPoint","urlTemplate":"https:\/\/strangercam.com\/?s={search_term_string}"},"query-input":{"@type":"PropertyValueSpecification","valueRequired":true,"valueName":"search_term_string"}}],"inLanguage":"da-DK"},{"@type":"Organization","@id":"https:\/\/strangercam.com\/#organization","name":"Strangercam","alternateName":"Strangercam.com","url":"https:\/\/strangercam.com\/","logo":{"@type":"ImageObject","inLanguage":"da-DK","@id":"https:\/\/strangercam.com\/#\/schema\/logo\/image\/","url":"https:\/\/strangercam.com\/wp-content\/uploads\/2020\/11\/cropped-new-favicon-black.png","contentUrl":"https:\/\/strangercam.com\/wp-content\/uploads\/2020\/11\/cropped-new-favicon-black.png","width":512,"height":512,"caption":"Strangercam"},"image":{"@id":"https:\/\/strangercam.com\/#\/schema\/logo\/image\/"},"sameAs":["https:\/\/www.facebook.com\/strangercam","https:\/\/x.com\/strangercamapp"]}]}},"_links":{"self":[{"href":"https:\/\/strangercam.com\/da\/wp-json\/wp\/v2\/pages\/12812","targetHints":{"allow":["GET"]}}],"collection":[{"href":"https:\/\/strangercam.com\/da\/wp-json\/wp\/v2\/pages"}],"about":[{"href":"https:\/\/strangercam.com\/da\/wp-json\/wp\/v2\/types\/page"}],"author":[{"embeddable":true,"href":"https:\/\/strangercam.com\/da\/wp-json\/wp\/v2\/users\/6"}],"replies":[{"embeddable":true,"href":"https:\/\/strangercam.com\/da\/wp-json\/wp\/v2\/comments?post=12812"}],"version-history":[{"count":2,"href":"https:\/\/strangercam.com\/da\/wp-json\/wp\/v2\/pages\/12812\/revisions"}],"predecessor-version":[{"id":12814,"href":"https:\/\/strangercam.com\/da\/wp-json\/wp\/v2\/pages\/12812\/revisions\/12814"}],"wp:attachment":[{"href":"https:\/\/strangercam.com\/da\/wp-json\/wp\/v2\/media?parent=12812"}],"curies":[{"name":"wp","href":"https:\/\/api.w.org\/{rel}","templated":true}]}}