{"id":12808,"date":"2025-04-22T13:39:13","date_gmt":"2025-04-22T11:39:13","guid":{"rendered":"https:\/\/strangercam.com\/?page_id=12808"},"modified":"2025-04-22T13:39:25","modified_gmt":"2025-04-22T11:39:25","slug":"ifreechat","status":"publish","type":"page","link":"https:\/\/strangercam.com\/da\/ifreechat\/","title":{"rendered":"iFreeChat"},"content":{"rendered":"<p>I en verden, hvor video <a href=\"https:\/\/strangercam.com\/da\/chatroulette\/\">chat<\/a> apps bliver mere og mere polerede, filtrerede og indt\u00e6gtsgivende, er der en lille, men vedvarende eftersp\u00f8rgsel efter noget mere r\u00e5t og minimalistisk. Det er her, iFreeChat kommer ind i billedet. Den er ikke prangende, den er ikke fyldt med h\u00f8jteknologiske funktioner, og den koster dig ikke en \u00f8re. Men giver den virkelig v\u00e6rdi? Og endnu vigtigere - er den din tid v\u00e6rd?<\/p>\n<p>I denne udvidede gennemgang d\u00e6kker vi alt, hvad du har brug for at vide om iFreeChat: hvad det er, hvem der bruger det, hvordan det fungerer, om det er sikkert, og hvordan det klarer sig i forhold til konkurrenterne.<\/p>\n<h2>Hvad er iFreeChat?<\/h2>\n<p>iFreeChat er en helt gratis online chatplatform, der giver brugerne mulighed for at deltage i en-til-en tekstbaserede samtaler med fremmede fra hele verden. I mods\u00e6tning til mere moderne platforme, der l\u00e6gger v\u00e6gt p\u00e5 video, filtre eller spiloplevelser, holder iFreeChat det enkelt: anonym chat med kun tekst, uden krav om login og uden betingelser.<\/p>\n<p>iFreeChat blev lanceret i begyndelsen af 2010'erne og har stille og roligt opretholdt en stabil str\u00f8m af brugere, mest takket v\u00e6re sit ultralette design, hurtige indl\u00e6sningstider og adgang uden barrierer. Den tilh\u00f8rer samme klasse af platforme som <a href=\"https:\/\/strangercam.com\/da\/omegle\/\">Omegle<\/a> (f\u00f8r video-\u00e6raen) og <a href=\"https:\/\/strangercam.com\/da\/chatib\/\">Chatib<\/a>, Det appellerer til dem, der foretr\u00e6kker en gammeldags chatrumsstemning frem for webcam-interaktion.<\/p>\n<h2>Hvad er form\u00e5let med iFreeChat?<\/h2>\n<p>Hovedform\u00e5let med iFreeChat er at facilitere spontane, anonyme samtaler mellem fremmede. Uanset om du \u00f8nsker at sl\u00e5 tiden ihjel, f\u00e5 en ny ven, flirte med en person p\u00e5 den anden side af jorden eller bare nyde lidt menneskelig interaktion uden forpligtelser, s\u00e5 leverer iFreeChat det p\u00e5 den mest enkle m\u00e5de.<\/p>\n<p>Dette er ikke en platform for langvarige forhold, datingprofiler eller kuraterede personaer p\u00e5 sociale medier. Det er til afslappede samtaler i realtid - og intet andet. Appellen ligger i muligheden for at hoppe ind i en samtale uden at logge ind, tilmelde sig eller navigere gennem annoncer og betalingsmure.<\/p>\n<h2>Vigtige funktioner<\/h2>\n<p>Mens iFreeChat med vilje er let p\u00e5 funktioner, er her, hvad den tilbyder:<\/p>\n<p>1. \u00d8jeblikkelig anonym chat<br \/>\nS\u00e5 snart du lander p\u00e5 hjemmesiden, er du kun et klik v\u00e6k fra at chatte med en fremmed. Der er ingen grund til at tilmelde sig, ingen kontooprettelse og ingen e-mailbekr\u00e6ftelse. Du skal blot klikke p\u00e5 \u201cStart Chatting\u201d, og s\u00e5 bliver du matchet med en anden bruger i realtid.<\/p>\n<p>2. Kun tekstbaseret chat<br \/>\nI mods\u00e6tning til mange moderne konkurrenter underst\u00f8tter iFreeChat ikke video- eller lydchat. Al kommunikation foreg\u00e5r via almindelig tekst. Det har b\u00e5de fordele (mere anonymitet, mindre pres for at vise sit ansigt) og ulemper (mindre personlig forbindelse, st\u00f8rre risiko for trolde).<\/p>\n<p>3. Emne-chatrum (begr\u00e6nset)<br \/>\nUd over en-til-en-chats tilbyder iFreeChat et par offentlige chatrum, der er kategoriseret efter emner som \u201cTilf\u00e6ldig\u201d, \u201cTeen Chat\u201d, \u201cFlirt\u201d, \u201cVoksen\u201d og \u201cInternational\u201d. Disse rum minder mere om klassiske opslagstavler i IRC-stil end om moderne gruppechatrum. De er meget basale, men giver brugerne mulighed for at deltage i gruppediskussioner.<\/p>\n<p>4. Ingen filtre eller matchende pr\u00e6ferencer<br \/>\nDer er ingen filtre for k\u00f8n, placering eller interesser. Alt er tilf\u00e6ldigt. Hvis du \u00f8nsker at tale med en bestemt type person, er dette ikke platformen til det. Det attraktive her er uforudsigeligheden.<\/p>\n<p>5. Kompatibel med mobil og computer<br \/>\niFreeChat k\u00f8rer rimeligt godt p\u00e5 mobile enheder via browseren, men brugeroplevelsen er bedre p\u00e5 en computer. Der er ingen dedikeret mobilapp.<\/p>\n<p>6. Ingen download p\u00e5kr\u00e6vet<br \/>\nDa den er webbaseret, beh\u00f8ver du ikke at installere noget. Det g\u00f8r iFreeChat meget tilg\u00e6ngelig, is\u00e6r for brugere p\u00e5 offentlige eller delte computere.<\/p>\n<h2>Er iFreeChat gratis?<\/h2>\n<p>Ja, iFreeChat er 100% gratis at bruge. Der er ingen skjulte gebyrer, opgraderinger eller medlemskaber. Du beh\u00f8ver ikke engang at registrere dig. Siden tjener kun lidt penge gennem annoncer, som ikke er p\u00e5tr\u00e6ngende og ikke forstyrrer chatoplevelsen. N\u00e5r det er sagt, kommer frav\u00e6ret af indt\u00e6gtsgenerering ogs\u00e5 med nogle begr\u00e6nsninger, is\u00e6r n\u00e5r det g\u00e6lder moderation og sikkerhedsfunktioner.<\/p>\n<h2>Hvem bruger iFreeChat?<\/h2>\n<p>Brugerbasen for iFreeChat er ret forskelligartet. Baseret p\u00e5 vores observationer falder st\u00f8rstedelen af brugerne ind under f\u00f8lgende kategorier:<\/p>\n<ul>\n<li>Teenagere og unge voksne i alderen 15 til 30 \u00e5r<\/li>\n<li>Folk, der leder efter let flirt eller online kammeratskab<\/li>\n<li>Brugere i regioner med begr\u00e6nset adgang til moderne chat-apps<\/li>\n<li>Fans af gammeldags, anonym chat<\/li>\n<li>Brugere, der er generte eller privatlivsbevidste og foretr\u00e6kker ikke at bruge video<\/li>\n<\/ul>\n<p>Geografisk kommer brugerne fra hele verden, med st\u00e6rk repr\u00e6sentation fra USA, Indien, Storbritannien og dele af Europa og Syd\u00f8stasien. Da der ikke er nogen brugerprofilering eller login, er det sv\u00e6rt at f\u00e5 pr\u00e6cise demografiske oplysninger, men der er en tendens til, at brugerne er ret internationale og har en lille overv\u00e6gt af m\u00e6nd, is\u00e6r i den private chat.<\/p>\n<h2>Sikkerhed og privatliv<\/h2>\n<p>Det er her, tingene bliver mere alvorlige. iFreeChat's st\u00f8rste ulempe er den manglende moderation. Da der ikke er nogen registrering, er der heller ingen ansvarlighed, hvilket kan f\u00f8re til upassende indhold, trolling og nogle gange st\u00f8dende adf\u00e6rd. Der er et par grundl\u00e6ggende retningslinjer og en \"Rapporter bruger\"-knap, men de ser ikke ud til at blive h\u00e5ndh\u00e6vet eller overv\u00e5get i s\u00e6rlig h\u00f8j grad.<\/p>\n<p>For brugere, der v\u00e6rds\u00e6tter privatliv og anonymitet, kan det v\u00e6re b\u00e5de et plus og et minus. P\u00e5 den ene side opgiver du ingen personlige oplysninger. P\u00e5 den anden side kan du st\u00f8de p\u00e5 folk, der misbruger anonymiteten til negativ adf\u00e6rd.<\/p>\n<p>Her er nogle sikkerhedstips til brug af iFreeChat:<\/p>\n<ul>\n<li>Del aldrig personlige oplysninger<\/li>\n<li>Undg\u00e5 at klikke p\u00e5 links sendt af andre brugere<\/li>\n<li>Brug en VPN, hvis du er bekymret for IP-sporing<\/li>\n<li>V\u00e6r forberedt p\u00e5 at forlade samtalen hurtigt, hvis den bliver upassende.<\/li>\n<\/ul>\n<h2>Brugeroplevelse og design<\/h2>\n<p>iFreeChat er ekstremt let. Designet er helt enkelt - ingen moderne UI-elementer, ingen avatarer, ingen indl\u00e6sningsanimationer. Gr\u00e6nsefladen best\u00e5r af en chatboks, et par grundl\u00e6ggende knapper og intet andet. Det g\u00f8r, at den indl\u00e6ses meget hurtigt, selv p\u00e5 langsomme forbindelser, og den er overraskende stabil p\u00e5 trods af sin enkelhed.<\/p>\n<p>Selv om minimalistisk design har sin charme, kan nogle brugere finde det for for\u00e6ldet eller uindbydende, is\u00e6r sammenlignet med visuelt polerede platforme som Chatspin eller <a href=\"https:\/\/strangercam.com\/da\/emerald-chat\/\">Smaragd<\/a> Chat. Men for brugere, der s\u00e6tter pris p\u00e5 hastighed og enkelhed, klarer den opgaven uden forstyrrelser.<\/p>\n<h2>iFreeChat vs. andre chatplatforme<\/h2>\n<p>For at forst\u00e5, hvor iFreeChat passer ind i \u00f8kosystemet af online chatplatforme, er her en hurtig sammenligning med et par popul\u00e6re alternativer:<\/p>\n<table>\n<thead>\n<tr>\n<th>Funktion<\/th>\n<th>iFreeChat<\/th>\n<th>Omegle<\/th>\n<th>Chatib<\/th>\n<th>Chatrandom<\/th>\n<th>Emerald Chat<\/th>\n<\/tr>\n<\/thead>\n<tbody>\n<tr>\n<td>Tekst-chat<\/td>\n<td>Ja<\/td>\n<td>Ja<\/td>\n<td>Ja<\/td>\n<td>Ja<\/td>\n<td>Ja<\/td>\n<\/tr>\n<tr>\n<td><a href=\"https:\/\/strangercam.com\/da\/coomeet\/\">Videochat<\/a><\/td>\n<td>Nej<\/td>\n<td>Ja<\/td>\n<td>Nej<\/td>\n<td>Ja<\/td>\n<td>Ja<\/td>\n<\/tr>\n<tr>\n<td>Anonym brug<\/td>\n<td>Ja<\/td>\n<td>Ja<\/td>\n<td>Ja<\/td>\n<td>Ja<\/td>\n<td>Valgfrit<\/td>\n<\/tr>\n<tr>\n<td>K\u00f8nsfilter<\/td>\n<td>Nej<\/td>\n<td>Betalt<\/td>\n<td>Nej<\/td>\n<td>Betalt<\/td>\n<td>Ja<\/td>\n<\/tr>\n<tr>\n<td>Emne chatrum<\/td>\n<td>Begr\u00e6nset<\/td>\n<td>Nej<\/td>\n<td>Ja<\/td>\n<td>Nej<\/td>\n<td>Nej<\/td>\n<\/tr>\n<tr>\n<td>Moderation<\/td>\n<td>Minimal<\/td>\n<td>Minimal<\/td>\n<td>Minimal<\/td>\n<td>Moderat<\/td>\n<td>God<\/td>\n<\/tr>\n<tr>\n<td>Mobil support<\/td>\n<td>Okay<\/td>\n<td>God<\/td>\n<td>Okay<\/td>\n<td>God<\/td>\n<td>God<\/td>\n<\/tr>\n<tr>\n<td>Tilmelding p\u00e5kr\u00e6vet<\/td>\n<td>Nej<\/td>\n<td>Nej<\/td>\n<td>Nej<\/td>\n<td>Nej<\/td>\n<td>Ja<\/td>\n<\/tr>\n<\/tbody>\n<\/table>\n<p>iFreeChat kan ikke konkurrere med hensyn til funktioner, men den kan sagtens klare sig, n\u00e5r det g\u00e6lder ren, hurtig og anonym chat.<\/p>\n<h2>Fordele og ulemper<\/h2>\n<p>Fordele:<\/p>\n<ul>\n<li>Helt gratis og anonymt<\/li>\n<li>Ingen tilmelding eller installation p\u00e5kr\u00e6vet<\/li>\n<li>\u00d8jeblikkelig adgang til en-til-en- eller gruppechat<\/li>\n<li>Hurtig indl\u00e6sning, selv p\u00e5 langsomme netv\u00e6rk<\/li>\n<li>Fungerer p\u00e5 b\u00e5de desktop- og mobilbrowsere<\/li>\n<\/ul>\n<p>Ulemper:<\/p>\n<ul>\n<li>For\u00e6ldet brugergr\u00e6nseflade<\/li>\n<li>Ingen video- eller lydindstillinger<\/li>\n<li>Ingen filtrering eller matchende kontrol<\/li>\n<li>Minimal moderering og mulighed for upassende indhold<\/li>\n<li>Begr\u00e6nset aktivitet i emnerummet<\/li>\n<li>Kan f\u00f8les gentagende eller tilf\u00e6ldig over tid<\/li>\n<\/ul>\n<h2>Ideelle brugsscenarier<\/h2>\n<p>iFreeChat er bedst egnet til:<\/p>\n<ul>\n<li>Brugere, der foretr\u00e6kker interaktion med kun tekst<\/li>\n<li>Folk, der \u00f8nsker at chatte uden at dele personlige oplysninger<\/li>\n<li>Tilf\u00e6ldig, kortvarig social interaktion<\/li>\n<li>\u00c6ldre brugere, der n\u00f8d de tidlige internet-chatrooms og gerne vil have en nostalgisk oplevelse<\/li>\n<\/ul>\n<p>Det er ikke ideelt til:<\/p>\n<ul>\n<li>Dem, der \u00f8nsker videochat eller mere engagerende formater<\/li>\n<li>Brugere, der \u00f8nsker datingfunktioner eller matchningsalgoritmer<\/li>\n<li>Folk, der leder efter et kurateret eller trygt f\u00e6llesskab<\/li>\n<\/ul>\n<h2>Endelig dom<\/h2>\n<p>iFreeChat er en tilbagevenden til en enklere \u00e6ra p\u00e5 internettet - en \u00e6ra, hvor det at chatte med fremmede bet\u00f8d at dykke direkte ned i tekstbaserede samtaler uden filtre, uden profiler og uden forpligtelser. Denne enkelhed er dens st\u00f8rste styrke, men ogs\u00e5 dens st\u00f8rste svaghed.<\/p>\n<p>Hvis du leder efter noget poleret, socialt og f\u00e6llesskabsdrevet, er der bedre muligheder. Men hvis du s\u00e6tter pris p\u00e5 hastighed og anonymitet og ikke har noget imod et par uj\u00e6vne kanter, har iFreeChat stadig en plads i onlinechatverdenen.<\/p>\n<p>For brugere, der savner de gamle dage med samtaler i IRC-stil eller bare \u00f8nsker at sl\u00e5 et par minutter ihjel ved at chatte anonymt, er det et p\u00e5lideligt (om end grundl\u00e6ggende) v\u00e6rkt\u00f8j, der stadig holder i en tid med video-f\u00f8rste apps.<\/p>\n<h2>Tips til en bedre oplevelse<\/h2>\n<ul>\n<li>Brug desktop for et mere stabilt og brugervenligt layout<\/li>\n<li>Pr\u00f8v sessioner sent om aftenen for mere aktive brugere<\/li>\n<li>Forvent ikke dybe eller varige forbindelser - det er mere for sjov og afslappet samtale<\/li>\n<li>Hold forventningerne nede med hensyn til moderation eller sikkerhed<\/li>\n<\/ul>\n<h2>Er iFreeChat det v\u00e6rd?<\/h2>\n<p>Kort sagt: Ja, hvis du er ude efter enkelhed og anonymitet. Men nej, hvis du leder efter en mere avanceret, sikker eller funktionsrig chatplatform. Det hele afh\u00e6nger af, hvilken slags online chatoplevelse du er ude efter.<\/p>","protected":false},"excerpt":{"rendered":"<p>In a world where video chat apps are becoming increasingly polished, filtered, and monetized, there\u2019s a small but persistent demand for something more raw and minimalist. That\u2019s where iFreeChat comes in. It\u2019s not flashy, it\u2019s not packed with high-tech features, and it won\u2019t cost you a cent. But does it offer real value? And more [&hellip;]<\/p>\n","protected":false},"author":6,"featured_media":0,"parent":0,"menu_order":0,"comment_status":"closed","ping_status":"closed","template":"","meta":{"footnotes":""},"class_list":["post-12808","page","type-page","status-publish","hentry"],"yoast_head":"<!-- This site is optimized with the Yoast SEO plugin v27.4 - https:\/\/yoast.com\/product\/yoast-seo-wordpress\/ -->\n<title>iFreeChat - Live video chat with girls on StrangerCam.com<\/title>\n<meta name=\"description\" content=\"Like iFreeChat? Come chat with more than 5.000.000 strangers on Stranger Cam for Free! Turn on your cam and find new friends &amp; maby a match!\" \/>\n<meta name=\"robots\" content=\"index, follow, max-snippet:-1, max-image-preview:large, max-video-preview:-1\" \/>\n<link rel=\"canonical\" href=\"https:\/\/strangercam.com\/da\/ifreechat\/\" \/>\n<meta property=\"og:locale\" content=\"da_DK\" \/>\n<meta property=\"og:type\" content=\"article\" \/>\n<meta property=\"og:title\" content=\"iFreeChat - Live video chat with girls on StrangerCam.com\" \/>\n<meta property=\"og:description\" content=\"Like iFreeChat? Come chat with more than 5.000.000 strangers on Stranger Cam for Free! Turn on your cam and find new friends &amp; maby a match!\" \/>\n<meta property=\"og:url\" content=\"https:\/\/strangercam.com\/da\/ifreechat\/\" \/>\n<meta property=\"og:site_name\" content=\"Strangercam\" \/>\n<meta property=\"article:publisher\" content=\"https:\/\/www.facebook.com\/strangercam\" \/>\n<meta property=\"article:modified_time\" content=\"2025-04-22T11:39:25+00:00\" \/>\n<meta property=\"og:image\" content=\"https:\/\/strangercam.com\/wp-content\/uploads\/2021\/10\/Untitled-2.png\" \/>\n\t<meta property=\"og:image:width\" content=\"800\" \/>\n\t<meta property=\"og:image:height\" content=\"532\" \/>\n\t<meta property=\"og:image:type\" content=\"image\/png\" \/>\n<meta name=\"twitter:card\" content=\"summary_large_image\" \/>\n<meta name=\"twitter:site\" content=\"@strangercamapp\" \/>\n<meta name=\"twitter:label1\" content=\"Estimeret l\u00e6setid\" \/>\n\t<meta name=\"twitter:data1\" content=\"7 minutter\" \/>\n<script type=\"application\/ld+json\" class=\"yoast-schema-graph\">{\"@context\":\"https:\\\/\\\/schema.org\",\"@graph\":[{\"@type\":\"WebPage\",\"@id\":\"https:\\\/\\\/strangercam.com\\\/ifreechat\\\/\",\"url\":\"https:\\\/\\\/strangercam.com\\\/ifreechat\\\/\",\"name\":\"iFreeChat - Live video chat with girls on StrangerCam.com\",\"isPartOf\":{\"@id\":\"https:\\\/\\\/strangercam.com\\\/#website\"},\"datePublished\":\"2025-04-22T11:39:13+00:00\",\"dateModified\":\"2025-04-22T11:39:25+00:00\",\"description\":\"Like iFreeChat? Come chat with more than 5.000.000 strangers on Stranger Cam for Free! Turn on your cam and find new friends & maby a match!\",\"breadcrumb\":{\"@id\":\"https:\\\/\\\/strangercam.com\\\/ifreechat\\\/#breadcrumb\"},\"inLanguage\":\"da-DK\",\"potentialAction\":[{\"@type\":\"ReadAction\",\"target\":[\"https:\\\/\\\/strangercam.com\\\/ifreechat\\\/\"]}]},{\"@type\":\"BreadcrumbList\",\"@id\":\"https:\\\/\\\/strangercam.com\\\/ifreechat\\\/#breadcrumb\",\"itemListElement\":[{\"@type\":\"ListItem\",\"position\":1,\"name\":\"Home\",\"item\":\"https:\\\/\\\/strangercam.com\\\/\"},{\"@type\":\"ListItem\",\"position\":2,\"name\":\"iFreeChat\"}]},{\"@type\":\"WebSite\",\"@id\":\"https:\\\/\\\/strangercam.com\\\/#website\",\"url\":\"https:\\\/\\\/strangercam.com\\\/\",\"name\":\"Strangercam\",\"description\":\"Random Video Chat with Strangers\",\"publisher\":{\"@id\":\"https:\\\/\\\/strangercam.com\\\/#organization\"},\"alternateName\":\"Strangercam.com\",\"potentialAction\":[{\"@type\":\"SearchAction\",\"target\":{\"@type\":\"EntryPoint\",\"urlTemplate\":\"https:\\\/\\\/strangercam.com\\\/?s={search_term_string}\"},\"query-input\":{\"@type\":\"PropertyValueSpecification\",\"valueRequired\":true,\"valueName\":\"search_term_string\"}}],\"inLanguage\":\"da-DK\"},{\"@type\":\"Organization\",\"@id\":\"https:\\\/\\\/strangercam.com\\\/#organization\",\"name\":\"Strangercam\",\"alternateName\":\"Strangercam.com\",\"url\":\"https:\\\/\\\/strangercam.com\\\/\",\"logo\":{\"@type\":\"ImageObject\",\"inLanguage\":\"da-DK\",\"@id\":\"https:\\\/\\\/strangercam.com\\\/#\\\/schema\\\/logo\\\/image\\\/\",\"url\":\"https:\\\/\\\/strangercam.com\\\/wp-content\\\/uploads\\\/2020\\\/11\\\/cropped-new-favicon-black.png\",\"contentUrl\":\"https:\\\/\\\/strangercam.com\\\/wp-content\\\/uploads\\\/2020\\\/11\\\/cropped-new-favicon-black.png\",\"width\":512,\"height\":512,\"caption\":\"Strangercam\"},\"image\":{\"@id\":\"https:\\\/\\\/strangercam.com\\\/#\\\/schema\\\/logo\\\/image\\\/\"},\"sameAs\":[\"https:\\\/\\\/www.facebook.com\\\/strangercam\",\"https:\\\/\\\/x.com\\\/strangercamapp\"]}]}<\/script>\n<!-- \/ Yoast SEO plugin. -->","yoast_head_json":{"title":"iFreeChat - Live videochat med piger p\u00e5 StrangerCam.com","description":"Kan du lide iFreeChat? Kom og chat med mere end 5.000.000 fremmede p\u00e5 Stranger Cam helt gratis! T\u00e6nd for dit kamera og find nye venner og m\u00e5ske et match!","robots":{"index":"index","follow":"follow","max-snippet":"max-snippet:-1","max-image-preview":"max-image-preview:large","max-video-preview":"max-video-preview:-1"},"canonical":"https:\/\/strangercam.com\/da\/ifreechat\/","og_locale":"da_DK","og_type":"article","og_title":"iFreeChat - Live video chat with girls on StrangerCam.com","og_description":"Like iFreeChat? Come chat with more than 5.000.000 strangers on Stranger Cam for Free! Turn on your cam and find new friends & maby a match!","og_url":"https:\/\/strangercam.com\/da\/ifreechat\/","og_site_name":"Strangercam","article_publisher":"https:\/\/www.facebook.com\/strangercam","article_modified_time":"2025-04-22T11:39:25+00:00","og_image":[{"width":800,"height":532,"url":"https:\/\/strangercam.com\/wp-content\/uploads\/2021\/10\/Untitled-2.png","type":"image\/png"}],"twitter_card":"summary_large_image","twitter_site":"@strangercamapp","twitter_misc":{"Estimeret l\u00e6setid":"7 minutter"},"schema":{"@context":"https:\/\/schema.org","@graph":[{"@type":"WebPage","@id":"https:\/\/strangercam.com\/ifreechat\/","url":"https:\/\/strangercam.com\/ifreechat\/","name":"iFreeChat - Live videochat med piger p\u00e5 StrangerCam.com","isPartOf":{"@id":"https:\/\/strangercam.com\/#website"},"datePublished":"2025-04-22T11:39:13+00:00","dateModified":"2025-04-22T11:39:25+00:00","description":"Kan du lide iFreeChat? Kom og chat med mere end 5.000.000 fremmede p\u00e5 Stranger Cam helt gratis! T\u00e6nd for dit kamera og find nye venner og m\u00e5ske et match!","breadcrumb":{"@id":"https:\/\/strangercam.com\/ifreechat\/#breadcrumb"},"inLanguage":"da-DK","potentialAction":[{"@type":"ReadAction","target":["https:\/\/strangercam.com\/ifreechat\/"]}]},{"@type":"BreadcrumbList","@id":"https:\/\/strangercam.com\/ifreechat\/#breadcrumb","itemListElement":[{"@type":"ListItem","position":1,"name":"Home","item":"https:\/\/strangercam.com\/"},{"@type":"ListItem","position":2,"name":"iFreeChat"}]},{"@type":"WebSite","@id":"https:\/\/strangercam.com\/#website","url":"https:\/\/strangercam.com\/","name":"Strangercam","description":"Tilf\u00e6ldig videochat med fremmede","publisher":{"@id":"https:\/\/strangercam.com\/#organization"},"alternateName":"Strangercam.com","potentialAction":[{"@type":"SearchAction","target":{"@type":"EntryPoint","urlTemplate":"https:\/\/strangercam.com\/?s={search_term_string}"},"query-input":{"@type":"PropertyValueSpecification","valueRequired":true,"valueName":"search_term_string"}}],"inLanguage":"da-DK"},{"@type":"Organization","@id":"https:\/\/strangercam.com\/#organization","name":"Strangercam","alternateName":"Strangercam.com","url":"https:\/\/strangercam.com\/","logo":{"@type":"ImageObject","inLanguage":"da-DK","@id":"https:\/\/strangercam.com\/#\/schema\/logo\/image\/","url":"https:\/\/strangercam.com\/wp-content\/uploads\/2020\/11\/cropped-new-favicon-black.png","contentUrl":"https:\/\/strangercam.com\/wp-content\/uploads\/2020\/11\/cropped-new-favicon-black.png","width":512,"height":512,"caption":"Strangercam"},"image":{"@id":"https:\/\/strangercam.com\/#\/schema\/logo\/image\/"},"sameAs":["https:\/\/www.facebook.com\/strangercam","https:\/\/x.com\/strangercamapp"]}]}},"_links":{"self":[{"href":"https:\/\/strangercam.com\/da\/wp-json\/wp\/v2\/pages\/12808","targetHints":{"allow":["GET"]}}],"collection":[{"href":"https:\/\/strangercam.com\/da\/wp-json\/wp\/v2\/pages"}],"about":[{"href":"https:\/\/strangercam.com\/da\/wp-json\/wp\/v2\/types\/page"}],"author":[{"embeddable":true,"href":"https:\/\/strangercam.com\/da\/wp-json\/wp\/v2\/users\/6"}],"replies":[{"embeddable":true,"href":"https:\/\/strangercam.com\/da\/wp-json\/wp\/v2\/comments?post=12808"}],"version-history":[{"count":1,"href":"https:\/\/strangercam.com\/da\/wp-json\/wp\/v2\/pages\/12808\/revisions"}],"predecessor-version":[{"id":12811,"href":"https:\/\/strangercam.com\/da\/wp-json\/wp\/v2\/pages\/12808\/revisions\/12811"}],"wp:attachment":[{"href":"https:\/\/strangercam.com\/da\/wp-json\/wp\/v2\/media?parent=12808"}],"curies":[{"name":"wp","href":"https:\/\/api.w.org\/{rel}","templated":true}]}}