{"id":12702,"date":"2025-02-07T13:19:12","date_gmt":"2025-02-07T11:19:12","guid":{"rendered":"https:\/\/strangercam.com\/?page_id=12702"},"modified":"2025-02-07T13:21:09","modified_gmt":"2025-02-07T11:21:09","slug":"chattijd","status":"publish","type":"page","link":"https:\/\/strangercam.com\/da\/chattijd\/","title":{"rendered":"Chattijd"},"content":{"rendered":"<p>I den hurtige verden af online kommunikation har Chattijd hurtigt etableret sig som en livlig og engagerende platform, der forbinder mennesker fra alle hj\u00f8rner af kloden. Uanset om du leder efter afslappede samtaler, meningsfulde venskaber eller interaktiv underholdning, tilbyder denne hollandsk-baserede platform en r\u00e6kke muligheder for at komme i kontakt med ligesindede.<\/p>\n<p>Join os, n\u00e5r vi dykker ned i Chattijd's verden og udforsker dens funktioner og fordele, og hvad der g\u00f8r den til en favorit for dem, der s\u00e6tter pris p\u00e5 dynamiske samtaler i realtid. Her vil hver eneste <a href=\"https:\/\/strangercam.com\/da\/chatroulette\/\">chat<\/a> kan f\u00f8re til en ny opdagelse, hvilket g\u00f8r det til mere end bare endnu en onlineplatform - det er et globalt f\u00e6llesskab, der bygger p\u00e5 \u00e6gte forbindelser og sp\u00e6ndende interaktioner.<\/p>\n<h2>Hvad er Chattijd?<\/h2>\n<p>N\u00e5r man navigerer i det stadigt voksende univers af online chatplatforme, skiller Chattijd sig ud som et nyt og sp\u00e6ndende sted at <a href=\"https:\/\/strangercam.com\/da\/coomeet\/\">m\u00f8des<\/a> og interagere med nye mennesker. I mods\u00e6tning til traditionelle beskedtjenester l\u00e6gger Chattijd stor v\u00e6gt p\u00e5 at skabe autentiske forbindelser og sikre, at hver eneste samtale f\u00f8les meningsfuld og engagerende.<\/p>\n<p>Kernen i Chattijd er at v\u00e6re mere end bare en chatportal. Det er en social <a href=\"https:\/\/strangercam.com\/da\/chathub\/\">knudepunkt<\/a> hvor venskaber kan blomstre, og hvor hver interaktion har potentiale til at blive en mindev\u00e6rdig oplevelse. Platformen integrerer banebrydende funktioner - lige fra \u00f8jeblikkelig livechat til sjove interaktive elementer - der g\u00f8r samtalen problemfri og forn\u00f8jelig.<\/p>\n<ul>\n<li>Mulighed for live chat: F\u00e5 \u00f8jeblikkelig kontakt med brugere over hele verden.<\/li>\n<li>Profiler, der kan tilpasses: Udtryk dig selv ved at skr\u00e6ddersy din profil, s\u00e5 den afspejler din personlighed og dine interesser.<\/li>\n<li>Interaktive aktiviteter: Deltag i legende spil og quizzer, der s\u00e6tter gang i samtalen og hj\u00e6lper med at bryde isen.<\/li>\n<\/ul>\n<p>Det, der virkelig kendetegner Chattijd, er forpligtelsen til at skabe et sikkert og inkluderende milj\u00f8. Teamet bag Chattijd investerer massivt i sikre teknologier og moderationspraksisser for at sikre, at alle brugeres onlinesikkerhed har h\u00f8jeste prioritet. Denne dedikation til at skabe et indbydende <a href=\"https:\/\/strangercam.com\/da\/mocospace\/\">plads<\/a> har bragt Chattijd i spidsen for online-chattjenester i og uden for Holland.<\/p>\n<p>N\u00e5r du udforsker platformen, bliver det tydeligt, at Chattijd er designet til at revolutionere den m\u00e5de, folk kommunikerer p\u00e5 online. Ved at blande social opdagelse med interaktiv underholdning omformer den vores opfattelse af onlinechat - og forvandler simple samtaler til muligheder for at l\u00e6re, vokse og skabe \u00e6gte forbindelser med mennesker fra alle samfundslag.<\/p>\n<h2>Er Chattijd gratis at bruge?<\/h2>\n<p>Et af de mest almindelige sp\u00f8rgsm\u00e5l om enhver online chattjeneste er, om den er gratis. Chattijd tilbyder fleksibilitet ved at tilbyde b\u00e5de gratis og premium-muligheder, der passer til forskellige brugerpr\u00e6ferencer og budgetter.<\/p>\n<ul>\n<li>Gratis medlemskab:\n<ul>\n<li>Send og modtag beskeder<\/li>\n<li>Join offentlige chatrum<\/li>\n<li>Gennemse brugerprofiler<\/li>\n<\/ul>\n<p>Med en gratis konto f\u00e5r du adgang til de vigtigste funktioner, der g\u00f8r Chattijd til s\u00e5dan et engagerende f\u00e6llesskab. Det er en god m\u00e5de at udforske platformen p\u00e5 uden nogen \u00f8konomisk forpligtelse.<\/li>\n<li>Premium-medlemskab:<br \/>\nFor brugere, der \u00f8nsker en endnu rigere oplevelse, giver Chattijd's premium-medlemskab adgang til avancerede funktioner og fordele:<\/p>\n<ul>\n<li>Ubegr\u00e6nset adgang til alle chatrum<\/li>\n<li>Avancerede s\u00f8gefiltre<\/li>\n<li>En reklamefri oplevelse<\/li>\n<li>Prioriteret kundesupport<\/li>\n<\/ul>\n<\/li>\n<\/ul>\n<p>Nedenfor er en hurtig oversigt over medlemsomkostningerne:<\/p>\n<table>\n<thead>\n<tr>\n<th>Medlemskab<\/th>\n<th>M\u00e5nedlige omkostninger<\/th>\n<th>\u00c5rlige omkostninger<\/th>\n<\/tr>\n<\/thead>\n<tbody>\n<tr>\n<td>Gratis<\/td>\n<td>$0<\/td>\n<td>$0<\/td>\n<\/tr>\n<tr>\n<td>Premium<\/td>\n<td>$9.99<\/td>\n<td>$99.90<\/td>\n<\/tr>\n<\/tbody>\n<\/table>\n<p>Uanset om du v\u00e6lger det gratis abonnement eller beslutter dig for at opgradere for at f\u00e5 flere funktioner, har Chattijd det samme centrale m\u00e5l: at skabe et livligt og sikkert milj\u00f8, hvor du kan komme i kontakt med andre, dele erfaringer og have det sjovt.<\/p>\n<h2>S\u00e5dan bruger du Chattijd<\/h2>\n<p>Det er ligetil at bruge Chattijd, hvilket g\u00f8r det nemt for alle at komme i gang med at chatte med det samme. Her er en trin-for-trin-guide til at komme i gang:<\/p>\n<ol>\n<li>Opret din profil<br \/>\nBegynd med at oprette en gratis konto. G\u00f8r din profil personlig med et brugernavn, et profilbillede og en kort beskrivelse af dig selv. Fremh\u00e6v dine interesser for at skille dig ud og g\u00f8re det lettere for ligesindede brugere at finde dig.<\/li>\n<li>Udforsk chatrum<br \/>\nChattijd er v\u00e6rt for en r\u00e6kke offentlige chatrum. Disse rum henvender sig til forskellige emner og interesser - lige fra musik og spil til rejser og afslappet chit-chat. At hoppe ind i disse rum kan v\u00e6re en god m\u00e5de at opdage nye mennesker p\u00e5 og starte interessante diskussioner.<\/li>\n<li>Private chats og direkte beskeder<br \/>\nHvis du foretr\u00e6kker mere fokuserede en-til-en-samtaler, tilbyder Chattijd ogs\u00e5 direkte beskeder. Brug s\u00f8gefunktionen til at finde brugere, der deler dine interesser, eller start blot en privat chat med en person, der fanger din opm\u00e6rksomhed i de offentlige rum.<\/li>\n<li>Interaktive funktioner<br \/>\nUdnyt interaktive spil, quizzer og andre sjove funktioner til at hj\u00e6lpe med at bryde isen. Disse aktiviteter kan forvandle en almindelig samtale til en mindev\u00e6rdig f\u00e6lles oplevelse og hj\u00e6lpe jer med at f\u00e5 et mere naturligt forhold til hinanden.<\/li>\n<li>Opgrader til Premium (valgfrit)<br \/>\nHvis du har brug for flere funktioner - s\u00e5som avancerede s\u00f8gefiltre, reklamefri browsing og prioriteret support - kan du overveje et premium-abonnement. Det giver dig mulighed for at frig\u00f8re det fulde potentiale i Chattijd og sikre en endnu mere smidig og personlig chatoplevelse.<\/li>\n<\/ol>\n<h2>Hvad er Chattijd bedst til?<\/h2>\n<p>Chattijd udm\u00e6rker sig p\u00e5 forskellige omr\u00e5der, hvilket g\u00f8r den tiltr\u00e6kkende for en bred vifte af brugere:<\/p>\n<ol>\n<li>Fremme af \u00e6gte forbindelser<br \/>\nMed fokus p\u00e5 autenticitet g\u00f8r Chattijd det nemt at finde andre, der deler de samme passioner. Uanset om du leder efter venskab, st\u00f8tte eller noget mere, er Chattijd's brugervenlige interface og st\u00f8ttende f\u00e6llesskab perfekt til at pleje meningsfulde relationer.<\/li>\n<li>Forskellige samtaleemner<br \/>\nFra hobbyfokuserede chatrum til realtidsdiskussioner om aktuelle begivenheder tilbyder platformen et bredt udvalg af samtalestartere. Denne variation sikrer, at hvert bes\u00f8g p\u00e5 Chattijd er unikt og fyldt med potentiale for at m\u00f8de nye mennesker.<\/li>\n<li>Sikkert og indbydende milj\u00f8<br \/>\nOnline-sikkerhed er altafg\u00f8rende hos Chattijd. Kontinuerlig moderation og avancerede sikkerhedsforanstaltninger er med til at skabe et rum, hvor du kan chatte frit uden at bekymre dig om privatlivets fred eller u\u00f8nskede interaktioner.<\/li>\n<li>Underholdning gennem interaktivitet<br \/>\nEr du tr\u00e6t af almindelige tekstudvekslinger? Chattijd integrerer legende funktioner som spil og quizzer, der tilf\u00f8jer et underholdende twist til dine samtaler. Disse muntre tilf\u00f8jelser g\u00f8r det nemmere at komme i kontakt med hinanden og holder oplevelsen frisk.<\/li>\n<\/ol>\n<p>Med disse styrker i tankerne er Chattijd ideel til alle, der s\u00f8ger sjove, \u00e6gte interaktioner i en sikker onlinemilj\u00f8.<\/p>\n<h2>Hvilke funktioner tilbyder Chattijd?<\/h2>\n<p>Chattijd indeholder en r\u00e6kke funktioner, der har til form\u00e5l at g\u00f8re dine chatsessioner s\u00e5 behagelige og alsidige som muligt. Nedenfor er nogle af h\u00f8jdepunkterne:<\/p>\n<ul>\n<li>Profiler, der kan tilpasses<br \/>\nPersonligt udtryk er en stor del af online-interaktion. Med Chattijd kan du udforme din profil p\u00e5 en m\u00e5de, der afspejler dit sande jeg og hj\u00e6lper andre med at se, hvad du br\u00e6nder for.<\/li>\n<li>Live chat-funktionalitet<br \/>\nOplev \u00f8jeblikkelig forbindelse med mennesker over hele verden gennem beskeder i realtid. Det er hurtigt, brugervenligt og perfekt til spontane samtaler, der kan sp\u00e6nde fra lette drillerier til dybtg\u00e5ende diskussioner.<\/li>\n<li>Interaktive spil og quizzer<br \/>\nFor dem, der elsker lidt ekstra sjov, bryder disse funktioner isen uden besv\u00e6r. Udfordr en ny ven til et hurtigt spil, eller besvar quizzer sammen for at finde f\u00e6lles interesser.<\/li>\n<li>Avancerede sikkerhedsforanstaltninger<br \/>\nDin sikkerhed er afg\u00f8rende. Chattijd's engagement i privatlivets fred og robuste moderationsv\u00e6rkt\u00f8jer sikrer, at du kan engagere dig trygt, vel vidende at dine samtaler er sikre.<\/li>\n<li>Fleksible muligheder for medlemskab<br \/>\nUanset om du foretr\u00e6kker en gratis konto eller et premium-abonnement, giver Chattijd flere m\u00e5der at opleve platformen p\u00e5. Gratis brugere kan udforske de fleste n\u00f8glefunktioner, mens premium-abonnenter kan nyde godt af reklamefri browsing, prioriteret support og avancerede s\u00f8gefunktioner.<\/li>\n<\/ul>\n<p>Med et s\u00e5 omfattende s\u00e6t v\u00e6rkt\u00f8jer er Chattijd veludstyret til at im\u00f8dekomme forskellige smage og krav og sikre, at enhver samtale er givende og problemfri.<\/p>\n<h2>Hvad er alternativerne til Chattijd?<\/h2>\n<p>Mens Chattijd har skabt sig en niche som en f\u00f8rende online chatdestination - is\u00e6r for hollandsktalende - er det ikke den eneste platform, hvor du kan socialisere og opdage engagerende f\u00e6llesskaber. Andre chattjenester tilbyder deres eget unikke spin p\u00e5 online-interaktion med fokus p\u00e5 specifikke funktioner eller demografi.<\/p>\n<p>Nogle platforme l\u00e6gger v\u00e6gt p\u00e5 <a href=\"https:\/\/strangercam.com\/da\/rabbit-video-chat\/\">video<\/a> opkald, mens andre m\u00e5ske specialiserer sig i tematiske chatrum eller dating-orienterede funktioner. Ved at udforske disse alternativer kan du finde sider, der henvender sig til nicheemner eller specialiserede former for engagement. Men Chattijd's blanding af sikker interaktion i realtid, brugervenligt design og valgfrie premiumfunktioner g\u00f8r den til et fremragende valg for alle, der \u00f8nsker en alsidig chatoplevelse.<\/p>\n<h2>Konklusion<\/h2>\n<p>Med sin kombination af robuste sikkerhedsforanstaltninger, brugervenlige funktioner og et mangfoldigt f\u00e6llesskab beviser Chattijd, at onlinechat kan v\u00e6re b\u00e5de underholdende og berigende. Uanset om du v\u00e6lger det gratis medlemskab eller v\u00e6lger premium-fordele, vil du finde uendelige muligheder for at forbinde, dele og opdage nye venskaber. Dyk ned i Chattijd i dag, og oplev en verden af livlige samtaler i realtid - alt sammen fra din enhed.<\/p>","protected":false},"excerpt":{"rendered":"<p>In the fast-paced world of online communication, Chattijd has quickly established itself as a lively and engaging platform connecting people from all corners of the globe. Whether you\u2019re searching for casual conversation, meaningful friendships, or interactive entertainment, this Dutch-based platform offers an array of opportunities to connect with like-minded individuals. Join us as we dive [&hellip;]<\/p>\n","protected":false},"author":6,"featured_media":0,"parent":0,"menu_order":0,"comment_status":"closed","ping_status":"closed","template":"","meta":{"footnotes":""},"class_list":["post-12702","page","type-page","status-publish","hentry"],"yoast_head":"<!-- This site is optimized with the Yoast SEO plugin v27.4 - https:\/\/yoast.com\/product\/yoast-seo-wordpress\/ -->\n<title>Chattijd - Free video chat with girls on StrangerCam.com<\/title>\n<meta name=\"description\" content=\"Like Chattijd? Come chat with more than 5.000.000 strangers on Stranger Cam for Free! Turn on your cam and find new friends &amp; maby a match!\" \/>\n<meta name=\"robots\" content=\"index, follow, max-snippet:-1, max-image-preview:large, max-video-preview:-1\" \/>\n<link rel=\"canonical\" href=\"https:\/\/strangercam.com\/da\/chattijd\/\" \/>\n<meta property=\"og:locale\" content=\"da_DK\" \/>\n<meta property=\"og:type\" content=\"article\" \/>\n<meta property=\"og:title\" content=\"Chattijd - Free video chat with girls on StrangerCam.com\" \/>\n<meta property=\"og:description\" content=\"Like Chattijd? Come chat with more than 5.000.000 strangers on Stranger Cam for Free! Turn on your cam and find new friends &amp; maby a match!\" \/>\n<meta property=\"og:url\" content=\"https:\/\/strangercam.com\/da\/chattijd\/\" \/>\n<meta property=\"og:site_name\" content=\"Strangercam\" \/>\n<meta property=\"article:publisher\" content=\"https:\/\/www.facebook.com\/strangercam\" \/>\n<meta property=\"article:modified_time\" content=\"2025-02-07T11:21:09+00:00\" \/>\n<meta property=\"og:image\" content=\"https:\/\/strangercam.com\/wp-content\/uploads\/2021\/10\/Untitled-2.png\" \/>\n\t<meta property=\"og:image:width\" content=\"800\" \/>\n\t<meta property=\"og:image:height\" content=\"532\" \/>\n\t<meta property=\"og:image:type\" content=\"image\/png\" \/>\n<meta name=\"twitter:card\" content=\"summary_large_image\" \/>\n<meta name=\"twitter:site\" content=\"@strangercamapp\" \/>\n<meta name=\"twitter:label1\" content=\"Estimeret l\u00e6setid\" \/>\n\t<meta name=\"twitter:data1\" content=\"6 minutter\" \/>\n<script type=\"application\/ld+json\" class=\"yoast-schema-graph\">{\"@context\":\"https:\\\/\\\/schema.org\",\"@graph\":[{\"@type\":\"WebPage\",\"@id\":\"https:\\\/\\\/strangercam.com\\\/chattijd\\\/\",\"url\":\"https:\\\/\\\/strangercam.com\\\/chattijd\\\/\",\"name\":\"Chattijd - Free video chat with girls on StrangerCam.com\",\"isPartOf\":{\"@id\":\"https:\\\/\\\/strangercam.com\\\/#website\"},\"datePublished\":\"2025-02-07T11:19:12+00:00\",\"dateModified\":\"2025-02-07T11:21:09+00:00\",\"description\":\"Like Chattijd? Come chat with more than 5.000.000 strangers on Stranger Cam for Free! Turn on your cam and find new friends & maby a match!\",\"breadcrumb\":{\"@id\":\"https:\\\/\\\/strangercam.com\\\/chattijd\\\/#breadcrumb\"},\"inLanguage\":\"da-DK\",\"potentialAction\":[{\"@type\":\"ReadAction\",\"target\":[\"https:\\\/\\\/strangercam.com\\\/chattijd\\\/\"]}]},{\"@type\":\"BreadcrumbList\",\"@id\":\"https:\\\/\\\/strangercam.com\\\/chattijd\\\/#breadcrumb\",\"itemListElement\":[{\"@type\":\"ListItem\",\"position\":1,\"name\":\"Home\",\"item\":\"https:\\\/\\\/strangercam.com\\\/\"},{\"@type\":\"ListItem\",\"position\":2,\"name\":\"Chattijd\"}]},{\"@type\":\"WebSite\",\"@id\":\"https:\\\/\\\/strangercam.com\\\/#website\",\"url\":\"https:\\\/\\\/strangercam.com\\\/\",\"name\":\"Strangercam\",\"description\":\"Random Video Chat with Strangers\",\"publisher\":{\"@id\":\"https:\\\/\\\/strangercam.com\\\/#organization\"},\"alternateName\":\"Strangercam.com\",\"potentialAction\":[{\"@type\":\"SearchAction\",\"target\":{\"@type\":\"EntryPoint\",\"urlTemplate\":\"https:\\\/\\\/strangercam.com\\\/?s={search_term_string}\"},\"query-input\":{\"@type\":\"PropertyValueSpecification\",\"valueRequired\":true,\"valueName\":\"search_term_string\"}}],\"inLanguage\":\"da-DK\"},{\"@type\":\"Organization\",\"@id\":\"https:\\\/\\\/strangercam.com\\\/#organization\",\"name\":\"Strangercam\",\"alternateName\":\"Strangercam.com\",\"url\":\"https:\\\/\\\/strangercam.com\\\/\",\"logo\":{\"@type\":\"ImageObject\",\"inLanguage\":\"da-DK\",\"@id\":\"https:\\\/\\\/strangercam.com\\\/#\\\/schema\\\/logo\\\/image\\\/\",\"url\":\"https:\\\/\\\/strangercam.com\\\/wp-content\\\/uploads\\\/2020\\\/11\\\/cropped-new-favicon-black.png\",\"contentUrl\":\"https:\\\/\\\/strangercam.com\\\/wp-content\\\/uploads\\\/2020\\\/11\\\/cropped-new-favicon-black.png\",\"width\":512,\"height\":512,\"caption\":\"Strangercam\"},\"image\":{\"@id\":\"https:\\\/\\\/strangercam.com\\\/#\\\/schema\\\/logo\\\/image\\\/\"},\"sameAs\":[\"https:\\\/\\\/www.facebook.com\\\/strangercam\",\"https:\\\/\\\/x.com\\\/strangercamapp\"]}]}<\/script>\n<!-- \/ Yoast SEO plugin. -->","yoast_head_json":{"title":"Chattijd - Gratis videochat med piger p\u00e5 StrangerCam.com","description":"Kan du lide Chattijd? Kom og chat med mere end 5.000.000 fremmede p\u00e5 Stranger Cam helt gratis! T\u00e6nd for dit kamera og find nye venner og m\u00e5ske et match!","robots":{"index":"index","follow":"follow","max-snippet":"max-snippet:-1","max-image-preview":"max-image-preview:large","max-video-preview":"max-video-preview:-1"},"canonical":"https:\/\/strangercam.com\/da\/chattijd\/","og_locale":"da_DK","og_type":"article","og_title":"Chattijd - Free video chat with girls on StrangerCam.com","og_description":"Like Chattijd? Come chat with more than 5.000.000 strangers on Stranger Cam for Free! Turn on your cam and find new friends & maby a match!","og_url":"https:\/\/strangercam.com\/da\/chattijd\/","og_site_name":"Strangercam","article_publisher":"https:\/\/www.facebook.com\/strangercam","article_modified_time":"2025-02-07T11:21:09+00:00","og_image":[{"width":800,"height":532,"url":"https:\/\/strangercam.com\/wp-content\/uploads\/2021\/10\/Untitled-2.png","type":"image\/png"}],"twitter_card":"summary_large_image","twitter_site":"@strangercamapp","twitter_misc":{"Estimeret l\u00e6setid":"6 minutter"},"schema":{"@context":"https:\/\/schema.org","@graph":[{"@type":"WebPage","@id":"https:\/\/strangercam.com\/chattijd\/","url":"https:\/\/strangercam.com\/chattijd\/","name":"Chattijd - Gratis videochat med piger p\u00e5 StrangerCam.com","isPartOf":{"@id":"https:\/\/strangercam.com\/#website"},"datePublished":"2025-02-07T11:19:12+00:00","dateModified":"2025-02-07T11:21:09+00:00","description":"Kan du lide Chattijd? Kom og chat med mere end 5.000.000 fremmede p\u00e5 Stranger Cam helt gratis! T\u00e6nd for dit kamera og find nye venner og m\u00e5ske et match!","breadcrumb":{"@id":"https:\/\/strangercam.com\/chattijd\/#breadcrumb"},"inLanguage":"da-DK","potentialAction":[{"@type":"ReadAction","target":["https:\/\/strangercam.com\/chattijd\/"]}]},{"@type":"BreadcrumbList","@id":"https:\/\/strangercam.com\/chattijd\/#breadcrumb","itemListElement":[{"@type":"ListItem","position":1,"name":"Home","item":"https:\/\/strangercam.com\/"},{"@type":"ListItem","position":2,"name":"Chattijd"}]},{"@type":"WebSite","@id":"https:\/\/strangercam.com\/#website","url":"https:\/\/strangercam.com\/","name":"Strangercam","description":"Tilf\u00e6ldig videochat med fremmede","publisher":{"@id":"https:\/\/strangercam.com\/#organization"},"alternateName":"Strangercam.com","potentialAction":[{"@type":"SearchAction","target":{"@type":"EntryPoint","urlTemplate":"https:\/\/strangercam.com\/?s={search_term_string}"},"query-input":{"@type":"PropertyValueSpecification","valueRequired":true,"valueName":"search_term_string"}}],"inLanguage":"da-DK"},{"@type":"Organization","@id":"https:\/\/strangercam.com\/#organization","name":"Strangercam","alternateName":"Strangercam.com","url":"https:\/\/strangercam.com\/","logo":{"@type":"ImageObject","inLanguage":"da-DK","@id":"https:\/\/strangercam.com\/#\/schema\/logo\/image\/","url":"https:\/\/strangercam.com\/wp-content\/uploads\/2020\/11\/cropped-new-favicon-black.png","contentUrl":"https:\/\/strangercam.com\/wp-content\/uploads\/2020\/11\/cropped-new-favicon-black.png","width":512,"height":512,"caption":"Strangercam"},"image":{"@id":"https:\/\/strangercam.com\/#\/schema\/logo\/image\/"},"sameAs":["https:\/\/www.facebook.com\/strangercam","https:\/\/x.com\/strangercamapp"]}]}},"_links":{"self":[{"href":"https:\/\/strangercam.com\/da\/wp-json\/wp\/v2\/pages\/12702","targetHints":{"allow":["GET"]}}],"collection":[{"href":"https:\/\/strangercam.com\/da\/wp-json\/wp\/v2\/pages"}],"about":[{"href":"https:\/\/strangercam.com\/da\/wp-json\/wp\/v2\/types\/page"}],"author":[{"embeddable":true,"href":"https:\/\/strangercam.com\/da\/wp-json\/wp\/v2\/users\/6"}],"replies":[{"embeddable":true,"href":"https:\/\/strangercam.com\/da\/wp-json\/wp\/v2\/comments?post=12702"}],"version-history":[{"count":3,"href":"https:\/\/strangercam.com\/da\/wp-json\/wp\/v2\/pages\/12702\/revisions"}],"predecessor-version":[{"id":12707,"href":"https:\/\/strangercam.com\/da\/wp-json\/wp\/v2\/pages\/12702\/revisions\/12707"}],"wp:attachment":[{"href":"https:\/\/strangercam.com\/da\/wp-json\/wp\/v2\/media?parent=12702"}],"curies":[{"name":"wp","href":"https:\/\/api.w.org\/{rel}","templated":true}]}}