{"id":12700,"date":"2025-02-07T13:15:10","date_gmt":"2025-02-07T11:15:10","guid":{"rendered":"https:\/\/strangercam.com\/?page_id=12700"},"modified":"2025-02-07T13:15:40","modified_gmt":"2025-02-07T11:15:40","slug":"omegla","status":"publish","type":"page","link":"https:\/\/strangercam.com\/da\/omegla\/","title":{"rendered":"Omegla"},"content":{"rendered":"<p>Med Omegle's afgang er der kommet en r\u00e6kke nye <a href=\"https:\/\/strangercam.com\/da\/rabbit-video-chat\/\">video<\/a> <a href=\"https:\/\/strangercam.com\/da\/chatroulette\/\">chat<\/a> tjenester er opst\u00e5et for at udfylde hullet. Omegla er en s\u00e5dan platform, der er inspireret af Omegle's ligefremme tilgang til tilf\u00e6ldig en-til-en-chat. Uanset om du er p\u00e5 udkig efter en hurtig samtale, s\u00f8ger nye venner over hele verden eller bare er nysgerrig efter de seneste Omegle-inspirerede innovationer, har Omegla til form\u00e5l at give en sjov og brugervenlig videooplevelse. Nedenfor er et omfattende kig p\u00e5, hvad Omegla bringer til bordet - dets hovedfunktioner, brugergr\u00e6nseflade, sikkerhedsforanstaltninger, og hvordan det sammenlignes med andre <a href=\"https:\/\/strangercam.com\/da\/omegle\/\">Omegle<\/a> alternativer som Uhmegle og Omegleweg.<\/p>\n<h2>Om Omegla<\/h2>\n<p>Omegla f\u00f8lger den klassiske ramme for tilf\u00e6ldig chat:<\/p>\n<ol>\n<li><strong>Umiddelbare forbindelser<\/strong>\n<ul>\n<li>Efter et hurtigt bes\u00f8g p\u00e5 siden kan du med et enkelt klik eller tryk komme i kontakt med en fremmed fra et hvilket som helst hj\u00f8rne af kloden.<\/li>\n<\/ul>\n<\/li>\n<li><strong>Anonymitet f\u00f8rst<\/strong>\n<ul>\n<li>Ingen obligatorisk registrering betyder, at du kan g\u00e5 direkte i gang med at chatte. Du kan oprette en grundl\u00e6ggende profil, hvis du foretr\u00e6kker det, men det er valgfrit.<\/li>\n<\/ul>\n<\/li>\n<li><strong>Fokus p\u00e5 en-til-en<\/strong>\n<ul>\n<li>Omegla s\u00e6tter fokus p\u00e5 <em>enkeltperson<\/em> forbindelser - der er ingen store grupperum eller konferencefunktioner her, hvilket afspejler Omegle's kendetegnende enkelhed.<\/li>\n<\/ul>\n<\/li>\n<\/ol>\n<p>Denne minimalistiske tilgang henvender sig til brugere, der bare vil hoppe p\u00e5, <a href=\"https:\/\/strangercam.com\/da\/coomeet\/\">m\u00f8des<\/a> en ny person, og enten forts\u00e6tte med at chatte eller g\u00e5 videre, hvis matchet ikke klikker.<\/p>\n<h2>Et overblik over de vigtigste funktioner<\/h2>\n<p>F\u00f8lgende tabel skitserer de prim\u00e6re v\u00e6rkt\u00f8jer og funktioner, der definerer Omeglas brugeroplevelse:<\/p>\n<table>\n<thead>\n<tr>\n<th><strong>Funktion<\/strong><\/th>\n<th><strong>Beskrivelse<\/strong><\/th>\n<\/tr>\n<\/thead>\n<tbody>\n<tr>\n<td><strong>Tilf\u00e6ldig matchning<\/strong><\/td>\n<td>Find straks sammen med en tilf\u00e6ldig bruger til en spontan samtale.<\/td>\n<\/tr>\n<tr>\n<td><strong>Mulighed for tekstchat<\/strong><\/td>\n<td>Send hurtige beskeder sammen med live video for ekstra klarhed.<\/td>\n<\/tr>\n<tr>\n<td><strong>Interesse-tags<\/strong><\/td>\n<td>Tilf\u00f8j eller v\u00e6lg brede interesser for at styre dine tilf\u00e6ldige matches lidt.<\/td>\n<\/tr>\n<tr>\n<td><strong>Spring over eller N\u00e6ste<\/strong><\/td>\n<td>G\u00e5 problemfrit videre til en ny bruger, hvis den nuv\u00e6rende forbindelse ikke passer.<\/td>\n<\/tr>\n<tr>\n<td><strong>Minimal ops\u00e6tning<\/strong><\/td>\n<td>Der kr\u00e6ves ingen besv\u00e6rlige registreringer eller komplicerede indstillinger.<\/td>\n<\/tr>\n<tr>\n<td><strong>V\u00e6rkt\u00f8jer til brugerfeedback<\/strong><\/td>\n<td>Bed\u00f8m eller anmeld brugere for at hj\u00e6lpe med at opretholde f\u00e6llesskabets standarder.<\/td>\n<\/tr>\n<\/tbody>\n<\/table>\n<p>Omegla er designet til at holde sit funktionss\u00e6t nede og sikre, at kerneoplevelsen - at tale med fremmede - forbliver i fokus.<\/p>\n<h2>Brugergr\u00e6nseflade og oplevelse<\/h2>\n<h3>Rent, str\u00f8mlinet layout<\/h3>\n<ul>\n<li><strong>Stort videovindue<\/strong>: I midten af sk\u00e6rmen ser du den person, du chatter med, uden overfl\u00f8digt rod.<\/li>\n<li><strong>Lille sidebj\u00e6lke\/panel<\/strong>: Vigtige kontroller - start, n\u00e6ste, tekstchat og filtre - er p\u00e6nt arrangeret ude til siden.<\/li>\n<li><strong>Velkendte kontroller<\/strong>: Hvis du har brugt Omegle eller andre lignende platforme, vil du tilpasse dig Omeglas brugerflade med det samme.<\/li>\n<\/ul>\n<h3>Hurtige forbindelser<\/h3>\n<ul>\n<li><strong>Lav latenstid<\/strong>: Omeglas hovedside indl\u00e6ses hurtigt, og det tager kun et \u00f8jeblik at finde et match.<\/li>\n<li><strong>Adaptiv videokvalitet<\/strong>: Systemet registrerer din internethastighed for at levere den bedst mulige video uden konstant buffering.<\/li>\n<li><strong>Nem overgang til 'n\u00e6ste'<\/strong>: Skift fra en bruger til en anden for\u00e5rsager sj\u00e6ldent forsinkelse, hvilket g\u00f8r det nemt at forts\u00e6tte med at chatte, indtil du finder den rigtige person.<\/li>\n<\/ul>\n<h2>Sikkerhed og m\u00e5dehold<\/h2>\n<p>Da tilf\u00e6ldig chat kan v\u00e6re uforudsigelig, anvender Omegla flere foranstaltninger for at sikre et mere respektfuldt milj\u00f8:<\/p>\n<ol>\n<li><strong>Rapport\/blokfunktion<\/strong>\n<ul>\n<li>Med et enkelt klik kan du rapportere enhver bruger, der overtr\u00e6der f\u00e6llesskabets standarder. Moderationsteamet gennemg\u00e5r markerede sessioner.<\/li>\n<\/ul>\n<\/li>\n<li><strong>Retningslinjer for grundl\u00e6ggende indhold<\/strong>\n<ul>\n<li>Klare regler skitserer, hvilken adf\u00e6rd der er forbudt, og giver brugerf\u00e6llesskabet en aftalt ramme.<\/li>\n<\/ul>\n<\/li>\n<li><strong>Brugervurderinger<\/strong>\n<ul>\n<li>I nogle tilf\u00e6lde kan du give feedback p\u00e5 dine m\u00f8der, hvilket hj\u00e6lper med at fremme positive interaktioner og udrydde problematisk adf\u00e6rd.<\/li>\n<\/ul>\n<\/li>\n<\/ol>\n<p>Selv om ingen platform kan garantere perfektion, fremmer disse v\u00e6rkt\u00f8jer en mere sikker <a href=\"https:\/\/strangercam.com\/da\/mocospace\/\">plads<\/a> end den frie atmosf\u00e6re, der nogle gange plagede \u00e6ldre tilf\u00e6ldige chatplatforme.<\/p>\n<h2>Sammenligninger med andre Omegle-alternativer<\/h2>\n<p>Omegla er blot en af flere nye Omegle-lignende tjenester, som f.eks. <strong>Uhmegle<\/strong> og <strong>Omegleweg<\/strong>. Nedenfor er et \u00f8jebliksbillede af, hvordan de sammenlignes p\u00e5 centrale punkter:<\/p>\n<table>\n<thead>\n<tr>\n<th><strong>Platform<\/strong><\/th>\n<th><strong>Brugervenlighed<\/strong><\/th>\n<th><strong>Videokvalitet<\/strong><\/th>\n<th><strong>Filtre\/Tags<\/strong><\/th>\n<th><strong>Rapporteringsv\u00e6rkt\u00f8jer<\/strong><\/th>\n<th><strong>Brugerbasens st\u00f8rrelse<\/strong><\/th>\n<\/tr>\n<\/thead>\n<tbody>\n<tr>\n<td><strong>Omegla<\/strong><\/td>\n<td>Meget enkel<\/td>\n<td>Adaptiv HD-streaming<\/td>\n<td>Grundl\u00e6ggende interesser<\/td>\n<td>Hurtig rapport\/blok<\/td>\n<td>Vokser hurtigt<\/td>\n<\/tr>\n<tr>\n<td>Uhmegle<\/td>\n<td>Lige til at g\u00e5 til<\/td>\n<td>Generelt stabil<\/td>\n<td>Noget detaljeret<\/td>\n<td>Team til gennemgang af manualer<\/td>\n<td>Etablerede brugere<\/td>\n<\/tr>\n<tr>\n<td>Omegleweg<\/td>\n<td>Minimalistisk<\/td>\n<td>Solid (lidt buffering)<\/td>\n<td>Begr\u00e6nset<\/td>\n<td>Grundl\u00e6ggende rapportering<\/td>\n<td>Moderat<\/td>\n<\/tr>\n<\/tbody>\n<\/table>\n<ul>\n<li><strong>Brugervenlighed<\/strong>: Alle tre platforme har en tilgang uden dikkedarer, men Omeglas brugerflade er s\u00e6rlig ren.<\/li>\n<li><strong>Videokvalitet<\/strong>: Omegla fokuserer p\u00e5 adaptiv streaming og tilbyder en ret ensartet ydelse.<\/li>\n<li><strong>Filtre\/Tags<\/strong>: Uhmegle tilbyder m\u00e5ske flere detaljer, men Omeglas grundl\u00e6ggende interessetags holder tingene enkle.<\/li>\n<li><strong>Rapporteringsv\u00e6rkt\u00f8jer<\/strong>: Omegla er kendt for sin enkle blokerings- og rapporteringsknap, der sikrer minimal afbrydelse under live-sessioner.<\/li>\n<\/ul>\n<h2>Brugerdemografi og -aktivitet<\/h2>\n<h3>Hvem bruger Omegla?<\/h3>\n<ul>\n<li><strong>Prim\u00e6r aldersgruppe<\/strong>: Unge voksne (18-35) udg\u00f8r en stor del, men \u00e6ldre demografiske grupper kigger ogs\u00e5 forbi til en hurtig snak.<\/li>\n<li><strong>Sprog<\/strong>: Overvejende engelsktalende, men du finder et p\u00e6nt udvalg af andre sprog p\u00e5 grund af den globale tilg\u00e6ngelighed.<\/li>\n<li><strong>Det globale f\u00e6llesskab<\/strong>: St\u00e6rk tilstedev\u00e6relse i Nordamerika og Europa med voksende brugerbaser i dele af Asien og Sydamerika.<\/li>\n<\/ul>\n<h3>Tendenser for brug<\/h3>\n<ul>\n<li><strong>Spidsbelastningsperioder<\/strong>: Aftener og weekender, n\u00e5r folk slapper af fra arbejde eller skole.<\/li>\n<li><strong>Uformelle samtaler<\/strong>: Mange brugere er der blot for at blive underholdt eller f\u00e5 tiden til at g\u00e5.<\/li>\n<li><strong>Den lejlighedsvise dybe samtale<\/strong>: Nogle mennesker bliver h\u00e6ngende til mere meningsfulde samtaler - hobbyer, globale begivenheder eller kulturelle udvekslinger.<\/li>\n<\/ul>\n<h2>Fordele og ulemper<\/h2>\n<p>Nedenfor er en hurtig oversigt over Omeglas styrker og potentielle forbedringsomr\u00e5der:<\/p>\n<table>\n<thead>\n<tr>\n<th><strong>Fordele<\/strong><\/th>\n<th><strong>Ulemper<\/strong><\/th>\n<\/tr>\n<\/thead>\n<tbody>\n<tr>\n<td>\u2013 <strong>\u00d8jeblikkelige tilf\u00e6ldige chats<\/strong>: Hurtig start-knap f\u00e5r dig hurtigt i gang med at chatte.<\/td>\n<td>\u2013 <strong>Potentielt upassende indhold<\/strong>: Tilf\u00e6ldig natur betyder overraskelser.<\/td>\n<\/tr>\n<tr>\n<td>\u2013 <strong>Ingen registrering n\u00f8dvendig<\/strong>: Deltag uden at dele personlige oplysninger.<\/td>\n<td>\u2013 <strong>Begr\u00e6nset filtrering<\/strong>: Grundl\u00e6ggende tags giver dig kun mulighed for at forfine efter brede emner.<\/td>\n<\/tr>\n<tr>\n<td>\u2013 <strong>Hurtige, stabile forbindelser<\/strong>: Adaptiv streaming holder opkald flydende.<\/td>\n<td>\u2013 <strong>Ingen profiltilpasning<\/strong>: De, der \u00f8nsker mere personlig tilpasning, kan f\u00f8le sig begr\u00e6nsede.<\/td>\n<\/tr>\n<tr>\n<td>\u2013 <strong>Enkelt interface<\/strong>: Minimal indl\u00e6ringskurve for nybegyndere.<\/td>\n<td>\u2013 <strong>Afh\u00e6ngighed af brugerrapporter<\/strong>: Moderationens effektivitet afh\u00e6nger af samfundets \u00e5rv\u00e5genhed.<\/td>\n<\/tr>\n<\/tbody>\n<\/table>\n<h2>Forslag til fremtidige forbedringer<\/h2>\n<p>Omegla bliver ved med at udvikle sig, og brugerne giver ofte feedback. Nogle potentielle forbedringer omfatter:<\/p>\n<ol>\n<li><strong>Udvidede interessekategorier<\/strong>\n<ul>\n<li>Lad brugerne v\u00e6lge fra et bredere s\u00e6t af interesser for at g\u00f8re forbindelserne mere relevante.<\/li>\n<\/ul>\n<\/li>\n<li><strong>Valgfrit brugernavn eller profil<\/strong>\n<ul>\n<li>Tilbyd lidt mere personalisering til dem, der gerne vil holde styr p\u00e5 venskabskampe.<\/li>\n<\/ul>\n<\/li>\n<li><strong>Indbygget overs\u00e6ttelse<\/strong>\n<ul>\n<li>G\u00f8r det lettere at tale sammen p\u00e5 tv\u00e6rs af sprog og f\u00e5 en endnu mere global oplevelse.<\/li>\n<\/ul>\n<\/li>\n<li><strong>\u00d8jeblikkelig filtrering af upassende indhold<\/strong>\n<ul>\n<li>AI-drevet detektion kan hj\u00e6lpe med at bremse eksplicit eller st\u00f8dende adf\u00e6rd hurtigere.<\/li>\n<\/ul>\n<\/li>\n<\/ol>\n<h2>Kom godt i gang: En hurtig guide<\/h2>\n<p>Er du klar til at pr\u00f8ve Omegla? Her er en kort k\u00f8replan:<\/p>\n<ol>\n<li><strong>Bes\u00f8g Omegla<\/strong>: G\u00e5 direkte ind p\u00e5 hjemmesiden i en almindelig browser.<\/li>\n<li><strong>Tillad kamera og mikrofon<\/strong>: Giv de n\u00f8dvendige tilladelser til lyd og video.<\/li>\n<li><strong>V\u00e6lg interesser (valgfrit)<\/strong>: V\u00e6lg nogle f\u00e5 brede tags til at styre tilf\u00e6ldig matchning.<\/li>\n<li><strong>Klik p\u00e5 'Start'<\/strong>: Du bliver hurtigt parret med en anden bruger.<\/li>\n<li><strong>Chat eller spring over<\/strong>: Hvis det ikke passer, skal du klikke p\u00e5 \"N\u00e6ste\" for at g\u00e5 videre.<\/li>\n<li><strong>Blok\/rapport<\/strong>: Hvis en bruger overtr\u00e6der retningslinjerne, er der mulighed for at rapportere med et enkelt klik.<\/li>\n<\/ol>\n<p>Du er online og m\u00f8der nye mennesker p\u00e5 f\u00e5 sekunder - uden kedelige tilmeldinger.<\/p>\n<h2>Konklusion<\/h2>\n<p>I en verden, hvor Omegle's frav\u00e6r har efterladt et hul for fans af spontan videochat, positionerer Omegla sig som et enkelt, moderne alternativ. Dens minimale brugerflade, hurtige forbindelser og engagement i brugervenlige funktioner afspejler essensen af det, der gjorde den oprindelige Omegle s\u00e5 tiltr\u00e6kkende.<\/p>\n<p>Mens moderation p\u00e5 enhver tilf\u00e6ldig platform aldrig er idiotsikker, sigter Omeglas rapporterings- og blokeringsv\u00e6rkt\u00f8jer mod at opretholde en mere positiv atmosf\u00e6re. For dem, der \u00f8nsker tilf\u00e6ldige, internationale interaktioner uden besv\u00e6ret med at oprette konti eller navigere i utallige indstillinger, tilbyder Omegla en engagerende oplevelse uden dikkedarer. Med fortsat finpudsning og lydh\u00f8r moderation har den potentiale til at skabe en stabil plads blandt popul\u00e6re Omegle-efterf\u00f8lgere som Uhmegle og Omegleweg.<\/p>\n<p>Hvis du s\u00f8ger den klassiske \"Fremmed ved et klik p\u00e5 en knap\"-stemning, kan Omegla v\u00e6re din n\u00e6ste favorit til at m\u00f8de mennesker fra hele verden - en spontan chat ad gangen.<\/p>","protected":false},"excerpt":{"rendered":"<p>With Omegle\u2019s departure, a variety of new video chat services have emerged to fill the gap. Omegla is one such platform, taking inspiration from Omegle\u2019s straightforward approach to random one-on-one chatting. Whether you\u2019re looking for a quick conversation, seeking new friends worldwide, or just curious about the latest Omegle-inspired innovations, Omegla aims to provide a [&hellip;]<\/p>\n","protected":false},"author":6,"featured_media":0,"parent":0,"menu_order":0,"comment_status":"closed","ping_status":"closed","template":"","meta":{"footnotes":""},"class_list":["post-12700","page","type-page","status-publish","hentry"],"yoast_head":"<!-- This site is optimized with the Yoast SEO plugin v27.4 - https:\/\/yoast.com\/product\/yoast-seo-wordpress\/ -->\n<title>Omegla - Free video chat with girls on StrangerCam.com<\/title>\n<meta name=\"description\" content=\"Like Omegla? Come chat with more than 5.000.000 strangers on Stranger Cam for Free! Turn on your cam and find new friends &amp; maby a match!\" \/>\n<meta name=\"robots\" content=\"index, follow, max-snippet:-1, max-image-preview:large, max-video-preview:-1\" \/>\n<link rel=\"canonical\" href=\"https:\/\/strangercam.com\/da\/omegla\/\" \/>\n<meta property=\"og:locale\" content=\"da_DK\" \/>\n<meta property=\"og:type\" content=\"article\" \/>\n<meta property=\"og:title\" content=\"Omegla - Free video chat with girls on StrangerCam.com\" \/>\n<meta property=\"og:description\" content=\"Like Omegla? Come chat with more than 5.000.000 strangers on Stranger Cam for Free! Turn on your cam and find new friends &amp; maby a match!\" \/>\n<meta property=\"og:url\" content=\"https:\/\/strangercam.com\/da\/omegla\/\" \/>\n<meta property=\"og:site_name\" content=\"Strangercam\" \/>\n<meta property=\"article:publisher\" content=\"https:\/\/www.facebook.com\/strangercam\" \/>\n<meta property=\"article:modified_time\" content=\"2025-02-07T11:15:40+00:00\" \/>\n<meta property=\"og:image\" content=\"https:\/\/strangercam.com\/wp-content\/uploads\/2021\/10\/Untitled-2.png\" \/>\n\t<meta property=\"og:image:width\" content=\"800\" \/>\n\t<meta property=\"og:image:height\" content=\"532\" \/>\n\t<meta property=\"og:image:type\" content=\"image\/png\" \/>\n<meta name=\"twitter:card\" content=\"summary_large_image\" \/>\n<meta name=\"twitter:site\" content=\"@strangercamapp\" \/>\n<meta name=\"twitter:label1\" content=\"Estimeret l\u00e6setid\" \/>\n\t<meta name=\"twitter:data1\" content=\"6 minutter\" \/>\n<script type=\"application\/ld+json\" class=\"yoast-schema-graph\">{\"@context\":\"https:\\\/\\\/schema.org\",\"@graph\":[{\"@type\":\"WebPage\",\"@id\":\"https:\\\/\\\/strangercam.com\\\/omegla\\\/\",\"url\":\"https:\\\/\\\/strangercam.com\\\/omegla\\\/\",\"name\":\"Omegla - Free video chat with girls on StrangerCam.com\",\"isPartOf\":{\"@id\":\"https:\\\/\\\/strangercam.com\\\/#website\"},\"datePublished\":\"2025-02-07T11:15:10+00:00\",\"dateModified\":\"2025-02-07T11:15:40+00:00\",\"description\":\"Like Omegla? Come chat with more than 5.000.000 strangers on Stranger Cam for Free! Turn on your cam and find new friends & maby a match!\",\"breadcrumb\":{\"@id\":\"https:\\\/\\\/strangercam.com\\\/omegla\\\/#breadcrumb\"},\"inLanguage\":\"da-DK\",\"potentialAction\":[{\"@type\":\"ReadAction\",\"target\":[\"https:\\\/\\\/strangercam.com\\\/omegla\\\/\"]}]},{\"@type\":\"BreadcrumbList\",\"@id\":\"https:\\\/\\\/strangercam.com\\\/omegla\\\/#breadcrumb\",\"itemListElement\":[{\"@type\":\"ListItem\",\"position\":1,\"name\":\"Home\",\"item\":\"https:\\\/\\\/strangercam.com\\\/\"},{\"@type\":\"ListItem\",\"position\":2,\"name\":\"Omegla\"}]},{\"@type\":\"WebSite\",\"@id\":\"https:\\\/\\\/strangercam.com\\\/#website\",\"url\":\"https:\\\/\\\/strangercam.com\\\/\",\"name\":\"Strangercam\",\"description\":\"Random Video Chat with Strangers\",\"publisher\":{\"@id\":\"https:\\\/\\\/strangercam.com\\\/#organization\"},\"alternateName\":\"Strangercam.com\",\"potentialAction\":[{\"@type\":\"SearchAction\",\"target\":{\"@type\":\"EntryPoint\",\"urlTemplate\":\"https:\\\/\\\/strangercam.com\\\/?s={search_term_string}\"},\"query-input\":{\"@type\":\"PropertyValueSpecification\",\"valueRequired\":true,\"valueName\":\"search_term_string\"}}],\"inLanguage\":\"da-DK\"},{\"@type\":\"Organization\",\"@id\":\"https:\\\/\\\/strangercam.com\\\/#organization\",\"name\":\"Strangercam\",\"alternateName\":\"Strangercam.com\",\"url\":\"https:\\\/\\\/strangercam.com\\\/\",\"logo\":{\"@type\":\"ImageObject\",\"inLanguage\":\"da-DK\",\"@id\":\"https:\\\/\\\/strangercam.com\\\/#\\\/schema\\\/logo\\\/image\\\/\",\"url\":\"https:\\\/\\\/strangercam.com\\\/wp-content\\\/uploads\\\/2020\\\/11\\\/cropped-new-favicon-black.png\",\"contentUrl\":\"https:\\\/\\\/strangercam.com\\\/wp-content\\\/uploads\\\/2020\\\/11\\\/cropped-new-favicon-black.png\",\"width\":512,\"height\":512,\"caption\":\"Strangercam\"},\"image\":{\"@id\":\"https:\\\/\\\/strangercam.com\\\/#\\\/schema\\\/logo\\\/image\\\/\"},\"sameAs\":[\"https:\\\/\\\/www.facebook.com\\\/strangercam\",\"https:\\\/\\\/x.com\\\/strangercamapp\"]}]}<\/script>\n<!-- \/ Yoast SEO plugin. -->","yoast_head_json":{"title":"Omegla - Gratis videochat med piger p\u00e5 StrangerCam.com","description":"Kan du lide Omegla? Kom og chat med mere end 5.000.000 fremmede p\u00e5 Stranger Cam helt gratis! T\u00e6nd for dit kamera og find nye venner og m\u00e5ske et match!","robots":{"index":"index","follow":"follow","max-snippet":"max-snippet:-1","max-image-preview":"max-image-preview:large","max-video-preview":"max-video-preview:-1"},"canonical":"https:\/\/strangercam.com\/da\/omegla\/","og_locale":"da_DK","og_type":"article","og_title":"Omegla - Free video chat with girls on StrangerCam.com","og_description":"Like Omegla? Come chat with more than 5.000.000 strangers on Stranger Cam for Free! Turn on your cam and find new friends & maby a match!","og_url":"https:\/\/strangercam.com\/da\/omegla\/","og_site_name":"Strangercam","article_publisher":"https:\/\/www.facebook.com\/strangercam","article_modified_time":"2025-02-07T11:15:40+00:00","og_image":[{"width":800,"height":532,"url":"https:\/\/strangercam.com\/wp-content\/uploads\/2021\/10\/Untitled-2.png","type":"image\/png"}],"twitter_card":"summary_large_image","twitter_site":"@strangercamapp","twitter_misc":{"Estimeret l\u00e6setid":"6 minutter"},"schema":{"@context":"https:\/\/schema.org","@graph":[{"@type":"WebPage","@id":"https:\/\/strangercam.com\/omegla\/","url":"https:\/\/strangercam.com\/omegla\/","name":"Omegla - Gratis videochat med piger p\u00e5 StrangerCam.com","isPartOf":{"@id":"https:\/\/strangercam.com\/#website"},"datePublished":"2025-02-07T11:15:10+00:00","dateModified":"2025-02-07T11:15:40+00:00","description":"Kan du lide Omegla? Kom og chat med mere end 5.000.000 fremmede p\u00e5 Stranger Cam helt gratis! T\u00e6nd for dit kamera og find nye venner og m\u00e5ske et match!","breadcrumb":{"@id":"https:\/\/strangercam.com\/omegla\/#breadcrumb"},"inLanguage":"da-DK","potentialAction":[{"@type":"ReadAction","target":["https:\/\/strangercam.com\/omegla\/"]}]},{"@type":"BreadcrumbList","@id":"https:\/\/strangercam.com\/omegla\/#breadcrumb","itemListElement":[{"@type":"ListItem","position":1,"name":"Home","item":"https:\/\/strangercam.com\/"},{"@type":"ListItem","position":2,"name":"Omegla"}]},{"@type":"WebSite","@id":"https:\/\/strangercam.com\/#website","url":"https:\/\/strangercam.com\/","name":"Strangercam","description":"Tilf\u00e6ldig videochat med fremmede","publisher":{"@id":"https:\/\/strangercam.com\/#organization"},"alternateName":"Strangercam.com","potentialAction":[{"@type":"SearchAction","target":{"@type":"EntryPoint","urlTemplate":"https:\/\/strangercam.com\/?s={search_term_string}"},"query-input":{"@type":"PropertyValueSpecification","valueRequired":true,"valueName":"search_term_string"}}],"inLanguage":"da-DK"},{"@type":"Organization","@id":"https:\/\/strangercam.com\/#organization","name":"Strangercam","alternateName":"Strangercam.com","url":"https:\/\/strangercam.com\/","logo":{"@type":"ImageObject","inLanguage":"da-DK","@id":"https:\/\/strangercam.com\/#\/schema\/logo\/image\/","url":"https:\/\/strangercam.com\/wp-content\/uploads\/2020\/11\/cropped-new-favicon-black.png","contentUrl":"https:\/\/strangercam.com\/wp-content\/uploads\/2020\/11\/cropped-new-favicon-black.png","width":512,"height":512,"caption":"Strangercam"},"image":{"@id":"https:\/\/strangercam.com\/#\/schema\/logo\/image\/"},"sameAs":["https:\/\/www.facebook.com\/strangercam","https:\/\/x.com\/strangercamapp"]}]}},"_links":{"self":[{"href":"https:\/\/strangercam.com\/da\/wp-json\/wp\/v2\/pages\/12700","targetHints":{"allow":["GET"]}}],"collection":[{"href":"https:\/\/strangercam.com\/da\/wp-json\/wp\/v2\/pages"}],"about":[{"href":"https:\/\/strangercam.com\/da\/wp-json\/wp\/v2\/types\/page"}],"author":[{"embeddable":true,"href":"https:\/\/strangercam.com\/da\/wp-json\/wp\/v2\/users\/6"}],"replies":[{"embeddable":true,"href":"https:\/\/strangercam.com\/da\/wp-json\/wp\/v2\/comments?post=12700"}],"version-history":[{"count":1,"href":"https:\/\/strangercam.com\/da\/wp-json\/wp\/v2\/pages\/12700\/revisions"}],"predecessor-version":[{"id":12701,"href":"https:\/\/strangercam.com\/da\/wp-json\/wp\/v2\/pages\/12700\/revisions\/12701"}],"wp:attachment":[{"href":"https:\/\/strangercam.com\/da\/wp-json\/wp\/v2\/media?parent=12700"}],"curies":[{"name":"wp","href":"https:\/\/api.w.org\/{rel}","templated":true}]}}