{"id":12683,"date":"2025-01-29T10:35:45","date_gmt":"2025-01-29T08:35:45","guid":{"rendered":"https:\/\/strangercam.com\/?page_id=12683"},"modified":"2025-02-04T09:27:22","modified_gmt":"2025-02-04T07:27:22","slug":"pink-video-chat","status":"publish","type":"page","link":"https:\/\/strangercam.com\/da\/pink-video-chat\/","title":{"rendered":"Lyser\u00f8d videochat"},"content":{"rendered":"<p>Er du p\u00e5 udkig efter en livlig, spontan m\u00e5de at <a href=\"https:\/\/strangercam.com\/da\/coomeet\/\">m\u00f8des<\/a> nye mennesker online? Lyser\u00f8d video <a href=\"https:\/\/strangercam.com\/da\/chatroulette\/\">Chat<\/a> tilbyder et sjovt alternativ til platforme som Chatrandom med fokus p\u00e5 tilf\u00e6ldige videoforbindelser, der s\u00e6tter gang i friske samtaler over hele kloden. I denne guide udforsker vi Pink Video Chat's prim\u00e6re funktioner, hvordan den skiller sig ud fra andre tilf\u00e6ldige chatsider, og hvad der g\u00f8r den til en sikker og underholdende mulighed for dem, der elsker hurtige sociale m\u00f8der.<\/p>\n<h2>Vigtige funktioner<\/h2>\n<p>Lyser\u00f8d <a href=\"https:\/\/strangercam.com\/da\/rabbit-video-chat\/\">Videochat<\/a> handler om at levere en enkel, men engagerende metode til at komme i kontakt med fremmede i realtid. Fra den brugervenlige gr\u00e6nseflade til kreative tilf\u00f8jelser er det m\u00e5let at holde samtaler sjove og sikre.<\/p>\n<ul>\n<li><strong>Tilf\u00e6ldig videomatchning<\/strong>: Bliv straks parret med fremmede, og kast dig ud i afslappede videochats.<\/li>\n<li><strong>Isbryder-effekter<\/strong>: Pift samtalerne op med legende masker, filtre og andre visuelle elementer.<\/li>\n<li><strong>Hurtig navigation<\/strong>: G\u00e5 hurtigt fra en chat til den n\u00e6ste, s\u00e5 du bruger mere tid p\u00e5 at tale og mindre tid p\u00e5 at vente.<\/li>\n<li><strong>Mobil-optimeret<\/strong>: Uanset om du bruger smartphone eller computer, kan du nyde problemfri videochats uden at g\u00e5 p\u00e5 kompromis med kvaliteten.<\/li>\n<\/ul>\n<h2>Tilf\u00e6ldig oplevelse med videochat<\/h2>\n<p>Den prim\u00e6re appel ved Pink Video Chat ligger i dens evne til at s\u00e6tte dig i forbindelse med fremmede, en-til-en, med et klik p\u00e5 en knap.<\/p>\n<h3>\u00d8jeblikkelige forbindelser<\/h3>\n<p>S\u00e5 snart du trykker p\u00e5 \u201cStart\u201d, finder Pink Video Chat's algoritme hurtigt en partner, der er klar til en videosamtale. Der er ikke brug for lange profiler eller komplicerede filtre - bare spontan dialog.<\/p>\n<h3>Automatisk n\u00e6ste mulighed<\/h3>\n<p>Hvis den aktuelle samtale ikke klikker, kan du med et enkelt tryk p\u00e5 \"N\u00e6ste\" blive sat i forbindelse med et nyt match, hvilket holder tempoet oppe og hj\u00e6lper dig med at opdage flere mennesker.<\/p>\n<h3>Det globale f\u00e6llesskab<\/h3>\n<p>Pink Video Chat's brugerbase str\u00e6kker sig over hele verden og giver dig mulighed for at chatte med personer med forskellige baggrunde. Det er perfekt til at l\u00e6re nye sprog eller udforske internationale kulturer i et venligt ansigt-til-ansigt-format.<\/p>\n<h2>Sjovt ekstramateriale<\/h2>\n<p>Ud over den vigtige tilf\u00e6ldige chatfunktion tilbyder Pink Video Chat sp\u00e6ndende tilf\u00f8jelser til at \u00f8ge engagementet og bryde isen.<\/p>\n<table>\n<thead>\n<tr>\n<th>Funktion<\/th>\n<th>Beskrivelse<\/th>\n<\/tr>\n<\/thead>\n<tbody>\n<tr>\n<td><strong>Digitale masker og filtre<\/strong><\/td>\n<td>Forvandl dit look p\u00e5 sk\u00e6rmen med finurlige overlays, sjove hatte eller animerede effekter.<\/td>\n<\/tr>\n<tr>\n<td><strong>Integration af tekstchat<\/strong><\/td>\n<td>Skriv hurtige beskeder eller del links, hvis du helst ikke vil tale foran kameraet i starten.<\/td>\n<\/tr>\n<tr>\n<td><strong>V\u00e6rkt\u00f8j til \u00f8jebliksbilleder<\/strong><\/td>\n<td>Fang mindev\u00e6rdige \u00f8jeblikke (med samtykke), som du kan gense, n\u00e5r din session er slut.<\/td>\n<\/tr>\n<tr>\n<td><strong>Interesse-tags<\/strong><\/td>\n<td>Inkluder n\u00f8gleord (musik, sport, rejser), s\u00e5 platformen kan foresl\u00e5 mere relevante matches.<\/td>\n<\/tr>\n<\/tbody>\n<\/table>\n<h2>Brugergr\u00e6nseflade og oplevelse<\/h2>\n<p>Pink Video Chat's layout sigter mod at v\u00e6re ligetil, reducere rod og prioritere nemme interaktioner.<\/p>\n<h3>Design og navigation<\/h3>\n<ul>\n<li><strong>Minimalistisk ops\u00e6tning<\/strong>: Tydelige knapper til \"Start\", \"Stop\" og \"N\u00e6ste\" hj\u00e6lper dig med at tage styringen over dine forbindelser.<\/li>\n<li><strong>Ikon-baserede menuer<\/strong>: Find hurtigt add-ons som filtre, tekstchat og rapportfunktioner.<\/li>\n<li><strong>Responsivt layout<\/strong>: Fungerer godt p\u00e5 b\u00e5de mobile enheder og computere og sikrer, at chats ser godt ud p\u00e5 alle sk\u00e6rme.<\/li>\n<\/ul>\n<h3>Profil og tilpasning<\/h3>\n<ul>\n<li><strong>Valgfrie brugernavne<\/strong>: Opret en kort profil, hvis du gerne vil have tilbagevendende bes\u00f8gende, eller v\u00e6r anonym for ekstra privatliv.<\/li>\n<li><strong>Indstillinger for notifikationer<\/strong>: Styr advarsler om venneanmodninger eller nye funktioner.<\/li>\n<li><strong>Indstillinger for privatlivets fred<\/strong>: Begr\u00e6ns deling af placering, og juster, hvilke oplysninger der er synlige for andre.<\/li>\n<\/ul>\n<h2>Pr\u00e6station<\/h2>\n<p>For enhver <a href=\"https:\/\/strangercam.com\/da\/chathub\/\">Tilf\u00e6ldig videochat<\/a> Platform, hastighed og p\u00e5lidelighed er afg\u00f8rende. Pink Video Chat afbalancerer kvalitet med brugervenligt design.<\/p>\n<h3>Stabile forbindelser<\/h3>\n<ul>\n<li><strong>Optimerede servere<\/strong>: Designet til reduceret forsinkelse og naturligt f\u00f8lende samtaler.<\/li>\n<li><strong>Adaptiv streamingkvalitet<\/strong>: Justerer automatisk opl\u00f8sningen baseret p\u00e5 din internetb\u00e5ndbredde.<\/li>\n<li><strong>Datavenlig mobiltilstand<\/strong>: Indstillinger for lavere dataforbrug p\u00e5 mobilnetv\u00e6rk hj\u00e6lper med at holde video flydende.<\/li>\n<\/ul>\n<h2>Sikkerhed og m\u00e5dehold<\/h2>\n<p>Tilf\u00e6ldige videochats kan uds\u00e6tte brugerne for upassende interaktioner, og derfor prioriterer Pink Video Chat moderation.<\/p>\n<h3>F\u00e6llesskabsoverv\u00e5gning<\/h3>\n<ul>\n<li><strong>Rapport og blokering<\/strong>: Rapporter \u00f8jeblikkeligt brugere, der bryder reglerne, og blok\u00e9r fremtidig kontakt for at opretholde en behagelig oplevelse.<\/li>\n<li><strong>AI-filtrering<\/strong>: Automatiske systemer spotter og begr\u00e6nser eksplicit eller kr\u00e6nkende indhold p\u00e5 et tidligt tidspunkt.<\/li>\n<li><strong>Menneskelig moderation<\/strong>: Et dedikeret supportteam unders\u00f8ger alvorlige rapporter med henblik p\u00e5 yderligere beskyttelse.<\/li>\n<\/ul>\n<h3>Sikring af privatlivets fred<\/h3>\n<ul>\n<li><strong>Anonyme videochats<\/strong>: Ingen forpligtelse til at dele personlige oplysninger eller linke til profiler p\u00e5 sociale medier.<\/li>\n<li><strong>Sikker h\u00e5ndtering af data<\/strong>: Grundl\u00e6ggende kryptering hj\u00e6lper med at beskytte kontooplysninger og sessionsoplysninger.<\/li>\n<li><strong>Politik for minimumsalder<\/strong>: Brugere under 18 \u00e5r er begr\u00e6nset for at sikre overholdelse af b\u00f8rnesikkerheden.<\/li>\n<\/ul>\n<h2>Indt\u00e6gtsgenerering og opgraderinger<\/h2>\n<p>Pink Video Chat leverer sine centrale matchningsfunktioner til <a href=\"https:\/\/strangercam.com\/da\/chat4free\/\">gratis<\/a>men valgfri betalte frynsegoder kan g\u00f8re din oplevelse bedre.<\/p>\n<h3>Abonnementsmuligheder<\/h3>\n<ul>\n<li><strong>Reklamefri tilstand<\/strong>: Fjern pop op-vinduer og bannerannoncer for et uafbrudt chatmilj\u00f8.<\/li>\n<li><strong>Eksklusive filtre<\/strong>: L\u00e5s op for f\u00f8rsteklasses effekter og baggrunde for at skille dig ud p\u00e5 kameraet.<\/li>\n<li><strong>Avanceret matchmaking<\/strong>: Afgr\u00e6ns dine interessetags for at f\u00e5 mere pr\u00e6cise parringer.<\/li>\n<\/ul>\n<h3>Bel\u00f8nninger og kreditter<\/h3>\n<ul>\n<li><strong>Loyalitetsniveauer<\/strong>: Optjen point ved hyppig brug, som kan indl\u00f8ses til bonusser eller rabatter i appen.<\/li>\n<li><strong>Incitamenter til henvisning<\/strong>: Inviter venner til Pink Video Chat, og optjen credits, som du kan bruge p\u00e5 premium-funktioner.<\/li>\n<\/ul>\n<h2>Positionering p\u00e5 markedet<\/h2>\n<p>Pink Video Chat skiller sig ud som et levende alternativ til platforme som Chatrandom. Den trives med afslappede, uforudsigelige m\u00f8der, samtidig med at den tilbyder nok sikkerhedsforanstaltninger og tilpasning til at tilfredsstille et bredt publikum.<\/p>\n<h3>Brugerdemografi<\/h3>\n<ul>\n<li><strong>Aldersgruppe<\/strong>: Prim\u00e6rt 18-35 \u00e5r, men \u00e5ben for voksne i alle aldre.<\/li>\n<li><strong>Interesser<\/strong>: Ideel til afslappede samtaler, kulturel udveksling, sprogpraksis og alt derimellem.<\/li>\n<li><strong>Spidsbelastning<\/strong>: Aftener og weekender tiltr\u00e6kker de st\u00f8rste folkem\u00e6ngder, der er p\u00e5 udkig efter sjove, afslappede samtaler.<\/li>\n<\/ul>\n<h3>Global r\u00e6kkevidde<\/h3>\n<ul>\n<li><strong>International brugerbase<\/strong>: M\u00f8d fremmede fra utallige lande, og udvid dit verdensbillede med en chat ad gangen.<\/li>\n<li><strong>Interface p\u00e5 flere sprog<\/strong>: V\u00e6lg mellem flere sprogmuligheder for at f\u00e5 en lokal oplevelse.<\/li>\n<\/ul>\n<h2>Fordele og ulemper<\/h2>\n<p>Her er en hurtig gennemgang af Pink Video Chat's st\u00e6rke sider og mulige ulemper:<\/p>\n<table>\n<thead>\n<tr>\n<th>Fordele<\/th>\n<th>Ulemper<\/th>\n<\/tr>\n<\/thead>\n<tbody>\n<tr>\n<td>\n<ul>\n<li>\u00d8jeblikkelige tilf\u00e6ldige forbindelser<\/li>\n<li>Enkelt, intuitivt layout<\/li>\n<li>Legende filtre og effekter<\/li>\n<li>Robuste moderationsv\u00e6rkt\u00f8jer<\/li>\n<li>Mobilvenlig ydeevne<\/li>\n<\/ul>\n<\/td>\n<td>\n<ul>\n<li>Potentiel eksponering for upassende indhold (dog modereret)<\/li>\n<li>H\u00f8je internetkrav til den bedste videokvalitet<\/li>\n<li>Begr\u00e6nsede profil- og interessemuligheder p\u00e5 Free Tier<\/li>\n<li>Konkurrence fra st\u00f8rre, etablerede platforme<\/li>\n<\/ul>\n<\/td>\n<\/tr>\n<\/tbody>\n<\/table>\n<h2>Konklusion<\/h2>\n<p>Pink Video Chat leverer en legende, tilf\u00e6ldig videochatoplevelse, der passer godt til alle, der \u00f8nsker spontane sociale m\u00f8der. Som et alternativ til Chatrandom afbalancerer den enkelhed og nydelse med sjove funktioner som digitale masker og interessetags sammen med vigtige sikkerhedsforanstaltninger som rapportering og blokering. Uanset om du \u00f8nsker at m\u00f8de nye venner, \u00f8ve dig p\u00e5 et andet sprog eller bare fordrive tiden i et dynamisk onlinef\u00e6llesskab, har Pink Video Chat masser at byde p\u00e5.<br \/>\nMed en ren brugergr\u00e6nseflade, mobilkompatibilitet og et modereret chatmilj\u00f8 skiller Pink Video Chat sig ud som en livlig udfordrer i verdenen af tilf\u00e6ldige videochatsider. Pr\u00f8v det, og find ud af, hvem du kan m\u00f8de p\u00e5 den anden side af dit n\u00e6ste klik!<\/p>","protected":false},"excerpt":{"rendered":"<p>Are you looking for a lively, spontaneous way to meet new people online? Pink Video Chat offers a fun alternative to platforms like Chatrandom, focusing on random video connections that spark fresh conversations across the globe. In this guide, we\u2019ll explore Pink Video Chat\u2019s primary features, how it stands out from other random chat sites, [&hellip;]<\/p>\n","protected":false},"author":6,"featured_media":0,"parent":0,"menu_order":0,"comment_status":"closed","ping_status":"closed","template":"","meta":{"footnotes":""},"class_list":["post-12683","page","type-page","status-publish","hentry"],"yoast_head":"<!-- This site is optimized with the Yoast SEO plugin v27.4 - https:\/\/yoast.com\/product\/yoast-seo-wordpress\/ -->\n<title>Pink Video Chat - Chat with people on StrangerCam.com<\/title>\n<meta name=\"description\" content=\"Like Pink Video Chat? Come chat with more than 5.000.000 strangers on Stranger Cam for Free! Turn on your cam and find new friends &amp; maby a match!\" \/>\n<meta name=\"robots\" content=\"index, follow, max-snippet:-1, max-image-preview:large, max-video-preview:-1\" \/>\n<link rel=\"canonical\" href=\"https:\/\/strangercam.com\/da\/pink-video-chat\/\" \/>\n<meta property=\"og:locale\" content=\"da_DK\" \/>\n<meta property=\"og:type\" content=\"article\" \/>\n<meta property=\"og:title\" content=\"Pink Video Chat - Chat with people on StrangerCam.com\" \/>\n<meta property=\"og:description\" content=\"Like Pink Video Chat? Come chat with more than 5.000.000 strangers on Stranger Cam for Free! Turn on your cam and find new friends &amp; maby a match!\" \/>\n<meta property=\"og:url\" content=\"https:\/\/strangercam.com\/da\/pink-video-chat\/\" \/>\n<meta property=\"og:site_name\" content=\"Strangercam\" \/>\n<meta property=\"article:publisher\" content=\"https:\/\/www.facebook.com\/strangercam\" \/>\n<meta property=\"article:modified_time\" content=\"2025-02-04T07:27:22+00:00\" \/>\n<meta property=\"og:image\" content=\"https:\/\/strangercam.com\/wp-content\/uploads\/2021\/10\/Untitled-2.png\" \/>\n\t<meta property=\"og:image:width\" content=\"800\" \/>\n\t<meta property=\"og:image:height\" content=\"532\" \/>\n\t<meta property=\"og:image:type\" content=\"image\/png\" \/>\n<meta name=\"twitter:card\" content=\"summary_large_image\" \/>\n<meta name=\"twitter:site\" content=\"@strangercamapp\" \/>\n<meta name=\"twitter:label1\" content=\"Estimeret l\u00e6setid\" \/>\n\t<meta name=\"twitter:data1\" content=\"5 minutter\" \/>\n<script type=\"application\/ld+json\" class=\"yoast-schema-graph\">{\"@context\":\"https:\\\/\\\/schema.org\",\"@graph\":[{\"@type\":\"WebPage\",\"@id\":\"https:\\\/\\\/strangercam.com\\\/pink-video-chat\\\/\",\"url\":\"https:\\\/\\\/strangercam.com\\\/pink-video-chat\\\/\",\"name\":\"Pink Video Chat - Chat with people on StrangerCam.com\",\"isPartOf\":{\"@id\":\"https:\\\/\\\/strangercam.com\\\/#website\"},\"datePublished\":\"2025-01-29T08:35:45+00:00\",\"dateModified\":\"2025-02-04T07:27:22+00:00\",\"description\":\"Like Pink Video Chat? Come chat with more than 5.000.000 strangers on Stranger Cam for Free! Turn on your cam and find new friends & maby a match!\",\"breadcrumb\":{\"@id\":\"https:\\\/\\\/strangercam.com\\\/pink-video-chat\\\/#breadcrumb\"},\"inLanguage\":\"da-DK\",\"potentialAction\":[{\"@type\":\"ReadAction\",\"target\":[\"https:\\\/\\\/strangercam.com\\\/pink-video-chat\\\/\"]}]},{\"@type\":\"BreadcrumbList\",\"@id\":\"https:\\\/\\\/strangercam.com\\\/pink-video-chat\\\/#breadcrumb\",\"itemListElement\":[{\"@type\":\"ListItem\",\"position\":1,\"name\":\"Home\",\"item\":\"https:\\\/\\\/strangercam.com\\\/\"},{\"@type\":\"ListItem\",\"position\":2,\"name\":\"Pink Video Chat\"}]},{\"@type\":\"WebSite\",\"@id\":\"https:\\\/\\\/strangercam.com\\\/#website\",\"url\":\"https:\\\/\\\/strangercam.com\\\/\",\"name\":\"Strangercam\",\"description\":\"Random Video Chat with Strangers\",\"publisher\":{\"@id\":\"https:\\\/\\\/strangercam.com\\\/#organization\"},\"alternateName\":\"Strangercam.com\",\"potentialAction\":[{\"@type\":\"SearchAction\",\"target\":{\"@type\":\"EntryPoint\",\"urlTemplate\":\"https:\\\/\\\/strangercam.com\\\/?s={search_term_string}\"},\"query-input\":{\"@type\":\"PropertyValueSpecification\",\"valueRequired\":true,\"valueName\":\"search_term_string\"}}],\"inLanguage\":\"da-DK\"},{\"@type\":\"Organization\",\"@id\":\"https:\\\/\\\/strangercam.com\\\/#organization\",\"name\":\"Strangercam\",\"alternateName\":\"Strangercam.com\",\"url\":\"https:\\\/\\\/strangercam.com\\\/\",\"logo\":{\"@type\":\"ImageObject\",\"inLanguage\":\"da-DK\",\"@id\":\"https:\\\/\\\/strangercam.com\\\/#\\\/schema\\\/logo\\\/image\\\/\",\"url\":\"https:\\\/\\\/strangercam.com\\\/wp-content\\\/uploads\\\/2020\\\/11\\\/cropped-new-favicon-black.png\",\"contentUrl\":\"https:\\\/\\\/strangercam.com\\\/wp-content\\\/uploads\\\/2020\\\/11\\\/cropped-new-favicon-black.png\",\"width\":512,\"height\":512,\"caption\":\"Strangercam\"},\"image\":{\"@id\":\"https:\\\/\\\/strangercam.com\\\/#\\\/schema\\\/logo\\\/image\\\/\"},\"sameAs\":[\"https:\\\/\\\/www.facebook.com\\\/strangercam\",\"https:\\\/\\\/x.com\\\/strangercamapp\"]}]}<\/script>\n<!-- \/ Yoast SEO plugin. -->","yoast_head_json":{"title":"Pink Video Chat - Chat med folk p\u00e5 StrangerCam.com","description":"Kan du lide pink videochat? Kom og chat med mere end 5.000.000 fremmede p\u00e5 Stranger Cam helt gratis! T\u00e6nd for dit kamera og find nye venner og m\u00e5ske et match!","robots":{"index":"index","follow":"follow","max-snippet":"max-snippet:-1","max-image-preview":"max-image-preview:large","max-video-preview":"max-video-preview:-1"},"canonical":"https:\/\/strangercam.com\/da\/pink-video-chat\/","og_locale":"da_DK","og_type":"article","og_title":"Pink Video Chat - Chat with people on StrangerCam.com","og_description":"Like Pink Video Chat? Come chat with more than 5.000.000 strangers on Stranger Cam for Free! Turn on your cam and find new friends & maby a match!","og_url":"https:\/\/strangercam.com\/da\/pink-video-chat\/","og_site_name":"Strangercam","article_publisher":"https:\/\/www.facebook.com\/strangercam","article_modified_time":"2025-02-04T07:27:22+00:00","og_image":[{"width":800,"height":532,"url":"https:\/\/strangercam.com\/wp-content\/uploads\/2021\/10\/Untitled-2.png","type":"image\/png"}],"twitter_card":"summary_large_image","twitter_site":"@strangercamapp","twitter_misc":{"Estimeret l\u00e6setid":"5 minutter"},"schema":{"@context":"https:\/\/schema.org","@graph":[{"@type":"WebPage","@id":"https:\/\/strangercam.com\/pink-video-chat\/","url":"https:\/\/strangercam.com\/pink-video-chat\/","name":"Pink Video Chat - Chat med folk p\u00e5 StrangerCam.com","isPartOf":{"@id":"https:\/\/strangercam.com\/#website"},"datePublished":"2025-01-29T08:35:45+00:00","dateModified":"2025-02-04T07:27:22+00:00","description":"Kan du lide pink videochat? Kom og chat med mere end 5.000.000 fremmede p\u00e5 Stranger Cam helt gratis! T\u00e6nd for dit kamera og find nye venner og m\u00e5ske et match!","breadcrumb":{"@id":"https:\/\/strangercam.com\/pink-video-chat\/#breadcrumb"},"inLanguage":"da-DK","potentialAction":[{"@type":"ReadAction","target":["https:\/\/strangercam.com\/pink-video-chat\/"]}]},{"@type":"BreadcrumbList","@id":"https:\/\/strangercam.com\/pink-video-chat\/#breadcrumb","itemListElement":[{"@type":"ListItem","position":1,"name":"Home","item":"https:\/\/strangercam.com\/"},{"@type":"ListItem","position":2,"name":"Pink Video Chat"}]},{"@type":"WebSite","@id":"https:\/\/strangercam.com\/#website","url":"https:\/\/strangercam.com\/","name":"Strangercam","description":"Tilf\u00e6ldig videochat med fremmede","publisher":{"@id":"https:\/\/strangercam.com\/#organization"},"alternateName":"Strangercam.com","potentialAction":[{"@type":"SearchAction","target":{"@type":"EntryPoint","urlTemplate":"https:\/\/strangercam.com\/?s={search_term_string}"},"query-input":{"@type":"PropertyValueSpecification","valueRequired":true,"valueName":"search_term_string"}}],"inLanguage":"da-DK"},{"@type":"Organization","@id":"https:\/\/strangercam.com\/#organization","name":"Strangercam","alternateName":"Strangercam.com","url":"https:\/\/strangercam.com\/","logo":{"@type":"ImageObject","inLanguage":"da-DK","@id":"https:\/\/strangercam.com\/#\/schema\/logo\/image\/","url":"https:\/\/strangercam.com\/wp-content\/uploads\/2020\/11\/cropped-new-favicon-black.png","contentUrl":"https:\/\/strangercam.com\/wp-content\/uploads\/2020\/11\/cropped-new-favicon-black.png","width":512,"height":512,"caption":"Strangercam"},"image":{"@id":"https:\/\/strangercam.com\/#\/schema\/logo\/image\/"},"sameAs":["https:\/\/www.facebook.com\/strangercam","https:\/\/x.com\/strangercamapp"]}]}},"_links":{"self":[{"href":"https:\/\/strangercam.com\/da\/wp-json\/wp\/v2\/pages\/12683","targetHints":{"allow":["GET"]}}],"collection":[{"href":"https:\/\/strangercam.com\/da\/wp-json\/wp\/v2\/pages"}],"about":[{"href":"https:\/\/strangercam.com\/da\/wp-json\/wp\/v2\/types\/page"}],"author":[{"embeddable":true,"href":"https:\/\/strangercam.com\/da\/wp-json\/wp\/v2\/users\/6"}],"replies":[{"embeddable":true,"href":"https:\/\/strangercam.com\/da\/wp-json\/wp\/v2\/comments?post=12683"}],"version-history":[{"count":1,"href":"https:\/\/strangercam.com\/da\/wp-json\/wp\/v2\/pages\/12683\/revisions"}],"predecessor-version":[{"id":12684,"href":"https:\/\/strangercam.com\/da\/wp-json\/wp\/v2\/pages\/12683\/revisions\/12684"}],"wp:attachment":[{"href":"https:\/\/strangercam.com\/da\/wp-json\/wp\/v2\/media?parent=12683"}],"curies":[{"name":"wp","href":"https:\/\/api.w.org\/{rel}","templated":true}]}}