{"id":1261,"date":"2021-02-21T14:58:36","date_gmt":"2021-02-21T12:58:36","guid":{"rendered":"https:\/\/strangercam.com\/?page_id=1261"},"modified":"2023-08-21T12:24:41","modified_gmt":"2023-08-21T10:24:41","slug":"chatruletka","status":"publish","type":"page","link":"https:\/\/strangercam.com\/da\/chatruletka\/","title":{"rendered":"Chatruletka"},"content":{"rendered":"<p>Du har m\u00e5ske h\u00f8rt om <a href=\"https:\/\/strangercam.com\/da\/chatroulette\/\">Chatroulette<\/a> - et websted, hvor du kan blive tilf\u00e6ldigt matchet med en fremmed til en video <a href=\"https:\/\/strangercam.com\/da\/chathub\/\">chat<\/a>. Men vidste du, at der nu findes en version af Chatroulette, som er 100% sikker? Chatruletka er en ny videochattjeneste, der tilbyder fuldst\u00e6ndig anonymitet og sikkerhed, s\u00e5 du kan chatte med fremmede uden at bekymre dig.<\/p>\n<h2>Hvad er Chatruletka?<\/h2>\n<p>Chatruletka er en tilf\u00e6ldig videochat-hjemmeside, der er blevet popul\u00e6r i de senere \u00e5r. Hjemmesiden forbinder to personer fra hvor som helst i verden til en chat. Hagen er, at den person, du chatter med, v\u00e6lges tilf\u00e6ldigt. Det g\u00f8r Chatruletka til et popul\u00e6rt valg for folk, der gerne vil <a href=\"https:\/\/strangercam.com\/da\/coomeet\/\">m\u00f8des<\/a> nye mennesker fra hele verden.<\/p>\n<p>Chatruletka er en gratis hjemmeside, og den kr\u00e6ver ingen registrering. Det g\u00f8r den meget nem at bruge. Alt, hvad du skal g\u00f8re, er at indtaste dit navn og begynde at chatte. Du kan ogs\u00e5 v\u00e6lge at chatte med folk fra bestemte lande, hvis du vil.<\/p>\n<p>Hjemmesiden er blevet popul\u00e6r p\u00e5 grund af dens 100%-sikkerhedsfunktion. Denne funktion sikrer, at alle chats er private og ikke kan optages eller overv\u00e5ges. Det g\u00f8r Chatruletka til et sikkert sted at chatte med fremmede.<\/p>\n<h2>S\u00e5dan bruger du Chatruletka<\/h2>\n<p>Chatruletka er en gratis online videochattjeneste, der giver dig mulighed for at komme i kontakt med tilf\u00e6ldige mennesker fra hele verden. For at komme i gang med at bruge Chatruletka skal du blot g\u00e5 ind p\u00e5 hjemmesiden og klikke p\u00e5 knappen \u201cStart\u201d. S\u00e5 bliver du sat i forbindelse med en tilf\u00e6ldig person fra hele verden.<\/p>\n<p>Du kan chatte med den person, du er forbundet med, via tekst, lyd eller video. For at starte en tekstchat skal du blot skrive din besked i feltet nederst p\u00e5 sk\u00e6rmen og trykke p\u00e5 enter. For at starte en lydchat skal du klikke p\u00e5 knappen \u201cAudio\u201d. S\u00e5 kan du t\u00e6nde for din mikrofon og begynde at tale med den person, du er forbundet med. For at starte en videochat skal du klikke p\u00e5 knappen \u201cVideo\u201d. S\u00e5 t\u00e6nder du dit webkamera og kan se den person, du taler med.<\/p>\n<p>Hvis du vil holde op med at tale med den person, du er forbundet med, skal du blot klikke p\u00e5 knappen \u201cAfslut opkald\u201d. Det vil afslutte det aktuelle opkald og s\u00e6tte dig i forbindelse med en anden tilf\u00e6ldig person.<\/p>\n<p>Chatruletka er en fantastisk m\u00e5de at m\u00f8de nye mennesker fra hele verden p\u00e5. Det er helt gratis at bruge og er % sikkert.<\/p>\n<h2>Fordelene ved at bruge Chatruletka<\/h2>\n<p>Der er mange fordele ved at bruge Chatruletka, en tilf\u00e6ldig videochattjeneste.<\/p>\n<ul>\n<li style=\"font-weight: 400;\" aria-level=\"1\">For det f\u00f8rste er det en fantastisk m\u00e5de at m\u00f8de nye mennesker fra hele verden p\u00e5. Du ved aldrig, hvem du ender med at chatte med, og det kan v\u00e6re sp\u00e6ndende.<\/li>\n<li style=\"font-weight: 400;\" aria-level=\"1\">For det andet er Chatruletka helt gratis at bruge. Du beh\u00f8ver ikke at bekymre dig om at betale gebyrer eller abonnementer.<\/li>\n<li style=\"font-weight: 400;\" aria-level=\"1\">For det tredje er webstedet 100% trygt og sikkert. Du kan chatte med helt fremmede uden at skulle bekymre dig om, at dine personlige oplysninger bliver kompromitteret.<\/li>\n<li style=\"font-weight: 400;\" aria-level=\"1\">For det fjerde er Chatruletka tilg\u00e6ngelig p\u00e5 mange forskellige sprog. Det g\u00f8r det tilg\u00e6ngeligt for folk fra hele verden.<\/li>\n<li style=\"font-weight: 400;\" aria-level=\"1\">Endelig tilbyder Chatruletka en fantastisk m\u00e5de at komme i kontakt med mennesker p\u00e5 et dybere niveau. Du kan have rigtige samtaler med folk og l\u00e6re dem at kende p\u00e5 en m\u00e5de, som du ikke ville kunne, hvis du bare chattede via sms.<\/li>\n<\/ul>\n<h2>Hvad kan man forvente, n\u00e5r man bruger Chatruletka?<\/h2>\n<p>N\u00e5r du bruger Chatruletka, kan du forvente at blive forbundet med en tilf\u00e6ldig person fra et hvilket som helst sted i verden. Du vil kunne se og h\u00f8re dem, og de vil kunne se og h\u00f8re dig. Du kan chatte med denne person, s\u00e5 l\u00e6nge du vil, eller g\u00e5 videre til en anden person n\u00e5r som helst.<\/p>\n<p>Chatruletka er en helt tryg og sikker m\u00e5de at chatte med fremmede p\u00e5. Dine personlige oplysninger bliver aldrig delt med andre, og alle samtaler er 100% fortrolige. Du kan ogs\u00e5 v\u00e6lge at v\u00e6re anonym, hvis du foretr\u00e6kker det.<\/p>\n<p>Chatruletka er en fantastisk m\u00e5de at m\u00f8de nye mennesker fra hele verden p\u00e5. Det er sjovt, nemt at bruge og helt sikkert. S\u00e5 hvorfor ikke give det et fors\u00f8g i dag?<\/p>\n<h2>Alternativer til Chatruletka:<\/h2>\n<p>Der er mange alternativer til Chatruletka, som leverer en lignende service.<\/p>\n<p><a href=\"https:\/\/strangercam.com\/da\/omegle\/\">Omegle<\/a> er et popul\u00e6rt alternativ. Omegle er en gratis online chatside, der giver brugerne mulighed for at komme i kontakt med fremmede fra hele verden. Omegle kr\u00e6ver ikke, at brugerne opretter en konto, hvilket g\u00f8r det hurtigt og nemt at komme i gang. Ligesom Chatruletka har Omegle en sektion til samtaler med voksne, som ikke er modereret. Men Omegle har moderatorer, som kan udelukke brugere, der opf\u00f8rer sig upassende.<\/p>\n<p>Et andet popul\u00e6rt alternativ er Camsurf. Camsurf er en gratis online chatside, der forbinder brugere med fremmede fra hele verden. Camsurf har en streng politik mod n\u00f8genhed, s\u00e5 brugerne kan v\u00e6re sikre p\u00e5, at de ikke bliver udsat for noget eksplicit indhold. Camsurf har ogs\u00e5 et moderationsteam, der overv\u00e5ger samtaler og kan forbyde brugere, der udviser upassende adf\u00e6rd.<\/p>\n<p>Der er mange andre alternativer til Chatruletka, som tilbyder lignende tjenester. Disse omfatter websteder som <a href=\"https:\/\/strangercam.com\/da\/bazoocam\/\">Bazoocam<\/a>, Chatrandom og Tinychat.<\/p>\n<h2>Er det sikkert at bruge?<\/h2>\n<p>Ja, Chatruletka er en tryg og sikker m\u00e5de at videochatte med tilf\u00e6ldige mennesker fra hele verden. Siden bruger SSL-kryptering til at beskytte dine personlige oplysninger, og alle chats modereres af et team af moderatorer. Derudover kan du rapportere alle brugere, der overtr\u00e6der sidens servicevilk\u00e5r.<\/p>\n<h2>Konklusion<\/h2>\n<p>Alt i alt er Chatruletka en god mulighed for dem, der er p\u00e5 udkig efter et trygt og sikkert tilf\u00e6ldigt videochatsted. Siden er gratis at bruge, og der er ingen skjulte gebyrer eller afgifter. Du kan chatte med fremmede fra hele verden og nemt f\u00e5 nye venner. S\u00e5 hvad venter du p\u00e5? Giv Chatruletka en chance i dag!<\/p>","protected":false},"excerpt":{"rendered":"<p>You may have heard of Chatroulette &#8211; a site where you can be randomly matched with a stranger for a video chat. But did you know that there is now a version of Chatroulette that is 100% safe? Chatruletka is a new video-chat service that offers complete anonymity and security, so you can chat with [&hellip;]<\/p>\n","protected":false},"author":6,"featured_media":559,"parent":0,"menu_order":0,"comment_status":"closed","ping_status":"closed","template":"","meta":{"footnotes":""},"class_list":["post-1261","page","type-page","status-publish","has-post-thumbnail","hentry"],"yoast_head":"<!-- This site is optimized with the Yoast SEO plugin v27.4 - https:\/\/yoast.com\/product\/yoast-seo-wordpress\/ -->\n<title>Chatruletka - Free Cam Chat on StrangerCam<\/title>\n<meta name=\"description\" content=\"Like Chatruletka? Come chat with more than 5.000.000 strangers on Stranger Cam for Free! Turn on your cam and find new friends!\" \/>\n<meta name=\"robots\" content=\"index, follow, max-snippet:-1, max-image-preview:large, max-video-preview:-1\" \/>\n<link rel=\"canonical\" href=\"https:\/\/strangercam.com\/da\/chatruletka\/\" \/>\n<meta property=\"og:locale\" content=\"da_DK\" \/>\n<meta property=\"og:type\" content=\"article\" \/>\n<meta property=\"og:title\" content=\"Chatruletka - Free Cam Chat on StrangerCam\" \/>\n<meta property=\"og:description\" content=\"Like Chatruletka? Come chat with more than 5.000.000 strangers on Stranger Cam for Free! Turn on your cam and find new friends!\" \/>\n<meta property=\"og:url\" content=\"https:\/\/strangercam.com\/da\/chatruletka\/\" \/>\n<meta property=\"og:site_name\" content=\"Strangercam\" \/>\n<meta property=\"article:publisher\" content=\"https:\/\/www.facebook.com\/strangercam\" \/>\n<meta property=\"article:modified_time\" content=\"2023-08-21T10:24:41+00:00\" \/>\n<meta property=\"og:image\" content=\"https:\/\/strangercam.com\/wp-content\/uploads\/2020\/11\/stranger-cam-1.png\" \/>\n\t<meta property=\"og:image:width\" content=\"800\" \/>\n\t<meta property=\"og:image:height\" content=\"800\" \/>\n\t<meta property=\"og:image:type\" content=\"image\/png\" \/>\n<meta name=\"twitter:card\" content=\"summary_large_image\" \/>\n<meta name=\"twitter:site\" content=\"@strangercamapp\" \/>\n<meta name=\"twitter:label1\" content=\"Estimeret l\u00e6setid\" \/>\n\t<meta name=\"twitter:data1\" content=\"5 minutter\" \/>\n<script type=\"application\/ld+json\" class=\"yoast-schema-graph\">{\"@context\":\"https:\\\/\\\/schema.org\",\"@graph\":[{\"@type\":\"WebPage\",\"@id\":\"https:\\\/\\\/strangercam.com\\\/chatruletka\\\/\",\"url\":\"https:\\\/\\\/strangercam.com\\\/chatruletka\\\/\",\"name\":\"Chatruletka - Free Cam Chat on StrangerCam\",\"isPartOf\":{\"@id\":\"https:\\\/\\\/strangercam.com\\\/#website\"},\"primaryImageOfPage\":{\"@id\":\"https:\\\/\\\/strangercam.com\\\/chatruletka\\\/#primaryimage\"},\"image\":{\"@id\":\"https:\\\/\\\/strangercam.com\\\/chatruletka\\\/#primaryimage\"},\"thumbnailUrl\":\"https:\\\/\\\/strangercam.com\\\/wp-content\\\/uploads\\\/2020\\\/11\\\/stranger-cam-1.png\",\"datePublished\":\"2021-02-21T12:58:36+00:00\",\"dateModified\":\"2023-08-21T10:24:41+00:00\",\"description\":\"Like Chatruletka? Come chat with more than 5.000.000 strangers on Stranger Cam for Free! Turn on your cam and find new friends!\",\"breadcrumb\":{\"@id\":\"https:\\\/\\\/strangercam.com\\\/chatruletka\\\/#breadcrumb\"},\"inLanguage\":\"da-DK\",\"potentialAction\":[{\"@type\":\"ReadAction\",\"target\":[\"https:\\\/\\\/strangercam.com\\\/chatruletka\\\/\"]}]},{\"@type\":\"ImageObject\",\"inLanguage\":\"da-DK\",\"@id\":\"https:\\\/\\\/strangercam.com\\\/chatruletka\\\/#primaryimage\",\"url\":\"https:\\\/\\\/strangercam.com\\\/wp-content\\\/uploads\\\/2020\\\/11\\\/stranger-cam-1.png\",\"contentUrl\":\"https:\\\/\\\/strangercam.com\\\/wp-content\\\/uploads\\\/2020\\\/11\\\/stranger-cam-1.png\",\"width\":800,\"height\":800,\"caption\":\"stranger cam random video chat\"},{\"@type\":\"BreadcrumbList\",\"@id\":\"https:\\\/\\\/strangercam.com\\\/chatruletka\\\/#breadcrumb\",\"itemListElement\":[{\"@type\":\"ListItem\",\"position\":1,\"name\":\"Home\",\"item\":\"https:\\\/\\\/strangercam.com\\\/\"},{\"@type\":\"ListItem\",\"position\":2,\"name\":\"Chatruletka\"}]},{\"@type\":\"WebSite\",\"@id\":\"https:\\\/\\\/strangercam.com\\\/#website\",\"url\":\"https:\\\/\\\/strangercam.com\\\/\",\"name\":\"Strangercam\",\"description\":\"Random Video Chat with Strangers\",\"publisher\":{\"@id\":\"https:\\\/\\\/strangercam.com\\\/#organization\"},\"alternateName\":\"Strangercam.com\",\"potentialAction\":[{\"@type\":\"SearchAction\",\"target\":{\"@type\":\"EntryPoint\",\"urlTemplate\":\"https:\\\/\\\/strangercam.com\\\/?s={search_term_string}\"},\"query-input\":{\"@type\":\"PropertyValueSpecification\",\"valueRequired\":true,\"valueName\":\"search_term_string\"}}],\"inLanguage\":\"da-DK\"},{\"@type\":\"Organization\",\"@id\":\"https:\\\/\\\/strangercam.com\\\/#organization\",\"name\":\"Strangercam\",\"alternateName\":\"Strangercam.com\",\"url\":\"https:\\\/\\\/strangercam.com\\\/\",\"logo\":{\"@type\":\"ImageObject\",\"inLanguage\":\"da-DK\",\"@id\":\"https:\\\/\\\/strangercam.com\\\/#\\\/schema\\\/logo\\\/image\\\/\",\"url\":\"https:\\\/\\\/strangercam.com\\\/wp-content\\\/uploads\\\/2020\\\/11\\\/cropped-new-favicon-black.png\",\"contentUrl\":\"https:\\\/\\\/strangercam.com\\\/wp-content\\\/uploads\\\/2020\\\/11\\\/cropped-new-favicon-black.png\",\"width\":512,\"height\":512,\"caption\":\"Strangercam\"},\"image\":{\"@id\":\"https:\\\/\\\/strangercam.com\\\/#\\\/schema\\\/logo\\\/image\\\/\"},\"sameAs\":[\"https:\\\/\\\/www.facebook.com\\\/strangercam\",\"https:\\\/\\\/x.com\\\/strangercamapp\"]}]}<\/script>\n<!-- \/ Yoast SEO plugin. -->","yoast_head_json":{"title":"Chatruletka - Gratis Cam Chat p\u00e5 StrangerCam","description":"Kan du lide Chatruletka? Kom og chat med mere end 5.000.000 fremmede p\u00e5 Stranger Cam helt gratis! T\u00e6nd for dit kamera, og find nye venner!","robots":{"index":"index","follow":"follow","max-snippet":"max-snippet:-1","max-image-preview":"max-image-preview:large","max-video-preview":"max-video-preview:-1"},"canonical":"https:\/\/strangercam.com\/da\/chatruletka\/","og_locale":"da_DK","og_type":"article","og_title":"Chatruletka - Free Cam Chat on StrangerCam","og_description":"Like Chatruletka? Come chat with more than 5.000.000 strangers on Stranger Cam for Free! Turn on your cam and find new friends!","og_url":"https:\/\/strangercam.com\/da\/chatruletka\/","og_site_name":"Strangercam","article_publisher":"https:\/\/www.facebook.com\/strangercam","article_modified_time":"2023-08-21T10:24:41+00:00","og_image":[{"width":800,"height":800,"url":"https:\/\/strangercam.com\/wp-content\/uploads\/2020\/11\/stranger-cam-1.png","type":"image\/png"}],"twitter_card":"summary_large_image","twitter_site":"@strangercamapp","twitter_misc":{"Estimeret l\u00e6setid":"5 minutter"},"schema":{"@context":"https:\/\/schema.org","@graph":[{"@type":"WebPage","@id":"https:\/\/strangercam.com\/chatruletka\/","url":"https:\/\/strangercam.com\/chatruletka\/","name":"Chatruletka - Gratis Cam Chat p\u00e5 StrangerCam","isPartOf":{"@id":"https:\/\/strangercam.com\/#website"},"primaryImageOfPage":{"@id":"https:\/\/strangercam.com\/chatruletka\/#primaryimage"},"image":{"@id":"https:\/\/strangercam.com\/chatruletka\/#primaryimage"},"thumbnailUrl":"https:\/\/strangercam.com\/wp-content\/uploads\/2020\/11\/stranger-cam-1.png","datePublished":"2021-02-21T12:58:36+00:00","dateModified":"2023-08-21T10:24:41+00:00","description":"Kan du lide Chatruletka? Kom og chat med mere end 5.000.000 fremmede p\u00e5 Stranger Cam helt gratis! T\u00e6nd for dit kamera, og find nye venner!","breadcrumb":{"@id":"https:\/\/strangercam.com\/chatruletka\/#breadcrumb"},"inLanguage":"da-DK","potentialAction":[{"@type":"ReadAction","target":["https:\/\/strangercam.com\/chatruletka\/"]}]},{"@type":"ImageObject","inLanguage":"da-DK","@id":"https:\/\/strangercam.com\/chatruletka\/#primaryimage","url":"https:\/\/strangercam.com\/wp-content\/uploads\/2020\/11\/stranger-cam-1.png","contentUrl":"https:\/\/strangercam.com\/wp-content\/uploads\/2020\/11\/stranger-cam-1.png","width":800,"height":800,"caption":"stranger cam random video chat"},{"@type":"BreadcrumbList","@id":"https:\/\/strangercam.com\/chatruletka\/#breadcrumb","itemListElement":[{"@type":"ListItem","position":1,"name":"Home","item":"https:\/\/strangercam.com\/"},{"@type":"ListItem","position":2,"name":"Chatruletka"}]},{"@type":"WebSite","@id":"https:\/\/strangercam.com\/#website","url":"https:\/\/strangercam.com\/","name":"Strangercam","description":"Tilf\u00e6ldig videochat med fremmede","publisher":{"@id":"https:\/\/strangercam.com\/#organization"},"alternateName":"Strangercam.com","potentialAction":[{"@type":"SearchAction","target":{"@type":"EntryPoint","urlTemplate":"https:\/\/strangercam.com\/?s={search_term_string}"},"query-input":{"@type":"PropertyValueSpecification","valueRequired":true,"valueName":"search_term_string"}}],"inLanguage":"da-DK"},{"@type":"Organization","@id":"https:\/\/strangercam.com\/#organization","name":"Strangercam","alternateName":"Strangercam.com","url":"https:\/\/strangercam.com\/","logo":{"@type":"ImageObject","inLanguage":"da-DK","@id":"https:\/\/strangercam.com\/#\/schema\/logo\/image\/","url":"https:\/\/strangercam.com\/wp-content\/uploads\/2020\/11\/cropped-new-favicon-black.png","contentUrl":"https:\/\/strangercam.com\/wp-content\/uploads\/2020\/11\/cropped-new-favicon-black.png","width":512,"height":512,"caption":"Strangercam"},"image":{"@id":"https:\/\/strangercam.com\/#\/schema\/logo\/image\/"},"sameAs":["https:\/\/www.facebook.com\/strangercam","https:\/\/x.com\/strangercamapp"]}]}},"_links":{"self":[{"href":"https:\/\/strangercam.com\/da\/wp-json\/wp\/v2\/pages\/1261","targetHints":{"allow":["GET"]}}],"collection":[{"href":"https:\/\/strangercam.com\/da\/wp-json\/wp\/v2\/pages"}],"about":[{"href":"https:\/\/strangercam.com\/da\/wp-json\/wp\/v2\/types\/page"}],"author":[{"embeddable":true,"href":"https:\/\/strangercam.com\/da\/wp-json\/wp\/v2\/users\/6"}],"replies":[{"embeddable":true,"href":"https:\/\/strangercam.com\/da\/wp-json\/wp\/v2\/comments?post=1261"}],"version-history":[{"count":0,"href":"https:\/\/strangercam.com\/da\/wp-json\/wp\/v2\/pages\/1261\/revisions"}],"wp:featuredmedia":[{"embeddable":true,"href":"https:\/\/strangercam.com\/da\/wp-json\/wp\/v2\/media\/559"}],"wp:attachment":[{"href":"https:\/\/strangercam.com\/da\/wp-json\/wp\/v2\/media?parent=1261"}],"curies":[{"name":"wp","href":"https:\/\/api.w.org\/{rel}","templated":true}]}}