{"id":12600,"date":"2024-11-08T12:14:06","date_gmt":"2024-11-08T10:14:06","guid":{"rendered":"https:\/\/strangercam.com\/?page_id=12600"},"modified":"2025-06-16T13:16:29","modified_gmt":"2025-06-16T11:16:29","slug":"camgo","status":"publish","type":"page","link":"https:\/\/strangercam.com\/da\/camgo\/","title":{"rendered":"Camgo"},"content":{"rendered":"<p>I dagens digitalt forbundne verden er platforme, der muligg\u00f8r interaktion i realtid, blevet afg\u00f8rende for at fremme globale forbindelser. <strong>Camgo<\/strong> skiller sig ud som en f\u00f8rende online video <a href=\"https:\/\/strangercam.com\/da\/chatroulette\/\">chat<\/a> service, der giver brugerne mulighed for at deltage i tilf\u00e6ldige videosamtaler med personer fra forskellige baggrunde. Denne anmeldelse giver en omfattende analyse af Camgo og unders\u00f8ger dens funktioner, brugeroplevelse, prismuligheder, sikkerhedsforanstaltninger, og hvordan den sammenlignes med andre platforme p\u00e5 markedet for online videochat.<\/p>\n<h2>Oversigt over Camgo<\/h2>\n<p>Camgo blev etableret med det form\u00e5l at forenkle den m\u00e5de, folk kommer i kontakt med hinanden p\u00e5 online. Camgo er designet til at genskabe spontaniteten i interaktioner ansigt til ansigt og giver brugerne mulighed for at deltage i videochats uden behov for omfattende profiler eller langvarige registreringsprocesser. Platformen kan prale af en voksende international brugerbase, hvilket g\u00f8r den til en alsidig <a href=\"https:\/\/strangercam.com\/da\/mocospace\/\">plads<\/a> for personer, der s\u00f8ger venskaber, romantiske forhold, sprogpraksis eller afslappede samtaler. Camgos intuitive design og robuste funktionss\u00e6t sikrer tilg\u00e6ngelighed og engagement for brugere med alle tekniske baggrunde.<\/p>\n<h2>Vigtige funktioner<\/h2>\n<h3>Tilf\u00e6ldig videochat<\/h3>\n<p>Kernen i Camgo er dens <a href=\"https:\/\/strangercam.com\/da\/chathub\/\">Tilf\u00e6ldig videochat<\/a> funktion, som parrer brugere med fremmede til en-til-en-samtaler. Denne funktion er designet med henblik p\u00e5 enkelhed og brugervenlighed, s\u00e5 man kan begynde at chatte med et enkelt klik. Video- og lydstr\u00f8mme i h\u00f8j kvalitet sikrer, at interaktionerne er gnidningsl\u00f8se og engagerende og giver en oplevelse, der ligner personlige samtaler.<\/p>\n<h3>Avancerede filtreringsindstillinger<\/h3>\n<p>For at forbedre brugeroplevelsen tilbyder Camgo en r\u00e6kke filtreringsmuligheder:<\/p>\n<ul>\n<li><strong>K\u00f8nsfiltre<\/strong>: Brugerne kan angive k\u00f8nnet p\u00e5 de personer, de \u00f8nsker at komme i kontakt med, hvilket giver mulighed for mere skr\u00e6ddersyede interaktioner.<\/li>\n<li><strong>Placeringsfiltre<\/strong>: Denne funktion giver brugerne mulighed for at komme i kontakt med folk fra bestemte lande eller regioner, hvilket fremmer kulturel udveksling og sprogpraksis.<\/li>\n<li><strong>Aldersfiltre<\/strong>: Brugere kan indstille alderspr\u00e6ferencer for at sikre, at de bliver matchet med j\u00e6vnaldrende i samme aldersgruppe.<\/li>\n<\/ul>\n<p>Disse filtre hj\u00e6lper med at skabe mere meningsfulde og relevante forbindelser, der im\u00f8dekommer individuelle pr\u00e6ferencer og behov.<\/p>\n<h3>Brugervenlig gr\u00e6nseflade<\/h3>\n<p>Camgo har en slank og intuitiv gr\u00e6nseflade, der prioriterer brugeroplevelsen. Layoutet er rent og moderne med tydeligt m\u00e6rkede knapper og enkel navigation. Uanset om man tilg\u00e5r platformen via en computer eller en mobil enhed, kan brugerne nemt finde og bruge dens funktioner uden problemer.<\/p>\n<h3>Mobil kompatibilitet<\/h3>\n<p>Camgo forst\u00e5r vigtigheden af mobilitet og er optimeret til brug p\u00e5 smartphones og tablets via sin mobilvenlige hjemmeside. Der er ingen dedikeret mobilapplikation, men det responsive design sikrer, at brugerne kan nyde alle funktioner p\u00e5 farten uden at g\u00e5 p\u00e5 kompromis med funktionaliteten.<\/p>\n<h3>St\u00f8tte til sprog<\/h3>\n<p>For at im\u00f8dekomme et globalt publikum underst\u00f8tter Camgo flere sprog. Platformens gr\u00e6nseflade er tilg\u00e6ngelig p\u00e5 forskellige sprog, og overs\u00e6ttelsesv\u00e6rkt\u00f8jer i realtid g\u00f8r det lettere at f\u00f8re samtaler mellem brugere, der taler forskellige sprog. Denne funktion udvider platformens appel og forbedrer kommunikationsmulighederne.<\/p>\n<h3>Virtuelle masker<\/h3>\n<p>For at im\u00f8dekomme bekymringer om privatlivets fred tilbyder Camgo virtuelle masker, som brugerne kan anvende under videochats. Disse masker tilf\u00f8jer et lag af anonymitet, s\u00e5 brugerne kan skjule deres identitet, mens de stadig deltager i samtaler ansigt til ansigt. Denne funktion er is\u00e6r tiltr\u00e6kkende for dem, der v\u00e6rds\u00e6tter deres privatliv, men stadig \u00f8nsker at nyde fordelene ved videochat.<\/p>\n<h3>Rapportering og blokering<\/h3>\n<p>Camgo indeholder robuste rapporterings- og blokeringsfunktioner for at opretholde et sikkert og respektfuldt f\u00e6llesskab. Brugere kan nemt rapportere upassende adf\u00e6rd eller blokere andre brugere, der overtr\u00e6der platformens retningslinjer, hvilket sikrer en mere sikker og forn\u00f8jelig oplevelse for alle.<\/p>\n<h2>Brugeroplevelse<\/h2>\n<h3>Interface og design<\/h3>\n<p>Camgo's brugerflade er designet med enkelhed og funktionalitet for \u00f8je. Hjemmesiden har en fremtr\u00e6dende \u201cStart Chatting\u201d-knap, der giver brugerne mulighed for at starte en videochat med det samme. Det minimalistiske design reducerer distraktioner, s\u00e5 brugerne kan fokusere p\u00e5 deres samtaler. Derudover er platformens \u00e6stetik moderne og tiltalende, hvilket \u00f8ger den samlede brugertilfredshed.<\/p>\n<h3>Registreringsproces<\/h3>\n<p>En af Camgo's fremtr\u00e6dende funktioner er dens minimale registreringskrav. Brugere kan begynde at chatte uden at oprette en konto, hvilket g\u00f8r onboarding-processen hurtig og problemfri. For dem, der foretr\u00e6kker yderligere funktioner eller \u00f8nsker at gemme deres pr\u00e6ferencer, er der mulighed for valgfri registrering, der kun kr\u00e6ver grundl\u00e6ggende oplysninger s\u00e5som en e-mailadresse og et brugernavn. Denne fleksibilitet henvender sig b\u00e5de til tilf\u00e6ldige brugere og til dem, der \u00f8nsker en mere personlig oplevelse.<\/p>\n<h3>Ydeevne og p\u00e5lidelighed<\/h3>\n<p>Camgo er optimeret til h\u00f8j ydeevne og tilbyder p\u00e5lidelig video- og lydkvalitet, selv i omr\u00e5der med begr\u00e6nset b\u00e5ndbredde. Platformens servere er robuste og i stand til at h\u00e5ndtere et stort antal samtidige brugere uden v\u00e6sentlig forsinkelse eller nedetid. Denne p\u00e5lidelighed sikrer, at brugerne kan nyde uafbrudte samtaler til enhver tid.<\/p>\n<h3>Tilg\u00e6ngelighed<\/h3>\n<p>Camgo er tilg\u00e6ngelig p\u00e5 tv\u00e6rs af forskellige enheder, herunder station\u00e6re computere, b\u00e6rbare computere, smartphones og tablets. Det responsive design sikrer, at platformen fungerer gnidningsl\u00f8st p\u00e5 forskellige sk\u00e6rmst\u00f8rrelser og giver en ensartet brugeroplevelse, uanset hvilken enhed der bruges.<\/p>\n<h2>Priser og abonnementsmuligheder<\/h2>\n<p>Camgo tilbyder en kombination af gratis og premium funktioner, der im\u00f8dekommer en bred vifte af brugerpr\u00e6ferencer og budgetter.<\/p>\n<h3>Gratis funktioner<\/h3>\n<ul>\n<li><strong>Tilf\u00e6ldig videochat<\/strong>: Ubegr\u00e6nset adgang til tilf\u00e6ldige videochats uden omkostninger.<\/li>\n<li><strong>Grundl\u00e6ggende filtre<\/strong>: Begr\u00e6nset adgang til k\u00f8ns- og stedsfiltre.<\/li>\n<li><strong>Virtuelle masker<\/strong>: Brug af virtuelle standardmasker under chats.<\/li>\n<li><strong>St\u00f8tte til sprog<\/strong>: Adgang til flere sprog til kommunikation.<\/li>\n<\/ul>\n<h3>Fordele ved Camgo Premium<\/h3>\n<p>For brugere, der \u00f8nsker en forbedret oplevelse, tilbyder Camgo et premium-abonnement kendt som <strong>Camgo Premium<\/strong>. Premium-niveauet indeholder yderligere funktioner som f.eks:<\/p>\n<ul>\n<li><strong>Avancerede filtre<\/strong>: Mere specifikke muligheder for k\u00f8n, placering og alder, hvilket giver mulighed for mere m\u00e5lrettede forbindelser.<\/li>\n<li><strong>Annoncefri oplevelse<\/strong>: Fjernelse af reklamer for en mere j\u00e6vn og uafbrudt chatoplevelse.<\/li>\n<li><strong>Eksklusive virtuelle masker<\/strong>: Adgang til et st\u00f8rre udvalg af virtuelle masker, der giver flere tilpasningsmuligheder.<\/li>\n<li><strong>Prioriteret st\u00f8tte<\/strong>: Hurtigere svartider og dedikeret support til premium-brugere.<\/li>\n<li><strong>Ubegr\u00e6nset antal genforbindelser<\/strong>: Mulighed for at genoprette forbindelse med brugere uden begr\u00e6nsninger.<\/li>\n<\/ul>\n<h3>Abonnementsplaner<\/h3>\n<p>Camgo Premium er tilg\u00e6ngelig via fleksible abonnementsplaner:<\/p>\n<ul>\n<li><strong>Ugentlig plan<\/strong>: Velegnet til brugere, der er interesseret i kortvarig adgang til premiumfunktioner.<\/li>\n<li><strong>M\u00e5nedlig plan<\/strong>: En omkostningseffektiv l\u00f8sning for regelm\u00e6ssige brugere.<\/li>\n<li><strong>\u00c5rlig plan<\/strong>: Giver den bedste v\u00e6rdi for langtidsbrugere med betydelige besparelser i forhold til kortere planer.<\/li>\n<\/ul>\n<p>Prisen for Camgo Premium er konkurrencedygtig og afspejler den ekstra v\u00e6rdi, som de forbedrede funktioner og brugeroplevelsen giver.<\/p>\n<h2>Fordele og ulemper<\/h2>\n<h3>Fordele<\/h3>\n<ul>\n<li><strong>Brugervenlighed<\/strong>: Platformens enkle design giver brugerne mulighed for at begynde at chatte med det samme uden nogen tekniske barrierer.<\/li>\n<li><strong>Global forbindelse<\/strong>: Camgo forbinder brugere fra hele verden og skaber mangfoldige og berigende samtaler.<\/li>\n<li><strong>Minimal registrering<\/strong>: Brugere kan deltage i videochats uden behov for omfattende tilmeldingsprocesser, hvilket \u00f8ger tilg\u00e6ngeligheden.<\/li>\n<li><strong>Filtre, der kan tilpasses<\/strong>: Filtre for k\u00f8n, placering og alder giver mulighed for mere personlige og relevante interaktioner.<\/li>\n<li><strong>Funktioner for privatlivets fred<\/strong>: Virtuelle masker og anonymitetsmuligheder giver et ekstra lag af privatliv, der appellerer til privatlivsbevidste brugere.<\/li>\n<li><strong>St\u00f8tte til sprog<\/strong>: Overs\u00e6ttelsesv\u00e6rkt\u00f8jer i realtid letter kommunikationen mellem brugere, der taler forskellige sprog.<\/li>\n<li><strong>Robust rapportering og blokering<\/strong>: Sikrer et mere sikkert og respektfuldt f\u00e6llesskab ved at give brugerne mulighed for at styre deres interaktioner effektivt.<\/li>\n<\/ul>\n<h3>Ulemper<\/h3>\n<ul>\n<li><strong>Begr\u00e6nsede gratis funktioner<\/strong>: Adgang til avancerede filtre og premium-funktioner er begr\u00e6nset til betalende abonnenter, hvilket begr\u00e6nser oplevelsen for gratis brugere.<\/li>\n<li><strong>Ingen dedikeret mobilapp<\/strong>: Selvom platformen er mobilvenlig, kan frav\u00e6ret af en dedikeret app p\u00e5virke bekvemmeligheden for nogle brugere.<\/li>\n<li><strong>Mulighed for upassende indhold<\/strong>: P\u00e5 trods af rapporterings- og blokeringsfunktioner kan nogle brugere st\u00f8de p\u00e5 upassende adf\u00e6rd.<\/li>\n<li><strong>Reklamer<\/strong>: Gratis brugere uds\u00e6ttes for reklamer, som kan forstyrre chatoplevelsen.<\/li>\n<li><strong>Afh\u00e6ngighed af internetkvalitet<\/strong>: Video og lyd i h\u00f8j kvalitet kr\u00e6ver en stabil internetforbindelse, som m\u00e5ske ikke er tilg\u00e6ngelig for alle brugere.<\/li>\n<\/ul>\n<h2>Brugersikkerhed og privatliv<\/h2>\n<h3>Politikker for moderation<\/h3>\n<p>Camgo er forpligtet til at opretholde et sikkert og respektfuldt milj\u00f8 for sine brugere. Platformen anvender b\u00e5de automatiserede systemer og menneskelige moderatorer til at overv\u00e5ge indhold og h\u00e5ndh\u00e6ve f\u00e6llesskabets retningslinjer. Brugerne opfordres til at rapportere enhver upassende adf\u00e6rd, og der gribes hurtigt ind over for overtr\u00e6dere for at sikre f\u00e6llesskabets integritet. Derudover giver Camgo klare retningslinjer for acceptabel adf\u00e6rd for at fremme positive interaktioner.<\/p>\n<h3>Foranstaltninger til beskyttelse af privatlivets fred<\/h3>\n<ul>\n<li><strong>Databeskyttelse<\/strong>: Camgo overholder strenge regler for databeskyttelse og sikrer, at brugeroplysninger er sikre og ikke misbruges.<\/li>\n<li><strong>Muligheder for anonymitet<\/strong>: Funktioner som virtuelle masker giver brugerne mulighed for at bevare deres privatliv, mens de deltager i videochats.<\/li>\n<li><strong>Brugerkontrol<\/strong>: Brugerne har mulighed for at blokere og rapportere andre, hvilket giver dem kontrol over deres interaktioner og \u00f8ger deres f\u00f8lelse af sikkerhed.<\/li>\n<\/ul>\n<h3>Sikkerhedstips til brugere<\/h3>\n<ul>\n<li><strong>Beskyt personlige oplysninger<\/strong>: Undg\u00e5 at dele f\u00f8lsomme oplysninger som fulde navne, adresser eller finansielle oplysninger i chats.<\/li>\n<li><strong>Brug privatlivsfunktioner<\/strong>: Brug Camgos privatlivsindstillinger til at kontrollere, hvem der kan se din profil og kontakte dig.<\/li>\n<li><strong>V\u00e6r forsigtig<\/strong>: Stol p\u00e5 dine instinkter, og afbryd enhver samtale, der f\u00f8les ubehagelig eller utryg.<\/li>\n<li><strong>Rapporter overtr\u00e6delser<\/strong>: Hj\u00e6lp med at opretholde et sikkert f\u00e6llesskab ved at rapportere upassende adf\u00e6rd eller indhold.<\/li>\n<\/ul>\n<h2>Sammenligning med konkurrenter<\/h2>\n<h3>Camgo vs. Omegle<\/h3>\n<ul>\n<li><strong>Funktioner<\/strong>: Camgo tilbyder mere avancerede filtre og virtuelle masker, mens <a href=\"https:\/\/strangercam.com\/da\/omegle\/\">Omegle<\/a> fokuserer prim\u00e6rt p\u00e5 grundl\u00e6ggende tilf\u00e6ldige videochats.<\/li>\n<li><strong>Brugergr\u00e6nseflade<\/strong>: Camgo's interface er mere moderne og brugervenligt sammenlignet med Omegle's simple design.<\/li>\n<li><strong>Mobil kompatibilitet<\/strong>: Begge platforme er tilg\u00e6ngelige p\u00e5 mobile enheder, men Coggos responsive design giver en mere ensartet og funktionsrig oplevelse.<\/li>\n<\/ul>\n<h3>Camgo vs. Chatroulette<\/h3>\n<ul>\n<li><strong>Moderation<\/strong>: Camgo anvender mere robuste modereringspolitikker for at reducere forekomsten af upassende indhold.<\/li>\n<li><strong>Yderligere funktioner<\/strong>: Virtuelle masker og sprogst\u00f8tte p\u00e5 Camgo giver en mere skr\u00e6ddersyet oplevelse sammenlignet med Chatroulette's grundl\u00e6ggende videochatfunktionalitet.<\/li>\n<li><strong>Brugerbase<\/strong>: Begge platforme har store globale brugerbaser, men Coggos ekstra funktioner kan tiltr\u00e6kke et mere forskelligartet publikum.<\/li>\n<\/ul>\n<h3>Camgo vs. Chatrandom<\/h3>\n<ul>\n<li><strong>Chat-tilstande<\/strong>: Chatrandom tilbyder flere chattilstande, herunder gruppechats og temarum, mens Camgo prim\u00e6rt fokuserer p\u00e5 en-til-en-interaktioner.<\/li>\n<li><strong>Premium-indstillinger<\/strong>: Begge platforme tilbyder premium-abonnementer, men Coggos premium-funktioner er mere centreret om at forbedre privatlivets fred og tilpasning.<\/li>\n<li><strong>Interface-design<\/strong>: Begge platforme prioriterer brugervenlige gr\u00e6nseflader, men Coggos design er mere str\u00f8mlinet og moderne med flere interaktive elementer.<\/li>\n<\/ul>\n<h2>Brugerudtalelser<\/h2>\n<p><em>\"Camgo har gjort det utroligt nemt at <a href=\"https:\/\/strangercam.com\/da\/coomeet\/\">m\u00f8des<\/a> nye mennesker fra forskellige kulturer. Funktionen med virtuelle masker er en fantastisk tilf\u00f8jelse for dem, der s\u00e6tter pris p\u00e5 deres privatliv.\"<\/em> - <strong>Emma R.<\/strong><\/p>\n<p><em>\"Jeg elsker de avancerede filtreringsmuligheder p\u00e5 Camgo. Det har gjort mine samtaler mere meningsfulde, at jeg kan angive k\u00f8n og placering for de mennesker, jeg er i kontakt med.\"<\/em> - <strong>Michael S.<\/strong><\/p>\n<p><em>\u201cBrugergr\u00e6nsefladen er s\u00e5 intuitiv og nem at navigere i. Uanset om jeg sidder p\u00e5 min b\u00e6rbare eller mobile enhed, kan jeg starte en chat uden problemer.\u201d<\/em> - <strong>Sophia L.<\/strong><\/p>\n<p><em>\"P\u00e5 trods af lejlighedsvise upassende brugere hj\u00e6lper Coggos rapporterings- og blokeringsfunktioner med at opretholde et sikkert milj\u00f8. Alt i alt er det en fantastisk platform til spontane samtaler.\"<\/em> - <strong>Daniel K.<\/strong><\/p>\n<h2>Konklusion<\/h2>\n<p>Camgo tilbyder en robust og alsidig platform til personer, der s\u00f8ger spontane og meningsfulde videochatoplevelser. Dens v\u00e6gt p\u00e5 brugervenlighed, global forbindelse og privatlivsfunktioner som virtuelle masker g\u00f8r den til et enest\u00e5ende valg p\u00e5 det overfyldte marked for tilf\u00e6ldige videochatplatforme. Derudover \u00f8ger avancerede filtreringsmuligheder og sprogunderst\u00f8ttelse brugernes engagement og giver mulighed for kulturel udveksling og sprogpraksis. Selvom der er omr\u00e5der, der kan forbedres, s\u00e5som at udvide de gratis funktioner og udvikle en dedikeret mobilapp, faciliterer Camgo effektivt forn\u00f8jelige og sikre forbindelser over hele kloden. Uanset om du \u00f8nsker at f\u00e5 nye venner, \u00f8ve dig p\u00e5 et sprog eller blot nyde afslappede samtaler, er Camgo en v\u00e6rdifuld og tilg\u00e6ngelig l\u00f8sning.<\/p>","protected":false},"excerpt":{"rendered":"<p>In today&#8217;s digitally connected world, platforms that enable real-time interactions have become essential for fostering global connections. Camgo stands out as a premier online video chat service, offering users the ability to engage in random video conversations with individuals from diverse backgrounds. This review provides a comprehensive analysis of Camgo, exploring its features, user experience, [&hellip;]<\/p>\n","protected":false},"author":7,"featured_media":0,"parent":0,"menu_order":0,"comment_status":"closed","ping_status":"closed","template":"","meta":{"footnotes":""},"class_list":["post-12600","page","type-page","status-publish","hentry"],"yoast_head":"<!-- This site is optimized with the Yoast SEO plugin v27.4 - https:\/\/yoast.com\/product\/yoast-seo-wordpress\/ -->\n<title>Camgo - Alternatives &amp; Reviews of Chat Sites - StrangerCam<\/title>\n<meta name=\"description\" content=\"Discover the best Video Chat Sites, complete with ratings and reviews. Enjoy free cam chats that let you meet new people.\" \/>\n<meta name=\"robots\" content=\"index, follow, max-snippet:-1, max-image-preview:large, max-video-preview:-1\" \/>\n<link rel=\"canonical\" href=\"https:\/\/strangercam.com\/da\/camgo\/\" \/>\n<meta property=\"og:locale\" content=\"da_DK\" \/>\n<meta property=\"og:type\" content=\"article\" \/>\n<meta property=\"og:title\" content=\"Camgo - Alternatives &amp; Reviews of Chat Sites - StrangerCam\" \/>\n<meta property=\"og:description\" content=\"Discover the best Video Chat Sites, complete with ratings and reviews. Enjoy free cam chats that let you meet new people.\" \/>\n<meta property=\"og:url\" content=\"https:\/\/strangercam.com\/da\/camgo\/\" \/>\n<meta property=\"og:site_name\" content=\"Strangercam\" \/>\n<meta property=\"article:publisher\" content=\"https:\/\/www.facebook.com\/strangercam\" \/>\n<meta property=\"article:modified_time\" content=\"2025-06-16T11:16:29+00:00\" \/>\n<meta property=\"og:image\" content=\"https:\/\/strangercam.com\/wp-content\/uploads\/2021\/10\/Untitled-2.png\" \/>\n\t<meta property=\"og:image:width\" content=\"800\" \/>\n\t<meta property=\"og:image:height\" content=\"532\" \/>\n\t<meta property=\"og:image:type\" content=\"image\/png\" \/>\n<meta name=\"twitter:card\" content=\"summary_large_image\" \/>\n<meta name=\"twitter:site\" content=\"@strangercamapp\" \/>\n<meta name=\"twitter:label1\" content=\"Estimeret l\u00e6setid\" \/>\n\t<meta name=\"twitter:data1\" content=\"8 minutter\" \/>\n<script type=\"application\/ld+json\" class=\"yoast-schema-graph\">{\"@context\":\"https:\\\/\\\/schema.org\",\"@graph\":[{\"@type\":\"WebPage\",\"@id\":\"https:\\\/\\\/strangercam.com\\\/camgo\\\/\",\"url\":\"https:\\\/\\\/strangercam.com\\\/camgo\\\/\",\"name\":\"Camgo - Alternatives & Reviews of Chat Sites - StrangerCam\",\"isPartOf\":{\"@id\":\"https:\\\/\\\/strangercam.com\\\/#website\"},\"datePublished\":\"2024-11-08T10:14:06+00:00\",\"dateModified\":\"2025-06-16T11:16:29+00:00\",\"description\":\"Discover the best Video Chat Sites, complete with ratings and reviews. Enjoy free cam chats that let you meet new people.\",\"breadcrumb\":{\"@id\":\"https:\\\/\\\/strangercam.com\\\/camgo\\\/#breadcrumb\"},\"inLanguage\":\"da-DK\",\"potentialAction\":[{\"@type\":\"ReadAction\",\"target\":[\"https:\\\/\\\/strangercam.com\\\/camgo\\\/\"]}]},{\"@type\":\"BreadcrumbList\",\"@id\":\"https:\\\/\\\/strangercam.com\\\/camgo\\\/#breadcrumb\",\"itemListElement\":[{\"@type\":\"ListItem\",\"position\":1,\"name\":\"Home\",\"item\":\"https:\\\/\\\/strangercam.com\\\/\"},{\"@type\":\"ListItem\",\"position\":2,\"name\":\"Camgo\"}]},{\"@type\":\"WebSite\",\"@id\":\"https:\\\/\\\/strangercam.com\\\/#website\",\"url\":\"https:\\\/\\\/strangercam.com\\\/\",\"name\":\"Strangercam\",\"description\":\"Random Video Chat with Strangers\",\"publisher\":{\"@id\":\"https:\\\/\\\/strangercam.com\\\/#organization\"},\"alternateName\":\"Strangercam.com\",\"potentialAction\":[{\"@type\":\"SearchAction\",\"target\":{\"@type\":\"EntryPoint\",\"urlTemplate\":\"https:\\\/\\\/strangercam.com\\\/?s={search_term_string}\"},\"query-input\":{\"@type\":\"PropertyValueSpecification\",\"valueRequired\":true,\"valueName\":\"search_term_string\"}}],\"inLanguage\":\"da-DK\"},{\"@type\":\"Organization\",\"@id\":\"https:\\\/\\\/strangercam.com\\\/#organization\",\"name\":\"Strangercam\",\"alternateName\":\"Strangercam.com\",\"url\":\"https:\\\/\\\/strangercam.com\\\/\",\"logo\":{\"@type\":\"ImageObject\",\"inLanguage\":\"da-DK\",\"@id\":\"https:\\\/\\\/strangercam.com\\\/#\\\/schema\\\/logo\\\/image\\\/\",\"url\":\"https:\\\/\\\/strangercam.com\\\/wp-content\\\/uploads\\\/2020\\\/11\\\/cropped-new-favicon-black.png\",\"contentUrl\":\"https:\\\/\\\/strangercam.com\\\/wp-content\\\/uploads\\\/2020\\\/11\\\/cropped-new-favicon-black.png\",\"width\":512,\"height\":512,\"caption\":\"Strangercam\"},\"image\":{\"@id\":\"https:\\\/\\\/strangercam.com\\\/#\\\/schema\\\/logo\\\/image\\\/\"},\"sameAs\":[\"https:\\\/\\\/www.facebook.com\\\/strangercam\",\"https:\\\/\\\/x.com\\\/strangercamapp\"]}]}<\/script>\n<!-- \/ Yoast SEO plugin. -->","yoast_head_json":{"title":"Camgo - Alternativer og anmeldelser af chatsider - StrangerCam","description":"Opdag de bedste videochatsider, komplet med vurderinger og anmeldelser. Nyd gratis cam-chats, der giver dig mulighed for at m\u00f8de nye mennesker.","robots":{"index":"index","follow":"follow","max-snippet":"max-snippet:-1","max-image-preview":"max-image-preview:large","max-video-preview":"max-video-preview:-1"},"canonical":"https:\/\/strangercam.com\/da\/camgo\/","og_locale":"da_DK","og_type":"article","og_title":"Camgo - Alternatives & Reviews of Chat Sites - StrangerCam","og_description":"Discover the best Video Chat Sites, complete with ratings and reviews. Enjoy free cam chats that let you meet new people.","og_url":"https:\/\/strangercam.com\/da\/camgo\/","og_site_name":"Strangercam","article_publisher":"https:\/\/www.facebook.com\/strangercam","article_modified_time":"2025-06-16T11:16:29+00:00","og_image":[{"width":800,"height":532,"url":"https:\/\/strangercam.com\/wp-content\/uploads\/2021\/10\/Untitled-2.png","type":"image\/png"}],"twitter_card":"summary_large_image","twitter_site":"@strangercamapp","twitter_misc":{"Estimeret l\u00e6setid":"8 minutter"},"schema":{"@context":"https:\/\/schema.org","@graph":[{"@type":"WebPage","@id":"https:\/\/strangercam.com\/camgo\/","url":"https:\/\/strangercam.com\/camgo\/","name":"Camgo - Alternativer og anmeldelser af chatsider - StrangerCam","isPartOf":{"@id":"https:\/\/strangercam.com\/#website"},"datePublished":"2024-11-08T10:14:06+00:00","dateModified":"2025-06-16T11:16:29+00:00","description":"Opdag de bedste videochatsider, komplet med vurderinger og anmeldelser. Nyd gratis cam-chats, der giver dig mulighed for at m\u00f8de nye mennesker.","breadcrumb":{"@id":"https:\/\/strangercam.com\/camgo\/#breadcrumb"},"inLanguage":"da-DK","potentialAction":[{"@type":"ReadAction","target":["https:\/\/strangercam.com\/camgo\/"]}]},{"@type":"BreadcrumbList","@id":"https:\/\/strangercam.com\/camgo\/#breadcrumb","itemListElement":[{"@type":"ListItem","position":1,"name":"Home","item":"https:\/\/strangercam.com\/"},{"@type":"ListItem","position":2,"name":"Camgo"}]},{"@type":"WebSite","@id":"https:\/\/strangercam.com\/#website","url":"https:\/\/strangercam.com\/","name":"Strangercam","description":"Tilf\u00e6ldig videochat med fremmede","publisher":{"@id":"https:\/\/strangercam.com\/#organization"},"alternateName":"Strangercam.com","potentialAction":[{"@type":"SearchAction","target":{"@type":"EntryPoint","urlTemplate":"https:\/\/strangercam.com\/?s={search_term_string}"},"query-input":{"@type":"PropertyValueSpecification","valueRequired":true,"valueName":"search_term_string"}}],"inLanguage":"da-DK"},{"@type":"Organization","@id":"https:\/\/strangercam.com\/#organization","name":"Strangercam","alternateName":"Strangercam.com","url":"https:\/\/strangercam.com\/","logo":{"@type":"ImageObject","inLanguage":"da-DK","@id":"https:\/\/strangercam.com\/#\/schema\/logo\/image\/","url":"https:\/\/strangercam.com\/wp-content\/uploads\/2020\/11\/cropped-new-favicon-black.png","contentUrl":"https:\/\/strangercam.com\/wp-content\/uploads\/2020\/11\/cropped-new-favicon-black.png","width":512,"height":512,"caption":"Strangercam"},"image":{"@id":"https:\/\/strangercam.com\/#\/schema\/logo\/image\/"},"sameAs":["https:\/\/www.facebook.com\/strangercam","https:\/\/x.com\/strangercamapp"]}]}},"_links":{"self":[{"href":"https:\/\/strangercam.com\/da\/wp-json\/wp\/v2\/pages\/12600","targetHints":{"allow":["GET"]}}],"collection":[{"href":"https:\/\/strangercam.com\/da\/wp-json\/wp\/v2\/pages"}],"about":[{"href":"https:\/\/strangercam.com\/da\/wp-json\/wp\/v2\/types\/page"}],"author":[{"embeddable":true,"href":"https:\/\/strangercam.com\/da\/wp-json\/wp\/v2\/users\/7"}],"replies":[{"embeddable":true,"href":"https:\/\/strangercam.com\/da\/wp-json\/wp\/v2\/comments?post=12600"}],"version-history":[{"count":1,"href":"https:\/\/strangercam.com\/da\/wp-json\/wp\/v2\/pages\/12600\/revisions"}],"predecessor-version":[{"id":12855,"href":"https:\/\/strangercam.com\/da\/wp-json\/wp\/v2\/pages\/12600\/revisions\/12855"}],"wp:attachment":[{"href":"https:\/\/strangercam.com\/da\/wp-json\/wp\/v2\/media?parent=12600"}],"curies":[{"name":"wp","href":"https:\/\/api.w.org\/{rel}","templated":true}]}}