{"id":12587,"date":"2024-11-08T12:02:12","date_gmt":"2024-11-08T10:02:12","guid":{"rendered":"https:\/\/strangercam.com\/?page_id=12587"},"modified":"2025-02-04T09:36:39","modified_gmt":"2025-02-04T07:36:39","slug":"rabbit-video-chat","status":"publish","type":"page","link":"https:\/\/strangercam.com\/da\/rabbit-video-chat\/","title":{"rendered":"Kanin videochat"},"content":{"rendered":"<p>Er du p\u00e5 udkig efter en livlig og spontan m\u00e5de at komme i kontakt med nye mennesker online? Kanin-video <a href=\"https:\/\/strangercam.com\/da\/chatroulette\/\">Chat<\/a> leverer en chatroulette-lignende oplevelse, hvor du parres med fremmede fra hele verden til sjove m\u00f8der ansigt til ansigt. Nedenfor udforsker vi Rabbit Video Chat's s\u00e6rlige funktioner, hvordan den adskiller sig fra andre tilf\u00e6ldige chatsider, og hvorfor den er et godt valg til hurtige og livlige sociale forbindelser.<\/p>\n<h2>Vigtige funktioner<\/h2>\n<p>Kanin <a href=\"https:\/\/strangercam.com\/da\/coomeet\/\">Videochat<\/a> fokuserer p\u00e5 enkelhed og underholdning og hj\u00e6lper dig med at hoppe direkte ind i videosamtaler uden un\u00f8dvendige forhindringer. Dens funktioner omfatter:<\/p>\n<ul>\n<li><strong>Tilf\u00e6ldig videomatchning<\/strong>: Bliv \u00f8jeblikkeligt parret med fremmede over hele verden til autentiske en-til-en-chats.<\/li>\n<li><strong>Sjove filtre og effekter<\/strong>: G\u00f8r samtaler mere sp\u00e6ndende med finurlige digitale masker og legende overlays.<\/li>\n<li><strong>Hurtig navigation<\/strong>: Bev\u00e6g dig hurtigt mellem kampene for hele tiden at m\u00f8de nye mennesker.<\/li>\n<li><strong>Mobil-optimeret<\/strong>: Nyd glatte videochats p\u00e5 b\u00e5de smartphones og station\u00e6re computere.<\/li>\n<\/ul>\n<h2>Tilf\u00e6ldig oplevelse med videochat<\/h2>\n<p>Rabbit Video Chat udm\u00e6rker sig ved at matche dig med nye personer med det samme, s\u00e5 du bruger mere tid p\u00e5 at tale og mindre tid p\u00e5 at vente.<\/p>\n<h3>\u00d8jeblikkelig parring<\/h3>\n<p>Tryk p\u00e5 \"Start\"-knappen, og platformens algoritme vil hurtigt s\u00e6tte dig i forbindelse med en anden bruger, der \u00f8nsker en samtale. Det hele handler om spontanitet - der kr\u00e6ves ingen omfattende profiler eller komplicerede trin.<\/p>\n<h3>Auto N\u00e6ste<\/h3>\n<p>Klikker du ikke med din nuv\u00e6rende partner? Tryk blot p\u00e5 \"N\u00e6ste\" for at g\u00e5 videre. Det sikrer et tempofyldt milj\u00f8, hvor du kan finde det rigtige match for dig.<\/p>\n<h3>Det globale f\u00e6llesskab<\/h3>\n<p>Rabbit Video Chat's brugerbase str\u00e6kker sig over flere kontinenter og giver rig mulighed for at l\u00e6re om forskellige kulturer og m\u00e5ske endda \u00f8ve sig p\u00e5 et nyt sprog.<\/p>\n<h2>Sjovt ekstramateriale<\/h2>\n<p>Denne platform g\u00e5r ud over standardopkald med ekstra funktioner, der krydrer den tilf\u00e6ldige chatoplevelse:<\/p>\n<table>\n<thead>\n<tr>\n<th>Funktion<\/th>\n<th>Beskrivelse<\/th>\n<\/tr>\n<\/thead>\n<tbody>\n<tr>\n<td><strong>Digitale filtre og masker<\/strong><\/td>\n<td>F\u00e5 humor eller kreativitet ind i samtalerne med sjove visuelle effekter.<\/td>\n<\/tr>\n<tr>\n<td><strong>Integration af tekstchat<\/strong><\/td>\n<td>Skriv hurtige beskeder eller del links, hvis det f\u00f8les for personligt at tale i starten.<\/td>\n<\/tr>\n<tr>\n<td><strong>V\u00e6rkt\u00f8j til \u00f8jebliksbilleder<\/strong><\/td>\n<td>Optag mindev\u00e6rdige \u00f8jeblikke (med din chatpartners samtykke), som du kan gense senere.<\/td>\n<\/tr>\n<tr>\n<td><strong>Interesse-tags<\/strong><\/td>\n<td>M\u00e6rk chats med emner (musik, rejser, spil) for bedre kompatibilitet med nye matches.<\/td>\n<\/tr>\n<\/tbody>\n<\/table>\n<h2>Brugergr\u00e6nseflade og oplevelse<\/h2>\n<p>Rabbit Video Chat sigter mod at levere en klar, ligetil gr\u00e6nseflade, der holder fokus p\u00e5 din <a href=\"https:\/\/strangercam.com\/da\/mili\/\">leve<\/a> video.<\/p>\n<h3>Design og navigation<\/h3>\n<ul>\n<li><strong>Minimalistiske kontroller<\/strong>: Tydeligt markerede knapper til \u201cStart\u201d, \u201cStop\u201d og \u201cN\u00e6ste\u201d g\u00f8r det nemt at styre chats.<\/li>\n<li><strong>Ikon-baserede menuer<\/strong>: Filtre, tekstchat og andre funktioner er tilg\u00e6ngelige via intuitive ikoner.<\/li>\n<li><strong>Responsivt layout<\/strong>: Gr\u00e6nsefladen tilpasser sig problemfrit fra smartphones til store sk\u00e6rme.<\/li>\n<\/ul>\n<h3>Tilpasning<\/h3>\n<ul>\n<li><strong>Valgfrie profiler<\/strong>: Brug et kaldenavn eller v\u00e6r anonym for at beskytte dit privatliv.<\/li>\n<li><strong>Indstillinger for notifikationer<\/strong>: V\u00e6lg, hvordan du vil modtage venneanmodninger eller opdateringer.<\/li>\n<li><strong>Indstillinger for privatlivets fred<\/strong>: Kontroller deling af placering og styr, hvilke detaljer der er synlige for andre.<\/li>\n<\/ul>\n<h2>Pr\u00e6station<\/h2>\n<p>Hurtige, stabile forbindelser er afg\u00f8rende for enhver live video-app, og Rabbit Video Chat arbejder p\u00e5 at levere en p\u00e5lidelig oplevelse:<\/p>\n<h3>Optimerede servere<\/h3>\n<ul>\n<li><strong>Reduceret forsinkelse<\/strong>: Effektiv infrastruktur sigter mod minimal ventetid i videoopkald.<\/li>\n<li><strong>Adaptiv kvalitet<\/strong>: Videoopl\u00f8sningen justeres ud fra din internethastighed for at minimere afbrydelser.<\/li>\n<li><strong>Dataeffektiv tilstand<\/strong>: Mobilbrugere kan aktivere indstillinger for lavere dataforbrug.<\/li>\n<\/ul>\n<h2>Sikkerhed og m\u00e5dehold<\/h2>\n<p>Tilf\u00e6ldige videochats kan give uventet indhold, s\u00e5 Rabbit Video Chat indeholder flere sikkerhedsforanstaltninger:<\/p>\n<h3>F\u00e6llesskabsoverv\u00e5gning<\/h3>\n<ul>\n<li><strong>Rapport- og blokeringsv\u00e6rkt\u00f8jer<\/strong>: Marker hurtigt upassende brugere og bloker dem fra fremtidige m\u00f8der.<\/li>\n<li><strong>AI-moderation<\/strong>: Automatiserede systemer overv\u00e5ger eksplicit eller skadelig adf\u00e6rd i realtid.<\/li>\n<li><strong>Menneskeligt moderationsteam<\/strong>: Medarbejdere gennemg\u00e5r rapporterede problemer for at holde platformen indbydende.<\/li>\n<\/ul>\n<h3>Kontrol af privatlivets fred<\/h3>\n<ul>\n<li><strong>Anonymt interface<\/strong>: Chat uden at afsl\u00f8re personlige oplysninger.<\/li>\n<li><strong>Krypteret datalagring<\/strong>: Grundl\u00e6ggende kryptering beskytter f\u00f8lsomme kontooplysninger.<\/li>\n<li><strong>Aldersbegr\u00e6nsninger<\/strong>: Aldersbekr\u00e6ftelse hj\u00e6lper med at beskytte mindre\u00e5rige.<\/li>\n<\/ul>\n<h2>Indt\u00e6gtsgenerering og opgraderinger<\/h2>\n<p>Mens Rabbit Video Chat i h\u00f8j grad er <a href=\"https:\/\/strangercam.com\/da\/chat4free\/\">gratis<\/a> Den er nem at bruge og tilbyder ogs\u00e5 premium-funktioner:<\/p>\n<h3>Premium fordele<\/h3>\n<ul>\n<li><strong>Reklamefri browsing<\/strong>: Fjern reklamer, s\u00e5 du kan chatte uafbrudt.<\/li>\n<li><strong>Eksklusive effekter<\/strong>: L\u00e5s op for s\u00e6rlige filtre og baggrunde.<\/li>\n<li><strong>Forbedret matchning<\/strong>: Finjuster dine interessetags og lokationsfiltre.<\/li>\n<\/ul>\n<h3>Bel\u00f8nningssystemer<\/h3>\n<ul>\n<li><strong>Loyalitetspoint<\/strong>: Optjen kreditter ved hyppig brug, som kan indl\u00f8ses til premium-artikler.<\/li>\n<li><strong>Fordele ved henvisning<\/strong>: Inviter venner og modtag bonusfordele for hver vellykket tilmelding.<\/li>\n<\/ul>\n<h2>Positionering p\u00e5 markedet<\/h2>\n<p>Rabbit Video Chat fungerer som et livligt alternativ til mere etablerede <a href=\"https:\/\/strangercam.com\/da\/chathub\/\">Tilf\u00e6ldig videochat<\/a> platforme og l\u00e6ner sig op ad den brugervenlige gr\u00e6nseflade og den robuste moderationsmetode.<\/p>\n<h3>Brugerdemografi<\/h3>\n<ul>\n<li><strong>Aldersgruppe<\/strong>: Overvejende 18-35 \u00e5r, men voksne i alle aldre deltager.<\/li>\n<li><strong>Prim\u00e6re interesser<\/strong>: Uformelle samtaler, kulturel udveksling, sprogpraksis.<\/li>\n<li><strong>Spidsbelastningsperioder<\/strong>: N\u00e6tter og weekender har den h\u00f8jeste brugertrafik.<\/li>\n<\/ul>\n<h3>Global r\u00e6kkevidde<\/h3>\n<ul>\n<li><strong>Internationale brugere<\/strong>: G\u00e5 i dialog med mennesker fra forskellige lande og med forskellige baggrunde.<\/li>\n<li><strong>Interface p\u00e5 flere sprog<\/strong>: Skift til forskellige sprogindstillinger for at f\u00e5 en lokaliseret oplevelse.<\/li>\n<\/ul>\n<h2>Fordele og ulemper<\/h2>\n<p>Her er et hurtigt overblik over Rabbit Video Chat's fordele og potentielle begr\u00e6nsninger:<\/p>\n<table>\n<thead>\n<tr>\n<th>Fordele<\/th>\n<th>Ulemper<\/th>\n<\/tr>\n<\/thead>\n<tbody>\n<tr>\n<td>\n<ul>\n<li>Hurtige tilf\u00e6ldige forbindelser<\/li>\n<li>Enkel brugergr\u00e6nseflade<\/li>\n<li>Underholdende filtre og effekter<\/li>\n<li>Dedikerede moderations- og sikkerhedsv\u00e6rkt\u00f8jer<\/li>\n<li>Fungerer godt p\u00e5 mobile enheder<\/li>\n<\/ul>\n<\/td>\n<td>\n<ul>\n<li>Lejlighedsvis eksponering for u\u00f8nsket indhold<\/li>\n<li>Kr\u00e6ver stabilt internet for bedste kvalitet<\/li>\n<li>F\u00e6rre gratis funktioner sammenlignet med betalte opgraderinger<\/li>\n<li>Konkurrerer med st\u00f8rre, velkendte platforme<\/li>\n<\/ul>\n<\/td>\n<\/tr>\n<\/tbody>\n<\/table>\n<h2>Konklusion<\/h2>\n<p>Rabbit Video Chat er en energisk og brugervenlig mulighed, hvis du kan lide at m\u00f8de fremmede gennem tilf\u00e6ldige videoopkald. Dens enkle design, inkluderende globale f\u00e6llesskab og robuste moderationsv\u00e6rkt\u00f8jer g\u00f8r den til et solidt valg til hurtige chats, sprogpraksis eller underholdende m\u00f8der i realtid. Uanset om du er ny i tilf\u00e6ldige videochats eller en garvet professionel, skiller Rabbit Video Chat sig ud som en let og p\u00e5lidelig m\u00e5de at komme i kontakt med mennesker fra alle samfundslag - bare et klik v\u00e6k.<\/p>","protected":false},"excerpt":{"rendered":"<p>Are you looking for a spirited and spontaneous way to connect with new people online? Rabbit Video Chat delivers a chatroulette-style experience, pairing you with strangers from across the globe for fun face-to-face encounters. Below, we explore Rabbit Video Chat\u2019s standout features, how it differs from other random chat sites, and why it\u2019s a go-to [&hellip;]<\/p>\n","protected":false},"author":6,"featured_media":0,"parent":0,"menu_order":0,"comment_status":"closed","ping_status":"closed","template":"","meta":{"footnotes":""},"class_list":["post-12587","page","type-page","status-publish","hentry"],"yoast_head":"<!-- This site is optimized with the Yoast SEO plugin v26.9 - https:\/\/yoast.com\/product\/yoast-seo-wordpress\/ -->\n<title>Rabbit Video Chat - Free Video Chat Rooms - StrangerCam.com<\/title>\n<meta name=\"description\" content=\"Discover Chamet, the ultimate online platform connecting you to free video chat rooms and live streams. Join Chamet today!\" \/>\n<meta name=\"robots\" content=\"index, follow, max-snippet:-1, max-image-preview:large, max-video-preview:-1\" \/>\n<link rel=\"canonical\" href=\"https:\/\/strangercam.com\/da\/rabbit-video-chat\/\" \/>\n<meta property=\"og:locale\" content=\"da_DK\" \/>\n<meta property=\"og:type\" content=\"article\" \/>\n<meta property=\"og:title\" content=\"Rabbit Video Chat - Free Video Chat Rooms - StrangerCam.com\" \/>\n<meta property=\"og:description\" content=\"Discover Chamet, the ultimate online platform connecting you to free video chat rooms and live streams. Join Chamet today!\" \/>\n<meta property=\"og:url\" content=\"https:\/\/strangercam.com\/da\/rabbit-video-chat\/\" \/>\n<meta property=\"og:site_name\" content=\"Strangercam\" \/>\n<meta property=\"article:publisher\" content=\"https:\/\/www.facebook.com\/strangercam\" \/>\n<meta property=\"article:modified_time\" content=\"2025-02-04T07:36:39+00:00\" \/>\n<meta property=\"og:image\" content=\"https:\/\/strangercam.com\/wp-content\/uploads\/2021\/10\/Untitled-2.png\" \/>\n\t<meta property=\"og:image:width\" content=\"800\" \/>\n\t<meta property=\"og:image:height\" content=\"532\" \/>\n\t<meta property=\"og:image:type\" content=\"image\/png\" \/>\n<meta name=\"twitter:card\" content=\"summary_large_image\" \/>\n<meta name=\"twitter:site\" content=\"@strangercamapp\" \/>\n<meta name=\"twitter:label1\" content=\"Estimeret l\u00e6setid\" \/>\n\t<meta name=\"twitter:data1\" content=\"4 minutter\" \/>\n<script type=\"application\/ld+json\" class=\"yoast-schema-graph\">{\"@context\":\"https:\/\/schema.org\",\"@graph\":[{\"@type\":\"WebPage\",\"@id\":\"https:\/\/strangercam.com\/rabbit-video-chat\/\",\"url\":\"https:\/\/strangercam.com\/rabbit-video-chat\/\",\"name\":\"Rabbit Video Chat - Free Video Chat Rooms - StrangerCam.com\",\"isPartOf\":{\"@id\":\"https:\/\/strangercam.com\/#website\"},\"datePublished\":\"2024-11-08T10:02:12+00:00\",\"dateModified\":\"2025-02-04T07:36:39+00:00\",\"description\":\"Discover Chamet, the ultimate online platform connecting you to free video chat rooms and live streams. Join Chamet today!\",\"breadcrumb\":{\"@id\":\"https:\/\/strangercam.com\/rabbit-video-chat\/#breadcrumb\"},\"inLanguage\":\"da-DK\",\"potentialAction\":[{\"@type\":\"ReadAction\",\"target\":[\"https:\/\/strangercam.com\/rabbit-video-chat\/\"]}]},{\"@type\":\"BreadcrumbList\",\"@id\":\"https:\/\/strangercam.com\/rabbit-video-chat\/#breadcrumb\",\"itemListElement\":[{\"@type\":\"ListItem\",\"position\":1,\"name\":\"Home\",\"item\":\"https:\/\/strangercam.com\/\"},{\"@type\":\"ListItem\",\"position\":2,\"name\":\"Rabbit Video Chat\"}]},{\"@type\":\"WebSite\",\"@id\":\"https:\/\/strangercam.com\/#website\",\"url\":\"https:\/\/strangercam.com\/\",\"name\":\"Strangercam\",\"description\":\"Random Video Chat with Strangers\",\"publisher\":{\"@id\":\"https:\/\/strangercam.com\/#organization\"},\"alternateName\":\"Strangercam.com\",\"potentialAction\":[{\"@type\":\"SearchAction\",\"target\":{\"@type\":\"EntryPoint\",\"urlTemplate\":\"https:\/\/strangercam.com\/?s={search_term_string}\"},\"query-input\":{\"@type\":\"PropertyValueSpecification\",\"valueRequired\":true,\"valueName\":\"search_term_string\"}}],\"inLanguage\":\"da-DK\"},{\"@type\":\"Organization\",\"@id\":\"https:\/\/strangercam.com\/#organization\",\"name\":\"Strangercam\",\"alternateName\":\"Strangercam.com\",\"url\":\"https:\/\/strangercam.com\/\",\"logo\":{\"@type\":\"ImageObject\",\"inLanguage\":\"da-DK\",\"@id\":\"https:\/\/strangercam.com\/#\/schema\/logo\/image\/\",\"url\":\"https:\/\/strangercam.com\/wp-content\/uploads\/2020\/11\/cropped-new-favicon-black.png\",\"contentUrl\":\"https:\/\/strangercam.com\/wp-content\/uploads\/2020\/11\/cropped-new-favicon-black.png\",\"width\":512,\"height\":512,\"caption\":\"Strangercam\"},\"image\":{\"@id\":\"https:\/\/strangercam.com\/#\/schema\/logo\/image\/\"},\"sameAs\":[\"https:\/\/www.facebook.com\/strangercam\",\"https:\/\/x.com\/strangercamapp\"]}]}<\/script>\n<!-- \/ Yoast SEO plugin. -->","yoast_head_json":{"title":"Kanin videochat - gratis videochatrum - StrangerCam.com","description":"Oplev Chamet, den ultimative online platform, der forbinder dig med gratis videochatrum og livestreams. Bliv medlem af Chamet i dag!","robots":{"index":"index","follow":"follow","max-snippet":"max-snippet:-1","max-image-preview":"max-image-preview:large","max-video-preview":"max-video-preview:-1"},"canonical":"https:\/\/strangercam.com\/da\/rabbit-video-chat\/","og_locale":"da_DK","og_type":"article","og_title":"Rabbit Video Chat - Free Video Chat Rooms - StrangerCam.com","og_description":"Discover Chamet, the ultimate online platform connecting you to free video chat rooms and live streams. Join Chamet today!","og_url":"https:\/\/strangercam.com\/da\/rabbit-video-chat\/","og_site_name":"Strangercam","article_publisher":"https:\/\/www.facebook.com\/strangercam","article_modified_time":"2025-02-04T07:36:39+00:00","og_image":[{"width":800,"height":532,"url":"https:\/\/strangercam.com\/wp-content\/uploads\/2021\/10\/Untitled-2.png","type":"image\/png"}],"twitter_card":"summary_large_image","twitter_site":"@strangercamapp","twitter_misc":{"Estimeret l\u00e6setid":"4 minutter"},"schema":{"@context":"https:\/\/schema.org","@graph":[{"@type":"WebPage","@id":"https:\/\/strangercam.com\/rabbit-video-chat\/","url":"https:\/\/strangercam.com\/rabbit-video-chat\/","name":"Kanin videochat - gratis videochatrum - StrangerCam.com","isPartOf":{"@id":"https:\/\/strangercam.com\/#website"},"datePublished":"2024-11-08T10:02:12+00:00","dateModified":"2025-02-04T07:36:39+00:00","description":"Oplev Chamet, den ultimative online platform, der forbinder dig med gratis videochatrum og livestreams. Bliv medlem af Chamet i dag!","breadcrumb":{"@id":"https:\/\/strangercam.com\/rabbit-video-chat\/#breadcrumb"},"inLanguage":"da-DK","potentialAction":[{"@type":"ReadAction","target":["https:\/\/strangercam.com\/rabbit-video-chat\/"]}]},{"@type":"BreadcrumbList","@id":"https:\/\/strangercam.com\/rabbit-video-chat\/#breadcrumb","itemListElement":[{"@type":"ListItem","position":1,"name":"Home","item":"https:\/\/strangercam.com\/"},{"@type":"ListItem","position":2,"name":"Rabbit Video Chat"}]},{"@type":"WebSite","@id":"https:\/\/strangercam.com\/#website","url":"https:\/\/strangercam.com\/","name":"Strangercam","description":"Tilf\u00e6ldig videochat med fremmede","publisher":{"@id":"https:\/\/strangercam.com\/#organization"},"alternateName":"Strangercam.com","potentialAction":[{"@type":"SearchAction","target":{"@type":"EntryPoint","urlTemplate":"https:\/\/strangercam.com\/?s={search_term_string}"},"query-input":{"@type":"PropertyValueSpecification","valueRequired":true,"valueName":"search_term_string"}}],"inLanguage":"da-DK"},{"@type":"Organization","@id":"https:\/\/strangercam.com\/#organization","name":"Strangercam","alternateName":"Strangercam.com","url":"https:\/\/strangercam.com\/","logo":{"@type":"ImageObject","inLanguage":"da-DK","@id":"https:\/\/strangercam.com\/#\/schema\/logo\/image\/","url":"https:\/\/strangercam.com\/wp-content\/uploads\/2020\/11\/cropped-new-favicon-black.png","contentUrl":"https:\/\/strangercam.com\/wp-content\/uploads\/2020\/11\/cropped-new-favicon-black.png","width":512,"height":512,"caption":"Strangercam"},"image":{"@id":"https:\/\/strangercam.com\/#\/schema\/logo\/image\/"},"sameAs":["https:\/\/www.facebook.com\/strangercam","https:\/\/x.com\/strangercamapp"]}]}},"_links":{"self":[{"href":"https:\/\/strangercam.com\/da\/wp-json\/wp\/v2\/pages\/12587","targetHints":{"allow":["GET"]}}],"collection":[{"href":"https:\/\/strangercam.com\/da\/wp-json\/wp\/v2\/pages"}],"about":[{"href":"https:\/\/strangercam.com\/da\/wp-json\/wp\/v2\/types\/page"}],"author":[{"embeddable":true,"href":"https:\/\/strangercam.com\/da\/wp-json\/wp\/v2\/users\/6"}],"replies":[{"embeddable":true,"href":"https:\/\/strangercam.com\/da\/wp-json\/wp\/v2\/comments?post=12587"}],"version-history":[{"count":3,"href":"https:\/\/strangercam.com\/da\/wp-json\/wp\/v2\/pages\/12587\/revisions"}],"predecessor-version":[{"id":12689,"href":"https:\/\/strangercam.com\/da\/wp-json\/wp\/v2\/pages\/12587\/revisions\/12689"}],"wp:attachment":[{"href":"https:\/\/strangercam.com\/da\/wp-json\/wp\/v2\/media?parent=12587"}],"curies":[{"name":"wp","href":"https:\/\/api.w.org\/{rel}","templated":true}]}}