{"id":12574,"date":"2024-10-03T14:29:19","date_gmt":"2024-10-03T12:29:19","guid":{"rendered":"https:\/\/strangercam.com\/?page_id=12574"},"modified":"2025-06-16T13:27:40","modified_gmt":"2025-06-16T11:27:40","slug":"camsurf","status":"publish","type":"page","link":"https:\/\/strangercam.com\/da\/camsurf\/","title":{"rendered":"Camsurf"},"content":{"rendered":"<p>Det er blevet nemmere end nogensinde at komme i kontakt med mennesker fra forskellige dele af verden. Camsurf udnytter denne tendens ved at tilbyde en platform for tilf\u00e6ldige <a href=\"https:\/\/strangercam.com\/da\/rabbit-video-chat\/\">video<\/a> chats, der giver brugerne mulighed for at deltage i spontane samtaler med fremmede over hele verden. Denne anmeldelse giver en omfattende analyse af Camsurf og unders\u00f8ger dens funktioner, brugeroplevelse, prismuligheder, sikkerhedsforanstaltninger, og hvordan den st\u00e5r i forhold til konkurrenterne.<\/p>\n<h2>Oversigt over Camsurf<\/h2>\n<p>Camsurf blev lanceret med det form\u00e5l at g\u00f8re online-socialt samv\u00e6r enkelt og behageligt og har etableret sig som en p\u00e5lidelig platform for tilf\u00e6ldige videochats. Platformen er designet til at efterligne interaktioner i det virkelige liv ved at forbinde brugere med det samme, hvilket eliminerer behovet for omfattende profiler eller langvarige tilmeldingsprocesser. Med millioner af brugere over hele verden fremmer Camsurf et mangfoldigt og levende f\u00e6llesskab, hvor enkeltpersoner kan f\u00e5 nye venner, \u00f8ve sig p\u00e5 sprog eller bare nyde afslappede samtaler.<\/p>\n<h2>Vigtige funktioner<\/h2>\n<h3>Tilf\u00e6ldig videochat<\/h3>\n<p>Kernen i Camsurf er dens tilf\u00e6ldige video <a href=\"https:\/\/strangercam.com\/da\/chatroulette\/\">chat<\/a> funktion, som parrer brugere med fremmede til en-til-en videosamtaler. Denne funktion er problemfri og tilbyder video og lyd i h\u00f8j kvalitet for at sikre gnidningsfri og engagerende interaktioner. Enkelheden i at starte en chat med et enkelt klik g\u00f8r den tilg\u00e6ngelig for brugere med alle tekniske baggrunde.<\/p>\n<h3>Filtre for k\u00f8n og land<\/h3>\n<p>For at forbedre brugeroplevelsen tilbyder Camsurf k\u00f8ns- og landefiltre. Disse filtre giver brugerne mulighed for at specificere k\u00f8nnet p\u00e5 de personer, de \u00f8nsker at komme i kontakt med, og v\u00e6lge bestemte lande, hvilket giver mulighed for mere meningsfulde og relevante samtaler. Denne tilpasning er is\u00e6r gavnlig for dem, der \u00f8nsker at \u00f8ve et nyt sprog eller l\u00e6re om specifikke kulturer.<\/p>\n<h3>St\u00f8tte til sprog<\/h3>\n<p>Camsurf underst\u00f8tter flere sprog, hvilket g\u00f8r det lettere for brugere med forskellige sproglige baggrunde at kommunikere effektivt. Platformens gr\u00e6nseflade er tilg\u00e6ngelig p\u00e5 forskellige sprog, og overs\u00e6ttelsesv\u00e6rkt\u00f8jer i realtid g\u00f8r det lettere at f\u00f8re samtaler mellem brugere, der taler forskellige sprog.<\/p>\n<h3>Brugervenlig gr\u00e6nseflade<\/h3>\n<p>Camsurf har en ren og intuitiv brugerflade, der prioriterer brugeroplevelsen. Layoutet er ligetil med tydeligt markerede knapper og nem navigation, s\u00e5 brugerne kan begynde at chatte uden besv\u00e6r. Platformen er designet til at v\u00e6re responsiv, hvilket sikrer optimal ydeevne p\u00e5 tv\u00e6rs af forskellige enheder og sk\u00e6rmst\u00f8rrelser.<\/p>\n<h3>Mobil kompatibilitet<\/h3>\n<p>Camsurf forst\u00e5r vigtigheden af mobil tilg\u00e6ngelighed og tilbyder en mobilvenlig hjemmeside, der fungerer problemfrit p\u00e5 smartphones og tablets. Selv om der ikke er nogen dedikeret mobilapp, sikrer det responsive design, at brugerne kan nyde hele spektret af funktioner p\u00e5 farten uden at g\u00e5 p\u00e5 kompromis med funktionaliteten.<\/p>\n<h3>Virtuelle masker<\/h3>\n<p>For at im\u00f8dekomme bekymringer om privatlivets fred leverer Camsurf virtuelle masker, som brugerne kan anvende under videochats. Disse masker tilf\u00f8jer et lag af anonymitet, s\u00e5 brugerne kan skjule deres identitet, mens de stadig deltager i samtaler ansigt til ansigt. Denne funktion er is\u00e6r tiltr\u00e6kkende for dem, der v\u00e6rds\u00e6tter deres privatliv, men stadig \u00f8nsker at nyde fordelene ved videochat.<\/p>\n<h3>Rapportering og blokering<\/h3>\n<p>Camsurf indeholder robuste rapporterings- og blokeringsfunktioner for at opretholde et sikkert og respektfuldt f\u00e6llesskab. Brugere kan nemt rapportere upassende adf\u00e6rd eller blokere andre brugere, der overtr\u00e6der platformens retningslinjer, hvilket sikrer en mere sikker og forn\u00f8jelig oplevelse for alle.<\/p>\n<h2>Brugeroplevelse<\/h2>\n<h3>Interface og design<\/h3>\n<p>Camsurfs gr\u00e6nseflade er designet med enkelhed og funktionalitet i tankerne. Hjemmesiden har en fremtr\u00e6dende \"Start Chatting\" -knap, der giver brugerne mulighed for at starte en <a href=\"https:\/\/strangercam.com\/da\/coomeet\/\">videochat<\/a> med det samme. Det minimalistiske design reducerer distraktioner, s\u00e5 brugerne kan fokusere p\u00e5 deres samtaler. Derudover er platformens \u00e6stetik moderne og tiltalende, hvilket \u00f8ger den samlede brugertilfredshed.<\/p>\n<h3>Registreringsproces<\/h3>\n<p>Et af de fremtr\u00e6dende aspekter ved Camsurf er de minimale registreringskrav. Brugere kan begynde at chatte uden at oprette en konto, hvilket g\u00f8r onboarding-processen hurtig og problemfri. For dem, der foretr\u00e6kker yderligere funktioner eller \u00f8nsker at gemme deres pr\u00e6ferencer, er der mulighed for valgfri registrering, der kun kr\u00e6ver grundl\u00e6ggende oplysninger.<\/p>\n<h3>Ydeevne og p\u00e5lidelighed<\/h3>\n<p>Camsurf er optimeret til h\u00f8j ydeevne og tilbyder p\u00e5lidelig video- og lydkvalitet, selv i omr\u00e5der med begr\u00e6nset b\u00e5ndbredde. Platformens servere er robuste og i stand til at h\u00e5ndtere et stort antal samtidige brugere uden v\u00e6sentlig forsinkelse eller nedetid. Denne p\u00e5lidelighed sikrer, at brugerne kan nyde uafbrudte samtaler til enhver tid.<\/p>\n<h3>Tilg\u00e6ngelighed<\/h3>\n<p>Camsurf er tilg\u00e6ngelig p\u00e5 tv\u00e6rs af forskellige enheder, herunder station\u00e6re computere, b\u00e6rbare computere, smartphones og tablets. Det responsive design sikrer, at platformen fungerer problemfrit p\u00e5 forskellige sk\u00e6rmst\u00f8rrelser og giver en ensartet brugeroplevelse, uanset hvilken enhed der bruges.<\/p>\n<h2>Priser og abonnementsmuligheder<\/h2>\n<p>Camsurf tilbyder en blanding af gratis og premium funktioner, der im\u00f8dekommer en bred vifte af brugerpr\u00e6ferencer og budgetter.<\/p>\n<h3>Gratis funktioner<\/h3>\n<ul>\n<li><strong><a href=\"https:\/\/strangercam.com\/da\/chathub\/\">Tilf\u00e6ldig videochat<\/a><\/strong>: Ubegr\u00e6nset adgang til tilf\u00e6ldige videochats uden omkostninger.<\/li>\n<li><strong>Grundl\u00e6ggende filtre<\/strong>: Begr\u00e6nset adgang til k\u00f8ns- og landefiltre.<\/li>\n<li><strong>Virtuelle masker<\/strong>: Brug af virtuelle standardmasker under chats.<\/li>\n<li><strong>St\u00f8tte til sprog<\/strong>: Adgang til flere sprog til kommunikation.<\/li>\n<\/ul>\n<h3>Fordele ved Camsurf Premium<\/h3>\n<p>For brugere, der \u00f8nsker en forbedret oplevelse, tilbyder Camsurf et premium-abonnement kendt som <strong>Camsurf Premium<\/strong>. Premium-niveauet indeholder yderligere funktioner som f.eks:<\/p>\n<ul>\n<li><strong>Avancerede filtre<\/strong>: Mere specifikke muligheder for k\u00f8n og placering, hvilket giver mulighed for mere m\u00e5lrettede forbindelser.<\/li>\n<li><strong>Annoncefri oplevelse<\/strong>: Fjernelse af reklamer for en mere j\u00e6vn og uafbrudt chatoplevelse.<\/li>\n<li><strong>Eksklusive virtuelle masker<\/strong>: Adgang til et st\u00f8rre udvalg af virtuelle masker, der giver flere tilpasningsmuligheder.<\/li>\n<li><strong>Prioriteret st\u00f8tte<\/strong>: Hurtigere svartider og dedikeret support til premium-brugere.<\/li>\n<li><strong>Ubegr\u00e6nset antal genforbindelser<\/strong>: Mulighed for at genoprette forbindelse med brugere uden begr\u00e6nsninger.<\/li>\n<\/ul>\n<h3>Abonnementsplaner<\/h3>\n<p>Camsurf Premium er tilg\u00e6ngelig via fleksible abonnementsplaner:<\/p>\n<ul>\n<li><strong>M\u00e5nedlig plan<\/strong>: Ideel til brugere, der foretr\u00e6kker kortvarig adgang til premiumfunktioner.<\/li>\n<li><strong>Kvartalsvis plan<\/strong>: Tilbyder en nedsat pris i forhold til den m\u00e5nedlige plan, velegnet til brug p\u00e5 mellemlang sigt.<\/li>\n<li><strong>\u00c5rlig plan<\/strong>: Giver den bedste v\u00e6rdi for langtidsbrugere med betydelige besparelser i forhold til kortere planer.<\/li>\n<\/ul>\n<p>Priserne for Camsurf Premium er konkurrencedygtige og afspejler den ekstra v\u00e6rdi, som de forbedrede funktioner og brugeroplevelsen giver.<\/p>\n<h2>Fordele og ulemper<\/h2>\n<h3>Fordele<\/h3>\n<ul>\n<li><strong>Brugervenlighed<\/strong>: Platformens enkle design giver brugerne mulighed for at begynde at chatte med det samme uden nogen tekniske barrierer.<\/li>\n<li><strong>Global forbindelse<\/strong>: Camsurf forbinder brugere fra hele verden og fremmer forskellige og berigende samtaler.<\/li>\n<li><strong>Minimal registrering<\/strong>: Brugere kan deltage i videochats uden behov for omfattende tilmeldingsprocesser, hvilket \u00f8ger tilg\u00e6ngeligheden.<\/li>\n<li><strong>Filtre, der kan tilpasses<\/strong>: Filtre for k\u00f8n og land giver mulighed for mere personlig og relevant interaktion.<\/li>\n<li><strong>Funktioner for privatlivets fred<\/strong>: Virtuelle masker giver et ekstra lag af anonymitet, som appellerer til brugere, der er bevidste om deres privatliv.<\/li>\n<\/ul>\n<h3>Ulemper<\/h3>\n<ul>\n<li><strong>Begr\u00e6nsede gratis funktioner<\/strong>: Avancerede filtre og premium-funktioner er forbeholdt betalende abonnenter, hvilket begr\u00e6nser oplevelsen for gratisbrugere.<\/li>\n<li><strong>Ingen dedikeret mobilapp<\/strong>: Selvom platformen er mobilvenlig, kan frav\u00e6ret af en dedikeret app p\u00e5virke bekvemmeligheden for nogle brugere.<\/li>\n<li><strong>Mulighed for upassende indhold<\/strong>: P\u00e5 trods af rapporterings- og blokeringsfunktioner kan nogle brugere st\u00f8de p\u00e5 upassende adf\u00e6rd.<\/li>\n<li><strong>Reklamer<\/strong>: Gratis brugere uds\u00e6ttes for reklamer, som kan forstyrre chatoplevelsen.<\/li>\n<\/ul>\n<h2>Brugersikkerhed og privatliv<\/h2>\n<h3>Politikker for moderation<\/h3>\n<p>Camsurf er forpligtet til at opretholde et sikkert og respektfuldt milj\u00f8 for sine brugere. Platformen anvender b\u00e5de automatiserede systemer og menneskelige moderatorer til at overv\u00e5ge indhold og h\u00e5ndh\u00e6ve f\u00e6llesskabets retningslinjer. Brugere opfordres til at rapportere enhver upassende adf\u00e6rd, og der tr\u00e6ffes hurtigt foranstaltninger mod overtr\u00e6dere for at sikre f\u00e6llesskabets integritet.<\/p>\n<h3>Foranstaltninger til beskyttelse af privatlivets fred<\/h3>\n<ul>\n<li><strong>Databeskyttelse<\/strong>: Camsurf overholder strenge databeskyttelsesregler, der sikrer, at brugeroplysninger er sikre og ikke misbruges.<\/li>\n<li><strong>Muligheder for anonymitet<\/strong>: Funktioner som virtuelle masker giver brugerne mulighed for at bevare deres privatliv, mens de deltager i videochats.<\/li>\n<li><strong>Brugerkontrol<\/strong>: Brugerne har mulighed for at blokere og rapportere andre, hvilket giver dem kontrol over deres interaktioner og \u00f8ger deres f\u00f8lelse af sikkerhed.<\/li>\n<\/ul>\n<h3>Sikkerhedstips til brugere<\/h3>\n<ul>\n<li><strong>Beskyt personlige oplysninger<\/strong>: Undg\u00e5 at dele f\u00f8lsomme oplysninger som fulde navne, adresser eller finansielle oplysninger i chats.<\/li>\n<li><strong>Brug privatlivsfunktioner<\/strong>: Brug virtuelle masker og anonymitetsmuligheder for at bevare privatlivet.<\/li>\n<li><strong>V\u00e6r forsigtig<\/strong>: Stol p\u00e5 dine instinkter, og afbryd enhver samtale, der f\u00f8les ubehagelig eller utryg.<\/li>\n<li><strong>Rapporter overtr\u00e6delser<\/strong>: Hj\u00e6lp med at opretholde et sikkert f\u00e6llesskab ved at rapportere upassende adf\u00e6rd eller indhold.<\/li>\n<\/ul>\n<h2>Sammenligning med konkurrenter<\/h2>\n<h3>Camsurf vs. Omegle<\/h3>\n<ul>\n<li><strong>Funktioner<\/strong>: Camsurf tilbyder mere avancerede filtre og virtuelle masker, mens <a href=\"https:\/\/strangercam.com\/da\/omegle\/\">Omegle<\/a> har begr\u00e6nsede filtreringsmuligheder.<\/li>\n<li><strong>Brugergr\u00e6nseflade<\/strong>: Camsurfs interface er mere moderne og brugervenligt sammenlignet med Omegle's enkle design.<\/li>\n<li><strong>Mobil kompatibilitet<\/strong>: Begge platforme er tilg\u00e6ngelige p\u00e5 mobile enheder, men Camsurfs responsive design giver en mere ensartet oplevelse.<\/li>\n<\/ul>\n<h3>Camsurf vs. Chatroulette<\/h3>\n<ul>\n<li><strong>Moderation<\/strong>: Camsurf anvender mere robuste modereringspolitikker for at reducere forekomsten af upassende indhold.<\/li>\n<li><strong>Yderligere funktioner<\/strong>: Camsurf's virtuelle masker og sprogunderst\u00f8ttelse giver en mere skr\u00e6ddersyet oplevelse sammenlignet med Chatroulette's grundl\u00e6ggende videochatfunktionalitet.<\/li>\n<li><strong>Brugerbase<\/strong>: Begge platforme har en stor global brugerbase, men Camsurfs ekstra funktioner kan tiltr\u00e6kke et mere forskelligartet publikum.<\/li>\n<\/ul>\n<h3>Camsurf vs. Chatrandom<\/h3>\n<ul>\n<li><strong>Chat-tilstande<\/strong>: Chatrandom tilbyder flere chattilstande, herunder gruppechats og temarum, mens Camsurf prim\u00e6rt fokuserer p\u00e5 en-til-en-interaktioner.<\/li>\n<li><strong>Premium-indstillinger<\/strong>: Begge platforme tilbyder premium-abonnementer, men Camsurfs premium-funktioner er mere centreret omkring forbedring af privatlivets fred og tilpasning.<\/li>\n<li><strong>Interface-design<\/strong>: Begge platforme prioriterer brugervenlige gr\u00e6nseflader, men Camsurfs design er mere str\u00f8mlinet og moderne.<\/li>\n<\/ul>\n<h2>Konklusion<\/h2>\n<p>Camsurf giver en robust platform til personer, der s\u00f8ger spontane og forskelligartede videochatoplevelser. Dens v\u00e6gt p\u00e5 brugervenlighed, global forbindelse og privatlivsfunktioner som virtuelle masker g\u00f8r den til et overbevisende valg p\u00e5 det overfyldte marked for tilf\u00e6ldige videochatplatforme. Selv om der er omr\u00e5der, der kan forbedres, s\u00e5som at udvide de gratis funktioner og udvikle en dedikeret mobilapp, faciliterer Camsurf effektivt meningsfulde og forn\u00f8jelige forbindelser over hele verden. Uanset om du \u00f8nsker at f\u00e5 nye venner, \u00f8ve dig p\u00e5 et sprog eller bare nyde afslappede samtaler, tilbyder Camsurf en v\u00e6rdifuld og tilg\u00e6ngelig l\u00f8sning.<\/p>","protected":false},"excerpt":{"rendered":"<p>Connecting with people from different parts of the world has become easier than ever. Camsurf leverages this trend by providing a platform for random video chats, allowing users to engage in spontaneous conversations with strangers globally. This review offers a comprehensive analysis of Camsurf, exploring its features, user experience, pricing options, safety measures, and how [&hellip;]<\/p>\n","protected":false},"author":7,"featured_media":0,"parent":0,"menu_order":0,"comment_status":"closed","ping_status":"closed","template":"","meta":{"footnotes":""},"class_list":["post-12574","page","type-page","status-publish","hentry"],"yoast_head":"<!-- This site is optimized with the Yoast SEO plugin v26.9 - https:\/\/yoast.com\/product\/yoast-seo-wordpress\/ -->\n<title>Camsurf - Alternatives &amp; Reviews of Chat Sites - StrangerCam<\/title>\n<meta name=\"description\" content=\"Discover the best Video Chat Sites, complete with ratings and reviews. Enjoy free cam chats that let you meet new people.\" \/>\n<meta name=\"robots\" content=\"index, follow, max-snippet:-1, max-image-preview:large, max-video-preview:-1\" \/>\n<link rel=\"canonical\" href=\"https:\/\/strangercam.com\/da\/camsurf\/\" \/>\n<meta property=\"og:locale\" content=\"da_DK\" \/>\n<meta property=\"og:type\" content=\"article\" \/>\n<meta property=\"og:title\" content=\"Camsurf - Alternatives &amp; Reviews of Chat Sites - StrangerCam\" \/>\n<meta property=\"og:description\" content=\"Discover the best Video Chat Sites, complete with ratings and reviews. Enjoy free cam chats that let you meet new people.\" \/>\n<meta property=\"og:url\" content=\"https:\/\/strangercam.com\/da\/camsurf\/\" \/>\n<meta property=\"og:site_name\" content=\"Strangercam\" \/>\n<meta property=\"article:publisher\" content=\"https:\/\/www.facebook.com\/strangercam\" \/>\n<meta property=\"article:modified_time\" content=\"2025-06-16T11:27:40+00:00\" \/>\n<meta property=\"og:image\" content=\"https:\/\/strangercam.com\/wp-content\/uploads\/2021\/10\/Untitled-2.png\" \/>\n\t<meta property=\"og:image:width\" content=\"800\" \/>\n\t<meta property=\"og:image:height\" content=\"532\" \/>\n\t<meta property=\"og:image:type\" content=\"image\/png\" \/>\n<meta name=\"twitter:card\" content=\"summary_large_image\" \/>\n<meta name=\"twitter:site\" content=\"@strangercamapp\" \/>\n<meta name=\"twitter:label1\" content=\"Estimeret l\u00e6setid\" \/>\n\t<meta name=\"twitter:data1\" content=\"7 minutter\" \/>\n<script type=\"application\/ld+json\" class=\"yoast-schema-graph\">{\"@context\":\"https:\/\/schema.org\",\"@graph\":[{\"@type\":\"WebPage\",\"@id\":\"https:\/\/strangercam.com\/camsurf\/\",\"url\":\"https:\/\/strangercam.com\/camsurf\/\",\"name\":\"Camsurf - Alternatives & Reviews of Chat Sites - StrangerCam\",\"isPartOf\":{\"@id\":\"https:\/\/strangercam.com\/#website\"},\"datePublished\":\"2024-10-03T12:29:19+00:00\",\"dateModified\":\"2025-06-16T11:27:40+00:00\",\"description\":\"Discover the best Video Chat Sites, complete with ratings and reviews. Enjoy free cam chats that let you meet new people.\",\"breadcrumb\":{\"@id\":\"https:\/\/strangercam.com\/camsurf\/#breadcrumb\"},\"inLanguage\":\"da-DK\",\"potentialAction\":[{\"@type\":\"ReadAction\",\"target\":[\"https:\/\/strangercam.com\/camsurf\/\"]}]},{\"@type\":\"BreadcrumbList\",\"@id\":\"https:\/\/strangercam.com\/camsurf\/#breadcrumb\",\"itemListElement\":[{\"@type\":\"ListItem\",\"position\":1,\"name\":\"Home\",\"item\":\"https:\/\/strangercam.com\/\"},{\"@type\":\"ListItem\",\"position\":2,\"name\":\"Camsurf\"}]},{\"@type\":\"WebSite\",\"@id\":\"https:\/\/strangercam.com\/#website\",\"url\":\"https:\/\/strangercam.com\/\",\"name\":\"Strangercam\",\"description\":\"Random Video Chat with Strangers\",\"publisher\":{\"@id\":\"https:\/\/strangercam.com\/#organization\"},\"alternateName\":\"Strangercam.com\",\"potentialAction\":[{\"@type\":\"SearchAction\",\"target\":{\"@type\":\"EntryPoint\",\"urlTemplate\":\"https:\/\/strangercam.com\/?s={search_term_string}\"},\"query-input\":{\"@type\":\"PropertyValueSpecification\",\"valueRequired\":true,\"valueName\":\"search_term_string\"}}],\"inLanguage\":\"da-DK\"},{\"@type\":\"Organization\",\"@id\":\"https:\/\/strangercam.com\/#organization\",\"name\":\"Strangercam\",\"alternateName\":\"Strangercam.com\",\"url\":\"https:\/\/strangercam.com\/\",\"logo\":{\"@type\":\"ImageObject\",\"inLanguage\":\"da-DK\",\"@id\":\"https:\/\/strangercam.com\/#\/schema\/logo\/image\/\",\"url\":\"https:\/\/strangercam.com\/wp-content\/uploads\/2020\/11\/cropped-new-favicon-black.png\",\"contentUrl\":\"https:\/\/strangercam.com\/wp-content\/uploads\/2020\/11\/cropped-new-favicon-black.png\",\"width\":512,\"height\":512,\"caption\":\"Strangercam\"},\"image\":{\"@id\":\"https:\/\/strangercam.com\/#\/schema\/logo\/image\/\"},\"sameAs\":[\"https:\/\/www.facebook.com\/strangercam\",\"https:\/\/x.com\/strangercamapp\"]}]}<\/script>\n<!-- \/ Yoast SEO plugin. -->","yoast_head_json":{"title":"Camsurf - Alternativer og anmeldelser af chatsider - StrangerCam","description":"Opdag de bedste videochatsider, komplet med vurderinger og anmeldelser. Nyd gratis cam-chats, der giver dig mulighed for at m\u00f8de nye mennesker.","robots":{"index":"index","follow":"follow","max-snippet":"max-snippet:-1","max-image-preview":"max-image-preview:large","max-video-preview":"max-video-preview:-1"},"canonical":"https:\/\/strangercam.com\/da\/camsurf\/","og_locale":"da_DK","og_type":"article","og_title":"Camsurf - Alternatives & Reviews of Chat Sites - StrangerCam","og_description":"Discover the best Video Chat Sites, complete with ratings and reviews. Enjoy free cam chats that let you meet new people.","og_url":"https:\/\/strangercam.com\/da\/camsurf\/","og_site_name":"Strangercam","article_publisher":"https:\/\/www.facebook.com\/strangercam","article_modified_time":"2025-06-16T11:27:40+00:00","og_image":[{"width":800,"height":532,"url":"https:\/\/strangercam.com\/wp-content\/uploads\/2021\/10\/Untitled-2.png","type":"image\/png"}],"twitter_card":"summary_large_image","twitter_site":"@strangercamapp","twitter_misc":{"Estimeret l\u00e6setid":"7 minutter"},"schema":{"@context":"https:\/\/schema.org","@graph":[{"@type":"WebPage","@id":"https:\/\/strangercam.com\/camsurf\/","url":"https:\/\/strangercam.com\/camsurf\/","name":"Camsurf - Alternativer og anmeldelser af chatsider - StrangerCam","isPartOf":{"@id":"https:\/\/strangercam.com\/#website"},"datePublished":"2024-10-03T12:29:19+00:00","dateModified":"2025-06-16T11:27:40+00:00","description":"Opdag de bedste videochatsider, komplet med vurderinger og anmeldelser. Nyd gratis cam-chats, der giver dig mulighed for at m\u00f8de nye mennesker.","breadcrumb":{"@id":"https:\/\/strangercam.com\/camsurf\/#breadcrumb"},"inLanguage":"da-DK","potentialAction":[{"@type":"ReadAction","target":["https:\/\/strangercam.com\/camsurf\/"]}]},{"@type":"BreadcrumbList","@id":"https:\/\/strangercam.com\/camsurf\/#breadcrumb","itemListElement":[{"@type":"ListItem","position":1,"name":"Home","item":"https:\/\/strangercam.com\/"},{"@type":"ListItem","position":2,"name":"Camsurf"}]},{"@type":"WebSite","@id":"https:\/\/strangercam.com\/#website","url":"https:\/\/strangercam.com\/","name":"Strangercam","description":"Tilf\u00e6ldig videochat med fremmede","publisher":{"@id":"https:\/\/strangercam.com\/#organization"},"alternateName":"Strangercam.com","potentialAction":[{"@type":"SearchAction","target":{"@type":"EntryPoint","urlTemplate":"https:\/\/strangercam.com\/?s={search_term_string}"},"query-input":{"@type":"PropertyValueSpecification","valueRequired":true,"valueName":"search_term_string"}}],"inLanguage":"da-DK"},{"@type":"Organization","@id":"https:\/\/strangercam.com\/#organization","name":"Strangercam","alternateName":"Strangercam.com","url":"https:\/\/strangercam.com\/","logo":{"@type":"ImageObject","inLanguage":"da-DK","@id":"https:\/\/strangercam.com\/#\/schema\/logo\/image\/","url":"https:\/\/strangercam.com\/wp-content\/uploads\/2020\/11\/cropped-new-favicon-black.png","contentUrl":"https:\/\/strangercam.com\/wp-content\/uploads\/2020\/11\/cropped-new-favicon-black.png","width":512,"height":512,"caption":"Strangercam"},"image":{"@id":"https:\/\/strangercam.com\/#\/schema\/logo\/image\/"},"sameAs":["https:\/\/www.facebook.com\/strangercam","https:\/\/x.com\/strangercamapp"]}]}},"_links":{"self":[{"href":"https:\/\/strangercam.com\/da\/wp-json\/wp\/v2\/pages\/12574","targetHints":{"allow":["GET"]}}],"collection":[{"href":"https:\/\/strangercam.com\/da\/wp-json\/wp\/v2\/pages"}],"about":[{"href":"https:\/\/strangercam.com\/da\/wp-json\/wp\/v2\/types\/page"}],"author":[{"embeddable":true,"href":"https:\/\/strangercam.com\/da\/wp-json\/wp\/v2\/users\/7"}],"replies":[{"embeddable":true,"href":"https:\/\/strangercam.com\/da\/wp-json\/wp\/v2\/comments?post=12574"}],"version-history":[{"count":1,"href":"https:\/\/strangercam.com\/da\/wp-json\/wp\/v2\/pages\/12574\/revisions"}],"predecessor-version":[{"id":12862,"href":"https:\/\/strangercam.com\/da\/wp-json\/wp\/v2\/pages\/12574\/revisions\/12862"}],"wp:attachment":[{"href":"https:\/\/strangercam.com\/da\/wp-json\/wp\/v2\/media?parent=12574"}],"curies":[{"name":"wp","href":"https:\/\/api.w.org\/{rel}","templated":true}]}}