{"id":12565,"date":"2024-10-07T10:40:10","date_gmt":"2024-10-07T08:40:10","guid":{"rendered":"https:\/\/strangercam.com\/?page_id=12565"},"modified":"2025-02-04T09:34:08","modified_gmt":"2025-02-04T07:34:08","slug":"chamet","status":"publish","type":"page","link":"https:\/\/strangercam.com\/da\/chamet\/","title":{"rendered":"Chamet"},"content":{"rendered":"<p>Er du p\u00e5 udkig efter en livlig video <a href=\"https:\/\/strangercam.com\/da\/chatroulette\/\">chat<\/a> app til <a href=\"https:\/\/strangercam.com\/da\/coomeet\/\">m\u00f8des<\/a> nye mennesker, deltage i samtaler i realtid eller bare udforske nye kulturer? Chamet tilbyder en interaktiv platform til en-til-en-videoopkald, livestreams og gruppechats, der bringer brugere sammen p\u00e5 tv\u00e6rs af kloden. I denne detaljerede oversigt dykker vi ned i Chamet's n\u00f8glefunktioner, hvordan den fungerer, og hvad der adskiller den fra andre <a href=\"https:\/\/strangercam.com\/da\/rabbit-video-chat\/\">videochat<\/a> apps p\u00e5 markedet.<\/p>\n<h2>Hvad er Chamet?<\/h2>\n<p>Chamet er en <strong>videochat-applikation<\/strong> tilg\u00e6ngelig p\u00e5 b\u00e5de iOS- og Android-enheder. Dens prim\u00e6re fokus er at hj\u00e6lpe brugerne:<\/p>\n<ul>\n<li><strong>M\u00f8d nye mennesker<\/strong>: Oplev nye ansigter fra hele verden.<\/li>\n<li><strong>Deltag i meningsfulde samtaler<\/strong>: Start samtaler gennem live videoopkald eller gruppesessioner.<\/li>\n<li><strong>Nyd overs\u00e6ttelser i realtid<\/strong>: Overvind sprogbarrierer, og kom i kontakt med et internationalt f\u00e6llesskab.<\/li>\n<li><strong>Udforsk forskellige kulturer<\/strong>: F\u00e5 indsigt i forskellige livsstile og baggrunde.<\/li>\n<\/ul>\n<p>Chamet kombinerer spontaniteten i tilf\u00e6ldige videochats med brugervenlige funktioner som interessetags, virtuelle gaver og valuta i appen for at forbedre den samlede oplevelse.<\/p>\n<h2>Vigtige funktioner<\/h2>\n<h3>1. Live videoopkald<\/h3>\n<p>Kernen i Chamet er <strong>en-til-en videochats<\/strong> der giver dig mulighed for \u00f8jeblikkeligt at komme i kontakt med nye mennesker. Du kan starte et opkald med et enkelt tryk, og hvis samtalen ikke v\u00e6kker din interesse, kan du hurtigt g\u00e5 videre og finde et andet match.<\/p>\n<h3>2. Global matchning<\/h3>\n<p>Chamet matcher dig med brugere fra forskellige lande, hvilket sikrer en virkelig <strong>Det globale samfund<\/strong>. Det er perfekt for alle, der gerne vil \u00f8ve sig p\u00e5 nye sprog eller l\u00e6re om forskellige kulturer p\u00e5 f\u00f8rste h\u00e5nd.<\/p>\n<h3>3. Overs\u00e6ttelse i realtid<\/h3>\n<p>For at nedbryde sprogbarrierer har Chamet en indbygget overs\u00e6tter, der automatisk kan overs\u00e6tte beskeder under dine videoopkald. Denne funktion hj\u00e6lper med at skabe mere smidige samtaler, uanset dit modersm\u00e5l.<\/p>\n<h3>4. Gruppe-live-streams<\/h3>\n<p>Ud over en-til-en-opkald underst\u00f8tter Chamet ogs\u00e5 gruppelivestreams, hvor flere brugere kan deltage i et virtuelt \u201crum\u201d. V\u00e6rter kan engagere sig med deres publikum, hvilket g\u00f8r det ideelt til:<\/p>\n<ul>\n<li><strong>Virtuelle fester<\/strong><\/li>\n<li><strong>Sp\u00f8rgsm\u00e5l og svar<\/strong><\/li>\n<li><strong>Sprogudvekslingsgrupper<\/strong><\/li>\n<li><strong>Afslappet samv\u00e6r med venner<\/strong><\/li>\n<\/ul>\n<h3>5. Virtuelle gaver og valuta i appen<\/h3>\n<p>Chamet inkorporerer en virtuel \u00f8konomi med k\u00f8bbare <strong>m\u00f8nter<\/strong>. Disse m\u00f8nter kan bruges til at sende sjove <strong>virtuelle gaver<\/strong>-som klisterm\u00e6rker og specialeffekter - til v\u00e6rter eller nye venner. Gaver tilf\u00f8jer et lag af interaktion og hj\u00e6lper brugerne med at skille sig ud under overfyldte livestreams.<\/p>\n<h2>S\u00e5dan fungerer Chamet<\/h2>\n<h3>1. Hurtig registrering<\/h3>\n<p>Brugere kan <strong>Tilmeld dig<\/strong> gennem forskellige metoder, f.eks:<\/p>\n<ul>\n<li>Bekr\u00e6ftelse af telefonnummer<\/li>\n<li>Konti p\u00e5 sociale medier (som Facebook eller Google)<\/li>\n<\/ul>\n<p>N\u00e5r du er registreret, kan du oprette en kort profil og g\u00f8re den personlig med fotos eller en kort biografi.<\/p>\n<h3>2. Profilops\u00e6tning og matchning<\/h3>\n<p>N\u00e5r du har tilmeldt dig, har du mulighed for at:<\/p>\n<ul>\n<li><strong>V\u00e6lg pr\u00e6ferencer<\/strong> (f.eks. sprog eller interesser)<\/li>\n<li><strong>Aktiv\u00e9r lokationsbaseret opdagelse<\/strong> for mere lokaliserede chats<\/li>\n<li><strong>Brug interessetags<\/strong> for at matche med brugere, der deler dine hobbyer<\/li>\n<\/ul>\n<p>Chatets algoritme hj\u00e6lper dig s\u00e5 med at komme i kontakt med brugerne i realtid.<\/p>\n<h3>3. Sikkerhedsforanstaltninger i appen<\/h3>\n<p>F\u00f8r en videosession starter, tilbyder Chamet grundl\u00e6ggende moderations- og verifikationsv\u00e6rkt\u00f8jer for at sikre, at brugerne p\u00e5 platformen overholder f\u00e6llesskabets retningslinjer.<\/p>\n<h2>Sikkerhed og m\u00e5dehold<\/h2>\n<p><a href=\"https:\/\/strangercam.com\/da\/chathub\/\">Tilf\u00e6ldig videochat<\/a> apps kan nogle gange st\u00f8de p\u00e5 upassende eller skadeligt indhold. Chamet tackler dette ved at:<\/p>\n<ul>\n<li><strong>AI-drevet indholdsfiltrering<\/strong>: Systemet registrerer automatisk eksplicit eller problematisk adf\u00e6rd.<\/li>\n<li><strong>Rapportering og blokering<\/strong>: Brugere kan nemt anmelde kr\u00e6nkere og blokere dem for fremtidig kontakt.<\/li>\n<li><strong>F\u00e6llesskabets retningslinjer<\/strong>: Chamet h\u00e5ndh\u00e6ver regler mod eksplicit eller skadelig adf\u00e6rd, med mulig suspension af kontoen ved gentagne overtr\u00e6delser.<\/li>\n<\/ul>\n<h2>Fordele og ulemper ved Chamet<\/h2>\n<p>Som enhver anden platform har Chamet sine fordele og ulemper. Her er en hurtig gennemgang:<\/p>\n<table>\n<thead>\n<tr>\n<th>Fordele<\/th>\n<th>Ulemper<\/th>\n<\/tr>\n<\/thead>\n<tbody>\n<tr>\n<td>\n<ul>\n<li>Overs\u00e6ttelse i realtid for at lette sprogbarrierer<\/li>\n<li>Forskellige funktioner, herunder gruppestreams og virtuelle gaver<\/li>\n<li>Nem tilmelding med flere registreringsmuligheder<\/li>\n<li>St\u00e6rk global brugerbase til forskelligartede interaktioner<\/li>\n<li>Indbyggede moderationsv\u00e6rkt\u00f8jer til sikrere samtaler<\/li>\n<\/ul>\n<\/td>\n<td>\n<ul>\n<li>Nogle funktioner er l\u00e5st bag k\u00f8b i appen<\/li>\n<li>Mulighed for at st\u00f8de p\u00e5 upassende indhold (dog modereret)<\/li>\n<li>St\u00f8rre dataforbrug til HD-videoopkald<\/li>\n<li>M\u00f8ntbaseret \u00f8konomi kan tilskynde til hyppigt forbrug<\/li>\n<\/ul>\n<\/td>\n<\/tr>\n<\/tbody>\n<\/table>\n<h2>Tips til at f\u00e5 mest muligt ud af Chamet<\/h2>\n<h3>1. Udfyld din profil<\/h3>\n<p>Tilf\u00f8j et tydeligt profilbillede, og angiv interesser eller sprog, du taler. Det \u00f8ger dine chancer for at indg\u00e5 i samtaler og opbygge en relation.<\/p>\n<h3>2. Brug realtidsovers\u00e6ttelse med omtanke<\/h3>\n<p>\u00d8v dig i at lytte aktivt, og brug overs\u00e6ttelsesfunktionen til at forst\u00e5 nuancer. Det g\u00f8r dine videoopkald mere smidige og givende.<\/p>\n<h3>3. Udnyt gruppens live-streams<\/h3>\n<p>Deltag i eller v\u00e6r v\u00e6rt for en gruppesession om et emne, du elsker. Det er en god m\u00e5de at finde ligesindede brugere p\u00e5 og skabe livlige diskussioner.<\/p>\n<h3>4. V\u00e6r sikker online<\/h3>\n<ul>\n<li>Undg\u00e5 at dele personlige oplysninger (adresse, finansielle detaljer) p\u00e5 offentlige streams.<\/li>\n<li>Rapporter straks enhver mist\u00e6nkelig eller st\u00f8dende adf\u00e6rd.<\/li>\n<\/ul>\n<h2>Sammenligninger med andre videochat-apps<\/h2>\n<p>Chamet konkurrerer p\u00e5 et overfyldt marked sammen med popul\u00e6re tilf\u00e6ldige videochat-apps. Den adskiller sig ved:<\/p>\n<ul>\n<li><strong>Overs\u00e6ttelser i realtid<\/strong>: G\u00f8r tv\u00e6rkulturelle samtaler problemfri.<\/li>\n<li><strong>Gruppe-livestreams<\/strong>: Tillader interaktion mellem flere brugere, hvorimod mange tilf\u00e6ldige apps holder sig til en-til-en-opkald.<\/li>\n<li><strong>Interaktive virtuelle gaver<\/strong>: En sjov m\u00e5de at vise taknemmelighed p\u00e5 eller skille sig ud fra andre seere.<\/li>\n<\/ul>\n<h2>Konklusion<\/h2>\n<p>Chamet skiller sig ud i videochat-appen <a href=\"https:\/\/strangercam.com\/da\/mocospace\/\">plads<\/a> ved at kombinere et globalt f\u00e6llesskab med interaktive funktioner som live-overs\u00e6ttelser, virtuelle gaver og gruppestreams. Uanset om du \u00f8nsker at f\u00e5 venner p\u00e5 tv\u00e6rs af kontinenter, sk\u00e6rpe dine sprogf\u00e6rdigheder eller bare pr\u00f8ve en ny form for socialt engagement, giver Chamet dig flere m\u00e5der at komme i kontakt p\u00e5 i realtid.<br \/>\nVed at l\u00e6gge v\u00e6gt p\u00e5 sikkerhed og sjov appellerer Chamet til en bred brugerbase - fra afslappede chattere til sociale medieentusiaster, der s\u00f8ger en mere personlig form for online interaktion. Hvis du er klar til at indlede nye digitale venskaber og udforske virtuelle kulturer verden over, s\u00e5 pr\u00f8v Chamet og se, hvem der venter i den anden ende af dit n\u00e6ste videoopkald.<\/p>","protected":false},"excerpt":{"rendered":"<p>Are you searching for a lively video chat app to meet new people, engage in real-time conversations, or simply explore new cultures? Chamet offers an interactive platform for one-on-one video calls, live streams, and group chats, bringing users together across the globe. In this detailed overview, we\u2019ll delve into Chamet\u2019s key features, how it works, [&hellip;]<\/p>\n","protected":false},"author":6,"featured_media":0,"parent":0,"menu_order":0,"comment_status":"closed","ping_status":"closed","template":"","meta":{"footnotes":""},"class_list":["post-12565","page","type-page","status-publish","hentry"],"yoast_head":"<!-- This site is optimized with the Yoast SEO plugin v26.9 - https:\/\/yoast.com\/product\/yoast-seo-wordpress\/ -->\n<title>Chamet - Global Video Connections &amp; Chat - StrangerCam.com<\/title>\n<meta name=\"description\" content=\"Discover Chamet, the ultimate online platform connecting you to free video chat rooms and live streams. Join Chamet today!\" \/>\n<meta name=\"robots\" content=\"index, follow, max-snippet:-1, max-image-preview:large, max-video-preview:-1\" \/>\n<link rel=\"canonical\" href=\"https:\/\/strangercam.com\/da\/chamet\/\" \/>\n<meta property=\"og:locale\" content=\"da_DK\" \/>\n<meta property=\"og:type\" content=\"article\" \/>\n<meta property=\"og:title\" content=\"Chamet - Global Video Connections &amp; Chat - StrangerCam.com\" \/>\n<meta property=\"og:description\" content=\"Discover Chamet, the ultimate online platform connecting you to free video chat rooms and live streams. Join Chamet today!\" \/>\n<meta property=\"og:url\" content=\"https:\/\/strangercam.com\/da\/chamet\/\" \/>\n<meta property=\"og:site_name\" content=\"Strangercam\" \/>\n<meta property=\"article:publisher\" content=\"https:\/\/www.facebook.com\/strangercam\" \/>\n<meta property=\"article:modified_time\" content=\"2025-02-04T07:34:08+00:00\" \/>\n<meta property=\"og:image\" content=\"https:\/\/strangercam.com\/wp-content\/uploads\/2021\/10\/Untitled-2.png\" \/>\n\t<meta property=\"og:image:width\" content=\"800\" \/>\n\t<meta property=\"og:image:height\" content=\"532\" \/>\n\t<meta property=\"og:image:type\" content=\"image\/png\" \/>\n<meta name=\"twitter:card\" content=\"summary_large_image\" \/>\n<meta name=\"twitter:site\" content=\"@strangercamapp\" \/>\n<meta name=\"twitter:label1\" content=\"Estimeret l\u00e6setid\" \/>\n\t<meta name=\"twitter:data1\" content=\"4 minutter\" \/>\n<script type=\"application\/ld+json\" class=\"yoast-schema-graph\">{\"@context\":\"https:\/\/schema.org\",\"@graph\":[{\"@type\":\"WebPage\",\"@id\":\"https:\/\/strangercam.com\/chamet\/\",\"url\":\"https:\/\/strangercam.com\/chamet\/\",\"name\":\"Chamet - Global Video Connections & Chat - StrangerCam.com\",\"isPartOf\":{\"@id\":\"https:\/\/strangercam.com\/#website\"},\"datePublished\":\"2024-10-07T08:40:10+00:00\",\"dateModified\":\"2025-02-04T07:34:08+00:00\",\"description\":\"Discover Chamet, the ultimate online platform connecting you to free video chat rooms and live streams. Join Chamet today!\",\"breadcrumb\":{\"@id\":\"https:\/\/strangercam.com\/chamet\/#breadcrumb\"},\"inLanguage\":\"da-DK\",\"potentialAction\":[{\"@type\":\"ReadAction\",\"target\":[\"https:\/\/strangercam.com\/chamet\/\"]}]},{\"@type\":\"BreadcrumbList\",\"@id\":\"https:\/\/strangercam.com\/chamet\/#breadcrumb\",\"itemListElement\":[{\"@type\":\"ListItem\",\"position\":1,\"name\":\"Home\",\"item\":\"https:\/\/strangercam.com\/\"},{\"@type\":\"ListItem\",\"position\":2,\"name\":\"Chamet\"}]},{\"@type\":\"WebSite\",\"@id\":\"https:\/\/strangercam.com\/#website\",\"url\":\"https:\/\/strangercam.com\/\",\"name\":\"Strangercam\",\"description\":\"Random Video Chat with Strangers\",\"publisher\":{\"@id\":\"https:\/\/strangercam.com\/#organization\"},\"alternateName\":\"Strangercam.com\",\"potentialAction\":[{\"@type\":\"SearchAction\",\"target\":{\"@type\":\"EntryPoint\",\"urlTemplate\":\"https:\/\/strangercam.com\/?s={search_term_string}\"},\"query-input\":{\"@type\":\"PropertyValueSpecification\",\"valueRequired\":true,\"valueName\":\"search_term_string\"}}],\"inLanguage\":\"da-DK\"},{\"@type\":\"Organization\",\"@id\":\"https:\/\/strangercam.com\/#organization\",\"name\":\"Strangercam\",\"alternateName\":\"Strangercam.com\",\"url\":\"https:\/\/strangercam.com\/\",\"logo\":{\"@type\":\"ImageObject\",\"inLanguage\":\"da-DK\",\"@id\":\"https:\/\/strangercam.com\/#\/schema\/logo\/image\/\",\"url\":\"https:\/\/strangercam.com\/wp-content\/uploads\/2020\/11\/cropped-new-favicon-black.png\",\"contentUrl\":\"https:\/\/strangercam.com\/wp-content\/uploads\/2020\/11\/cropped-new-favicon-black.png\",\"width\":512,\"height\":512,\"caption\":\"Strangercam\"},\"image\":{\"@id\":\"https:\/\/strangercam.com\/#\/schema\/logo\/image\/\"},\"sameAs\":[\"https:\/\/www.facebook.com\/strangercam\",\"https:\/\/x.com\/strangercamapp\"]}]}<\/script>\n<!-- \/ Yoast SEO plugin. -->","yoast_head_json":{"title":"Chamet - Globale videoforbindelser og chat - StrangerCam.com","description":"Oplev Chamet, den ultimative online platform, der forbinder dig med gratis videochatrum og livestreams. Bliv medlem af Chamet i dag!","robots":{"index":"index","follow":"follow","max-snippet":"max-snippet:-1","max-image-preview":"max-image-preview:large","max-video-preview":"max-video-preview:-1"},"canonical":"https:\/\/strangercam.com\/da\/chamet\/","og_locale":"da_DK","og_type":"article","og_title":"Chamet - Global Video Connections & Chat - StrangerCam.com","og_description":"Discover Chamet, the ultimate online platform connecting you to free video chat rooms and live streams. Join Chamet today!","og_url":"https:\/\/strangercam.com\/da\/chamet\/","og_site_name":"Strangercam","article_publisher":"https:\/\/www.facebook.com\/strangercam","article_modified_time":"2025-02-04T07:34:08+00:00","og_image":[{"width":800,"height":532,"url":"https:\/\/strangercam.com\/wp-content\/uploads\/2021\/10\/Untitled-2.png","type":"image\/png"}],"twitter_card":"summary_large_image","twitter_site":"@strangercamapp","twitter_misc":{"Estimeret l\u00e6setid":"4 minutter"},"schema":{"@context":"https:\/\/schema.org","@graph":[{"@type":"WebPage","@id":"https:\/\/strangercam.com\/chamet\/","url":"https:\/\/strangercam.com\/chamet\/","name":"Chamet - Globale videoforbindelser og chat - StrangerCam.com","isPartOf":{"@id":"https:\/\/strangercam.com\/#website"},"datePublished":"2024-10-07T08:40:10+00:00","dateModified":"2025-02-04T07:34:08+00:00","description":"Oplev Chamet, den ultimative online platform, der forbinder dig med gratis videochatrum og livestreams. Bliv medlem af Chamet i dag!","breadcrumb":{"@id":"https:\/\/strangercam.com\/chamet\/#breadcrumb"},"inLanguage":"da-DK","potentialAction":[{"@type":"ReadAction","target":["https:\/\/strangercam.com\/chamet\/"]}]},{"@type":"BreadcrumbList","@id":"https:\/\/strangercam.com\/chamet\/#breadcrumb","itemListElement":[{"@type":"ListItem","position":1,"name":"Home","item":"https:\/\/strangercam.com\/"},{"@type":"ListItem","position":2,"name":"Chamet"}]},{"@type":"WebSite","@id":"https:\/\/strangercam.com\/#website","url":"https:\/\/strangercam.com\/","name":"Strangercam","description":"Tilf\u00e6ldig videochat med fremmede","publisher":{"@id":"https:\/\/strangercam.com\/#organization"},"alternateName":"Strangercam.com","potentialAction":[{"@type":"SearchAction","target":{"@type":"EntryPoint","urlTemplate":"https:\/\/strangercam.com\/?s={search_term_string}"},"query-input":{"@type":"PropertyValueSpecification","valueRequired":true,"valueName":"search_term_string"}}],"inLanguage":"da-DK"},{"@type":"Organization","@id":"https:\/\/strangercam.com\/#organization","name":"Strangercam","alternateName":"Strangercam.com","url":"https:\/\/strangercam.com\/","logo":{"@type":"ImageObject","inLanguage":"da-DK","@id":"https:\/\/strangercam.com\/#\/schema\/logo\/image\/","url":"https:\/\/strangercam.com\/wp-content\/uploads\/2020\/11\/cropped-new-favicon-black.png","contentUrl":"https:\/\/strangercam.com\/wp-content\/uploads\/2020\/11\/cropped-new-favicon-black.png","width":512,"height":512,"caption":"Strangercam"},"image":{"@id":"https:\/\/strangercam.com\/#\/schema\/logo\/image\/"},"sameAs":["https:\/\/www.facebook.com\/strangercam","https:\/\/x.com\/strangercamapp"]}]}},"_links":{"self":[{"href":"https:\/\/strangercam.com\/da\/wp-json\/wp\/v2\/pages\/12565","targetHints":{"allow":["GET"]}}],"collection":[{"href":"https:\/\/strangercam.com\/da\/wp-json\/wp\/v2\/pages"}],"about":[{"href":"https:\/\/strangercam.com\/da\/wp-json\/wp\/v2\/types\/page"}],"author":[{"embeddable":true,"href":"https:\/\/strangercam.com\/da\/wp-json\/wp\/v2\/users\/6"}],"replies":[{"embeddable":true,"href":"https:\/\/strangercam.com\/da\/wp-json\/wp\/v2\/comments?post=12565"}],"version-history":[{"count":2,"href":"https:\/\/strangercam.com\/da\/wp-json\/wp\/v2\/pages\/12565\/revisions"}],"predecessor-version":[{"id":12688,"href":"https:\/\/strangercam.com\/da\/wp-json\/wp\/v2\/pages\/12565\/revisions\/12688"}],"wp:attachment":[{"href":"https:\/\/strangercam.com\/da\/wp-json\/wp\/v2\/media?parent=12565"}],"curies":[{"name":"wp","href":"https:\/\/api.w.org\/{rel}","templated":true}]}}