{"id":12397,"date":"2024-05-09T11:32:55","date_gmt":"2024-05-09T09:32:55","guid":{"rendered":"https:\/\/strangercam.com\/?page_id=12397"},"modified":"2024-05-09T11:33:57","modified_gmt":"2024-05-09T09:33:57","slug":"crushroulette","status":"publish","type":"page","link":"https:\/\/strangercam.com\/da\/crushroulette\/","title":{"rendered":"CrushRoulette"},"content":{"rendered":"<p>CrushRoulette giver, som navnet antyder, brugerne den sp\u00e6ndende mulighed for at kaste sig ud i spontane samtaler med fremmede, men med et s\u00e6rligt twist. I bund og grund er CrushRoulette en online video <a href=\"https:\/\/strangercam.com\/da\/chatroulette\/\">chat<\/a> platform designet til at forbinde mennesker med forskellige baggrunde og fra forskellige hj\u00f8rner af kloden. I mods\u00e6tning til mange lignende platforme introducerer CrushRoulette en ny tilgang til online-interaktioner ved at give en tilf\u00e6ldig chatoplevelse, der ofte er fyldt med uventede, men dejlige samtaler.<\/p>\n<h2>Form\u00e5l og brugsscenarier<\/h2>\n<p>Essensen af CrushRoulette er mere end bare sp\u00e6ndingen ved uforudsigelighed. Den blev skabt for at l\u00f8se almindelige problemer p\u00e5 andre chatplatforme. Her er flere scenarier, hvor CrushRoulette udm\u00e6rker sig:<\/p>\n<ul>\n<li>S\u00f8ger \u00e6gte samtaler: For dem, der er tr\u00e6tte af skrevne eller upersonlige interaktioner p\u00e5 sociale medier, tilbyder CrushRoulette et forfriskende alternativ. Brugerne kan deltage i autentiske en-til-en-samtaler uden nogen form for forstillelse.<\/li>\n<li>Kulturel udveksling: Hvis du er interesseret i at l\u00e6re om en kultur fra nogen, der lever den hver dag, fungerer CrushRoulette som en bro, der giver indsigt i globale livsstile.<\/li>\n<li>Bek\u00e6mpelse af ensomhed: I tider, hvor digitale forbindelser ofte erstatter fysiske, kan der opst\u00e5 en f\u00f8lelse af isolation. CrushRoulette er et fristed for dem, der bare vil tale og f\u00f8le sig forbundet, selv om det er kortvarigt.<\/li>\n<li>Forbedring af f\u00e6rdigheder: Uanset om det drejer sig om at \u00f8ve et nyt sprog, forst\u00e5 regional forretningspraksis eller f\u00e5 forskellige perspektiver p\u00e5 et emne, bliver platformen et uformelt klassev\u00e6relse. CrushRoulette skaber sin egen niche inden for onlinechat ved at fokusere p\u00e5 autentiske, randomiserede samtaler, der appellerer til et bredt spektrum af brugere, der s\u00f8ger \u00e6gte menneskelig interaktion.<\/li>\n<\/ul>\n<h2>CrushRoulettes vigtigste egenskaber og funktioner<\/h2>\n<p>Det f\u00f8rste aspekt, der fanger en brugers opm\u00e6rksomhed p\u00e5 en hvilken som helst platform, er dens design. CrushRoulette kombinerer effektivt enkelhed med elegance og sikrer, at brugere p\u00e5 alle tekniske niveauer nemt kan navigere. Farvepaletten, de intuitive ikoner og de glidende overgange skaber et indbydende milj\u00f8. Hvert designelement er placeret med omtanke for at reducere rod og forbedre brugeroplevelsen.<\/p>\n<h3>Algoritme til tilf\u00e6ldig videomatchning<\/h3>\n<p>Hjertet i CrushRoulette ligger i den randomiserede videomatchningsalgoritme, der sikrer, at hver chatsession er en ny begyndelse. Brugerne bliver parret med fremmede fra hele verden, hvilket tilf\u00f8jer et element af overraskelse og sp\u00e6nding. Algoritmen fungerer problemfrit, hvilket sikrer glidende overgange mellem chats og minimerer ventetiden.<\/p>\n<h3>Indstillinger for k\u00f8nsfilter<\/h3>\n<p>I erkendelse af, at brugerne kan have pr\u00e6ferencer for deres chatpartnere, indeholder CrushRoulette en k\u00f8nsfilterfunktion. Det giver mulighed for at v\u00e6lge det k\u00f8n, man \u00f8nsker at interagere med, ikke kun for at g\u00f8re det mere behageligt, men ogs\u00e5 for at g\u00f8re chatoplevelsen mere personlig.<\/p>\n<h3>Sikkerheds- og privatlivsforanstaltninger<\/h3>\n<p>Sikkerhed er altafg\u00f8rende p\u00e5 en platform, der opfordrer til interaktion med fremmede. CrushRoulette integrerer robuste sikkerheds- og privatlivsprotokoller, fra krypterede chatsessioner til strenge moderationspolitikker, der sikrer, at brugerne f\u00f8ler sig sikre. Funktioner som nem rapportering af upassende adf\u00e6rd og muligheden for hurtigt at afslutte en chat tilf\u00f8jer ekstra lag af beskyttelse.<\/p>\n<h3>Sprog- og overs\u00e6ttelsesv\u00e6rkt\u00f8jer<\/h3>\n<p>Med en global brugerbase kan sprogbarrierer hindre meningsfuld interaktion p\u00e5 CrushRoulette. Men indbyggede sprog- og overs\u00e6ttelsesv\u00e6rkt\u00f8jer muligg\u00f8r ubesv\u00e6ret kommunikation, selv om brugerne ikke deler et f\u00e6lles sprog. Dette letter ikke kun kulturelle udvekslinger, men sikrer ogs\u00e5 et j\u00e6vnt samtaleflow.<\/p>\n<h2>Kompatibilitet mellem mobil og desktop<\/h2>\n<p>CrushRoulette forst\u00e5r de forskellige m\u00e5der, folk bruger onlineplatforme p\u00e5, og er derfor optimeret til b\u00e5de mobile og station\u00e6re brugere. Uanset om man vil chatte p\u00e5 farten med sin smartphone eller hjemmefra p\u00e5 en computer, er oplevelsen ensartet og problemfri.<\/p>\n<p>Tilsammen viser disse funktioner en platform, der ikke bare handler om tilf\u00e6ldige forbindelser, men som er dybt engageret i at sikre, at hver eneste interaktion er meningsfuld, sikker og forn\u00f8jelig.<\/p>\n<h2>Tips til at chatte med piger p\u00e5 CrushRoulette<\/h2>\n<p>For at hj\u00e6lpe brugerne med at f\u00e5 bedre og mere meningsfulde interaktioner med kvinder p\u00e5 CrushRoulette er her nogle m\u00e5lrettede tips og afsnit, der kan forbedre brugeroplevelsen og etiketten, n\u00e5r man chatter:<\/p>\n<h3>Start samtalen rigtigt<\/h3>\n<p><strong>F\u00f8rsteh\u00e5ndsindtryk t\u00e6ller<\/strong>: N\u00e5r du kommer i kontakt med nogen p\u00e5 CrushRoulette, s\u00e5 start med en venlig hilsen. Et smil og et simpelt \"Hej, hvordan g\u00e5r det?\" kan s\u00e6tte en positiv tone for samtalen. Det er vigtigt at virke im\u00f8dekommende og \u00e5ben.<\/p>\n<p><strong>Kommentar til Noget interessant<\/strong>: Hvis platformen tillader profiloplysninger, eller hvis der er visuelle spor i baggrunden, kan det v\u00e6re en god isbryder at komme med en respektfuld kommentar eller stille et oprigtigt sp\u00f8rgsm\u00e5l om noget, du l\u00e6gger m\u00e6rke til.<\/p>\n<h4>Opretholdelse af en respektfuld og engagerende interaktion<\/h4>\n<p><strong>Vis \u00e6gte interesse<\/strong>: Stil \u00e5bne sp\u00f8rgsm\u00e5l for at opmuntre til dialog i stedet for enkle ja- eller nej-svar. Emnerne kan omfatte hobbyer, yndlingsfilm eller mindev\u00e6rdige rejseoplevelser. Det viser, at du er interesseret i at vide mere om hende som person.<\/p>\n<p><strong>V\u00e6r en aktiv lytter<\/strong>: V\u00e6r meget opm\u00e6rksom p\u00e5, hvad hun siger. Det vil ikke kun hj\u00e6lpe dig med at forst\u00e5 hende bedre, men ogs\u00e5 g\u00f8re samtalen mere engagerende for jer begge. Reager og svar ud fra det, hun fort\u00e6ller, i stedet for at styre samtalen tilbage til dig selv.<\/p>\n<p><strong>Kompliment med venlig hilsen<\/strong>: Hvis du f\u00f8ler dig tvunget til at give et kompliment, s\u00e5 g\u00f8r det \u00e6gte og ikke overfladisk. Kompliment\u00e9r hende for hendes indsigt, humor eller den m\u00e5de, hun udtrykker sig p\u00e5, i stedet for bare hendes udseende.<\/p>\n<h3>At holde samtalen i gang<\/h3>\n<p><strong>Del historier<\/strong>: At dele personlige anekdoter kan g\u00f8re interaktionen mere personlig og relaterbar. V\u00e6lg historier, der er muntre og positive, hvilket kan f\u00f8re til en mere forn\u00f8jelig og forpligtende oplevelse.<\/p>\n<p><strong>Respekter gr\u00e6nserne<\/strong>: Det er vigtigt at respektere hendes komfortniveau. Undg\u00e5 alt for personlige eller f\u00f8lsomme emner, medmindre hun bringer dem p\u00e5 bane eller viser interesse for at diskutere dem. Hvis hun virker utilpas, s\u00e5 skift emne, eller lad hende f\u00f8re samtalen ind p\u00e5 et emne, hun har det godt med.<\/p>\n<p><strong>Brug humor med omtanke<\/strong>: Humor kan v\u00e6re en god m\u00e5de at lette enhver akavet situation p\u00e5 og g\u00f8re samtalen forn\u00f8jelig. Men hold det rent og undg\u00e5 vittigheder, der kan v\u00e6re st\u00f8dende eller for personlige.<\/p>\n<h3>Afslut chatten p\u00e5 en v\u00e6rdig m\u00e5de<\/h3>\n<p><strong>V\u00e6r h\u00f8flig, n\u00e5r du g\u00e5r ud<\/strong>: Hvis du er n\u00f8dt til at forlade chatten, s\u00e5 g\u00f8r det h\u00f8fligt. Et simpelt \u201cJeg n\u00f8d at tale med dig, men jeg er n\u00f8dt til at g\u00e5 nu. Det var dejligt at m\u00f8de dig!\u201d efterlader et positivt indtryk og afslutter samtalen p\u00e5 en god m\u00e5de.<\/p>\n<p><strong>Udveksl kontakter, hvis det er gensidigt<\/strong>: Hvis samtalen gik godt, og I begge udtrykker interesse for at holde kontakten, kan CrushRoulette give brugerne mulighed for at udveksle kontaktoplysninger. S\u00f8rg for, at interessen er gensidig, f\u00f8r du foresl\u00e5r at oprette forbindelse uden for platformen.<\/p>\n<h3>Sikkerhed og samtykke<\/h3>\n<p><strong>Priorit\u00e9r altid samtykke<\/strong>: S\u00f8rg for, at alle personlige sp\u00f8rgsm\u00e5l eller emner tages op med samtykke. G\u00e5 aldrig ud fra, at den anden person har det godt med alt i en samtale.<\/p>\n<p><strong>Rapporter upassende opf\u00f8rsel<\/strong>: Brug CrushRoulettes rapporteringsfunktioner, hvis du st\u00f8der p\u00e5 upassende adf\u00e6rd. Det er et kollektivt ansvar at holde platformen sikker og respektfuld.<\/p>\n<p>Disse tips er designet til at hj\u00e6lpe med at skabe et respektfuldt, engagerende og behageligt milj\u00f8 p\u00e5 CrushRoulette og forbedre den samlede oplevelse, n\u00e5r man chatter med kvinder p\u00e5 platformen.<\/p>\n<h2>Tilf\u00e6ldig videochat og appellen fra CrushRoulette<\/h2>\n<p><a href=\"https:\/\/strangercam.com\/da\/chathub\/\">Tilf\u00e6ldig videochat<\/a> henviser til konceptet med at komme i kontakt med fremmede gennem videoopkald p\u00e5 en digital platform, hvor systemet tilf\u00e6ldigt udv\u00e6lger de personer, man chatter med. Denne form for digital interaktion har vundet enorm popularitet p\u00e5 grund af dens spontane natur og den sp\u00e6nding, den bringer. CrushRoulette, en f\u00f8rende platform inden for denne <a href=\"https:\/\/strangercam.com\/da\/mocospace\/\">plads<\/a>, eksemplificerer, hvorfor tilf\u00e6ldige <a href=\"https:\/\/strangercam.com\/da\/rabbit-video-chat\/\">videochat<\/a> er blevet en foretrukken m\u00e5de for folk at <a href=\"https:\/\/strangercam.com\/da\/coomeet\/\">m\u00f8des<\/a> og interagere fra hele verden.<\/p>\n<h3>Spontanitetens sp\u00e6nding<\/h3>\n<p>Et af de st\u00f8rste tr\u00e6kplastre ved tilf\u00e6ldig videochat, og is\u00e6r p\u00e5 platforme som CrushRoulette, er overraskelsesmomentet. Hver session bringer et nyt ansigt, en anden baggrund og en ny samtale. Denne uforudsigelighed holder oplevelsen sp\u00e6ndende og uforudsigelig, lidt som en digital version af en mystery box.<\/p>\n<h3>Nedbrydning af globale barrierer<\/h3>\n<p>CrushRoulette og lignende tjenester forbinder brugere fra forskellige lande og nedbryder geografiske og kulturelle barrierer. Denne eksponering for forskellige kulturer og livsstile beriger brugeroplevelsen og giver en unik uddannelsesm\u00e6ssig og social platform, hvor man kan l\u00e6re om verden p\u00e5 en m\u00e5de, som traditionelle medier ikke kan tilbyde.<\/p>\n<h3>Let at m\u00f8de nye mennesker<\/h3>\n<p>For mange, is\u00e6r i nutidens travle og til tider isolerende verden, kan det v\u00e6re en udfordring at finde nye venner eller interessante samtaler. Tilf\u00e6ldige videochatplatforme som CrushRoulette tilbyder en bekvem og ukompliceret m\u00e5de at m\u00f8de nye mennesker p\u00e5. Uanset om du er p\u00e5 udkig efter en hurtig chat eller et langvarigt venskab, kan disse platforme im\u00f8dekomme alle behov.<\/p>\n<h3>Interaktion i realtid<\/h3>\n<p>I mods\u00e6tning til tekstbaserede chats giver videochats mulighed for interaktion i realtid, ansigt til ansigt, hvilket tilf\u00f8jer et lag af autenticitet til samtalen. Du kan se personens reaktioner, h\u00f8re deres tonefald og engagere dig p\u00e5 en mere personlig og meningsfuld m\u00e5de. CrushRoulette udnytter videostreaming i h\u00f8j kvalitet til at forbedre denne oplevelse og g\u00f8re samtalerne mere levende og engagerende.<\/p>\n<h3>Sjove funktioner og tilpasning<\/h3>\n<p>CrushRoulette forbedrer den tilf\u00e6ldige videochatoplevelse ved at inkorporere sjove funktioner som filtre, effekter og brugerdefinerede avatarer. Disse elementer giver brugerne mulighed for at udtrykke sig kreativt og tilf\u00f8jer endnu et lag af nydelse til interaktionen. Derudover sikrer tilpassede privatlivsindstillinger, at brugerne f\u00f8ler sig sikre og har kontrol over deres chatoplevelse.<\/p>\n<h3>Tilg\u00e6ngelighed og bekvemmelighed<\/h3>\n<p>Platforme som CrushRoulette er designet til at v\u00e6re tilg\u00e6ngelige og brugervenlige og henvender sig til folk i alle aldre og p\u00e5 alle tekniske niveauer. Med blot et par klik kan brugerne komme i kontakt med en ny person, hvilket g\u00f8r det til en meget praktisk m\u00e5de at socialisere og skabe forbindelser p\u00e5 uden behov for fysisk rejse.<\/p>\n<p>Kombinationen af disse funktioner g\u00f8r tilf\u00e6ldig videochat til en stadig mere popul\u00e6r onlineaktivitet. CrushRoulette repr\u00e6senterer med sit fokus p\u00e5 at skabe \u00e6gte, spontane forbindelser p\u00e5 en sikker og forn\u00f8jelig m\u00e5de udviklingen inden for digital kommunikation og bringer mennesker fra alle verdenshj\u00f8rner sammen p\u00e5 de mest uventede og dejlige m\u00e5der.<\/p>\n<p>Konklusionen er, at tilf\u00e6ldige videochatplatforme som CrushRoulette har revolutioneret den m\u00e5de, vi forbinder og interagerer p\u00e5 i den digitale tidsalder. Ved at tilbyde en blanding af spontanitet, kulturel udveksling og interaktion i realtid giver disse platforme en unik og sp\u00e6ndende m\u00e5de at m\u00f8de nye mennesker p\u00e5 og udvide vores sociale horisonter fra vores eget hjem. CrushRoulette er med sit brugervenlige design, robuste sikkerhedsfunktioner og sjove interaktive elementer et f\u00f8rsteklasses valg for dem, der \u00f8nsker at udforske den sp\u00e6ndende verden af tilf\u00e6ldige videochats.<\/p>\n<p>Uanset om du \u00f8nsker at f\u00e5 nye venner, l\u00e6re om forskellige kulturer eller bare have det sjovt, tilbyder CrushRoulette et sikkert, engagerende og forn\u00f8jeligt milj\u00f8 til at udvide dit sociale netv\u00e6rk. Dets forpligtelse til at opretholde brugernes privatliv og sikre et respektfuldt f\u00e6llesskab g\u00f8r det til en p\u00e5lidelig platform for meningsfulde og forn\u00f8jelige samtaler.<\/p>\n<p>Efterh\u00e5nden som det digitale landskab forts\u00e6tter med at udvikle sig, vil platforme som CrushRoulette spille en vigtig rolle i udformningen af, hvordan vi interagerer med verden. S\u00e5 hvorfor ikke kaste dig ud i det og se, hvor et enkelt klik p\u00e5 CrushRoulette kan f\u00f8re dig hen? Det kan \u00e5bne op for en verden af muligheder og tilbyde forbindelser, der m\u00e5ske kan \u00e6ndre dit globale perspektiv, en chat ad gangen.<\/p>","protected":false},"excerpt":{"rendered":"<p>CrushRoulette, as its name suggests, offers users the exhilarating opportunity to plunge into spontaneous conversations with strangers, but with a distinctive twist. At its core, CrushRoulette is an online video chat platform designed to connect people from diverse backgrounds and different corners of the globe. Unlike many similar platforms, CrushRoulette introduces a novel approach to [&hellip;]<\/p>\n","protected":false},"author":6,"featured_media":12398,"parent":0,"menu_order":0,"comment_status":"closed","ping_status":"closed","template":"","meta":{"footnotes":""},"class_list":["post-12397","page","type-page","status-publish","has-post-thumbnail","hentry"],"yoast_head":"<!-- This site is optimized with the Yoast SEO plugin v27.4 - https:\/\/yoast.com\/product\/yoast-seo-wordpress\/ -->\n<title>CrushRoulette Random Video Chat - StrangerCam.com<\/title>\n<meta name=\"description\" content=\"Like CrushRoulette? Come chat with more than 5.000.000 strangers on Stranger Cam for Free! Turn on your cam and find new friends &amp; maby a match!\" \/>\n<meta name=\"robots\" content=\"index, follow, max-snippet:-1, max-image-preview:large, max-video-preview:-1\" \/>\n<link rel=\"canonical\" href=\"https:\/\/strangercam.com\/da\/crushroulette\/\" \/>\n<meta property=\"og:locale\" content=\"da_DK\" \/>\n<meta property=\"og:type\" content=\"article\" \/>\n<meta property=\"og:title\" content=\"CrushRoulette Random Video Chat - StrangerCam.com\" \/>\n<meta property=\"og:description\" content=\"Like CrushRoulette? Come chat with more than 5.000.000 strangers on Stranger Cam for Free! Turn on your cam and find new friends &amp; maby a match!\" \/>\n<meta property=\"og:url\" content=\"https:\/\/strangercam.com\/da\/crushroulette\/\" \/>\n<meta property=\"og:site_name\" content=\"Strangercam\" \/>\n<meta property=\"article:publisher\" content=\"https:\/\/www.facebook.com\/strangercam\" \/>\n<meta property=\"article:modified_time\" content=\"2024-05-09T09:33:57+00:00\" \/>\n<meta property=\"og:image\" content=\"https:\/\/strangercam.com\/wp-content\/uploads\/2024\/05\/CrushRoulette.png\" \/>\n\t<meta property=\"og:image:width\" content=\"1296\" \/>\n\t<meta property=\"og:image:height\" content=\"700\" \/>\n\t<meta property=\"og:image:type\" content=\"image\/png\" \/>\n<meta name=\"twitter:card\" content=\"summary_large_image\" \/>\n<meta name=\"twitter:site\" content=\"@strangercamapp\" \/>\n<meta name=\"twitter:label1\" content=\"Estimeret l\u00e6setid\" \/>\n\t<meta name=\"twitter:data1\" content=\"8 minutter\" \/>\n<script type=\"application\/ld+json\" class=\"yoast-schema-graph\">{\"@context\":\"https:\\\/\\\/schema.org\",\"@graph\":[{\"@type\":\"WebPage\",\"@id\":\"https:\\\/\\\/strangercam.com\\\/crushroulette\\\/\",\"url\":\"https:\\\/\\\/strangercam.com\\\/crushroulette\\\/\",\"name\":\"CrushRoulette Random Video Chat - StrangerCam.com\",\"isPartOf\":{\"@id\":\"https:\\\/\\\/strangercam.com\\\/#website\"},\"primaryImageOfPage\":{\"@id\":\"https:\\\/\\\/strangercam.com\\\/crushroulette\\\/#primaryimage\"},\"image\":{\"@id\":\"https:\\\/\\\/strangercam.com\\\/crushroulette\\\/#primaryimage\"},\"thumbnailUrl\":\"https:\\\/\\\/strangercam.com\\\/wp-content\\\/uploads\\\/2024\\\/05\\\/CrushRoulette.png\",\"datePublished\":\"2024-05-09T09:32:55+00:00\",\"dateModified\":\"2024-05-09T09:33:57+00:00\",\"description\":\"Like CrushRoulette? Come chat with more than 5.000.000 strangers on Stranger Cam for Free! Turn on your cam and find new friends & maby a match!\",\"breadcrumb\":{\"@id\":\"https:\\\/\\\/strangercam.com\\\/crushroulette\\\/#breadcrumb\"},\"inLanguage\":\"da-DK\",\"potentialAction\":[{\"@type\":\"ReadAction\",\"target\":[\"https:\\\/\\\/strangercam.com\\\/crushroulette\\\/\"]}]},{\"@type\":\"ImageObject\",\"inLanguage\":\"da-DK\",\"@id\":\"https:\\\/\\\/strangercam.com\\\/crushroulette\\\/#primaryimage\",\"url\":\"https:\\\/\\\/strangercam.com\\\/wp-content\\\/uploads\\\/2024\\\/05\\\/CrushRoulette.png\",\"contentUrl\":\"https:\\\/\\\/strangercam.com\\\/wp-content\\\/uploads\\\/2024\\\/05\\\/CrushRoulette.png\",\"width\":1296,\"height\":700,\"caption\":\"CrushRoulette\"},{\"@type\":\"BreadcrumbList\",\"@id\":\"https:\\\/\\\/strangercam.com\\\/crushroulette\\\/#breadcrumb\",\"itemListElement\":[{\"@type\":\"ListItem\",\"position\":1,\"name\":\"Home\",\"item\":\"https:\\\/\\\/strangercam.com\\\/\"},{\"@type\":\"ListItem\",\"position\":2,\"name\":\"CrushRoulette\"}]},{\"@type\":\"WebSite\",\"@id\":\"https:\\\/\\\/strangercam.com\\\/#website\",\"url\":\"https:\\\/\\\/strangercam.com\\\/\",\"name\":\"Strangercam\",\"description\":\"Random Video Chat with Strangers\",\"publisher\":{\"@id\":\"https:\\\/\\\/strangercam.com\\\/#organization\"},\"alternateName\":\"Strangercam.com\",\"potentialAction\":[{\"@type\":\"SearchAction\",\"target\":{\"@type\":\"EntryPoint\",\"urlTemplate\":\"https:\\\/\\\/strangercam.com\\\/?s={search_term_string}\"},\"query-input\":{\"@type\":\"PropertyValueSpecification\",\"valueRequired\":true,\"valueName\":\"search_term_string\"}}],\"inLanguage\":\"da-DK\"},{\"@type\":\"Organization\",\"@id\":\"https:\\\/\\\/strangercam.com\\\/#organization\",\"name\":\"Strangercam\",\"alternateName\":\"Strangercam.com\",\"url\":\"https:\\\/\\\/strangercam.com\\\/\",\"logo\":{\"@type\":\"ImageObject\",\"inLanguage\":\"da-DK\",\"@id\":\"https:\\\/\\\/strangercam.com\\\/#\\\/schema\\\/logo\\\/image\\\/\",\"url\":\"https:\\\/\\\/strangercam.com\\\/wp-content\\\/uploads\\\/2020\\\/11\\\/cropped-new-favicon-black.png\",\"contentUrl\":\"https:\\\/\\\/strangercam.com\\\/wp-content\\\/uploads\\\/2020\\\/11\\\/cropped-new-favicon-black.png\",\"width\":512,\"height\":512,\"caption\":\"Strangercam\"},\"image\":{\"@id\":\"https:\\\/\\\/strangercam.com\\\/#\\\/schema\\\/logo\\\/image\\\/\"},\"sameAs\":[\"https:\\\/\\\/www.facebook.com\\\/strangercam\",\"https:\\\/\\\/x.com\\\/strangercamapp\"]}]}<\/script>\n<!-- \/ Yoast SEO plugin. -->","yoast_head_json":{"title":"CrushRoulette tilf\u00e6ldig videochat - StrangerCam.com","description":"Kan du lide CrushRoulette? Kom og chat med mere end 5.000.000 fremmede p\u00e5 Stranger Cam helt gratis! T\u00e6nd for dit kamera og find nye venner og m\u00e5ske et match!","robots":{"index":"index","follow":"follow","max-snippet":"max-snippet:-1","max-image-preview":"max-image-preview:large","max-video-preview":"max-video-preview:-1"},"canonical":"https:\/\/strangercam.com\/da\/crushroulette\/","og_locale":"da_DK","og_type":"article","og_title":"CrushRoulette Random Video Chat - StrangerCam.com","og_description":"Like CrushRoulette? Come chat with more than 5.000.000 strangers on Stranger Cam for Free! Turn on your cam and find new friends & maby a match!","og_url":"https:\/\/strangercam.com\/da\/crushroulette\/","og_site_name":"Strangercam","article_publisher":"https:\/\/www.facebook.com\/strangercam","article_modified_time":"2024-05-09T09:33:57+00:00","og_image":[{"width":1296,"height":700,"url":"https:\/\/strangercam.com\/wp-content\/uploads\/2024\/05\/CrushRoulette.png","type":"image\/png"}],"twitter_card":"summary_large_image","twitter_site":"@strangercamapp","twitter_misc":{"Estimeret l\u00e6setid":"8 minutter"},"schema":{"@context":"https:\/\/schema.org","@graph":[{"@type":"WebPage","@id":"https:\/\/strangercam.com\/crushroulette\/","url":"https:\/\/strangercam.com\/crushroulette\/","name":"CrushRoulette tilf\u00e6ldig videochat - StrangerCam.com","isPartOf":{"@id":"https:\/\/strangercam.com\/#website"},"primaryImageOfPage":{"@id":"https:\/\/strangercam.com\/crushroulette\/#primaryimage"},"image":{"@id":"https:\/\/strangercam.com\/crushroulette\/#primaryimage"},"thumbnailUrl":"https:\/\/strangercam.com\/wp-content\/uploads\/2024\/05\/CrushRoulette.png","datePublished":"2024-05-09T09:32:55+00:00","dateModified":"2024-05-09T09:33:57+00:00","description":"Kan du lide CrushRoulette? Kom og chat med mere end 5.000.000 fremmede p\u00e5 Stranger Cam helt gratis! T\u00e6nd for dit kamera og find nye venner og m\u00e5ske et match!","breadcrumb":{"@id":"https:\/\/strangercam.com\/crushroulette\/#breadcrumb"},"inLanguage":"da-DK","potentialAction":[{"@type":"ReadAction","target":["https:\/\/strangercam.com\/crushroulette\/"]}]},{"@type":"ImageObject","inLanguage":"da-DK","@id":"https:\/\/strangercam.com\/crushroulette\/#primaryimage","url":"https:\/\/strangercam.com\/wp-content\/uploads\/2024\/05\/CrushRoulette.png","contentUrl":"https:\/\/strangercam.com\/wp-content\/uploads\/2024\/05\/CrushRoulette.png","width":1296,"height":700,"caption":"CrushRoulette"},{"@type":"BreadcrumbList","@id":"https:\/\/strangercam.com\/crushroulette\/#breadcrumb","itemListElement":[{"@type":"ListItem","position":1,"name":"Home","item":"https:\/\/strangercam.com\/"},{"@type":"ListItem","position":2,"name":"CrushRoulette"}]},{"@type":"WebSite","@id":"https:\/\/strangercam.com\/#website","url":"https:\/\/strangercam.com\/","name":"Strangercam","description":"Tilf\u00e6ldig videochat med fremmede","publisher":{"@id":"https:\/\/strangercam.com\/#organization"},"alternateName":"Strangercam.com","potentialAction":[{"@type":"SearchAction","target":{"@type":"EntryPoint","urlTemplate":"https:\/\/strangercam.com\/?s={search_term_string}"},"query-input":{"@type":"PropertyValueSpecification","valueRequired":true,"valueName":"search_term_string"}}],"inLanguage":"da-DK"},{"@type":"Organization","@id":"https:\/\/strangercam.com\/#organization","name":"Strangercam","alternateName":"Strangercam.com","url":"https:\/\/strangercam.com\/","logo":{"@type":"ImageObject","inLanguage":"da-DK","@id":"https:\/\/strangercam.com\/#\/schema\/logo\/image\/","url":"https:\/\/strangercam.com\/wp-content\/uploads\/2020\/11\/cropped-new-favicon-black.png","contentUrl":"https:\/\/strangercam.com\/wp-content\/uploads\/2020\/11\/cropped-new-favicon-black.png","width":512,"height":512,"caption":"Strangercam"},"image":{"@id":"https:\/\/strangercam.com\/#\/schema\/logo\/image\/"},"sameAs":["https:\/\/www.facebook.com\/strangercam","https:\/\/x.com\/strangercamapp"]}]}},"_links":{"self":[{"href":"https:\/\/strangercam.com\/da\/wp-json\/wp\/v2\/pages\/12397","targetHints":{"allow":["GET"]}}],"collection":[{"href":"https:\/\/strangercam.com\/da\/wp-json\/wp\/v2\/pages"}],"about":[{"href":"https:\/\/strangercam.com\/da\/wp-json\/wp\/v2\/types\/page"}],"author":[{"embeddable":true,"href":"https:\/\/strangercam.com\/da\/wp-json\/wp\/v2\/users\/6"}],"replies":[{"embeddable":true,"href":"https:\/\/strangercam.com\/da\/wp-json\/wp\/v2\/comments?post=12397"}],"version-history":[{"count":0,"href":"https:\/\/strangercam.com\/da\/wp-json\/wp\/v2\/pages\/12397\/revisions"}],"wp:featuredmedia":[{"embeddable":true,"href":"https:\/\/strangercam.com\/da\/wp-json\/wp\/v2\/media\/12398"}],"wp:attachment":[{"href":"https:\/\/strangercam.com\/da\/wp-json\/wp\/v2\/media?parent=12397"}],"curies":[{"name":"wp","href":"https:\/\/api.w.org\/{rel}","templated":true}]}}