{"id":12332,"date":"2024-02-07T12:25:43","date_gmt":"2024-02-07T10:25:43","guid":{"rendered":"https:\/\/strangercam.com\/?page_id=12332"},"modified":"2024-02-07T12:30:33","modified_gmt":"2024-02-07T10:30:33","slug":"cocoland","status":"publish","type":"page","link":"https:\/\/strangercam.com\/da\/cocoland\/","title":{"rendered":"Cocoland"},"content":{"rendered":"<p data-pm-slice=\"1 1 []\">I vores tempofyldte digitale verden er vi altid p\u00e5 udkig efter nye og sp\u00e6ndende m\u00e5der at komme i kontakt med andre p\u00e5. Det er her, Cocoland <a href=\"https:\/\/strangercam.com\/da\/chatroulette\/\">Chat<\/a> kommer ind i billedet. Det er en levende, interaktiv platform, som omdefinerer den m\u00e5de, vi t\u00e6nker onlinekommunikation p\u00e5.<\/p>\n<p>Med sin brugervenlige gr\u00e6nseflade og mangfoldige f\u00e6llesskab tilbyder Cocoland Chat os en uovertruffen chatoplevelse. Uanset om vi \u00f8nsker at f\u00e5 nye venner, finde en date eller bare have en afslappet samtale, er det den bedste destination for engagerende og meningsfulde interaktioner. Lad os dykke ned i, hvad der f\u00e5r Cocoland Chat til at skille sig ud i den overfyldte verden af online chatrum.<\/p>\n<h2 id=\"what-is-cocoland\">Hvad er Cocoland?<\/h2>\n<p>N\u00e5r vi dykker ned i en verden af online chatrum, skiller Cocoland sig ud som et fyrt\u00e5rn af innovation og f\u00e6llesskab. Kernen i Cocoland Chat er en platform, der er designet til at bringe folk sammen fra alle verdenshj\u00f8rner, og som tilbyder en <a href=\"https:\/\/strangercam.com\/da\/mocospace\/\">plads<\/a> hvor samtaler flyder frit, og forbindelser skabes p\u00e5 et \u00f8jeblik. Men det handler ikke kun om at chatte; det handler om at skabe et f\u00e6llesskab.<\/p>\n<p>Vores udforskning af Cocoland afsl\u00f8rer en brugervenlig gr\u00e6nseflade, der byder nye brugere velkommen med \u00e5bne arme. Navigationen er intuitiv og sikrer, at selv de, der er nye i online chatrum, nemt kan finde rundt. For os er denne tilg\u00e6ngelighed det, der adskiller Cocoland fra resten. Den er designet til alle, fra teknisk kyndige personer til dem, der lige er begyndt at udforske den digitale verden.<\/p>\n<p>Mangfoldigheden i f\u00e6llesskabet i Cocoland er virkelig bem\u00e6rkelsesv\u00e6rdig. Med brugere fra forskellige baggrunde, interesser og aldersgrupper er samtalerne altid livlige og oplysende. Denne mangfoldighed beriger ikke kun oplevelsen, men hj\u00e6lper ogs\u00e5 med at skabe forst\u00e5else og respekt blandt brugerne. Uanset om du er p\u00e5 udkig efter en afslappet chat eller dybe, meningsfulde samtaler, er Cocoland den perfekte platform til at <a href=\"https:\/\/strangercam.com\/da\/coomeet\/\">m\u00f8des<\/a> disse behov.<\/p>\n<p>Sikkerhed og privatliv er topprioriteter i Cocoland, et aspekt, vi finder afg\u00f8rende i dagens digitale tidsalder. Platformen anvender avancerede foranstaltninger til at beskytte brugerdata og sikre et sikkert onlinemilj\u00f8. Denne forpligtelse til sikkerhed giver os ro i sindet, fordi vi ved, at vores interaktioner er beskyttet.<\/p>\n<p>N\u00e5r vi navigerer gennem nuancerne i Cocoland, er det tydeligt, at denne platform er mere end bare et chatrum. Det er et f\u00e6llesskab, der hylder mangfoldighed, prioriterer brugeroplevelsen og v\u00e6rds\u00e6tter sikkerhed.<\/p>\n<h2 id=\"is-cocoland-free-to-use\">Er Cocoland gratis at bruge?<\/h2>\n<p>N\u00e5r vi dykker dybere ned i Cocoland-chattens verden, er et af de mest almindelige sp\u00f8rgsm\u00e5l, vi st\u00f8der p\u00e5, om prisen. Er det virkelig <a href=\"https:\/\/strangercam.com\/da\/chat4free\/\">gratis<\/a> at bruge? <strong>Det korte svar er ja.<\/strong> Cocoland Chat er stolt af at v\u00e6re en platform, der er tilg\u00e6ngelig for alle, hvilket betyder, at du ikke beh\u00f8ver at betale en krone for at blive en del af f\u00e6llesskabet og begynde at interagere.<\/p>\n<p>Men lad os ikke stoppe der. Det er vigtigt at forst\u00e5 nuancerne i, hvad \u201cgratis\u201d betyder i denne sammenh\u00e6ng. N\u00e5r du tilmelder dig og deltager i Cocoland Chat <strong>kr\u00e6ver ikke nogen betaling<\/strong>, Men der er funktioner p\u00e5 platformen, som kan g\u00f8re det. De er som regel valgfrie og har til form\u00e5l at forbedre din oplevelse. For eksempel kan adgang til visse eksklusive rum eller avatarer komme med et mindre gebyr. Disse betalte funktioner er dog ikke en n\u00f8dvendighed for at nyde kernefunktionerne i Cocoland Chat.<\/p>\n<p>Her er det grundl\u00e6ggende om, hvad du kan nyde uden omkostninger:<\/p>\n<ul class=\"list-disc list-outside leading-3 -mt-2 tight\" data-tight=\"true\">\n<li class=\"leading-normal -mb-2\"><strong>Ubegr\u00e6nset tekst- og stemmechats<\/strong><\/li>\n<li class=\"leading-normal -mb-2\"><strong>Adgang til en r\u00e6kke forskellige chatrum<\/strong><\/li>\n<li class=\"leading-normal -mb-2\"><strong>Grundl\u00e6ggende tilpasning af din profil<\/strong><\/li>\n<\/ul>\n<p>For dem, der er p\u00e5 udkig efter lidt mere, tilbyder Cocoland premium-muligheder. Disse ekstrafunktioner er designet til brugere, der \u00f8nsker at forbedre deres oplevelse, men igen, de er ikke n\u00f8dvendige for at f\u00e5 fuldt udbytte af, hvad Cocoland har at byde p\u00e5.<\/p>\n<p>Vores udforskning af platformens prisstruktur har afsl\u00f8ret en forpligtelse til inklusion og tilg\u00e6ngelighed. Cocolands freemium-model sikrer, at alle med internetadgang kan deltage i samtalen, hvilket fremmer et mangfoldigt og levende f\u00e6llesskab. Denne tilgang viser Cocolands engagement i at nedbryde barrierer i onlinekommunikation og inviterer brugere fra alle samfundslag til at komme i kontakt med hinanden og dele erfaringer uden at skulle betale for det.<\/p>\n<h2 id=\"how-to-use-cocoland\">S\u00e5dan bruger du Cocoland<\/h2>\n<p>At begive sig ud p\u00e5 rejsen for at navigere i Cocoland Chat er b\u00e5de sp\u00e6ndende og ligetil. <strong>Vores f\u00f8rste skridt<\/strong> indeb\u00e6rer oprettelse af en konto, en enkel proces, der blot kr\u00e6ver en gyldig e-mailadresse og et kreativt brugernavn. Privatlivets fred er altafg\u00f8rende, s\u00e5 du kan v\u00e6re sikker p\u00e5, at dine oplysninger forbliver beskyttet.<\/p>\n<p>N\u00e5r vores konto er aktiv, er vores n\u00e6ste eventyr at dykke ned i de forskellige chatrum. Cocoland Chat kategoriserer sine rum baseret p\u00e5 interesser, sprog og endda regioner, hvilket g\u00f8r det nemt for os at finde vores niche eller udforske nye territorier. Gr\u00e6nsefladen er intuitiv, s\u00e5 vi er aldrig fortabte eller overv\u00e6ldede.<\/p>\n<p>For dem af os, der \u00f8nsker at samarbejde p\u00e5 tomandsh\u00e5nd, tilbyder Cocoland private beskeder. Det er en sikker m\u00e5de at opbygge dybere forbindelser p\u00e5 uden suset fra de offentlige rum. Og lad os ikke glemme, at vi ved at tilpasse vores profil f\u00e5r et personligt pr\u00e6g, som g\u00f8r os mere tilg\u00e6ngelige for andre Cocolanders.<\/p>\n<ul class=\"list-disc list-outside leading-3 -mt-2 tight\" data-tight=\"true\">\n<li class=\"leading-normal -mb-2\"><strong>Opret en konto:<\/strong> Brug en gyldig e-mail, og v\u00e6lg et brugernavn.<\/li>\n<li class=\"leading-normal -mb-2\"><strong>Udforsk chatrum:<\/strong> Find v\u00e6relser efter interesser eller regioner.<\/li>\n<li class=\"leading-normal -mb-2\"><strong>Private beskeder:<\/strong> Til samtaler p\u00e5 tomandsh\u00e5nd.<\/li>\n<li class=\"leading-normal -mb-2\"><strong>Tilpas profil:<\/strong> F\u00e5 din profil til at skille sig ud.<\/li>\n<\/ul>\n<p>For virkelig at forbedre vores oplevelse kan vi overveje at l\u00e5se op for premium-funktioner. Det er ikke n\u00f8dvendigt, men de giver interessante fordele som reklamefri browsing og eksklusiv adgang til nogle rum. Det er nemt at betale for disse funktioner, og der er mulighed for alt fra kreditkort til e-wallets, hvilket sikrer, at der er et praktisk valg for alle.<\/p>\n<p>P\u00e5 hele vores rejse i Cocoland Chat er n\u00f8glen at engagere sig og deltage. Uanset om det er i travle offentlige rum eller private samtaler, finder vi ud af, at jo mere vi dykker ned i det, jo rigere bliver vores oplevelser. Og husk, at respekt og \u00e5benhed er den gyldne regel her, s\u00e5 vi sikrer, at Cocoland forbliver et indbydende sted for alle.<\/p>\n<h2 id=\"what-is-cocoland-best-for\">Hvad er Cocoland bedst til?<\/h2>\n<p>N\u00e5r man udforsker det varierede landskab af onlinekommunikation, er det tydeligt, at <strong>Cocoland Chat<\/strong> udm\u00e6rker sig ved at tilbyde en platform, hvor forbindelserne g\u00e5r dybere end i et gennemsnitligt chatrum. Med sit mangfoldige og inkluderende f\u00e6llesskab er Cocoland bedst for dem, der \u00f8nsker at engagere sig i meningsfulde samtaler med mennesker fra hele verden. Det handler ikke kun om at chatte; det handler om at etablere forbindelser, der har potentiale til at overskride den digitale verden.<\/p>\n<p>For eventyrerne blandt os tilbyder Cocoland adskillige chatrum, der er kategoriseret efter interesser, sprog og regioner. Det g\u00f8r det utroligt nemt for alle at dykke ned i emner, de br\u00e6nder for, eller udforske nye omr\u00e5der, der pirrer deres nysgerrighed. Uanset om du er en rejseentusiast, der er ivrig efter at dele dine seneste eventyr, eller en sprogstuderende, der \u00f8nsker at \u00f8ve sig med indf\u00f8dte talere, har Cocoland noget for enhver smag.<\/p>\n<p>Desuden prioriterer Cocoland sine brugeres sikkerhed og privatliv og anvender avancerede sikkerhedsforanstaltninger. Dette engagement sikrer, at din onlineoplevelse forbliver privat og sikker, s\u00e5 du kan udtrykke dig frit uden bekymringer. For dem, der br\u00e6nder for at bevare anonymiteten i deres digitale interaktioner, er Cocolands fokus p\u00e5 sikkerhed en betydelig fordel.<\/p>\n<p>Vores platform er ogs\u00e5 ideel til brugere, der v\u00e6rds\u00e6tter inklusion og tilg\u00e6ngelighed. Med sin freemium-model sikrer Cocoland, at alle med internetadgang kan deltage i det livlige f\u00e6llesskab, den fremmer. Fra det \u00f8jeblik, du opretter en konto, \u00e5bnes d\u00f8rene til en mangfoldig og engagerende verden, hvor du kan danne forbindelser, der kan berige dit liv p\u00e5 utallige m\u00e5der.<\/p>\n<p>Engagement er n\u00f8glen til at f\u00e5 mest muligt ud af, hvad Cocoland har at tilbyde. Ved at deltage aktivt i samtaler og v\u00e6re \u00e5ben over for de utallige perspektiver, der er til stede, kan brugerne virkelig s\u00e6tte pris p\u00e5 bredden af, hvad vores f\u00e6llesskab har at tilbyde. Uanset om det er gennem offentlige chatrum eller private beskeder, er enhver interaktion p\u00e5 Cocoland et skridt i retning af at forst\u00e5 det indviklede tapet af menneskelige forbindelser i en digital tidsalder.<\/p>\n<h2 id=\"what-features-does-cocoland-offer\">Hvilke funktioner tilbyder Cocoland?<\/h2>\n<p>Cocoland Chat forbinder ikke bare mennesker; den er bygget til at skabe en virkelig fordybende oplevelse, der skiller sig ud i den overfyldte digitale arena. Vi har unders\u00f8gt, hvad brugerne kan forvente, n\u00e5r de slutter sig til dette livlige f\u00e6llesskab. Cocoland Chat er mere end blot en platform for samtaler; det er en <a href=\"https:\/\/strangercam.com\/da\/chathub\/\">knudepunkt<\/a> af unikke funktioner, der er designet til at berige brugernes engagement og interaktion.<\/p>\n<p><strong>Brugergr\u00e6nseflade<\/strong>: Det f\u00f8rste, vi bem\u00e6rker med Cocoland, er dens <strong>brugervenlig gr\u00e6nseflade<\/strong>. Navigationen er smidig og intuitiv, hvilket sikrer, at b\u00e5de nybegyndere og erfarne chatrumsentusiaster kan dykke direkte ned i samtalerne uden problemer. Platformens design er slankt, men funktionelt, hvilket minimerer distraktioner og fokuserer p\u00e5 det, der virkelig betyder noget: at komme i kontakt med andre.<\/p>\n<p><strong>Forskellige chatrum<\/strong>: Cocoland Chat skinner i sit rige udvalg af chatrum, der hver is\u00e6r henvender sig til forskellige interesser, sprog og regioner. Uanset om du \u00f8nsker at diskutere det nyeste inden for teknologi, dele opskrifter fra din kultur eller bare chatte om din dag, er der et rum til dig. Denne mangfoldighed fremmer ikke kun en global forbindelse, men sikrer ogs\u00e5, at samtalerne forbliver engagerende og friske.<\/p>\n<p><strong>Privatliv og sikkerhed<\/strong>: Vores sikkerhed og privatliv er altafg\u00f8rende, is\u00e6r p\u00e5 nettet. Cocoland prioriterer brugernes sikkerhed og anvender robuste sikkerhedsforanstaltninger for at beskytte personlige data og sikre et sikkert milj\u00f8. Brugerne kan chatte med ro i sindet og vide, at deres oplysninger er beskyttet.<\/p>\n<p><strong>Profiler, der kan tilpasses<\/strong>: For at styrke f\u00e6llesskabsf\u00f8lelsen giver Cocoland mulighed for personlige profiler. Denne funktion giver brugerne mulighed for at tilf\u00f8je et strejf af personlighed til deres online tilstedev\u00e6relse, hvilket g\u00f8r interaktioner mere personlige og meningsfulde. Fra profilbilleder til biografier giver tilpasningsmulighederne brugerne mulighed for at udtrykke sig unikt.<\/p>\n<p>Disse enest\u00e5ende funktioner i Cocoland Chat er udtryk for platformens engagement i at skabe et dynamisk og indbydende milj\u00f8 for alle dens brugere. Det har aldrig v\u00e6ret nemmere at deltage i meningsfulde samtaler, komme i kontakt med mennesker over hele verden og udforske et v\u00e6ld af emner - alt sammen i et sikkert og brugervenligt online-rum.<\/p>\n<h2 id=\"what-are-cocoland-alternatives\">Hvad er alternativerne til Cocoland?<\/h2>\n<p>At udforske Cocoland Chat har \u00e5bnet vores \u00f8jne for en verden, hvor samtaler ikke kun handler om at udveksle beskeder, men om at skabe meningsfulde forbindelser. Det er tydeligt, at denne platform skiller sig ud med sit engagement i inklusion, sikkerhed og et mangfoldigt f\u00e6llesskab. Men det er ogs\u00e5 vigtigt at huske, at den digitale verden er stor, og at der er andre platforme, hvor levende f\u00e6llesskaber trives. De har hver is\u00e6r deres unikke funktioner og publikum, hvilket g\u00f8r onlinechatoplevelsen rig og varieret. Mens vi har gennemg\u00e5et, hvad der g\u00f8r Cocoland Chat til et bem\u00e6rkelsesv\u00e6rdigt rum for dialog og opdagelse, er vi blevet mindet om v\u00e6rdien af at udforske, engagere sig og skabe forbindelse i dagens digitale tidsalder. Uanset om du leder efter alternativer eller bare er nysgerrig p\u00e5, hvad der findes derude, s\u00e5 er det, der virkelig beriger onlineoplevelsen, at du finder et f\u00e6llesskab, der giver genlyd hos dig. Lad os holde samtalen i gang og omfavne mangfoldigheden og potentialet i onlinef\u00e6llesskaber over hele verden.<\/p>\n<h2 id=\"frequently-asked-questions\">Ofte stillede sp\u00f8rgsm\u00e5l<\/h2>\n<h3 id=\"what-is-cocoland-chat\">Hvad er Cocoland Chat?<\/h3>\n<p>Cocoland Chat er en online platform, der er designet til engagerende og meningsfulde interaktioner i et mangfoldigt og inkluderende f\u00e6llesskab. Den letter forbindelser over hele kloden med sin brugervenlige gr\u00e6nseflade, forskellige chatrum og v\u00e6gt p\u00e5 sikkerhed og privatliv.<\/p>\n<h3 id=\"is-cocoland-chat-free-to-use\">Er Cocoland Chat gratis at bruge?<\/h3>\n<p>Ja, det er gratis at tilmelde sig og deltage i Cocoland Chat. Der er valgfrie betalingsfunktioner til r\u00e5dighed for at forbedre brugeroplevelsen, men de er ikke n\u00f8dvendige for at f\u00e5 gl\u00e6de af platformens kernefunktioner.<\/p>\n<h3 id=\"how-can-i-join-cocoland-chat\">Hvordan kan jeg deltage i Cocoland Chat?<\/h3>\n<p>For at deltage i Cocoland Chat skal du oprette en konto ved hj\u00e6lp af en gyldig e-mailadresse og et kreativt brugernavn. Denne proces giver adgang til forskellige chatrum og funktioner p\u00e5 platformen.<\/p>\n<h3 id=\"are-there-any-measures-for-user-safety-and-privacy\">Er der nogen foranstaltninger for brugernes sikkerhed og privatliv?<\/h3>\n<p>Ja, Cocoland Chat anvender avancerede sikkerhedsforanstaltninger for at beskytte brugerdata og sikre et sikkert online milj\u00f8. Platformen prioriterer sine brugeres sikkerhed og privatliv.<\/p>\n<h3 id=\"what-features-does-cocoland-chat-offer\">Hvilke funktioner tilbyder Cocoland Chat?<\/h3>\n<p>Cocoland Chat tilbyder en r\u00e6kke funktioner, herunder forskellige chatrum kategoriseret efter interesser, sprog og regioner, private beskeder, profiler, der kan tilpasses, og valgfrie premium-funktioner for en forbedret oplevelse. Platformen er kendt for sin brugervenlige gr\u00e6nseflade og sit fokus p\u00e5 inklusion og tilg\u00e6ngelighed.<\/p>\n<h3 id=\"can-i-customize-my-cocoland-chat-profile\">Kan jeg tilpasse min Cocoland Chat-profil?<\/h3>\n<p>Ja, du kan tilpasse din profil p\u00e5 Cocoland Chat for at g\u00f8re den mere tilg\u00e6ngelig. At tilpasse din profil hj\u00e6lper dig med at udtrykke dig unikt og kan forbedre din interaktionsoplevelse.<\/p>\n<h3 id=\"how-does-cocoland-chat-prioritize-inclusivity-and-accessibility\">Hvordan prioriterer Cocoland Chat rummelighed og tilg\u00e6ngelighed?<\/h3>\n<p>Cocoland Chats freemium-model sikrer, at alle med internetadgang kan deltage i samtalen, hvilket g\u00f8r platformen tilg\u00e6ngelig og inkluderende. Den fremmer et levende og mangfoldigt f\u00e6llesskab og opmuntrer til engagement og deltagelse fra brugere over hele verden.<\/p>","protected":false},"excerpt":{"rendered":"<p>In our fast-paced digital world, we&#8217;re always on the lookout for new and exciting ways to connect with others. That&#8217;s where Cocoland Chat comes in. It&#8217;s a vibrant, interactive platform that&#8217;s redefining the way we think about online communication. With its user-friendly interface and diverse community, Cocoland Chat offers us an unparalleled chatting experience. Whether [&hellip;]<\/p>\n","protected":false},"author":6,"featured_media":559,"parent":0,"menu_order":0,"comment_status":"closed","ping_status":"closed","template":"","meta":{"footnotes":""},"class_list":["post-12332","page","type-page","status-publish","has-post-thumbnail","hentry"],"yoast_head":"<!-- This site is optimized with the Yoast SEO plugin v27.4 - https:\/\/yoast.com\/product\/yoast-seo-wordpress\/ -->\n<title>Cocoland - Free Video Chat - StrangerCam<\/title>\n<meta name=\"description\" content=\"Like Cocoland? Join our best free video chat site with girls and strangers on StrangerCam for Free with Cocoland!\" \/>\n<meta name=\"robots\" content=\"index, follow, max-snippet:-1, max-image-preview:large, max-video-preview:-1\" \/>\n<link rel=\"canonical\" href=\"https:\/\/strangercam.com\/da\/cocoland\/\" \/>\n<meta property=\"og:locale\" content=\"da_DK\" \/>\n<meta property=\"og:type\" content=\"article\" \/>\n<meta property=\"og:title\" content=\"Cocoland - Free Video Chat - StrangerCam\" \/>\n<meta property=\"og:description\" content=\"Like Cocoland? Join our best free video chat site with girls and strangers on StrangerCam for Free with Cocoland!\" \/>\n<meta property=\"og:url\" content=\"https:\/\/strangercam.com\/da\/cocoland\/\" \/>\n<meta property=\"og:site_name\" content=\"Strangercam\" \/>\n<meta property=\"article:publisher\" content=\"https:\/\/www.facebook.com\/strangercam\" \/>\n<meta property=\"article:modified_time\" content=\"2024-02-07T10:30:33+00:00\" \/>\n<meta property=\"og:image\" content=\"https:\/\/strangercam.com\/wp-content\/uploads\/2020\/11\/stranger-cam-1.png\" \/>\n\t<meta property=\"og:image:width\" content=\"800\" \/>\n\t<meta property=\"og:image:height\" content=\"800\" \/>\n\t<meta property=\"og:image:type\" content=\"image\/png\" \/>\n<meta name=\"twitter:card\" content=\"summary_large_image\" \/>\n<meta name=\"twitter:site\" content=\"@strangercamapp\" \/>\n<meta name=\"twitter:label1\" content=\"Estimeret l\u00e6setid\" \/>\n\t<meta name=\"twitter:data1\" content=\"1 minut\" \/>\n<script type=\"application\/ld+json\" class=\"yoast-schema-graph\">{\"@context\":\"https:\\\/\\\/schema.org\",\"@graph\":[{\"@type\":\"WebPage\",\"@id\":\"https:\\\/\\\/strangercam.com\\\/cocoland\\\/\",\"url\":\"https:\\\/\\\/strangercam.com\\\/cocoland\\\/\",\"name\":\"Cocoland - Free Video Chat - StrangerCam\",\"isPartOf\":{\"@id\":\"https:\\\/\\\/strangercam.com\\\/#website\"},\"primaryImageOfPage\":{\"@id\":\"https:\\\/\\\/strangercam.com\\\/cocoland\\\/#primaryimage\"},\"image\":{\"@id\":\"https:\\\/\\\/strangercam.com\\\/cocoland\\\/#primaryimage\"},\"thumbnailUrl\":\"https:\\\/\\\/strangercam.com\\\/wp-content\\\/uploads\\\/2020\\\/11\\\/stranger-cam-1.png\",\"datePublished\":\"2024-02-07T10:25:43+00:00\",\"dateModified\":\"2024-02-07T10:30:33+00:00\",\"description\":\"Like Cocoland? Join our best free video chat site with girls and strangers on StrangerCam for Free with Cocoland!\",\"breadcrumb\":{\"@id\":\"https:\\\/\\\/strangercam.com\\\/cocoland\\\/#breadcrumb\"},\"inLanguage\":\"da-DK\",\"potentialAction\":[{\"@type\":\"ReadAction\",\"target\":[\"https:\\\/\\\/strangercam.com\\\/cocoland\\\/\"]}]},{\"@type\":\"ImageObject\",\"inLanguage\":\"da-DK\",\"@id\":\"https:\\\/\\\/strangercam.com\\\/cocoland\\\/#primaryimage\",\"url\":\"https:\\\/\\\/strangercam.com\\\/wp-content\\\/uploads\\\/2020\\\/11\\\/stranger-cam-1.png\",\"contentUrl\":\"https:\\\/\\\/strangercam.com\\\/wp-content\\\/uploads\\\/2020\\\/11\\\/stranger-cam-1.png\",\"width\":800,\"height\":800,\"caption\":\"stranger cam random video chat\"},{\"@type\":\"BreadcrumbList\",\"@id\":\"https:\\\/\\\/strangercam.com\\\/cocoland\\\/#breadcrumb\",\"itemListElement\":[{\"@type\":\"ListItem\",\"position\":1,\"name\":\"Home\",\"item\":\"https:\\\/\\\/strangercam.com\\\/\"},{\"@type\":\"ListItem\",\"position\":2,\"name\":\"Cocoland\"}]},{\"@type\":\"WebSite\",\"@id\":\"https:\\\/\\\/strangercam.com\\\/#website\",\"url\":\"https:\\\/\\\/strangercam.com\\\/\",\"name\":\"Strangercam\",\"description\":\"Random Video Chat with Strangers\",\"publisher\":{\"@id\":\"https:\\\/\\\/strangercam.com\\\/#organization\"},\"alternateName\":\"Strangercam.com\",\"potentialAction\":[{\"@type\":\"SearchAction\",\"target\":{\"@type\":\"EntryPoint\",\"urlTemplate\":\"https:\\\/\\\/strangercam.com\\\/?s={search_term_string}\"},\"query-input\":{\"@type\":\"PropertyValueSpecification\",\"valueRequired\":true,\"valueName\":\"search_term_string\"}}],\"inLanguage\":\"da-DK\"},{\"@type\":\"Organization\",\"@id\":\"https:\\\/\\\/strangercam.com\\\/#organization\",\"name\":\"Strangercam\",\"alternateName\":\"Strangercam.com\",\"url\":\"https:\\\/\\\/strangercam.com\\\/\",\"logo\":{\"@type\":\"ImageObject\",\"inLanguage\":\"da-DK\",\"@id\":\"https:\\\/\\\/strangercam.com\\\/#\\\/schema\\\/logo\\\/image\\\/\",\"url\":\"https:\\\/\\\/strangercam.com\\\/wp-content\\\/uploads\\\/2020\\\/11\\\/cropped-new-favicon-black.png\",\"contentUrl\":\"https:\\\/\\\/strangercam.com\\\/wp-content\\\/uploads\\\/2020\\\/11\\\/cropped-new-favicon-black.png\",\"width\":512,\"height\":512,\"caption\":\"Strangercam\"},\"image\":{\"@id\":\"https:\\\/\\\/strangercam.com\\\/#\\\/schema\\\/logo\\\/image\\\/\"},\"sameAs\":[\"https:\\\/\\\/www.facebook.com\\\/strangercam\",\"https:\\\/\\\/x.com\\\/strangercamapp\"]}]}<\/script>\n<!-- \/ Yoast SEO plugin. -->","yoast_head_json":{"title":"Cocoland - Gratis videochat - StrangerCam","description":"Kan du lide Cocoland? Deltag i vores bedste gratis videochatside med piger og fremmede p\u00e5 StrangerCam gratis med Cocoland!","robots":{"index":"index","follow":"follow","max-snippet":"max-snippet:-1","max-image-preview":"max-image-preview:large","max-video-preview":"max-video-preview:-1"},"canonical":"https:\/\/strangercam.com\/da\/cocoland\/","og_locale":"da_DK","og_type":"article","og_title":"Cocoland - Free Video Chat - StrangerCam","og_description":"Like Cocoland? Join our best free video chat site with girls and strangers on StrangerCam for Free with Cocoland!","og_url":"https:\/\/strangercam.com\/da\/cocoland\/","og_site_name":"Strangercam","article_publisher":"https:\/\/www.facebook.com\/strangercam","article_modified_time":"2024-02-07T10:30:33+00:00","og_image":[{"width":800,"height":800,"url":"https:\/\/strangercam.com\/wp-content\/uploads\/2020\/11\/stranger-cam-1.png","type":"image\/png"}],"twitter_card":"summary_large_image","twitter_site":"@strangercamapp","twitter_misc":{"Estimeret l\u00e6setid":"1 minut"},"schema":{"@context":"https:\/\/schema.org","@graph":[{"@type":"WebPage","@id":"https:\/\/strangercam.com\/cocoland\/","url":"https:\/\/strangercam.com\/cocoland\/","name":"Cocoland - Gratis videochat - StrangerCam","isPartOf":{"@id":"https:\/\/strangercam.com\/#website"},"primaryImageOfPage":{"@id":"https:\/\/strangercam.com\/cocoland\/#primaryimage"},"image":{"@id":"https:\/\/strangercam.com\/cocoland\/#primaryimage"},"thumbnailUrl":"https:\/\/strangercam.com\/wp-content\/uploads\/2020\/11\/stranger-cam-1.png","datePublished":"2024-02-07T10:25:43+00:00","dateModified":"2024-02-07T10:30:33+00:00","description":"Kan du lide Cocoland? Deltag i vores bedste gratis videochatside med piger og fremmede p\u00e5 StrangerCam gratis med Cocoland!","breadcrumb":{"@id":"https:\/\/strangercam.com\/cocoland\/#breadcrumb"},"inLanguage":"da-DK","potentialAction":[{"@type":"ReadAction","target":["https:\/\/strangercam.com\/cocoland\/"]}]},{"@type":"ImageObject","inLanguage":"da-DK","@id":"https:\/\/strangercam.com\/cocoland\/#primaryimage","url":"https:\/\/strangercam.com\/wp-content\/uploads\/2020\/11\/stranger-cam-1.png","contentUrl":"https:\/\/strangercam.com\/wp-content\/uploads\/2020\/11\/stranger-cam-1.png","width":800,"height":800,"caption":"stranger cam random video chat"},{"@type":"BreadcrumbList","@id":"https:\/\/strangercam.com\/cocoland\/#breadcrumb","itemListElement":[{"@type":"ListItem","position":1,"name":"Home","item":"https:\/\/strangercam.com\/"},{"@type":"ListItem","position":2,"name":"Cocoland"}]},{"@type":"WebSite","@id":"https:\/\/strangercam.com\/#website","url":"https:\/\/strangercam.com\/","name":"Strangercam","description":"Tilf\u00e6ldig videochat med fremmede","publisher":{"@id":"https:\/\/strangercam.com\/#organization"},"alternateName":"Strangercam.com","potentialAction":[{"@type":"SearchAction","target":{"@type":"EntryPoint","urlTemplate":"https:\/\/strangercam.com\/?s={search_term_string}"},"query-input":{"@type":"PropertyValueSpecification","valueRequired":true,"valueName":"search_term_string"}}],"inLanguage":"da-DK"},{"@type":"Organization","@id":"https:\/\/strangercam.com\/#organization","name":"Strangercam","alternateName":"Strangercam.com","url":"https:\/\/strangercam.com\/","logo":{"@type":"ImageObject","inLanguage":"da-DK","@id":"https:\/\/strangercam.com\/#\/schema\/logo\/image\/","url":"https:\/\/strangercam.com\/wp-content\/uploads\/2020\/11\/cropped-new-favicon-black.png","contentUrl":"https:\/\/strangercam.com\/wp-content\/uploads\/2020\/11\/cropped-new-favicon-black.png","width":512,"height":512,"caption":"Strangercam"},"image":{"@id":"https:\/\/strangercam.com\/#\/schema\/logo\/image\/"},"sameAs":["https:\/\/www.facebook.com\/strangercam","https:\/\/x.com\/strangercamapp"]}]}},"_links":{"self":[{"href":"https:\/\/strangercam.com\/da\/wp-json\/wp\/v2\/pages\/12332","targetHints":{"allow":["GET"]}}],"collection":[{"href":"https:\/\/strangercam.com\/da\/wp-json\/wp\/v2\/pages"}],"about":[{"href":"https:\/\/strangercam.com\/da\/wp-json\/wp\/v2\/types\/page"}],"author":[{"embeddable":true,"href":"https:\/\/strangercam.com\/da\/wp-json\/wp\/v2\/users\/6"}],"replies":[{"embeddable":true,"href":"https:\/\/strangercam.com\/da\/wp-json\/wp\/v2\/comments?post=12332"}],"version-history":[{"count":0,"href":"https:\/\/strangercam.com\/da\/wp-json\/wp\/v2\/pages\/12332\/revisions"}],"wp:featuredmedia":[{"embeddable":true,"href":"https:\/\/strangercam.com\/da\/wp-json\/wp\/v2\/media\/559"}],"wp:attachment":[{"href":"https:\/\/strangercam.com\/da\/wp-json\/wp\/v2\/media?parent=12332"}],"curies":[{"name":"wp","href":"https:\/\/api.w.org\/{rel}","templated":true}]}}