{"id":12326,"date":"2024-02-07T12:11:59","date_gmt":"2024-02-07T10:11:59","guid":{"rendered":"https:\/\/strangercam.com\/?page_id=12326"},"modified":"2024-02-07T12:23:08","modified_gmt":"2024-02-07T10:23:08","slug":"mili","status":"publish","type":"page","link":"https:\/\/strangercam.com\/da\/mili\/","title":{"rendered":"Mili"},"content":{"rendered":"<p>N\u00e5r vi dykker ned i det f\u00e6ngslende univers af tilf\u00e6ldige videochats, har vi opdaget en \u00e6gte ener, som skaber b\u00f8lger internationalt: Mili. Denne platform er hurtigt ved at blive et fristed for personer, der s\u00f8ger autentiske forbindelser og en bred vifte af interaktioner, hvilket markerer en betydelig afvigelse fra den konventionelle live streaming-oplevelse.<\/p>\n<p>Mili udm\u00e6rker sig ved en brugervenlig gr\u00e6nseflade og en stor mangfoldighed af m\u00f8der, hvilket g\u00f8r den til den f\u00f8rende destination for dem, der er ivrige efter at udforske en verden af tilf\u00e6ldig videochat. Uanset om du \u00f8nsker at nyde musik, fordybe dig i spil eller bare finde et sted at <a href=\"https:\/\/strangercam.com\/da\/coomeet\/\">m\u00f8des<\/a> mennesker med f\u00e6lles interesser, s\u00e5 har Mili styr p\u00e5 det. Lad os dykke ned i, hvad der adskiller denne platform fra andre i dagens digitale \u00f8kosystem.<\/p>\n<h2>Hvad er Mili?<\/h2>\n<p>Mili, der ofte blot kaldes Mili, er <strong>Omdannelse af den tilf\u00e6ldige video <a href=\"https:\/\/strangercam.com\/da\/chathub\/\">chat<\/a> scene<\/strong>. Det er et levende knudepunkt, hvor mennesker fra hele verden spontant kan m\u00f8des, dele og engagere sig i en lang r\u00e6kke aktiviteter. Fra sp\u00e6ndende spiloplevelser til f\u00e6ngslende musikalske forestillinger henvender Mili sig til et bredt publikum. Men det slutter ikke der. Platformens brugervenlige design sikrer, at den er tilg\u00e6ngelig for alle med interesse for spontant online-socialt samv\u00e6r.<\/p>\n<p>Det er nemt at navigere p\u00e5 Mili. Uanset om du \u00f8nsker at dele dine hobbyer og talenter eller er p\u00e5 jagt efter sp\u00e6ndende tilf\u00e6ldige chats, udstyrer Mili dig med de n\u00f8dvendige v\u00e6rkt\u00f8jer til en tilfredsstillende oplevelse. Platformens dedikation til at skabe et dynamisk og inkluderende f\u00e6llesskab er tydelig i dens tilgang til at forbinde brugere. Her g\u00e5r interaktionerne ud over blot at se; deltagerne engagerer sig aktivt, bidrager til samtaler og danner forbindelser.<\/p>\n<p>Det, der virkelig f\u00e5r Mili til at skille sig ud, er dens uovertrufne udvalg af interaktioner. Det er ikke begr\u00e6nset til specifikke kategorier som spil eller musik. Kunst, afslappede samtaler og endda uddannelsesm\u00e6ssige diskussioner finder en plads her, hvilket afspejler Mili's forpligtelse til at tilbyde et omfattende videochatmilj\u00f8.<\/p>\n<p>I en tid, hvor digital forbindelse er altafg\u00f8rende, styrker Mili's sofistikerede funktioner, herunder video i h\u00f8j kvalitet, interaktion i realtid og problemfri adgang p\u00e5 tv\u00e6rs af platforme, dens status som f\u00f8rende inden for tilf\u00e6ldig videochat. Det er mere end bare en platform; det er et f\u00e6llesskab, en scene og en helt ny verden, hvor alle kan opdage, dele og komme i kontakt med hinanden.<\/p>\n<p>Mens vi navigerer dybere ind i den digitale indholdsrevolution, er platforme som Mili afg\u00f8rende for at forme, hvordan vi interagerer, udtrykker os og m\u00f8der nye mennesker online. De \u00e6ndrer ikke bare landskabet; de skaber det.<\/p>\n<h2>Er Mili gratis at bruge?<\/h2>\n<p>I den store verden af tilf\u00e6ldige videochatplatforme er en almindelig foresp\u00f8rgsel omkostningerne ved at deltage. Med Mili er vi glade for at kunne meddele, at <strong>adgang til platformen er faktisk gratis<\/strong>. Denne inklusivitet sikrer, at et bredere publikum kan nyde godt af de mange forskellige m\u00f8der, Mili tilbyder, uden \u00f8konomiske forhindringer. Uanset om du er til spil, musik, kunst eller bare er p\u00e5 udkig efter interessante samtaler, tilbyder Mili en lang r\u00e6kke oplevelser uden omkostninger.<\/p>\n<p>Det er dog vigtigt at understrege, at selvom den grundl\u00e6ggende adgang til Mili er gratis, er der premium-muligheder til r\u00e5dighed for dem, der \u00f8nsker en forbedret oplevelse. Disse premium-funktioner kan omfatte avanceret personalisering af brugerprofiler, eksklusiv adgang til specifikke funktioner eller indhold og en mere skr\u00e6ddersyet interaktion med andre brugere. Hvis man v\u00e6lger disse premium-tjenester, kan det kr\u00e6ve et abonnement eller en engangsbetaling, hvilket giver yderligere st\u00f8tte til platformen og beriger f\u00e6llesskabets \u00f8kosystem.<\/p>\n<table>\n<thead>\n<tr>\n<th>Funktion<\/th>\n<th>Adgang<\/th>\n<th>Omkostninger<\/th>\n<\/tr>\n<\/thead>\n<tbody>\n<tr>\n<td>Grundl\u00e6ggende videochat<\/td>\n<td>Gratis<\/td>\n<td>$0<\/td>\n<\/tr>\n<tr>\n<td>Forbedret videokvalitet<\/td>\n<td>Premium<\/td>\n<td>Abonnement<\/td>\n<\/tr>\n<tr>\n<td>Eksklusive funktioner<\/td>\n<td>Premium<\/td>\n<td>Abonnement\/engangsbetaling<\/td>\n<\/tr>\n<tr>\n<td>Muligheder for personlig tilpasning<\/td>\n<td>Premium<\/td>\n<td>Abonnement<\/td>\n<\/tr>\n<\/tbody>\n<\/table>\n<p>Denne model g\u00f8r det muligt for Mili at v\u00e6re inkluderende og tilg\u00e6ngelig for alle, der er interesserede i videochat, samtidig med at den pr\u00e6senterer avancerede funktioner for dem, der s\u00f8ger en opgraderet oplevelse. Det er en afbalanceret tilgang for b\u00e5de brugere og platformen, som fremmer et f\u00e6llesskab, der v\u00e6rds\u00e6tter b\u00e5de tilg\u00e6ngelighed og kvalitetsindhold. Desuden hj\u00e6lper denne strategi Mili med at skille sig ud i det overfyldte rum af sociale onlineplatforme ved at tilbyde noget til alle brugere, fra afslappede chattere til dem, der \u00f8nsker at investere i premium-funktioner.<\/p>\n<h2>S\u00e5dan bruger du Mili<\/h2>\n<p>At begive sig ud p\u00e5 din Mili-rejse er <strong>simpel<\/strong> og <strong>forfriskende<\/strong>, Den er designet til at lade dig fordybe dig i en verden af tilf\u00e6ldige videochats. Her er en enkel guide til at komme i gang med denne engagerende platform.<\/p>\n<p>For det f\u00f8rste skal du downloade Mili-appen fra din enheds app store. Den findes til b\u00e5de iOS og Android, og Mili er kun et par tryk v\u00e6k. N\u00e5r du har installeret appen, er n\u00e6ste skridt at oprette en konto. Du kan tilmelde dig ved hj\u00e6lp af en e-mail eller en konto p\u00e5 et socialt medie, hvilket giver fleksibilitet og bekvemmelighed.<\/p>\n<p>Det er vigtigt at oprette din profil. V\u00e6lg et sp\u00e6ndende brugernavn, upload et profilbillede, og skriv en kort biografi, der afspejler dine interesser, eller hvad du h\u00e5ber at finde p\u00e5 Mili. Dette er din mulighed for at g\u00f8re et mindev\u00e6rdigt f\u00f8rsteh\u00e5ndsindtryk p\u00e5 Mili-f\u00e6llesskabet.<\/p>\n<p>Det er intuitivt at navigere p\u00e5 Mili. Hjemmesiden pr\u00e6senterer et udvalg af live-videostreams p\u00e5 tv\u00e6rs af forskellige kategorier. Uanset om du er interesseret i <strong>spil, musik, kunst,<\/strong> eller blot s\u00f8ger engagerende samtaler, har Mili noget for enhver smag. Med s\u00f8gefunktionen kan du hurtigt finde specifikke typer af chats eller opdage nye baseret p\u00e5 dine interesser.<\/p>\n<p>Hvis du har lyst til at starte din egen videochat, g\u00f8r Mili det utroligt brugervenligt. Du skal blot trykke p\u00e5 videoknappen, v\u00e6lge din chatkategori, hvis det er relevant, oprette en f\u00e6ngslende titel, og s\u00e5 er du live! G\u00e5 i dialog med dine chatpartnere i realtid ved hj\u00e6lp af chatfunktionen, og opfordr dem til at oprette forbindelse til dig for fremtidige interaktioner.<\/p>\n<p>For dem, der er interesseret i premium-funktionerne, vil et bes\u00f8g i indstillingsmenuen afsl\u00f8re muligheder for at forbedre din konto. Disse funktioner lover en beriget chat- og seeroplevelse, fra avancerede personaliseringsmuligheder til eksklusiv adgang til indhold.<\/p>\n<p>Ved at f\u00f8lge disse trin bliver du hurtigt en integreret del af Mili-f\u00e6llesskabet, uanset om du deler dine egne historier eller engagerer dig med andre. Mili tilbyder en verden af muligheder for dem, der s\u00f8ger \u00e6gte forbindelser og forskelligartede interaktioner.<\/p>\n<h2>Hvad er Mili bedst til?<\/h2>\n<p>Mili har hurtigt udviklet sig til en omfattende platform, der d\u00e6kker en lang r\u00e6kke interesser og aktiviteter. Men hvad er Mili egentlig bedst egnet til? Lad os udforske de centrale styrker, der g\u00f8r Mili til en ener inden for tilf\u00e6ldig videochat.<\/p>\n<p>F\u00f8rst og fremmest, <strong>Mili er et fristed for spontane interaktioner<\/strong>. Dens videochatfunktioner i h\u00f8j kvalitet giver brugerne mulighed for at komme i kontakt i realtid og tilbyder en platform til alt fra hurtige chats til dybe samtaler. Uanset om du leder efter spilkammerater, musikalsk samarbejde eller bare et venligt ansigt, er Mili den perfekte baggrund.<\/p>\n<p>For dem, der s\u00f8ger <strong>kreativ inspiration og udstillingsvinduer<\/strong>, Mili skuffer ikke. Kunstnere, musikere og kreative hjerner bruger platformen til at dele liveoptr\u00e6dener, kunstsessioner og interaktive workshops. Det er et livligt sted, hvor skabere og deltagere danner meningsfulde forbindelser.<\/p>\n<p><strong>Uddannelsesm\u00e6ssigt indhold<\/strong> finder ogs\u00e5 et hjem p\u00e5 Mili. Fra sproglige udvekslinger til informative samtaler fungerer platformen som en v\u00e6rdifuld ressource til l\u00e6ring og vidensdeling. Milis interaktive natur forbedrer uddannelsesoplevelsen og muligg\u00f8r foresp\u00f8rgsler og diskussioner i realtid.<\/p>\n<p>Talkshows og live-diskussioner trives p\u00e5 Mili, hvor de giver mulighed for at afholde interviews, debatter og samtaler om en lang r\u00e6kke emner. Disse sessioner skaber ofte en st\u00e6rk f\u00e6llesskabsf\u00f8lelse, der opmuntrer til deltagerinvolvering og pr\u00e6senterer en r\u00e6kke forskellige perspektiver.<\/p>\n<p>Endelig udm\u00e6rker Mili sig inden for streaming af livsstil og underholdning. Fra kulinariske demonstrationer til daglige vlogs og live rejseudforskninger giver Mili et indblik i forskellige livsstile og leverer b\u00e5de underholdning og inspiration.<\/p>\n<p>Mili tjener et bredt spektrum af form\u00e5l, fra spil og kunst til uddannelse og livsstil. Dens alsidighed og kapacitet til at v\u00e6re v\u00e6rt for stort set alle typer videochatindhold g\u00f8r den til en uvurderlig platform for brugere, der \u00f8nsker at udforske, dele og skabe kontakt p\u00e5 nye m\u00e5der.<\/p>\n<h2>Hvilke funktioner tilbyder Mili?<\/h2>\n<p>Mili er i konstant udvikling og sikrer sin plads i spidsen for tilf\u00e6ldig videochat-teknologi. Vores platforms funktioner er omhyggeligt udformet for at give b\u00e5de brugere og deltagere en problemfri, engagerende oplevelse, der skiller sig ud i den digitale sociale sf\u00e6re.<\/p>\n<p><strong>Video i h\u00f8j kvalitet<\/strong> er et grundl\u00e6ggende aspekt af det, der g\u00f8r Mili enest\u00e5ende. Vi prioriterer visuel klarhed og underst\u00f8tter videochats i h\u00f8j opl\u00f8sning for at sikre, at enhver interaktion er s\u00e5 klar og levende som muligt, hvilket g\u00f8r enhver samtale mere engagerende og personlig.<\/p>\n<p><strong>Interaktive funktioner<\/strong> spiller en afg\u00f8rende rolle for Mili's tiltr\u00e6kningskraft. Vores platform g\u00f8r det muligt at interagere i realtid via tekst og video, s\u00e5 brugerne kan komme t\u00e6ttere p\u00e5 hinanden. Det giver en f\u00f8lelse af at h\u00f8re til og \u00f8ger engagementet i chats betydeligt, hvilket g\u00f8r hver session mere livlig og interaktiv.<\/p>\n<p>Bekvemmelighed er ogs\u00e5 et vigtigt fokus. Mili's <strong>brugervenlig gr\u00e6nseflade<\/strong> g\u00f8r det nemt at finde og starte tilf\u00e6ldige videochats. Uanset om du \u00f8nsker at udforske nye samtaler eller engagere dig med kendte ansigter, er det intuitivt og ligetil at navigere gennem platformen.<\/p>\n<p>For dem, der \u00f8nsker at f\u00e5 mest muligt ud af Mili, er der <strong>muligheder for at tjene penge<\/strong>. P\u00e5 forskellige m\u00e5der, f.eks. gennem k\u00f8b i appen eller premium-funktioner, kan brugerne forbedre deres oplevelse eller st\u00f8tte deres yndlingsdeltagere og dermed bidrage til Mili-f\u00e6llesskabets livskraft og b\u00e6redygtighed.<\/p>\n<p>Desuden, <strong>Mobil optimering<\/strong> sikrer, at brugerne kan deltage i videochats n\u00e5r som helst og hvor som helst. Mili's platform er designet til at v\u00e6re fuldt responsiv og tilbyde en problemfri oplevelse p\u00e5 tv\u00e6rs af alle enheder, hvilket betyder, at du aldrig er mere end et par tryk v\u00e6k fra at komme i kontakt med en ny person.<\/p>\n<table>\n<thead>\n<tr>\n<th>Funktion<\/th>\n<th>Beskrivelse<\/th>\n<\/tr>\n<\/thead>\n<tbody>\n<tr>\n<td>Video i h\u00f8j kvalitet<\/td>\n<td>Sikrer krystalklar videokvalitet til alle interaktioner.<\/td>\n<\/tr>\n<tr>\n<td>Interaktive funktioner<\/td>\n<td>Faciliterer engagerende kommunikation i realtid mellem brugerne.<\/td>\n<\/tr>\n<tr>\n<td>Brugervenlig gr\u00e6nseflade<\/td>\n<td>Forenkler processen med at finde og starte videochats.<\/td>\n<\/tr>\n<tr>\n<td>Muligheder for indt\u00e6gtsgenerering<\/td>\n<td>Giver brugerne mulighed for at forbedre deres oplevelse eller st\u00f8tte andre.<\/td>\n<\/tr>\n<tr>\n<td>Mobil optimering<\/td>\n<td>Garanterer en problemfri oplevelse p\u00e5 enhver enhed og muligg\u00f8r forbindelser p\u00e5 farten.<\/td>\n<\/tr>\n<\/tbody>\n<\/table>\n<p>I den dynamiske verden af tilf\u00e6ldige videochats skiller Mili sig ud ved at tilbyde disse unikke funktioner, der henvender sig til b\u00e5de afslappede brugere og dem, der s\u00f8ger dybere forbindelser. Med vores l\u00f8bende engagement i innovation og forbedring forbliver Mili et levende og indbydende f\u00e6llesskab for alle, der \u00f8nsker at udforske verden gennem videochats.<\/p>\n<h2>Alternativer til Mili<\/h2>\n<p>Mens Mili har vist sig at v\u00e6re et kraftcenter i en verden af tilf\u00e6ldige videochats, er den digitale sf\u00e6re rig p\u00e5 variation. For dem, der er interesserede i at udforske lignende platforme, findes der muligheder som <a href=\"https:\/\/strangercam.com\/da\/omegle\/\">Omegle<\/a> og <a href=\"https:\/\/strangercam.com\/da\/chatroulette\/\">Chatroulette<\/a> er velkendte for at facilitere tilf\u00e6ldige videoforbindelser. Hver platform har sine egne unikke funktioner og f\u00e6llesskaber, der im\u00f8dekommer forskellige brugerpr\u00e6ferencer og behov. Uanset om du s\u00f8ger en bred vifte af samtalepartnere eller specifikke typer af interaktioner, giver verdenen af tilf\u00e6ldige videochatplatforme store muligheder for at udforske og skabe forbindelser.<\/p>\n<h2>Ofte stillede sp\u00f8rgsm\u00e5l<\/h2>\n<h3>Hvad er Mili?<\/h3>\n<p>Mili er en tilf\u00e6ldig videochatplatform, der giver brugerne mulighed for at komme i kontakt med andre over hele verden til spontane samtaler og interaktioner, med video i h\u00f8j kvalitet og en brugervenlig gr\u00e6nseflade.<\/p>\n<h3>Hvilken slags interaktioner kan jeg have p\u00e5 Mili?<\/h3>\n<p>Du kan nyde en bred vifte af interaktioner p\u00e5 Mili, fra afslappede samtaler til dybe diskussioner, musikalske udvekslinger og meget mere, alt sammen faciliteret gennem tilf\u00e6ldige videochats.<\/p>\n<h3>Kan jeg interagere med andre brugere p\u00e5 Mili?<\/h3>\n<p>Ja, Mili har interaktive muligheder, der giver brugerne mulighed for at kommunikere direkte med hinanden i realtid, hvilket forbedrer f\u00f8lelsen af forbindelse og f\u00e6llesskab p\u00e5 platformen.<\/p>\n<h3>Hvad f\u00e5r Mili til at skille sig ud i videokvalitet?<\/h3>\n<p>Mili underst\u00f8tter video i h\u00f8j kvalitet for at sikre, at alle interaktioner er klare og engagerende og giver en fordybende oplevelse, der forbedrer hver samtale.<\/p>\n<h3>Hvor brugervenlig er Mili-gr\u00e6nsefladen?<\/h3>\n<p>Mili har en brugervenlig gr\u00e6nseflade, der g\u00f8r det nemt at navigere p\u00e5 platformen, finde nye mennesker at chatte med og starte samtaler hurtigt og effektivt.<\/p>\n<h3>Er der m\u00e5der, hvorp\u00e5 jeg kan st\u00f8tte eller forbedre min oplevelse p\u00e5 Mili?<\/h3>\n<p>Ja, Mili tilbyder forskellige indt\u00e6gtsmuligheder og premiumfunktioner, der giver brugerne mulighed for at forbedre deres chatoplevelse eller st\u00f8tte deres yndlingsdeltagere p\u00e5 platformen.<\/p>\n<h3>Kan jeg bruge Mili p\u00e5 mobile enheder?<\/h3>\n<p>Mili er optimeret til mobile enheder, hvilket sikrer, at brugerne kan nyde tilf\u00e6ldige videochats p\u00e5 farten, n\u00e5r som helst og hvor som helst.<\/p>","protected":false},"excerpt":{"rendered":"<p>Diving into the captivating universe of random video chats, we&#8217;ve discovered a true standout that&#8217;s making waves internationally: Mili. This platform is quickly becoming a sanctuary for individuals seeking authentic connections and a wide array of interactions, marking a significant departure from the conventional live streaming experience. At the heart of its appeal, Mili distinguishes [&hellip;]<\/p>\n","protected":false},"author":6,"featured_media":559,"parent":0,"menu_order":0,"comment_status":"closed","ping_status":"closed","template":"","meta":{"footnotes":""},"class_list":["post-12326","page","type-page","status-publish","has-post-thumbnail","hentry"],"yoast_head":"<!-- This site is optimized with the Yoast SEO plugin v26.9 - https:\/\/yoast.com\/product\/yoast-seo-wordpress\/ -->\n<title>Mili - #1 Video Chat with Girls - StrangerCam<\/title>\n<meta name=\"description\" content=\"Like Mili? Join our number one video chat site with girls and strangers on StrangerCam for Free with Mili!\" \/>\n<meta name=\"robots\" content=\"index, follow, max-snippet:-1, max-image-preview:large, max-video-preview:-1\" \/>\n<link rel=\"canonical\" href=\"https:\/\/strangercam.com\/da\/mili\/\" \/>\n<meta property=\"og:locale\" content=\"da_DK\" \/>\n<meta property=\"og:type\" content=\"article\" \/>\n<meta property=\"og:title\" content=\"Mili - #1 Video Chat with Girls - StrangerCam\" \/>\n<meta property=\"og:description\" content=\"Like Mili? Join our number one video chat site with girls and strangers on StrangerCam for Free with Mili!\" \/>\n<meta property=\"og:url\" content=\"https:\/\/strangercam.com\/da\/mili\/\" \/>\n<meta property=\"og:site_name\" content=\"Strangercam\" \/>\n<meta property=\"article:publisher\" content=\"https:\/\/www.facebook.com\/strangercam\" \/>\n<meta property=\"article:modified_time\" content=\"2024-02-07T10:23:08+00:00\" \/>\n<meta property=\"og:image\" content=\"https:\/\/strangercam.com\/wp-content\/uploads\/2020\/11\/stranger-cam-1.png\" \/>\n\t<meta property=\"og:image:width\" content=\"800\" \/>\n\t<meta property=\"og:image:height\" content=\"800\" \/>\n\t<meta property=\"og:image:type\" content=\"image\/png\" \/>\n<meta name=\"twitter:card\" content=\"summary_large_image\" \/>\n<meta name=\"twitter:site\" content=\"@strangercamapp\" \/>\n<meta name=\"twitter:label1\" content=\"Estimeret l\u00e6setid\" \/>\n\t<meta name=\"twitter:data1\" content=\"9 minutter\" \/>\n<script type=\"application\/ld+json\" class=\"yoast-schema-graph\">{\"@context\":\"https:\/\/schema.org\",\"@graph\":[{\"@type\":\"WebPage\",\"@id\":\"https:\/\/strangercam.com\/mili\/\",\"url\":\"https:\/\/strangercam.com\/mili\/\",\"name\":\"Mili - #1 Video Chat with Girls - StrangerCam\",\"isPartOf\":{\"@id\":\"https:\/\/strangercam.com\/#website\"},\"primaryImageOfPage\":{\"@id\":\"https:\/\/strangercam.com\/mili\/#primaryimage\"},\"image\":{\"@id\":\"https:\/\/strangercam.com\/mili\/#primaryimage\"},\"thumbnailUrl\":\"https:\/\/strangercam.com\/wp-content\/uploads\/2020\/11\/stranger-cam-1.png\",\"datePublished\":\"2024-02-07T10:11:59+00:00\",\"dateModified\":\"2024-02-07T10:23:08+00:00\",\"description\":\"Like Mili? Join our number one video chat site with girls and strangers on StrangerCam for Free with Mili!\",\"breadcrumb\":{\"@id\":\"https:\/\/strangercam.com\/mili\/#breadcrumb\"},\"inLanguage\":\"da-DK\",\"potentialAction\":[{\"@type\":\"ReadAction\",\"target\":[\"https:\/\/strangercam.com\/mili\/\"]}]},{\"@type\":\"ImageObject\",\"inLanguage\":\"da-DK\",\"@id\":\"https:\/\/strangercam.com\/mili\/#primaryimage\",\"url\":\"https:\/\/strangercam.com\/wp-content\/uploads\/2020\/11\/stranger-cam-1.png\",\"contentUrl\":\"https:\/\/strangercam.com\/wp-content\/uploads\/2020\/11\/stranger-cam-1.png\",\"width\":800,\"height\":800,\"caption\":\"stranger cam random video chat\"},{\"@type\":\"BreadcrumbList\",\"@id\":\"https:\/\/strangercam.com\/mili\/#breadcrumb\",\"itemListElement\":[{\"@type\":\"ListItem\",\"position\":1,\"name\":\"Home\",\"item\":\"https:\/\/strangercam.com\/\"},{\"@type\":\"ListItem\",\"position\":2,\"name\":\"Mili\"}]},{\"@type\":\"WebSite\",\"@id\":\"https:\/\/strangercam.com\/#website\",\"url\":\"https:\/\/strangercam.com\/\",\"name\":\"Strangercam\",\"description\":\"Random Video Chat with Strangers\",\"publisher\":{\"@id\":\"https:\/\/strangercam.com\/#organization\"},\"alternateName\":\"Strangercam.com\",\"potentialAction\":[{\"@type\":\"SearchAction\",\"target\":{\"@type\":\"EntryPoint\",\"urlTemplate\":\"https:\/\/strangercam.com\/?s={search_term_string}\"},\"query-input\":{\"@type\":\"PropertyValueSpecification\",\"valueRequired\":true,\"valueName\":\"search_term_string\"}}],\"inLanguage\":\"da-DK\"},{\"@type\":\"Organization\",\"@id\":\"https:\/\/strangercam.com\/#organization\",\"name\":\"Strangercam\",\"alternateName\":\"Strangercam.com\",\"url\":\"https:\/\/strangercam.com\/\",\"logo\":{\"@type\":\"ImageObject\",\"inLanguage\":\"da-DK\",\"@id\":\"https:\/\/strangercam.com\/#\/schema\/logo\/image\/\",\"url\":\"https:\/\/strangercam.com\/wp-content\/uploads\/2020\/11\/cropped-new-favicon-black.png\",\"contentUrl\":\"https:\/\/strangercam.com\/wp-content\/uploads\/2020\/11\/cropped-new-favicon-black.png\",\"width\":512,\"height\":512,\"caption\":\"Strangercam\"},\"image\":{\"@id\":\"https:\/\/strangercam.com\/#\/schema\/logo\/image\/\"},\"sameAs\":[\"https:\/\/www.facebook.com\/strangercam\",\"https:\/\/x.com\/strangercamapp\"]}]}<\/script>\n<!-- \/ Yoast SEO plugin. -->","yoast_head_json":{"title":"Mili - #1 Videochat med piger - StrangerCam","description":"Kan du lide Mili? Deltag i vores f\u00f8rende videochatside med piger og fremmede p\u00e5 StrangerCam gratis med Mili!","robots":{"index":"index","follow":"follow","max-snippet":"max-snippet:-1","max-image-preview":"max-image-preview:large","max-video-preview":"max-video-preview:-1"},"canonical":"https:\/\/strangercam.com\/da\/mili\/","og_locale":"da_DK","og_type":"article","og_title":"Mili - #1 Video Chat with Girls - StrangerCam","og_description":"Like Mili? Join our number one video chat site with girls and strangers on StrangerCam for Free with Mili!","og_url":"https:\/\/strangercam.com\/da\/mili\/","og_site_name":"Strangercam","article_publisher":"https:\/\/www.facebook.com\/strangercam","article_modified_time":"2024-02-07T10:23:08+00:00","og_image":[{"width":800,"height":800,"url":"https:\/\/strangercam.com\/wp-content\/uploads\/2020\/11\/stranger-cam-1.png","type":"image\/png"}],"twitter_card":"summary_large_image","twitter_site":"@strangercamapp","twitter_misc":{"Estimeret l\u00e6setid":"9 minutter"},"schema":{"@context":"https:\/\/schema.org","@graph":[{"@type":"WebPage","@id":"https:\/\/strangercam.com\/mili\/","url":"https:\/\/strangercam.com\/mili\/","name":"Mili - #1 Videochat med piger - StrangerCam","isPartOf":{"@id":"https:\/\/strangercam.com\/#website"},"primaryImageOfPage":{"@id":"https:\/\/strangercam.com\/mili\/#primaryimage"},"image":{"@id":"https:\/\/strangercam.com\/mili\/#primaryimage"},"thumbnailUrl":"https:\/\/strangercam.com\/wp-content\/uploads\/2020\/11\/stranger-cam-1.png","datePublished":"2024-02-07T10:11:59+00:00","dateModified":"2024-02-07T10:23:08+00:00","description":"Kan du lide Mili? Deltag i vores f\u00f8rende videochatside med piger og fremmede p\u00e5 StrangerCam gratis med Mili!","breadcrumb":{"@id":"https:\/\/strangercam.com\/mili\/#breadcrumb"},"inLanguage":"da-DK","potentialAction":[{"@type":"ReadAction","target":["https:\/\/strangercam.com\/mili\/"]}]},{"@type":"ImageObject","inLanguage":"da-DK","@id":"https:\/\/strangercam.com\/mili\/#primaryimage","url":"https:\/\/strangercam.com\/wp-content\/uploads\/2020\/11\/stranger-cam-1.png","contentUrl":"https:\/\/strangercam.com\/wp-content\/uploads\/2020\/11\/stranger-cam-1.png","width":800,"height":800,"caption":"stranger cam random video chat"},{"@type":"BreadcrumbList","@id":"https:\/\/strangercam.com\/mili\/#breadcrumb","itemListElement":[{"@type":"ListItem","position":1,"name":"Home","item":"https:\/\/strangercam.com\/"},{"@type":"ListItem","position":2,"name":"Mili"}]},{"@type":"WebSite","@id":"https:\/\/strangercam.com\/#website","url":"https:\/\/strangercam.com\/","name":"Strangercam","description":"Tilf\u00e6ldig videochat med fremmede","publisher":{"@id":"https:\/\/strangercam.com\/#organization"},"alternateName":"Strangercam.com","potentialAction":[{"@type":"SearchAction","target":{"@type":"EntryPoint","urlTemplate":"https:\/\/strangercam.com\/?s={search_term_string}"},"query-input":{"@type":"PropertyValueSpecification","valueRequired":true,"valueName":"search_term_string"}}],"inLanguage":"da-DK"},{"@type":"Organization","@id":"https:\/\/strangercam.com\/#organization","name":"Strangercam","alternateName":"Strangercam.com","url":"https:\/\/strangercam.com\/","logo":{"@type":"ImageObject","inLanguage":"da-DK","@id":"https:\/\/strangercam.com\/#\/schema\/logo\/image\/","url":"https:\/\/strangercam.com\/wp-content\/uploads\/2020\/11\/cropped-new-favicon-black.png","contentUrl":"https:\/\/strangercam.com\/wp-content\/uploads\/2020\/11\/cropped-new-favicon-black.png","width":512,"height":512,"caption":"Strangercam"},"image":{"@id":"https:\/\/strangercam.com\/#\/schema\/logo\/image\/"},"sameAs":["https:\/\/www.facebook.com\/strangercam","https:\/\/x.com\/strangercamapp"]}]}},"_links":{"self":[{"href":"https:\/\/strangercam.com\/da\/wp-json\/wp\/v2\/pages\/12326","targetHints":{"allow":["GET"]}}],"collection":[{"href":"https:\/\/strangercam.com\/da\/wp-json\/wp\/v2\/pages"}],"about":[{"href":"https:\/\/strangercam.com\/da\/wp-json\/wp\/v2\/types\/page"}],"author":[{"embeddable":true,"href":"https:\/\/strangercam.com\/da\/wp-json\/wp\/v2\/users\/6"}],"replies":[{"embeddable":true,"href":"https:\/\/strangercam.com\/da\/wp-json\/wp\/v2\/comments?post=12326"}],"version-history":[{"count":0,"href":"https:\/\/strangercam.com\/da\/wp-json\/wp\/v2\/pages\/12326\/revisions"}],"wp:featuredmedia":[{"embeddable":true,"href":"https:\/\/strangercam.com\/da\/wp-json\/wp\/v2\/media\/559"}],"wp:attachment":[{"href":"https:\/\/strangercam.com\/da\/wp-json\/wp\/v2\/media?parent=12326"}],"curies":[{"name":"wp","href":"https:\/\/api.w.org\/{rel}","templated":true}]}}