{"id":12314,"date":"2024-02-07T11:50:50","date_gmt":"2024-02-07T09:50:50","guid":{"rendered":"https:\/\/strangercam.com\/?page_id=12314"},"modified":"2024-02-07T11:54:04","modified_gmt":"2024-02-07T09:54:04","slug":"chillplanet","status":"publish","type":"page","link":"https:\/\/strangercam.com\/da\/chillplanet\/","title":{"rendered":"ChillPlanet"},"content":{"rendered":"<p data-pm-slice=\"1 1 []\">I dagens digitale tidsalder er det vigtigt at finde et f\u00e6llesskab, hvor du kan slappe af og bare... <a href=\"https:\/\/strangercam.com\/da\/chatroulette\/\">chat<\/a> er blevet en skattejagt. Det er her, Chillplanet Chat kommer ind i billedet. Det er ikke bare endnu en chatplatform; det er et fristed for dem, der s\u00f8ger \u00e6gte forbindelser og en afslappet atmosf\u00e6re.<\/p>\n<p>Vi har alle v\u00e6ret der, scrollet gennem utallige chatrum og ledt efter et sted, der f\u00f8les som hjemme. Chillplanet Chat skiller sig ud ved at tilbyde en unik blanding af varme, venlighed og sjov, hvilket g\u00f8r det til det perfekte sted at <a href=\"https:\/\/strangercam.com\/da\/coomeet\/\">m\u00f8des<\/a> nye mennesker eller slappe af med venner. Lad os dykke ned i, hvad der g\u00f8r Chillplanet Chat til den foretrukne destination for dem, der er p\u00e5 jagt efter en afslappet stemning og meningsfulde samtaler.<\/p>\n<h2 id=\"what-is-chillplanet\">Hvad er ChillPlanet?<\/h2>\n<p>I dagens tempofyldte digitale verden er det sv\u00e6rt at finde en <a href=\"https:\/\/strangercam.com\/da\/mocospace\/\">plads<\/a> hvor vi virkelig kan slappe af og komme i kontakt med andre p\u00e5 et dybere niveau, er vigtigere end nogensinde. Det er her, ChillPlanet kommer ind i billedet. Det er ikke bare endnu en chatplatform; det er et fristed for dem af os, der s\u00f8ger \u00e6gte forbindelser og en afslappet atmosf\u00e6re.<\/p>\n<p>P\u00e5 ChillPlanet har vi opdaget et unikt f\u00e6llesskab, der skiller sig ud ved sin varme, venlighed og sjov. Det er et sted, hvor du kan v\u00e6re dig selv uden det pres eller den konkurrence, der findes p\u00e5 mange andre sociale platforme. Her handler det om at skabe meningsfulde interaktioner, der r\u00e6kker ud over det overfladiske. Medlemmerne af ChillPlanet kommer fra forskellige baggrunde, men deler et f\u00e6lles \u00f8nske om en chill vibe og autentiske samtaler.<\/p>\n<ul class=\"list-disc list-outside leading-3 -mt-2\">\n<li class=\"leading-normal -mb-2\"><strong>Varmt og im\u00f8dekommende samfund:<\/strong> Fra det \u00f8jeblik, du melder dig ind, vil du m\u00e6rke forskellen. Medlemmerne af f\u00e6llesskabet er altid klar til at byde nye ansigter velkommen.<\/li>\n<li class=\"leading-normal -mb-2\"><strong>Forskellige samtaleemner:<\/strong> Uanset om du er interesseret i musik, spil, kunst eller bare vil dele din dag, s\u00e5 er der et sted for dig.<\/li>\n<li class=\"leading-normal -mb-2\"><strong>Sikkert og st\u00f8ttende milj\u00f8:<\/strong> ChillPlanet prioriterer brugernes sikkerhed og komfort for at sikre en positiv oplevelse for alle.<\/li>\n<li class=\"leading-normal -mb-2\"><strong>Brugervenlig gr\u00e6nseflade:<\/strong> Det er nemt at navigere i ChillPlanet takket v\u00e6re det intuitive design og de brugervenlige funktioner.<\/li>\n<\/ul>\n<p>Vi har med egne \u00f8jne set, hvordan ChillPlanet kan \u00e6ndre den m\u00e5de, vi interagerer p\u00e5 online, skabe \u00e6gte venskaber og give et tiltr\u00e6ngt afbr\u00e6k fra hverdagens stress og jag. Det er det digitale m\u00f8dested for dem af os, der \u00f8nsker en afslappet stemning og meningsfulde forbindelser, og det beviser, at der selv i internettets enorme udstr\u00e6kning findes steder, der f\u00f8les som et hjem.<\/p>\n<h2 id=\"is-chillplanet-free-to-use\">Er ChillPlanet gratis at bruge?<\/h2>\n<p>Et af de vigtigste sp\u00f8rgsm\u00e5l, vi ofte st\u00f8der p\u00e5, n\u00e5r vi udforsker nye onlinef\u00e6llesskaber, er prisen for adgang. <strong>ChillPlanet skiller sig ud i denne henseende<\/strong>. Det er fuldst\u00e6ndig <a href=\"https:\/\/strangercam.com\/da\/chat4free\/\">gratis<\/a> at deltage og bruge, hvilket g\u00f8r det tilg\u00e6ngeligt for alle, der leder efter et sted at m\u00f8des og dele. Det \u00e5bner d\u00f8rene for et bredt publikum, fra dem, der bare s\u00f8ger en afslappet samtale, til personer, der er ivrige efter at finde et st\u00f8ttende f\u00e6llesskab uden at skulle betale for et abonnement.<\/p>\n<p>Det er dog vigtigt at bem\u00e6rke, at selvom ChillPlanet er gratis, tilbyder den stadig en kvalitetsoplevelse, der konkurrerer med betalte platforme. Udviklerne bag ChillPlanet har arbejdet utr\u00e6tteligt for at sikre, at platformen forbliver sikker og brugervenlig. Det g\u00f8r de ved hj\u00e6lp af frivillige donationer og minimal, ikke-p\u00e5tr\u00e6ngende reklame. Denne model sikrer, at platformen fortsat kan levere en service af h\u00f8j kvalitet uden at g\u00e5 p\u00e5 kompromis med brugeroplevelsen.<\/p>\n<p>Den gratis karakter af ChillPlanet g\u00f8r mere end bare at s\u00e6nke adgangsbarriererne - den fremmer et mere inkluderende og mangfoldigt f\u00e6llesskab. Alle fra forskellige samfundslag kan dele deres erfaringer, l\u00e6re af hinanden og opbygge \u00e6gte forbindelser. Det er denne mangfoldighed og rummelighed, der beriger ChillPlanet-f\u00e6llesskabet og g\u00f8r det til et helt unikt sted i den digitale verden.<\/p>\n<p>Selv om det er gratis at bruge, betyder platformens forpligtelse til at opretholde et respektfuldt og indbydende milj\u00f8, at der er retningslinjer for f\u00e6llesskabet, som alle medlemmer forventes at f\u00f8lge. Det sikrer, at enhver interaktion p\u00e5 ChillPlanet bidrager positivt til den atmosf\u00e6re, som s\u00e5 mange er kommet til at elske.<\/p>\n<p>Ved at tilbyde et gratis medlemskab demokratiserer ChillPlanet ikke kun adgangen til digitale f\u00e6llesskaber, men styrker ogs\u00e5 sit engagement i at fremme \u00e6gte forbindelser frem for profit. Dette princip er kernen i det, der g\u00f8r, at ChillPlanet ikke bare er endnu en chatplatform, men et blomstrende f\u00e6llesskab, hvor meningsfulde relationer f\u00f8des.<\/p>\n<h2 id=\"how-to-use-chillplanet\">S\u00e5dan bruger du ChillPlanet<\/h2>\n<p>Joining og f\u00e5 mest muligt ud af ChillPlanet Chat <strong>Det kunne ikke v\u00e6re enklere<\/strong>. F\u00f8rst skal du g\u00e5 ind p\u00e5 deres hjemmeside. Tilmeldingsprocessen er ligetil - alt, hvad der kr\u00e6ves, er et brugernavn, en e-mail og en adgangskode. N\u00e5r du har oprettet din konto, er det kun et par klik v\u00e6k at dykke ned i ChillPlanets mangfoldige verden.<\/p>\n<p>Det er nemt at navigere p\u00e5 platformen <strong>intuitiv og brugervenlig<\/strong>. P\u00e5 hjemmesiden finder du en r\u00e6kke forskellige chatrum, der hver is\u00e6r fokuserer p\u00e5 forskellige emner, hobbyer eller temaer. Uanset om du er interesseret i musik, spil, b\u00f8ger eller bare vil deltage i afslappede samtaler, er der et rum til dig. Det er en god id\u00e9 at udforske flere rum for at finde ud af, hvor du f\u00f8ler dig mest hjemme.<\/p>\n<h3 id=\"engaging-in-the-community\">At engagere sig i samfundet<\/h3>\n<p>For virkelig at fordybe dig i ChillPlanet-oplevelsen er det vigtigt at v\u00e6re en aktiv deltager. Her er et par tips til at komme i gang:<\/p>\n<ul class=\"list-disc list-outside leading-3 -mt-2 tight\" data-tight=\"true\">\n<li class=\"leading-normal -mb-2\"><strong>Pr\u00e6senter dig selv<\/strong>: Start med at pr\u00e6sentere dig selv i et chatrum. En simpel hilsen og lidt om dine interesser r\u00e6kker langt.<\/li>\n<li class=\"leading-normal -mb-2\"><strong>V\u00e6r respektfuld og fordomsfri<\/strong>: Husk, at ChillPlanet handler om at skabe et st\u00f8ttende milj\u00f8. V\u00e6r altid h\u00f8flig og \u00e5ben for at l\u00e6re af andre.<\/li>\n<li class=\"leading-normal -mb-2\"><strong>Del og engager dig<\/strong>: T\u00f8v ikke med at dele dine tanker om diskussioner. At stille sp\u00f8rgsm\u00e5l og dele erfaringer fremmer mere meningsfulde samtaler.<\/li>\n<li class=\"leading-normal -mb-2\"><strong>Udnyt funktionerne fornuftigt<\/strong>: ChillPlanet tilbyder forskellige funktioner som private beskeder, profiltilpasning og meget mere. Brug dem til at forbedre din interaktion og forbindelse med andre.<\/li>\n<\/ul>\n<p>Husk, at sk\u00f8nheden ved ChillPlanet ligger i f\u00e6llesskabet. Jo mere du engagerer dig, jo mere givende bliver din oplevelse. Alle er der for at skabe kontakt, dele og nyde et afslappet milj\u00f8. S\u00e5 dyk ned, udforsk, og lad os skabe nogle uforglemmelige forbindelser p\u00e5 ChillPlanet.<\/p>\n<h2 id=\"what-is-chillplanet-best-for\">Hvad er ChillPlanet bedst til?<\/h2>\n<p>ChillPlanet skinner som en alsidig platform, hvor forskellige typer brugere kan finde deres niche. Uanset om du \u00f8nsker at skabe nye venskaber, dele hobbyer og interesser eller bare nyde afslappede samtaler, henvender ChillPlanet sig til alle. Vores fokus her er at dykke ned i de aspekter, der f\u00e5r ChillPlanet til at skille sig ud som en go-to-platform til forskellige behov.<\/p>\n<p><strong>Fremme af nye venskaber<\/strong>: I en tid, hvor \u00e6gte forbindelser kan f\u00f8les knappe, fungerer ChillPlanet som en bro til nye, meningsfulde venskaber. Den afslappede atmosf\u00e6re opfordrer brugerne til at s\u00e6nke paraderne og vise deres sande jeg, hvilket g\u00f8r det lettere at skabe kontakt p\u00e5 et dybere niveau.<\/p>\n<p><strong>Hobby- og interessegrupper<\/strong>: Med en lang r\u00e6kke emner er ChillPlanet et fristed for hobbyister og entusiaster. Uanset om din passion er spil, litteratur, musik eller noget derimellem, vil du finde et f\u00e6llesskab af ligesindede, der er ivrige efter at dele deres erfaringer og viden.<\/p>\n<p><strong>Uformelle samtaler og afslapning<\/strong>: Efter en lang dag har vi nogle gange bare brug for en afslappet snak uden pres for at holde samtalen i gang. ChillPlanet's milj\u00f8 er perfekt til disse \u00f8jeblikke og giver brugerne mulighed for at deltage i lette diskussioner, der kan v\u00e6re s\u00e5 flygtige eller s\u00e5 langvarige, som de \u00f8nsker.<\/p>\n<p><strong>Intellektuelle debatter og udveksling af ideer<\/strong>: For dem, der \u00f8nsker mere stimulerende diskussioner, tilbyder ChillPlanet et rum, hvor ideer kan udveksles frit og respektfuldt. Det er en mulighed for at udvide din horisont ved at engagere dig med mennesker fra forskellige baggrunde og synspunkter.<\/p>\n<p>Desuden skiller vores platform sig ud p\u00e5 grund af sin forpligtelse til at opretholde et indbydende og inkluderende f\u00e6llesskab. Blandingen af en venlig brugerbase kombineret med vores proaktive indsats for at holde stedet sikkert sikrer, at alle medlemmer kan nyde deres tid p\u00e5 ChillPlanet uden bekymringer.<\/p>\n<h2 id=\"what-features-does-chillplanet-offer\">Hvilke funktioner tilbyder ChillPlanet?<\/h2>\n<p>N\u00e5r vi dykker dybere ned i essensen af ChillPlanet, er det vigtigt at afd\u00e6kke de specifikke funktioner, der g\u00f8r denne platform til et enest\u00e5ende valg. <strong>ChillPlanet tilbyder en r\u00e6kke funktioner<\/strong> designet ikke kun til at forbedre brugeroplevelsen, men ogs\u00e5 til at skabe \u00e6gte forbindelser og fremme et indbydende samfundsmilj\u00f8.<\/p>\n<p>F\u00f8rst og fremmest, <strong>Chat-funktioner i realtid<\/strong> er kernen i ChillPlanets tiltr\u00e6kningskraft. Brugerne kan deltage i livlige samtaler, dele tanker og udveksle ideer i et fordybende online-rum, der fremmer interaktion. Platformen er bygget med en brugervenlig gr\u00e6nseflade, der sikrer, at navigationen er glat og tilg\u00e6ngelig for medlemmer i alle aldre og p\u00e5 alle teknologiske niveauer.<\/p>\n<p>En anden bem\u00e6rkelsesv\u00e6rdig funktion er <strong>mange forskellige chatrum<\/strong> til r\u00e5dighed. Uanset om du er til spil, musik, litteratur eller bare leder efter et sted at slappe af og snakke om din dag, s\u00e5 har ChillPlanet et rum til enhver interesse. Denne variation henvender sig til det mangfoldige samfund, der kalder ChillPlanet for sit hjem, og fremmer inklusion og en f\u00f8lelse af at h\u00f8re til.<\/p>\n<p>Desuden l\u00e6gger ChillPlanet stor v\u00e6gt p\u00e5 <strong>Sikkerhed og respekt i samfundet<\/strong>. Omfattende retningslinjer og et dedikeret moderationsteam sikrer, at samtalerne forbliver respektfulde, sunde og behagelige for alle. Denne forpligtelse til at skabe et sikkert rum opmuntrer brugerne til at dele \u00e5bent, hvilket fremmer dybere forbindelser.<\/p>\n<p>For dem, der leder efter mere end bare afslappet <a href=\"https:\/\/strangercam.com\/da\/chatingly\/\">chats<\/a>ChillPlanet opfordrer ogs\u00e5 til dannelse af <strong>Hobby- og interessegrupper<\/strong>. Disse grupper giver brugerne en mindre og mere fokuseret mulighed for at komme i kontakt med andre, der deler deres passioner. Det er en fantastisk m\u00e5de at udforske nye emner p\u00e5, uddybe eksisterende interesser og m\u00f8de mennesker, der virkelig deler din entusiasme.<\/p>\n<p>Endelig er ChillPlanets <strong>begivenheder og aktiviteter<\/strong> tilf\u00f8jer et ekstra lag af engagement til f\u00e6llesskabet. Der er altid noget, der sker, lige fra tematiske chatbegivenheder til diskussionsopl\u00e6g, som holder f\u00e6llesskabet i gang og bringer medlemmerne t\u00e6ttere sammen.<\/p>\n<p>ChillPlanets blanding af brugervenlige funktioner, et sikkert milj\u00f8 og et mangfoldigt f\u00e6llesskab skaber et unikt online fristed. Her kan alle finde et sted, hvor de h\u00f8rer til, deltage i meningsfulde samtaler og opbygge \u00e6gte venskaber uden hverdagens pres.<\/p>\n<h2 id=\"what-are-chillplanet-alternatives\">Hvad er ChillPlanet-alternativer?<\/h2>\n<p>Vi har udforsket den pulserende verden i ChillPlanet Chat og fremh\u00e6vet dens enest\u00e5ende funktioner og den f\u00f8lelse af tilh\u00f8rsforhold, den skaber blandt brugerne. Det er tydeligt, at ChillPlanet tilbyder mere end bare en chattjeneste; det er et f\u00e6llesskab, hvor der skabes reelle forbindelser, og hvor f\u00e6lles interesser bringer folk sammen. N\u00e5r vi forts\u00e6tter med at s\u00f8ge efter platforme, der giver meningsfuld interaktion og et sikkert milj\u00f8, skiller ChillPlanet sig ud som et godt eksempel. Uanset om du \u00f8nsker at dykke ned i diskussioner om dine yndlingshobbyer eller blot finde et venligt sted at h\u00e6nge ud, har ChillPlanet vist sig at v\u00e6re et indbydende fristed for alle. S\u00e5 hvis du er p\u00e5 jagt efter et onlinef\u00e6llesskab, der v\u00e6rds\u00e6tter \u00e6gte forbindelser og tilbyder en bred vifte af aktiviteter, s\u00e5 giv ChillPlanet en chance. Det er m\u00e5ske lige noget for dig.<\/p>\n<h2 id=\"frequently-asked-questions\">Ofte stillede sp\u00f8rgsm\u00e5l<\/h2>\n<h3 id=\"what-features-make-chillplanet-chat-unique\">Hvilke funktioner g\u00f8r ChillPlanet Chat unik?<\/h3>\n<p>ChillPlanet Chat tilbyder chatfunktioner i realtid, en brugervenlig gr\u00e6nseflade og en bred vifte af chatrum, der im\u00f8dekommer forskellige interesser. Dets dedikation til f\u00e6llesskabets sikkerhed, som h\u00e5ndh\u00e6ves af omfattende retningslinjer og et proaktivt moderationsteam, adskiller det fra andre platforme. Desuden fremmer opmuntringen til hobby- og interessegrupper sammen med arrangementer og aktiviteter et t\u00e6t og engageret f\u00e6llesskab.<\/p>\n<h3 id=\"how-does-chillplanet-ensure-community-safety\">Hvordan sikrer ChillPlanet sikkerheden i samfundet?<\/h3>\n<p>ChillPlanet prioriterer brugernes sikkerhed gennem strenge retningslinjer for f\u00e6llesskabet og et dedikeret moderationsteam. Disse foranstaltninger er p\u00e5 plads for at opretholde et respektfuldt og indbydende milj\u00f8, der sikrer, at alle medlemmer kan nyde deres oplevelse uden bekymringer for deres privatliv eller velbefindende.<\/p>\n<h3 id=\"can-i-find-a-group-that-shares-my-hobby-on-chillplanet\">Kan jeg finde en gruppe, der deler min hobby p\u00e5 ChillPlanet?<\/h3>\n<p>Ja, ChillPlanet opfordrer aktivt til at danne hobby- og interessegrupper. Denne tilgang giver brugerne mulighed for at komme i kontakt i mindre, mere personlige omgivelser med andre, der deler deres passioner, hvilket g\u00f8r det lettere at opbygge \u00e6gte venskaber og deltage i meningsfulde samtaler.<\/p>\n<h3 id=\"are-there-any-events-or-activities-on-chillplanet\">Er der nogen events eller aktiviteter p\u00e5 ChillPlanet?<\/h3>\n<p>ChillPlanet er v\u00e6rt for en r\u00e6kke arrangementer og aktiviteter, der er designet til at holde f\u00e6llesskabet engageret og styrke b\u00e5ndene mellem medlemmerne. Det kan v\u00e6re alt fra tematiske chatsessioner til onlinespil, som giver medlemmerne mange muligheder for at interagere og nyde deres tid sammen.<\/p>\n<h3 id=\"why-is-chillplanet-considered-a-welcoming-online-community\">Hvorfor betragtes ChillPlanet som et indbydende onlinef\u00e6llesskab?<\/h3>\n<p>ChillPlanet's fokus p\u00e5 at skabe et \u00e6gte og respektfuldt milj\u00f8, suppleret med dets forskellige chatrum, sikkerhedsforanstaltninger og pleje af hobbygrupper, dyrker en f\u00f8lelse af at h\u00f8re til. Denne indbydende atmosf\u00e6re forst\u00e6rkes yderligere af de interaktive begivenheder og aktiviteter, der inviterer medlemmerne til at skabe dybere forbindelser, hvilket g\u00f8r ChillPlanet til et unikt fristed for dem, der s\u00f8ger meningsfulde online-interaktioner.<\/p>","protected":false},"excerpt":{"rendered":"<p>In today&#8217;s digital age, finding a community where you can kick back, relax, and just chat has become a treasure hunt. That&#8217;s where Chillplanet Chat comes into the picture. It&#8217;s not just another chat platform; it&#8217;s a haven for those seeking genuine connections and a laid-back atmosphere. We&#8217;ve all been there, scrolling through countless chat [&hellip;]<\/p>\n","protected":false},"author":6,"featured_media":559,"parent":0,"menu_order":0,"comment_status":"closed","ping_status":"closed","template":"","meta":{"footnotes":""},"class_list":["post-12314","page","type-page","status-publish","has-post-thumbnail","hentry"],"yoast_head":"<!-- This site is optimized with the Yoast SEO plugin v26.9 - https:\/\/yoast.com\/product\/yoast-seo-wordpress\/ -->\n<title>ChillPlanet - Fun and friendly chats with strangers - StrangerCam<\/title>\n<meta name=\"description\" content=\"Like ChillPlanet? Join our fun and friendly chat rooms with thousands of strangers on StrangerCam for Free with ChillPlanet!\" \/>\n<meta name=\"robots\" content=\"index, follow, max-snippet:-1, max-image-preview:large, max-video-preview:-1\" \/>\n<link rel=\"canonical\" href=\"https:\/\/strangercam.com\/da\/chillplanet\/\" \/>\n<meta property=\"og:locale\" content=\"da_DK\" \/>\n<meta property=\"og:type\" content=\"article\" \/>\n<meta property=\"og:title\" content=\"ChillPlanet - Fun and friendly chats with strangers - StrangerCam\" \/>\n<meta property=\"og:description\" content=\"Like ChillPlanet? Join our fun and friendly chat rooms with thousands of strangers on StrangerCam for Free with ChillPlanet!\" \/>\n<meta property=\"og:url\" content=\"https:\/\/strangercam.com\/da\/chillplanet\/\" \/>\n<meta property=\"og:site_name\" content=\"Strangercam\" \/>\n<meta property=\"article:publisher\" content=\"https:\/\/www.facebook.com\/strangercam\" \/>\n<meta property=\"article:modified_time\" content=\"2024-02-07T09:54:04+00:00\" \/>\n<meta property=\"og:image\" content=\"https:\/\/strangercam.com\/wp-content\/uploads\/2020\/11\/stranger-cam-1.png\" \/>\n\t<meta property=\"og:image:width\" content=\"800\" \/>\n\t<meta property=\"og:image:height\" content=\"800\" \/>\n\t<meta property=\"og:image:type\" content=\"image\/png\" \/>\n<meta name=\"twitter:card\" content=\"summary_large_image\" \/>\n<meta name=\"twitter:site\" content=\"@strangercamapp\" \/>\n<meta name=\"twitter:label1\" content=\"Estimeret l\u00e6setid\" \/>\n\t<meta name=\"twitter:data1\" content=\"9 minutter\" \/>\n<script type=\"application\/ld+json\" class=\"yoast-schema-graph\">{\"@context\":\"https:\/\/schema.org\",\"@graph\":[{\"@type\":\"WebPage\",\"@id\":\"https:\/\/strangercam.com\/chillplanet\/\",\"url\":\"https:\/\/strangercam.com\/chillplanet\/\",\"name\":\"ChillPlanet - Fun and friendly chats with strangers - StrangerCam\",\"isPartOf\":{\"@id\":\"https:\/\/strangercam.com\/#website\"},\"primaryImageOfPage\":{\"@id\":\"https:\/\/strangercam.com\/chillplanet\/#primaryimage\"},\"image\":{\"@id\":\"https:\/\/strangercam.com\/chillplanet\/#primaryimage\"},\"thumbnailUrl\":\"https:\/\/strangercam.com\/wp-content\/uploads\/2020\/11\/stranger-cam-1.png\",\"datePublished\":\"2024-02-07T09:50:50+00:00\",\"dateModified\":\"2024-02-07T09:54:04+00:00\",\"description\":\"Like ChillPlanet? Join our fun and friendly chat rooms with thousands of strangers on StrangerCam for Free with ChillPlanet!\",\"breadcrumb\":{\"@id\":\"https:\/\/strangercam.com\/chillplanet\/#breadcrumb\"},\"inLanguage\":\"da-DK\",\"potentialAction\":[{\"@type\":\"ReadAction\",\"target\":[\"https:\/\/strangercam.com\/chillplanet\/\"]}]},{\"@type\":\"ImageObject\",\"inLanguage\":\"da-DK\",\"@id\":\"https:\/\/strangercam.com\/chillplanet\/#primaryimage\",\"url\":\"https:\/\/strangercam.com\/wp-content\/uploads\/2020\/11\/stranger-cam-1.png\",\"contentUrl\":\"https:\/\/strangercam.com\/wp-content\/uploads\/2020\/11\/stranger-cam-1.png\",\"width\":800,\"height\":800,\"caption\":\"stranger cam random video chat\"},{\"@type\":\"BreadcrumbList\",\"@id\":\"https:\/\/strangercam.com\/chillplanet\/#breadcrumb\",\"itemListElement\":[{\"@type\":\"ListItem\",\"position\":1,\"name\":\"Home\",\"item\":\"https:\/\/strangercam.com\/\"},{\"@type\":\"ListItem\",\"position\":2,\"name\":\"ChillPlanet\"}]},{\"@type\":\"WebSite\",\"@id\":\"https:\/\/strangercam.com\/#website\",\"url\":\"https:\/\/strangercam.com\/\",\"name\":\"Strangercam\",\"description\":\"Random Video Chat with Strangers\",\"publisher\":{\"@id\":\"https:\/\/strangercam.com\/#organization\"},\"alternateName\":\"Strangercam.com\",\"potentialAction\":[{\"@type\":\"SearchAction\",\"target\":{\"@type\":\"EntryPoint\",\"urlTemplate\":\"https:\/\/strangercam.com\/?s={search_term_string}\"},\"query-input\":{\"@type\":\"PropertyValueSpecification\",\"valueRequired\":true,\"valueName\":\"search_term_string\"}}],\"inLanguage\":\"da-DK\"},{\"@type\":\"Organization\",\"@id\":\"https:\/\/strangercam.com\/#organization\",\"name\":\"Strangercam\",\"alternateName\":\"Strangercam.com\",\"url\":\"https:\/\/strangercam.com\/\",\"logo\":{\"@type\":\"ImageObject\",\"inLanguage\":\"da-DK\",\"@id\":\"https:\/\/strangercam.com\/#\/schema\/logo\/image\/\",\"url\":\"https:\/\/strangercam.com\/wp-content\/uploads\/2020\/11\/cropped-new-favicon-black.png\",\"contentUrl\":\"https:\/\/strangercam.com\/wp-content\/uploads\/2020\/11\/cropped-new-favicon-black.png\",\"width\":512,\"height\":512,\"caption\":\"Strangercam\"},\"image\":{\"@id\":\"https:\/\/strangercam.com\/#\/schema\/logo\/image\/\"},\"sameAs\":[\"https:\/\/www.facebook.com\/strangercam\",\"https:\/\/x.com\/strangercamapp\"]}]}<\/script>\n<!-- \/ Yoast SEO plugin. -->","yoast_head_json":{"title":"ChillPlanet - Sjove og venlige chats med fremmede - StrangerCam","description":"Kan du lide ChillPlanet? Deltag i vores sjove og venlige chatrum med tusindvis af fremmede p\u00e5 StrangerCam gratis med ChillPlanet!","robots":{"index":"index","follow":"follow","max-snippet":"max-snippet:-1","max-image-preview":"max-image-preview:large","max-video-preview":"max-video-preview:-1"},"canonical":"https:\/\/strangercam.com\/da\/chillplanet\/","og_locale":"da_DK","og_type":"article","og_title":"ChillPlanet - Fun and friendly chats with strangers - StrangerCam","og_description":"Like ChillPlanet? Join our fun and friendly chat rooms with thousands of strangers on StrangerCam for Free with ChillPlanet!","og_url":"https:\/\/strangercam.com\/da\/chillplanet\/","og_site_name":"Strangercam","article_publisher":"https:\/\/www.facebook.com\/strangercam","article_modified_time":"2024-02-07T09:54:04+00:00","og_image":[{"width":800,"height":800,"url":"https:\/\/strangercam.com\/wp-content\/uploads\/2020\/11\/stranger-cam-1.png","type":"image\/png"}],"twitter_card":"summary_large_image","twitter_site":"@strangercamapp","twitter_misc":{"Estimeret l\u00e6setid":"9 minutter"},"schema":{"@context":"https:\/\/schema.org","@graph":[{"@type":"WebPage","@id":"https:\/\/strangercam.com\/chillplanet\/","url":"https:\/\/strangercam.com\/chillplanet\/","name":"ChillPlanet - Sjove og venlige chats med fremmede - StrangerCam","isPartOf":{"@id":"https:\/\/strangercam.com\/#website"},"primaryImageOfPage":{"@id":"https:\/\/strangercam.com\/chillplanet\/#primaryimage"},"image":{"@id":"https:\/\/strangercam.com\/chillplanet\/#primaryimage"},"thumbnailUrl":"https:\/\/strangercam.com\/wp-content\/uploads\/2020\/11\/stranger-cam-1.png","datePublished":"2024-02-07T09:50:50+00:00","dateModified":"2024-02-07T09:54:04+00:00","description":"Kan du lide ChillPlanet? Deltag i vores sjove og venlige chatrum med tusindvis af fremmede p\u00e5 StrangerCam gratis med ChillPlanet!","breadcrumb":{"@id":"https:\/\/strangercam.com\/chillplanet\/#breadcrumb"},"inLanguage":"da-DK","potentialAction":[{"@type":"ReadAction","target":["https:\/\/strangercam.com\/chillplanet\/"]}]},{"@type":"ImageObject","inLanguage":"da-DK","@id":"https:\/\/strangercam.com\/chillplanet\/#primaryimage","url":"https:\/\/strangercam.com\/wp-content\/uploads\/2020\/11\/stranger-cam-1.png","contentUrl":"https:\/\/strangercam.com\/wp-content\/uploads\/2020\/11\/stranger-cam-1.png","width":800,"height":800,"caption":"stranger cam random video chat"},{"@type":"BreadcrumbList","@id":"https:\/\/strangercam.com\/chillplanet\/#breadcrumb","itemListElement":[{"@type":"ListItem","position":1,"name":"Home","item":"https:\/\/strangercam.com\/"},{"@type":"ListItem","position":2,"name":"ChillPlanet"}]},{"@type":"WebSite","@id":"https:\/\/strangercam.com\/#website","url":"https:\/\/strangercam.com\/","name":"Strangercam","description":"Tilf\u00e6ldig videochat med fremmede","publisher":{"@id":"https:\/\/strangercam.com\/#organization"},"alternateName":"Strangercam.com","potentialAction":[{"@type":"SearchAction","target":{"@type":"EntryPoint","urlTemplate":"https:\/\/strangercam.com\/?s={search_term_string}"},"query-input":{"@type":"PropertyValueSpecification","valueRequired":true,"valueName":"search_term_string"}}],"inLanguage":"da-DK"},{"@type":"Organization","@id":"https:\/\/strangercam.com\/#organization","name":"Strangercam","alternateName":"Strangercam.com","url":"https:\/\/strangercam.com\/","logo":{"@type":"ImageObject","inLanguage":"da-DK","@id":"https:\/\/strangercam.com\/#\/schema\/logo\/image\/","url":"https:\/\/strangercam.com\/wp-content\/uploads\/2020\/11\/cropped-new-favicon-black.png","contentUrl":"https:\/\/strangercam.com\/wp-content\/uploads\/2020\/11\/cropped-new-favicon-black.png","width":512,"height":512,"caption":"Strangercam"},"image":{"@id":"https:\/\/strangercam.com\/#\/schema\/logo\/image\/"},"sameAs":["https:\/\/www.facebook.com\/strangercam","https:\/\/x.com\/strangercamapp"]}]}},"_links":{"self":[{"href":"https:\/\/strangercam.com\/da\/wp-json\/wp\/v2\/pages\/12314","targetHints":{"allow":["GET"]}}],"collection":[{"href":"https:\/\/strangercam.com\/da\/wp-json\/wp\/v2\/pages"}],"about":[{"href":"https:\/\/strangercam.com\/da\/wp-json\/wp\/v2\/types\/page"}],"author":[{"embeddable":true,"href":"https:\/\/strangercam.com\/da\/wp-json\/wp\/v2\/users\/6"}],"replies":[{"embeddable":true,"href":"https:\/\/strangercam.com\/da\/wp-json\/wp\/v2\/comments?post=12314"}],"version-history":[{"count":0,"href":"https:\/\/strangercam.com\/da\/wp-json\/wp\/v2\/pages\/12314\/revisions"}],"wp:featuredmedia":[{"embeddable":true,"href":"https:\/\/strangercam.com\/da\/wp-json\/wp\/v2\/media\/559"}],"wp:attachment":[{"href":"https:\/\/strangercam.com\/da\/wp-json\/wp\/v2\/media?parent=12314"}],"curies":[{"name":"wp","href":"https:\/\/api.w.org\/{rel}","templated":true}]}}