{"id":12254,"date":"2025-09-29T10:09:11","date_gmt":"2025-09-29T08:09:11","guid":{"rendered":"https:\/\/strangercam.com\/?page_id=12254"},"modified":"2025-09-29T12:07:57","modified_gmt":"2025-09-29T10:07:57","slug":"amerikansk-tilfaeldigt-videoopkald","status":"publish","type":"page","link":"https:\/\/strangercam.com\/da\/american-random-video-call\/","title":{"rendered":"Amerikansk tilf\u00e6ldigt videoopkald"},"content":{"rendered":"<p>Leder du efter en amerikansk tilf\u00e6ldig videoopkaldsplatform? S\u00e5 er du kommet til det rette sted. I 2025 s\u00f8ger tusindvis af mennesker efter m\u00e5der at f\u00e5 \u00f8jeblikkelig kontakt med fremmede i USA - hvad enten det er for at f\u00e5 nye venner, nyde afslappede samtaler eller bare udforske amerikansk kultur online. I mods\u00e6tning til traditionelle datingapps eller sociale netv\u00e6rk giver tilf\u00e6ldige videoopkaldsplatforme dig mulighed for at m\u00f8de rigtige mennesker ansigt til ansigt p\u00e5 bare f\u00e5 sekunder.<\/p>\n<p>Med tjenester som StrangerCam kan du deltage i et tilf\u00e6ldigt amerikansk videoopkald lige nu. Ingen tilmelding, ingen gebyrer, ingen ventetid - bare \u00f8jeblikkelige videosamtaler med folk fra hele USA og andre steder.<\/p>\n<p>Denne guide forklarer alt, hvad du har brug for at vide: hvad amerikanske tilf\u00e6ldige videoopkald er, hvorfor de er popul\u00e6re, hvordan de fungerer, hvilke funktioner du skal kigge efter, en sammenligning af de bedste platforme, sikkerhedstips, og hvorfor StrangerCam er et af de bedste valg i dag.<\/p>\n<h2>Hvad er et amerikansk tilf\u00e6ldigt videoopkald?<\/h2>\n<p>Et amerikansk tilf\u00e6ldigt videoopkald er en en-til-en online video <a href=\"https:\/\/strangercam.com\/da\/chathub\/\">chat<\/a> der s\u00e6tter dig i forbindelse med fremmede i USA. Oplevelsen er enkel:<\/p>\n<ul>\n<li>Du klikker p\u00e5 en knap.<\/li>\n<li>Du bliver straks matchet med en ny person i USA.<\/li>\n<li>Du kan tale ansigt til ansigt ved hj\u00e6lp af dit webkamera og din mikrofon.<\/li>\n<li>Kan du ikke lide kampen? Bare klik p\u00e5 N\u00e6ste for at komme videre.<\/li>\n<\/ul>\n<p>I mods\u00e6tning til datingapps skal man ikke vente p\u00e5 et match eller skrive lange biografier. Det er direkte, sjovt og uforudsigeligt.<\/p>\n<h2>Hvorfor folk elsker amerikanske tilf\u00e6ldige videoopkald<\/h2>\n<p>Det er klart, at det er attraktivt at komme i kontakt med fremmede i USA:<\/p>\n<ul>\n<li>Kulturel nysgerrighed: M\u00f8d amerikanere fra forskellige stater, baggrunde og livsstile.<\/li>\n<li>\u00d8v dig i engelsk: Mange internationale brugere bruger amerikanske tilf\u00e6ldige videoopkald til at forbedre deres sprogf\u00e6rdigheder.<\/li>\n<li>Venskab og flirt: Uanset om du vil have en afslappet samtale eller en legende flirt, er tilf\u00e6ldig chat perfekt.<\/li>\n<li>Spontanitet: Hvert opkald er forskelligt - du ved aldrig, hvem du m\u00f8der n\u00e6ste gang.<\/li>\n<li>Tilg\u00e6ngelighed: Det er gratis, \u00f8jeblikkeligt og kr\u00e6ver ingen tilmelding.<\/li>\n<\/ul>\n<h2>Hvordan fungerer amerikanske tilf\u00e6ldige videoopkald?<\/h2>\n<p>Det tager kun et par skridt:<\/p>\n<ol>\n<li>\u00c5bn platformen (som StrangerCam).<\/li>\n<li>Giv adgang til kamera og mikrofon.<\/li>\n<li>Klik p\u00e5 \"Start videoopkald\".<\/li>\n<li>Bliv \u00f8jeblikkeligt matchet med en fremmed i USA.<\/li>\n<li>Klik p\u00e5 \"N\u00e6ste\" n\u00e5r som helst for at m\u00f8de en ny.<\/li>\n<\/ol>\n<p>S\u00e5dan er det - hurtigt, nemt og altid gratis.<\/p>\n<h2>Funktioner, du skal kigge efter i en amerikansk tilf\u00e6ldig videoopkaldsplatform<\/h2>\n<p>Ikke alle platforme leverer den samme oplevelse. Her er, hvad der er vigtigst:<\/p>\n<ul>\n<li>Filtre for placering: Mulighed for at matche specifikt med brugere i USA.<\/li>\n<li>Fri adgang: Ubegr\u00e6nset brug uden skjulte betalingsmure.<\/li>\n<li>Ingen tilmelding: \u00d8jeblikkelig chat uden konti.<\/li>\n<li>Mobilvenlig: Fungerer problemfrit p\u00e5 iOS og Android.<\/li>\n<li>Sikker moderation: Beskyttelse mod bots og upassende indhold.<\/li>\n<li>Videokvalitet: Klar video og lyd til rigtige forbindelser.<\/li>\n<\/ul>\n<h2>Bedste amerikanske tilf\u00e6ldige videoopkaldsplatforme i 2025<\/h2>\n<p>Her er en sammenligning af de mest popul\u00e6re tjenester i dag:<\/p>\n<table>\n<thead>\n<tr>\n<th>Platform<\/th>\n<th align=\"center\">Fri adgang<\/th>\n<th align=\"center\">USA Beliggenhed Filter<\/th>\n<th align=\"center\">Tilmelding n\u00f8dvendig<\/th>\n<th align=\"center\">Mobil support<\/th>\n<th align=\"center\">Moderation<\/th>\n<th>Noter<\/th>\n<\/tr>\n<\/thead>\n<tbody>\n<tr>\n<td>StrangerCam<\/td>\n<td align=\"center\">\u2705<\/td>\n<td align=\"center\">\u2705 (gratis)<\/td>\n<td align=\"center\">\u274c<\/td>\n<td align=\"center\">\u2705<\/td>\n<td align=\"center\">\u2705<\/td>\n<td>Samlet set bedst: gratis, USA-fokuseret<\/td>\n<\/tr>\n<tr>\n<td><a href=\"https:\/\/strangercam.com\/da\/chatroulette\/\">Chatroulette<\/a><\/td>\n<td align=\"center\">\u2705<\/td>\n<td align=\"center\">\u274c<\/td>\n<td align=\"center\">\u274c<\/td>\n<td align=\"center\">\u2705<\/td>\n<td align=\"center\">\u2705<\/td>\n<td>Klassisk, kun tilf\u00e6ldig<\/td>\n<\/tr>\n<tr>\n<td>Chatrandom<\/td>\n<td align=\"center\">\u2705<\/td>\n<td align=\"center\">\u2705 (Betalt)<\/td>\n<td align=\"center\">\u274c<\/td>\n<td align=\"center\">\u2705<\/td>\n<td align=\"center\">\u2705<\/td>\n<td>Popul\u00e6r, men opgraderinger koster<\/td>\n<\/tr>\n<tr>\n<td><a href=\"https:\/\/strangercam.com\/da\/ometv\/\">OmeTV<\/a><\/td>\n<td align=\"center\">\u2705<\/td>\n<td align=\"center\">\u274c<\/td>\n<td align=\"center\">\u274c<\/td>\n<td align=\"center\">\u2705<\/td>\n<td align=\"center\">\u2705<\/td>\n<td>App-baseret, globalt fokus<\/td>\n<\/tr>\n<tr>\n<td>Shagle<\/td>\n<td align=\"center\">\u2705<\/td>\n<td align=\"center\">\u2705 (Betalt)<\/td>\n<td align=\"center\">\u274c<\/td>\n<td align=\"center\">\u2705<\/td>\n<td align=\"center\">\u2705<\/td>\n<td>Premium-funktioner l\u00e5st<\/td>\n<\/tr>\n<tr>\n<td><a href=\"https:\/\/strangercam.com\/da\/coomeet\/\">CooMeet<\/a><\/td>\n<td align=\"center\">\u274c (Fors\u00f8g)<\/td>\n<td align=\"center\">\u2705<\/td>\n<td align=\"center\">\u2705<\/td>\n<td align=\"center\">\u2705<\/td>\n<td align=\"center\">\u2705<\/td>\n<td>Betalt, med fokus p\u00e5 m\u00e6nd, der m\u00f8der kvinder<\/td>\n<\/tr>\n<\/tbody>\n<\/table>\n<p>StrangerCam er en af de eneste platforme, der tilbyder gratis tilf\u00e6ldige videoopkald specifikt med amerikanere - uden tilmelding og med ubegr\u00e6nset brug.<\/p>\n<h2>Hvorfor StrangerCam er det bedste valg<\/h2>\n<p>Her er grunden til, at StrangerCam er perfekt til alle, der s\u00f8ger efter \"amerikansk tilf\u00e6ldigt videoopkald\":<\/p>\n<ul>\n<li>Helt gratis og ubegr\u00e6nset - ingen pr\u00f8veperioder eller kreditsystemer.<\/li>\n<li>USA Location Matching - M\u00f8d rigtige mennesker i USA.<\/li>\n<li>Ingen tilmelding n\u00f8dvendig - forbliv anonym og start med det samme.<\/li>\n<li>Sikker og modereret - St\u00e6rkere sikkerhed end gamle platforme i Omegle-stil.<\/li>\n<li>Klar til mobil og desktop - fungerer hvor som helst, n\u00e5r som helst.<\/li>\n<li>Mangfoldig brugerbase - M\u00f8d amerikanere fra kyst til kyst.<\/li>\n<\/ul>\n<h2>\u00c6gte brugerudtalelser<\/h2>\n<blockquote><p>\"Jeg ville gerne \u00f8ve mit engelsk og s\u00f8gte efter tilf\u00e6ldige amerikanske videoopkald. StrangerCam satte mig i forbindelse med folk fra New York og Californien p\u00e5 f\u00e5 minutter.\"<br \/>\n- Daniel, 24 \u00e5r (Spanien)<\/p><\/blockquote>\n<blockquote><p>\"Det er s\u00e5 sjovt at m\u00f8de tilf\u00e6ldige amerikanere - nogle gange er det afslappet, andre gange flirtende, men altid sp\u00e6ndende.\"<br \/>\n- Sophia, 21 \u00e5r (Canada)<\/p><\/blockquote>\n<blockquote><p>\"I mods\u00e6tning til andre sider er denne virkelig gratis. Ingen tilmelding, ingen tricks.\"<br \/>\n- Ryan, 29 \u00e5r (USA)<\/p><\/blockquote>\n<blockquote><p>\"Jeg har allerede haft gode samtaler med folk fra Texas, Florida og Chicago. Det f\u00f8les \u00e6gte og trygt.\"<br \/>\n- Leah, 20 \u00e5r (Tyskland)<\/p><\/blockquote>\n<h2>Sikkerhedstips til tilf\u00e6ldige amerikanske videoopkald<\/h2>\n<p>Det er sjovt at chatte med fremmede i USA, men v\u00e6r altid p\u00e5 den sikre side:<\/p>\n<ul>\n<li>Del aldrig personlige oplysninger (telefon, adresse, arbejdsplads).<\/li>\n<li>Undg\u00e5 mist\u00e6nkelige links under chats.<\/li>\n<li>Brug Skip\/Block, hvis nogen g\u00f8r dig utilpas.<\/li>\n<li>Tjek din baggrund, f\u00f8r du t\u00e6nder for dit webcam.<\/li>\n<li>Brug et k\u00e6lenavn i stedet for dit rigtige navn.<\/li>\n<li>Respekter platformens aldersregler - hvis du er under 18, skal du ikke bruge voksenchat.<\/li>\n<\/ul>\n<h2>S\u00e5dan kommer du i gang - trin for trin<\/h2>\n<p>S\u00e5dan starter du dit f\u00f8rste tilf\u00e6ldige amerikanske videoopkald:<\/p>\n<ol>\n<li>\u00c5bn StrangerCam i din browser eller p\u00e5 mobilen.<\/li>\n<li>Giv adgang til kamera og mikrofon.<\/li>\n<li>V\u00e6lg USA-filter (hvis det er tilg\u00e6ngeligt).<\/li>\n<li>Klik p\u00e5 Start chat.<\/li>\n<li>M\u00f8d en fremmed amerikaner med det samme.<\/li>\n<li>Tryk p\u00e5 N\u00e6ste n\u00e5r som helst for at m\u00f8de en ny.<\/li>\n<\/ol>\n<p>I 2025 har eftersp\u00f8rgslen efter tilf\u00e6ldige amerikanske videoopkald aldrig v\u00e6ret st\u00f8rre. Folk over hele verden er nysgerrige efter at komme i kontakt med amerikanere for venskab, sjov og kulturel udveksling.<\/p>\n<p>Platforme som StrangerCam g\u00f8r det nemt: gratis, \u00f8jeblikkelige og sikre videoopkald med rigtige mennesker i USA. Ingen tilmelding, ingen skjulte gebyrer - bare spontane forbindelser med amerikanere med et klik p\u00e5 en knap.<\/p>\n<p>Er du klar til at m\u00f8de en ny person? Start dit amerikanske tilf\u00e6ldige videoopkald i dag, og se, hvem du f\u00e5r kontakt med n\u00e6ste gang.<\/p>","protected":false},"excerpt":{"rendered":"<p>Looking for an American random video call platform? You\u2019re in the right place. In 2025, thousands of people search for ways to connect instantly with strangers in the United States\u2014whether to make new friends, enjoy casual conversations, or simply explore American culture online. Unlike traditional dating apps or social networks, random video call platforms let [&hellip;]<\/p>\n","protected":false},"author":8,"featured_media":0,"parent":0,"menu_order":0,"comment_status":"closed","ping_status":"closed","template":"","meta":{"footnotes":""},"class_list":["post-12254","page","type-page","status-publish","hentry"],"yoast_head":"<!-- This site is optimized with the Yoast SEO plugin v27.4 - https:\/\/yoast.com\/product\/yoast-seo-wordpress\/ -->\n<title>American Random Video Call with Video Chat on Strangercam.com<\/title>\n<meta name=\"description\" content=\"Liking American Random Video Call? Join millions on StrangerCam.com! Start a random video chat, turn on your cam, and meet strangers instantly.\" \/>\n<meta name=\"robots\" content=\"index, follow, max-snippet:-1, max-image-preview:large, max-video-preview:-1\" \/>\n<link rel=\"canonical\" href=\"https:\/\/strangercam.com\/da\/amerikansk-tilfaeldigt-videoopkald\/\" \/>\n<meta property=\"og:locale\" content=\"da_DK\" \/>\n<meta property=\"og:type\" content=\"article\" \/>\n<meta property=\"og:title\" content=\"American Random Video Call with Video Chat on Strangercam.com\" \/>\n<meta property=\"og:description\" content=\"Liking American Random Video Call? Join millions on StrangerCam.com! Start a random video chat, turn on your cam, and meet strangers instantly.\" \/>\n<meta property=\"og:url\" content=\"https:\/\/strangercam.com\/da\/amerikansk-tilfaeldigt-videoopkald\/\" \/>\n<meta property=\"og:site_name\" content=\"Strangercam\" \/>\n<meta property=\"article:publisher\" content=\"https:\/\/www.facebook.com\/strangercam\" \/>\n<meta property=\"article:modified_time\" content=\"2025-09-29T10:07:57+00:00\" \/>\n<meta property=\"og:image\" content=\"https:\/\/strangercam.com\/wp-content\/uploads\/2021\/10\/Untitled-2.png\" \/>\n\t<meta property=\"og:image:width\" content=\"800\" \/>\n\t<meta property=\"og:image:height\" content=\"532\" \/>\n\t<meta property=\"og:image:type\" content=\"image\/png\" \/>\n<meta name=\"twitter:card\" content=\"summary_large_image\" \/>\n<meta name=\"twitter:site\" content=\"@strangercamapp\" \/>\n<meta name=\"twitter:label1\" content=\"Estimeret l\u00e6setid\" \/>\n\t<meta name=\"twitter:data1\" content=\"4 minutter\" \/>\n<script type=\"application\/ld+json\" class=\"yoast-schema-graph\">{\"@context\":\"https:\\\/\\\/schema.org\",\"@graph\":[{\"@type\":\"WebPage\",\"@id\":\"https:\\\/\\\/strangercam.com\\\/american-random-video-call\\\/\",\"url\":\"https:\\\/\\\/strangercam.com\\\/american-random-video-call\\\/\",\"name\":\"American Random Video Call with Video Chat on Strangercam.com\",\"isPartOf\":{\"@id\":\"https:\\\/\\\/strangercam.com\\\/#website\"},\"datePublished\":\"2025-09-29T08:09:11+00:00\",\"dateModified\":\"2025-09-29T10:07:57+00:00\",\"description\":\"Liking American Random Video Call? Join millions on StrangerCam.com! Start a random video chat, turn on your cam, and meet strangers instantly.\",\"breadcrumb\":{\"@id\":\"https:\\\/\\\/strangercam.com\\\/american-random-video-call\\\/#breadcrumb\"},\"inLanguage\":\"da-DK\",\"potentialAction\":[{\"@type\":\"ReadAction\",\"target\":[\"https:\\\/\\\/strangercam.com\\\/american-random-video-call\\\/\"]}]},{\"@type\":\"BreadcrumbList\",\"@id\":\"https:\\\/\\\/strangercam.com\\\/american-random-video-call\\\/#breadcrumb\",\"itemListElement\":[{\"@type\":\"ListItem\",\"position\":1,\"name\":\"Home\",\"item\":\"https:\\\/\\\/strangercam.com\\\/\"},{\"@type\":\"ListItem\",\"position\":2,\"name\":\"American Random Video Call\"}]},{\"@type\":\"WebSite\",\"@id\":\"https:\\\/\\\/strangercam.com\\\/#website\",\"url\":\"https:\\\/\\\/strangercam.com\\\/\",\"name\":\"Strangercam\",\"description\":\"Random Video Chat with Strangers\",\"publisher\":{\"@id\":\"https:\\\/\\\/strangercam.com\\\/#organization\"},\"alternateName\":\"Strangercam.com\",\"potentialAction\":[{\"@type\":\"SearchAction\",\"target\":{\"@type\":\"EntryPoint\",\"urlTemplate\":\"https:\\\/\\\/strangercam.com\\\/?s={search_term_string}\"},\"query-input\":{\"@type\":\"PropertyValueSpecification\",\"valueRequired\":true,\"valueName\":\"search_term_string\"}}],\"inLanguage\":\"da-DK\"},{\"@type\":\"Organization\",\"@id\":\"https:\\\/\\\/strangercam.com\\\/#organization\",\"name\":\"Strangercam\",\"alternateName\":\"Strangercam.com\",\"url\":\"https:\\\/\\\/strangercam.com\\\/\",\"logo\":{\"@type\":\"ImageObject\",\"inLanguage\":\"da-DK\",\"@id\":\"https:\\\/\\\/strangercam.com\\\/#\\\/schema\\\/logo\\\/image\\\/\",\"url\":\"https:\\\/\\\/strangercam.com\\\/wp-content\\\/uploads\\\/2020\\\/11\\\/cropped-new-favicon-black.png\",\"contentUrl\":\"https:\\\/\\\/strangercam.com\\\/wp-content\\\/uploads\\\/2020\\\/11\\\/cropped-new-favicon-black.png\",\"width\":512,\"height\":512,\"caption\":\"Strangercam\"},\"image\":{\"@id\":\"https:\\\/\\\/strangercam.com\\\/#\\\/schema\\\/logo\\\/image\\\/\"},\"sameAs\":[\"https:\\\/\\\/www.facebook.com\\\/strangercam\",\"https:\\\/\\\/x.com\\\/strangercamapp\"]}]}<\/script>\n<!-- \/ Yoast SEO plugin. -->","yoast_head_json":{"title":"Amerikansk tilf\u00e6ldigt videoopkald med videochat p\u00e5 Strangercam.com","description":"Kan du lide amerikanske tilf\u00e6ldige videoopkald? Join millioner p\u00e5 StrangerCam.com! Start en tilf\u00e6ldig videochat, t\u00e6nd for dit kamera, og m\u00f8d fremmede med det samme.","robots":{"index":"index","follow":"follow","max-snippet":"max-snippet:-1","max-image-preview":"max-image-preview:large","max-video-preview":"max-video-preview:-1"},"canonical":"https:\/\/strangercam.com\/da\/amerikansk-tilfaeldigt-videoopkald\/","og_locale":"da_DK","og_type":"article","og_title":"American Random Video Call with Video Chat on Strangercam.com","og_description":"Liking American Random Video Call? Join millions on StrangerCam.com! Start a random video chat, turn on your cam, and meet strangers instantly.","og_url":"https:\/\/strangercam.com\/da\/amerikansk-tilfaeldigt-videoopkald\/","og_site_name":"Strangercam","article_publisher":"https:\/\/www.facebook.com\/strangercam","article_modified_time":"2025-09-29T10:07:57+00:00","og_image":[{"width":800,"height":532,"url":"https:\/\/strangercam.com\/wp-content\/uploads\/2021\/10\/Untitled-2.png","type":"image\/png"}],"twitter_card":"summary_large_image","twitter_site":"@strangercamapp","twitter_misc":{"Estimeret l\u00e6setid":"4 minutter"},"schema":{"@context":"https:\/\/schema.org","@graph":[{"@type":"WebPage","@id":"https:\/\/strangercam.com\/american-random-video-call\/","url":"https:\/\/strangercam.com\/american-random-video-call\/","name":"Amerikansk tilf\u00e6ldigt videoopkald med videochat p\u00e5 Strangercam.com","isPartOf":{"@id":"https:\/\/strangercam.com\/#website"},"datePublished":"2025-09-29T08:09:11+00:00","dateModified":"2025-09-29T10:07:57+00:00","description":"Kan du lide amerikanske tilf\u00e6ldige videoopkald? Join millioner p\u00e5 StrangerCam.com! Start en tilf\u00e6ldig videochat, t\u00e6nd for dit kamera, og m\u00f8d fremmede med det samme.","breadcrumb":{"@id":"https:\/\/strangercam.com\/american-random-video-call\/#breadcrumb"},"inLanguage":"da-DK","potentialAction":[{"@type":"ReadAction","target":["https:\/\/strangercam.com\/american-random-video-call\/"]}]},{"@type":"BreadcrumbList","@id":"https:\/\/strangercam.com\/american-random-video-call\/#breadcrumb","itemListElement":[{"@type":"ListItem","position":1,"name":"Home","item":"https:\/\/strangercam.com\/"},{"@type":"ListItem","position":2,"name":"American Random Video Call"}]},{"@type":"WebSite","@id":"https:\/\/strangercam.com\/#website","url":"https:\/\/strangercam.com\/","name":"Strangercam","description":"Tilf\u00e6ldig videochat med fremmede","publisher":{"@id":"https:\/\/strangercam.com\/#organization"},"alternateName":"Strangercam.com","potentialAction":[{"@type":"SearchAction","target":{"@type":"EntryPoint","urlTemplate":"https:\/\/strangercam.com\/?s={search_term_string}"},"query-input":{"@type":"PropertyValueSpecification","valueRequired":true,"valueName":"search_term_string"}}],"inLanguage":"da-DK"},{"@type":"Organization","@id":"https:\/\/strangercam.com\/#organization","name":"Strangercam","alternateName":"Strangercam.com","url":"https:\/\/strangercam.com\/","logo":{"@type":"ImageObject","inLanguage":"da-DK","@id":"https:\/\/strangercam.com\/#\/schema\/logo\/image\/","url":"https:\/\/strangercam.com\/wp-content\/uploads\/2020\/11\/cropped-new-favicon-black.png","contentUrl":"https:\/\/strangercam.com\/wp-content\/uploads\/2020\/11\/cropped-new-favicon-black.png","width":512,"height":512,"caption":"Strangercam"},"image":{"@id":"https:\/\/strangercam.com\/#\/schema\/logo\/image\/"},"sameAs":["https:\/\/www.facebook.com\/strangercam","https:\/\/x.com\/strangercamapp"]}]}},"_links":{"self":[{"href":"https:\/\/strangercam.com\/da\/wp-json\/wp\/v2\/pages\/12254","targetHints":{"allow":["GET"]}}],"collection":[{"href":"https:\/\/strangercam.com\/da\/wp-json\/wp\/v2\/pages"}],"about":[{"href":"https:\/\/strangercam.com\/da\/wp-json\/wp\/v2\/types\/page"}],"author":[{"embeddable":true,"href":"https:\/\/strangercam.com\/da\/wp-json\/wp\/v2\/users\/8"}],"replies":[{"embeddable":true,"href":"https:\/\/strangercam.com\/da\/wp-json\/wp\/v2\/comments?post=12254"}],"version-history":[{"count":2,"href":"https:\/\/strangercam.com\/da\/wp-json\/wp\/v2\/pages\/12254\/revisions"}],"predecessor-version":[{"id":13051,"href":"https:\/\/strangercam.com\/da\/wp-json\/wp\/v2\/pages\/12254\/revisions\/13051"}],"wp:attachment":[{"href":"https:\/\/strangercam.com\/da\/wp-json\/wp\/v2\/media?parent=12254"}],"curies":[{"name":"wp","href":"https:\/\/api.w.org\/{rel}","templated":true}]}}