{"id":11954,"date":"2025-07-24T09:21:22","date_gmt":"2025-07-24T07:21:22","guid":{"rendered":"https:\/\/strangercam.com\/?page_id=11954"},"modified":"2025-07-24T09:26:04","modified_gmt":"2025-07-24T07:26:04","slug":"luckycrush","status":"publish","type":"page","link":"https:\/\/strangercam.com\/da\/luckycrush\/","title":{"rendered":"LuckyCrush"},"content":{"rendered":"<p>I en verden med endel\u00f8s swiping og overfladiske tekstchats ryster platforme som LuckyCrush online dating og tilf\u00e6ldig videochat ved at fokusere p\u00e5 live, en-til-en forbindelser med fremmede af det modsatte k\u00f8n. LuckyCrush er ikke bare endnu en <a href=\"https:\/\/strangercam.com\/da\/bazoocam\/\">cam<\/a> chatsite - det er en unik, gamificeret platform, der er designet til at parre m\u00e6nd med kvinder (og omvendt) fra hele verden til \u00f8jeblikkelige, private videosamtaler, der ofte sl\u00f8rer gr\u00e6nserne mellem speeddating og flirtende webcam. <a href=\"https:\/\/strangercam.com\/da\/chatroulette\/\">roulette<\/a>.<\/p>\n<p>Men er LuckyCrush den \u00e6gte vare? Hvordan fungerer det, hvem er det for, og er det din tid og dine penge v\u00e6rd? Denne grundige gennemgang d\u00e6kker alt, hvad du har brug for at vide om LuckyCrush i 2025: dens funktioner, brugerbase, priser, sikkerhed, og hvordan den klarer sig i forhold til den voksende m\u00e6ngde af videochatsider.<\/p>\n<h2>Hvad er LuckyCrush?<\/h2>\n<p>LuckyCrush er et innovativt tilf\u00e6ldigt videochat-websted, der forbinder m\u00e6nd og kvinder i live, private, en-til-en videoopkald. I mods\u00e6tning til de fleste tilf\u00e6ldige chatplatforme, der matcher hvem som helst med hvem som helst, forbinder LuckyCrush kun m\u00e6nd med kvinder og kvinder med m\u00e6nd, hvilket skaber et milj\u00f8, der er lige dele flirt, dating og sjov.<\/p>\n<p>Platformen er browserbaseret, fungerer globalt og lover \u00f8jeblikkelig adgang - ingen langvarig tilmelding, ingen swiping og ingen profiler, der skal udfyldes. Uanset om du s\u00f8ger en hurtig flirt, en ny ven eller endda en digital romance, leverer LuckyCrush en moderne udgave af speeddating med video i realtid.<\/p>\n<h2>Hvad er form\u00e5let med LuckyCrush?<\/h2>\n<p>LuckyCrush blev skabt for at afhj\u00e6lpe to store huller i online chat- og datingverdenen:<\/p>\n<ul>\n<li>Manglen p\u00e5 \u00e6gte match mellem m\u00e6nd og kvinder p\u00e5 de fleste tilf\u00e6ldige chatsider<\/li>\n<li>Eftersp\u00f8rgslen efter spontane, uskrevne og personlige videointeraktioner<\/li>\n<\/ul>\n<p>Missionen er at g\u00f8re det hurtigt og ubesv\u00e6ret at m\u00f8de og flirte med singler over hele verden i et format, der f\u00f8les som en blanding af speeddating og den oprindelige chatroulette - men skr\u00e6ddersyet til folk, der leder efter kemi, ikke bare afslappet samtale.<\/p>\n<p>Uanset om du vil have det sjovt, flirte, \u00f8ve dig p\u00e5 et andet sprog eller skabe nye forbindelser fra forskellige kulturer, s\u00e5 g\u00f8r LuckyCrush det muligt p\u00e5 f\u00e5 sekunder.<\/p>\n<h2>Vigtige funktioner<\/h2>\n<p>1. En-til-en videochat, altid mand-kvinde<br \/>\nLuckyCrushs kernefunktion er dens k\u00f8nsbestemte parringsalgoritme: M\u00e6nd bliver altid matchet med kvinder og vice versa. Dette er unikt blandt <a href=\"https:\/\/strangercam.com\/da\/cam-til-cam-chat\/\">cam chat<\/a> platforme og hj\u00e6lper med at opretholde balance og engagement.<\/p>\n<p>2. \u00d8jeblikkelig matchning, ingen registrering p\u00e5kr\u00e6vet<br \/>\nDu kan begynde at chatte med det samme, n\u00e5r du har valgt dit k\u00f8n. Processen er \u00f8jeblikkelig og anonym - ingen langvarig tilmelding eller bekr\u00e6ftelse er n\u00f8dvendig.<\/p>\n<p>3. Hurtig overspringshandling og tilf\u00e6ldig parring<br \/>\nHvis du ikke er tilfreds med dit match, skal du bare klikke p\u00e5 \"N\u00e6ste\" for at f\u00e5 en ny forbindelse. Der er ingen straf for at springe over og ingen ventetid i k\u00f8er.<\/p>\n<p>4. Global r\u00e6kkevidde<br \/>\nLuckyCrush er virkelig international og forbinder mennesker fra over 100 lande. Det g\u00f8r det til et fantastisk sted for tv\u00e6rkulturelle samtaler, sprogudveksling eller bare for at se, hvordan dating er i andre dele af verden.<\/p>\n<p>5. Indbygget tekstchat<br \/>\nUd over video kan du ogs\u00e5 sende tekstbeskeder i chatvinduet. Det er nyttigt til at bryde isen, dele links eller kommunikere p\u00e5 et andet sprog.<\/p>\n<p>6. Anonymitet og privatliv<br \/>\nDu beh\u00f8ver aldrig at opgive dit rigtige navn, din e-mail eller personlige oplysninger. Kun dit webkamera er p\u00e5kr\u00e6vet, og du forbliver anonym, indtil du v\u00e6lger at dele mere.<\/p>\n<p>7. Betalte og gratis muligheder<br \/>\nNye brugere f\u00e5r gratis pr\u00f8veminutter til at teste platformen. Derefter kr\u00e6ver fortsat chat k\u00f8b af kreditter eller minutter, hvilket g\u00f8r LuckyCrush til en tjeneste, hvor man betaler pr. minut efter den f\u00f8rste pr\u00f8veperiode.<\/p>\n<h2>Er LuckyCrush gratis?<\/h2>\n<p>LuckyCrush er gratis at pr\u00f8ve - alle nye brugere f\u00e5r et par minutters gratis chattid til at opleve platformen. Men for at forts\u00e6tte med at chatte efter pr\u00f8veperioden skal brugerne k\u00f8be kreditter, som bruges p\u00e5 minutbasis under videochats.<\/p>\n<p>Platformens prismodel sikrer \u00e6gte brugere og modvirker bots, spam og trolling. Betalte funktioner omfatter:<\/p>\n<ul>\n<li>Fortsat videochat efter pr\u00f8veperioden<\/li>\n<li>Ubegr\u00e6nset adgang til nye kampe<\/li>\n<li>Matchning med h\u00f8jere prioritet<\/li>\n<\/ul>\n<p>Priserne er konkurrencedygtige for branchen og vises tydeligt p\u00e5 hjemmesiden. Der er ofte bonuspakker og s\u00e6sonbestemte tilbud, som giver ekstra v\u00e6rdi.<\/p>\n<h2>Hvem bruger LuckyCrush?<\/h2>\n<p>LuckyCrush har hurtigt f\u00e5et en mangfoldig, international brugerbase, der omfatter:<\/p>\n<ul>\n<li>M\u00e6nd og kvinder i alderen 18-40 \u00e5r (st\u00f8rstedelen er 18-35 \u00e5r)<\/li>\n<li>Brugere fra Nordamerika, Europa, Sydamerika, Indien, Tyrkiet, Syd\u00f8stasien m.fl.<\/li>\n<li>Folk, der s\u00f8ger sjove, flirtende eller endda romantiske videom\u00f8der<\/li>\n<li>Sprogstuderende, rejsende og dem, der er nysgerrige p\u00e5 andre kulturer<\/li>\n<\/ul>\n<p>LuckyCrush appellerer is\u00e6r til singler, expats og folk, der leder efter en oplevelse, der blander speeddating og sp\u00e6ndingen ved tilf\u00e6ldig, levende interaktion. Da m\u00e6nd og kvinder altid parres sammen, er k\u00f8nsfordelingen mere afbalanceret end p\u00e5 de fleste tilf\u00e6ldige cam-sider.<\/p>\n<h2>Sikkerhed, privatliv og moderation<\/h2>\n<p>LuckyCrush er designet til at v\u00e6re s\u00e5 sikker og privat som muligt for en live cam-platform:<\/p>\n<h3>Privatlivets fred<\/h3>\n<ul>\n<li>Ingen navne, e-mails eller sociale konti p\u00e5kr\u00e6vet<\/li>\n<li>Kun adgang til webcam\/mikrofon er n\u00f8dvendig for at chatte<\/li>\n<li>Der oprettes ingen profil, medmindre du vil gemme kampe<\/li>\n<\/ul>\n<h3>Moderation<\/h3>\n<ul>\n<li>Rapport- og blokeringsv\u00e6rkt\u00f8jer er altid tilg\u00e6ngelige<\/li>\n<li>Menneskelig moderation hj\u00e6lper med at fjerne voldelige, spammende eller falske brugere<\/li>\n<li>Retningslinjer for f\u00e6llesskabet fremmer respektfuld flirt og positiv adf\u00e6rd<\/li>\n<li>Is\u00e6r kvindelige brugere nyder godt af ekstra sikkerhedsv\u00e6rkt\u00f8jer til at blokere eller rapportere chikane<\/li>\n<\/ul>\n<h3>Brugerkontrol<\/h3>\n<ul>\n<li>Spring over eller afslut en chat med det samme<\/li>\n<li>Del s\u00e5 mange eller s\u00e5 f\u00e5 personlige oplysninger, som du vil<\/li>\n<li>Kontroller kamera- og mikrofontilladelser til enhver tid<\/li>\n<\/ul>\n<p>LuckyCrush er kun for voksne (18+), og brugerne r\u00e5des til aldrig at dele f\u00f8lsomme oplysninger eller flytte til andre platforme, f\u00f8r de er trygge ved det.<\/p>\n<h2>Brugeroplevelse og design<\/h2>\n<p>LuckyCrush er en af de mest polerede og brugervenlige tilf\u00e6ldige videochatsider:<\/p>\n<ul>\n<li>Hjemmesiden har en tydelig startknap og valg af k\u00f8n<\/li>\n<li>Videochatvinduer er store og responsive og fungerer p\u00e5 b\u00e5de desktop- og mobilbrowsere<\/li>\n<li>Kontrollerne til at springe over, sl\u00e5 lyden fra, rapportere og afslutte chats er intuitive og lette at finde<\/li>\n<li>Minimale indl\u00e6sningstider og n\u00e6sten \u00f8jeblikkelig matchning mellem brugere<\/li>\n<li>Enkelt, overskueligt layout med tydelig prisinformation og hj\u00e6lperessourcer<\/li>\n<\/ul>\n<p>Siden er optimeret til hastighed og privatliv uden irriterende reklamer eller pop-ups, der g\u00f8r dig langsommere.<\/p>\n<h2>LuckyCrush vs. andre videochatsider<\/h2>\n<p>Hvordan er LuckyCrush sammenlignet med andre top cam chat og tilf\u00e6ldige video dating sider?<\/p>\n<table>\n<thead>\n<tr>\n<th>Funktion<\/th>\n<th>LuckyCrush<\/th>\n<th><a href=\"https:\/\/strangercam.com\/da\/omegle\/\">Omegle<\/a> (lukket)<\/th>\n<th>Chatrandom<\/th>\n<th><a href=\"https:\/\/strangercam.com\/da\/coomeet\/\">CooMeet<\/a><\/th>\n<th>Chatspin<\/th>\n<\/tr>\n<\/thead>\n<tbody>\n<tr>\n<td>Matchning af k\u00f8n<\/td>\n<td>Ja<\/td>\n<td>Nej<\/td>\n<td>Nej<\/td>\n<td>Ja<\/td>\n<td>Ja<\/td>\n<\/tr>\n<tr>\n<td>Tilmelding n\u00f8dvendig<\/td>\n<td>Nej<\/td>\n<td>Nej<\/td>\n<td>Valgfrit<\/td>\n<td>Ja<\/td>\n<td>Valgfrit<\/td>\n<\/tr>\n<tr>\n<td>Gratis at bruge<\/td>\n<td>Kun p\u00e5 pr\u00f8ve<\/td>\n<td>Ja<\/td>\n<td>Ja\/betalt<\/td>\n<td>Kun p\u00e5 pr\u00f8ve<\/td>\n<td>Ja\/betalt<\/td>\n<\/tr>\n<tr>\n<td>En-til-en videochat<\/td>\n<td>Ja<\/td>\n<td>Ja<\/td>\n<td>Ja<\/td>\n<td>Ja<\/td>\n<td>Ja<\/td>\n<\/tr>\n<tr>\n<td>International d\u00e6kning<\/td>\n<td>Ja<\/td>\n<td>Ja<\/td>\n<td>Ja<\/td>\n<td>Ja<\/td>\n<td>Ja<\/td>\n<\/tr>\n<tr>\n<td>Betalte opgraderinger<\/td>\n<td>Ja<\/td>\n<td>Nej<\/td>\n<td>Ja<\/td>\n<td>Ja<\/td>\n<td>Ja<\/td>\n<\/tr>\n<tr>\n<td>Moderationsv\u00e6rkt\u00f8jer<\/td>\n<td>St\u00e6rk<\/td>\n<td>Grundl\u00e6ggende<\/td>\n<td>Moderat<\/td>\n<td>St\u00e6rk<\/td>\n<td>Moderat<\/td>\n<\/tr>\n<\/tbody>\n<\/table>\n<p>Resum\u00e9: LuckyCrush skiller sig ud med sin video-matchning mellem m\u00e6nd og kvinder, sin betaling pr. minut-struktur og sit premium-design, der tilbyder en anden oplevelse end sider, der blot forbinder hvem som helst med hvem som helst.<\/p>\n<h2>Fordele og ulemper<\/h2>\n<p>Fordele:<\/p>\n<ul>\n<li>Matchende videochat mellem m\u00e6nd og kvinder, fantastisk til flirt<\/li>\n<li>Gratis pr\u00f8veperiode til at teste platformen<\/li>\n<li>Global r\u00e6kkevidde med forskellige brugere<\/li>\n<li>Ingen registrering eller personlige data p\u00e5kr\u00e6vet<\/li>\n<li>Moderne, responsivt design til desktop og mobil<\/li>\n<li>St\u00e6rke sikkerheds- og rapporteringsfunktioner<\/li>\n<\/ul>\n<p>Ulemper:<\/p>\n<ul>\n<li>Fortsat brug kr\u00e6ver betalte kreditter (betaling pr. minut)<\/li>\n<li>Ingen par af samme k\u00f8n (i \u00f8jeblikket kun mand-kvinde)<\/li>\n<li>Ingen profiler eller vennelister til opf\u00f8lgning<\/li>\n<li>Nogle brugere forlader m\u00e5ske chats hurtigt eller springer ofte over<\/li>\n<li>Man skal v\u00e6re over 18 \u00e5r for at deltage<\/li>\n<\/ul>\n<h2>Ideelle brugsscenarier<\/h2>\n<p>LuckyCrush er perfekt til:<\/p>\n<ul>\n<li>Singler p\u00e5 udkig efter \u00f8jeblikkelig video speed dating eller flirt<\/li>\n<li>Voksne, der \u00f8nsker at m\u00f8de mennesker fra andre kulturer i realtid<\/li>\n<li>Sprogstuderende og rejsende med interesse for global chat<\/li>\n<li>Brugere, der v\u00e6rds\u00e6tter privatliv, spontanitet og levende menneskelig kontakt<\/li>\n<\/ul>\n<p>Det er mindre ideelt til:<\/p>\n<ul>\n<li>Folk, der s\u00f8ger helt gratis, ubegr\u00e6nset chat<\/li>\n<li>Brugere, der er utrygge ved video eller at blive filmet<\/li>\n<li>Dem, der leder efter langsigtet, profilbaseret dating<\/li>\n<li>Brugere under 18 \u00e5r (kun voksne)<\/li>\n<\/ul>\n<p>LuckyCrush skiller sig ud i den tilf\u00e6ldige videochat- og datingniche ved at tilbyde en unik blanding af hastighed, privatliv og \u00e6gte flirt. Ved at fokusere p\u00e5 pardannelse mellem m\u00e6nd og kvinder og levere en poleret, sikker brugeroplevelse lykkes det, hvor mange generiske cam-chatplatforme kommer til kort.<\/p>\n<p>Med \u00f8jeblikkelig adgang, global d\u00e6kning og et fair pr\u00f8vesystem er LuckyCrush absolut et fors\u00f8g v\u00e6rd for alle, der er interesserede i hurtige, flirtende og autentiske onlineforbindelser i 2025. Hvis du er tr\u00e6t af endel\u00f8s swiping og gerne vil opleve \u00e6gte kemi ansigt til ansigt, er dette en af de bedste platforme, der findes i dag.<\/p>","protected":false},"excerpt":{"rendered":"<p>In a world of endless swiping and shallow text chats, platforms like LuckyCrush are shaking up online dating and random video chat by focusing on live, one-on-one connections with strangers of the opposite sex. LuckyCrush isn\u2019t just another cam chat site\u2014it\u2019s a unique, gamified platform designed to pair men with women (and vice versa) from [&hellip;]<\/p>\n","protected":false},"author":6,"featured_media":0,"parent":0,"menu_order":0,"comment_status":"closed","ping_status":"closed","template":"","meta":{"footnotes":""},"class_list":["post-11954","page","type-page","status-publish","hentry"],"yoast_head":"<!-- This site is optimized with the Yoast SEO plugin v26.9 - https:\/\/yoast.com\/product\/yoast-seo-wordpress\/ -->\n<title>LuckyCrush - Live Video Chat with Random People - StrangerCam<\/title>\n<meta name=\"description\" content=\"Like LuckyCrush? Come chat with more than 5.000.000 strangers on Stranger Cam for Free! Turn on your cam and find new friends &amp; maby a match!\" \/>\n<meta name=\"robots\" content=\"index, follow, max-snippet:-1, max-image-preview:large, max-video-preview:-1\" \/>\n<link rel=\"canonical\" href=\"https:\/\/strangercam.com\/da\/luckycrush\/\" \/>\n<meta property=\"og:locale\" content=\"da_DK\" \/>\n<meta property=\"og:type\" content=\"article\" \/>\n<meta property=\"og:title\" content=\"LuckyCrush - Live Video Chat with Random People - StrangerCam\" \/>\n<meta property=\"og:description\" content=\"Like LuckyCrush? Come chat with more than 5.000.000 strangers on Stranger Cam for Free! Turn on your cam and find new friends &amp; maby a match!\" \/>\n<meta property=\"og:url\" content=\"https:\/\/strangercam.com\/da\/luckycrush\/\" \/>\n<meta property=\"og:site_name\" content=\"Strangercam\" \/>\n<meta property=\"article:publisher\" content=\"https:\/\/www.facebook.com\/strangercam\" \/>\n<meta property=\"article:modified_time\" content=\"2025-07-24T07:26:04+00:00\" \/>\n<meta property=\"og:image\" content=\"https:\/\/strangercam.com\/wp-content\/uploads\/2021\/10\/Untitled-2.png\" \/>\n\t<meta property=\"og:image:width\" content=\"800\" \/>\n\t<meta property=\"og:image:height\" content=\"532\" \/>\n\t<meta property=\"og:image:type\" content=\"image\/png\" \/>\n<meta name=\"twitter:card\" content=\"summary_large_image\" \/>\n<meta name=\"twitter:site\" content=\"@strangercamapp\" \/>\n<meta name=\"twitter:label1\" content=\"Estimeret l\u00e6setid\" \/>\n\t<meta name=\"twitter:data1\" content=\"6 minutter\" \/>\n<script type=\"application\/ld+json\" class=\"yoast-schema-graph\">{\"@context\":\"https:\/\/schema.org\",\"@graph\":[{\"@type\":\"WebPage\",\"@id\":\"https:\/\/strangercam.com\/luckycrush\/\",\"url\":\"https:\/\/strangercam.com\/luckycrush\/\",\"name\":\"LuckyCrush - Live Video Chat with Random People - StrangerCam\",\"isPartOf\":{\"@id\":\"https:\/\/strangercam.com\/#website\"},\"datePublished\":\"2025-07-24T07:21:22+00:00\",\"dateModified\":\"2025-07-24T07:26:04+00:00\",\"description\":\"Like LuckyCrush? Come chat with more than 5.000.000 strangers on Stranger Cam for Free! Turn on your cam and find new friends & maby a match!\",\"breadcrumb\":{\"@id\":\"https:\/\/strangercam.com\/luckycrush\/#breadcrumb\"},\"inLanguage\":\"da-DK\",\"potentialAction\":[{\"@type\":\"ReadAction\",\"target\":[\"https:\/\/strangercam.com\/luckycrush\/\"]}]},{\"@type\":\"BreadcrumbList\",\"@id\":\"https:\/\/strangercam.com\/luckycrush\/#breadcrumb\",\"itemListElement\":[{\"@type\":\"ListItem\",\"position\":1,\"name\":\"Home\",\"item\":\"https:\/\/strangercam.com\/\"},{\"@type\":\"ListItem\",\"position\":2,\"name\":\"LuckyCrush\"}]},{\"@type\":\"WebSite\",\"@id\":\"https:\/\/strangercam.com\/#website\",\"url\":\"https:\/\/strangercam.com\/\",\"name\":\"Strangercam\",\"description\":\"Random Video Chat with Strangers\",\"publisher\":{\"@id\":\"https:\/\/strangercam.com\/#organization\"},\"alternateName\":\"Strangercam.com\",\"potentialAction\":[{\"@type\":\"SearchAction\",\"target\":{\"@type\":\"EntryPoint\",\"urlTemplate\":\"https:\/\/strangercam.com\/?s={search_term_string}\"},\"query-input\":{\"@type\":\"PropertyValueSpecification\",\"valueRequired\":true,\"valueName\":\"search_term_string\"}}],\"inLanguage\":\"da-DK\"},{\"@type\":\"Organization\",\"@id\":\"https:\/\/strangercam.com\/#organization\",\"name\":\"Strangercam\",\"alternateName\":\"Strangercam.com\",\"url\":\"https:\/\/strangercam.com\/\",\"logo\":{\"@type\":\"ImageObject\",\"inLanguage\":\"da-DK\",\"@id\":\"https:\/\/strangercam.com\/#\/schema\/logo\/image\/\",\"url\":\"https:\/\/strangercam.com\/wp-content\/uploads\/2020\/11\/cropped-new-favicon-black.png\",\"contentUrl\":\"https:\/\/strangercam.com\/wp-content\/uploads\/2020\/11\/cropped-new-favicon-black.png\",\"width\":512,\"height\":512,\"caption\":\"Strangercam\"},\"image\":{\"@id\":\"https:\/\/strangercam.com\/#\/schema\/logo\/image\/\"},\"sameAs\":[\"https:\/\/www.facebook.com\/strangercam\",\"https:\/\/x.com\/strangercamapp\"]}]}<\/script>\n<!-- \/ Yoast SEO plugin. -->","yoast_head_json":{"title":"LuckyCrush - Live videochat med tilf\u00e6ldige mennesker - StrangerCam","description":"Kan du lide LuckyCrush? Kom og chat med mere end 5.000.000 fremmede p\u00e5 Stranger Cam helt gratis! T\u00e6nd for dit kamera og find nye venner og m\u00e5ske et match!","robots":{"index":"index","follow":"follow","max-snippet":"max-snippet:-1","max-image-preview":"max-image-preview:large","max-video-preview":"max-video-preview:-1"},"canonical":"https:\/\/strangercam.com\/da\/luckycrush\/","og_locale":"da_DK","og_type":"article","og_title":"LuckyCrush - Live Video Chat with Random People - StrangerCam","og_description":"Like LuckyCrush? Come chat with more than 5.000.000 strangers on Stranger Cam for Free! Turn on your cam and find new friends & maby a match!","og_url":"https:\/\/strangercam.com\/da\/luckycrush\/","og_site_name":"Strangercam","article_publisher":"https:\/\/www.facebook.com\/strangercam","article_modified_time":"2025-07-24T07:26:04+00:00","og_image":[{"width":800,"height":532,"url":"https:\/\/strangercam.com\/wp-content\/uploads\/2021\/10\/Untitled-2.png","type":"image\/png"}],"twitter_card":"summary_large_image","twitter_site":"@strangercamapp","twitter_misc":{"Estimeret l\u00e6setid":"6 minutter"},"schema":{"@context":"https:\/\/schema.org","@graph":[{"@type":"WebPage","@id":"https:\/\/strangercam.com\/luckycrush\/","url":"https:\/\/strangercam.com\/luckycrush\/","name":"LuckyCrush - Live videochat med tilf\u00e6ldige mennesker - StrangerCam","isPartOf":{"@id":"https:\/\/strangercam.com\/#website"},"datePublished":"2025-07-24T07:21:22+00:00","dateModified":"2025-07-24T07:26:04+00:00","description":"Kan du lide LuckyCrush? Kom og chat med mere end 5.000.000 fremmede p\u00e5 Stranger Cam helt gratis! T\u00e6nd for dit kamera og find nye venner og m\u00e5ske et match!","breadcrumb":{"@id":"https:\/\/strangercam.com\/luckycrush\/#breadcrumb"},"inLanguage":"da-DK","potentialAction":[{"@type":"ReadAction","target":["https:\/\/strangercam.com\/luckycrush\/"]}]},{"@type":"BreadcrumbList","@id":"https:\/\/strangercam.com\/luckycrush\/#breadcrumb","itemListElement":[{"@type":"ListItem","position":1,"name":"Home","item":"https:\/\/strangercam.com\/"},{"@type":"ListItem","position":2,"name":"LuckyCrush"}]},{"@type":"WebSite","@id":"https:\/\/strangercam.com\/#website","url":"https:\/\/strangercam.com\/","name":"Strangercam","description":"Tilf\u00e6ldig videochat med fremmede","publisher":{"@id":"https:\/\/strangercam.com\/#organization"},"alternateName":"Strangercam.com","potentialAction":[{"@type":"SearchAction","target":{"@type":"EntryPoint","urlTemplate":"https:\/\/strangercam.com\/?s={search_term_string}"},"query-input":{"@type":"PropertyValueSpecification","valueRequired":true,"valueName":"search_term_string"}}],"inLanguage":"da-DK"},{"@type":"Organization","@id":"https:\/\/strangercam.com\/#organization","name":"Strangercam","alternateName":"Strangercam.com","url":"https:\/\/strangercam.com\/","logo":{"@type":"ImageObject","inLanguage":"da-DK","@id":"https:\/\/strangercam.com\/#\/schema\/logo\/image\/","url":"https:\/\/strangercam.com\/wp-content\/uploads\/2020\/11\/cropped-new-favicon-black.png","contentUrl":"https:\/\/strangercam.com\/wp-content\/uploads\/2020\/11\/cropped-new-favicon-black.png","width":512,"height":512,"caption":"Strangercam"},"image":{"@id":"https:\/\/strangercam.com\/#\/schema\/logo\/image\/"},"sameAs":["https:\/\/www.facebook.com\/strangercam","https:\/\/x.com\/strangercamapp"]}]}},"_links":{"self":[{"href":"https:\/\/strangercam.com\/da\/wp-json\/wp\/v2\/pages\/11954","targetHints":{"allow":["GET"]}}],"collection":[{"href":"https:\/\/strangercam.com\/da\/wp-json\/wp\/v2\/pages"}],"about":[{"href":"https:\/\/strangercam.com\/da\/wp-json\/wp\/v2\/types\/page"}],"author":[{"embeddable":true,"href":"https:\/\/strangercam.com\/da\/wp-json\/wp\/v2\/users\/6"}],"replies":[{"embeddable":true,"href":"https:\/\/strangercam.com\/da\/wp-json\/wp\/v2\/comments?post=11954"}],"version-history":[{"count":1,"href":"https:\/\/strangercam.com\/da\/wp-json\/wp\/v2\/pages\/11954\/revisions"}],"predecessor-version":[{"id":12919,"href":"https:\/\/strangercam.com\/da\/wp-json\/wp\/v2\/pages\/11954\/revisions\/12919"}],"wp:attachment":[{"href":"https:\/\/strangercam.com\/da\/wp-json\/wp\/v2\/media?parent=11954"}],"curies":[{"name":"wp","href":"https:\/\/api.w.org\/{rel}","templated":true}]}}