{"id":11922,"date":"2023-10-23T10:00:20","date_gmt":"2023-10-23T08:00:20","guid":{"rendered":"https:\/\/strangercam.com\/?page_id=11922"},"modified":"2023-10-23T12:31:54","modified_gmt":"2023-10-23T10:31:54","slug":"strangermeetup","status":"publish","type":"page","link":"https:\/\/strangercam.com\/da\/strangermeetup\/","title":{"rendered":"StrangerMeetup"},"content":{"rendered":"<p>StrangerMeetup har positioneret sig i den overfyldte verden af online <a href=\"https:\/\/strangercam.com\/da\/chatroulette\/\">chat<\/a> som et popul\u00e6rt valg for dem, der \u00f8nsker at deltage i anonyme samtaler. I mods\u00e6tning til mange sociale medieplatforme, hvor personlige profiler, historier og billeder dominerer, tilbyder StrangerMeetup et nyt perspektiv. Her l\u00e6gges der v\u00e6gt p\u00e5 interaktion i realtid uden identitetens bagage, hvilket g\u00f8r det til en tiltalende <a href=\"https:\/\/strangercam.com\/da\/mocospace\/\">plads<\/a> for dem, der prioriterer privatlivets fred eller bare vil have en pause fra den s\u00e6dvanlige onlinedynamik.<\/p>\n<p>Kernen i platformen er designet til at fremme \u00e6gte forbindelser mellem mennesker med forskellig baggrund. Den brugervenlige gr\u00e6nseflade og fokus p\u00e5 anonymitet betyder, at deltagerne kan kaste sig ud i samtaler uden de bet\u00e6nkeligheder, der ofte er forbundet med digitale interaktioner. Appellen er klar: en mulighed for at udvide horisonten, l\u00e6re af andre eller bare nyde en afslappet chat, alt sammen pakket ind i anonymitetens beroligende kappe.<\/p>\n<p>Men som alle andre platforme er StrangerMeetup ikke uden sine s\u00e6rheder og funktioner. For dem, der er nye p\u00e5 platformen eller overvejer at give den et fors\u00f8g, er det afg\u00f8rende at forst\u00e5 dens nuancer, fordele og potentielle ulemper. Den digitale tidsalder har indvarslet utallige m\u00e5der at kommunikere p\u00e5, og StrangerMeetup er med sin blanding af enkelhed og anonymitet bestemt ved at s\u00e6tte sit pr\u00e6g.<\/p>\n<h2>Hvad er StrangerMeetup?<\/h2>\n<p>StrangerMeetup er en online chatplatform, der giver brugerne mulighed for at deltage i anonyme samtaler med personer fra forskellige dele af verden. Til forskel fra konventionelle sociale medieplatforme, hvor personlige detaljer, fotos og historier ofte er i h\u00f8js\u00e6det, er StrangerMeetup centreret omkring realtidsinteraktioner uden personlige identitetsmark\u00f8rer. Denne v\u00e6gt p\u00e5 anonymitet g\u00f8r det til et unikt digitalt milj\u00f8, der giver brugerne mulighed for at kommunikere uden de konventionelle barrierer eller bekymringer, der er knyttet til deres virkelige personaer.<\/p>\n<p>Platformens design opfordrer til spontane og \u00e6gte forbindelser. Med en brugervenlig gr\u00e6nseflade kan deltagerne nemt indlede og opretholde samtaler, uanset deres tekniske f\u00e6rdigheder. Det sikrer, at fokus forbliver p\u00e5 udveksling af ideer, historier eller afslappede samtaler, hvilket giver mulighed for et rigt v\u00e6v af interaktioner, der kan v\u00e6re b\u00e5de oplysende og underholdende.<\/p>\n<p>I bund og grund fungerer StrangerMeetup som et moderne digitalt m\u00f8dested, hvor sp\u00e6ndingen ved at m\u00f8de en ny person kombineres med sikkerheden og privatlivet i et online milj\u00f8. Uanset om de s\u00f8ger nye venskaber, afslappede chats eller et vindue til andre perspektiver, str\u00f8mmer brugerne til StrangerMeetup p\u00e5 grund af den unikke blanding af anonymitet og \u00e6gte menneskelig kontakt.<\/p>\n<h2>Funktioner i StrangerMeetup<\/h2>\n<p>StrangerMeetup har en markant position inden for online chatplatforme og tilbyder en r\u00e6kke funktioner, der adskiller den fra sine konkurrenter. Disse funktioner er omhyggeligt designet til at forbedre brugeroplevelsen, samtidig med at de prioriterer anonymitet og brugervenlighed.<\/p>\n<ol>\n<li><strong>Brugernes anonymitet:<\/strong> Kernen i StrangerMeetup er dens forpligtelse til brugeranonymitet. I mods\u00e6tning til mange andre platforme kr\u00e6ver det ikke, at brugerne opgiver personlige oplysninger eller fotografier. Det sikrer, at samtaler forbliver private, og at identiteter beskyttes.<\/li>\n<li><strong>Chat i realtid:<\/strong> Platformen har et problemfrit chat-system i realtid. Brugerne kan kaste sig ud i samtaler uden forsinkelser, hvilket sikrer, at diskussionerne flyder glat og \u00f8jeblikkeligt.<\/li>\n<li><strong>Global brugerbase:<\/strong> StrangerMeetup giver mulighed for at komme i kontakt med mennesker fra hele verden. Denne internationale r\u00e6kkevidde giver brugerne mulighed for at f\u00e5 indsigt i forskellige kulturer, traditioner og perspektiver.<\/li>\n<li><strong>Brugervenlig gr\u00e6nseflade:<\/strong> Designet af StrangerMeetup er intuitivt og sikrer, at selv dem, der ikke er teknisk kyndige, nemt kan navigere og bruge platformen.<\/li>\n<li><strong>Sikkerhedsforanstaltninger:<\/strong> Platformen har implementeret flere sikkerhedsfunktioner. Brugere kan rapportere eller blokere andre, der udviser upassende adf\u00e6rd, hvilket sikrer, at chatmilj\u00f8et forbliver respektfuldt og sikkert.<\/li>\n<li><strong>Private chatrum:<\/strong> Ud over tilf\u00e6ldige chatpar tilbyder StrangerMeetup ogs\u00e5 private chatrum. Denne funktion giver brugerne mulighed for at deltage i mere fokuserede diskussioner uden afbrydelser.<\/li>\n<li><strong>Mobilkompatibilitet:<\/strong> I erkendelse af vigtigheden af tilg\u00e6ngelighed p\u00e5 farten er StrangerMeetup kompatibel med mobile enheder, hvilket sikrer, at brugerne kan chatte hvor som helst og n\u00e5r som helst.<\/li>\n<\/ol>\n<table>\n<thead>\n<tr>\n<th>Funktion<\/th>\n<th>Beskrivelse<\/th>\n<\/tr>\n<\/thead>\n<tbody>\n<tr>\n<td>Brugernes anonymitet<\/td>\n<td>Intet behov for personlige oplysninger eller fotos; sikrer private samtaler og beskyttede identiteter.<\/td>\n<\/tr>\n<tr>\n<td>Chat i realtid<\/td>\n<td>Problemfrit og \u00f8jeblikkeligt chatsystem til smidige diskussioner.<\/td>\n<\/tr>\n<tr>\n<td>Global brugerbase<\/td>\n<td>Kom i kontakt med mennesker fra forskellige baggrunde og kulturer.<\/td>\n<\/tr>\n<tr>\n<td>Brugervenlig gr\u00e6nseflade<\/td>\n<td>Intuitivt design for nem navigation og brug.<\/td>\n<\/tr>\n<tr>\n<td>Sikkerhedsforanstaltninger<\/td>\n<td>Mulighed for at rapportere eller blokere upassende adf\u00e6rd, hvilket sikrer et sikkert chatmilj\u00f8.<\/td>\n<\/tr>\n<tr>\n<td>Private chatrum<\/td>\n<td>Deltag i fokuserede diskussioner i private chatindstillinger.<\/td>\n<\/tr>\n<tr>\n<td>Mobil kompatibilitet<\/td>\n<td>Chat p\u00e5 farten med kompatibilitet p\u00e5 forskellige mobile enheder.<\/td>\n<\/tr>\n<\/tbody>\n<\/table>\n<h2>Tips til sikker brug af StrangerMeetup<\/h2>\n<p>At navigere i det digitale landskab med online chatplatforme som StrangerMeetup kr\u00e6ver b\u00e5de nysgerrighed og forsigtighed. Selvom platformen prioriterer anonymitet og tilbyder funktioner til at forbedre brugernes sikkerhed, skal man ogs\u00e5 tage personlige forholdsregler for at sikre sin egen sikkerhed og trivsel. Her er nogle tips, du skal huske p\u00e5, n\u00e5r du bruger StrangerMeetup sikkert:<\/p>\n<ol>\n<li><strong>Beskyt personlige oplysninger:<\/strong> Anonymitetens tiltr\u00e6kningskraft kan nogle gange f\u00f8re til, at man s\u00e6nker paraderne. Det er vigtigt at v\u00e6re forsigtig og afst\u00e5 fra at dele personlige oplysninger som rigtige navne, adresser, telefonnumre eller finansielle oplysninger.<\/li>\n<li><strong>Brug et unikt brugernavn:<\/strong> V\u00e6lg et brugernavn, som du ikke har brugt p\u00e5 andre platforme. Det g\u00f8r det sv\u00e6rere for nogen at spore dine onlineaktiviteter eller forbinde din StrangerMeetup-identitet med andre onlineprofiler.<\/li>\n<li><strong>Stol p\u00e5 dine instinkter:<\/strong> Hvis en samtale f\u00f8les ubehagelig, eller hvis en persons adf\u00e6rd virker mist\u00e6nkelig, skal du stole p\u00e5 dine instinkter. Det er altid i orden at afslutte en chat eller blokere en bruger, hvis du f\u00f8ler dig utilpas.<\/li>\n<li><strong>Brug rapportfunktionen:<\/strong> Hvis du st\u00f8der p\u00e5 upassende adf\u00e6rd, skal du bruge platformens rapporteringsfunktion. Det hj\u00e6lper ikke kun dig, men ogs\u00e5 f\u00e6llesskabet ved at g\u00f8re opm\u00e6rksom p\u00e5 potentielle problemer.<\/li>\n<li><strong>Undg\u00e5 at klikke p\u00e5 ukendte links:<\/strong> Skadelige links kan nogle gange blive delt i chatrum. Det er klogt at undg\u00e5 at klikke p\u00e5 links fra fremmede, da de kan f\u00f8re til skadelige websteder eller downloade malware til din enhed.<\/li>\n<li><strong>M\u00f8der i det virkelige liv:<\/strong> Hvis du af en eller anden grund beslutter dig for at <a href=\"https:\/\/strangercam.com\/da\/coomeet\/\">m\u00f8des<\/a> nogen fra StrangerMeetup i det virkelige liv, skal du altid v\u00e6lge et offentligt sted, informere nogen, du stoler p\u00e5, om m\u00f8det og s\u00f8rge for din egen sikkerhed f\u00f8rst.<\/li>\n<li><strong>Uddan dig selv:<\/strong> S\u00e6t dig ind i StrangerMeetups retningslinjer og sikkerhedsforanstaltninger. Jo mere du ved om platformens politikker, jo bedre er du rustet til at navigere sikkert p\u00e5 den.<\/li>\n<li><strong>Hold dig opdateret:<\/strong> S\u00f8rg for, at hvis du bruger en mobil- eller desktopversion af StrangerMeetup, s\u00e5 er den altid opdateret til den nyeste version. Opdateringer indeholder ofte sikkerhedsforbedringer.<\/li>\n<\/ol>\n<p>Selvom StrangerMeetup giver et unikt rum for anonyme samtaler, er det vigtigt for brugerne at kombinere platformens sikkerhedsfunktioner med personlig \u00e5rv\u00e5genhed. At afbalancere sp\u00e6ndingen ved at m\u00f8de nye mennesker med en bevidsthed om digital sikkerhed vil sikre en positiv og sikker oplevelse.<\/p>\n<h2>Konklusion<\/h2>\n<p>StrangerMeetup er et bem\u00e6rkelsesv\u00e6rdigt vidnesbyrd om, hvordan menneskelig interaktion udvikler sig i den digitale tidsalder. At tilbyde en <a href=\"https:\/\/strangercam.com\/da\/chat-avenue\/\">Avenue<\/a> For anonyme chats i realtid bygger den bro mellem kulturer, ideologier og personlige erfaringer fra hele verden. Men som med alle digitale platforme er det forbundet med den dobbelte udfordring at sikre sikkerhed og samtidig bevare essensen af <a href=\"https:\/\/strangercam.com\/da\/chat4free\/\">gratis<\/a> kommunikation. Ved at kombinere platformens indbyggede sikkerhedsfunktioner med personlige forholdsregler kan brugerne f\u00e5 adgang til en verden af forskelligartede interaktioner, der fremmer forbindelser og forst\u00e5else i en ellers fragmenteret digital verden. Sammenfattende fungerer StrangerMeetup ikke kun som en afspejling af vores globaliserede verdens indbyrdes forbundethed, men understreger ogs\u00e5 det evige behov for \u00e5rv\u00e5genhed i den store verden af online-interaktioner.<\/p>","protected":false},"excerpt":{"rendered":"<p>StrangerMeetup has positioned itself in the crowded realm of online chat platforms as a popular choice for those looking to engage in anonymous conversations. Unlike many social media platforms where personal profiles, histories, and pictures dominate, StrangerMeetup offers a fresh perspective. Here, the emphasis is on real-time interaction without the baggage of identity, making it [&hellip;]<\/p>\n","protected":false},"author":6,"featured_media":559,"parent":0,"menu_order":0,"comment_status":"closed","ping_status":"closed","template":"","meta":{"footnotes":""},"class_list":["post-11922","page","type-page","status-publish","has-post-thumbnail","hentry"],"yoast_head":"<!-- This site is optimized with the Yoast SEO plugin v27.4 - https:\/\/yoast.com\/product\/yoast-seo-wordpress\/ -->\n<title>StrangerMeetup - Chat with strangers on StrangerCam.com<\/title>\n<meta name=\"description\" content=\"Like StrangerMeetup? Come chat with more than 5.000.000 strangers on Stranger Cam for Free! Turn on your cam and find new friends &amp; maby a match!\" \/>\n<meta name=\"robots\" content=\"index, follow, max-snippet:-1, max-image-preview:large, max-video-preview:-1\" \/>\n<link rel=\"canonical\" href=\"https:\/\/strangercam.com\/da\/strangermeetup\/\" \/>\n<meta property=\"og:locale\" content=\"da_DK\" \/>\n<meta property=\"og:type\" content=\"article\" \/>\n<meta property=\"og:title\" content=\"StrangerMeetup - Chat with strangers on StrangerCam.com\" \/>\n<meta property=\"og:description\" content=\"Like StrangerMeetup? Come chat with more than 5.000.000 strangers on Stranger Cam for Free! Turn on your cam and find new friends &amp; maby a match!\" \/>\n<meta property=\"og:url\" content=\"https:\/\/strangercam.com\/da\/strangermeetup\/\" \/>\n<meta property=\"og:site_name\" content=\"Strangercam\" \/>\n<meta property=\"article:publisher\" content=\"https:\/\/www.facebook.com\/strangercam\" \/>\n<meta property=\"article:modified_time\" content=\"2023-10-23T10:31:54+00:00\" \/>\n<meta property=\"og:image\" content=\"https:\/\/strangercam.com\/wp-content\/uploads\/2020\/11\/stranger-cam-1.png\" \/>\n\t<meta property=\"og:image:width\" content=\"800\" \/>\n\t<meta property=\"og:image:height\" content=\"800\" \/>\n\t<meta property=\"og:image:type\" content=\"image\/png\" \/>\n<meta name=\"twitter:card\" content=\"summary_large_image\" \/>\n<meta name=\"twitter:site\" content=\"@strangercamapp\" \/>\n<meta name=\"twitter:label1\" content=\"Estimeret l\u00e6setid\" \/>\n\t<meta name=\"twitter:data1\" content=\"6 minutter\" \/>\n<script type=\"application\/ld+json\" class=\"yoast-schema-graph\">{\"@context\":\"https:\\\/\\\/schema.org\",\"@graph\":[{\"@type\":\"WebPage\",\"@id\":\"https:\\\/\\\/strangercam.com\\\/strangermeetup\\\/\",\"url\":\"https:\\\/\\\/strangercam.com\\\/strangermeetup\\\/\",\"name\":\"StrangerMeetup - Chat with strangers on StrangerCam.com\",\"isPartOf\":{\"@id\":\"https:\\\/\\\/strangercam.com\\\/#website\"},\"primaryImageOfPage\":{\"@id\":\"https:\\\/\\\/strangercam.com\\\/strangermeetup\\\/#primaryimage\"},\"image\":{\"@id\":\"https:\\\/\\\/strangercam.com\\\/strangermeetup\\\/#primaryimage\"},\"thumbnailUrl\":\"https:\\\/\\\/strangercam.com\\\/wp-content\\\/uploads\\\/2020\\\/11\\\/stranger-cam-1.png\",\"datePublished\":\"2023-10-23T08:00:20+00:00\",\"dateModified\":\"2023-10-23T10:31:54+00:00\",\"description\":\"Like StrangerMeetup? Come chat with more than 5.000.000 strangers on Stranger Cam for Free! Turn on your cam and find new friends & maby a match!\",\"breadcrumb\":{\"@id\":\"https:\\\/\\\/strangercam.com\\\/strangermeetup\\\/#breadcrumb\"},\"inLanguage\":\"da-DK\",\"potentialAction\":[{\"@type\":\"ReadAction\",\"target\":[\"https:\\\/\\\/strangercam.com\\\/strangermeetup\\\/\"]}]},{\"@type\":\"ImageObject\",\"inLanguage\":\"da-DK\",\"@id\":\"https:\\\/\\\/strangercam.com\\\/strangermeetup\\\/#primaryimage\",\"url\":\"https:\\\/\\\/strangercam.com\\\/wp-content\\\/uploads\\\/2020\\\/11\\\/stranger-cam-1.png\",\"contentUrl\":\"https:\\\/\\\/strangercam.com\\\/wp-content\\\/uploads\\\/2020\\\/11\\\/stranger-cam-1.png\",\"width\":800,\"height\":800,\"caption\":\"stranger cam random video chat\"},{\"@type\":\"BreadcrumbList\",\"@id\":\"https:\\\/\\\/strangercam.com\\\/strangermeetup\\\/#breadcrumb\",\"itemListElement\":[{\"@type\":\"ListItem\",\"position\":1,\"name\":\"Home\",\"item\":\"https:\\\/\\\/strangercam.com\\\/\"},{\"@type\":\"ListItem\",\"position\":2,\"name\":\"StrangerMeetup\"}]},{\"@type\":\"WebSite\",\"@id\":\"https:\\\/\\\/strangercam.com\\\/#website\",\"url\":\"https:\\\/\\\/strangercam.com\\\/\",\"name\":\"Strangercam\",\"description\":\"Random Video Chat with Strangers\",\"publisher\":{\"@id\":\"https:\\\/\\\/strangercam.com\\\/#organization\"},\"alternateName\":\"Strangercam.com\",\"potentialAction\":[{\"@type\":\"SearchAction\",\"target\":{\"@type\":\"EntryPoint\",\"urlTemplate\":\"https:\\\/\\\/strangercam.com\\\/?s={search_term_string}\"},\"query-input\":{\"@type\":\"PropertyValueSpecification\",\"valueRequired\":true,\"valueName\":\"search_term_string\"}}],\"inLanguage\":\"da-DK\"},{\"@type\":\"Organization\",\"@id\":\"https:\\\/\\\/strangercam.com\\\/#organization\",\"name\":\"Strangercam\",\"alternateName\":\"Strangercam.com\",\"url\":\"https:\\\/\\\/strangercam.com\\\/\",\"logo\":{\"@type\":\"ImageObject\",\"inLanguage\":\"da-DK\",\"@id\":\"https:\\\/\\\/strangercam.com\\\/#\\\/schema\\\/logo\\\/image\\\/\",\"url\":\"https:\\\/\\\/strangercam.com\\\/wp-content\\\/uploads\\\/2020\\\/11\\\/cropped-new-favicon-black.png\",\"contentUrl\":\"https:\\\/\\\/strangercam.com\\\/wp-content\\\/uploads\\\/2020\\\/11\\\/cropped-new-favicon-black.png\",\"width\":512,\"height\":512,\"caption\":\"Strangercam\"},\"image\":{\"@id\":\"https:\\\/\\\/strangercam.com\\\/#\\\/schema\\\/logo\\\/image\\\/\"},\"sameAs\":[\"https:\\\/\\\/www.facebook.com\\\/strangercam\",\"https:\\\/\\\/x.com\\\/strangercamapp\"]}]}<\/script>\n<!-- \/ Yoast SEO plugin. -->","yoast_head_json":{"title":"StrangerMeetup - Chat med fremmede p\u00e5 StrangerCam.com","description":"Kan du lide StrangerMeetup? Kom og chat med mere end 5.000.000 fremmede p\u00e5 Stranger Cam helt gratis! T\u00e6nd for dit kamera og find nye venner og m\u00e5ske et match!","robots":{"index":"index","follow":"follow","max-snippet":"max-snippet:-1","max-image-preview":"max-image-preview:large","max-video-preview":"max-video-preview:-1"},"canonical":"https:\/\/strangercam.com\/da\/strangermeetup\/","og_locale":"da_DK","og_type":"article","og_title":"StrangerMeetup - Chat with strangers on StrangerCam.com","og_description":"Like StrangerMeetup? Come chat with more than 5.000.000 strangers on Stranger Cam for Free! Turn on your cam and find new friends & maby a match!","og_url":"https:\/\/strangercam.com\/da\/strangermeetup\/","og_site_name":"Strangercam","article_publisher":"https:\/\/www.facebook.com\/strangercam","article_modified_time":"2023-10-23T10:31:54+00:00","og_image":[{"width":800,"height":800,"url":"https:\/\/strangercam.com\/wp-content\/uploads\/2020\/11\/stranger-cam-1.png","type":"image\/png"}],"twitter_card":"summary_large_image","twitter_site":"@strangercamapp","twitter_misc":{"Estimeret l\u00e6setid":"6 minutter"},"schema":{"@context":"https:\/\/schema.org","@graph":[{"@type":"WebPage","@id":"https:\/\/strangercam.com\/strangermeetup\/","url":"https:\/\/strangercam.com\/strangermeetup\/","name":"StrangerMeetup - Chat med fremmede p\u00e5 StrangerCam.com","isPartOf":{"@id":"https:\/\/strangercam.com\/#website"},"primaryImageOfPage":{"@id":"https:\/\/strangercam.com\/strangermeetup\/#primaryimage"},"image":{"@id":"https:\/\/strangercam.com\/strangermeetup\/#primaryimage"},"thumbnailUrl":"https:\/\/strangercam.com\/wp-content\/uploads\/2020\/11\/stranger-cam-1.png","datePublished":"2023-10-23T08:00:20+00:00","dateModified":"2023-10-23T10:31:54+00:00","description":"Kan du lide StrangerMeetup? Kom og chat med mere end 5.000.000 fremmede p\u00e5 Stranger Cam helt gratis! T\u00e6nd for dit kamera og find nye venner og m\u00e5ske et match!","breadcrumb":{"@id":"https:\/\/strangercam.com\/strangermeetup\/#breadcrumb"},"inLanguage":"da-DK","potentialAction":[{"@type":"ReadAction","target":["https:\/\/strangercam.com\/strangermeetup\/"]}]},{"@type":"ImageObject","inLanguage":"da-DK","@id":"https:\/\/strangercam.com\/strangermeetup\/#primaryimage","url":"https:\/\/strangercam.com\/wp-content\/uploads\/2020\/11\/stranger-cam-1.png","contentUrl":"https:\/\/strangercam.com\/wp-content\/uploads\/2020\/11\/stranger-cam-1.png","width":800,"height":800,"caption":"stranger cam random video chat"},{"@type":"BreadcrumbList","@id":"https:\/\/strangercam.com\/strangermeetup\/#breadcrumb","itemListElement":[{"@type":"ListItem","position":1,"name":"Home","item":"https:\/\/strangercam.com\/"},{"@type":"ListItem","position":2,"name":"StrangerMeetup"}]},{"@type":"WebSite","@id":"https:\/\/strangercam.com\/#website","url":"https:\/\/strangercam.com\/","name":"Strangercam","description":"Tilf\u00e6ldig videochat med fremmede","publisher":{"@id":"https:\/\/strangercam.com\/#organization"},"alternateName":"Strangercam.com","potentialAction":[{"@type":"SearchAction","target":{"@type":"EntryPoint","urlTemplate":"https:\/\/strangercam.com\/?s={search_term_string}"},"query-input":{"@type":"PropertyValueSpecification","valueRequired":true,"valueName":"search_term_string"}}],"inLanguage":"da-DK"},{"@type":"Organization","@id":"https:\/\/strangercam.com\/#organization","name":"Strangercam","alternateName":"Strangercam.com","url":"https:\/\/strangercam.com\/","logo":{"@type":"ImageObject","inLanguage":"da-DK","@id":"https:\/\/strangercam.com\/#\/schema\/logo\/image\/","url":"https:\/\/strangercam.com\/wp-content\/uploads\/2020\/11\/cropped-new-favicon-black.png","contentUrl":"https:\/\/strangercam.com\/wp-content\/uploads\/2020\/11\/cropped-new-favicon-black.png","width":512,"height":512,"caption":"Strangercam"},"image":{"@id":"https:\/\/strangercam.com\/#\/schema\/logo\/image\/"},"sameAs":["https:\/\/www.facebook.com\/strangercam","https:\/\/x.com\/strangercamapp"]}]}},"_links":{"self":[{"href":"https:\/\/strangercam.com\/da\/wp-json\/wp\/v2\/pages\/11922","targetHints":{"allow":["GET"]}}],"collection":[{"href":"https:\/\/strangercam.com\/da\/wp-json\/wp\/v2\/pages"}],"about":[{"href":"https:\/\/strangercam.com\/da\/wp-json\/wp\/v2\/types\/page"}],"author":[{"embeddable":true,"href":"https:\/\/strangercam.com\/da\/wp-json\/wp\/v2\/users\/6"}],"replies":[{"embeddable":true,"href":"https:\/\/strangercam.com\/da\/wp-json\/wp\/v2\/comments?post=11922"}],"version-history":[{"count":0,"href":"https:\/\/strangercam.com\/da\/wp-json\/wp\/v2\/pages\/11922\/revisions"}],"wp:featuredmedia":[{"embeddable":true,"href":"https:\/\/strangercam.com\/da\/wp-json\/wp\/v2\/media\/559"}],"wp:attachment":[{"href":"https:\/\/strangercam.com\/da\/wp-json\/wp\/v2\/media?parent=11922"}],"curies":[{"name":"wp","href":"https:\/\/api.w.org\/{rel}","templated":true}]}}