{"id":11273,"date":"2022-08-11T20:04:37","date_gmt":"2022-08-11T18:04:37","guid":{"rendered":"https:\/\/strangercam.com\/?page_id=11273"},"modified":"2023-08-21T11:40:07","modified_gmt":"2023-08-21T09:40:07","slug":"321chat","status":"publish","type":"page","link":"https:\/\/strangercam.com\/da\/321chat\/","title":{"rendered":"321chat"},"content":{"rendered":"<p>Vi kender alle f\u00f8lelsen af akavethed, n\u00e5r vi er i en social situation, og vi ikke kender nogen. Selv om der er andre mennesker i n\u00e6rheden, kan det f\u00f8les, som om vi er de eneste i lokalet. Men hvad nu, hvis der var en m\u00e5de at tale med fremmede p\u00e5, som ikke indebar nogen form for akavethed eller stress?<\/p>\n<p>Introduktion <a href=\"https:\/\/strangercam.com\/da\/strangermeetup\/\">321chat<\/a>, a <a href=\"https:\/\/strangercam.com\/da\/chatroulette\/\">chat<\/a> websted, der giver dig mulighed for at komme i kontakt med mennesker fra hele verden. Uanset om du leder efter en ny ven eller bare vil chatte om dine hobbyer, er 321chat det perfekte sted for dig.<\/p>\n<h2>Hvad er 321chat?<\/h2>\n<p>321chat er en hjemmeside, der giver folk en platform til at chatte med fremmede. Hjemmesiden er designet til at facilitere anonyme samtaler mellem to personer.<\/p>\n<p>321chat kr\u00e6ver ingen registrering eller personlige oplysninger. Det eneste, du skal g\u00f8re, er at v\u00e6lge et brugernavn og begynde at chatte.<\/p>\n<p>Samtalerne p\u00e5 321chat er helt anonyme. Det betyder, at du kan sige, hvad du vil, uden at bekymre dig om at blive d\u00f8mt.<\/p>\n<p>321chat er et godt sted at tale om alt muligt. Du kan tale om din dag, dine hobbyer, dine tanker og alt andet, som du har lyst til at tale om.<\/p>\n<p>Hvis du f\u00f8ler dig ensom eller bare gerne vil have nogen at tale med, er 321chat det perfekte sted for dig. Du kan finde mennesker, der deler dine interesser, og opbygge nye relationer.<\/p>\n<h2>Hvordan fungerer 321chat?<\/h2>\n<p>321chat er et websted, der giver dig mulighed for at chatte med fremmede fra hele verden.<\/p>\n<p>Du kan begynde at chatte ved at indtaste dit navn og v\u00e6lge et chatrum. N\u00e5r du er i chatrummet, kan du se de andre brugere i rummet og begynde at chatte med dem.<\/p>\n<p>Samtalerne i 321chat er anonyme, hvilket betyder, at du kan sige, hvad du vil, uden at bekymre dig om at blive d\u00f8mt.<\/p>\n<p>321chat er en fantastisk m\u00e5de at <a href=\"https:\/\/strangercam.com\/da\/coomeet\/\">m\u00f8des<\/a> nye mennesker og f\u00e5 nye venner. Det er ogs\u00e5 en god m\u00e5de at l\u00e6re om andre kulturer og \u00f8ve sine engelskkundskaber p\u00e5.<\/p>\n<h2>S\u00e5dan starter du en samtale p\u00e5 321chat<\/h2>\n<p>Det kan v\u00e6re nemt at starte en samtale p\u00e5 321chat, hvis du ved, hvordan du skal gribe det an. N\u00f8glen er at v\u00e6re sig selv og ikke v\u00e6re bange for at stille sp\u00f8rgsm\u00e5l.<\/p>\n<p>N\u00e5r du begynder at chatte med nogen, er det vigtigt at pr\u00e6sentere dig selv. Det vil hj\u00e6lpe den anden til at f\u00f8le sig mere tryg ved at tale med dig. N\u00e5r du har pr\u00e6senteret dig, kan du begynde at stille sp\u00f8rgsm\u00e5l om den anden person.<\/p>\n<p>Det er ogs\u00e5 vigtigt at v\u00e6re en aktiv lytter, n\u00e5r du chatter med nogen. Det betyder, at du skal v\u00e6re opm\u00e6rksom p\u00e5, hvad den anden person siger, og fors\u00f8ge at deltage i samtalen. Vent ikke bare p\u00e5, at det bliver din tur til at tale!<\/p>\n<p>Hvis du har sv\u00e6rt ved at finde p\u00e5 noget at sige, kan du altid sp\u00f8rge den anden person om hans eller hendes hobbyer eller interesser. Folk elsker at tale om sig selv, s\u00e5 det er en god m\u00e5de at f\u00e5 gang i samtalen p\u00e5.<\/p>\n<p>Endelig m\u00e5 du ikke glemme at have det sjovt! At chatte med fremmede kan v\u00e6re en god m\u00e5de at f\u00e5 nye venner p\u00e5, s\u00e5 hyg dig, og v\u00e6r ikke bange for at v\u00e6re dig selv.<\/p>\n<h2>Hvad skal du g\u00f8re, hvis du er genert p\u00e5 321chat?<\/h2>\n<p>Hvis du f\u00f8ler dig genert p\u00e5 321chat, skal du ikke bekymre dig! Der er masser af ting, du kan g\u00f8re for at g\u00f8re oplevelsen sjovere.<\/p>\n<p>F\u00f8rst skal du tage en dyb ind\u00e5nding og slappe af. Det er vigtigt at huske, at alle bare er her for at snakke og have det sjovt. Der er ingen grund til at v\u00e6re nerv\u00f8s.<\/p>\n<p>For det andet skal du starte med at chatte med folk, der er i samme rum som dig. P\u00e5 den m\u00e5de kan du l\u00e6re dem lidt at kende, f\u00f8r du g\u00e5r videre til private chats.<\/p>\n<p>For det tredje, pr\u00f8v at v\u00e6re dig selv! V\u00e6r venlig og \u00e5ben, s\u00e5 vil folk svare igen. V\u00e6r ikke bange for at stille sp\u00f8rgsm\u00e5l eller starte samtaler.<\/p>\n<p>For det fjerde: Hvis du f\u00f8ler dig utilpas, kan du altid bare forlade chatrummet. Der er ingen, der tvinger dig til at blive, hvis du ikke har det sjovt.<\/p>\n<p>S\u00e5 g\u00e5 bare i gang med at pr\u00f8ve 321chat! Vi lover, at du vil have det sjovt.<\/p>\n<h2>Hvad er fordelene ved at tale med fremmede p\u00e5 321chat?<\/h2>\n<p>Vi kender alle f\u00f8lelsen af ubehag, n\u00e5r vi befinder os i en social situation, hvor vi ikke kender nogen. Det ligger i menneskets natur at ville komme i kontakt med andre, og nogle gange er den bedste m\u00e5de at g\u00f8re det p\u00e5 at tale med fremmede.<\/p>\n<p>Der er faktisk en hel del fordele ved at tale med fremmede p\u00e5 321chat. For det f\u00f8rste kan det hj\u00e6lpe dig med at \u00f8ve dine sociale f\u00e6rdigheder. Hvis du er genert eller indadvendt, kan det at tale med fremmede v\u00e6re en god m\u00e5de at opbygge din selvtillid p\u00e5.<\/p>\n<p>Det kan ogs\u00e5 hj\u00e6lpe dig med at udvide din omgangskreds. Du ved aldrig, m\u00e5ske m\u00f8der du nogen p\u00e5 321chat, som bliver en god ven eller endnu mere.<\/p>\n<p>At tale med fremmede kan ogs\u00e5 v\u00e6re en god m\u00e5de at l\u00e6re om nye kulturer og oplevelser p\u00e5. Du vil blive overrasket over, hvor meget du kan l\u00e6re om nogen bare ved at snakke med dem i et par minutter.<\/p>\n<p>S\u00e5 n\u00e6ste gang du befinder dig p\u00e5 321chat, skal du ikke v\u00e6re bange for at starte en samtale med en ny person. Du vil m\u00e5ske opdage, at det er den bedste beslutning, du nogensinde har taget!<\/p>\n<h2>Fordele og ulemper ved 321chat<\/h2>\n<p>Nogle af fordelene ved 321chat er, at det er en gratis og sikker chatside, at den har en stor brugerbase, og at den er tilg\u00e6ngelig p\u00e5 mange sprog. Derudover tilbyder 321chat funktioner som gruppechat, VoIP-opkald og fildeling.<\/p>\n<p>Nogle af ulemperne ved 321chat er dog, at det kan v\u00e6re sv\u00e6rt at finde venner p\u00e5 siden, og at den til tider kan v\u00e6re langsom.<\/p>\n<h2>Hvordan f\u00e5r man mest ud af 321chat?<\/h2>\n<p>321chat er en fantastisk m\u00e5de at f\u00e5 nye venner p\u00e5 og komme i kontakt med mennesker fra hele verden. Det er ogs\u00e5 en god m\u00e5de at f\u00f8re samtaler med fremmede p\u00e5, hvilket kan v\u00e6re rigtig sjovt!<\/p>\n<p>Der er et par ting, du kan g\u00f8re for at f\u00e5 mest muligt ud af 321chat:<\/p>\n<ol>\n<li>Brug chat til at f\u00f8re uformelle samtaler med fremmede. Det er en god m\u00e5de at l\u00e6re mere om dem p\u00e5 og potentielt starte et venskab.<\/li>\n<li>Brug chat til at finde information eller r\u00e5d. Hvis du leder efter information om et emne, kan chat v\u00e6re en hurtigere og nemmere m\u00e5de at finde det p\u00e5 end at s\u00f8ge p\u00e5 nettet.<\/li>\n<li>Brug chatten som en mulighed for at \u00f8ve dig i at tale engelsk. Du ved aldrig, hvorn\u00e5r du f\u00e5r brug for at bruge engelsk i et interview eller en samtale uden for 321chat!<\/li>\n<\/ol>\n<h2>Er det sikkert at bruge?<\/h2>\n<p>Der er ingen tvivl om, at det er en sjov og sp\u00e6ndende oplevelse at tale med fremmede p\u00e5 chat. Men det er vigtigt at huske, at det stadig er meget vigtigt at v\u00e6re forsigtig, n\u00e5r man deltager i chatsamtaler.<\/p>\n<p>Et af de st\u00f8rste sikkerhedsproblemer, n\u00e5r man bruger chat, er cybermobning. Cybermobning refererer til enhver form for online eller offline chikane, der finder sted mellem mennesker, der kender hinanden. Det kan v\u00e6re at sende s\u00e5rende beskeder, g\u00f8re grin med nogen eller l\u00e6gge pinlige billeder ud.<\/p>\n<p>Det er vigtigt at huske, at du har at g\u00f8re med mennesker, du ikke kender, i et offentligt rum. <a href=\"https:\/\/strangercam.com\/da\/mocospace\/\">plads<\/a>. Det betyder, at de kan v\u00e6re opr\u00f8rte eller vrede p\u00e5 dig n\u00e5r som helst. Hvis du f\u00f8ler dig utilpas eller truet, skal du straks holde op med at kommunikere med personen.<\/p>\n<h2>Forebyggende foranstaltninger ved brug af tilf\u00e6ldig videochat<\/h2>\n<p>En af de bedste m\u00e5der at forhindre dig selv i at blive angrebet eller chikaneret, mens du bruger <a href=\"https:\/\/strangercam.com\/da\/chathub\/\">Tilf\u00e6ldig videochat<\/a> er at tr\u00e6ffe proaktive foranstaltninger. Her er et par tips, du kan f\u00f8lge:<\/p>\n<ol>\n<li>Brug altid en VPN, n\u00e5r du bruger tilf\u00e6ldig videochat. En VPN vil kryptere dine data og beskytte dem mod at blive set af andre p\u00e5 netv\u00e6rket. Det hj\u00e6lper dig med at undg\u00e5 potentielle angreb eller chikane.<\/li>\n<li>Brug altid et andet brugernavn og en anden adgangskode til hver tilf\u00e6ldig videochatkonto, du opretter. Hvis nogen angriber eller chikanerer dig, kan de ikke f\u00e5 adgang til dine andre konti med det brugernavn og den adgangskode.<\/li>\n<li>Del ikke personlige oplysninger som dit fulde navn eller din adresse med fremmede i en tilf\u00e6ldig videochat. Hvis nogen angriber eller chikanerer dig, vil de kunne finde ud af mere om dig p\u00e5 denne m\u00e5de.<\/li>\n<\/ol>\n<p>Ved at f\u00f8lge disse forholdsregler kan du sikre, at du f\u00e5r en sikker og forn\u00f8jelig oplevelse ved at bruge tilf\u00e6ldig videochat<\/p>\n<h2>Konklusion<\/h2>\n<p>321chat er en fantastisk ressource for folk, der \u00f8nsker at f\u00e5 venner eller finde nye. Chatrummet er \u00e5bent 24\/7, og du kan deltage ved at skrive din by eller dit land og klikke p\u00e5 linket. N\u00e5r du er logget ind, er det bare at begynde at chatte med alle, der ser interessante ud! Du ved aldrig, hvilke slags venskaber du kan danne p\u00e5 denne m\u00e5de.<\/p>","protected":false},"excerpt":{"rendered":"<p>We all know that feeling of awkwardness when we&#8217;re in a social situation and we don&#8217;t know anyone. Even if there are other people around, it can feel like we&#8217;re the only ones in the room. But what if there was a way to talk to strangers that didn&#8217;t involve any of the awkwardness or [&hellip;]<\/p>\n","protected":false},"author":6,"featured_media":559,"parent":0,"menu_order":0,"comment_status":"closed","ping_status":"closed","template":"","meta":{"footnotes":""},"class_list":["post-11273","page","type-page","status-publish","has-post-thumbnail","hentry"],"yoast_head":"<!-- This site is optimized with the Yoast SEO plugin v27.4 - https:\/\/yoast.com\/product\/yoast-seo-wordpress\/ -->\n<title>321chat - Chat with strangers on StrangerCam.com<\/title>\n<meta name=\"description\" content=\"Like 321chat? Come chat with more than 5.000.000 strangers on Stranger Cam for Free! Turn on your cam and find new friends &amp; maby a match!\" \/>\n<meta name=\"robots\" content=\"index, follow, max-snippet:-1, max-image-preview:large, max-video-preview:-1\" \/>\n<link rel=\"canonical\" href=\"https:\/\/strangercam.com\/da\/321chat\/\" \/>\n<meta property=\"og:locale\" content=\"da_DK\" \/>\n<meta property=\"og:type\" content=\"article\" \/>\n<meta property=\"og:title\" content=\"321chat - Chat with strangers on StrangerCam.com\" \/>\n<meta property=\"og:description\" content=\"Like 321chat? Come chat with more than 5.000.000 strangers on Stranger Cam for Free! Turn on your cam and find new friends &amp; maby a match!\" \/>\n<meta property=\"og:url\" content=\"https:\/\/strangercam.com\/da\/321chat\/\" \/>\n<meta property=\"og:site_name\" content=\"Strangercam\" \/>\n<meta property=\"article:publisher\" content=\"https:\/\/www.facebook.com\/strangercam\" \/>\n<meta property=\"article:modified_time\" content=\"2023-08-21T09:40:07+00:00\" \/>\n<meta property=\"og:image\" content=\"https:\/\/strangercam.com\/wp-content\/uploads\/2020\/11\/stranger-cam-1.png\" \/>\n\t<meta property=\"og:image:width\" content=\"800\" \/>\n\t<meta property=\"og:image:height\" content=\"800\" \/>\n\t<meta property=\"og:image:type\" content=\"image\/png\" \/>\n<meta name=\"twitter:card\" content=\"summary_large_image\" \/>\n<meta name=\"twitter:site\" content=\"@strangercamapp\" \/>\n<meta name=\"twitter:label1\" content=\"Estimeret l\u00e6setid\" \/>\n\t<meta name=\"twitter:data1\" content=\"7 minutter\" \/>\n<script type=\"application\/ld+json\" class=\"yoast-schema-graph\">{\"@context\":\"https:\\\/\\\/schema.org\",\"@graph\":[{\"@type\":\"WebPage\",\"@id\":\"https:\\\/\\\/strangercam.com\\\/321chat\\\/\",\"url\":\"https:\\\/\\\/strangercam.com\\\/321chat\\\/\",\"name\":\"321chat - Chat with strangers on StrangerCam.com\",\"isPartOf\":{\"@id\":\"https:\\\/\\\/strangercam.com\\\/#website\"},\"primaryImageOfPage\":{\"@id\":\"https:\\\/\\\/strangercam.com\\\/321chat\\\/#primaryimage\"},\"image\":{\"@id\":\"https:\\\/\\\/strangercam.com\\\/321chat\\\/#primaryimage\"},\"thumbnailUrl\":\"https:\\\/\\\/strangercam.com\\\/wp-content\\\/uploads\\\/2020\\\/11\\\/stranger-cam-1.png\",\"datePublished\":\"2022-08-11T18:04:37+00:00\",\"dateModified\":\"2023-08-21T09:40:07+00:00\",\"description\":\"Like 321chat? Come chat with more than 5.000.000 strangers on Stranger Cam for Free! Turn on your cam and find new friends & maby a match!\",\"breadcrumb\":{\"@id\":\"https:\\\/\\\/strangercam.com\\\/321chat\\\/#breadcrumb\"},\"inLanguage\":\"da-DK\",\"potentialAction\":[{\"@type\":\"ReadAction\",\"target\":[\"https:\\\/\\\/strangercam.com\\\/321chat\\\/\"]}]},{\"@type\":\"ImageObject\",\"inLanguage\":\"da-DK\",\"@id\":\"https:\\\/\\\/strangercam.com\\\/321chat\\\/#primaryimage\",\"url\":\"https:\\\/\\\/strangercam.com\\\/wp-content\\\/uploads\\\/2020\\\/11\\\/stranger-cam-1.png\",\"contentUrl\":\"https:\\\/\\\/strangercam.com\\\/wp-content\\\/uploads\\\/2020\\\/11\\\/stranger-cam-1.png\",\"width\":800,\"height\":800,\"caption\":\"stranger cam random video chat\"},{\"@type\":\"BreadcrumbList\",\"@id\":\"https:\\\/\\\/strangercam.com\\\/321chat\\\/#breadcrumb\",\"itemListElement\":[{\"@type\":\"ListItem\",\"position\":1,\"name\":\"Home\",\"item\":\"https:\\\/\\\/strangercam.com\\\/\"},{\"@type\":\"ListItem\",\"position\":2,\"name\":\"321chat\"}]},{\"@type\":\"WebSite\",\"@id\":\"https:\\\/\\\/strangercam.com\\\/#website\",\"url\":\"https:\\\/\\\/strangercam.com\\\/\",\"name\":\"Strangercam\",\"description\":\"Random Video Chat with Strangers\",\"publisher\":{\"@id\":\"https:\\\/\\\/strangercam.com\\\/#organization\"},\"alternateName\":\"Strangercam.com\",\"potentialAction\":[{\"@type\":\"SearchAction\",\"target\":{\"@type\":\"EntryPoint\",\"urlTemplate\":\"https:\\\/\\\/strangercam.com\\\/?s={search_term_string}\"},\"query-input\":{\"@type\":\"PropertyValueSpecification\",\"valueRequired\":true,\"valueName\":\"search_term_string\"}}],\"inLanguage\":\"da-DK\"},{\"@type\":\"Organization\",\"@id\":\"https:\\\/\\\/strangercam.com\\\/#organization\",\"name\":\"Strangercam\",\"alternateName\":\"Strangercam.com\",\"url\":\"https:\\\/\\\/strangercam.com\\\/\",\"logo\":{\"@type\":\"ImageObject\",\"inLanguage\":\"da-DK\",\"@id\":\"https:\\\/\\\/strangercam.com\\\/#\\\/schema\\\/logo\\\/image\\\/\",\"url\":\"https:\\\/\\\/strangercam.com\\\/wp-content\\\/uploads\\\/2020\\\/11\\\/cropped-new-favicon-black.png\",\"contentUrl\":\"https:\\\/\\\/strangercam.com\\\/wp-content\\\/uploads\\\/2020\\\/11\\\/cropped-new-favicon-black.png\",\"width\":512,\"height\":512,\"caption\":\"Strangercam\"},\"image\":{\"@id\":\"https:\\\/\\\/strangercam.com\\\/#\\\/schema\\\/logo\\\/image\\\/\"},\"sameAs\":[\"https:\\\/\\\/www.facebook.com\\\/strangercam\",\"https:\\\/\\\/x.com\\\/strangercamapp\"]}]}<\/script>\n<!-- \/ Yoast SEO plugin. -->","yoast_head_json":{"title":"321chat - Chat med fremmede p\u00e5 StrangerCam.com","description":"Kan du lide 321chat? Kom og chat med mere end 5.000.000 fremmede p\u00e5 Stranger Cam helt gratis! T\u00e6nd for dit kamera og find nye venner og m\u00e5ske et match!","robots":{"index":"index","follow":"follow","max-snippet":"max-snippet:-1","max-image-preview":"max-image-preview:large","max-video-preview":"max-video-preview:-1"},"canonical":"https:\/\/strangercam.com\/da\/321chat\/","og_locale":"da_DK","og_type":"article","og_title":"321chat - Chat with strangers on StrangerCam.com","og_description":"Like 321chat? Come chat with more than 5.000.000 strangers on Stranger Cam for Free! Turn on your cam and find new friends & maby a match!","og_url":"https:\/\/strangercam.com\/da\/321chat\/","og_site_name":"Strangercam","article_publisher":"https:\/\/www.facebook.com\/strangercam","article_modified_time":"2023-08-21T09:40:07+00:00","og_image":[{"width":800,"height":800,"url":"https:\/\/strangercam.com\/wp-content\/uploads\/2020\/11\/stranger-cam-1.png","type":"image\/png"}],"twitter_card":"summary_large_image","twitter_site":"@strangercamapp","twitter_misc":{"Estimeret l\u00e6setid":"7 minutter"},"schema":{"@context":"https:\/\/schema.org","@graph":[{"@type":"WebPage","@id":"https:\/\/strangercam.com\/321chat\/","url":"https:\/\/strangercam.com\/321chat\/","name":"321chat - Chat med fremmede p\u00e5 StrangerCam.com","isPartOf":{"@id":"https:\/\/strangercam.com\/#website"},"primaryImageOfPage":{"@id":"https:\/\/strangercam.com\/321chat\/#primaryimage"},"image":{"@id":"https:\/\/strangercam.com\/321chat\/#primaryimage"},"thumbnailUrl":"https:\/\/strangercam.com\/wp-content\/uploads\/2020\/11\/stranger-cam-1.png","datePublished":"2022-08-11T18:04:37+00:00","dateModified":"2023-08-21T09:40:07+00:00","description":"Kan du lide 321chat? Kom og chat med mere end 5.000.000 fremmede p\u00e5 Stranger Cam helt gratis! T\u00e6nd for dit kamera og find nye venner og m\u00e5ske et match!","breadcrumb":{"@id":"https:\/\/strangercam.com\/321chat\/#breadcrumb"},"inLanguage":"da-DK","potentialAction":[{"@type":"ReadAction","target":["https:\/\/strangercam.com\/321chat\/"]}]},{"@type":"ImageObject","inLanguage":"da-DK","@id":"https:\/\/strangercam.com\/321chat\/#primaryimage","url":"https:\/\/strangercam.com\/wp-content\/uploads\/2020\/11\/stranger-cam-1.png","contentUrl":"https:\/\/strangercam.com\/wp-content\/uploads\/2020\/11\/stranger-cam-1.png","width":800,"height":800,"caption":"stranger cam random video chat"},{"@type":"BreadcrumbList","@id":"https:\/\/strangercam.com\/321chat\/#breadcrumb","itemListElement":[{"@type":"ListItem","position":1,"name":"Home","item":"https:\/\/strangercam.com\/"},{"@type":"ListItem","position":2,"name":"321chat"}]},{"@type":"WebSite","@id":"https:\/\/strangercam.com\/#website","url":"https:\/\/strangercam.com\/","name":"Strangercam","description":"Tilf\u00e6ldig videochat med fremmede","publisher":{"@id":"https:\/\/strangercam.com\/#organization"},"alternateName":"Strangercam.com","potentialAction":[{"@type":"SearchAction","target":{"@type":"EntryPoint","urlTemplate":"https:\/\/strangercam.com\/?s={search_term_string}"},"query-input":{"@type":"PropertyValueSpecification","valueRequired":true,"valueName":"search_term_string"}}],"inLanguage":"da-DK"},{"@type":"Organization","@id":"https:\/\/strangercam.com\/#organization","name":"Strangercam","alternateName":"Strangercam.com","url":"https:\/\/strangercam.com\/","logo":{"@type":"ImageObject","inLanguage":"da-DK","@id":"https:\/\/strangercam.com\/#\/schema\/logo\/image\/","url":"https:\/\/strangercam.com\/wp-content\/uploads\/2020\/11\/cropped-new-favicon-black.png","contentUrl":"https:\/\/strangercam.com\/wp-content\/uploads\/2020\/11\/cropped-new-favicon-black.png","width":512,"height":512,"caption":"Strangercam"},"image":{"@id":"https:\/\/strangercam.com\/#\/schema\/logo\/image\/"},"sameAs":["https:\/\/www.facebook.com\/strangercam","https:\/\/x.com\/strangercamapp"]}]}},"_links":{"self":[{"href":"https:\/\/strangercam.com\/da\/wp-json\/wp\/v2\/pages\/11273","targetHints":{"allow":["GET"]}}],"collection":[{"href":"https:\/\/strangercam.com\/da\/wp-json\/wp\/v2\/pages"}],"about":[{"href":"https:\/\/strangercam.com\/da\/wp-json\/wp\/v2\/types\/page"}],"author":[{"embeddable":true,"href":"https:\/\/strangercam.com\/da\/wp-json\/wp\/v2\/users\/6"}],"replies":[{"embeddable":true,"href":"https:\/\/strangercam.com\/da\/wp-json\/wp\/v2\/comments?post=11273"}],"version-history":[{"count":0,"href":"https:\/\/strangercam.com\/da\/wp-json\/wp\/v2\/pages\/11273\/revisions"}],"wp:featuredmedia":[{"embeddable":true,"href":"https:\/\/strangercam.com\/da\/wp-json\/wp\/v2\/media\/559"}],"wp:attachment":[{"href":"https:\/\/strangercam.com\/da\/wp-json\/wp\/v2\/media?parent=11273"}],"curies":[{"name":"wp","href":"https:\/\/api.w.org\/{rel}","templated":true}]}}