{"id":11248,"date":"2022-08-11T19:57:16","date_gmt":"2022-08-11T17:57:16","guid":{"rendered":"https:\/\/strangercam.com\/?page_id=11248"},"modified":"2023-08-21T12:38:41","modified_gmt":"2023-08-21T10:38:41","slug":"spinchat","status":"publish","type":"page","link":"https:\/\/strangercam.com\/da\/spinchat\/","title":{"rendered":"Spinchat"},"content":{"rendered":"<p>Hvis du f\u00f8ler dig ensom eller bare har lyst til at tale med nogen, er SpinChat et godt sted at g\u00f8re det. Denne <a href=\"https:\/\/strangercam.com\/da\/chatroulette\/\">chat<\/a> giver dig mulighed for at tale med fremmede over hele verden, og du ved aldrig, hvem du kan m\u00f8de. <a href=\"https:\/\/strangercam.com\/da\/coomeet\/\">m\u00f8des<\/a>. Du f\u00e5r m\u00e5ske en ny ven eller finder endda din soulmate. S\u00e5 hvorfor ikke give det en chance?<\/p>\n<h2>Hvad er spinchat?<\/h2>\n<p>SpinChat er en <a href=\"https:\/\/strangercam.com\/da\/chathub\/\">Tilf\u00e6ldig videochat<\/a> site, der giver dig mulighed for at chatte med fremmede fra hele verden. Det er en fantastisk m\u00e5de at m\u00f8de nye mennesker p\u00e5 og f\u00e5 nye venner. Du kan ogs\u00e5 bruge SpinChat til at finde k\u00e6rligheden eller bare til at have det sjovt.<\/p>\n<h2>Hvordan bruger man spinchat?<\/h2>\n<p>Hvis du leder efter en sjov og nem m\u00e5de at m\u00f8de nye mennesker p\u00e5, skal du pr\u00f8ve spinchat! S\u00e5dan bruger du det:<\/p>\n<ul>\n<li style=\"font-weight: 400;\" aria-level=\"1\">G\u00e5 ind p\u00e5 spinchats hjemmeside, og opret en konto.<\/li>\n<li style=\"font-weight: 400;\" aria-level=\"1\">N\u00e5r du er logget ind, kan du se en liste over alle de tilg\u00e6ngelige chatrum.<\/li>\n<li style=\"font-weight: 400;\" aria-level=\"1\">V\u00e6lg det rum, der interesserer dig, og begynd at chatte!<\/li>\n<li style=\"font-weight: 400;\" aria-level=\"1\">For at g\u00f8re tingene mere interessante kan du pr\u00f8ve at bruge den anonyme tilstand, s\u00e5 din identitet er skjult.<\/li>\n<li style=\"font-weight: 400;\" aria-level=\"1\">Hav det sjovt og f\u00e5 nye venner!<\/li>\n<\/ul>\n<h2>Fordelene ved at bruge spinchat<\/h2>\n<p>Der er mange fordele ved at bruge spinchat, bl.a. muligheden for at komme i kontakt med mennesker fra hele verden. Med spinchat kan du tale med fremmede i et trygt og sikkert milj\u00f8. Det kan v\u00e6re en god m\u00e5de at f\u00e5 nye venner p\u00e5 eller endda finde en romantisk partner. Derudover er spinchat en god m\u00e5de at l\u00e6re om andre kulturer og f\u00e5 indsigt i forskellige dele af verden.<\/p>\n<h2>Farerne ved at bruge spinchat<\/h2>\n<p>Der er mange farer forbundet med at bruge spinchat, et socialt netv\u00e6rkssite, der giver brugerne mulighed for at kommunikere med fremmede. Nogle af disse farer omfatter:<\/p>\n<ul>\n<li style=\"font-weight: 400;\" aria-level=\"1\">Rovdyr: Der findes rovdyr, som bruger spinchat til at udnytte b\u00f8rn og s\u00e5rbare voksne. De kan udgive sig for at v\u00e6re nogen, de ikke er, for at vinde din tillid og derefter udnytte dig f\u00f8lelsesm\u00e6ssigt eller seksuelt.<\/li>\n<li style=\"font-weight: 400;\" aria-level=\"1\">Cybermobning: Du kan blive udsat for cybermobning p\u00e5 spinchat af nogen, der ikke kan lide dig eller er uenige med dig. Det kan v\u00e6re meget s\u00e5rende og f\u00e5 dig til at f\u00f8le dig isoleret.<\/li>\n<li style=\"font-weight: 400;\" aria-level=\"1\">Svindel og bedrageri: Der er ogs\u00e5 svindlere p\u00e5 spinchat, som vil fors\u00f8ge at narre dig til at give dem penge eller personlige oplysninger. De kan udgive sig for at v\u00e6re en anden for at vinde din tillid og derefter stj\u00e6le fra dig.<\/li>\n<li style=\"font-weight: 400;\" aria-level=\"1\">Virus og malware: Du kan ogs\u00e5 utilsigtet downloade virus eller malware til din computer, n\u00e5r du bruger spinchat. Disse kan beskadige din computer og bringe dine personlige oplysninger i fare.<\/li>\n<li style=\"font-weight: 400;\" aria-level=\"1\">Afh\u00e6ngighed: Nogle mennesker bliver afh\u00e6ngige af spinchat og bruger al deres tid p\u00e5 at chatte med fremmede i stedet for at lave mere produktive ting. Det kan f\u00f8re til problemer i det virkelige liv, s\u00e5som at miste jobmuligheder eller fors\u00f8mme venner og familiemedlemmer.<\/li>\n<\/ul>\n<h2>Fordele og ulemper ved spinchat<\/h2>\n<p>Hvis du leder efter en m\u00e5de at komme i kontakt med mennesker fra hele verden p\u00e5, spekulerer du m\u00e5ske p\u00e5, om SpinChat er den rigtige platform for dig. I dette blogindl\u00e6g ser vi p\u00e5 fordele og ulemper ved at bruge SpinChat, s\u00e5 du selv kan beslutte, om det er det rigtige for dig.<\/p>\n<p>P\u00e5 plussiden giver SpinChat en fantastisk m\u00e5de at komme i kontakt med mennesker fra alle verdenshj\u00f8rner. Du kan deltage i chatrum om en r\u00e6kke forskellige emner eller starte dit eget chatrum og invitere folk til at deltage. Du kan ogs\u00e5 sende private beskeder til andre brugere p\u00e5 platformen.<\/p>\n<p>En anden fordel ved SpinChat er, at det er en gratis platform at bruge. Du skal ikke betale noget for at tilmelde dig eller bruge funktionerne p\u00e5 siden.<\/p>\n<p>Der er dog ogs\u00e5 nogle ulemper ved at bruge SpinChat. En af ulemperne er, at siden ikke har nogen funktioner, der hj\u00e6lper dig med at unders\u00f8ge de mennesker, du taler med. Det betyder, at du kan ende med at tale med nogen, der ikke er den, de giver sig ud for at v\u00e6re, eller som har ondsindede hensigter.<\/p>\n<p>En anden potentiel ulempe er, at SpinChat ikke har nogen aktiv form for kundesupport.<\/p>\n<h2>Hvordan f\u00e5r man mest ud af spinchat?<\/h2>\n<p>Hvis du gerne vil tale med fremmede og f\u00e5 nye venner, er spinchat et godt sted at starte. Her er et par tips, der kan hj\u00e6lpe dig med at f\u00e5 mest muligt ud af din oplevelse:<\/p>\n<ul>\n<li style=\"font-weight: 400;\" aria-level=\"1\">V\u00e6r dig selv - der er ingen grund til at optr\u00e6de som en person, du ikke er. Bare v\u00e6r dig selv, og du vil opdage, at det er meget lettere at komme i kontakt med andre.<\/li>\n<li style=\"font-weight: 400;\" aria-level=\"1\">Stil sp\u00f8rgsm\u00e5l - folk elsker at tale om sig selv, s\u00e5 stil masser af sp\u00f8rgsm\u00e5l for at f\u00e5 samtalen til at flyde.<\/li>\n<li style=\"font-weight: 400;\" aria-level=\"1\">V\u00e6r respektfuld - husk, at alle, du chatter med, er en rigtig person ligesom dig, s\u00e5 behandl dem med respekt og h\u00f8flighed.<\/li>\n<li style=\"font-weight: 400;\" aria-level=\"1\">\u00a0Hav det sjovt! - Det kan v\u00e6re sjovt at chatte med nye mennesker, s\u00e5 slap af og hav det sjovt!<\/li>\n<\/ul>\n<h2>Hvad skal man diskutere med fremmede p\u00e5 videochat?<\/h2>\n<p>I dagens verden er det let at f\u00f8le sig afkoblet og alene. Med al den teknologi, vi har lige ved h\u00e5nden, er det let at g\u00e5 gennem livet uden nogensinde at komme i kontakt med nogen p\u00e5 et dybere plan. Derfor kan videochat v\u00e6re s\u00e5dan en god m\u00e5de at komme i kontakt med andre p\u00e5.<\/p>\n<p>N\u00e5r du taler med fremmede p\u00e5 <a href=\"https:\/\/strangercam.com\/da\/rabbit-video-chat\/\">videochat<\/a>er der uendelige muligheder for interessante samtaler. Uanset om du vil tale om aktuelle begivenheder, popkultur eller bare dit daglige liv, er der helt sikkert noget at tale om. Og hvem ved? M\u00e5ske f\u00e5r du en ny ven i processen.<\/p>\n<h2>Hvorfor er spinchat s\u00e5 popul\u00e6r en tilf\u00e6ldig videochatplatform?<\/h2>\n<p>Der er mange grunde til, at spinchat er s\u00e5 popul\u00e6r en tilf\u00e6ldig videochatplatform. En af grundene er, at den er gratis at bruge. En anden grund er, at den er nem at bruge og ikke kr\u00e6ver nogen registrering. Endelig giver det brugerne en fantastisk m\u00e5de at m\u00f8de nye mennesker p\u00e5 og f\u00e5 nye venner.<\/p>\n<h2>S\u00e5dan bliver du sikker p\u00e5 spinchat<\/h2>\n<p>Spinchat er en fantastisk platform til at m\u00f8de nye mennesker og f\u00e5 venner. Men det er vigtigt at v\u00e6re p\u00e5 den sikre side, n\u00e5r man taler med fremmede online. Her er et par tips til at hj\u00e6lpe dig med at v\u00e6re sikker p\u00e5 spinchat:<\/p>\n<ul>\n<li style=\"font-weight: 400;\" aria-level=\"1\">Giv ikke personlige oplysninger. Det inkluderer dit fulde navn, adresse, telefonnummer osv.<\/li>\n<li style=\"font-weight: 400;\" aria-level=\"1\">Hvis nogen f\u00e5r dig til at f\u00f8le dig utilpas, skal du blokere dem og rapportere dem til moderatorerne.<\/li>\n<li style=\"font-weight: 400;\" aria-level=\"1\">Lad v\u00e6re med at m\u00f8des med nogen, du har <a href=\"https:\/\/strangercam.com\/da\/chamet\/\">met<\/a> online personligt.<\/li>\n<li style=\"font-weight: 400;\" aria-level=\"1\">Brug den private beskedfunktion til at tale med folk, du kender og stoler p\u00e5.<\/li>\n<\/ul>\n<p>Ved at f\u00f8lge disse enkle sikkerhedstips kan du have det sjovt p\u00e5 spinchat og samtidig v\u00e6re i sikkerhed.<\/p>\n<h2>Konklusion<\/h2>\n<p>Noget af det bedste ved de sociale medier er muligheden for at komme i kontakt med ligesindede fra hele verden. Uanset om du leder efter venskab, professionel r\u00e5dgivning eller bare nogen at chatte med, er der masser af f\u00e6llesskaber derude, som passer til dine behov. Et godt eksempel er spinchat - en platform, der giver brugerne mulighed for at tale med fremmede via videochat. Hvis du nogensinde f\u00f8ler dig fortabt og ikke ved, hvor du skal henvende dig, s\u00e5 pr\u00f8v spinchat!<\/p>","protected":false},"excerpt":{"rendered":"<p>If you&#8217;re feeling lonely or just want to talk to someone, SpinChat is a great place to do it. This chat site lets you talk to strangers all over the world, and you never know who you might meet. You might make a new friend, or even find your soulmate. So why not give it [&hellip;]<\/p>\n","protected":false},"author":6,"featured_media":559,"parent":0,"menu_order":0,"comment_status":"closed","ping_status":"closed","template":"","meta":{"footnotes":""},"class_list":["post-11248","page","type-page","status-publish","has-post-thumbnail","hentry"],"yoast_head":"<!-- This site is optimized with the Yoast SEO plugin v26.9 - https:\/\/yoast.com\/product\/yoast-seo-wordpress\/ -->\n<title>Spinchat - Chat with strangers on StrangerCam.com<\/title>\n<meta name=\"description\" content=\"Like Spinchat? Come chat with more than 5.000.000 strangers on Stranger Cam for Free! Turn on your cam and find new friends &amp; maby a match!\" \/>\n<meta name=\"robots\" content=\"index, follow, max-snippet:-1, max-image-preview:large, max-video-preview:-1\" \/>\n<link rel=\"canonical\" href=\"https:\/\/strangercam.com\/da\/spinchat\/\" \/>\n<meta property=\"og:locale\" content=\"da_DK\" \/>\n<meta property=\"og:type\" content=\"article\" \/>\n<meta property=\"og:title\" content=\"Spinchat - Chat with strangers on StrangerCam.com\" \/>\n<meta property=\"og:description\" content=\"Like Spinchat? Come chat with more than 5.000.000 strangers on Stranger Cam for Free! Turn on your cam and find new friends &amp; maby a match!\" \/>\n<meta property=\"og:url\" content=\"https:\/\/strangercam.com\/da\/spinchat\/\" \/>\n<meta property=\"og:site_name\" content=\"Strangercam\" \/>\n<meta property=\"article:publisher\" content=\"https:\/\/www.facebook.com\/strangercam\" \/>\n<meta property=\"article:modified_time\" content=\"2023-08-21T10:38:41+00:00\" \/>\n<meta property=\"og:image\" content=\"https:\/\/strangercam.com\/wp-content\/uploads\/2020\/11\/stranger-cam-1.png\" \/>\n\t<meta property=\"og:image:width\" content=\"800\" \/>\n\t<meta property=\"og:image:height\" content=\"800\" \/>\n\t<meta property=\"og:image:type\" content=\"image\/png\" \/>\n<meta name=\"twitter:card\" content=\"summary_large_image\" \/>\n<meta name=\"twitter:site\" content=\"@strangercamapp\" \/>\n<meta name=\"twitter:label1\" content=\"Estimeret l\u00e6setid\" \/>\n\t<meta name=\"twitter:data1\" content=\"6 minutter\" \/>\n<script type=\"application\/ld+json\" class=\"yoast-schema-graph\">{\"@context\":\"https:\/\/schema.org\",\"@graph\":[{\"@type\":\"WebPage\",\"@id\":\"https:\/\/strangercam.com\/spinchat\/\",\"url\":\"https:\/\/strangercam.com\/spinchat\/\",\"name\":\"Spinchat - Chat with strangers on StrangerCam.com\",\"isPartOf\":{\"@id\":\"https:\/\/strangercam.com\/#website\"},\"primaryImageOfPage\":{\"@id\":\"https:\/\/strangercam.com\/spinchat\/#primaryimage\"},\"image\":{\"@id\":\"https:\/\/strangercam.com\/spinchat\/#primaryimage\"},\"thumbnailUrl\":\"https:\/\/strangercam.com\/wp-content\/uploads\/2020\/11\/stranger-cam-1.png\",\"datePublished\":\"2022-08-11T17:57:16+00:00\",\"dateModified\":\"2023-08-21T10:38:41+00:00\",\"description\":\"Like Spinchat? Come chat with more than 5.000.000 strangers on Stranger Cam for Free! Turn on your cam and find new friends & maby a match!\",\"breadcrumb\":{\"@id\":\"https:\/\/strangercam.com\/spinchat\/#breadcrumb\"},\"inLanguage\":\"da-DK\",\"potentialAction\":[{\"@type\":\"ReadAction\",\"target\":[\"https:\/\/strangercam.com\/spinchat\/\"]}]},{\"@type\":\"ImageObject\",\"inLanguage\":\"da-DK\",\"@id\":\"https:\/\/strangercam.com\/spinchat\/#primaryimage\",\"url\":\"https:\/\/strangercam.com\/wp-content\/uploads\/2020\/11\/stranger-cam-1.png\",\"contentUrl\":\"https:\/\/strangercam.com\/wp-content\/uploads\/2020\/11\/stranger-cam-1.png\",\"width\":800,\"height\":800,\"caption\":\"stranger cam random video chat\"},{\"@type\":\"BreadcrumbList\",\"@id\":\"https:\/\/strangercam.com\/spinchat\/#breadcrumb\",\"itemListElement\":[{\"@type\":\"ListItem\",\"position\":1,\"name\":\"Home\",\"item\":\"https:\/\/strangercam.com\/\"},{\"@type\":\"ListItem\",\"position\":2,\"name\":\"Spinchat\"}]},{\"@type\":\"WebSite\",\"@id\":\"https:\/\/strangercam.com\/#website\",\"url\":\"https:\/\/strangercam.com\/\",\"name\":\"Strangercam\",\"description\":\"Random Video Chat with Strangers\",\"publisher\":{\"@id\":\"https:\/\/strangercam.com\/#organization\"},\"alternateName\":\"Strangercam.com\",\"potentialAction\":[{\"@type\":\"SearchAction\",\"target\":{\"@type\":\"EntryPoint\",\"urlTemplate\":\"https:\/\/strangercam.com\/?s={search_term_string}\"},\"query-input\":{\"@type\":\"PropertyValueSpecification\",\"valueRequired\":true,\"valueName\":\"search_term_string\"}}],\"inLanguage\":\"da-DK\"},{\"@type\":\"Organization\",\"@id\":\"https:\/\/strangercam.com\/#organization\",\"name\":\"Strangercam\",\"alternateName\":\"Strangercam.com\",\"url\":\"https:\/\/strangercam.com\/\",\"logo\":{\"@type\":\"ImageObject\",\"inLanguage\":\"da-DK\",\"@id\":\"https:\/\/strangercam.com\/#\/schema\/logo\/image\/\",\"url\":\"https:\/\/strangercam.com\/wp-content\/uploads\/2020\/11\/cropped-new-favicon-black.png\",\"contentUrl\":\"https:\/\/strangercam.com\/wp-content\/uploads\/2020\/11\/cropped-new-favicon-black.png\",\"width\":512,\"height\":512,\"caption\":\"Strangercam\"},\"image\":{\"@id\":\"https:\/\/strangercam.com\/#\/schema\/logo\/image\/\"},\"sameAs\":[\"https:\/\/www.facebook.com\/strangercam\",\"https:\/\/x.com\/strangercamapp\"]}]}<\/script>\n<!-- \/ Yoast SEO plugin. -->","yoast_head_json":{"title":"Spinchat - Chat med fremmede p\u00e5 StrangerCam.com","description":"Kan du lide Spinchat? Kom og chat med mere end 5.000.000 fremmede p\u00e5 Stranger Cam helt gratis! T\u00e6nd for dit kamera og find nye venner og m\u00e5ske et match!","robots":{"index":"index","follow":"follow","max-snippet":"max-snippet:-1","max-image-preview":"max-image-preview:large","max-video-preview":"max-video-preview:-1"},"canonical":"https:\/\/strangercam.com\/da\/spinchat\/","og_locale":"da_DK","og_type":"article","og_title":"Spinchat - Chat with strangers on StrangerCam.com","og_description":"Like Spinchat? Come chat with more than 5.000.000 strangers on Stranger Cam for Free! Turn on your cam and find new friends & maby a match!","og_url":"https:\/\/strangercam.com\/da\/spinchat\/","og_site_name":"Strangercam","article_publisher":"https:\/\/www.facebook.com\/strangercam","article_modified_time":"2023-08-21T10:38:41+00:00","og_image":[{"width":800,"height":800,"url":"https:\/\/strangercam.com\/wp-content\/uploads\/2020\/11\/stranger-cam-1.png","type":"image\/png"}],"twitter_card":"summary_large_image","twitter_site":"@strangercamapp","twitter_misc":{"Estimeret l\u00e6setid":"6 minutter"},"schema":{"@context":"https:\/\/schema.org","@graph":[{"@type":"WebPage","@id":"https:\/\/strangercam.com\/spinchat\/","url":"https:\/\/strangercam.com\/spinchat\/","name":"Spinchat - Chat med fremmede p\u00e5 StrangerCam.com","isPartOf":{"@id":"https:\/\/strangercam.com\/#website"},"primaryImageOfPage":{"@id":"https:\/\/strangercam.com\/spinchat\/#primaryimage"},"image":{"@id":"https:\/\/strangercam.com\/spinchat\/#primaryimage"},"thumbnailUrl":"https:\/\/strangercam.com\/wp-content\/uploads\/2020\/11\/stranger-cam-1.png","datePublished":"2022-08-11T17:57:16+00:00","dateModified":"2023-08-21T10:38:41+00:00","description":"Kan du lide Spinchat? Kom og chat med mere end 5.000.000 fremmede p\u00e5 Stranger Cam helt gratis! T\u00e6nd for dit kamera og find nye venner og m\u00e5ske et match!","breadcrumb":{"@id":"https:\/\/strangercam.com\/spinchat\/#breadcrumb"},"inLanguage":"da-DK","potentialAction":[{"@type":"ReadAction","target":["https:\/\/strangercam.com\/spinchat\/"]}]},{"@type":"ImageObject","inLanguage":"da-DK","@id":"https:\/\/strangercam.com\/spinchat\/#primaryimage","url":"https:\/\/strangercam.com\/wp-content\/uploads\/2020\/11\/stranger-cam-1.png","contentUrl":"https:\/\/strangercam.com\/wp-content\/uploads\/2020\/11\/stranger-cam-1.png","width":800,"height":800,"caption":"stranger cam random video chat"},{"@type":"BreadcrumbList","@id":"https:\/\/strangercam.com\/spinchat\/#breadcrumb","itemListElement":[{"@type":"ListItem","position":1,"name":"Home","item":"https:\/\/strangercam.com\/"},{"@type":"ListItem","position":2,"name":"Spinchat"}]},{"@type":"WebSite","@id":"https:\/\/strangercam.com\/#website","url":"https:\/\/strangercam.com\/","name":"Strangercam","description":"Tilf\u00e6ldig videochat med fremmede","publisher":{"@id":"https:\/\/strangercam.com\/#organization"},"alternateName":"Strangercam.com","potentialAction":[{"@type":"SearchAction","target":{"@type":"EntryPoint","urlTemplate":"https:\/\/strangercam.com\/?s={search_term_string}"},"query-input":{"@type":"PropertyValueSpecification","valueRequired":true,"valueName":"search_term_string"}}],"inLanguage":"da-DK"},{"@type":"Organization","@id":"https:\/\/strangercam.com\/#organization","name":"Strangercam","alternateName":"Strangercam.com","url":"https:\/\/strangercam.com\/","logo":{"@type":"ImageObject","inLanguage":"da-DK","@id":"https:\/\/strangercam.com\/#\/schema\/logo\/image\/","url":"https:\/\/strangercam.com\/wp-content\/uploads\/2020\/11\/cropped-new-favicon-black.png","contentUrl":"https:\/\/strangercam.com\/wp-content\/uploads\/2020\/11\/cropped-new-favicon-black.png","width":512,"height":512,"caption":"Strangercam"},"image":{"@id":"https:\/\/strangercam.com\/#\/schema\/logo\/image\/"},"sameAs":["https:\/\/www.facebook.com\/strangercam","https:\/\/x.com\/strangercamapp"]}]}},"_links":{"self":[{"href":"https:\/\/strangercam.com\/da\/wp-json\/wp\/v2\/pages\/11248","targetHints":{"allow":["GET"]}}],"collection":[{"href":"https:\/\/strangercam.com\/da\/wp-json\/wp\/v2\/pages"}],"about":[{"href":"https:\/\/strangercam.com\/da\/wp-json\/wp\/v2\/types\/page"}],"author":[{"embeddable":true,"href":"https:\/\/strangercam.com\/da\/wp-json\/wp\/v2\/users\/6"}],"replies":[{"embeddable":true,"href":"https:\/\/strangercam.com\/da\/wp-json\/wp\/v2\/comments?post=11248"}],"version-history":[{"count":0,"href":"https:\/\/strangercam.com\/da\/wp-json\/wp\/v2\/pages\/11248\/revisions"}],"wp:featuredmedia":[{"embeddable":true,"href":"https:\/\/strangercam.com\/da\/wp-json\/wp\/v2\/media\/559"}],"wp:attachment":[{"href":"https:\/\/strangercam.com\/da\/wp-json\/wp\/v2\/media?parent=11248"}],"curies":[{"name":"wp","href":"https:\/\/api.w.org\/{rel}","templated":true}]}}